{"id":81029,"date":"2024-01-30T10:58:35","date_gmt":"2024-01-30T10:58:35","guid":{"rendered":"https:\/\/activeluxe-cosmetics.com\/rs\/?post_type=product&#038;p=81029"},"modified":"2026-03-04T10:29:35","modified_gmt":"2026-03-04T09:29:35","slug":"fluid-za-njegu-umjetnih-trepavica","status":"publish","type":"product","link":"https:\/\/activeluxe-cosmetics.com\/rs\/izdelek\/fluid-za-njegu-umjetnih-trepavica\/","title":{"rendered":"Fluid za negu ve\u0161ta\u010dki nadogra\u0111enih trepavica"},"content":{"rendered":"<p><img loading=\"lazy\" decoding=\"async\" class=\" wp-image-81820 alignright\" src=\"https:\/\/activeluxe-cosmetics.com\/rs\/wp-content\/uploads\/2024\/01\/Izdelek-brez-naslova-90-460x575.png\" alt=\"\" width=\"400\" height=\"500\" srcset=\"https:\/\/activeluxe-cosmetics.com\/rs\/wp-content\/uploads\/2024\/01\/Izdelek-brez-naslova-90-460x575.png 460w, https:\/\/activeluxe-cosmetics.com\/rs\/wp-content\/uploads\/2024\/01\/Izdelek-brez-naslova-90-819x1024.png 819w, https:\/\/activeluxe-cosmetics.com\/rs\/wp-content\/uploads\/2024\/01\/Izdelek-brez-naslova-90-768x960.png 768w, https:\/\/activeluxe-cosmetics.com\/rs\/wp-content\/uploads\/2024\/01\/Izdelek-brez-naslova-90-600x750.png 600w, https:\/\/activeluxe-cosmetics.com\/rs\/wp-content\/uploads\/2024\/01\/Izdelek-brez-naslova-90.png 1080w\" sizes=\"auto, (max-width: 400px) 100vw, 400px\" \/><\/p>\n<h2><span data-sheets-root=\"1\" data-sheets-value=\"{&quot;1&quot;:2,&quot;2&quot;:&quot;Ffluid za ve\u0161ta\u010dki nadogra\u0111ene trepavice koji \u0161titi i va\u0161e prirodne trepavice.&quot;}\" data-sheets-userformat=\"{&quot;2&quot;:641,&quot;3&quot;:{&quot;1&quot;:0},&quot;10&quot;:0,&quot;12&quot;:0}\"><strong>Fluid za ve\u0161ta\u010dki nadogra\u0111ene trepavice<\/strong> koji \u0161titi i va\u0161e prirodne trepavice<\/span><\/h2>\n<p><span data-sheets-root=\"1\" data-sheets-value=\"{&quot;1&quot;:2,&quot;2&quot;:&quot;Active Luxe fluid za negu ve\u0161ta\u010dki nadogra\u0111enih trepavica hrani svaku pojedina\u010dnu prirodnu trepavicu iznutra, \u010dime \u010dini prirodne trepavice neuporedivo ja\u010dima i obezbe\u0111uje bolju podlogu za nano\u0161enje i no\u0161enje ve\u0161ta\u010dkih trepavica.\\r\\n&quot;}\" data-sheets-userformat=\"{&quot;2&quot;:641,&quot;3&quot;:{&quot;1&quot;:0},&quot;10&quot;:0,&quot;12&quot;:0}\">Active Luxe fluid za <strong>negu<\/strong> <strong>ve\u0161ta\u010dki<\/strong> <strong>nadogra\u0111enih<\/strong> trepavica hrani svaku pojedina\u010dnu prirodnu trepavicu iznutra, \u010dime \u010dini prirodne trepavice neuporedivo ja\u010dima i obezbe\u0111uje bolju podlogu za nano\u0161enje i no\u0161enje ve\u0161ta\u010dkih trepavica.<br \/>\n<\/span><\/p>\n<p><span data-sheets-root=\"1\" data-sheets-value=\"{&quot;1&quot;:2,&quot;2&quot;:&quot;Fluid Active Luxe za nadogradnju trepavica sa svojom revolucionarnom formulom, koja kombinuje klini\u010dki testirane peptide, vitamine i hranljive biljne ekstrakte, hrani i ja\u010da trepavice i spre\u010dava njihov prevremeni gubitak.\\n\\n\u010cuva prirodnu trepavicu u folikulu dlake du\u017ee vreme i ja\u010da. Tako su trepavice ja\u010de i samim tim bolja podloga za nano\u0161enje i no\u0161enje nadogra\u0111enih trepavica. Metoda nadogradnje c\u0301e biti mnogo efikasnija, jer c\u0301e va\u0161e prirodne trepavice oja\u010dati i pru\u017eiti im bolju podlogu za ve\u0161ta\u010dke. Fluid tako\u0111e spre\u010dava gubitak prirodnih trepavica, pa c\u0301e nadogradnja du\u017ee trajati.&quot;}\" data-sheets-userformat=\"{&quot;2&quot;:641,&quot;3&quot;:{&quot;1&quot;:0},&quot;10&quot;:0,&quot;12&quot;:0}\">Fluid Active Luxe za nadogradnju trepavica sa svojom revolucionarnom formulom, koja kombinuje klini\u010dki testirane peptide, vitamine i hranljive biljne ekstrakte, <strong>hrani<\/strong> i <strong>ja\u010da<\/strong> <strong>trepavice<\/strong> i <strong>spre\u010dava<\/strong> <strong>njihov<\/strong> <strong>prevremeni<\/strong> gubitak.<\/span><\/p>\n<p>\u010cuva prirodnu trepavicu u <strong>folikulu<\/strong> <strong>dlake<\/strong> du\u017ee vreme i ja\u010da. Tako su trepavice ja\u010de i samim tim <strong>bolja podloga<\/strong> za nano\u0161enje i no\u0161enje nadogra\u0111enih trepavica. Metoda nadogradnje c\u0301e biti mnogo <strong>efikasnija<\/strong>, jer c\u0301e va\u0161e prirodne trepavice <strong>oja\u010dati<\/strong> i pru\u017eiti im bolju podlogu za ve\u0161ta\u010dke. Fluid tako\u0111e spre\u010dava gubitak prirodnih trepavica, pa c\u0301e nadogradnja du\u017ee trajati.<\/p>\n<ul>\n<li><span data-sheets-root=\"1\" data-sheets-value=\"{&quot;1&quot;:2,&quot;2&quot;:&quot;Hrani i ja\u010da prirodne trepavice.&quot;}\" data-sheets-userformat=\"{&quot;2&quot;:4480,&quot;10&quot;:0,&quot;11&quot;:4,&quot;15&quot;:&quot;Arial&quot;}\"><strong>Hrani<\/strong> i <strong>ja\u010da<\/strong> prirodne trepavice.<\/span><\/li>\n<li><span data-sheets-root=\"1\" data-sheets-value=\"{&quot;1&quot;:2,&quot;2&quot;:&quot;Odr\u017eava elasti\u010dnost i zdrav izgled prirodnih trepavica.&quot;}\" data-sheets-userformat=\"{&quot;2&quot;:4480,&quot;10&quot;:0,&quot;11&quot;:4,&quot;15&quot;:&quot;Arial&quot;}\">Odr\u017eava <strong>elasti\u010dnost<\/strong> i <strong>zdrav<\/strong> <strong>izgled<\/strong> prirodnih trepavica.<\/span><\/li>\n<li><span data-sheets-root=\"1\" data-sheets-value=\"{&quot;1&quot;:2,&quot;2&quot;:&quot;Osigurava nu\u017eno potrebne hranjive tvari u folikulu dlake.&quot;}\" data-sheets-userformat=\"{&quot;2&quot;:4480,&quot;10&quot;:0,&quot;11&quot;:4,&quot;15&quot;:&quot;Arial&quot;}\">Obezbe\u0111uje potrebne <strong>hranljive sastojke<\/strong> u folikulu dlake.<\/span><\/li>\n<\/ul>\n<h2 style=\"text-align: center; clear: both;\"><\/h2>\n<p>&nbsp;<\/p>\n<p><img loading=\"lazy\" decoding=\"async\" class=\" wp-image-81823 alignleft\" src=\"https:\/\/activeluxe-cosmetics.com\/rs\/wp-content\/uploads\/2024\/01\/Izdelek-brez-naslova-89-460x575.png\" alt=\"\" width=\"370\" height=\"463\" srcset=\"https:\/\/activeluxe-cosmetics.com\/rs\/wp-content\/uploads\/2024\/01\/Izdelek-brez-naslova-89-460x575.png 460w, https:\/\/activeluxe-cosmetics.com\/rs\/wp-content\/uploads\/2024\/01\/Izdelek-brez-naslova-89-819x1024.png 819w, https:\/\/activeluxe-cosmetics.com\/rs\/wp-content\/uploads\/2024\/01\/Izdelek-brez-naslova-89-768x960.png 768w, https:\/\/activeluxe-cosmetics.com\/rs\/wp-content\/uploads\/2024\/01\/Izdelek-brez-naslova-89-600x750.png 600w, https:\/\/activeluxe-cosmetics.com\/rs\/wp-content\/uploads\/2024\/01\/Izdelek-brez-naslova-89.png 1080w\" sizes=\"auto, (max-width: 370px) 100vw, 370px\" \/><\/p>\n<h2><span data-sheets-root=\"1\" data-sheets-value=\"{&quot;1&quot;:2,&quot;2&quot;:&quot;U \u010demu je razlika izme\u0111u Active Luxelash seruma i Active Luxe fluida za negu nadogra\u0111enih trepavica? \\r\\n&quot;}\" data-sheets-userformat=\"{&quot;2&quot;:641,&quot;3&quot;:{&quot;1&quot;:0},&quot;10&quot;:0,&quot;12&quot;:0}\">U \u010demu je razlika izme\u0111u <strong>seruma za rast trepavica<\/strong> i <strong>fluida za negu nadogra\u0111enih trepavica<\/strong>?<br \/>\n<\/span><\/h2>\n<p><span data-sheets-root=\"1\" data-sheets-value=\"{&quot;1&quot;:2,&quot;2&quot;:&quot;Originalni Active-Luxelash serum deluje na rast prirodnih trepavica. Omogu\u0107ava da va\u0161e prirodne trepavice narastu do \u017eeljene du\u017eine. U ovom slu\u010daju vam nije potrebna nadogradnja trepavica jer c\u0301e va\u0161e prirodne trepavice porasti do maksimalne du\u017eine.\\nDok je fluid namenjen svim \u017eenama koje imaju ura\u0111enu nadogradnju trepavica. Ne deluje na rast kao Active-Luxelash serum, ali ja\u010da folikul dlake trepavica (koja je naravno oslabljen zbog te\u017eine nadogradnje koje trepavice nose) i odr\u017eava zdravlje prirodnih trepavica.&quot;}\" data-sheets-userformat=\"{&quot;2&quot;:641,&quot;3&quot;:{&quot;1&quot;:0},&quot;10&quot;:0,&quot;12&quot;:0}\">Originalni Active-Luxelash serum deluje na <strong>rast<\/strong> <strong>prirodnih<\/strong> <strong>trepavica<\/strong>. Omogu\u0107ava da va\u0161e prirodne trepavice narastu do \u017eeljene du\u017eine. U ovom slu\u010daju vam <strong>nije potrebna nadogradnja<\/strong> trepavica jer c\u0301e va\u0161e prirodne trepavice porasti do maksimalne du\u017eine.<\/span><\/p>\n<p><span data-sheets-root=\"1\" data-sheets-value=\"{&quot;1&quot;:2,&quot;2&quot;:&quot;Originalni Active-Luxelash serum deluje na rast prirodnih trepavica. Omogu\u0107ava da va\u0161e prirodne trepavice narastu do \u017eeljene du\u017eine. U ovom slu\u010daju vam nije potrebna nadogradnja trepavica jer c\u0301e va\u0161e prirodne trepavice porasti do maksimalne du\u017eine.\\nDok je fluid namenjen svim \u017eenama koje imaju ura\u0111enu nadogradnju trepavica. Ne deluje na rast kao Active-Luxelash serum, ali ja\u010da folikul dlake trepavica (koja je naravno oslabljen zbog te\u017eine nadogradnje koje trepavice nose) i odr\u017eava zdravlje prirodnih trepavica.&quot;}\" data-sheets-userformat=\"{&quot;2&quot;:641,&quot;3&quot;:{&quot;1&quot;:0},&quot;10&quot;:0,&quot;12&quot;:0}\"><br \/>\nDok je fluid namenjen svim \u017eenama koje imaju <strong>ura\u0111enu<\/strong> <strong>nadogradnju<\/strong> <strong>trepavica<\/strong>. <\/span><\/p>\n<p><span data-sheets-root=\"1\" data-sheets-value=\"{&quot;1&quot;:2,&quot;2&quot;:&quot;Originalni Active-Luxelash serum deluje na rast prirodnih trepavica. Omogu\u0107ava da va\u0161e prirodne trepavice narastu do \u017eeljene du\u017eine. U ovom slu\u010daju vam nije potrebna nadogradnja trepavica jer c\u0301e va\u0161e prirodne trepavice porasti do maksimalne du\u017eine.\\nDok je fluid namenjen svim \u017eenama koje imaju ura\u0111enu nadogradnju trepavica. Ne deluje na rast kao Active-Luxelash serum, ali ja\u010da folikul dlake trepavica (koja je naravno oslabljen zbog te\u017eine nadogradnje koje trepavice nose) i odr\u017eava zdravlje prirodnih trepavica.&quot;}\" data-sheets-userformat=\"{&quot;2&quot;:641,&quot;3&quot;:{&quot;1&quot;:0},&quot;10&quot;:0,&quot;12&quot;:0}\">Ne deluje na rast kao Active-Luxelash serum, ali <strong>ja\u010da<\/strong> <strong>folikul dlake<\/strong> trepavica (koja je naravno oslabljen zbog te\u017eine nadogradnje koje trepavice nose) i odr\u017eava zdravlje prirodnih trepavica.<\/span><\/p>\n<h2 style=\"text-align: center; clear: both;\"><\/h2>\n<h2><span data-sheets-root=\"1\" data-sheets-value=\"{&quot;1&quot;:2,&quot;2&quot;:&quot;Vodite ra\u010duna o svojim prirodnim trepavicama, \u010dak i dok nosite nadogradnju!&quot;}\" data-sheets-userformat=\"{&quot;2&quot;:641,&quot;3&quot;:{&quot;1&quot;:0},&quot;10&quot;:0,&quot;12&quot;:0}\"><img loading=\"lazy\" decoding=\"async\" class=\" wp-image-81824 alignright\" src=\"https:\/\/activeluxe-cosmetics.com\/rs\/wp-content\/uploads\/2024\/01\/Izdelek-brez-naslova-95-460x575.png\" alt=\"\" width=\"370\" height=\"463\" srcset=\"https:\/\/activeluxe-cosmetics.com\/rs\/wp-content\/uploads\/2024\/01\/Izdelek-brez-naslova-95-460x575.png 460w, https:\/\/activeluxe-cosmetics.com\/rs\/wp-content\/uploads\/2024\/01\/Izdelek-brez-naslova-95-819x1024.png 819w, https:\/\/activeluxe-cosmetics.com\/rs\/wp-content\/uploads\/2024\/01\/Izdelek-brez-naslova-95-768x960.png 768w, https:\/\/activeluxe-cosmetics.com\/rs\/wp-content\/uploads\/2024\/01\/Izdelek-brez-naslova-95-600x750.png 600w, https:\/\/activeluxe-cosmetics.com\/rs\/wp-content\/uploads\/2024\/01\/Izdelek-brez-naslova-95.png 1080w\" sizes=\"auto, (max-width: 370px) 100vw, 370px\" \/>Vodite ra\u010duna o svojim prirodnim trepavicama, <strong>\u010dak i dok nosite nadogradnju!<\/strong><\/span><\/h2>\n<p><span data-sheets-root=\"1\" data-sheets-value=\"{&quot;1&quot;:2,&quot;2&quot;:&quot;Ako ne \u017eelite da ostanete bez trepavica dok nosite nadogradnju i imate o\u0161tec\u0301enja od lepka, onda je Active Luxe fluid jedini logi\u010dan i pravi izbor za vas. Oja\u010dac\u0301e va\u0161e prirodne trepavice, koje c\u0301e postati bolja podloga za ve\u0161ta\u010dke. I jednom, kada skinete nadogradnju, prirodne trepavice c\u0301e biti onakve kakve su bile pre nano\u0161enja.&quot;}\" data-sheets-userformat=\"{&quot;2&quot;:641,&quot;3&quot;:{&quot;1&quot;:0},&quot;10&quot;:0,&quot;12&quot;:0}\">Ako ne \u017eelite da ostanete bez trepavica dok nosite nadogradnju i imate <strong>o\u0161tec\u0301enja<\/strong> od <strong>lepka<\/strong>, onda je Active Luxe fluid jedini logi\u010dan i pravi izbor za vas.<\/span><\/p>\n<p><span data-sheets-root=\"1\" data-sheets-value=\"{&quot;1&quot;:2,&quot;2&quot;:&quot;Ako ne \u017eelite da ostanete bez trepavica dok nosite nadogradnju i imate o\u0161tec\u0301enja od lepka, onda je Active Luxe fluid jedini logi\u010dan i pravi izbor za vas. Oja\u010dac\u0301e va\u0161e prirodne trepavice, koje c\u0301e postati bolja podloga za ve\u0161ta\u010dke. I jednom, kada skinete nadogradnju, prirodne trepavice c\u0301e biti onakve kakve su bile pre nano\u0161enja.&quot;}\" data-sheets-userformat=\"{&quot;2&quot;:641,&quot;3&quot;:{&quot;1&quot;:0},&quot;10&quot;:0,&quot;12&quot;:0}\"> Oja\u010dac\u0301e va\u0161e prirodne trepavice, koje c\u0301e postati <strong>bolja podloga<\/strong> za <strong>ve\u0161ta\u010dke<\/strong>.<\/span><\/p>\n<p><span data-sheets-root=\"1\" data-sheets-value=\"{&quot;1&quot;:2,&quot;2&quot;:&quot;Ako ne \u017eelite da ostanete bez trepavica dok nosite nadogradnju i imate o\u0161tec\u0301enja od lepka, onda je Active Luxe fluid jedini logi\u010dan i pravi izbor za vas. Oja\u010dac\u0301e va\u0161e prirodne trepavice, koje c\u0301e postati bolja podloga za ve\u0161ta\u010dke. I jednom, kada skinete nadogradnju, prirodne trepavice c\u0301e biti onakve kakve su bile pre nano\u0161enja.&quot;}\" data-sheets-userformat=\"{&quot;2&quot;:641,&quot;3&quot;:{&quot;1&quot;:0},&quot;10&quot;:0,&quot;12&quot;:0}\"> I jednom, kada skinete nadogradnju, prirodne trepavice c\u0301e biti onakve kakve su bile pre nano\u0161enja.<\/span><\/p>\n<p>&nbsp;<\/p>\n<p>&nbsp;<\/p>\n<p>&nbsp;<\/p>\n<p>&nbsp;<\/p>\n<p>&nbsp;<\/p>\n<p>&nbsp;<\/p>\n<p>&nbsp;<\/p>\n<p>&nbsp;<\/p>\n<p>&nbsp;<\/p>\n<p><iframe loading=\"lazy\" title=\"Active Luxe Fluid za negu nadogra\u0111enih trepavica #beauty\" width=\"563\" height=\"1000\" src=\"https:\/\/www.youtube.com\/embed\/1lUH_YaBEL4?feature=oembed&#038;enablejsapi=1&#038;origin=https:\/\/activeluxe-cosmetics.com\" frameborder=\"0\" allow=\"accelerometer; autoplay; clipboard-write; encrypted-media; gyroscope; picture-in-picture; web-share\" referrerpolicy=\"strict-origin-when-cross-origin\" allowfullscreen><\/iframe><\/p>\n<div style=\"display: flex; align-items: center; gap: 20px; flex-wrap: wrap;\">\n<p style=\"max-width: 360px;\">\n<\/div>\n","protected":false},"excerpt":{"rendered":"<p><span data-sheets-root=\"1\" data-sheets-value=\"{&quot;1&quot;:2,&quot;2&quot;:&quot;Produ\u017eava \u017eivotni vek ve\u0161ta\u010dki nadogra\u0111enim trepavica dok ujedno neguje prirodne.&quot;}\" data-sheets-userformat=\"{&quot;2&quot;:641,&quot;3&quot;:{&quot;1&quot;:0},&quot;10&quot;:0,&quot;12&quot;:0}\">Produ\u017eava \u017eivotni vek ve\u0161ta\u010dki nadogra\u0111enim trepavica dok ujedno neguje prirodne.<\/span><\/p>\n","protected":false},"featured_media":81911,"comment_status":"open","ping_status":"closed","template":"","meta":[],"product_brand":[],"product_cat":[48,76],"product_tag":[],"class_list":{"0":"post-81029","1":"product","2":"type-product","3":"status-publish","4":"has-post-thumbnail","6":"product_cat-trepavice","7":"product_cat-serumi","9":"first","10":"instock","11":"taxable","12":"shipping-taxable","13":"purchasable","14":"product-type-simple"},"bundled_by":[],"bundle_stock_status":"instock","bundle_stock_quantity":null,"bundle_virtual":false,"bundle_layout":"","bundle_add_to_cart_form_location":"","bundle_editable_in_cart":false,"bundle_sold_individually_context":"","bundle_item_grouping":"","bundle_min_size":"","bundle_max_size":"","bundled_items":[],"acf":[],"yoast_head":"<!-- This site is optimized with the Yoast SEO plugin v26.5 - https:\/\/yoast.com\/wordpress\/plugins\/seo\/ -->\n<title>Fluid za negu ve\u0161ta\u010dki nadogra\u0111enih trepavica - Active Luxe<\/title>\n<meta name=\"description\" content=\"Produ\u017eava \u017eivotni vek ve\u0161ta\u010dki nadogra\u0111enim trepavica dok ujedno neguje prirodne. Hrani i ja\u010da prirodne trepavice. Odr\u017eava elasti\u010dnost prirodnih trepavica.\" \/>\n<meta name=\"robots\" content=\"index, follow, max-snippet:-1, max-image-preview:large, max-video-preview:-1\" \/>\n<link rel=\"canonical\" href=\"https:\/\/activeluxe-cosmetics.com\/rs\/izdelek\/fluid-za-njegu-umjetnih-trepavica\/\" \/>\n<meta property=\"og:locale\" content=\"hr_HR\" \/>\n<meta property=\"og:type\" content=\"article\" \/>\n<meta property=\"og:title\" content=\"Fluid za negu ve\u0161ta\u010dki nadogra\u0111enih trepavica - Active Luxe\" \/>\n<meta property=\"og:description\" content=\"Produ\u017eava \u017eivotni vek ve\u0161ta\u010dki nadogra\u0111enim trepavica dok ujedno neguje prirodne. Hrani i ja\u010da prirodne trepavice. Odr\u017eava elasti\u010dnost prirodnih trepavica.\" \/>\n<meta property=\"og:url\" content=\"https:\/\/activeluxe-cosmetics.com\/rs\/izdelek\/fluid-za-njegu-umjetnih-trepavica\/\" \/>\n<meta property=\"og:site_name\" content=\"Active Luxe Cosmetics\" \/>\n<meta property=\"article:modified_time\" content=\"2026-03-04T09:29:35+00:00\" \/>\n<meta property=\"og:image\" content=\"https:\/\/activeluxe-cosmetics.com\/rs\/wp-content\/uploads\/2024\/01\/ActiveLuxe-lash-extensions.jpg\" \/>\n\t<meta property=\"og:image:width\" content=\"2000\" \/>\n\t<meta property=\"og:image:height\" content=\"2000\" \/>\n\t<meta property=\"og:image:type\" content=\"image\/jpeg\" \/>\n<meta name=\"twitter:card\" content=\"summary_large_image\" \/>\n<meta name=\"twitter:label1\" content=\"Procijenjeno vrijeme \u010ditanja\" \/>\n\t<meta name=\"twitter:data1\" content=\"3 minute\" \/>\n<script type=\"application\/ld+json\" class=\"yoast-schema-graph\">{\"@context\":\"https:\/\/schema.org\",\"@graph\":[{\"@type\":\"WebPage\",\"@id\":\"https:\/\/activeluxe-cosmetics.com\/rs\/izdelek\/fluid-za-njegu-umjetnih-trepavica\/\",\"url\":\"https:\/\/activeluxe-cosmetics.com\/rs\/izdelek\/fluid-za-njegu-umjetnih-trepavica\/\",\"name\":\"Fluid za negu ve\u0161ta\u010dki nadogra\u0111enih trepavica - Active Luxe\",\"isPartOf\":{\"@id\":\"https:\/\/activeluxe-cosmetics.com\/rs\/#website\"},\"primaryImageOfPage\":{\"@id\":\"https:\/\/activeluxe-cosmetics.com\/rs\/izdelek\/fluid-za-njegu-umjetnih-trepavica\/#primaryimage\"},\"image\":{\"@id\":\"https:\/\/activeluxe-cosmetics.com\/rs\/izdelek\/fluid-za-njegu-umjetnih-trepavica\/#primaryimage\"},\"thumbnailUrl\":\"https:\/\/activeluxe-cosmetics.com\/rs\/wp-content\/uploads\/2024\/01\/ActiveLuxe-lash-extensions.jpg\",\"datePublished\":\"2024-01-30T10:58:35+00:00\",\"dateModified\":\"2026-03-04T09:29:35+00:00\",\"description\":\"Produ\u017eava \u017eivotni vek ve\u0161ta\u010dki nadogra\u0111enim trepavica dok ujedno neguje prirodne. Hrani i ja\u010da prirodne trepavice. Odr\u017eava elasti\u010dnost prirodnih trepavica.\",\"breadcrumb\":{\"@id\":\"https:\/\/activeluxe-cosmetics.com\/rs\/izdelek\/fluid-za-njegu-umjetnih-trepavica\/#breadcrumb\"},\"inLanguage\":\"hr\",\"potentialAction\":[{\"@type\":\"ReadAction\",\"target\":[\"https:\/\/activeluxe-cosmetics.com\/rs\/izdelek\/fluid-za-njegu-umjetnih-trepavica\/\"]}]},{\"@type\":\"ImageObject\",\"inLanguage\":\"hr\",\"@id\":\"https:\/\/activeluxe-cosmetics.com\/rs\/izdelek\/fluid-za-njegu-umjetnih-trepavica\/#primaryimage\",\"url\":\"https:\/\/activeluxe-cosmetics.com\/rs\/wp-content\/uploads\/2024\/01\/ActiveLuxe-lash-extensions.jpg\",\"contentUrl\":\"https:\/\/activeluxe-cosmetics.com\/rs\/wp-content\/uploads\/2024\/01\/ActiveLuxe-lash-extensions.jpg\",\"width\":2000,\"height\":2000},{\"@type\":\"BreadcrumbList\",\"@id\":\"https:\/\/activeluxe-cosmetics.com\/rs\/izdelek\/fluid-za-njegu-umjetnih-trepavica\/#breadcrumb\",\"itemListElement\":[{\"@type\":\"ListItem\",\"position\":1,\"name\":\"Naslovnica\",\"item\":\"https:\/\/activeluxe-cosmetics.com\/rs\/\"},{\"@type\":\"ListItem\",\"position\":2,\"name\":\"Trgovina\",\"item\":\"https:\/\/activeluxe-cosmetics.com\/rs\/trgovina\/\"},{\"@type\":\"ListItem\",\"position\":3,\"name\":\"Fluid za negu ve\u0161ta\u010dki nadogra\u0111enih trepavica\"}]},{\"@type\":\"WebSite\",\"@id\":\"https:\/\/activeluxe-cosmetics.com\/rs\/#website\",\"url\":\"https:\/\/activeluxe-cosmetics.com\/rs\/\",\"name\":\"Active Luxe Cosmetics\",\"description\":\"\",\"potentialAction\":[{\"@type\":\"SearchAction\",\"target\":{\"@type\":\"EntryPoint\",\"urlTemplate\":\"https:\/\/activeluxe-cosmetics.com\/rs\/?s={search_term_string}\"},\"query-input\":{\"@type\":\"PropertyValueSpecification\",\"valueRequired\":true,\"valueName\":\"search_term_string\"}}],\"inLanguage\":\"hr\"}]}<\/script>\n<!-- \/ Yoast SEO plugin. -->","yoast_head_json":{"title":"Fluid za negu ve\u0161ta\u010dki nadogra\u0111enih trepavica - Active Luxe","description":"Produ\u017eava \u017eivotni vek ve\u0161ta\u010dki nadogra\u0111enim trepavica dok ujedno neguje prirodne. Hrani i ja\u010da prirodne trepavice. Odr\u017eava elasti\u010dnost prirodnih trepavica.","robots":{"index":"index","follow":"follow","max-snippet":"max-snippet:-1","max-image-preview":"max-image-preview:large","max-video-preview":"max-video-preview:-1"},"canonical":"https:\/\/activeluxe-cosmetics.com\/rs\/izdelek\/fluid-za-njegu-umjetnih-trepavica\/","og_locale":"hr_HR","og_type":"article","og_title":"Fluid za negu ve\u0161ta\u010dki nadogra\u0111enih trepavica - Active Luxe","og_description":"Produ\u017eava \u017eivotni vek ve\u0161ta\u010dki nadogra\u0111enim trepavica dok ujedno neguje prirodne. Hrani i ja\u010da prirodne trepavice. Odr\u017eava elasti\u010dnost prirodnih trepavica.","og_url":"https:\/\/activeluxe-cosmetics.com\/rs\/izdelek\/fluid-za-njegu-umjetnih-trepavica\/","og_site_name":"Active Luxe Cosmetics","article_modified_time":"2026-03-04T09:29:35+00:00","og_image":[{"width":2000,"height":2000,"url":"https:\/\/activeluxe-cosmetics.com\/rs\/wp-content\/uploads\/2024\/01\/ActiveLuxe-lash-extensions.jpg","type":"image\/jpeg"}],"twitter_card":"summary_large_image","twitter_misc":{"Procijenjeno vrijeme \u010ditanja":"3 minute"},"schema":{"@context":"https:\/\/schema.org","@graph":[{"@type":"WebPage","@id":"https:\/\/activeluxe-cosmetics.com\/rs\/izdelek\/fluid-za-njegu-umjetnih-trepavica\/","url":"https:\/\/activeluxe-cosmetics.com\/rs\/izdelek\/fluid-za-njegu-umjetnih-trepavica\/","name":"Fluid za negu ve\u0161ta\u010dki nadogra\u0111enih trepavica - Active Luxe","isPartOf":{"@id":"https:\/\/activeluxe-cosmetics.com\/rs\/#website"},"primaryImageOfPage":{"@id":"https:\/\/activeluxe-cosmetics.com\/rs\/izdelek\/fluid-za-njegu-umjetnih-trepavica\/#primaryimage"},"image":{"@id":"https:\/\/activeluxe-cosmetics.com\/rs\/izdelek\/fluid-za-njegu-umjetnih-trepavica\/#primaryimage"},"thumbnailUrl":"https:\/\/activeluxe-cosmetics.com\/rs\/wp-content\/uploads\/2024\/01\/ActiveLuxe-lash-extensions.jpg","datePublished":"2024-01-30T10:58:35+00:00","dateModified":"2026-03-04T09:29:35+00:00","description":"Produ\u017eava \u017eivotni vek ve\u0161ta\u010dki nadogra\u0111enim trepavica dok ujedno neguje prirodne. Hrani i ja\u010da prirodne trepavice. Odr\u017eava elasti\u010dnost prirodnih trepavica.","breadcrumb":{"@id":"https:\/\/activeluxe-cosmetics.com\/rs\/izdelek\/fluid-za-njegu-umjetnih-trepavica\/#breadcrumb"},"inLanguage":"hr","potentialAction":[{"@type":"ReadAction","target":["https:\/\/activeluxe-cosmetics.com\/rs\/izdelek\/fluid-za-njegu-umjetnih-trepavica\/"]}]},{"@type":"ImageObject","inLanguage":"hr","@id":"https:\/\/activeluxe-cosmetics.com\/rs\/izdelek\/fluid-za-njegu-umjetnih-trepavica\/#primaryimage","url":"https:\/\/activeluxe-cosmetics.com\/rs\/wp-content\/uploads\/2024\/01\/ActiveLuxe-lash-extensions.jpg","contentUrl":"https:\/\/activeluxe-cosmetics.com\/rs\/wp-content\/uploads\/2024\/01\/ActiveLuxe-lash-extensions.jpg","width":2000,"height":2000},{"@type":"BreadcrumbList","@id":"https:\/\/activeluxe-cosmetics.com\/rs\/izdelek\/fluid-za-njegu-umjetnih-trepavica\/#breadcrumb","itemListElement":[{"@type":"ListItem","position":1,"name":"Naslovnica","item":"https:\/\/activeluxe-cosmetics.com\/rs\/"},{"@type":"ListItem","position":2,"name":"Trgovina","item":"https:\/\/activeluxe-cosmetics.com\/rs\/trgovina\/"},{"@type":"ListItem","position":3,"name":"Fluid za negu ve\u0161ta\u010dki nadogra\u0111enih trepavica"}]},{"@type":"WebSite","@id":"https:\/\/activeluxe-cosmetics.com\/rs\/#website","url":"https:\/\/activeluxe-cosmetics.com\/rs\/","name":"Active Luxe Cosmetics","description":"","potentialAction":[{"@type":"SearchAction","target":{"@type":"EntryPoint","urlTemplate":"https:\/\/activeluxe-cosmetics.com\/rs\/?s={search_term_string}"},"query-input":{"@type":"PropertyValueSpecification","valueRequired":true,"valueName":"search_term_string"}}],"inLanguage":"hr"}]}},"_links":{"self":[{"href":"https:\/\/activeluxe-cosmetics.com\/rs\/wp-json\/wp\/v2\/product\/81029","targetHints":{"allow":["GET"]}}],"collection":[{"href":"https:\/\/activeluxe-cosmetics.com\/rs\/wp-json\/wp\/v2\/product"}],"about":[{"href":"https:\/\/activeluxe-cosmetics.com\/rs\/wp-json\/wp\/v2\/types\/product"}],"replies":[{"embeddable":true,"href":"https:\/\/activeluxe-cosmetics.com\/rs\/wp-json\/wp\/v2\/comments?post=81029"}],"wp:featuredmedia":[{"embeddable":true,"href":"https:\/\/activeluxe-cosmetics.com\/rs\/wp-json\/wp\/v2\/media\/81911"}],"wp:attachment":[{"href":"https:\/\/activeluxe-cosmetics.com\/rs\/wp-json\/wp\/v2\/media?parent=81029"}],"wp:term":[{"taxonomy":"product_brand","embeddable":true,"href":"https:\/\/activeluxe-cosmetics.com\/rs\/wp-json\/wp\/v2\/product_brand?post=81029"},{"taxonomy":"product_cat","embeddable":true,"href":"https:\/\/activeluxe-cosmetics.com\/rs\/wp-json\/wp\/v2\/product_cat?post=81029"},{"taxonomy":"product_tag","embeddable":true,"href":"https:\/\/activeluxe-cosmetics.com\/rs\/wp-json\/wp\/v2\/product_tag?post=81029"}],"curies":[{"name":"wp","href":"https:\/\/api.w.org\/{rel}","templated":true}]}}