{"id":72444,"date":"2024-01-10T15:21:29","date_gmt":"2024-01-10T14:21:29","guid":{"rendered":"https:\/\/activeluxe-cosmetics.com\/rs\/?post_type=product&#038;p=72444"},"modified":"2026-01-12T09:22:32","modified_gmt":"2026-01-12T08:22:32","slug":"infinity-lash-maskara","status":"publish","type":"product","link":"https:\/\/activeluxe-cosmetics.com\/rs\/izdelek\/infinity-lash-maskara\/","title":{"rendered":"Infinity Lash maskara"},"content":{"rendered":"<p><img loading=\"lazy\" decoding=\"async\" class=\" wp-image-81081 alignright\" src=\"https:\/\/activeluxe-cosmetics.com\/rs\/wp-content\/uploads\/2024\/01\/Maskara-460x593.jpg\" alt=\"\" width=\"400\" height=\"516\" srcset=\"https:\/\/activeluxe-cosmetics.com\/rs\/wp-content\/uploads\/2024\/01\/Maskara-460x593.jpg 460w, https:\/\/activeluxe-cosmetics.com\/rs\/wp-content\/uploads\/2024\/01\/Maskara.jpg 572w\" sizes=\"auto, (max-width: 400px) 100vw, 400px\" \/><\/p>\n<h2><span data-sheets-root=\"1\" data-sheets-value=\"{&quot;1&quot;:2,&quot;2&quot;:&quot;Tvoje o\u010di zaslu\u017euju beskona\u010dno dobru maskaru&quot;}\" data-sheets-userformat=\"{&quot;2&quot;:21377,&quot;3&quot;:{&quot;1&quot;:0},&quot;10&quot;:2,&quot;11&quot;:4,&quot;12&quot;:0,&quot;15&quot;:&quot;Arial&quot;,&quot;17&quot;:1}\">Tvoje o\u010di zaslu\u017euju <strong>beskona\u010dno<\/strong> <strong>dobru<\/strong> maskaru<\/span><\/h2>\n<p>Najnovija maskara <strong>Active Luxe Infinity Lash<\/strong> donosi pravo osve\u017eenje na na\u0161e online police \u2013 kako svojim<strong> izgledom<\/strong>, tako i <strong>formulom<\/strong>!<\/p>\n<p><strong>Jedinstvena hranljiva formula<\/strong> ne samo da \u0107e dramati\u010dno ista\u0107i tvoje trepavice, ve\u0107 \u0107e ih i <strong>dubinski negovati<\/strong>.<\/p>\n<p>Maskara je bogata <strong>peptidima<\/strong> i <strong>aminokiselinama<\/strong> koje omogu\u0107avaju savr\u0161enu negu trepavica.<\/p>\n<p>Infinity Lash maskara ostaje na tvojim trepavicama \u010ditav dan, <strong>bez lepljenja i preslikavanja<\/strong> na ko\u017eu oko o\u010diju. Izuzetno <strong>meka<\/strong> i <strong>kremasta tekstura<\/strong> ne\u0107e se zgrudvati na tvojim trepavicama \u010dak ni nakon 24 sata!<\/p>\n<ul>\n<li>Dramati\u010dan volumen i du\u017eina<\/li>\n<li>Postojana formula koja traje 24 sata<\/li>\n<li>Kremasta tekstura spre\u010dava nastanak grudvica, isu\u0161ivanje, kao i preslikavanje maskare na kapak.<\/li>\n<li>Inovativna tekstura i savr\u0161ena \u010detkica su sve \u0161to ti treba za sve\u017e, odmoran i otvoren pogled.<\/li>\n<\/ul>\n<h2 style=\"text-align: center; clear: both;\"><\/h2>\n<h2><span data-sheets-root=\"1\" data-sheets-value=\"{&quot;1&quot;:2,&quot;2&quot;:&quot;Fina struktura na tvojim trepavicama koja ih produ\u017euje i otvara&quot;}\" data-sheets-userformat=\"{&quot;2&quot;:20864,&quot;10&quot;:2,&quot;11&quot;:4,&quot;15&quot;:&quot;Arial&quot;,&quot;17&quot;:1}\"><img loading=\"lazy\" decoding=\"async\" class=\"wp-image-83652 alignleft\" src=\"https:\/\/activeluxe-cosmetics.com\/rs\/wp-content\/uploads\/2024\/01\/infinity_lash_1-819x1024-1-460x575.png\" alt=\"\" width=\"400\" height=\"501\" srcset=\"https:\/\/activeluxe-cosmetics.com\/rs\/wp-content\/uploads\/2024\/01\/infinity_lash_1-819x1024-1-460x575.png 460w, https:\/\/activeluxe-cosmetics.com\/rs\/wp-content\/uploads\/2024\/01\/infinity_lash_1-819x1024-1-768x960.png 768w, https:\/\/activeluxe-cosmetics.com\/rs\/wp-content\/uploads\/2024\/01\/infinity_lash_1-819x1024-1-600x750.png 600w, https:\/\/activeluxe-cosmetics.com\/rs\/wp-content\/uploads\/2024\/01\/infinity_lash_1-819x1024-1.png 819w\" sizes=\"auto, (max-width: 400px) 100vw, 400px\" \/><\/span><\/h2>\n<h2><span data-sheets-root=\"1\" data-sheets-value=\"{&quot;1&quot;:2,&quot;2&quot;:&quot;Fina struktura na tvojim trepavicama koja ih produ\u017euje i otvara&quot;}\" data-sheets-userformat=\"{&quot;2&quot;:20864,&quot;10&quot;:2,&quot;11&quot;:4,&quot;15&quot;:&quot;Arial&quot;,&quot;17&quot;:1}\">Jesi li spremna za <strong>potpunu transformaciju svojih trepavica<\/strong>?<br \/>\n<\/span><\/h2>\n<p><strong>Meko\u0107a<\/strong>, <strong>fleksibilnost<\/strong> i <strong>lako\u0107a na o\u010dima<\/strong> \u2013\u00a0 je ono \u0161to smo \u017eeleli da ti omogu\u0107imo prilikom kreiranja ove jedinstvene formule. I uspeli smo! Stvorili smo <strong>izuzetno laganu formulu<\/strong> \u2013 \u010dak ni nekoliko slojeva maskare ne\u0107e ote\u017eati tvoje trepavice. Ultra kremasta formula izdr\u017ea\u0107e sve aktivnosti, emocije i izazove.<\/p>\n<ul>\n<li>Istaknut volumen i du\u017eina trepavica<\/li>\n<li>Neverovatno meke i fleksibilne trepavice koje se ne lepe<\/li>\n<li>Dugotrajna formula koja traje 24 sata<\/li>\n<li>Kremasta tekstura koja odr\u017eava trepavice elasti\u010dnim i ne stvara grudvice<\/li>\n<li>\u010cetkica u obliku pe\u0161\u010danog sata koja dodatno isti\u010de pogled<\/li>\n<li>Formula koja se ne preslikava na kapak i podru\u010dje ispod oka<\/li>\n<li>\u010cetkica u obliku pe\u0161\u010danog sata dopire \u010dak i do trepavica u spolja\u0161njem i unutra\u0161njem uglu oka, koje su obi\u010dno te\u017ee dostupne \u010dime ih uvija i dodatno isti\u010de pogled.<\/li>\n<li>\u010cetkica zahvata sve trepavice, \u010dak i najkra\u0107e, i omogu\u0107ava im dodatan volumen.<\/li>\n<\/ul>\n<h2 style=\"text-align: center; clear: both;\"><\/h2>\n<h2><strong><img loading=\"lazy\" decoding=\"async\" class=\" wp-image-83653 alignright\" src=\"https:\/\/activeluxe-cosmetics.com\/rs\/wp-content\/uploads\/2024\/01\/infinty_lash_2-819x1024-1-460x575.png\" alt=\"\" width=\"380\" height=\"475\" srcset=\"https:\/\/activeluxe-cosmetics.com\/rs\/wp-content\/uploads\/2024\/01\/infinty_lash_2-819x1024-1-460x575.png 460w, https:\/\/activeluxe-cosmetics.com\/rs\/wp-content\/uploads\/2024\/01\/infinty_lash_2-819x1024-1-768x960.png 768w, https:\/\/activeluxe-cosmetics.com\/rs\/wp-content\/uploads\/2024\/01\/infinty_lash_2-819x1024-1-600x750.png 600w, https:\/\/activeluxe-cosmetics.com\/rs\/wp-content\/uploads\/2024\/01\/infinty_lash_2-819x1024-1.png 819w\" sizes=\"auto, (max-width: 380px) 100vw, 380px\" \/>3 u 1<\/strong>: <strong>uvijenost<\/strong>, izuzetan <strong>volumen<\/strong> i beskrajna <strong>du\u017eina trepavica<\/strong><\/h2>\n<p>Infinity Lash osta\u0107e <strong>na tvojim trepavicama ceo dan<\/strong>, bez grudica, preslikavanja ili rasipanja na ko\u017ei oko o\u010diju. Maskara s <strong>kremastom teksturom<\/strong>\u00a0koja se ne\u0107e stvrdnuti na trepavicama \u010dak ni nakon 24 sata!<\/p>\n<ul>\n<li>Izuzetan volumen i du\u017eina<\/li>\n<li>Dugotrajna formula koja traje 24h<\/li>\n<li>Kremasta tekstura spre\u010dava da se maskara osu\u0161i i ostavi ta\u010dkice i mrlje<\/li>\n<\/ul>\n<p>Active Luxe Infinity Lash maskara je <strong>pravo osve\u017eenje u svetu kozmetike<\/strong> \u2013 inovativna tekstura i savr\u0161ena \u010detkica su sve \u0161to ti treba za izgled sve\u017eih, odmornih i istaknutih o\u010diju.<\/p>\n<div style=\"display: flex; align-items: center; gap: 20px; flex-wrap: wrap;\">\n<p style=\"max-width: 360px;\">\n<\/div>\n","protected":false},"excerpt":{"rendered":"<p><span data-sheets-root=\"1\" data-sheets-value=\"{&quot;1&quot;:2,&quot;2&quot;:&quot;Prva maskara u obliku znaka beskona\u010dnosti. Za beskona\u010dno duge trepavice.&quot;}\" data-sheets-userformat=\"{&quot;2&quot;:4993,&quot;3&quot;:{&quot;1&quot;:0},&quot;10&quot;:2,&quot;11&quot;:4,&quot;12&quot;:0,&quot;15&quot;:&quot;Arial&quot;}\">Prva maskara u obliku znaka beskona\u010dnosti. Za beskona\u010dno duge trepavice.<\/span><\/p>\n","protected":false},"featured_media":80600,"comment_status":"open","ping_status":"closed","template":"","meta":[],"product_brand":[],"product_cat":[48,77],"product_tag":[],"class_list":{"0":"post-72444","1":"product","2":"type-product","3":"status-publish","4":"has-post-thumbnail","6":"product_cat-trepavice","7":"product_cat-makeup","9":"first","10":"instock","11":"taxable","12":"shipping-taxable","13":"purchasable","14":"product-type-simple"},"bundled_by":[],"bundle_stock_status":"instock","bundle_stock_quantity":null,"bundle_virtual":false,"bundle_layout":"","bundle_add_to_cart_form_location":"","bundle_editable_in_cart":false,"bundle_sold_individually_context":"","bundle_item_grouping":"","bundle_min_size":"","bundle_max_size":"","bundled_items":[],"acf":[],"yoast_head":"<!-- This site is optimized with the Yoast SEO plugin v26.5 - https:\/\/yoast.com\/wordpress\/plugins\/seo\/ -->\n<title>Infinity maskara za duge i uvijene trepavice - Active Luxe<\/title>\n<meta name=\"description\" content=\"Maskara koja uvija svaku trepavicu i stvara otvoren i svje\u017e pogled. Posebna \u010detkica s vlaknima u\u010dinit \u0107e lash lift efekt u trenu.\" \/>\n<meta name=\"robots\" content=\"index, follow, max-snippet:-1, max-image-preview:large, max-video-preview:-1\" \/>\n<link rel=\"canonical\" href=\"https:\/\/activeluxe-cosmetics.com\/rs\/izdelek\/infinity-lash-maskara\/\" \/>\n<meta property=\"og:locale\" content=\"hr_HR\" \/>\n<meta property=\"og:type\" content=\"article\" \/>\n<meta property=\"og:title\" content=\"Infinity maskara za duge i uvijene trepavice - Active Luxe\" \/>\n<meta property=\"og:description\" content=\"Maskara koja uvija svaku trepavicu i stvara otvoren i svje\u017e pogled. Posebna \u010detkica s vlaknima u\u010dinit \u0107e lash lift efekt u trenu.\" \/>\n<meta property=\"og:url\" content=\"https:\/\/activeluxe-cosmetics.com\/rs\/izdelek\/infinity-lash-maskara\/\" \/>\n<meta property=\"og:site_name\" content=\"Active Luxe Cosmetics\" \/>\n<meta property=\"article:modified_time\" content=\"2026-01-12T08:22:32+00:00\" \/>\n<meta property=\"og:image\" content=\"https:\/\/activeluxe-cosmetics.com\/rs\/wp-content\/uploads\/2024\/01\/Infinity-Lash-maskara.jpg\" \/>\n\t<meta property=\"og:image:width\" content=\"522\" \/>\n\t<meta property=\"og:image:height\" content=\"663\" \/>\n\t<meta property=\"og:image:type\" content=\"image\/jpeg\" \/>\n<meta name=\"twitter:card\" content=\"summary_large_image\" \/>\n<meta name=\"twitter:label1\" content=\"Procijenjeno vrijeme \u010ditanja\" \/>\n\t<meta name=\"twitter:data1\" content=\"3 minute\" \/>\n<script type=\"application\/ld+json\" class=\"yoast-schema-graph\">{\"@context\":\"https:\/\/schema.org\",\"@graph\":[{\"@type\":\"WebPage\",\"@id\":\"https:\/\/activeluxe-cosmetics.com\/rs\/izdelek\/infinity-lash-maskara\/\",\"url\":\"https:\/\/activeluxe-cosmetics.com\/rs\/izdelek\/infinity-lash-maskara\/\",\"name\":\"Infinity maskara za duge i uvijene trepavice - Active Luxe\",\"isPartOf\":{\"@id\":\"https:\/\/activeluxe-cosmetics.com\/rs\/#website\"},\"primaryImageOfPage\":{\"@id\":\"https:\/\/activeluxe-cosmetics.com\/rs\/izdelek\/infinity-lash-maskara\/#primaryimage\"},\"image\":{\"@id\":\"https:\/\/activeluxe-cosmetics.com\/rs\/izdelek\/infinity-lash-maskara\/#primaryimage\"},\"thumbnailUrl\":\"https:\/\/activeluxe-cosmetics.com\/rs\/wp-content\/uploads\/2024\/01\/Infinity-Lash-maskara.jpg\",\"datePublished\":\"2024-01-10T14:21:29+00:00\",\"dateModified\":\"2026-01-12T08:22:32+00:00\",\"description\":\"Maskara koja uvija svaku trepavicu i stvara otvoren i svje\u017e pogled. Posebna \u010detkica s vlaknima u\u010dinit \u0107e lash lift efekt u trenu.\",\"breadcrumb\":{\"@id\":\"https:\/\/activeluxe-cosmetics.com\/rs\/izdelek\/infinity-lash-maskara\/#breadcrumb\"},\"inLanguage\":\"hr\",\"potentialAction\":[{\"@type\":\"ReadAction\",\"target\":[\"https:\/\/activeluxe-cosmetics.com\/rs\/izdelek\/infinity-lash-maskara\/\"]}]},{\"@type\":\"ImageObject\",\"inLanguage\":\"hr\",\"@id\":\"https:\/\/activeluxe-cosmetics.com\/rs\/izdelek\/infinity-lash-maskara\/#primaryimage\",\"url\":\"https:\/\/activeluxe-cosmetics.com\/rs\/wp-content\/uploads\/2024\/01\/Infinity-Lash-maskara.jpg\",\"contentUrl\":\"https:\/\/activeluxe-cosmetics.com\/rs\/wp-content\/uploads\/2024\/01\/Infinity-Lash-maskara.jpg\",\"width\":522,\"height\":663},{\"@type\":\"BreadcrumbList\",\"@id\":\"https:\/\/activeluxe-cosmetics.com\/rs\/izdelek\/infinity-lash-maskara\/#breadcrumb\",\"itemListElement\":[{\"@type\":\"ListItem\",\"position\":1,\"name\":\"Naslovnica\",\"item\":\"https:\/\/activeluxe-cosmetics.com\/rs\/\"},{\"@type\":\"ListItem\",\"position\":2,\"name\":\"Trgovina\",\"item\":\"https:\/\/activeluxe-cosmetics.com\/rs\/trgovina\/\"},{\"@type\":\"ListItem\",\"position\":3,\"name\":\"Infinity Lash maskara\"}]},{\"@type\":\"WebSite\",\"@id\":\"https:\/\/activeluxe-cosmetics.com\/rs\/#website\",\"url\":\"https:\/\/activeluxe-cosmetics.com\/rs\/\",\"name\":\"Active Luxe Cosmetics\",\"description\":\"\",\"potentialAction\":[{\"@type\":\"SearchAction\",\"target\":{\"@type\":\"EntryPoint\",\"urlTemplate\":\"https:\/\/activeluxe-cosmetics.com\/rs\/?s={search_term_string}\"},\"query-input\":{\"@type\":\"PropertyValueSpecification\",\"valueRequired\":true,\"valueName\":\"search_term_string\"}}],\"inLanguage\":\"hr\"}]}<\/script>\n<!-- \/ Yoast SEO plugin. -->","yoast_head_json":{"title":"Infinity maskara za duge i uvijene trepavice - Active Luxe","description":"Maskara koja uvija svaku trepavicu i stvara otvoren i svje\u017e pogled. Posebna \u010detkica s vlaknima u\u010dinit \u0107e lash lift efekt u trenu.","robots":{"index":"index","follow":"follow","max-snippet":"max-snippet:-1","max-image-preview":"max-image-preview:large","max-video-preview":"max-video-preview:-1"},"canonical":"https:\/\/activeluxe-cosmetics.com\/rs\/izdelek\/infinity-lash-maskara\/","og_locale":"hr_HR","og_type":"article","og_title":"Infinity maskara za duge i uvijene trepavice - Active Luxe","og_description":"Maskara koja uvija svaku trepavicu i stvara otvoren i svje\u017e pogled. Posebna \u010detkica s vlaknima u\u010dinit \u0107e lash lift efekt u trenu.","og_url":"https:\/\/activeluxe-cosmetics.com\/rs\/izdelek\/infinity-lash-maskara\/","og_site_name":"Active Luxe Cosmetics","article_modified_time":"2026-01-12T08:22:32+00:00","og_image":[{"width":522,"height":663,"url":"https:\/\/activeluxe-cosmetics.com\/rs\/wp-content\/uploads\/2024\/01\/Infinity-Lash-maskara.jpg","type":"image\/jpeg"}],"twitter_card":"summary_large_image","twitter_misc":{"Procijenjeno vrijeme \u010ditanja":"3 minute"},"schema":{"@context":"https:\/\/schema.org","@graph":[{"@type":"WebPage","@id":"https:\/\/activeluxe-cosmetics.com\/rs\/izdelek\/infinity-lash-maskara\/","url":"https:\/\/activeluxe-cosmetics.com\/rs\/izdelek\/infinity-lash-maskara\/","name":"Infinity maskara za duge i uvijene trepavice - Active Luxe","isPartOf":{"@id":"https:\/\/activeluxe-cosmetics.com\/rs\/#website"},"primaryImageOfPage":{"@id":"https:\/\/activeluxe-cosmetics.com\/rs\/izdelek\/infinity-lash-maskara\/#primaryimage"},"image":{"@id":"https:\/\/activeluxe-cosmetics.com\/rs\/izdelek\/infinity-lash-maskara\/#primaryimage"},"thumbnailUrl":"https:\/\/activeluxe-cosmetics.com\/rs\/wp-content\/uploads\/2024\/01\/Infinity-Lash-maskara.jpg","datePublished":"2024-01-10T14:21:29+00:00","dateModified":"2026-01-12T08:22:32+00:00","description":"Maskara koja uvija svaku trepavicu i stvara otvoren i svje\u017e pogled. Posebna \u010detkica s vlaknima u\u010dinit \u0107e lash lift efekt u trenu.","breadcrumb":{"@id":"https:\/\/activeluxe-cosmetics.com\/rs\/izdelek\/infinity-lash-maskara\/#breadcrumb"},"inLanguage":"hr","potentialAction":[{"@type":"ReadAction","target":["https:\/\/activeluxe-cosmetics.com\/rs\/izdelek\/infinity-lash-maskara\/"]}]},{"@type":"ImageObject","inLanguage":"hr","@id":"https:\/\/activeluxe-cosmetics.com\/rs\/izdelek\/infinity-lash-maskara\/#primaryimage","url":"https:\/\/activeluxe-cosmetics.com\/rs\/wp-content\/uploads\/2024\/01\/Infinity-Lash-maskara.jpg","contentUrl":"https:\/\/activeluxe-cosmetics.com\/rs\/wp-content\/uploads\/2024\/01\/Infinity-Lash-maskara.jpg","width":522,"height":663},{"@type":"BreadcrumbList","@id":"https:\/\/activeluxe-cosmetics.com\/rs\/izdelek\/infinity-lash-maskara\/#breadcrumb","itemListElement":[{"@type":"ListItem","position":1,"name":"Naslovnica","item":"https:\/\/activeluxe-cosmetics.com\/rs\/"},{"@type":"ListItem","position":2,"name":"Trgovina","item":"https:\/\/activeluxe-cosmetics.com\/rs\/trgovina\/"},{"@type":"ListItem","position":3,"name":"Infinity Lash maskara"}]},{"@type":"WebSite","@id":"https:\/\/activeluxe-cosmetics.com\/rs\/#website","url":"https:\/\/activeluxe-cosmetics.com\/rs\/","name":"Active Luxe Cosmetics","description":"","potentialAction":[{"@type":"SearchAction","target":{"@type":"EntryPoint","urlTemplate":"https:\/\/activeluxe-cosmetics.com\/rs\/?s={search_term_string}"},"query-input":{"@type":"PropertyValueSpecification","valueRequired":true,"valueName":"search_term_string"}}],"inLanguage":"hr"}]}},"_links":{"self":[{"href":"https:\/\/activeluxe-cosmetics.com\/rs\/wp-json\/wp\/v2\/product\/72444","targetHints":{"allow":["GET"]}}],"collection":[{"href":"https:\/\/activeluxe-cosmetics.com\/rs\/wp-json\/wp\/v2\/product"}],"about":[{"href":"https:\/\/activeluxe-cosmetics.com\/rs\/wp-json\/wp\/v2\/types\/product"}],"replies":[{"embeddable":true,"href":"https:\/\/activeluxe-cosmetics.com\/rs\/wp-json\/wp\/v2\/comments?post=72444"}],"wp:featuredmedia":[{"embeddable":true,"href":"https:\/\/activeluxe-cosmetics.com\/rs\/wp-json\/wp\/v2\/media\/80600"}],"wp:attachment":[{"href":"https:\/\/activeluxe-cosmetics.com\/rs\/wp-json\/wp\/v2\/media?parent=72444"}],"wp:term":[{"taxonomy":"product_brand","embeddable":true,"href":"https:\/\/activeluxe-cosmetics.com\/rs\/wp-json\/wp\/v2\/product_brand?post=72444"},{"taxonomy":"product_cat","embeddable":true,"href":"https:\/\/activeluxe-cosmetics.com\/rs\/wp-json\/wp\/v2\/product_cat?post=72444"},{"taxonomy":"product_tag","embeddable":true,"href":"https:\/\/activeluxe-cosmetics.com\/rs\/wp-json\/wp\/v2\/product_tag?post=72444"}],"curies":[{"name":"wp","href":"https:\/\/api.w.org\/{rel}","templated":true}]}}