{"id":72420,"date":"2024-01-10T15:21:18","date_gmt":"2024-01-10T14:21:18","guid":{"rendered":"https:\/\/activeluxe-cosmetics.com\/rs\/?post_type=product&#038;p=72420"},"modified":"2026-03-14T21:56:22","modified_gmt":"2026-03-14T20:56:22","slug":"cokoladna-marmelada-za-suncanje","status":"publish","type":"product","link":"https:\/\/activeluxe-cosmetics.com\/rs\/izdelek\/cokoladna-marmelada-za-suncanje\/","title":{"rendered":"\u010cokoladna marmelada za sun\u010danje"},"content":{"rendered":"<h2><img loading=\"lazy\" decoding=\"async\" class=\" wp-image-81086 alignright\" src=\"https:\/\/activeluxe-cosmetics.com\/rs\/wp-content\/uploads\/2024\/01\/Marmelada-za-suncanje-460x419.jpg\" alt=\"\" width=\"545\" height=\"496\" srcset=\"https:\/\/activeluxe-cosmetics.com\/rs\/wp-content\/uploads\/2024\/01\/Marmelada-za-suncanje-460x419.jpg 460w, https:\/\/activeluxe-cosmetics.com\/rs\/wp-content\/uploads\/2024\/01\/Marmelada-za-suncanje-768x699.jpg 768w, https:\/\/activeluxe-cosmetics.com\/rs\/wp-content\/uploads\/2024\/01\/Marmelada-za-suncanje-600x546.jpg 600w, https:\/\/activeluxe-cosmetics.com\/rs\/wp-content\/uploads\/2024\/01\/Marmelada-za-suncanje.jpg 1008w\" sizes=\"auto, (max-width: 545px) 100vw, 545px\" \/><span data-sheets-root=\"1\" data-sheets-value=\"{&quot;1&quot;:2,&quot;2&quot;:&quot;Za br\u017ee tamnjenje ko\u017ee na suncu&quot;}\" data-sheets-userformat=\"{&quot;2&quot;:15299,&quot;3&quot;:{&quot;1&quot;:0},&quot;4&quot;:{&quot;1&quot;:2,&quot;2&quot;:16777215},&quot;9&quot;:0,&quot;10&quot;:0,&quot;11&quot;:4,&quot;12&quot;:0,&quot;14&quot;:{&quot;1&quot;:2,&quot;2&quot;:0},&quot;15&quot;:&quot;Arial&quot;,&quot;16&quot;:10}\"><strong>Za br\u017ee tamnjenje<\/strong> ko\u017ee na suncu<\/span><\/h2>\n<p><span data-sheets-root=\"1\" data-sheets-value=\"{&quot;1&quot;:2,&quot;2&quot;:&quot;Sadr\u017ei maslinovo ulje i ulje \u0161argarepa \u2013 prirodne saveznike za taman ten!&quot;}\" data-sheets-userformat=\"{&quot;2&quot;:4993,&quot;3&quot;:{&quot;1&quot;:0},&quot;10&quot;:0,&quot;11&quot;:4,&quot;12&quot;:0,&quot;15&quot;:&quot;Arial&quot;}\">Sadr\u017ei <strong>maslinovo<\/strong> ulje i ulje <strong>\u0161argarepa<\/strong> \u2013 prirodne saveznike za taman ten!<\/span><\/p>\n<p><span data-sheets-root=\"1\" data-sheets-value=\"{&quot;1&quot;:2,&quot;2&quot;:&quot;\\nMarmelada za tamnu i preplanulu ko\u017eu u Active Luxe formuli sa neodoljivim mirisom \u010dokolade i predivne pomorand\u017ee.\\n&quot;}\" data-sheets-userformat=\"{&quot;2&quot;:4993,&quot;3&quot;:{&quot;1&quot;:0},&quot;10&quot;:0,&quot;11&quot;:4,&quot;12&quot;:0,&quot;15&quot;:&quot;Arial&quot;}\"><br \/>\nMarmelada za tamnu i preplanulu ko\u017eu u Active Luxe formuli sa neodoljivim mirisom \u010dokolade i predivne pomorand\u017ee.<br \/>\n<\/span><\/p>\n<ul>\n<li><span data-sheets-root=\"1\" data-sheets-value=\"{&quot;1&quot;:2,&quot;2&quot;:&quot;Tamniji ten ve\u0107 nakon jednog nano\u0161enja&quot;}\" data-sheets-userformat=\"{&quot;2&quot;:4993,&quot;3&quot;:{&quot;1&quot;:0},&quot;10&quot;:0,&quot;11&quot;:4,&quot;12&quot;:0,&quot;15&quot;:&quot;Arial&quot;}\">Tamniji ten ve\u0107 nakon <strong>jednog<\/strong> <strong>nano\u0161enja<\/strong><\/span><\/li>\n<li><span data-sheets-root=\"1\" data-sheets-value=\"{&quot;1&quot;:2,&quot;2&quot;:&quot;Jednostavno se razmazuje i brzo upija&quot;}\" data-sheets-userformat=\"{&quot;2&quot;:4993,&quot;3&quot;:{&quot;1&quot;:0},&quot;10&quot;:0,&quot;11&quot;:4,&quot;12&quot;:0,&quot;15&quot;:&quot;Arial&quot;}\">Jednostavno se <strong>razmazuje<\/strong> i <strong>brzo<\/strong> <strong>upija<\/strong><\/span><\/li>\n<li><span data-sheets-root=\"1\" data-sheets-value=\"{&quot;1&quot;:2,&quot;2&quot;:&quot;Predivan miris \u010dokolade i narand\u017ee&quot;}\" data-sheets-userformat=\"{&quot;2&quot;:4993,&quot;3&quot;:{&quot;1&quot;:0},&quot;10&quot;:0,&quot;11&quot;:4,&quot;12&quot;:0,&quot;15&quot;:&quot;Arial&quot;}\">Predivan miris <strong>\u010dokolade<\/strong> i <strong>narand\u017ee<\/strong><\/span><\/li>\n<li><span data-sheets-root=\"1\" data-sheets-value=\"{&quot;1&quot;:2,&quot;2&quot;:&quot;Zlatne \u0161ljokice za bronzani ten&quot;}\" data-sheets-userformat=\"{&quot;2&quot;:4993,&quot;3&quot;:{&quot;1&quot;:0},&quot;10&quot;:0,&quot;11&quot;:4,&quot;12&quot;:0,&quot;15&quot;:&quot;Arial&quot;}\">Zlatne \u0161ljokice za <strong>bronzani<\/strong> <strong>ten<\/strong><\/span><\/li>\n<\/ul>\n<h2 style=\"text-align: center; clear: both;\"><\/h2>\n<p>&nbsp;<\/p>\n<h2><span data-sheets-root=\"1\" data-sheets-value=\"{&quot;1&quot;:2,&quot;2&quot;:&quot;Bogata ulja za prekrasan bron\u010dani ten&quot;}\" data-sheets-userformat=\"{&quot;2&quot;:21377,&quot;3&quot;:{&quot;1&quot;:0},&quot;10&quot;:0,&quot;11&quot;:4,&quot;12&quot;:0,&quot;15&quot;:&quot;Arial&quot;,&quot;17&quot;:1}\"><img loading=\"lazy\" decoding=\"async\" class=\" wp-image-81087 alignleft\" src=\"https:\/\/activeluxe-cosmetics.com\/rs\/wp-content\/uploads\/2024\/01\/Marmelada-460x508.jpg\" alt=\"\" width=\"490\" height=\"541\" srcset=\"https:\/\/activeluxe-cosmetics.com\/rs\/wp-content\/uploads\/2024\/01\/Marmelada-460x508.jpg 460w, https:\/\/activeluxe-cosmetics.com\/rs\/wp-content\/uploads\/2024\/01\/Marmelada-768x848.jpg 768w, https:\/\/activeluxe-cosmetics.com\/rs\/wp-content\/uploads\/2024\/01\/Marmelada-600x663.jpg 600w, https:\/\/activeluxe-cosmetics.com\/rs\/wp-content\/uploads\/2024\/01\/Marmelada.jpg 864w\" sizes=\"auto, (max-width: 490px) 100vw, 490px\" \/>Prva formula za negu i tamnjenje koja <strong>potamnjuje i hrani ko\u017eu<\/strong><br \/>\n<\/span><\/h2>\n<p><span data-sheets-root=\"1\" data-sheets-value=\"{&quot;1&quot;:2,&quot;2&quot;:&quot;Vrhunska \u010dokoladna marmelada sadr\u017ei bogata ulja koja stimuli\u0161u prirodni tamni pigment u ko\u017ei: maslinovo ulje, ulje \u0161argarepe i oraha.&quot;}\" data-sheets-userformat=\"{&quot;2&quot;:4993,&quot;3&quot;:{&quot;1&quot;:0},&quot;10&quot;:0,&quot;11&quot;:4,&quot;12&quot;:0,&quot;15&quot;:&quot;Arial&quot;}\">Vrhunska \u010dokoladna marmelada sadr\u017ei bogata ulja koja <strong>stimuli\u0161u<\/strong> prirodni <strong>tamni<\/strong> <strong>pigment<\/strong> u ko\u017ei: maslinovo ulje, ulje \u0161argarepe i oraha.<\/span><\/p>\n<p><span data-sheets-root=\"1\" data-sheets-value=\"{&quot;1&quot;:2,&quot;2&quot;:&quot;Jedinstvena marmelada sa svojom laganom teksturom se lako nanosi i veoma brzo upija. Bez straha od masne i lepljive ko\u017ee!&quot;}\" data-sheets-userformat=\"{&quot;2&quot;:4993,&quot;3&quot;:{&quot;1&quot;:0},&quot;10&quot;:0,&quot;11&quot;:4,&quot;12&quot;:0,&quot;15&quot;:&quot;Arial&quot;}\">Jedinstvena marmelada sa svojom <strong>laganom<\/strong> <strong>teksturom<\/strong> se lako nanosi i veoma brzo upija. Bez straha od masne i lepljive ko\u017ee!<\/span><\/p>\n<p><span data-sheets-root=\"1\" data-sheets-value=\"{&quot;1&quot;:2,&quot;2&quot;:&quot;Hiljade zrna zlatnog praha u marmeladi dac\u0301e ko\u017ei dodatni sjaj i sve\u017einu. Ko\u017ea dobija efekat bronze vec\u0301 od prvog nano\u0161enja!&quot;}\" data-sheets-userformat=\"{&quot;2&quot;:4993,&quot;3&quot;:{&quot;1&quot;:0},&quot;10&quot;:0,&quot;11&quot;:4,&quot;12&quot;:0,&quot;15&quot;:&quot;Arial&quot;}\"><strong>Hiljade zrna<\/strong> zlatnog praha u marmeladi dac\u0301e ko\u017ei <strong>dodatni<\/strong> <strong>sjaj<\/strong> i <strong>sve\u017einu<\/strong>. Ko\u017ea dobija efekat <strong>bronze<\/strong> vec\u0301 od prvog nano\u0161enja!<\/span><\/p>\n<h2 style=\"text-align: center; clear: both;\"><\/h2>\n<h2><img loading=\"lazy\" decoding=\"async\" class=\" wp-image-81088 alignright\" src=\"https:\/\/activeluxe-cosmetics.com\/rs\/wp-content\/uploads\/2024\/01\/MARMELADA16-1-460x521.jpg\" alt=\"\" width=\"498\" height=\"564\" srcset=\"https:\/\/activeluxe-cosmetics.com\/rs\/wp-content\/uploads\/2024\/01\/MARMELADA16-1-460x521.jpg 460w, https:\/\/activeluxe-cosmetics.com\/rs\/wp-content\/uploads\/2024\/01\/MARMELADA16-1-768x869.jpg 768w, https:\/\/activeluxe-cosmetics.com\/rs\/wp-content\/uploads\/2024\/01\/MARMELADA16-1-600x679.jpg 600w, https:\/\/activeluxe-cosmetics.com\/rs\/wp-content\/uploads\/2024\/01\/MARMELADA16-1.jpg 848w\" sizes=\"auto, (max-width: 498px) 100vw, 498px\" \/><span data-sheets-root=\"1\" data-sheets-value=\"{&quot;1&quot;:2,&quot;2&quot;:&quot;Bogata ulja za bronzani ten&quot;}\" data-sheets-userformat=\"{&quot;2&quot;:4993,&quot;3&quot;:{&quot;1&quot;:0},&quot;10&quot;:0,&quot;11&quot;:4,&quot;12&quot;:0,&quot;15&quot;:&quot;Arial&quot;}\">Bogata ulja za <strong>bronzani ten<\/strong><\/span><\/h2>\n<p><span data-sheets-root=\"1\" data-sheets-value=\"{&quot;1&quot;:2,&quot;2&quot;:&quot;Vrhunska \u010dokoladna marmelada ima prirodnu mekanu teksturu, zbog \u010dega se lako razmazuje po ko\u017ei i brzo upija.&quot;}\" data-sheets-userformat=\"{&quot;2&quot;:4993,&quot;3&quot;:{&quot;1&quot;:0},&quot;10&quot;:0,&quot;11&quot;:4,&quot;12&quot;:0,&quot;15&quot;:&quot;Arial&quot;}\">Vrhunska \u010dokoladna marmelada ima prirodnu <strong>mekanu<\/strong> <strong>teksturu<\/strong>, zbog \u010dega se lako razmazuje po ko\u017ei i brzo upija.<\/span><\/p>\n<p><span data-sheets-root=\"1\" data-sheets-value=\"{&quot;1&quot;:2,&quot;2&quot;:&quot;Bogati sastojci kao \u0161to su \u0161i puter i arganovo ulje dubinski hidriraju i neguju ko\u017eu izlo\u017eenu suncu. Ko\u017ea tako postaje hidrirana i neverovatno meka na dodir, a istovremeno veoma brzo potamni.&quot;}\" data-sheets-userformat=\"{&quot;2&quot;:4993,&quot;3&quot;:{&quot;1&quot;:0},&quot;10&quot;:0,&quot;11&quot;:4,&quot;12&quot;:0,&quot;15&quot;:&quot;Arial&quot;}\">Bogati sastojci kao \u0161to su <strong>\u0161i puter<\/strong> i <strong>arganovo<\/strong> <strong>ulje<\/strong> dubinski hidriraju i neguju ko\u017eu izlo\u017eenu suncu. Ko\u017ea tako postaje hidrirana i neverovatno meka na dodir, a istovremeno veoma brzo potamni.<\/span><\/p>\n<p><span data-sheets-root=\"1\" data-sheets-value=\"{&quot;1&quot;:2,&quot;2&quot;:&quot;Sadr\u017ei i \u0161i puter i arganovo ulje, koji intenzivno neguju suvu ko\u017eu izlo\u017eenu suncu.&quot;}\" data-sheets-userformat=\"{&quot;2&quot;:4993,&quot;3&quot;:{&quot;1&quot;:0},&quot;10&quot;:0,&quot;11&quot;:4,&quot;12&quot;:0,&quot;15&quot;:&quot;Arial&quot;}\">Sadr\u017ei i \u0161i puter i arganovo ulje, koji intenzivno <strong>neguju suvu ko\u017eu izlo\u017eenu suncu.<\/strong><\/span><\/p>\n<p>&nbsp;<\/p>\n<div style=\"display: flex; align-items: center; gap: 20px; flex-wrap: wrap;\">\n<p>&nbsp;<\/p>\n<\/div>\n","protected":false},"excerpt":{"rendered":"<p>Marmelada za sun\u010danje koja potamnjuje va\u0161u ko\u017eu dok je ujedno neguje i hidrira.<\/p>\n<p>&nbsp;<\/p>\n<p>&nbsp;<\/p>\n","protected":false},"featured_media":80742,"comment_status":"open","ping_status":"closed","template":"","meta":[],"product_brand":[],"product_cat":[82],"product_tag":[],"class_list":{"0":"post-72420","1":"product","2":"type-product","3":"status-publish","4":"has-post-thumbnail","6":"product_cat-sunce","8":"first","9":"instock","10":"featured","11":"taxable","12":"shipping-taxable","13":"purchasable","14":"product-type-simple"},"bundled_by":[],"bundle_stock_status":"instock","bundle_stock_quantity":9795,"bundle_virtual":false,"bundle_layout":"","bundle_add_to_cart_form_location":"","bundle_editable_in_cart":false,"bundle_sold_individually_context":"","bundle_item_grouping":"","bundle_min_size":"","bundle_max_size":"","bundled_items":[],"acf":[],"yoast_head":"<!-- This site is optimized with the Yoast SEO plugin v26.5 - https:\/\/yoast.com\/wordpress\/plugins\/seo\/ -->\n<title>Marmelada za sun\u010danje - bronze ten ve\u0107 od prvog nano\u0161enja<\/title>\n<meta name=\"description\" content=\"Marmelada za ekstra brzo tamnjenje sadr\u017ei maslinovo ulje i ulje mrkve koji bude uspavani pigment, a karite maslac u isto vrijeme dubinski njeguje ko\u017eu!\" \/>\n<meta name=\"robots\" content=\"noindex, follow\" \/>\n<meta property=\"og:locale\" content=\"hr_HR\" \/>\n<meta property=\"og:type\" content=\"article\" \/>\n<meta property=\"og:title\" content=\"Marmelada za sun\u010danje - bronze ten ve\u0107 od prvog nano\u0161enja\" \/>\n<meta property=\"og:description\" content=\"Marmelada za ekstra brzo tamnjenje sadr\u017ei maslinovo ulje i ulje mrkve koji bude uspavani pigment, a karite maslac u isto vrijeme dubinski njeguje ko\u017eu!\" \/>\n<meta property=\"og:url\" content=\"https:\/\/activeluxe-cosmetics.com\/rs\/izdelek\/cokoladna-marmelada-za-suncanje\/\" \/>\n<meta property=\"og:site_name\" content=\"Active Luxe Cosmetics\" \/>\n<meta property=\"article:modified_time\" content=\"2026-03-14T20:56:22+00:00\" \/>\n<meta property=\"og:image\" content=\"https:\/\/activeluxe-cosmetics.com\/rs\/wp-content\/uploads\/2024\/01\/Group-390-12.jpg\" \/>\n\t<meta property=\"og:image:width\" content=\"564\" \/>\n\t<meta property=\"og:image:height\" content=\"732\" \/>\n\t<meta property=\"og:image:type\" content=\"image\/jpeg\" \/>\n<meta name=\"twitter:card\" content=\"summary_large_image\" \/>\n<meta name=\"twitter:label1\" content=\"Procijenjeno vrijeme \u010ditanja\" \/>\n\t<meta name=\"twitter:data1\" content=\"2 minute\" \/>\n<script type=\"application\/ld+json\" class=\"yoast-schema-graph\">{\"@context\":\"https:\/\/schema.org\",\"@graph\":[{\"@type\":\"WebPage\",\"@id\":\"https:\/\/activeluxe-cosmetics.com\/rs\/izdelek\/cokoladna-marmelada-za-suncanje\/\",\"url\":\"https:\/\/activeluxe-cosmetics.com\/rs\/izdelek\/cokoladna-marmelada-za-suncanje\/\",\"name\":\"Marmelada za sun\u010danje - bronze ten ve\u0107 od prvog nano\u0161enja\",\"isPartOf\":{\"@id\":\"https:\/\/activeluxe-cosmetics.com\/rs\/#website\"},\"primaryImageOfPage\":{\"@id\":\"https:\/\/activeluxe-cosmetics.com\/rs\/izdelek\/cokoladna-marmelada-za-suncanje\/#primaryimage\"},\"image\":{\"@id\":\"https:\/\/activeluxe-cosmetics.com\/rs\/izdelek\/cokoladna-marmelada-za-suncanje\/#primaryimage\"},\"thumbnailUrl\":\"https:\/\/activeluxe-cosmetics.com\/rs\/wp-content\/uploads\/2024\/01\/Group-390-12.jpg\",\"datePublished\":\"2024-01-10T14:21:18+00:00\",\"dateModified\":\"2026-03-14T20:56:22+00:00\",\"description\":\"Marmelada za ekstra brzo tamnjenje sadr\u017ei maslinovo ulje i ulje mrkve koji bude uspavani pigment, a karite maslac u isto vrijeme dubinski njeguje ko\u017eu!\",\"breadcrumb\":{\"@id\":\"https:\/\/activeluxe-cosmetics.com\/rs\/izdelek\/cokoladna-marmelada-za-suncanje\/#breadcrumb\"},\"inLanguage\":\"hr\",\"potentialAction\":[{\"@type\":\"ReadAction\",\"target\":[\"https:\/\/activeluxe-cosmetics.com\/rs\/izdelek\/cokoladna-marmelada-za-suncanje\/\"]}]},{\"@type\":\"ImageObject\",\"inLanguage\":\"hr\",\"@id\":\"https:\/\/activeluxe-cosmetics.com\/rs\/izdelek\/cokoladna-marmelada-za-suncanje\/#primaryimage\",\"url\":\"https:\/\/activeluxe-cosmetics.com\/rs\/wp-content\/uploads\/2024\/01\/Group-390-12.jpg\",\"contentUrl\":\"https:\/\/activeluxe-cosmetics.com\/rs\/wp-content\/uploads\/2024\/01\/Group-390-12.jpg\",\"width\":564,\"height\":732},{\"@type\":\"BreadcrumbList\",\"@id\":\"https:\/\/activeluxe-cosmetics.com\/rs\/izdelek\/cokoladna-marmelada-za-suncanje\/#breadcrumb\",\"itemListElement\":[{\"@type\":\"ListItem\",\"position\":1,\"name\":\"Naslovnica\",\"item\":\"https:\/\/activeluxe-cosmetics.com\/rs\/\"},{\"@type\":\"ListItem\",\"position\":2,\"name\":\"Trgovina\",\"item\":\"https:\/\/activeluxe-cosmetics.com\/rs\/trgovina\/\"},{\"@type\":\"ListItem\",\"position\":3,\"name\":\"\u010cokoladna marmelada za sun\u010danje\"}]},{\"@type\":\"WebSite\",\"@id\":\"https:\/\/activeluxe-cosmetics.com\/rs\/#website\",\"url\":\"https:\/\/activeluxe-cosmetics.com\/rs\/\",\"name\":\"Active Luxe Cosmetics\",\"description\":\"\",\"potentialAction\":[{\"@type\":\"SearchAction\",\"target\":{\"@type\":\"EntryPoint\",\"urlTemplate\":\"https:\/\/activeluxe-cosmetics.com\/rs\/?s={search_term_string}\"},\"query-input\":{\"@type\":\"PropertyValueSpecification\",\"valueRequired\":true,\"valueName\":\"search_term_string\"}}],\"inLanguage\":\"hr\"}]}<\/script>\n<!-- \/ Yoast SEO plugin. -->","yoast_head_json":{"title":"Marmelada za sun\u010danje - bronze ten ve\u0107 od prvog nano\u0161enja","description":"Marmelada za ekstra brzo tamnjenje sadr\u017ei maslinovo ulje i ulje mrkve koji bude uspavani pigment, a karite maslac u isto vrijeme dubinski njeguje ko\u017eu!","robots":{"index":"noindex","follow":"follow"},"og_locale":"hr_HR","og_type":"article","og_title":"Marmelada za sun\u010danje - bronze ten ve\u0107 od prvog nano\u0161enja","og_description":"Marmelada za ekstra brzo tamnjenje sadr\u017ei maslinovo ulje i ulje mrkve koji bude uspavani pigment, a karite maslac u isto vrijeme dubinski njeguje ko\u017eu!","og_url":"https:\/\/activeluxe-cosmetics.com\/rs\/izdelek\/cokoladna-marmelada-za-suncanje\/","og_site_name":"Active Luxe Cosmetics","article_modified_time":"2026-03-14T20:56:22+00:00","og_image":[{"width":564,"height":732,"url":"https:\/\/activeluxe-cosmetics.com\/rs\/wp-content\/uploads\/2024\/01\/Group-390-12.jpg","type":"image\/jpeg"}],"twitter_card":"summary_large_image","twitter_misc":{"Procijenjeno vrijeme \u010ditanja":"2 minute"},"schema":{"@context":"https:\/\/schema.org","@graph":[{"@type":"WebPage","@id":"https:\/\/activeluxe-cosmetics.com\/rs\/izdelek\/cokoladna-marmelada-za-suncanje\/","url":"https:\/\/activeluxe-cosmetics.com\/rs\/izdelek\/cokoladna-marmelada-za-suncanje\/","name":"Marmelada za sun\u010danje - bronze ten ve\u0107 od prvog nano\u0161enja","isPartOf":{"@id":"https:\/\/activeluxe-cosmetics.com\/rs\/#website"},"primaryImageOfPage":{"@id":"https:\/\/activeluxe-cosmetics.com\/rs\/izdelek\/cokoladna-marmelada-za-suncanje\/#primaryimage"},"image":{"@id":"https:\/\/activeluxe-cosmetics.com\/rs\/izdelek\/cokoladna-marmelada-za-suncanje\/#primaryimage"},"thumbnailUrl":"https:\/\/activeluxe-cosmetics.com\/rs\/wp-content\/uploads\/2024\/01\/Group-390-12.jpg","datePublished":"2024-01-10T14:21:18+00:00","dateModified":"2026-03-14T20:56:22+00:00","description":"Marmelada za ekstra brzo tamnjenje sadr\u017ei maslinovo ulje i ulje mrkve koji bude uspavani pigment, a karite maslac u isto vrijeme dubinski njeguje ko\u017eu!","breadcrumb":{"@id":"https:\/\/activeluxe-cosmetics.com\/rs\/izdelek\/cokoladna-marmelada-za-suncanje\/#breadcrumb"},"inLanguage":"hr","potentialAction":[{"@type":"ReadAction","target":["https:\/\/activeluxe-cosmetics.com\/rs\/izdelek\/cokoladna-marmelada-za-suncanje\/"]}]},{"@type":"ImageObject","inLanguage":"hr","@id":"https:\/\/activeluxe-cosmetics.com\/rs\/izdelek\/cokoladna-marmelada-za-suncanje\/#primaryimage","url":"https:\/\/activeluxe-cosmetics.com\/rs\/wp-content\/uploads\/2024\/01\/Group-390-12.jpg","contentUrl":"https:\/\/activeluxe-cosmetics.com\/rs\/wp-content\/uploads\/2024\/01\/Group-390-12.jpg","width":564,"height":732},{"@type":"BreadcrumbList","@id":"https:\/\/activeluxe-cosmetics.com\/rs\/izdelek\/cokoladna-marmelada-za-suncanje\/#breadcrumb","itemListElement":[{"@type":"ListItem","position":1,"name":"Naslovnica","item":"https:\/\/activeluxe-cosmetics.com\/rs\/"},{"@type":"ListItem","position":2,"name":"Trgovina","item":"https:\/\/activeluxe-cosmetics.com\/rs\/trgovina\/"},{"@type":"ListItem","position":3,"name":"\u010cokoladna marmelada za sun\u010danje"}]},{"@type":"WebSite","@id":"https:\/\/activeluxe-cosmetics.com\/rs\/#website","url":"https:\/\/activeluxe-cosmetics.com\/rs\/","name":"Active Luxe Cosmetics","description":"","potentialAction":[{"@type":"SearchAction","target":{"@type":"EntryPoint","urlTemplate":"https:\/\/activeluxe-cosmetics.com\/rs\/?s={search_term_string}"},"query-input":{"@type":"PropertyValueSpecification","valueRequired":true,"valueName":"search_term_string"}}],"inLanguage":"hr"}]}},"_links":{"self":[{"href":"https:\/\/activeluxe-cosmetics.com\/rs\/wp-json\/wp\/v2\/product\/72420","targetHints":{"allow":["GET"]}}],"collection":[{"href":"https:\/\/activeluxe-cosmetics.com\/rs\/wp-json\/wp\/v2\/product"}],"about":[{"href":"https:\/\/activeluxe-cosmetics.com\/rs\/wp-json\/wp\/v2\/types\/product"}],"replies":[{"embeddable":true,"href":"https:\/\/activeluxe-cosmetics.com\/rs\/wp-json\/wp\/v2\/comments?post=72420"}],"wp:featuredmedia":[{"embeddable":true,"href":"https:\/\/activeluxe-cosmetics.com\/rs\/wp-json\/wp\/v2\/media\/80742"}],"wp:attachment":[{"href":"https:\/\/activeluxe-cosmetics.com\/rs\/wp-json\/wp\/v2\/media?parent=72420"}],"wp:term":[{"taxonomy":"product_brand","embeddable":true,"href":"https:\/\/activeluxe-cosmetics.com\/rs\/wp-json\/wp\/v2\/product_brand?post=72420"},{"taxonomy":"product_cat","embeddable":true,"href":"https:\/\/activeluxe-cosmetics.com\/rs\/wp-json\/wp\/v2\/product_cat?post=72420"},{"taxonomy":"product_tag","embeddable":true,"href":"https:\/\/activeluxe-cosmetics.com\/rs\/wp-json\/wp\/v2\/product_tag?post=72420"}],"curies":[{"name":"wp","href":"https:\/\/api.w.org\/{rel}","templated":true}]}}