{"id":72182,"date":"2024-01-10T15:17:54","date_gmt":"2024-01-10T14:17:54","guid":{"rendered":"https:\/\/activeluxe-cosmetics.com\/rs\/?post_type=product&#038;p=72182"},"modified":"2026-03-31T09:27:35","modified_gmt":"2026-03-31T07:27:35","slug":"serum-za-rast-trepavica","status":"publish","type":"product","link":"https:\/\/activeluxe-cosmetics.com\/rs\/izdelek\/serum-za-rast-trepavica\/","title":{"rendered":"Serum za rast trepavica"},"content":{"rendered":"<p><img loading=\"lazy\" decoding=\"async\" class=\" wp-image-83647 alignright\" src=\"https:\/\/activeluxe-cosmetics.com\/rs\/wp-content\/uploads\/2024\/01\/Izdelek-brez-naslova-40-819x1024-1-460x575.png\" alt=\"\" width=\"350\" height=\"438\" srcset=\"https:\/\/activeluxe-cosmetics.com\/rs\/wp-content\/uploads\/2024\/01\/Izdelek-brez-naslova-40-819x1024-1-460x575.png 460w, https:\/\/activeluxe-cosmetics.com\/rs\/wp-content\/uploads\/2024\/01\/Izdelek-brez-naslova-40-819x1024-1-768x960.png 768w, https:\/\/activeluxe-cosmetics.com\/rs\/wp-content\/uploads\/2024\/01\/Izdelek-brez-naslova-40-819x1024-1-600x750.png 600w, https:\/\/activeluxe-cosmetics.com\/rs\/wp-content\/uploads\/2024\/01\/Izdelek-brez-naslova-40-819x1024-1.png 819w\" sizes=\"auto, (max-width: 350px) 100vw, 350px\" \/><\/p>\n<h2><span data-sheets-root=\"1\" data-sheets-value=\"{&quot;1&quot;:2,&quot;2&quot;:&quot;Serum za prirodne trepavice dokle god pogled se\u017ee&quot;}\" data-sheets-userformat=\"{&quot;2&quot;:897,&quot;3&quot;:{&quot;1&quot;:0},&quot;10&quot;:0,&quot;11&quot;:4,&quot;12&quot;:0}\">Serum za prirodne trepavice <strong>dokle god pogled se\u017ee<\/strong><\/span><\/h2>\n<p><span data-sheets-root=\"1\" data-sheets-value=\"{&quot;1&quot;:2,&quot;2&quot;:&quot;Iza Active Luxe Lash seruma stoje prave \u017eene, ba\u0161 kao i vi - zato ova jedinstvena formula za pobolj\u0161anje prirodnih trepavica sadr\u017ei samo pa\u017eljivo odabrane, testirane, bezbedne i efikasne sastojke.\\r\\n&quot;}\" data-sheets-userformat=\"{&quot;2&quot;:897,&quot;3&quot;:{&quot;1&quot;:0},&quot;10&quot;:0,&quot;11&quot;:4,&quot;12&quot;:0}\">Iza <strong>Active Luxe Lash seruma<\/strong> stoje prave \u017eene, ba\u0161 kao i vi &#8211; zato ova <strong>jedinstvena formula<\/strong> za <strong>pobolj\u0161anje prirodnih trepavica<\/strong> sadr\u017ei samo <strong>pa\u017eljivo odabrane<\/strong>, <strong>testirane<\/strong>, <strong>bezbedne<\/strong> i <strong>efikasne sastojke<\/strong>.<br \/>\n<\/span><\/p>\n<p>Vi\u0161e od <strong>400.000 zadovoljnih korisnica<\/strong> potvr\u0111uje zapanjuju\u0107e rezultate <strong>ve\u0107 nakon 2 nedelje<\/strong> upotrebe seruma. Trepavice postaju du\u017ee, gu\u0161\u0107e, tamnije i uvijenije. Tvoj pogled \u0107e postati jo\u0161 prodorniji i zavodljiviji.<\/p>\n<ul>\n<li><strong>do 50 % du\u017ee<\/strong> za samo dve nedelje<\/li>\n<li><strong>do 100 % du\u017ee<\/strong> i gu\u0161\u0107e trepavice nakon zavr\u0161enog tretmana<\/li>\n<li><strong>do 100% tamnije<\/strong> i jo\u0161 efektnije trepavice<\/li>\n<li><strong>do 73 % uvijenije<\/strong> trepavice<\/li>\n<\/ul>\n<p>&nbsp;<\/p>\n<p><a href=\"https:\/\/activeluxe-cosmetics.com\/rs\/wp-content\/uploads\/2025\/06\/merac_za_trepavice_active_luxe.pdf\"><strong data-start=\"46\" data-end=\"82\">Preuzmi svoj mera\u010d za trepavice!<\/strong><\/a><br data-start=\"82\" data-end=\"85\" \/>Uz njega lako mo\u017ee\u0161 pratiti du\u017einu svojih trepavica pre i posle kori\u0161\u0107enja seruma. Od\u0161tampaj ga, prisloni uz oko i zabele\u017ei napredak \u2013 jer svaki milimetar se ra\u010duna!<\/p>\n<h2 style=\"text-align: center; clear: both;\"><\/h2>\n<h3><img loading=\"lazy\" decoding=\"async\" class=\" wp-image-83648 alignleft\" src=\"https:\/\/activeluxe-cosmetics.com\/rs\/wp-content\/uploads\/2024\/01\/Izdelek-brez-naslova-37-819x1024-1-460x575.png\" alt=\"\" width=\"350\" height=\"438\" srcset=\"https:\/\/activeluxe-cosmetics.com\/rs\/wp-content\/uploads\/2024\/01\/Izdelek-brez-naslova-37-819x1024-1-460x575.png 460w, https:\/\/activeluxe-cosmetics.com\/rs\/wp-content\/uploads\/2024\/01\/Izdelek-brez-naslova-37-819x1024-1-768x960.png 768w, https:\/\/activeluxe-cosmetics.com\/rs\/wp-content\/uploads\/2024\/01\/Izdelek-brez-naslova-37-819x1024-1-600x750.png 600w, https:\/\/activeluxe-cosmetics.com\/rs\/wp-content\/uploads\/2024\/01\/Izdelek-brez-naslova-37-819x1024-1.png 819w\" sizes=\"auto, (max-width: 350px) 100vw, 350px\" \/><\/h3>\n<h2>Za\u0161to je Active Luxe Lash serum<strong> za rast trepavica tako efikasan<\/strong>?<\/h2>\n<p><span data-sheets-root=\"1\" data-sheets-value=\"{&quot;1&quot;:2,&quot;2&quot;:&quot;U na\u0161oj laboratoriji stru\u010dnjaci iz oblasti hemije i farmacije dobili su jedinstvenu formulu sa aktivnim sastojkom koji intenzivno deluje direktno na koren folikula trepavice \u010dak iu fazi mirovanja.\\r\\nVec\u0301 u roku od 2 nedelje od po\u010detka upotrebe, serum stimuli\u0161e vidljiv rast i najtanjih retkih trepavica, spre\u010dava njihov gubitak, a prirodne trepavice postaju du\u017ee, gu\u0161c\u0301e i tamnije.&quot;}\" data-sheets-userformat=\"{&quot;2&quot;:897,&quot;3&quot;:{&quot;1&quot;:0},&quot;10&quot;:0,&quot;11&quot;:4,&quot;12&quot;:0}\">U na\u0161oj laboratoriji stru\u010dnjaci iz oblasti hemije i farmacije dobili su jedinstvenu formulu sa aktivnim sastojkom koji intenzivno deluje direktno na koren folikula trepavice \u010dak iu fazi mirovanja.<br \/>\n<\/span><\/p>\n<p><span data-sheets-root=\"1\" data-sheets-value=\"{&quot;1&quot;:2,&quot;2&quot;:&quot;U na\u0161oj laboratoriji stru\u010dnjaci iz oblasti hemije i farmacije dobili su jedinstvenu formulu sa aktivnim sastojkom koji intenzivno deluje direktno na koren folikula trepavice \u010dak iu fazi mirovanja.\\r\\nVec\u0301 u roku od 2 nedelje od po\u010detka upotrebe, serum stimuli\u0161e vidljiv rast i najtanjih retkih trepavica, spre\u010dava njihov gubitak, a prirodne trepavice postaju du\u017ee, gu\u0161c\u0301e i tamnije.&quot;}\" data-sheets-userformat=\"{&quot;2&quot;:897,&quot;3&quot;:{&quot;1&quot;:0},&quot;10&quot;:0,&quot;11&quot;:4,&quot;12&quot;:0}\">Vec\u0301 u roku <strong>od 2 nedelje od po\u010detka upotrebe<\/strong>, serum <strong>stimuli\u0161e vidljiv rast<\/strong> i najtanjih retkih trepavica, <strong>spre\u010dava njihov gubitak<\/strong>, a prirodne trepavice postaju <strong>du\u017ee<\/strong>, <strong>gu\u0161c\u0301e<\/strong> i <strong>tamnije<\/strong>.<\/span><\/p>\n<p>Active Lash serum je <strong>klini\u010dki testiran<\/strong>, te je pogodan i za najosetljivije o\u010di. Proizvod je <strong>veganski<\/strong>, <strong>potpuno siguran<\/strong> i <strong>ne izaziva iritacije o\u010diju<\/strong>. Klini\u010dka istra\u017eivanja potvr\u0111uje nezavisni slovena\u010dki oftalmolog, dr. Beltram, koji je potvrdio da je serum za rast trepavica <strong>100% efikasan<\/strong> i bezbedan \u010dak i za osetljive o\u010di.<\/p>\n<h2 style=\"text-align: center; clear: both;\"><\/h2>\n<h3><img loading=\"lazy\" decoding=\"async\" class=\" wp-image-83649 alignright\" src=\"https:\/\/activeluxe-cosmetics.com\/rs\/wp-content\/uploads\/2024\/01\/Izdelek-brez-naslova-39-819x1024-1-460x575.png\" alt=\"\" width=\"350\" height=\"438\" srcset=\"https:\/\/activeluxe-cosmetics.com\/rs\/wp-content\/uploads\/2024\/01\/Izdelek-brez-naslova-39-819x1024-1-460x575.png 460w, https:\/\/activeluxe-cosmetics.com\/rs\/wp-content\/uploads\/2024\/01\/Izdelek-brez-naslova-39-819x1024-1-768x960.png 768w, https:\/\/activeluxe-cosmetics.com\/rs\/wp-content\/uploads\/2024\/01\/Izdelek-brez-naslova-39-819x1024-1-600x750.png 600w, https:\/\/activeluxe-cosmetics.com\/rs\/wp-content\/uploads\/2024\/01\/Izdelek-brez-naslova-39-819x1024-1.png 819w\" sizes=\"auto, (max-width: 350px) 100vw, 350px\" \/><\/h3>\n<h2><span data-sheets-root=\"1\" data-sheets-value=\"{&quot;1&quot;:2,&quot;2&quot;:&quot;Spre\u010dite opadanje svojih prirodnih trepavica!&quot;}\" data-sheets-userformat=\"{&quot;2&quot;:897,&quot;3&quot;:{&quot;1&quot;:0},&quot;10&quot;:0,&quot;11&quot;:4,&quot;12&quot;:0}\"><strong>Spre\u010dite opadanje<\/strong> svojih prirodnih trepavica!<\/span><\/h2>\n<p><span data-sheets-root=\"1\" data-sheets-value=\"{&quot;1&quot;:2,&quot;2&quot;:&quot;Svaka trepavica na va\u0161em kapku ima svoj \u017eivotni ciklus, koji zavisi od gustine, du\u017eine i punoc\u0301e cele trepavice. Ovaj ciklus se sastoji od 3 faze: anagene, katagene i telogene faze.\\r\\n&quot;}\" data-sheets-userformat=\"{&quot;2&quot;:897,&quot;3&quot;:{&quot;1&quot;:0},&quot;10&quot;:0,&quot;11&quot;:4,&quot;12&quot;:0}\">Svaka trepavica na va\u0161em kapku ima svoj \u017eivotni ciklus, koji zavisi od gustine, du\u017eine i punoc\u0301e cele trepavice. Ovaj ciklus se sastoji od <strong>3 faze<\/strong>: anagene, katagene i telogene faze.<br \/>\n<\/span><\/p>\n<ul>\n<li><span data-sheets-root=\"1\" data-sheets-value=\"{&quot;1&quot;:2,&quot;2&quot;:&quot;1. Anagen faza ili faza rasta je najva\u017eniji deo ciklusa, jer u njoj trepavica raste, folikul lu\u010di melanin, trepavica je jaka i \u010dvrsta. Kod trepavica ova faza traje 2-5 meseci (za razliku od dlake koja traje 2-5 godina).&quot;}\" data-sheets-userformat=\"{&quot;2&quot;:897,&quot;3&quot;:{&quot;1&quot;:0},&quot;10&quot;:0,&quot;11&quot;:4,&quot;12&quot;:0}\"><strong>Anagen<\/strong> <strong>faza<\/strong> ili <strong>faza<\/strong> <strong>rasta<\/strong> je najva\u017eniji deo ciklusa, jer u njoj trepavica raste, folikul lu\u010di melanin, trepavica je jaka i \u010dvrsta. Kod trepavica ova faza traje 2-5 meseci (za razliku od dlake koja traje 2-5 godina).<\/span><\/li>\n<li><span data-sheets-root=\"1\" data-sheets-value=\"{&quot;1&quot;:2,&quot;2&quot;:&quot;2. Faza katagena ili faza mirovanja ozna\u010dava kraj rasta trepavica. Folikul dlake po\u010dinje da propada, a sa njim i trepavica. Faza mirovanja je veoma kratka i traje oko 2 nedelje.\\r&quot;}\" data-sheets-userformat=\"{&quot;2&quot;:897,&quot;3&quot;:{&quot;1&quot;:0},&quot;10&quot;:0,&quot;11&quot;:4,&quot;12&quot;:0}\"><strong>Faza katagena<\/strong> ili <strong>faza mirovanja<\/strong> ozna\u010dava kraj rasta trepavica. Folikul dlake po\u010dinje da propada, a sa njim i trepavica. Faza mirovanja je veoma kratka i traje oko 2 nedelje. <\/span><\/li>\n<li><span data-sheets-root=\"1\" data-sheets-value=\"{&quot;1&quot;:2,&quot;2&quot;:&quot;3. Faza telogena ili faza opadanja ozna\u010dava opadanje trepavica. Ova faza traje od 4 do 9 meseci. Vi\u0161e od polovine trepavica je u ovoj fazi u odre\u0111enom trenutku.\\n&quot;}\" data-sheets-userformat=\"{&quot;2&quot;:897,&quot;3&quot;:{&quot;1&quot;:0},&quot;10&quot;:0,&quot;11&quot;:4,&quot;12&quot;:0}\"><strong>Faza telogena<\/strong> ili <strong>faza opadanja<\/strong> ozna\u010dava opadanje trepavica. Ova faza traje od 4 do 9 meseci. Vi\u0161e od polovine trepavica je u ovoj fazi u odre\u0111enom trenutku.<br \/>\n<\/span><\/li>\n<\/ul>\n<p><span data-sheets-root=\"1\" data-sheets-value=\"{&quot;1&quot;:2,&quot;2&quot;:&quot;Active Luxe Lash ja\u010da trepavice u anagenoj fazi, \u010dinec\u0301i ih ja\u010dim, otpornijim i trepavicama pru\u017ea du\u017ei vek trajanja! \\r\\n&quot;}\" data-sheets-userformat=\"{&quot;2&quot;:897,&quot;3&quot;:{&quot;1&quot;:0},&quot;10&quot;:0,&quot;11&quot;:4,&quot;12&quot;:0}\">Serum za trepavice <strong>ja\u010da trepavice u anagenoj fazi<\/strong>, \u010dinec\u0301i ih ja\u010dim, otpornijim i trepavicama pru\u017ea du\u017ei vek trajanja!<br \/>\n<\/span><\/p>\n<p>&nbsp;<\/p>\n<p><a href=\"https:\/\/activeluxe-cosmetics.com\/rs\/wp-content\/uploads\/2025\/06\/merac_za_trepavice_active_luxe.pdf\"><strong data-start=\"46\" data-end=\"82\">Preuzmi svoj mera\u010d za trepavice!<\/strong><\/a><\/p>\n<h2 style=\"text-align: center; clear: both;\"><\/h2>\n<h4 style=\"clear: both; text-align: center;\"><span data-sheets-root=\"1\" data-sheets-value=\"{&quot;1&quot;:2,&quot;2&quot;:&quot;\u201ePotvrdili smo jasanu efikasnost kozmeti\u010dkog proizvoda Active-Luxe Lash na rast trepavica. U studijskoj grupi du\u017eina trepavica je povec\u0301ana za 2,6 mm (39%). Razlika u povec\u0301anju du\u017eine trepavica se primeti vec\u0301 nakon dve nedelje redovnog kori\u0161\u0107enja. Maksimalni rast je postignut kod jedne od volonterki, i to za 2 nedelje du\u017eina trepavica se povec\u0301ala za \u010dak 50%, a nakon 13 nedelja \u010dak za 100%. \\&quot;\\n&quot;}\" data-sheets-userformat=\"{&quot;2&quot;:897,&quot;3&quot;:{&quot;1&quot;:0},&quot;10&quot;:0,&quot;11&quot;:4,&quot;12&quot;:0}\">\u201ePotvrdili smo jasanu efikasnost kozmeti\u010dkog proizvoda Active-Luxe Lash na rast trepavica. U studijskoj grupi du\u017eina trepavica je povec\u0301ana za 2,6 mm (39%). Razlika u povec\u0301anju du\u017eine trepavica se primeti vec\u0301 nakon dve nedelje redovnog kori\u0161\u0107enja. Maksimalni rast je postignut kod jedne od volonterki, i to za 2 nedelje du\u017eina trepavica se povec\u0301ala za \u010dak 50%, a nakon 13 nedelja \u010dak za 100%. &#8221;<br \/>\n<\/span><\/h4>\n<div style=\"display: flex; align-items: center; gap: 20px; flex-wrap: wrap; justify-content: center;\">\n<p><img loading=\"lazy\" decoding=\"async\" class=\"size-full wp-image-72610\" src=\"https:\/\/activeluxe-cosmetics.com\/rs\/wp-content\/uploads\/2024\/01\/Mask-group-1.png\" alt=\"\" width=\"83\" height=\"83\" \/><\/p>\n<p style=\"max-width: 360px;\"><span data-sheets-root=\"1\" data-sheets-value=\"{&quot;1&quot;:2,&quot;2&quot;:&quot;Oftalmolog dr Beltram je u svom nezavisnom klini\u010dkom istra\u017eivanju dokazao da je serum efikasan.&quot;}\" data-sheets-userformat=\"{&quot;2&quot;:897,&quot;3&quot;:{&quot;1&quot;:0},&quot;10&quot;:0,&quot;11&quot;:4,&quot;12&quot;:0}\">Oftalmolog dr Beltram je u svom nezavisnom klini\u010dkom istra\u017eivanju dokazao da je serum efikasan.<\/span><\/p>\n<\/div>\n","protected":false},"excerpt":{"rendered":"<p><span data-sheets-root=\"1\" data-sheets-value=\"{&quot;1&quot;:2,&quot;2&quot;:&quot;Za du\u017ee prirodne trepavice za samo nekoliko nedelja. Klini\u010dki testiran.&quot;}\" data-sheets-userformat=\"{&quot;2&quot;:897,&quot;3&quot;:{&quot;1&quot;:0},&quot;10&quot;:0,&quot;11&quot;:4,&quot;12&quot;:0}\">Za du\u017ee prirodne trepavice za samo nekoliko nedelja. Klini\u010dki testiran.<\/span><\/p>\n","protected":false},"featured_media":88812,"comment_status":"open","ping_status":"closed","template":"","meta":[],"product_brand":[],"product_cat":[56,48,76],"product_tag":[],"class_list":{"0":"post-72182","1":"product","2":"type-product","3":"status-publish","4":"has-post-thumbnail","6":"product_cat-posebna-ponudba","7":"product_cat-trepavice","8":"product_cat-serumi","10":"first","11":"instock","12":"sale","13":"featured","14":"taxable","15":"shipping-taxable","16":"purchasable","17":"product-type-variable"},"bundled_by":[],"bundle_stock_status":"instock","bundle_stock_quantity":null,"bundle_virtual":false,"bundle_layout":"","bundle_add_to_cart_form_location":"","bundle_editable_in_cart":false,"bundle_sold_individually_context":"","bundle_item_grouping":"","bundle_min_size":"","bundle_max_size":"","bundled_items":[],"acf":[],"yoast_head":"<!-- This site is optimized with the Yoast SEO plugin v26.5 - https:\/\/yoast.com\/wordpress\/plugins\/seo\/ -->\n<title>Serum za rast prirodnih trepavica - Active Luxe Cosmetics<\/title>\n<meta name=\"description\" content=\"Klini\u010dki testiran Active Luxe serum za rast trepavica odu\u0161evljava \u010dak 200000 korisnica u Europi. Za du\u017ee prirodne trepavice u 2 tjedna. Pogledaj vi\u0161e.\" \/>\n<meta name=\"robots\" content=\"index, follow, max-snippet:-1, max-image-preview:large, max-video-preview:-1\" \/>\n<link rel=\"canonical\" href=\"https:\/\/activeluxe-cosmetics.com\/rs\/izdelek\/serum-za-rast-trepavica\/\" \/>\n<meta property=\"og:locale\" content=\"hr_HR\" \/>\n<meta property=\"og:type\" content=\"article\" \/>\n<meta property=\"og:title\" content=\"Serum za rast prirodnih trepavica - Active Luxe Cosmetics\" \/>\n<meta property=\"og:description\" content=\"Klini\u010dki testiran Active Luxe serum za rast trepavica odu\u0161evljava \u010dak 200000 korisnica u Europi. Za du\u017ee prirodne trepavice u 2 tjedna. Pogledaj vi\u0161e.\" \/>\n<meta property=\"og:url\" content=\"https:\/\/activeluxe-cosmetics.com\/rs\/izdelek\/serum-za-rast-trepavica\/\" \/>\n<meta property=\"og:site_name\" content=\"Active Luxe Cosmetics\" \/>\n<meta property=\"article:modified_time\" content=\"2026-03-31T07:27:35+00:00\" \/>\n<meta property=\"og:image\" content=\"https:\/\/activeluxe-cosmetics.com\/rs\/wp-content\/uploads\/2024\/01\/Active-Luxe-Lash-Serum.jpg\" \/>\n\t<meta property=\"og:image:width\" content=\"783\" \/>\n\t<meta property=\"og:image:height\" content=\"995\" \/>\n\t<meta property=\"og:image:type\" content=\"image\/jpeg\" \/>\n<meta name=\"twitter:card\" content=\"summary_large_image\" \/>\n<meta name=\"twitter:label1\" content=\"Procijenjeno vrijeme \u010ditanja\" \/>\n\t<meta name=\"twitter:data1\" content=\"4 minute\" \/>\n<script type=\"application\/ld+json\" class=\"yoast-schema-graph\">{\"@context\":\"https:\/\/schema.org\",\"@graph\":[{\"@type\":\"WebPage\",\"@id\":\"https:\/\/activeluxe-cosmetics.com\/rs\/izdelek\/serum-za-rast-trepavica\/\",\"url\":\"https:\/\/activeluxe-cosmetics.com\/rs\/izdelek\/serum-za-rast-trepavica\/\",\"name\":\"Serum za rast prirodnih trepavica - Active Luxe Cosmetics\",\"isPartOf\":{\"@id\":\"https:\/\/activeluxe-cosmetics.com\/rs\/#website\"},\"primaryImageOfPage\":{\"@id\":\"https:\/\/activeluxe-cosmetics.com\/rs\/izdelek\/serum-za-rast-trepavica\/#primaryimage\"},\"image\":{\"@id\":\"https:\/\/activeluxe-cosmetics.com\/rs\/izdelek\/serum-za-rast-trepavica\/#primaryimage\"},\"thumbnailUrl\":\"https:\/\/activeluxe-cosmetics.com\/rs\/wp-content\/uploads\/2024\/01\/Active-Luxe-Lash-Serum.jpg\",\"datePublished\":\"2024-01-10T14:17:54+00:00\",\"dateModified\":\"2026-03-31T07:27:35+00:00\",\"description\":\"Klini\u010dki testiran Active Luxe serum za rast trepavica odu\u0161evljava \u010dak 200000 korisnica u Europi. Za du\u017ee prirodne trepavice u 2 tjedna. Pogledaj vi\u0161e.\",\"breadcrumb\":{\"@id\":\"https:\/\/activeluxe-cosmetics.com\/rs\/izdelek\/serum-za-rast-trepavica\/#breadcrumb\"},\"inLanguage\":\"hr\",\"potentialAction\":[{\"@type\":\"ReadAction\",\"target\":[\"https:\/\/activeluxe-cosmetics.com\/rs\/izdelek\/serum-za-rast-trepavica\/\"]}]},{\"@type\":\"ImageObject\",\"inLanguage\":\"hr\",\"@id\":\"https:\/\/activeluxe-cosmetics.com\/rs\/izdelek\/serum-za-rast-trepavica\/#primaryimage\",\"url\":\"https:\/\/activeluxe-cosmetics.com\/rs\/wp-content\/uploads\/2024\/01\/Active-Luxe-Lash-Serum.jpg\",\"contentUrl\":\"https:\/\/activeluxe-cosmetics.com\/rs\/wp-content\/uploads\/2024\/01\/Active-Luxe-Lash-Serum.jpg\",\"width\":783,\"height\":995},{\"@type\":\"BreadcrumbList\",\"@id\":\"https:\/\/activeluxe-cosmetics.com\/rs\/izdelek\/serum-za-rast-trepavica\/#breadcrumb\",\"itemListElement\":[{\"@type\":\"ListItem\",\"position\":1,\"name\":\"Naslovnica\",\"item\":\"https:\/\/activeluxe-cosmetics.com\/rs\/\"},{\"@type\":\"ListItem\",\"position\":2,\"name\":\"Trgovina\",\"item\":\"https:\/\/activeluxe-cosmetics.com\/rs\/trgovina\/\"},{\"@type\":\"ListItem\",\"position\":3,\"name\":\"Serum za rast trepavica\"}]},{\"@type\":\"WebSite\",\"@id\":\"https:\/\/activeluxe-cosmetics.com\/rs\/#website\",\"url\":\"https:\/\/activeluxe-cosmetics.com\/rs\/\",\"name\":\"Active Luxe Cosmetics\",\"description\":\"\",\"potentialAction\":[{\"@type\":\"SearchAction\",\"target\":{\"@type\":\"EntryPoint\",\"urlTemplate\":\"https:\/\/activeluxe-cosmetics.com\/rs\/?s={search_term_string}\"},\"query-input\":{\"@type\":\"PropertyValueSpecification\",\"valueRequired\":true,\"valueName\":\"search_term_string\"}}],\"inLanguage\":\"hr\"}]}<\/script>\n<!-- \/ Yoast SEO plugin. -->","yoast_head_json":{"title":"Serum za rast prirodnih trepavica - Active Luxe Cosmetics","description":"Klini\u010dki testiran Active Luxe serum za rast trepavica odu\u0161evljava \u010dak 200000 korisnica u Europi. Za du\u017ee prirodne trepavice u 2 tjedna. Pogledaj vi\u0161e.","robots":{"index":"index","follow":"follow","max-snippet":"max-snippet:-1","max-image-preview":"max-image-preview:large","max-video-preview":"max-video-preview:-1"},"canonical":"https:\/\/activeluxe-cosmetics.com\/rs\/izdelek\/serum-za-rast-trepavica\/","og_locale":"hr_HR","og_type":"article","og_title":"Serum za rast prirodnih trepavica - Active Luxe Cosmetics","og_description":"Klini\u010dki testiran Active Luxe serum za rast trepavica odu\u0161evljava \u010dak 200000 korisnica u Europi. Za du\u017ee prirodne trepavice u 2 tjedna. Pogledaj vi\u0161e.","og_url":"https:\/\/activeluxe-cosmetics.com\/rs\/izdelek\/serum-za-rast-trepavica\/","og_site_name":"Active Luxe Cosmetics","article_modified_time":"2026-03-31T07:27:35+00:00","og_image":[{"width":783,"height":995,"url":"https:\/\/activeluxe-cosmetics.com\/rs\/wp-content\/uploads\/2024\/01\/Active-Luxe-Lash-Serum.jpg","type":"image\/jpeg"}],"twitter_card":"summary_large_image","twitter_misc":{"Procijenjeno vrijeme \u010ditanja":"4 minute"},"schema":{"@context":"https:\/\/schema.org","@graph":[{"@type":"WebPage","@id":"https:\/\/activeluxe-cosmetics.com\/rs\/izdelek\/serum-za-rast-trepavica\/","url":"https:\/\/activeluxe-cosmetics.com\/rs\/izdelek\/serum-za-rast-trepavica\/","name":"Serum za rast prirodnih trepavica - Active Luxe Cosmetics","isPartOf":{"@id":"https:\/\/activeluxe-cosmetics.com\/rs\/#website"},"primaryImageOfPage":{"@id":"https:\/\/activeluxe-cosmetics.com\/rs\/izdelek\/serum-za-rast-trepavica\/#primaryimage"},"image":{"@id":"https:\/\/activeluxe-cosmetics.com\/rs\/izdelek\/serum-za-rast-trepavica\/#primaryimage"},"thumbnailUrl":"https:\/\/activeluxe-cosmetics.com\/rs\/wp-content\/uploads\/2024\/01\/Active-Luxe-Lash-Serum.jpg","datePublished":"2024-01-10T14:17:54+00:00","dateModified":"2026-03-31T07:27:35+00:00","description":"Klini\u010dki testiran Active Luxe serum za rast trepavica odu\u0161evljava \u010dak 200000 korisnica u Europi. Za du\u017ee prirodne trepavice u 2 tjedna. Pogledaj vi\u0161e.","breadcrumb":{"@id":"https:\/\/activeluxe-cosmetics.com\/rs\/izdelek\/serum-za-rast-trepavica\/#breadcrumb"},"inLanguage":"hr","potentialAction":[{"@type":"ReadAction","target":["https:\/\/activeluxe-cosmetics.com\/rs\/izdelek\/serum-za-rast-trepavica\/"]}]},{"@type":"ImageObject","inLanguage":"hr","@id":"https:\/\/activeluxe-cosmetics.com\/rs\/izdelek\/serum-za-rast-trepavica\/#primaryimage","url":"https:\/\/activeluxe-cosmetics.com\/rs\/wp-content\/uploads\/2024\/01\/Active-Luxe-Lash-Serum.jpg","contentUrl":"https:\/\/activeluxe-cosmetics.com\/rs\/wp-content\/uploads\/2024\/01\/Active-Luxe-Lash-Serum.jpg","width":783,"height":995},{"@type":"BreadcrumbList","@id":"https:\/\/activeluxe-cosmetics.com\/rs\/izdelek\/serum-za-rast-trepavica\/#breadcrumb","itemListElement":[{"@type":"ListItem","position":1,"name":"Naslovnica","item":"https:\/\/activeluxe-cosmetics.com\/rs\/"},{"@type":"ListItem","position":2,"name":"Trgovina","item":"https:\/\/activeluxe-cosmetics.com\/rs\/trgovina\/"},{"@type":"ListItem","position":3,"name":"Serum za rast trepavica"}]},{"@type":"WebSite","@id":"https:\/\/activeluxe-cosmetics.com\/rs\/#website","url":"https:\/\/activeluxe-cosmetics.com\/rs\/","name":"Active Luxe Cosmetics","description":"","potentialAction":[{"@type":"SearchAction","target":{"@type":"EntryPoint","urlTemplate":"https:\/\/activeluxe-cosmetics.com\/rs\/?s={search_term_string}"},"query-input":{"@type":"PropertyValueSpecification","valueRequired":true,"valueName":"search_term_string"}}],"inLanguage":"hr"}]}},"_links":{"self":[{"href":"https:\/\/activeluxe-cosmetics.com\/rs\/wp-json\/wp\/v2\/product\/72182","targetHints":{"allow":["GET"]}}],"collection":[{"href":"https:\/\/activeluxe-cosmetics.com\/rs\/wp-json\/wp\/v2\/product"}],"about":[{"href":"https:\/\/activeluxe-cosmetics.com\/rs\/wp-json\/wp\/v2\/types\/product"}],"replies":[{"embeddable":true,"href":"https:\/\/activeluxe-cosmetics.com\/rs\/wp-json\/wp\/v2\/comments?post=72182"}],"wp:featuredmedia":[{"embeddable":true,"href":"https:\/\/activeluxe-cosmetics.com\/rs\/wp-json\/wp\/v2\/media\/88812"}],"wp:attachment":[{"href":"https:\/\/activeluxe-cosmetics.com\/rs\/wp-json\/wp\/v2\/media?parent=72182"}],"wp:term":[{"taxonomy":"product_brand","embeddable":true,"href":"https:\/\/activeluxe-cosmetics.com\/rs\/wp-json\/wp\/v2\/product_brand?post=72182"},{"taxonomy":"product_cat","embeddable":true,"href":"https:\/\/activeluxe-cosmetics.com\/rs\/wp-json\/wp\/v2\/product_cat?post=72182"},{"taxonomy":"product_tag","embeddable":true,"href":"https:\/\/activeluxe-cosmetics.com\/rs\/wp-json\/wp\/v2\/product_tag?post=72182"}],"curies":[{"name":"wp","href":"https:\/\/api.w.org\/{rel}","templated":true}]}}