{"id":72179,"date":"2024-01-10T15:17:54","date_gmt":"2024-01-10T14:17:54","guid":{"rendered":"https:\/\/activeluxe-cosmetics.com\/rs\/?post_type=product&#038;p=72179"},"modified":"2026-01-12T09:23:38","modified_gmt":"2026-01-12T08:23:38","slug":"glamour-lash-maskara-za-bezvremenski-volumen","status":"publish","type":"product","link":"https:\/\/activeluxe-cosmetics.com\/rs\/izdelek\/glamour-lash-maskara-za-bezvremenski-volumen\/","title":{"rendered":"Glamour Lash maskara"},"content":{"rendered":"<p><img loading=\"lazy\" decoding=\"async\" class=\" wp-image-87511 alignright\" src=\"https:\/\/activeluxe-cosmetics.com\/rs\/wp-content\/uploads\/2024\/01\/glamour_lash_mascara_active_luxe-460x575.png\" alt=\"\" width=\"350\" height=\"438\" srcset=\"https:\/\/activeluxe-cosmetics.com\/rs\/wp-content\/uploads\/2024\/01\/glamour_lash_mascara_active_luxe-460x575.png 460w, https:\/\/activeluxe-cosmetics.com\/rs\/wp-content\/uploads\/2024\/01\/glamour_lash_mascara_active_luxe-819x1024.png 819w, https:\/\/activeluxe-cosmetics.com\/rs\/wp-content\/uploads\/2024\/01\/glamour_lash_mascara_active_luxe-768x960.png 768w, https:\/\/activeluxe-cosmetics.com\/rs\/wp-content\/uploads\/2024\/01\/glamour_lash_mascara_active_luxe-600x750.png 600w, https:\/\/activeluxe-cosmetics.com\/rs\/wp-content\/uploads\/2024\/01\/glamour_lash_mascara_active_luxe.png 1080w\" sizes=\"auto, (max-width: 350px) 100vw, 350px\" \/><\/p>\n<h2><span data-sheets-root=\"1\" data-sheets-value=\"{&quot;1&quot;:2,&quot;2&quot;:&quot;Duge i guste trepavice za tren&quot;}\" data-sheets-userformat=\"{&quot;2&quot;:513,&quot;3&quot;:{&quot;1&quot;:0},&quot;12&quot;:0}\">Duge i guste <strong>trepavice za tren<\/strong><\/span><\/h2>\n<p><span data-sheets-root=\"1\" data-sheets-value=\"{&quot;1&quot;:2,&quot;2&quot;:&quot;Ova maskara dose\u017ee i razdvaja svaku trepavicu, paze\u0107i \u010dak i na one kojima je te\u0161ko pristupiti u kutevima o\u010diju. Tajna Glamour Lash maskare su mekane sinteti\u010dke \u010dekinje razli\u010ditih duljina, koje omogu\u0107uju nano\u0161enje nekoliko slojeva, bez grudica.&quot;}\" data-sheets-userformat=\"{&quot;2&quot;:4993,&quot;3&quot;:{&quot;1&quot;:0},&quot;10&quot;:2,&quot;11&quot;:4,&quot;12&quot;:0,&quot;15&quot;:&quot;Arial&quot;}\" data-sheets-textstyleruns=\"{&quot;1&quot;:0}\uee10{&quot;1&quot;:47,&quot;2&quot;:{&quot;2&quot;:{&quot;1&quot;:2,&quot;2&quot;:16739585}}}\uee10{&quot;1&quot;:62}\uee10{&quot;1&quot;:63,&quot;2&quot;:{&quot;2&quot;:{&quot;1&quot;:2,&quot;2&quot;:16739585}}}\uee10{&quot;1&quot;:73}\">Ova maskara dopire i odvaja svaku trepavicu pojedina\u010dno, \u010dak i one te\u0161ko dostupne u uglovima o\u010diju! Tajna Glamour Lash maskare su <strong>meke<\/strong> <strong>sinteti\u010dke<\/strong> <strong>dla\u010dice<\/strong> razli\u010ditih du\u017eina, koje omoguc\u0301avaju nano\u0161enje nekoliko slojeva <strong>bez<\/strong> <strong>grudvica<\/strong>..<\/span><\/p>\n<p><span data-sheets-root=\"1\" data-sheets-value=\"{&quot;1&quot;:2,&quot;2&quot;:&quot;Maskara je SAVR\u0160EN IZBOR za sve koji se u nedoumici da li da izaberu maskaru za volumen ili du\u017einu trepavica. GLAMOUR LASH maskara \u010dini oboje!&quot;}\" data-sheets-userformat=\"{&quot;2&quot;:513,&quot;3&quot;:{&quot;1&quot;:0},&quot;12&quot;:0}\">Maskara je savr\u0161en izbor za sve koji se u nedoumici da li da izaberu maskaru za volumen ili du\u017einu trepavica. Glamour lash maskara \u010dini oboje!<\/span><\/p>\n<ul>\n<li><span data-sheets-root=\"1\" data-sheets-value=\"{&quot;1&quot;:2,&quot;2&quot;:&quot;jednim nano\u0161enjem trepavice postaju duge uz izuzetan volumen&quot;}\" data-sheets-userformat=\"{&quot;2&quot;:4993,&quot;3&quot;:{&quot;1&quot;:0},&quot;10&quot;:2,&quot;11&quot;:4,&quot;12&quot;:0,&quot;15&quot;:&quot;Arial&quot;}\" data-sheets-textstyleruns=\"{&quot;1&quot;:0}\uee10{&quot;1&quot;:28,&quot;2&quot;:{&quot;2&quot;:{&quot;1&quot;:2,&quot;2&quot;:16739585}}}\uee10{&quot;1&quot;:36}\uee10{&quot;1&quot;:41,&quot;2&quot;:{&quot;2&quot;:{&quot;1&quot;:2,&quot;2&quot;:16739585}}}\uee10{&quot;1&quot;:44}\">Jednim nano\u0161enjem trepavice postaju du\u017ee i dobijaju <strong>izuzetan<\/strong> <strong>volumen<\/strong>,<\/span><\/li>\n<li><span data-sheets-root=\"1\" data-sheets-value=\"{&quot;1&quot;:2,&quot;2&quot;:&quot;Bogata kremasta formula odr\u017eava fleksibilnost trepavica, bez ose\u0107aja te\u017eine&quot;}\" data-sheets-userformat=\"{&quot;2&quot;:513,&quot;3&quot;:{&quot;1&quot;:0},&quot;12&quot;:0}\" data-sheets-textstyleruns=\"{&quot;1&quot;:0,&quot;2&quot;:{&quot;2&quot;:{&quot;1&quot;:2,&quot;2&quot;:10027263}}}\uee10{&quot;1&quot;:1}\">Bogata kremasta formula odr\u017eava <strong>fleksibilnost<\/strong> <strong>trepavica<\/strong>, bez ose\u0107aja te\u017eine<\/span><\/li>\n<li><span data-sheets-root=\"1\" data-sheets-value=\"{&quot;1&quot;:2,&quot;2&quot;:&quot;Maskara se brzo su\u0161i&quot;}\" data-sheets-userformat=\"{&quot;2&quot;:513,&quot;3&quot;:{&quot;1&quot;:0},&quot;12&quot;:0}\" data-sheets-textstyleruns=\"{&quot;1&quot;:0,&quot;2&quot;:{&quot;2&quot;:{&quot;1&quot;:2,&quot;2&quot;:10027263}}}\uee10{&quot;1&quot;:1}\">Maskara se <strong>brzo<\/strong> <strong>su\u0161i<\/strong><\/span><\/li>\n<li><span data-sheets-root=\"1\" data-sheets-value=\"{&quot;1&quot;:2,&quot;2&quot;:&quot;Ne ostavlja mrlje&quot;}\" data-sheets-userformat=\"{&quot;2&quot;:513,&quot;3&quot;:{&quot;1&quot;:0},&quot;12&quot;:0}\" data-sheets-textstyleruns=\"{&quot;1&quot;:0,&quot;2&quot;:{&quot;2&quot;:{&quot;1&quot;:2,&quot;2&quot;:10027263}}}\uee10{&quot;1&quot;:1}\">Ne ostavlja mrlje<\/span><\/li>\n<\/ul>\n<h2 style=\"text-align: center; clear: both;\"><\/h2>\n<p>&nbsp;<\/p>\n<h2><img loading=\"lazy\" decoding=\"async\" class=\" wp-image-87518 alignleft\" src=\"https:\/\/activeluxe-cosmetics.com\/rs\/wp-content\/uploads\/2024\/01\/glamourlash_mascara-1-460x575.png\" alt=\"\" width=\"350\" height=\"438\" srcset=\"https:\/\/activeluxe-cosmetics.com\/rs\/wp-content\/uploads\/2024\/01\/glamourlash_mascara-1-460x575.png 460w, https:\/\/activeluxe-cosmetics.com\/rs\/wp-content\/uploads\/2024\/01\/glamourlash_mascara-1-819x1024.png 819w, https:\/\/activeluxe-cosmetics.com\/rs\/wp-content\/uploads\/2024\/01\/glamourlash_mascara-1-768x960.png 768w, https:\/\/activeluxe-cosmetics.com\/rs\/wp-content\/uploads\/2024\/01\/glamourlash_mascara-1-600x750.png 600w, https:\/\/activeluxe-cosmetics.com\/rs\/wp-content\/uploads\/2024\/01\/glamourlash_mascara-1.png 1080w\" sizes=\"auto, (max-width: 350px) 100vw, 350px\" \/><strong>Mekane sinteti\u010dke dla\u010dice<\/strong> razli\u010ditih du\u017eina \u010dine \u010dudo!<\/h2>\n<p><span data-sheets-root=\"1\" data-sheets-value=\"{&quot;1&quot;:2,&quot;2&quot;:&quot;Ova maskara ima specijalno dizajniranu \u010detkicu koja je bogata sinteti\u010dkim dla\u010dicama koje dopiru do svake trepavice pojedina\u010dno, \u010dak i do onih sitnih, svetlih koje se nalaze u uglovima o\u010diju. Omogu\u0107ava da ih laganim pokretima izvu\u010de i progusti.\\n&quot;}\" data-sheets-userformat=\"{&quot;2&quot;:513,&quot;3&quot;:{&quot;1&quot;:0},&quot;12&quot;:0}\">Ova maskara ima <strong>specijalno dizajniranu<\/strong> <strong>\u010detkicu<\/strong> koja je bogata sinteti\u010dkim dla\u010dicama koje dopiru do svake trepavice pojedina\u010dno, \u010dak i do onih sitnih, svetlih koje se nalaze u uglovima o\u010diju. <\/span><\/p>\n<p><span data-sheets-root=\"1\" data-sheets-value=\"{&quot;1&quot;:2,&quot;2&quot;:&quot;Ova maskara ima specijalno dizajniranu \u010detkicu koja je bogata sinteti\u010dkim dla\u010dicama koje dopiru do svake trepavice pojedina\u010dno, \u010dak i do onih sitnih, svetlih koje se nalaze u uglovima o\u010diju. Omogu\u0107ava da ih laganim pokretima izvu\u010de i progusti.\\n&quot;}\" data-sheets-userformat=\"{&quot;2&quot;:513,&quot;3&quot;:{&quot;1&quot;:0},&quot;12&quot;:0}\">Omogu\u0107ava da ih laganim pokretima <strong>izvu\u010de<\/strong> i <strong>progusti<\/strong>.<br \/>\n<\/span><\/p>\n<ul>\n<li>Maskaru nanesi na trepavice blagim cik-cak pokretima kako bi obuhvatila sve, \u010dak i one najkra\u0107e trepavice<\/li>\n<li>Za intenzivno guste trepavice preporu\u010dujemo dva sloja maskare<\/li>\n<li>Sa\u010dekaj da se prvi sloj osu\u0161i, a zatim nanesi jo\u0161 jedan sloj.<\/li>\n<\/ul>\n<h2 style=\"text-align: center; clear: both;\"><\/h2>\n<p><img loading=\"lazy\" decoding=\"async\" class=\" wp-image-87519 alignright\" src=\"https:\/\/activeluxe-cosmetics.com\/rs\/wp-content\/uploads\/2024\/01\/activeluxe_glamour_lash_mascara-460x575.png\" alt=\"\" width=\"350\" height=\"438\" srcset=\"https:\/\/activeluxe-cosmetics.com\/rs\/wp-content\/uploads\/2024\/01\/activeluxe_glamour_lash_mascara-460x575.png 460w, https:\/\/activeluxe-cosmetics.com\/rs\/wp-content\/uploads\/2024\/01\/activeluxe_glamour_lash_mascara-819x1024.png 819w, https:\/\/activeluxe-cosmetics.com\/rs\/wp-content\/uploads\/2024\/01\/activeluxe_glamour_lash_mascara-768x960.png 768w, https:\/\/activeluxe-cosmetics.com\/rs\/wp-content\/uploads\/2024\/01\/activeluxe_glamour_lash_mascara-600x750.png 600w, https:\/\/activeluxe-cosmetics.com\/rs\/wp-content\/uploads\/2024\/01\/activeluxe_glamour_lash_mascara.png 1080w\" sizes=\"auto, (max-width: 350px) 100vw, 350px\" \/><\/p>\n<h2><span data-sheets-root=\"1\" data-sheets-value=\"{&quot;1&quot;:2,&quot;2&quot;:&quot;Uvek ti ponestaje vremena za \u0161minkanje ujutro?&quot;}\" data-sheets-userformat=\"{&quot;2&quot;:513,&quot;3&quot;:{&quot;1&quot;:0},&quot;12&quot;:0}\">Uvek ti ponestaje<strong> vremena<\/strong> <strong>za \u0161minkanje ujutro?<\/strong><\/span><\/h2>\n<p><span data-sheets-root=\"1\" data-sheets-value=\"{&quot;1&quot;:2,&quot;2&quot;:&quot;Ako ste uvek u borbi sa vremenom kada zapo\u010dnete dan, ova maskara c\u0301e vam mnogo olak\u0161ati \u0161minkanje. Dovoljan je bukvalno jedan potez, da bi se efekat maskare video, a pri tome ne ostavlja grudvice.\\r\\n&quot;}\" data-sheets-userformat=\"{&quot;2&quot;:513,&quot;3&quot;:{&quot;1&quot;:0},&quot;12&quot;:0}\">Ako ste uvek u borbi sa vremenom kada zapo\u010dnete dan, ova maskara c\u0301e vam mnogo olak\u0161ati \u0161minkanje. Dovoljan je bukvalno jedan potez, da bi se efekat maskare video, a pri tome ne ostavlja grudvice.<\/span><\/p>\n<p>Za<strong> intenzivniju efikasnost<\/strong> pored maskare preporu\u010dujemo i <a href=\"https:\/\/activeluxe-cosmetics.com\/rs\/izdelek\/wild-lash-podloga-za-maskaru-i-njegu-trepavica\/\">Wild Lash podlogu za maskaru<\/a>, koja deluje i na rast trepavica.<\/p>\n<p>Glamour Lash ostat \u0107e na tvojim trepavicama cijeli dan, bez grudvica i rasipanja na ko\u017ei oko o\u010diju. Maskara sadr\u017ei <strong>posebno formuliranu kremastu strukturu<\/strong>, uz koju se ne\u0107e stvrdnuti na trepavicama \u010dak ni nakon 24 sata!<\/p>\n<ul>\n<li>dramati\u010dan volumen i du\u017eina<\/li>\n<li>dugotrajna formula koja traje 24h<\/li>\n<li>kremasta tekstura spre\u010dava da se maskara stvrdne, su\u0161i i stvara to\u010dkice i mrlje<\/li>\n<\/ul>\n<h3 style=\"clear: both; max-width: 820px;\"><\/h3>\n<div style=\"display: flex; align-items: center; gap: 20px; flex-wrap: wrap;\">\n<p style=\"max-width: 360px;\">\n<\/div>\n","protected":false},"excerpt":{"rendered":"<p><span data-sheets-root=\"1\" data-sheets-value=\"{&quot;1&quot;:2,&quot;2&quot;:&quot;Maskara \u010dija \u010detkica omogu\u0107ava bezvremenski volumen i gusto\u0107u trepavica&quot;}\" data-sheets-userformat=\"{&quot;2&quot;:513,&quot;3&quot;:{&quot;1&quot;:0},&quot;12&quot;:0}\">Maskara \u010dija \u010detkica omogu\u0107ava bezvremenski volumen i gusto\u0107u trepavica<\/span><\/p>\n","protected":false},"featured_media":80629,"comment_status":"open","ping_status":"closed","template":"","meta":[],"product_brand":[],"product_cat":[48,77],"product_tag":[],"class_list":{"0":"post-72179","1":"product","2":"type-product","3":"status-publish","4":"has-post-thumbnail","6":"product_cat-trepavice","7":"product_cat-makeup","9":"first","10":"instock","11":"taxable","12":"shipping-taxable","13":"purchasable","14":"product-type-simple"},"bundled_by":[],"bundle_stock_status":"instock","bundle_stock_quantity":null,"bundle_virtual":false,"bundle_layout":"","bundle_add_to_cart_form_location":"","bundle_editable_in_cart":false,"bundle_sold_individually_context":"","bundle_item_grouping":"","bundle_min_size":"","bundle_max_size":"","bundled_items":[],"acf":[],"yoast_head":"<!-- This site is optimized with the Yoast SEO plugin v26.5 - https:\/\/yoast.com\/wordpress\/plugins\/seo\/ -->\n<title>Glamour Lash maskara - Active Luxe Cosmetics<\/title>\n<meta name=\"description\" content=\"Maskara za guste trepavice Glamour Lash. Kra\u0107e vrijeme \u0161minkanja. Dohva\u0107a svaku trepavicu i pru\u017ea bezvremenski volumen i gusto\u0107u.\" \/>\n<meta name=\"robots\" content=\"index, follow, max-snippet:-1, max-image-preview:large, max-video-preview:-1\" \/>\n<link rel=\"canonical\" href=\"https:\/\/activeluxe-cosmetics.com\/rs\/izdelek\/glamour-lash-maskara-za-bezvremenski-volumen\/\" \/>\n<meta property=\"og:locale\" content=\"hr_HR\" \/>\n<meta property=\"og:type\" content=\"article\" \/>\n<meta property=\"og:title\" content=\"Glamour Lash maskara - Active Luxe Cosmetics\" \/>\n<meta property=\"og:description\" content=\"Maskara za guste trepavice Glamour Lash. Kra\u0107e vrijeme \u0161minkanja. Dohva\u0107a svaku trepavicu i pru\u017ea bezvremenski volumen i gusto\u0107u.\" \/>\n<meta property=\"og:url\" content=\"https:\/\/activeluxe-cosmetics.com\/rs\/izdelek\/glamour-lash-maskara-za-bezvremenski-volumen\/\" \/>\n<meta property=\"og:site_name\" content=\"Active Luxe Cosmetics\" \/>\n<meta property=\"article:modified_time\" content=\"2026-01-12T08:23:38+00:00\" \/>\n<meta property=\"og:image\" content=\"https:\/\/activeluxe-cosmetics.com\/rs\/wp-content\/uploads\/2024\/01\/product_gallery-3.jpg\" \/>\n\t<meta property=\"og:image:width\" content=\"515\" \/>\n\t<meta property=\"og:image:height\" content=\"666\" \/>\n\t<meta property=\"og:image:type\" content=\"image\/jpeg\" \/>\n<meta name=\"twitter:card\" content=\"summary_large_image\" \/>\n<meta name=\"twitter:label1\" content=\"Procijenjeno vrijeme \u010ditanja\" \/>\n\t<meta name=\"twitter:data1\" content=\"3 minute\" \/>\n<script type=\"application\/ld+json\" class=\"yoast-schema-graph\">{\"@context\":\"https:\/\/schema.org\",\"@graph\":[{\"@type\":\"WebPage\",\"@id\":\"https:\/\/activeluxe-cosmetics.com\/rs\/izdelek\/glamour-lash-maskara-za-bezvremenski-volumen\/\",\"url\":\"https:\/\/activeluxe-cosmetics.com\/rs\/izdelek\/glamour-lash-maskara-za-bezvremenski-volumen\/\",\"name\":\"Glamour Lash maskara - Active Luxe Cosmetics\",\"isPartOf\":{\"@id\":\"https:\/\/activeluxe-cosmetics.com\/rs\/#website\"},\"primaryImageOfPage\":{\"@id\":\"https:\/\/activeluxe-cosmetics.com\/rs\/izdelek\/glamour-lash-maskara-za-bezvremenski-volumen\/#primaryimage\"},\"image\":{\"@id\":\"https:\/\/activeluxe-cosmetics.com\/rs\/izdelek\/glamour-lash-maskara-za-bezvremenski-volumen\/#primaryimage\"},\"thumbnailUrl\":\"https:\/\/activeluxe-cosmetics.com\/rs\/wp-content\/uploads\/2024\/01\/product_gallery-3.jpg\",\"datePublished\":\"2024-01-10T14:17:54+00:00\",\"dateModified\":\"2026-01-12T08:23:38+00:00\",\"description\":\"Maskara za guste trepavice Glamour Lash. Kra\u0107e vrijeme \u0161minkanja. Dohva\u0107a svaku trepavicu i pru\u017ea bezvremenski volumen i gusto\u0107u.\",\"breadcrumb\":{\"@id\":\"https:\/\/activeluxe-cosmetics.com\/rs\/izdelek\/glamour-lash-maskara-za-bezvremenski-volumen\/#breadcrumb\"},\"inLanguage\":\"hr\",\"potentialAction\":[{\"@type\":\"ReadAction\",\"target\":[\"https:\/\/activeluxe-cosmetics.com\/rs\/izdelek\/glamour-lash-maskara-za-bezvremenski-volumen\/\"]}]},{\"@type\":\"ImageObject\",\"inLanguage\":\"hr\",\"@id\":\"https:\/\/activeluxe-cosmetics.com\/rs\/izdelek\/glamour-lash-maskara-za-bezvremenski-volumen\/#primaryimage\",\"url\":\"https:\/\/activeluxe-cosmetics.com\/rs\/wp-content\/uploads\/2024\/01\/product_gallery-3.jpg\",\"contentUrl\":\"https:\/\/activeluxe-cosmetics.com\/rs\/wp-content\/uploads\/2024\/01\/product_gallery-3.jpg\",\"width\":515,\"height\":666},{\"@type\":\"BreadcrumbList\",\"@id\":\"https:\/\/activeluxe-cosmetics.com\/rs\/izdelek\/glamour-lash-maskara-za-bezvremenski-volumen\/#breadcrumb\",\"itemListElement\":[{\"@type\":\"ListItem\",\"position\":1,\"name\":\"Naslovnica\",\"item\":\"https:\/\/activeluxe-cosmetics.com\/rs\/\"},{\"@type\":\"ListItem\",\"position\":2,\"name\":\"Trgovina\",\"item\":\"https:\/\/activeluxe-cosmetics.com\/rs\/trgovina\/\"},{\"@type\":\"ListItem\",\"position\":3,\"name\":\"Glamour Lash maskara\"}]},{\"@type\":\"WebSite\",\"@id\":\"https:\/\/activeluxe-cosmetics.com\/rs\/#website\",\"url\":\"https:\/\/activeluxe-cosmetics.com\/rs\/\",\"name\":\"Active Luxe Cosmetics\",\"description\":\"\",\"potentialAction\":[{\"@type\":\"SearchAction\",\"target\":{\"@type\":\"EntryPoint\",\"urlTemplate\":\"https:\/\/activeluxe-cosmetics.com\/rs\/?s={search_term_string}\"},\"query-input\":{\"@type\":\"PropertyValueSpecification\",\"valueRequired\":true,\"valueName\":\"search_term_string\"}}],\"inLanguage\":\"hr\"}]}<\/script>\n<!-- \/ Yoast SEO plugin. -->","yoast_head_json":{"title":"Glamour Lash maskara - Active Luxe Cosmetics","description":"Maskara za guste trepavice Glamour Lash. Kra\u0107e vrijeme \u0161minkanja. Dohva\u0107a svaku trepavicu i pru\u017ea bezvremenski volumen i gusto\u0107u.","robots":{"index":"index","follow":"follow","max-snippet":"max-snippet:-1","max-image-preview":"max-image-preview:large","max-video-preview":"max-video-preview:-1"},"canonical":"https:\/\/activeluxe-cosmetics.com\/rs\/izdelek\/glamour-lash-maskara-za-bezvremenski-volumen\/","og_locale":"hr_HR","og_type":"article","og_title":"Glamour Lash maskara - Active Luxe Cosmetics","og_description":"Maskara za guste trepavice Glamour Lash. Kra\u0107e vrijeme \u0161minkanja. Dohva\u0107a svaku trepavicu i pru\u017ea bezvremenski volumen i gusto\u0107u.","og_url":"https:\/\/activeluxe-cosmetics.com\/rs\/izdelek\/glamour-lash-maskara-za-bezvremenski-volumen\/","og_site_name":"Active Luxe Cosmetics","article_modified_time":"2026-01-12T08:23:38+00:00","og_image":[{"width":515,"height":666,"url":"https:\/\/activeluxe-cosmetics.com\/rs\/wp-content\/uploads\/2024\/01\/product_gallery-3.jpg","type":"image\/jpeg"}],"twitter_card":"summary_large_image","twitter_misc":{"Procijenjeno vrijeme \u010ditanja":"3 minute"},"schema":{"@context":"https:\/\/schema.org","@graph":[{"@type":"WebPage","@id":"https:\/\/activeluxe-cosmetics.com\/rs\/izdelek\/glamour-lash-maskara-za-bezvremenski-volumen\/","url":"https:\/\/activeluxe-cosmetics.com\/rs\/izdelek\/glamour-lash-maskara-za-bezvremenski-volumen\/","name":"Glamour Lash maskara - Active Luxe Cosmetics","isPartOf":{"@id":"https:\/\/activeluxe-cosmetics.com\/rs\/#website"},"primaryImageOfPage":{"@id":"https:\/\/activeluxe-cosmetics.com\/rs\/izdelek\/glamour-lash-maskara-za-bezvremenski-volumen\/#primaryimage"},"image":{"@id":"https:\/\/activeluxe-cosmetics.com\/rs\/izdelek\/glamour-lash-maskara-za-bezvremenski-volumen\/#primaryimage"},"thumbnailUrl":"https:\/\/activeluxe-cosmetics.com\/rs\/wp-content\/uploads\/2024\/01\/product_gallery-3.jpg","datePublished":"2024-01-10T14:17:54+00:00","dateModified":"2026-01-12T08:23:38+00:00","description":"Maskara za guste trepavice Glamour Lash. Kra\u0107e vrijeme \u0161minkanja. Dohva\u0107a svaku trepavicu i pru\u017ea bezvremenski volumen i gusto\u0107u.","breadcrumb":{"@id":"https:\/\/activeluxe-cosmetics.com\/rs\/izdelek\/glamour-lash-maskara-za-bezvremenski-volumen\/#breadcrumb"},"inLanguage":"hr","potentialAction":[{"@type":"ReadAction","target":["https:\/\/activeluxe-cosmetics.com\/rs\/izdelek\/glamour-lash-maskara-za-bezvremenski-volumen\/"]}]},{"@type":"ImageObject","inLanguage":"hr","@id":"https:\/\/activeluxe-cosmetics.com\/rs\/izdelek\/glamour-lash-maskara-za-bezvremenski-volumen\/#primaryimage","url":"https:\/\/activeluxe-cosmetics.com\/rs\/wp-content\/uploads\/2024\/01\/product_gallery-3.jpg","contentUrl":"https:\/\/activeluxe-cosmetics.com\/rs\/wp-content\/uploads\/2024\/01\/product_gallery-3.jpg","width":515,"height":666},{"@type":"BreadcrumbList","@id":"https:\/\/activeluxe-cosmetics.com\/rs\/izdelek\/glamour-lash-maskara-za-bezvremenski-volumen\/#breadcrumb","itemListElement":[{"@type":"ListItem","position":1,"name":"Naslovnica","item":"https:\/\/activeluxe-cosmetics.com\/rs\/"},{"@type":"ListItem","position":2,"name":"Trgovina","item":"https:\/\/activeluxe-cosmetics.com\/rs\/trgovina\/"},{"@type":"ListItem","position":3,"name":"Glamour Lash maskara"}]},{"@type":"WebSite","@id":"https:\/\/activeluxe-cosmetics.com\/rs\/#website","url":"https:\/\/activeluxe-cosmetics.com\/rs\/","name":"Active Luxe Cosmetics","description":"","potentialAction":[{"@type":"SearchAction","target":{"@type":"EntryPoint","urlTemplate":"https:\/\/activeluxe-cosmetics.com\/rs\/?s={search_term_string}"},"query-input":{"@type":"PropertyValueSpecification","valueRequired":true,"valueName":"search_term_string"}}],"inLanguage":"hr"}]}},"_links":{"self":[{"href":"https:\/\/activeluxe-cosmetics.com\/rs\/wp-json\/wp\/v2\/product\/72179","targetHints":{"allow":["GET"]}}],"collection":[{"href":"https:\/\/activeluxe-cosmetics.com\/rs\/wp-json\/wp\/v2\/product"}],"about":[{"href":"https:\/\/activeluxe-cosmetics.com\/rs\/wp-json\/wp\/v2\/types\/product"}],"replies":[{"embeddable":true,"href":"https:\/\/activeluxe-cosmetics.com\/rs\/wp-json\/wp\/v2\/comments?post=72179"}],"wp:featuredmedia":[{"embeddable":true,"href":"https:\/\/activeluxe-cosmetics.com\/rs\/wp-json\/wp\/v2\/media\/80629"}],"wp:attachment":[{"href":"https:\/\/activeluxe-cosmetics.com\/rs\/wp-json\/wp\/v2\/media?parent=72179"}],"wp:term":[{"taxonomy":"product_brand","embeddable":true,"href":"https:\/\/activeluxe-cosmetics.com\/rs\/wp-json\/wp\/v2\/product_brand?post=72179"},{"taxonomy":"product_cat","embeddable":true,"href":"https:\/\/activeluxe-cosmetics.com\/rs\/wp-json\/wp\/v2\/product_cat?post=72179"},{"taxonomy":"product_tag","embeddable":true,"href":"https:\/\/activeluxe-cosmetics.com\/rs\/wp-json\/wp\/v2\/product_tag?post=72179"}],"curies":[{"name":"wp","href":"https:\/\/api.w.org\/{rel}","templated":true}]}}