{"id":81943,"date":"2024-04-09T08:58:45","date_gmt":"2024-04-09T06:58:45","guid":{"rendered":"https:\/\/activeluxe-cosmetics.com\/rs\/?page_id=81943"},"modified":"2024-04-10T11:26:07","modified_gmt":"2024-04-10T09:26:07","slug":"saradnje-sa-influencerji","status":"publish","type":"page","link":"https:\/\/activeluxe-cosmetics.com\/rs\/saradnje-sa-influencerji\/","title":{"rendered":"Saradnje sa influencerji"},"content":{"rendered":"\n\t<section class=\"section\" id=\"section_1436997230\">\n\t\t<div class=\"bg section-bg fill bg-fill  bg-loaded\" >\n\n\t\t\t\n\t\t\t\n\t\t\t\n\n\t\t<\/div>\n\n\t\t\n\n\t\t<div class=\"section-content relative\">\n\t\t\t\n\n<div class=\"row align-center\"  id=\"row-1380974583\">\n\n\n\t<div id=\"col-698448614\" class=\"col medium-6 small-12 large-6\"  >\n\t\t\t\t<div class=\"col-inner text-center\"  >\n\t\t\t\n\t\t\t\n\n\t<div class=\"img has-hover al-img-auto x md-x lg-x y md-y lg-y\" id=\"image_2004635859\">\n\t\t\t\t\t\t\t\t<div class=\"img-inner dark\" >\n\t\t\t\t\t\t\t\t\t\n\t\t\t\t\t<\/div>\n\t\t\t\t\t\t\t\t\n<style>\n#image_2004635859 {\n  width: 100%;\n}\n<\/style>\n\t<\/div>\n\t\n\n\t<div id=\"text-1885861847\" class=\"text al-p-48\">\n\t\t\n\n<h2>Da li \u017eelite da budete aktivni?<strong> Kontaktirajte nas za saradnju!<\/strong><\/h2>\n\t\t\t<\/div>\n\t\n\n\t\t<\/div>\n\t\t\t\t\t<\/div>\n\n\t\n\n\n<style>\n#row-1380974583 > .col > .col-inner {\n  padding: 0px 0px 0px 0px;\n}\n@media (min-width:550px) {\n  #row-1380974583 > .col > .col-inner {\n    padding: 30px 0px 0px 0px;\n  }\n}\n<\/style>\n<\/div>\n\n\t\t<\/div>\n\n\t\t\n<style>\n#section_1436997230 {\n  padding-top: 30px;\n  padding-bottom: 30px;\n}\n@media (min-width:550px) {\n  #section_1436997230 {\n    padding-top: 50px;\n    padding-bottom: 50px;\n  }\n}\n<\/style>\n\t<\/section>\n\t\n\t<section class=\"section\" id=\"section_1291176557\">\n\t\t<div class=\"bg section-bg fill bg-fill  bg-loaded\" >\n\n\t\t\t\n\t\t\t\n\t\t\t\n\n\t\t<\/div>\n\n\t\t\n\n\t\t<div class=\"section-content relative\">\n\t\t\t\n\n<div class=\"row align-middle\"  id=\"row-118290806\">\n\n\n\t<div id=\"col-340170747\" class=\"col medium-6 small-12 large-6\"  >\n\t\t\t\t<div class=\"col-inner\"  >\n\t\t\t\n\t\t\t\n\n\t<div class=\"img has-hover x md-x lg-x y md-y lg-y\" id=\"image_1962993030\">\n\t\t\t\t\t\t\t\t<div class=\"img-inner dark\" >\n\t\t\t<img loading=\"lazy\" decoding=\"async\" width=\"610\" height=\"645\" src=\"https:\/\/activeluxe-cosmetics.com\/rs\/wp-content\/uploads\/2024\/04\/Group-563-1.jpg\" class=\"attachment-original size-original\" alt=\"\" srcset=\"https:\/\/activeluxe-cosmetics.com\/rs\/wp-content\/uploads\/2024\/04\/Group-563-1.jpg 610w, https:\/\/activeluxe-cosmetics.com\/rs\/wp-content\/uploads\/2024\/04\/Group-563-1-460x486.jpg 460w, https:\/\/activeluxe-cosmetics.com\/rs\/wp-content\/uploads\/2024\/04\/Group-563-1-600x634.jpg 600w\" sizes=\"auto, (max-width: 610px) 100vw, 610px\" \/>\t\t\t\t\t\t\n\t\t\t\t\t<\/div>\n\t\t\t\t\t\t\t\t\n<style>\n#image_1962993030 {\n  width: 100%;\n}\n<\/style>\n\t<\/div>\n\t\n\n\n\t\t<\/div>\n\t\t\t\t\t<\/div>\n\n\t\n\n\t<div id=\"col-839749286\" class=\"col medium-6 small-12 large-6\"  >\n\t\t\t\t<div class=\"col-inner text-left\"  >\n\t\t\t\n\t\t\t\n\n\t<div id=\"text-365779083\" class=\"text al-p-40\">\n\t\t\n\n<h3>Isprobajte <strong>vrhunske kozmeti\u010dke proizvode Active Luxe<\/strong>  i u\u017eivajte u svojoj <strong>kreativnosti<\/strong>!<\/h3>\n\t\t\t<\/div>\n\t\n\t<div id=\"gap-1785213475\" class=\"gap-element clearfix\" style=\"display:block; height:auto;\">\n\t\t\n<style>\n#gap-1785213475 {\n  padding-top: 30px;\n}\n<\/style>\n\t<\/div>\n\t\n\n\t<div id=\"text-3133414438\" class=\"text al-p-18\">\n\t\t\n\n<p><span style=\"font-weight: 400;\">\u2714 Da li volite svet prirodne lepote i kozmetike?<\/span><\/p>\n<p>\u00a0<\/p>\n<p><span style=\"font-weight: 400;\">\u2714 Da li volite da kreirate zanimljiv sadr\u017eaj za dru\u0161tvene mre\u017ee?<\/span><\/p>\n<p>\u00a0<\/p>\n<p>\u2714\ufe0e Da li \u017eelite da se zabavite i isprobate odli\u010dne kozmeti\u010dke proizvode?<\/p>\n<p>\u00a0<\/p>\n<p><strong>Ako je va\u0161 odgovor da, onda tra\u017eimo ba\u0161 vas! \ud83e\udd70<\/strong><\/p>\n\t\t\t<\/div>\n\t\n\n\t\t<\/div>\n\t\t\t\t\n<style>\n#col-839749286 > .col-inner {\n  padding: 0px 0px 0px 0px;\n}\n@media (min-width:550px) {\n  #col-839749286 > .col-inner {\n    padding: 0px 30px 0px 30px;\n  }\n}\n<\/style>\n\t<\/div>\n\n\t\n\n<\/div>\n\t<div id=\"gap-1841826013\" class=\"gap-element clearfix\" style=\"display:block; height:auto;\">\n\t\t\n<style>\n#gap-1841826013 {\n  padding-top: 30px;\n}\n@media (min-width:550px) {\n  #gap-1841826013 {\n    padding-top: 60px;\n  }\n}\n<\/style>\n\t<\/div>\n\t\n\n<div class=\"row align-middle\"  id=\"row-1992790854\">\n\n\n\t<div id=\"col-694790333\" class=\"col medium-6 small-12 large-6\"  >\n\t\t\t\t<div class=\"col-inner text-left\"  >\n\t\t\t\n\t\t\t\n\n\t<div id=\"text-3041633293\" class=\"text al-p-40\">\n\t\t\n\n<h3><strong>Postani deo <\/strong> na\u0161e <strong>Active Luxe Cosmetics porodice<\/strong><\/h3>\n\t\t\t<\/div>\n\t\n\t<div id=\"gap-1058230439\" class=\"gap-element clearfix\" style=\"display:block; height:auto;\">\n\t\t\n<style>\n#gap-1058230439 {\n  padding-top: 30px;\n}\n<\/style>\n\t<\/div>\n\t\n\n\t<div id=\"text-2049961523\" class=\"text al-p-18\">\n\t\t\n\n<p>Istaknite svoju prirodnu lepotu sa vrhunskim Active Luxe proizvodima, isprobajte ih i prika\u017eite sve zajedno kroz simpati\u010dne fotografije i video sadr\u017eaj..&nbsp;<\/p>\n<p>\u00a0<\/p>\n<p>Prijavite se tako \u0161to c\u0301ete nam poslati:<\/p>\n<p>\u00a0<\/p>\n<p>\u2714\ufe0e kratak opis o sebi,<\/p>\n<p>\u2714\ufe0e linkove do va\u0161ih profila na dru\u0161tvenim mre\u017eama<\/p>\n\t\t\t<\/div>\n\t\n\n\t\t<\/div>\n\t\t\t\t\n<style>\n#col-694790333 > .col-inner {\n  padding: 0px 0px 0px 0px;\n}\n@media (min-width:550px) {\n  #col-694790333 > .col-inner {\n    padding: 0px 60px 0px 0px;\n  }\n}\n<\/style>\n\t<\/div>\n\n\t\n\n\t<div id=\"col-1046271234\" class=\"col medium-6 small-12 large-6 small-col-first\"  >\n\t\t\t\t<div class=\"col-inner\"  >\n\t\t\t\n\t\t\t\n\n\t<div class=\"img has-hover x md-x lg-x y md-y lg-y\" id=\"image_1136472930\">\n\t\t\t\t\t\t\t\t<div class=\"img-inner dark\" >\n\t\t\t<img loading=\"lazy\" decoding=\"async\" width=\"610\" height=\"646\" src=\"https:\/\/activeluxe-cosmetics.com\/rs\/wp-content\/uploads\/2024\/04\/Group-565-1.jpg\" class=\"attachment-original size-original\" alt=\"\" srcset=\"https:\/\/activeluxe-cosmetics.com\/rs\/wp-content\/uploads\/2024\/04\/Group-565-1.jpg 610w, https:\/\/activeluxe-cosmetics.com\/rs\/wp-content\/uploads\/2024\/04\/Group-565-1-460x487.jpg 460w, https:\/\/activeluxe-cosmetics.com\/rs\/wp-content\/uploads\/2024\/04\/Group-565-1-600x635.jpg 600w\" sizes=\"auto, (max-width: 610px) 100vw, 610px\" \/>\t\t\t\t\t\t\n\t\t\t\t\t<\/div>\n\t\t\t\t\t\t\t\t\n<style>\n#image_1136472930 {\n  width: 100%;\n}\n<\/style>\n\t<\/div>\n\t\n\n\n\t\t<\/div>\n\t\t\t\t\t<\/div>\n\n\t\n\n<\/div>\n\n\t\t<\/div>\n\n\t\t\n<style>\n#section_1291176557 {\n  padding-top: 0px;\n  padding-bottom: 0px;\n}\n@media (min-width:550px) {\n  #section_1291176557 {\n    padding-top: 30px;\n    padding-bottom: 30px;\n  }\n}\n<\/style>\n\t<\/section>\n\t\n\t<div id=\"gap-133084238\" class=\"gap-element clearfix\" style=\"display:block; height:auto;\">\n\t\t\n<style>\n#gap-133084238 {\n  padding-top: 40px;\n}\n<\/style>\n\t<\/div>\n\t\n\n\t<section class=\"section\" id=\"section_601093545\">\n\t\t<div class=\"bg section-bg fill bg-fill  \" >\n\n\t\t\t\n\t\t\t\n\t\t\t\n\n\t\t<\/div>\n\n\t\t\n\n\t\t<div class=\"section-content relative\">\n\t\t\t\n\n<div class=\"row align-center\"  id=\"row-98261734\">\n\n\n\t<div id=\"col-577652026\" class=\"col medium-11 small-12 large-11\"  >\n\t\t\t\t<div class=\"col-inner text-center\"  >\n\t\t\t\n\t\t\t\n\n\t<div id=\"text-2223420399\" class=\"text al-p-40\">\n\t\t\n\n<h3><strong>Gde se prijavljujete?<\/strong><\/h3>\n\t\t\t<\/div>\n\t\n\t<div id=\"gap-406048454\" class=\"gap-element clearfix\" style=\"display:block; height:auto;\">\n\t\t\n<style>\n#gap-406048454 {\n  padding-top: 30px;\n}\n<\/style>\n\t<\/div>\n\t\n\n\t<div id=\"text-2240731207\" class=\"text al-p-20\">\n\t\t\n\n<p>Po\u0161aljite nam mail na <a href=\"mailto:collabrs@activeluxe-cosmetics.com\"><em><strong>collabrs@activeluxe-cosmetics.com<\/strong><\/em><\/a>&nbsp;<\/p>\n<p>Dogovara\u0107emo se o mogu\u0107im saradnjema i odgovoriti na sva moguc\u0301a pitanja. \ud83d\ude42<\/p>\n\t\t\t<\/div>\n\t\n\n\t\t<\/div>\n\t\t\t\t\n<style>\n#col-577652026 > .col-inner {\n  padding: 0px 0px 0px 0px;\n}\n@media (min-width:550px) {\n  #col-577652026 > .col-inner {\n    padding: 50px 0px 50px 0px;\n  }\n}\n<\/style>\n\t<\/div>\n\n\t\n\n<\/div>\n\n\t\t<\/div>\n\n\t\t\n<style>\n#section_601093545 {\n  padding-top: 30px;\n  padding-bottom: 30px;\n}\n#section_601093545 .section-bg.bg-loaded {\n  background-image: url(https:\/\/activeluxe-cosmetics.com\/rs\/wp-content\/uploads\/2024\/04\/Mask-group-15.jpg);\n}\n#section_601093545 .section-bg {\n  background-position: top;\n}\n<\/style>\n\t<\/section>\n\t\n\t<section class=\"section\" id=\"section_549787684\">\n\t\t<div class=\"bg section-bg fill bg-fill  bg-loaded\" >\n\n\t\t\t\n\t\t\t\n\t\t\t\n\n\t\t<\/div>\n\n\t\t\n\n\t\t<div class=\"section-content relative\">\n\t\t\t\n\n<div class=\"row\"  id=\"row-2126412168\">\n\n\n\t<div id=\"col-1855942668\" class=\"col small-12 large-12\"  >\n\t\t\t\t<div class=\"col-inner text-center\"  >\n\t\t\t\n\t\t\t\n\n\t<div id=\"text-3356275633\" class=\"text al-p-22\">\n\t\t\n\n<h3><strong>Radujemo se budu\u0107oj saradnji!\u00a0 \u00a0\u00a0<\/strong><\/h3>\n\t\t\t<\/div>\n\t\n\n\t\t<\/div>\n\t\t\t\t\t<\/div>\n\n\t\n\n<\/div>\n\n\t\t<\/div>\n\n\t\t\n<style>\n#section_549787684 {\n  padding-top: 30px;\n  padding-bottom: 30px;\n}\n@media (min-width:550px) {\n  #section_549787684 {\n    padding-top: 50px;\n    padding-bottom: 50px;\n  }\n}\n<\/style>\n\t<\/section>\n\t\n\n","protected":false},"excerpt":{"rendered":"","protected":false},"author":6,"featured_media":0,"parent":0,"menu_order":0,"comment_status":"closed","ping_status":"closed","template":"","meta":{"footnotes":""},"class_list":["post-81943","page","type-page","status-publish","hentry"],"acf":[],"yoast_head":"<!-- This site is optimized with the Yoast SEO plugin v26.5 - https:\/\/yoast.com\/wordpress\/plugins\/seo\/ -->\n<title>Saradnje sa influencerji - Active Luxe Cosmetics<\/title>\n<meta name=\"robots\" content=\"index, follow, max-snippet:-1, max-image-preview:large, max-video-preview:-1\" \/>\n<link rel=\"canonical\" href=\"https:\/\/activeluxe-cosmetics.com\/rs\/saradnje-sa-influencerji\/\" \/>\n<meta property=\"og:locale\" content=\"hr_HR\" \/>\n<meta property=\"og:type\" content=\"article\" \/>\n<meta property=\"og:title\" content=\"Saradnje sa influencerji - Active Luxe Cosmetics\" \/>\n<meta property=\"og:url\" content=\"https:\/\/activeluxe-cosmetics.com\/rs\/saradnje-sa-influencerji\/\" \/>\n<meta property=\"og:site_name\" content=\"Active Luxe Cosmetics\" \/>\n<meta property=\"article:modified_time\" content=\"2024-04-10T09:26:07+00:00\" \/>\n<meta name=\"twitter:card\" content=\"summary_large_image\" \/>\n<script type=\"application\/ld+json\" class=\"yoast-schema-graph\">{\"@context\":\"https:\/\/schema.org\",\"@graph\":[{\"@type\":\"WebPage\",\"@id\":\"https:\/\/activeluxe-cosmetics.com\/rs\/saradnje-sa-influencerji\/\",\"url\":\"https:\/\/activeluxe-cosmetics.com\/rs\/saradnje-sa-influencerji\/\",\"name\":\"Saradnje sa influencerji - Active Luxe Cosmetics\",\"isPartOf\":{\"@id\":\"https:\/\/activeluxe-cosmetics.com\/rs\/#website\"},\"datePublished\":\"2024-04-09T06:58:45+00:00\",\"dateModified\":\"2024-04-10T09:26:07+00:00\",\"breadcrumb\":{\"@id\":\"https:\/\/activeluxe-cosmetics.com\/rs\/saradnje-sa-influencerji\/#breadcrumb\"},\"inLanguage\":\"hr\",\"potentialAction\":[{\"@type\":\"ReadAction\",\"target\":[\"https:\/\/activeluxe-cosmetics.com\/rs\/saradnje-sa-influencerji\/\"]}]},{\"@type\":\"BreadcrumbList\",\"@id\":\"https:\/\/activeluxe-cosmetics.com\/rs\/saradnje-sa-influencerji\/#breadcrumb\",\"itemListElement\":[{\"@type\":\"ListItem\",\"position\":1,\"name\":\"Naslovnica\",\"item\":\"https:\/\/activeluxe-cosmetics.com\/rs\/\"},{\"@type\":\"ListItem\",\"position\":2,\"name\":\"Saradnje sa influencerji\"}]},{\"@type\":\"WebSite\",\"@id\":\"https:\/\/activeluxe-cosmetics.com\/rs\/#website\",\"url\":\"https:\/\/activeluxe-cosmetics.com\/rs\/\",\"name\":\"Active Luxe Cosmetics\",\"description\":\"\",\"potentialAction\":[{\"@type\":\"SearchAction\",\"target\":{\"@type\":\"EntryPoint\",\"urlTemplate\":\"https:\/\/activeluxe-cosmetics.com\/rs\/?s={search_term_string}\"},\"query-input\":{\"@type\":\"PropertyValueSpecification\",\"valueRequired\":true,\"valueName\":\"search_term_string\"}}],\"inLanguage\":\"hr\"}]}<\/script>\n<!-- \/ Yoast SEO plugin. -->","yoast_head_json":{"title":"Saradnje sa influencerji - Active Luxe Cosmetics","robots":{"index":"index","follow":"follow","max-snippet":"max-snippet:-1","max-image-preview":"max-image-preview:large","max-video-preview":"max-video-preview:-1"},"canonical":"https:\/\/activeluxe-cosmetics.com\/rs\/saradnje-sa-influencerji\/","og_locale":"hr_HR","og_type":"article","og_title":"Saradnje sa influencerji - Active Luxe Cosmetics","og_url":"https:\/\/activeluxe-cosmetics.com\/rs\/saradnje-sa-influencerji\/","og_site_name":"Active Luxe Cosmetics","article_modified_time":"2024-04-10T09:26:07+00:00","twitter_card":"summary_large_image","schema":{"@context":"https:\/\/schema.org","@graph":[{"@type":"WebPage","@id":"https:\/\/activeluxe-cosmetics.com\/rs\/saradnje-sa-influencerji\/","url":"https:\/\/activeluxe-cosmetics.com\/rs\/saradnje-sa-influencerji\/","name":"Saradnje sa influencerji - Active Luxe Cosmetics","isPartOf":{"@id":"https:\/\/activeluxe-cosmetics.com\/rs\/#website"},"datePublished":"2024-04-09T06:58:45+00:00","dateModified":"2024-04-10T09:26:07+00:00","breadcrumb":{"@id":"https:\/\/activeluxe-cosmetics.com\/rs\/saradnje-sa-influencerji\/#breadcrumb"},"inLanguage":"hr","potentialAction":[{"@type":"ReadAction","target":["https:\/\/activeluxe-cosmetics.com\/rs\/saradnje-sa-influencerji\/"]}]},{"@type":"BreadcrumbList","@id":"https:\/\/activeluxe-cosmetics.com\/rs\/saradnje-sa-influencerji\/#breadcrumb","itemListElement":[{"@type":"ListItem","position":1,"name":"Naslovnica","item":"https:\/\/activeluxe-cosmetics.com\/rs\/"},{"@type":"ListItem","position":2,"name":"Saradnje sa influencerji"}]},{"@type":"WebSite","@id":"https:\/\/activeluxe-cosmetics.com\/rs\/#website","url":"https:\/\/activeluxe-cosmetics.com\/rs\/","name":"Active Luxe Cosmetics","description":"","potentialAction":[{"@type":"SearchAction","target":{"@type":"EntryPoint","urlTemplate":"https:\/\/activeluxe-cosmetics.com\/rs\/?s={search_term_string}"},"query-input":{"@type":"PropertyValueSpecification","valueRequired":true,"valueName":"search_term_string"}}],"inLanguage":"hr"}]}},"_links":{"self":[{"href":"https:\/\/activeluxe-cosmetics.com\/rs\/wp-json\/wp\/v2\/pages\/81943","targetHints":{"allow":["GET"]}}],"collection":[{"href":"https:\/\/activeluxe-cosmetics.com\/rs\/wp-json\/wp\/v2\/pages"}],"about":[{"href":"https:\/\/activeluxe-cosmetics.com\/rs\/wp-json\/wp\/v2\/types\/page"}],"author":[{"embeddable":true,"href":"https:\/\/activeluxe-cosmetics.com\/rs\/wp-json\/wp\/v2\/users\/6"}],"replies":[{"embeddable":true,"href":"https:\/\/activeluxe-cosmetics.com\/rs\/wp-json\/wp\/v2\/comments?post=81943"}],"version-history":[{"count":10,"href":"https:\/\/activeluxe-cosmetics.com\/rs\/wp-json\/wp\/v2\/pages\/81943\/revisions"}],"predecessor-version":[{"id":81966,"href":"https:\/\/activeluxe-cosmetics.com\/rs\/wp-json\/wp\/v2\/pages\/81943\/revisions\/81966"}],"wp:attachment":[{"href":"https:\/\/activeluxe-cosmetics.com\/rs\/wp-json\/wp\/v2\/media?parent=81943"}],"curies":[{"name":"wp","href":"https:\/\/api.w.org\/{rel}","templated":true}]}}