{"id":80938,"date":"2024-01-29T12:42:19","date_gmt":"2024-01-29T12:42:19","guid":{"rendered":"https:\/\/activeluxe-cosmetics.com\/rs\/?page_id=80938"},"modified":"2024-02-13T13:27:57","modified_gmt":"2024-02-13T12:27:57","slug":"podaci-o-dostavi","status":"publish","type":"page","link":"https:\/\/activeluxe-cosmetics.com\/rs\/podaci-o-dostavi\/","title":{"rendered":"Podaci o dostavi"},"content":{"rendered":"\n\t<section class=\"section al-page-title-section\" id=\"section_1936769629\">\n\t\t<div class=\"bg section-bg fill bg-fill  bg-loaded\" >\n\n\t\t\t\n\t\t\t\n\t\t\t\n\n\t\t<\/div>\n\n\t\t\n\n\t\t<div class=\"section-content relative\">\n\t\t\t\n\n<div class=\"row\"  id=\"row-2074693785\">\n\n\n\t<div id=\"col-1475337704\" class=\"col small-12 large-12\"  >\n\t\t\t\t<div class=\"col-inner\"  >\n\t\t\t\n\t\t\t\n\n\t<div id=\"text-1764831145\" class=\"text al-p-48\">\n\t\t\n\n<h2>Podaci o dostavi<\/h2>\n\t\t\n<style>\n#text-1764831145 {\n  text-align: center;\n}\n<\/style>\n\t<\/div>\n\t\n\n\t\t<\/div>\n\t\t\t\t\t<\/div>\n\n\t\n\n<\/div>\n\n\t\t<\/div>\n\n\t\t\n<style>\n#section_1936769629 {\n  padding-top: 50px;\n  padding-bottom: 50px;\n}\n<\/style>\n\t<\/section>\n\t\n\t<section class=\"section\" id=\"section_1740984955\">\n\t\t<div class=\"bg section-bg fill bg-fill  bg-loaded\" >\n\n\t\t\t\n\t\t\t\n\t\t\t\n\n\t\t<\/div>\n\n\t\t\n\n\t\t<div class=\"section-content relative\">\n\t\t\t\n\n<div class=\"row\"  id=\"row-242959381\">\n\n\n\t<div id=\"col-434320686\" class=\"col small-12 large-12\"  >\n\t\t\t\t<div class=\"col-inner\"  >\n\t\t\t\n\t\t\t\n\n\t<div id=\"text-2252461011\" class=\"text al-p-16\">\n\t\t\n\n<p><strong>O\u0161te\u0107enje proizvoda<\/strong><\/p>\n<p>Kupac je du\u017ean da prilikom preuzimanja proizvoda pa\u017eljivo pregleda ambala\u017eu i njen sadr\u017eaj. U slu\u010daju o\u0161te\u0107enja na proizvodu, kupac je du\u017ean da odmah prijavi \u0161tetu kuriru. Kupac je du\u017ean da sa po\u0161tanskim radnicima sastaviti slu\u017ebeni izve\u0161taj, i da sa posebnom pa\u017enjom popuni rubriku o stanju ambala\u017ee i proizvoda. Kupac \u0107e predati o\u0161te\u0107eni proizvod koji \u0107e zajedno sa slu\u017ebenim zapisnikom o tro\u0161ku firme Medilip d.o.o. biti poslat na adresu po\u0161iljaoca. Po prijemu o\u0161te\u0107enog proizvoda, kupcu \u0107emo poslati novi proizvod u najkra\u0107em mogu\u0107em roku. U slu\u010daju da kupac uo\u010di o\u0161te\u0107enje nakon isporuke proizvoda, a najkasnije u roku od 30 dana od isporuke, o\u0161te\u0107enje treba da prijavi na <a href=\"mailto:podrska@active-luxecosmetics.com\">podrska@activeluxe-cosmetics.com<\/a> ili na broj telefona +381654569808 Uslov za prijavu o\u0161te\u0107enja na proizvodu u roku od 30 dana od isporuke je sa\u010duvana ambala\u017ea, na osnovu koje se pravi bele\u0161ka o tome gde je i kako nastalo o\u0161te\u0107enje. Tako\u0111e je po\u017eeljno da se o\u0161te\u0107enje snimi kamerom i da se fotografije po\u0161alju na podrska@derma-luxecosmetics.com. Naknadne reklamacije \u0161tete prenosioci proizvoda prihvataju samo izuzetno i na\u0161a kompanija ih ne mo\u017ee re\u0161avati u njihovo ime.<\/p>\n<p><strong>Na\u010din i tro\u0161kovi dostave<\/strong><\/p>\n<p>Ugovorni partner za dostavu po\u0161iljaka je BEX Srbija, koji ve\u0107inu paketa isporu\u010duje u roku od 24 do 48 sati. Cena dostave za Srbiju je oko 450RSD. Za onlajn porud\u017ebine iznad 5500RSD dostava je besplatna. Naru\u010dena roba \u0107e biti poslata na adresu koju ste naveli prilikom poru\u010divanja. Dostava je od ponedeljka do petka u jutarnjim satima. Veb-prodavnica ni na koji na\u010din ne snosi odgovornost za ka\u0161njenje u roku isporuke. U slu\u010daju da poru\u010denog proizvoda nema na zalihama, obavesti\u0107emo vas i predlo\u017eiti drugu ponudu ili nazna\u010diti rok isporuke za proizvod koji ste naru\u010dili.<\/p>\n<p><strong>Mi\u0161ljenje, predlozi<\/strong><\/p>\n<p>Va\u0161i predlozi i komentari su dobrodo\u0161li. Mo\u017eete nam pisati na adresu e-po\u0161te: <a href=\"mailto:podrska@active-luxecosmetics.com\">podrska@activeluxe-cosmetics.com<\/a><\/p>\n<p>Radujemo se svakom mi\u0161ljenju, na \u010demu vam se iskreno zahvaljujemo.<\/p>\n\t\t\t<\/div>\n\t\n\n\t\t<\/div>\n\t\t\t\t\t<\/div>\n\n\t\n\n<\/div>\n\n\t\t<\/div>\n\n\t\t\n<style>\n#section_1740984955 {\n  padding-top: 30px;\n  padding-bottom: 30px;\n}\n<\/style>\n\t<\/section>\n\t\n\n","protected":false},"excerpt":{"rendered":"","protected":false},"author":6,"featured_media":0,"parent":0,"menu_order":0,"comment_status":"closed","ping_status":"closed","template":"","meta":{"footnotes":""},"class_list":["post-80938","page","type-page","status-publish","hentry"],"acf":[],"yoast_head":"<!-- This site is optimized with the Yoast SEO plugin v26.5 - https:\/\/yoast.com\/wordpress\/plugins\/seo\/ -->\n<title>Podaci o dostavi - Active Luxe Cosmetics<\/title>\n<meta name=\"robots\" content=\"index, follow, max-snippet:-1, max-image-preview:large, max-video-preview:-1\" \/>\n<link rel=\"canonical\" href=\"https:\/\/activeluxe-cosmetics.com\/rs\/podaci-o-dostavi\/\" \/>\n<meta property=\"og:locale\" content=\"hr_HR\" \/>\n<meta property=\"og:type\" content=\"article\" \/>\n<meta property=\"og:title\" content=\"Podaci o dostavi - Active Luxe Cosmetics\" \/>\n<meta property=\"og:url\" content=\"https:\/\/activeluxe-cosmetics.com\/rs\/podaci-o-dostavi\/\" \/>\n<meta property=\"og:site_name\" content=\"Active Luxe Cosmetics\" \/>\n<meta property=\"article:modified_time\" content=\"2024-02-13T12:27:57+00:00\" \/>\n<meta name=\"twitter:card\" content=\"summary_large_image\" \/>\n<meta name=\"twitter:label1\" content=\"Procijenjeno vrijeme \u010ditanja\" \/>\n\t<meta name=\"twitter:data1\" content=\"2 minute\" \/>\n<script type=\"application\/ld+json\" class=\"yoast-schema-graph\">{\"@context\":\"https:\/\/schema.org\",\"@graph\":[{\"@type\":\"WebPage\",\"@id\":\"https:\/\/activeluxe-cosmetics.com\/rs\/podaci-o-dostavi\/\",\"url\":\"https:\/\/activeluxe-cosmetics.com\/rs\/podaci-o-dostavi\/\",\"name\":\"Podaci o dostavi - Active Luxe Cosmetics\",\"isPartOf\":{\"@id\":\"https:\/\/activeluxe-cosmetics.com\/rs\/#website\"},\"datePublished\":\"2024-01-29T12:42:19+00:00\",\"dateModified\":\"2024-02-13T12:27:57+00:00\",\"breadcrumb\":{\"@id\":\"https:\/\/activeluxe-cosmetics.com\/rs\/podaci-o-dostavi\/#breadcrumb\"},\"inLanguage\":\"hr\",\"potentialAction\":[{\"@type\":\"ReadAction\",\"target\":[\"https:\/\/activeluxe-cosmetics.com\/rs\/podaci-o-dostavi\/\"]}]},{\"@type\":\"BreadcrumbList\",\"@id\":\"https:\/\/activeluxe-cosmetics.com\/rs\/podaci-o-dostavi\/#breadcrumb\",\"itemListElement\":[{\"@type\":\"ListItem\",\"position\":1,\"name\":\"Naslovnica\",\"item\":\"https:\/\/activeluxe-cosmetics.com\/rs\/\"},{\"@type\":\"ListItem\",\"position\":2,\"name\":\"Podaci o dostavi\"}]},{\"@type\":\"WebSite\",\"@id\":\"https:\/\/activeluxe-cosmetics.com\/rs\/#website\",\"url\":\"https:\/\/activeluxe-cosmetics.com\/rs\/\",\"name\":\"Active Luxe Cosmetics\",\"description\":\"\",\"potentialAction\":[{\"@type\":\"SearchAction\",\"target\":{\"@type\":\"EntryPoint\",\"urlTemplate\":\"https:\/\/activeluxe-cosmetics.com\/rs\/?s={search_term_string}\"},\"query-input\":{\"@type\":\"PropertyValueSpecification\",\"valueRequired\":true,\"valueName\":\"search_term_string\"}}],\"inLanguage\":\"hr\"}]}<\/script>\n<!-- \/ Yoast SEO plugin. -->","yoast_head_json":{"title":"Podaci o dostavi - Active Luxe Cosmetics","robots":{"index":"index","follow":"follow","max-snippet":"max-snippet:-1","max-image-preview":"max-image-preview:large","max-video-preview":"max-video-preview:-1"},"canonical":"https:\/\/activeluxe-cosmetics.com\/rs\/podaci-o-dostavi\/","og_locale":"hr_HR","og_type":"article","og_title":"Podaci o dostavi - Active Luxe Cosmetics","og_url":"https:\/\/activeluxe-cosmetics.com\/rs\/podaci-o-dostavi\/","og_site_name":"Active Luxe Cosmetics","article_modified_time":"2024-02-13T12:27:57+00:00","twitter_card":"summary_large_image","twitter_misc":{"Procijenjeno vrijeme \u010ditanja":"2 minute"},"schema":{"@context":"https:\/\/schema.org","@graph":[{"@type":"WebPage","@id":"https:\/\/activeluxe-cosmetics.com\/rs\/podaci-o-dostavi\/","url":"https:\/\/activeluxe-cosmetics.com\/rs\/podaci-o-dostavi\/","name":"Podaci o dostavi - Active Luxe Cosmetics","isPartOf":{"@id":"https:\/\/activeluxe-cosmetics.com\/rs\/#website"},"datePublished":"2024-01-29T12:42:19+00:00","dateModified":"2024-02-13T12:27:57+00:00","breadcrumb":{"@id":"https:\/\/activeluxe-cosmetics.com\/rs\/podaci-o-dostavi\/#breadcrumb"},"inLanguage":"hr","potentialAction":[{"@type":"ReadAction","target":["https:\/\/activeluxe-cosmetics.com\/rs\/podaci-o-dostavi\/"]}]},{"@type":"BreadcrumbList","@id":"https:\/\/activeluxe-cosmetics.com\/rs\/podaci-o-dostavi\/#breadcrumb","itemListElement":[{"@type":"ListItem","position":1,"name":"Naslovnica","item":"https:\/\/activeluxe-cosmetics.com\/rs\/"},{"@type":"ListItem","position":2,"name":"Podaci o dostavi"}]},{"@type":"WebSite","@id":"https:\/\/activeluxe-cosmetics.com\/rs\/#website","url":"https:\/\/activeluxe-cosmetics.com\/rs\/","name":"Active Luxe Cosmetics","description":"","potentialAction":[{"@type":"SearchAction","target":{"@type":"EntryPoint","urlTemplate":"https:\/\/activeluxe-cosmetics.com\/rs\/?s={search_term_string}"},"query-input":{"@type":"PropertyValueSpecification","valueRequired":true,"valueName":"search_term_string"}}],"inLanguage":"hr"}]}},"_links":{"self":[{"href":"https:\/\/activeluxe-cosmetics.com\/rs\/wp-json\/wp\/v2\/pages\/80938","targetHints":{"allow":["GET"]}}],"collection":[{"href":"https:\/\/activeluxe-cosmetics.com\/rs\/wp-json\/wp\/v2\/pages"}],"about":[{"href":"https:\/\/activeluxe-cosmetics.com\/rs\/wp-json\/wp\/v2\/types\/page"}],"author":[{"embeddable":true,"href":"https:\/\/activeluxe-cosmetics.com\/rs\/wp-json\/wp\/v2\/users\/6"}],"replies":[{"embeddable":true,"href":"https:\/\/activeluxe-cosmetics.com\/rs\/wp-json\/wp\/v2\/comments?post=80938"}],"version-history":[{"count":6,"href":"https:\/\/activeluxe-cosmetics.com\/rs\/wp-json\/wp\/v2\/pages\/80938\/revisions"}],"predecessor-version":[{"id":81648,"href":"https:\/\/activeluxe-cosmetics.com\/rs\/wp-json\/wp\/v2\/pages\/80938\/revisions\/81648"}],"wp:attachment":[{"href":"https:\/\/activeluxe-cosmetics.com\/rs\/wp-json\/wp\/v2\/media?parent=80938"}],"curies":[{"name":"wp","href":"https:\/\/api.w.org\/{rel}","templated":true}]}}