{"id":80934,"date":"2024-01-29T12:38:17","date_gmt":"2024-01-29T12:38:17","guid":{"rendered":"https:\/\/activeluxe-cosmetics.com\/rs\/?page_id=80934"},"modified":"2024-07-30T12:58:50","modified_gmt":"2024-07-30T10:58:50","slug":"pravilnik-o-privatnosti","status":"publish","type":"page","link":"https:\/\/activeluxe-cosmetics.com\/rs\/pravilnik-o-privatnosti\/","title":{"rendered":"Pravilnik o privatnosti"},"content":{"rendered":"\n\t<section class=\"section al-page-title-section\" id=\"section_1267206422\">\n\t\t<div class=\"bg section-bg fill bg-fill  bg-loaded\" >\n\n\t\t\t\n\t\t\t\n\t\t\t\n\n\t\t<\/div>\n\n\t\t\n\n\t\t<div class=\"section-content relative\">\n\t\t\t\n\n<div class=\"row\"  id=\"row-1810560469\">\n\n\n\t<div id=\"col-1169130434\" class=\"col small-12 large-12\"  >\n\t\t\t\t<div class=\"col-inner\"  >\n\t\t\t\n\t\t\t\n\n\t<div id=\"text-1057373585\" class=\"text al-p-48\">\n\t\t\n\n<h2>Pravilnik o privatnosti<\/h2>\n\t\t\n<style>\n#text-1057373585 {\n  text-align: center;\n}\n<\/style>\n\t<\/div>\n\t\n\n\t\t<\/div>\n\t\t\t\t\t<\/div>\n\n\t\n\n<\/div>\n\n\t\t<\/div>\n\n\t\t\n<style>\n#section_1267206422 {\n  padding-top: 50px;\n  padding-bottom: 50px;\n}\n<\/style>\n\t<\/section>\n\t\n\t<section class=\"section\" id=\"section_1094305574\">\n\t\t<div class=\"bg section-bg fill bg-fill  bg-loaded\" >\n\n\t\t\t\n\t\t\t\n\t\t\t\n\n\t\t<\/div>\n\n\t\t\n\n\t\t<div class=\"section-content relative\">\n\t\t\t\n\n<div class=\"row\"  id=\"row-1611455907\">\n\n\n\t<div id=\"col-796116452\" class=\"col small-12 large-12\"  >\n\t\t\t\t<div class=\"col-inner\"  >\n\t\t\t\n\t\t\t\n\n\t<div id=\"text-2715362657\" class=\"text al-p-16\">\n\t\t\n\n<p><strong>Medilip Adria S d.o.o.<\/strong><\/p>\n<p><br \/>1) O Pravilniku o privatnosti Svrha Pravilnika o privatnosti Medilip Adria S d.o.o. (u nastavku: \u201ePravilnik o privatnosti\u201c) je upoznavanje korisnika usluga Medilip d.o.o. I drugih osoba (u nastavku se nazivaju: \u201epojedinci\u201c) sa svrhom i osnovom obrade li\u010dnih podataka od strane dru\u0161tva Medilip Adria S d.o.o., PAUNOVA 24, Vo\u017edovac , 11000 BEOGRAD, kao i pravima pojedinaca u toj oblasti. Preduze\u0107e obra\u0107a posebnu pa\u017enju na sigurnost va\u0161ih li\u010dnih podataka. Svi prikupljeni li\u010dni podaci se tretiraju sa punim poverenjem i koriste se u svrhu za koju su prikupljeni. Va\u0161im privatnim podacima upravljamo s najve\u0107om pa\u017enjom, uzimaju\u0107i u obzir va\u017ee\u0107e zakone i izuzetno kompetetno. Za sigurnost va\u0161ih li\u010dnih podataka izme\u0111u ostalog, brinemo primenjuju\u0107i odgovaraju\u0107e organizacione mere, postupke rada i napredna tehnolo\u0161ka re\u0161enja uz pomo\u0107 eksternih stru\u010dnjaka kako bi \u0161to bolje za\u0161titili va\u0161e li\u010dne podatke. Pri tome primenjujemo odgovaraju\u0107i stepen za\u0161tite i razumne fizi\u010dke, elektronske i administrativne mere, kojima skupljene podatke \u0161titimo od nenamernog ili nezakonitog uni\u0161tenja, gubitka, promene, neovla\u0161\u0107enog otkrivanja li\u010dnih podataka ili neovla\u0161\u0107enog pristupa li\u010dnim podacima, koji su bili preneti, sa\u010duvani ili druga\u010dije obra\u0111eni. Istovremeno ovaj Pravilnik o privatnosti dodatno poja\u0161njava saglasnost, koju ste dali za obradu va\u0161ih li\u010dnih podataka. U Pravilniku o privatnosti su u skladu sa Odredbom (EU) 2016\/679 Evropskog parlamenta i Saveta donetom dana 27. aprila 2016. godine o za\u0161titi pojedinaca prilikom obrade li\u010dnih podataka i o slobodnom protoku takvih podataka te o ukidanju Direktive 95\/46\/EC (u nastavku: \u201eOp\u0161ta uredba o za\u0161titi podataka\u201c), obuhva\u0107ene slede\u0107e informacije: &#8211; kontaktne informacije pReduze\u0107a, &#8211; namena, osnova i na\u010dini obrade razli\u010ditih vrsta li\u010dnih podataka pojedinaca, &#8211; vreme \u010duvanja pojedinih vrsta li\u010dnih podataka, &#8211; prava pojedinaca u vezi sa obradom li\u010dnih podataka, &#8211; prava do podno\u0161enja tu\u017ebe u vezi sa obradom li\u010dnih podataka, &#8211; valjanost Pravilnika o privatnosti<\/p>\n<p>2) Li\u010dni podaci, koje sakuplja preduze\u0107e Ako ste samo posetilac veb-stranice, o vama sakupljamo podatke samo preko kola\u010di\u0107a. Ako ste korisnik ili poru\u010dilac usluga, koje nudi preduze\u0107e, o vama sakupljamo i druge li\u010dne podatke, koji su nam potrebni za realizaciju usluga koje ste poru\u010dili odnosno koje koristite. Ti li\u010dni podaci su: &#8211; ime i prezime &#8211; adresa e-po\u0161te &#8211; broj telefona &#8211; IP adresa &#8211; podaci za realizaciju ponude u vezi sa va\u0161im upitom (va\u0161a adresa, poreski identifikacioni broj)<\/p>\n<p>3) Rukovalac koji obra\u0111uje li\u010dne podatake\u00a0 u skladu sa ovim Pravilnikom o privatnosti je Medilip Adria S d.o.o., PAUNOVA 24, Vo\u017edovac, 11000 BEOGRAD.<\/p>\n<p>4) Kategorije pojedinaca, za koje se obra\u0111uju Li\u010dni podaci Ovaj pravilnik o privatnosti namenjen je svima koji su se pretplatili i\/ili koristili na\u0161e usluge ili su poslali upit, kao i onima koji posete na\u0161u veb-stranicu.<\/p>\n<p>5) Svrha obrade i osnova za obradu podataka 5.1. Obrada na osnovu ugovora: U sklopu ostvarivanja ugovornih prava i ispunjavanja ugovornih obaveza, preduze\u0107e obra\u0111uje va\u0161e li\u010dne podatke u slede\u0107e svrhe: identifikacija pojedinca, priprema ponude, sklapanje ugovora, pru\u017eanje poru\u010denih usluga, informisanje o mogu\u0107im promenama, dodatni detalji i uputstva za kori\u0161\u0107enje usluga, prigovori, naplata usluga i u druge svrhe potrebne za realizaciju ili zaklju\u010divanje ugovornog odnosa izme\u0111u preduze\u0107a i pojedinca. Prilikom naplate usluga, na osnovu poreskih propisa prikupljamo i obra\u0111ujemo podatke o va\u0161oj adresi kako bismo ispravno izdali fakturu. 5.2. Obrada na osnovu zakona: Na osnovu pravnog interesa, va\u0161e li\u010dne podatke koristimo za otkrivanje i spre\u010davanje prevare upotrebe i zloupotrebe usluga, zatim kako bismo osigurali stabilan i siguran rad na\u0161eg sistema i usluga, kao i za sprovo\u0111enje mera informacione sigurnosti, ispunjavanje zahteva vezanih za kvalitet usluge i otkrivanje tehni\u010dkih kvarova sistema i usluga. Na temelju pravnog interesa, va\u0161e li\u010dne podatke koristimo i u svrhu mogu\u0107eg izvr\u0161enja, sudskog i vanparni\u010dnog postupka. U skladu sa Op\u0161tom uredbom, u slu\u010daju sumnje na zloupotrebu, preduze\u0107e mo\u017ee da obradi podatke o pojedincima u odgovaraju\u0107oj i razumnoj meri u svrhu identifikacije i spre\u010davanja mogu\u0107e prevare ili zloupotrebe i, ako je potrebno, te podatke prosledi drugim pru\u017eaocima usluga, poslovnim partnerima i policiji, dr\u017eavnom tu\u017eila\u0161tvu ili drugim nadle\u017enim telima. Kako bi se spre\u010dile budu\u0107e zloupotrebe ili prevare, podaci o istoriji utvr\u0111enih zloupotreba ili prevara u vezi sa pojedincem, koji uklju\u010duju podatke o pretplatni\u010dkom odnosu i, na primer IP adresi, mogu se \u010duvati pet godina nakon prestanka poslovnog odnosa. 5.3. Obrada na osnovu saglasnosti za obradu li\u010dnih podataka: Podaci se mogu obra\u0111ivati i na osnovu va\u0161eg pristanka, prosle\u0111enog preduze\u0107u. Na primer, pristanak se mo\u017ee odnositi na davanja ponuda, pogodnosti i pobolj\u0161anja usluga koje pru\u017ea preduze\u0107e. Svrha takvih informacija je prilago\u0111avanje usluga \u0161to je vi\u0161e mogu\u0107e va\u0161im potrebama i \u017eeljama te pove\u0107anje njihove korisne vrednosti za vas. Obave\u0161tavanje se vr\u0161i putem kanala koje ste izabrali u pristanku. Obave\u0161tenje mo\u017eete da opozovete u bilo kom trenutku, kako je definisano u Pravilniku o privatnosti. Svoj pristanak mo\u017eete da opozovete ili izmenite u bilo kojem trenutku na isti na\u010din na koji ste ga dali ili na drugi na\u010din kako je definisano Pravilnikom o privatnosti, dok preduze\u0107e zadr\u017eava pravo identifikacije kupca. Promena pristanka mo\u017ee se izvr\u0161iti i e-po\u0161tom na podrska@activeluxe-cosmetics.com ili putem pisanog zahteva koji se \u0161alje sedi\u0161tu preduze\u0107a. Povla\u010denje ili promena pristanka odnosi se samo na podatke obra\u0111ene na osnovu va\u0161eg pristanka. Va\u0161a poslednja saglasnost koju ste nam dali je va\u017ee\u0107a. Mogu\u0107nost opoziva pristanka ne predstavlja pravo na odustajanje u poslovnom odnosu pojedinca sa preduze\u0107em. Podaci za koje smo dobili va\u0161u saglasnost obra\u0111uju se bez opoziva i do dve godine nakon prekida poslovnog odnosa sa preduze\u0107em.<\/p>\n<p>6) Ograni\u010denja prosle\u0111ivanja li\u010dnih podataka Ako je potrebno, ovlasti\u0107emo druga preduze\u0107a i pojedince za izvo\u0111enje odre\u0111enih radova koji doprinose na\u0161im uslugama. U tom slu\u010daju, preduze\u0107e mo\u017ee da prosledi li\u010dne podatke tim pa\u017eljivo izabranim eksternim rukovaocima koji \u0107e sa preduze\u0107em sklopiti ugovor o obradi li\u010dnih podataka ili isti ugovor ili drugi obvezuju\u0107i dokument (u daljem tekstu: \u201eUgovor o obradi\u201c). Takve podatke \u0107emo pru\u017eiti ili u\u010diniti dostupnim eksternim rukovaocima za obradu samo u meri potrebnoj za odre\u0111enu svrhu. Te podatke, eksterni rukovalac ne sme koristiti u bilo koje druge svrhe, pod uslovom da ispunjavaju sve standarde za obradu li\u010dnih podataka predvi\u0111ene va\u017ee\u0107im zakonima. Preduze\u0107e ugovorom obvezuje eksterne rukovaoce da po\u0161tuju poverljivost va\u0161ih li\u010dnih podataka. Na osnovu obrazlo\u017eenog zahteva, preduze\u0107a tako\u0111e dostavljaju li\u010dne podatke nadle\u017enim dr\u017eavnim organima koji za to imaju pravnu osnovu. Preduze\u0107e odgovara na zahteve sudova, organe za sprovo\u0111enje zakona i drugih saveznih organa, koji mogu uklju\u010divati savezne organe iz druge dr\u017eave \u010dlanice EU.<\/p>\n<p>7) Period \u010duvanja li\u010dnih podataka Period \u010duvanja podataka odre\u0111uje se prema kategoriji konkretnih podataka. Podaci se \u010duvaju najdu\u017ee onoliko vremena koliko je potrebno za postizanje svrhe zbog koje su prikupljeni ili dalje obra\u0111eni ili do isteka roka zastarevanja za ispunjenje obveza ili zakonom propisanog perioda \u010duvanja. Ra\u010dunovodstveni podaci i sa njima povezani kontakt podaci o pojedincima mogu se \u010duvati u svrhu ispunjavanja ugovornih obveza do potpune naplate usluge ili do isteka perioda zastarevanja u odnosu na pojedina\u010dni zahtev, koji mo\u017ee trajati od jedne do pet godina. Ra\u010duni se \u010duvaju 10 godina nakon isteka godine na koju se ra\u010dun odnosi, u skladu sa zakonom kojim se ure\u0111uje porez na dodatnu vrednost. Ostali podaci dobijeni na osnovu va\u0161eg pristanka \u010duvaju se tokom trajanja poslovnog odnosa i 2 godine nakon prekida, osim u slu\u010daju da zakon predvi\u0111a du\u017ei period \u010duvanja. Ukoliko pojedinac, koji je dao pristanak za obradu li\u010dnih podataka nije stupio u poslovni odnos sa nama, njegov pristanak va\u017ei 2 godine od podno\u0161enja ili do opoziva. Na kraju perioda \u010duvanja, podaci \u0107e biti izbrisani, uni\u0161teni, blokirani ili anonimizirani, ako zakonom nije druga\u010dije odre\u0111eno za svaku vrstu podataka.<\/p>\n<p>8) Prava pojedinaca u vezi sa obra\u0111ivanjem li\u010dnih podataka Garantujemo realizaciju va\u0161ih prava u vezi sa obradom va\u0161ih li\u010dnih podataka bez nepotrebnog odga\u0111anja. O va\u0161em zahtevu \u0107emo odlu\u010diti u roku od mesec dana od prijema zahteva. U slu\u010daju slo\u017eenosti i velikog broja zahteva, rok se mo\u017ee produ\u017eiti za najvi\u0161e dva dodatna meseca. Ako produ\u017eimo rok, obavesti\u0107emo vas o svakom takvom produ\u017eenju roku od mesec dana od prijema zahteva, zajedno sa razlozima odgode. Zahteve u vezi sa ostvarivanjem va\u0161ih prava primamo putem e-po\u0161te podrska@activeluxe-cosmetics.com ili po\u0161tom na adresu Medilip Adria S d.o.o., PAUNOVA 24, Vo\u017edovac, 11000 Beograd. Kad predate zahtev elektronskim putem, pru\u017ei\u0107emo vam podatke elektronskim putem kad god je to mogu\u0107e, osim ako ne zatra\u017eite druga\u010dije. Ako postoji osnovana sumnja u identitet pojedinca koji podnese zahtev u vezi sa bilo kojim od njegovih prava, mo\u017eemo zatra\u017eiti pru\u017eanje dodatnih podataka potrebnih za potvrdu identiteta osobe na koju se odnose li\u010dni podaci. Ako su zahtevi pojedinca na kojeg se odnose podaci o\u010dito neosnovani ili preterani, posebno zato \u0161to se ponavljaju, preduze\u0107e mo\u017ee: &#8211; obra\u010dunati razumnu naknadu, uzimaju\u0107i u obzir administrativne tro\u0161kove pru\u017eanja informacija ili komunikacije ili sprovo\u0111enja potrebne radnje, ili &#8211; odbiti da postupi u vezi sa zahtevom Omogu\u0107avamo vam slede\u0107a prava u vezi sa obradom va\u0161ih li\u010dnih podataka: (i) pravo pristupa podacima(ii) pravo ispravke(iii) pravo brisanja (\u201epravo zaborava\u201c) (iv) pravo ograni\u010davanja obrade podataka (v) pravo preno\u0161enja podataka (vi) pravo ugovora (i) pravo pristupa podacima Uvek imate pravo da znate i budete obave\u0161teni da li se obra\u0111uju li\u010dni podaci u vezi sa vama i ukoliko je to ta\u010dno, tada pristup li\u010dnim podacima sadr\u017ei slede\u0107e: &#8211; svrhu obrade, &#8211; vrstu li\u010dnih podataka, koji se obra\u0111uju &#8211; korisnike ili kategorije korisnika, \u010diji li\u010dni podaci su otkriveni ili \u0107e biti otkriveni- predvi\u0111en period \u010duvanja li\u010dnih podataka ili ako to nije mogu\u0107e, mere koja se koriste za odre\u0111ivanje tog perioda &#8211; postojanje prava te da se zahteva od rukovaoca obrade da ispravi ili izbri\u0161e li\u010dne podatke ili ograni\u010di obradu va\u0161ih li\u010dnih podataka, ili postojanje prava na prigovor takvoj obradi, &#8211; pravo na podno\u0161enje \u017ealbe nadzornom telu, &#8211; li\u010dni podaci se ne prikupljaju od vas, sve informacije su dostupne u vezi s njihovim izvorom (ii) pravo ispravke Imate pravo da ispravite neta\u010dne li\u010dne podatke koji se odnose na vas bez nepotrebnog odga\u0111anja i uzimaju\u0107i u obzir svrhe obrade, pravo na dopunu nepotpunih li\u010dnih podataka, uklju\u010duju\u0107i podno\u0161enje dodatne izjave. (iii) pravo brisanja (\u201epravo zaborava\u201c) Imate pravo na brisanje va\u0161ih li\u010dnih podataka bez nepotrebnog odga\u0111anja kada se odnosi na jedan od slede\u0107ih razloga: &#8211; kada li\u010dni podaci vi\u0161e nisu potrebni za svrhe u koje su prikupljeni ili na drugi na\u010din obra\u0111eni, &#8211; kada opozivate saglasnost na osnovu koje se vr\u0161i obrada, ne postoji drugi pravni osnov za obradu, &#8211; ako se protivite obradi podataka i nema nu\u017enih opravdanih razloga za njihovu obradu, &#8211; kada su li\u010dni podaci obra\u0111eni nezakonito, &#8211; kada se li\u010dni podaci moraju izbrisati kako bi se ispunila zakonska obveza u skladu sa zakonom EU ili Slovena\u010dkim pravnim poretkom. (iv) pravo na ograni\u010denje obrade podataka Imate pravo da ograni\u010dite obradu svojih li\u010dnih podataka u vezi sa jednim od slede\u0107ih slu\u010dajeva: &#8211; kada osporavate ta\u010dnost podataka, tokom perioda koje nam omogu\u0107ava proveru ta\u010dnosti li\u010dnih podataka, &#8211; obrada je protivzakonita i vi se protivite brisanju li\u010dnih podataka i umesto toga tra\u017eite ograni\u010denje njihove upotrebe, &#8211; va\u0161i li\u010dni podaci nam vi\u0161e nisu potrebni za obradu, ali vi ih trebate za uvo\u0111enje, sprovo\u0111enje ili odbranu pravnih zahteva, &#8211; ako ste ulo\u017eili prigovor na obradu na osnovu pravnih interesa preduze\u0107a dok se ne proveri da li su na\u0161i legitimni razlozi ve\u0107i od va\u0161ih razloga. Ako je obrada va\u0161ih li\u010dnih podataka ograni\u010dena u skladu sa prethodnim stavkom, takvi \u0107e se li\u010dni podaci, osim njihovog \u010duvanja, obra\u0111ivati samo uz va\u0161 pristanak, bilo radi ostvarivanja, realizacije ili odbrane pravnih zahteva ili radi za\u0161tite prava drugog fizi\u010dkog ili pravnog lica. Obavezni smo da vas obavestimo pre ukidanja ograni\u010denja obrade va\u0161ih li\u010dnih podataka. (v) pravo na prenos podataka Imate pravo na primanje svojih li\u010dnih podataka koji su nam dostavljeni u strukturiranom, \u010desto kori\u0161\u0107enom i ma\u0161inski \u010ditljivom obliku i pravo na prosle\u0111ivanje tih podataka drugom kontroloru, a da ih preduze\u0107e ne ometa kada se obrada zasniva na va\u0161em pristanku, a obrada se izvodi automatizovanim sredstvima. Na va\u0161 zahtev, gde je to tehni\u010dki izvodivo, li\u010dni podaci se mogu direktno preneti na drugog rukovaoca obrade. (vi) pravo do ugovora Kada va\u0161e podatke obra\u0111ujemo na osnovu pravnog interesa u marketin\u0161ke svrhe, u bilo kojem trenutku mo\u017eete podneti prigovor na takvu obradu. Presta\u0107emo sa obradom va\u0161ih li\u010dnih podataka osim ako ne prilo\u017eimo uverljive razloge za obradu koji prema\u0161uju va\u0161e interese, prava i slobode ili ukoliko se radi o utvr\u0111ivanju, sprovo\u0111enju ili odbrani pravnih zahteva.<\/p>\n<p>9) Pravo na podno\u0161enje \u017ealbe u vezi sa obradom li\u010dnih podataka Mogu\u0107u \u017ealbu, u vezi sa obradom va\u0161ih li\u010dnih podataka mo\u017eete poslati na adresu e-po\u0161te: podrska@activeluxe-cosmetics.com ili po\u0161tom na adresuMedilip Adria S d.o.o., PAUNOVA 24, Vo\u017edovac, 11000 Beograd. U slu\u010daju da o va\u0161em zahtevu ne odlu\u010dimo u zakonskom roku ili ukoliko odbijemo va\u0161 zahtev, imate mogu\u0107nost podno\u0161enja \u017ealbe Povereniku za informacije. Tako\u0111e imate pravo podno\u0161enja \u017ealbe direktno Povereniku za informacije ako smatrate da obrada va\u0161ih li\u010dnih podataka kr\u0161i propise EU na podru\u010dju za\u0161tite li\u010dnih podataka. Ako ste ostvarili svoje pravo na pristup podacima i nakon dobijanja odluke smatrate da li\u010dni podaci koje ste dobili nisu li\u010dni podaci koje ste zatra\u017eili ili da niste dobili sve tra\u017eene li\u010dne podatke, mo\u017eete podneti obrazlo\u017eenu \u017ealbu Povereniku za informacije u preduze\u0107u u roku od 15 dana. O va\u0161oj \u017ealbi moramo odlu\u010diti, kao da se radi o novom zahtevu, u roku od pet radnih dana.<\/p>\n<p>10) Zavr\u0161ne odredbe Sve \u0161to nije obuhva\u0107eno ovim Pravilnikom o privatnosti podle\u017ee merodavnom zakonu. Preduze\u0107e zadr\u017eava pravo izmene ovog Pravilnika o privatnosti. O promeni \u0107emo vas obavestiti objavljivanjem na zvani\u010dnoj veb-stranici Medilip Adria S d.o.o. 30 dana pre stupanja na snagu. Ako imate pitanja u vezi Politike privatnosti ili o podacima koje imamo o vama, pi\u0161ite nam na e-adresu podrska@activeluxe-cosmetics.com<\/p>\n<p>11) Valjanost Politike privatnosti Ovaj Pravilnik o privatnosti obavljen je na veb-stranici Active Luxe Cosmetics i na snazi je od 25. 5. 2018. Medilip Adria S d.o.o.<\/p>\n\t\t\t<\/div>\n\t\n\n\t\t<\/div>\n\t\t\t\t\t<\/div>\n\n\t\n\n<\/div>\n\n\t\t<\/div>\n\n\t\t\n<style>\n#section_1094305574 {\n  padding-top: 30px;\n  padding-bottom: 30px;\n}\n<\/style>\n\t<\/section>\n\t\n\n","protected":false},"excerpt":{"rendered":"","protected":false},"author":6,"featured_media":0,"parent":0,"menu_order":0,"comment_status":"closed","ping_status":"closed","template":"","meta":{"footnotes":""},"class_list":["post-80934","page","type-page","status-publish","hentry"],"acf":[],"yoast_head":"<!-- This site is optimized with the Yoast SEO plugin v26.5 - https:\/\/yoast.com\/wordpress\/plugins\/seo\/ -->\n<title>Pravilnik o privatnosti - Active Luxe Cosmetics<\/title>\n<meta name=\"robots\" content=\"index, follow, max-snippet:-1, max-image-preview:large, max-video-preview:-1\" \/>\n<link rel=\"canonical\" href=\"https:\/\/activeluxe-cosmetics.com\/rs\/pravilnik-o-privatnosti\/\" \/>\n<meta property=\"og:locale\" content=\"hr_HR\" \/>\n<meta property=\"og:type\" content=\"article\" \/>\n<meta property=\"og:title\" content=\"Pravilnik o privatnosti - Active Luxe Cosmetics\" \/>\n<meta property=\"og:url\" content=\"https:\/\/activeluxe-cosmetics.com\/rs\/pravilnik-o-privatnosti\/\" \/>\n<meta property=\"og:site_name\" content=\"Active Luxe Cosmetics\" \/>\n<meta property=\"article:modified_time\" content=\"2024-07-30T10:58:50+00:00\" \/>\n<meta name=\"twitter:card\" content=\"summary_large_image\" \/>\n<meta name=\"twitter:label1\" content=\"Procijenjeno vrijeme \u010ditanja\" \/>\n\t<meta name=\"twitter:data1\" content=\"13 minuta\" \/>\n<script type=\"application\/ld+json\" class=\"yoast-schema-graph\">{\"@context\":\"https:\/\/schema.org\",\"@graph\":[{\"@type\":\"WebPage\",\"@id\":\"https:\/\/activeluxe-cosmetics.com\/rs\/pravilnik-o-privatnosti\/\",\"url\":\"https:\/\/activeluxe-cosmetics.com\/rs\/pravilnik-o-privatnosti\/\",\"name\":\"Pravilnik o privatnosti - Active Luxe Cosmetics\",\"isPartOf\":{\"@id\":\"https:\/\/activeluxe-cosmetics.com\/rs\/#website\"},\"datePublished\":\"2024-01-29T12:38:17+00:00\",\"dateModified\":\"2024-07-30T10:58:50+00:00\",\"breadcrumb\":{\"@id\":\"https:\/\/activeluxe-cosmetics.com\/rs\/pravilnik-o-privatnosti\/#breadcrumb\"},\"inLanguage\":\"hr\",\"potentialAction\":[{\"@type\":\"ReadAction\",\"target\":[\"https:\/\/activeluxe-cosmetics.com\/rs\/pravilnik-o-privatnosti\/\"]}]},{\"@type\":\"BreadcrumbList\",\"@id\":\"https:\/\/activeluxe-cosmetics.com\/rs\/pravilnik-o-privatnosti\/#breadcrumb\",\"itemListElement\":[{\"@type\":\"ListItem\",\"position\":1,\"name\":\"Naslovnica\",\"item\":\"https:\/\/activeluxe-cosmetics.com\/rs\/\"},{\"@type\":\"ListItem\",\"position\":2,\"name\":\"Pravilnik o privatnosti\"}]},{\"@type\":\"WebSite\",\"@id\":\"https:\/\/activeluxe-cosmetics.com\/rs\/#website\",\"url\":\"https:\/\/activeluxe-cosmetics.com\/rs\/\",\"name\":\"Active Luxe Cosmetics\",\"description\":\"\",\"potentialAction\":[{\"@type\":\"SearchAction\",\"target\":{\"@type\":\"EntryPoint\",\"urlTemplate\":\"https:\/\/activeluxe-cosmetics.com\/rs\/?s={search_term_string}\"},\"query-input\":{\"@type\":\"PropertyValueSpecification\",\"valueRequired\":true,\"valueName\":\"search_term_string\"}}],\"inLanguage\":\"hr\"}]}<\/script>\n<!-- \/ Yoast SEO plugin. -->","yoast_head_json":{"title":"Pravilnik o privatnosti - Active Luxe Cosmetics","robots":{"index":"index","follow":"follow","max-snippet":"max-snippet:-1","max-image-preview":"max-image-preview:large","max-video-preview":"max-video-preview:-1"},"canonical":"https:\/\/activeluxe-cosmetics.com\/rs\/pravilnik-o-privatnosti\/","og_locale":"hr_HR","og_type":"article","og_title":"Pravilnik o privatnosti - Active Luxe Cosmetics","og_url":"https:\/\/activeluxe-cosmetics.com\/rs\/pravilnik-o-privatnosti\/","og_site_name":"Active Luxe Cosmetics","article_modified_time":"2024-07-30T10:58:50+00:00","twitter_card":"summary_large_image","twitter_misc":{"Procijenjeno vrijeme \u010ditanja":"13 minuta"},"schema":{"@context":"https:\/\/schema.org","@graph":[{"@type":"WebPage","@id":"https:\/\/activeluxe-cosmetics.com\/rs\/pravilnik-o-privatnosti\/","url":"https:\/\/activeluxe-cosmetics.com\/rs\/pravilnik-o-privatnosti\/","name":"Pravilnik o privatnosti - Active Luxe Cosmetics","isPartOf":{"@id":"https:\/\/activeluxe-cosmetics.com\/rs\/#website"},"datePublished":"2024-01-29T12:38:17+00:00","dateModified":"2024-07-30T10:58:50+00:00","breadcrumb":{"@id":"https:\/\/activeluxe-cosmetics.com\/rs\/pravilnik-o-privatnosti\/#breadcrumb"},"inLanguage":"hr","potentialAction":[{"@type":"ReadAction","target":["https:\/\/activeluxe-cosmetics.com\/rs\/pravilnik-o-privatnosti\/"]}]},{"@type":"BreadcrumbList","@id":"https:\/\/activeluxe-cosmetics.com\/rs\/pravilnik-o-privatnosti\/#breadcrumb","itemListElement":[{"@type":"ListItem","position":1,"name":"Naslovnica","item":"https:\/\/activeluxe-cosmetics.com\/rs\/"},{"@type":"ListItem","position":2,"name":"Pravilnik o privatnosti"}]},{"@type":"WebSite","@id":"https:\/\/activeluxe-cosmetics.com\/rs\/#website","url":"https:\/\/activeluxe-cosmetics.com\/rs\/","name":"Active Luxe Cosmetics","description":"","potentialAction":[{"@type":"SearchAction","target":{"@type":"EntryPoint","urlTemplate":"https:\/\/activeluxe-cosmetics.com\/rs\/?s={search_term_string}"},"query-input":{"@type":"PropertyValueSpecification","valueRequired":true,"valueName":"search_term_string"}}],"inLanguage":"hr"}]}},"_links":{"self":[{"href":"https:\/\/activeluxe-cosmetics.com\/rs\/wp-json\/wp\/v2\/pages\/80934","targetHints":{"allow":["GET"]}}],"collection":[{"href":"https:\/\/activeluxe-cosmetics.com\/rs\/wp-json\/wp\/v2\/pages"}],"about":[{"href":"https:\/\/activeluxe-cosmetics.com\/rs\/wp-json\/wp\/v2\/types\/page"}],"author":[{"embeddable":true,"href":"https:\/\/activeluxe-cosmetics.com\/rs\/wp-json\/wp\/v2\/users\/6"}],"replies":[{"embeddable":true,"href":"https:\/\/activeluxe-cosmetics.com\/rs\/wp-json\/wp\/v2\/comments?post=80934"}],"version-history":[{"count":7,"href":"https:\/\/activeluxe-cosmetics.com\/rs\/wp-json\/wp\/v2\/pages\/80934\/revisions"}],"predecessor-version":[{"id":82923,"href":"https:\/\/activeluxe-cosmetics.com\/rs\/wp-json\/wp\/v2\/pages\/80934\/revisions\/82923"}],"wp:attachment":[{"href":"https:\/\/activeluxe-cosmetics.com\/rs\/wp-json\/wp\/v2\/media?parent=80934"}],"curies":[{"name":"wp","href":"https:\/\/api.w.org\/{rel}","templated":true}]}}