{"id":80926,"date":"2024-01-29T12:35:42","date_gmt":"2024-01-29T12:35:42","guid":{"rendered":"https:\/\/activeluxe-cosmetics.com\/rs\/?page_id=80926"},"modified":"2024-02-13T12:12:13","modified_gmt":"2024-02-13T11:12:13","slug":"uslovi-poslovanja","status":"publish","type":"page","link":"https:\/\/activeluxe-cosmetics.com\/rs\/uslovi-poslovanja\/","title":{"rendered":"Uslovi poslovanja"},"content":{"rendered":"\n\t<section class=\"section al-page-title-section\" id=\"section_1828160910\">\n\t\t<div class=\"bg section-bg fill bg-fill  bg-loaded\" >\n\n\t\t\t\n\t\t\t\n\t\t\t\n\n\t\t<\/div>\n\n\t\t\n\n\t\t<div class=\"section-content relative\">\n\t\t\t\n\n<div class=\"row\"  id=\"row-1006776938\">\n\n\n\t<div id=\"col-929718351\" class=\"col small-12 large-12\"  >\n\t\t\t\t<div class=\"col-inner\"  >\n\t\t\t\n\t\t\t\n\n\t<div id=\"text-949105700\" class=\"text al-p-48\">\n\t\t\n\n<h2>Uslovi poslovanja<\/h2>\n\t\t\n<style>\n#text-949105700 {\n  text-align: center;\n}\n<\/style>\n\t<\/div>\n\t\n\n\t\t<\/div>\n\t\t\t\t\t<\/div>\n\n\t\n\n<\/div>\n\n\t\t<\/div>\n\n\t\t\n<style>\n#section_1828160910 {\n  padding-top: 50px;\n  padding-bottom: 50px;\n}\n<\/style>\n\t<\/section>\n\t\n\t<section class=\"section\" id=\"section_83999017\">\n\t\t<div class=\"bg section-bg fill bg-fill  bg-loaded\" >\n\n\t\t\t\n\t\t\t\n\t\t\t\n\n\t\t<\/div>\n\n\t\t\n\n\t\t<div class=\"section-content relative\">\n\t\t\t\n\n<div class=\"row\"  id=\"row-1666434170\">\n\n\n\t<div id=\"col-953106075\" class=\"col small-12 large-12\"  >\n\t\t\t\t<div class=\"col-inner\"  >\n\t\t\t\n\t\t\t\n\n\t<div id=\"text-4191522931\" class=\"text al-p-16\">\n\t\t\n\n<p><strong>OP\u0160TI USLOVI<\/strong><\/p>\n<p><strong>Uslovi poslovanja<\/strong><\/p>\n<p>Op\u0161ti uslovi onlajn prodaje pripremljeni su u skladu sa Zakonom o za\u0161titi potro\u0161a\u010da (ZOZP), Zakonom o za\u0161titi li\u010dnih podataka (ZOZOP) i Zakonom o elektronskim komunikacijama (ZEK).<\/p>\n<p>Op\u0161ti uslovi koji reguli\u0161u rad onlajn prodaje, prava i obaveze korisnika i trgovine i reguli\u0161u poslovni odnos izme\u0111u prodavca i kupca.<\/p>\n<p>Predla\u017eemo da pre podno\u0161enja onlajn porud\u017ebine pa\u017eljivo pro\u010ditate uslove navedene u nastavku. Kori\u0161\u0107enjem veb-stranice izra\u017eavate svoju saglasnost sa ovim uslovima. Kompanija Medilip Adria d.o.o. zadr\u017eava pravo izmene uslova na veb-stranici www.derma-luxecosmetics.rs u bilo koje vreme. Sve promene su obavezuju\u0107e za kupce, tako da pre naru\u010divanja treba da pogledate trenutne uslove poslovanja.<\/p>\n<p><strong>Bezbedna kupovina<\/strong><\/p>\n<p>Veb-stranica www.derma-luxecosmetics.com je onlajn prodavnica kojom upravlja kompanija Medilip Adria S d.o.o., Paunova 24, Vo\u017edovac 11000 Beograd,PIB: 113288762, mati\u010dni broj: 21839752, koja je tako\u0111e i davalac usluga e-poslovanja (u nastavku Prodavac). Za informacije u vezi va\u0161e porud\u017ebine i isporuke mo\u017eete nas pozvati na broj telefona: 0654569808\u00a0 ili nam poslati e-po\u0161tu na: podrska@derma-luxecosmetics.com. Korisnik prihvata uslove i odredbe koji su na snazi u vreme podno\u0161enja onlajn porud\u017ebine. Poslata porud\u017ebina za kupovinu stoga predstavlja sklapanje ugovora o prodaji. Ugovor o prodaji, odnosno porud\u017ebina za kupovinu \u010duva se kod Prodavca i kupac je po prijemu pisanog zahteva mo\u017ee dobiti u bilo kojem trenutku u roku od 5 godina nakon izvr\u0161enja porud\u017ebine. Prodavac ima pravo da pre isporuke robe kontaktira kupca putem telefona ili e-po\u0161te kako bi potvrdio navedene kontaktne podatke. U slu\u010daju da se na osnovu datih podataka ne mo\u017ee do\u0107i u kontakt sa kupcem, Prodavac \u0107e smatrati dostavljenu porud\u017ebinu neva\u017ee\u0107om.<\/p>\n<p><strong>Reklamacije<\/strong><\/p>\n<p>Kupac mo\u017ee da vrati robu ako ne poseduje karakteristike koje je prodavac izri\u010dito obe\u0107ao, ako je prodavac poslao pogre\u0161an proizvod, pogre\u0161nu koli\u010dinu ili ako proizvod na neki drugi na\u010din odstupa od porud\u017ebine kupca. Kupac mo\u017ee da vrati proizvod u roku od 8 dana od kupovine i da zahteva hitnu zamenu za isti ispravan proizvod ili u okviru zakonskih rokova i pod uslovima za utvr\u0111ivanje reklamacije. Kupac mo\u017ee reklamiranu robu doneti li\u010dno ili poslati na adresu Prodavca i vratiti po\u0161tom uz prethodni dogovor sa Prodavcem. Ako \u017eelite da proizvod bude vra\u0107en o na\u0161em tro\u0161ku, potrebno je da se dogovorite sa zaposlenima Medilp Adria d.o.o., koji \u0107e poslati kurira na va\u0161u adresu radi preuzimanja proizvoda. O reklamaciji nas mo\u017eete obavestiti direktno na podrska@derma-luxecosmetics.com kako bi predmet \u0161to pre bio re\u0161en.<\/p>\n<p><strong>Obveza odgovornosti<\/strong><\/p>\n<p>Prodavac \u010dini sve da osigura da informacije na njegovoj veb-stranici budu a\u017eurne i ta\u010dne. Uprkos tome, mo\u017ee do\u0107i do promene karatkeristika pojedinih artikala, roka dostupnosti ili cene i to u roku koji Prodavcu ne dozvoljava da ispravi podatke na veb-stranici. U tom slu\u010daju, Prodavac \u0107e kupca obavestiti o promenama i omogu\u0107iti mu da odustane od porud\u017ebine ili da zameni naru\u010deni artikal.<\/p>\n<p><strong>Pravo odustajanja od kupovine, povra\u0107aj robe<\/strong><\/p>\n<p>Za otkazivanje porud\u017ebine va\u017ee op\u0161ti uslovi i va\u017ee\u0107e zakonske odredbe o povratu robe. Za povra\u0107aj robe primjenjuju se odredbe \u010dlana 43c Zakona o za\u0161titi potro\u0161a\u010da, u kojem se navodi: \u201eZa ugovore sklopljene na daljinu potro\u0161a\u010d ima pravo da u roku od 15 dana u pisanom obliku obavesti kompaniju da odustaje od ugovora, bez potrebe da se navede razlog za tu odluku. Smatra se da je obave\u0161tenje poslato na vreme ako je po\u0161tanska po\u0161iljka predata u roku. Taj rok po\u010dinje sa danom isporuke robe. \u201eKupac ima pravo na povrat 15 dana nakon kupovine robe bez ikakve naknade. Me\u0111utim, kupac je du\u017ean da snosi tro\u0161kove nastale prilikom povra\u0107aja robe. Kupac je du\u017ean da u roku od 15 dana od dana prijema robe pisanim putem saop\u0161ti svoju nameru da robu vrati, i to po\u0161tom ili e-po\u0161tom na podrska@derma-luxecosmetics.com i robu vrati u roku od 15 dana od dana slanja obave\u0161tenja o povra\u0107aju. Povra\u0107aj robe primljene u roku od 15 dana od dana prijema bez obave\u0161tenja u pisanoj formi tako\u0111e se smatra odustajanjem od kupovine. Proizvodi moraju biti nekori\u0161\u0107eni, neo\u0161te\u0107eni i u originalnoj ambala\u017ei. Mora biti prilo\u017eena kopija ra\u010duna. Povra\u0107aj nije mogu\u0107 za proizvode kod kojih je originalna ambala\u017ea ili oznaka sigurnosti uklonjena. Prodavac vra\u0107a celu kupovnu cenu u roku od 15 dana od prijema vra\u0107ene robe. Adresa za vra\u0107anje robe Prodavcu je Medilip d.o.o., Prvomajska ulica 18a, 3000 Celje. Preporu\u010dujemo da koristite usluge dostavne slu\u017ebe koja omogu\u0107uje pra\u0107enje po\u0161iljaka i osigurava propisno pripremljene artikle za transport (pri tome mo\u017eete da koristite originalno pakovanje ili drugu odgovaraju\u0107u sigurnosnu ambala\u017eu). Tro\u0161ak dostave uvek snosi po\u0161iljalac, osim ako ranije nije dogovoreno druga\u010dije. Ne prihvatamo otkupne po\u0161iljke.<\/p>\n<p><strong>Kupac nema pravo da raskine ugovor u slede\u0107im slu\u010dajevima:<\/strong><\/p>\n<p>za ugovore koji se odnose na robu ili usluge \u010dija vrednost zavisi od kretanja na finansijskim tr\u017ei\u0161tima na koja kompanija nema uticaja,<br \/>za ugovore \u010diji je predmet roba proizvedena prema preciznim uputstvima potro\u0161a\u010da, prilago\u0111ena njegovim specifi\u010dnim potrebama, koja po svojoj prirodi ne podle\u017ee povra\u0107aju,<br \/>u slu\u010daju ugovora o isporuci robe, ako je kupac otvorio sigurnosnu etiketu.<\/p>\n<p><strong>Pravilnik o privatnosti<\/strong><\/p>\n<p>Li\u010dni podaci na\u0161ih korisnika jedno su od podru\u010dja kojima posve\u0107ujemo najve\u0107u pa\u017enju. Vodimo ra\u010duna da svi zahtevi budu ispunjeni jer smo svesni osetljive prirode ovog podru\u010dja. U skladu sa Zakonom o za\u0161titi li\u010dnih podataka, administrator veb-prodavnice Medilip Adria d.o.o. du\u017ean je da \u0161titi li\u010dne podatke svojih korisnika.<\/p>\n<p>Za potrebe online prodaje prikupljaju se slede\u0107i podaci korisnika: ime i prezime, adresa, adresa e-po\u0161te, broj telefona i drugi podaci koje korisnici unose u formulare na veb-stranici. Medilip Adria d.o.o. ne snosi odgovornost za ta\u010dnost podataka koje unese korisnik. Administrator mo\u017ee da koristi podatke u anonimnom obliku za potrebe statisti\u010dke analize. Administrator veb-prodavnice ni pod kojim okolnostima ne\u0107e predati korisni\u010dke podatke neovla\u0161\u0107enim licima. Kurirskoj slu\u017ebi \u0107e biti poverene samo adrese kupaca potrebne za dostavu (npr. BEX ili AKS dostava). Korisnici \u0107e biti kontaktirani putem komunikacionih kanala, osim ako se korisnici izri\u010dito protive.<\/p>\n<p><strong>Izuzetno objavljivanje li\u010dnih podataka:<\/strong><\/p>\n<p>Podaci koje kompanija obra\u0111uje i prikuplja bi\u0107e objavljeni samo ako je takva obaveza propisana zakonom ili u dobroj meri da je neophodna za postupke pred sudovima i drugim javnim telima te za za\u0161titu i ostvarivanje pravnih interesa.<\/p>\n<p><strong>Zatra\u017eite brisanje va\u0161ih podataka<\/strong><\/p>\n<p>Ako \u017eelite da izbri\u0161emo va\u0161e li\u010dne podatke iz na\u0161e onlajn baze podataka, to mo\u017eete da zatra\u017eite podno\u0161enjem zahteva za brisanje podataka na podrska@derma-luxecosmetics.com<\/p>\n\t\t\t<\/div>\n\t\n\n\t\t<\/div>\n\t\t\t\t\t<\/div>\n\n\t\n\n<\/div>\n\n\t\t<\/div>\n\n\t\t\n<style>\n#section_83999017 {\n  padding-top: 30px;\n  padding-bottom: 30px;\n}\n<\/style>\n\t<\/section>\n\t\n\n","protected":false},"excerpt":{"rendered":"","protected":false},"author":6,"featured_media":0,"parent":0,"menu_order":0,"comment_status":"closed","ping_status":"closed","template":"","meta":{"footnotes":""},"class_list":["post-80926","page","type-page","status-publish","hentry"],"acf":[],"yoast_head":"<!-- This site is optimized with the Yoast SEO plugin v26.5 - https:\/\/yoast.com\/wordpress\/plugins\/seo\/ -->\n<title>Uslovi poslovanja - Active Luxe Cosmetics<\/title>\n<meta name=\"robots\" content=\"index, follow, max-snippet:-1, max-image-preview:large, max-video-preview:-1\" \/>\n<link rel=\"canonical\" href=\"https:\/\/activeluxe-cosmetics.com\/rs\/uslovi-poslovanja\/\" \/>\n<meta property=\"og:locale\" content=\"hr_HR\" \/>\n<meta property=\"og:type\" content=\"article\" \/>\n<meta property=\"og:title\" content=\"Uslovi poslovanja - Active Luxe Cosmetics\" \/>\n<meta property=\"og:url\" content=\"https:\/\/activeluxe-cosmetics.com\/rs\/uslovi-poslovanja\/\" \/>\n<meta property=\"og:site_name\" content=\"Active Luxe Cosmetics\" \/>\n<meta property=\"article:modified_time\" content=\"2024-02-13T11:12:13+00:00\" \/>\n<meta name=\"twitter:card\" content=\"summary_large_image\" \/>\n<meta name=\"twitter:label1\" content=\"Procijenjeno vrijeme \u010ditanja\" \/>\n\t<meta name=\"twitter:data1\" content=\"6 minuta\" \/>\n<script type=\"application\/ld+json\" class=\"yoast-schema-graph\">{\"@context\":\"https:\/\/schema.org\",\"@graph\":[{\"@type\":\"WebPage\",\"@id\":\"https:\/\/activeluxe-cosmetics.com\/rs\/uslovi-poslovanja\/\",\"url\":\"https:\/\/activeluxe-cosmetics.com\/rs\/uslovi-poslovanja\/\",\"name\":\"Uslovi poslovanja - Active Luxe Cosmetics\",\"isPartOf\":{\"@id\":\"https:\/\/activeluxe-cosmetics.com\/rs\/#website\"},\"datePublished\":\"2024-01-29T12:35:42+00:00\",\"dateModified\":\"2024-02-13T11:12:13+00:00\",\"breadcrumb\":{\"@id\":\"https:\/\/activeluxe-cosmetics.com\/rs\/uslovi-poslovanja\/#breadcrumb\"},\"inLanguage\":\"hr\",\"potentialAction\":[{\"@type\":\"ReadAction\",\"target\":[\"https:\/\/activeluxe-cosmetics.com\/rs\/uslovi-poslovanja\/\"]}]},{\"@type\":\"BreadcrumbList\",\"@id\":\"https:\/\/activeluxe-cosmetics.com\/rs\/uslovi-poslovanja\/#breadcrumb\",\"itemListElement\":[{\"@type\":\"ListItem\",\"position\":1,\"name\":\"Naslovnica\",\"item\":\"https:\/\/activeluxe-cosmetics.com\/rs\/\"},{\"@type\":\"ListItem\",\"position\":2,\"name\":\"Uslovi poslovanja\"}]},{\"@type\":\"WebSite\",\"@id\":\"https:\/\/activeluxe-cosmetics.com\/rs\/#website\",\"url\":\"https:\/\/activeluxe-cosmetics.com\/rs\/\",\"name\":\"Active Luxe Cosmetics\",\"description\":\"\",\"potentialAction\":[{\"@type\":\"SearchAction\",\"target\":{\"@type\":\"EntryPoint\",\"urlTemplate\":\"https:\/\/activeluxe-cosmetics.com\/rs\/?s={search_term_string}\"},\"query-input\":{\"@type\":\"PropertyValueSpecification\",\"valueRequired\":true,\"valueName\":\"search_term_string\"}}],\"inLanguage\":\"hr\"}]}<\/script>\n<!-- \/ Yoast SEO plugin. -->","yoast_head_json":{"title":"Uslovi poslovanja - Active Luxe Cosmetics","robots":{"index":"index","follow":"follow","max-snippet":"max-snippet:-1","max-image-preview":"max-image-preview:large","max-video-preview":"max-video-preview:-1"},"canonical":"https:\/\/activeluxe-cosmetics.com\/rs\/uslovi-poslovanja\/","og_locale":"hr_HR","og_type":"article","og_title":"Uslovi poslovanja - Active Luxe Cosmetics","og_url":"https:\/\/activeluxe-cosmetics.com\/rs\/uslovi-poslovanja\/","og_site_name":"Active Luxe Cosmetics","article_modified_time":"2024-02-13T11:12:13+00:00","twitter_card":"summary_large_image","twitter_misc":{"Procijenjeno vrijeme \u010ditanja":"6 minuta"},"schema":{"@context":"https:\/\/schema.org","@graph":[{"@type":"WebPage","@id":"https:\/\/activeluxe-cosmetics.com\/rs\/uslovi-poslovanja\/","url":"https:\/\/activeluxe-cosmetics.com\/rs\/uslovi-poslovanja\/","name":"Uslovi poslovanja - Active Luxe Cosmetics","isPartOf":{"@id":"https:\/\/activeluxe-cosmetics.com\/rs\/#website"},"datePublished":"2024-01-29T12:35:42+00:00","dateModified":"2024-02-13T11:12:13+00:00","breadcrumb":{"@id":"https:\/\/activeluxe-cosmetics.com\/rs\/uslovi-poslovanja\/#breadcrumb"},"inLanguage":"hr","potentialAction":[{"@type":"ReadAction","target":["https:\/\/activeluxe-cosmetics.com\/rs\/uslovi-poslovanja\/"]}]},{"@type":"BreadcrumbList","@id":"https:\/\/activeluxe-cosmetics.com\/rs\/uslovi-poslovanja\/#breadcrumb","itemListElement":[{"@type":"ListItem","position":1,"name":"Naslovnica","item":"https:\/\/activeluxe-cosmetics.com\/rs\/"},{"@type":"ListItem","position":2,"name":"Uslovi poslovanja"}]},{"@type":"WebSite","@id":"https:\/\/activeluxe-cosmetics.com\/rs\/#website","url":"https:\/\/activeluxe-cosmetics.com\/rs\/","name":"Active Luxe Cosmetics","description":"","potentialAction":[{"@type":"SearchAction","target":{"@type":"EntryPoint","urlTemplate":"https:\/\/activeluxe-cosmetics.com\/rs\/?s={search_term_string}"},"query-input":{"@type":"PropertyValueSpecification","valueRequired":true,"valueName":"search_term_string"}}],"inLanguage":"hr"}]}},"_links":{"self":[{"href":"https:\/\/activeluxe-cosmetics.com\/rs\/wp-json\/wp\/v2\/pages\/80926","targetHints":{"allow":["GET"]}}],"collection":[{"href":"https:\/\/activeluxe-cosmetics.com\/rs\/wp-json\/wp\/v2\/pages"}],"about":[{"href":"https:\/\/activeluxe-cosmetics.com\/rs\/wp-json\/wp\/v2\/types\/page"}],"author":[{"embeddable":true,"href":"https:\/\/activeluxe-cosmetics.com\/rs\/wp-json\/wp\/v2\/users\/6"}],"replies":[{"embeddable":true,"href":"https:\/\/activeluxe-cosmetics.com\/rs\/wp-json\/wp\/v2\/comments?post=80926"}],"version-history":[{"count":7,"href":"https:\/\/activeluxe-cosmetics.com\/rs\/wp-json\/wp\/v2\/pages\/80926\/revisions"}],"predecessor-version":[{"id":81646,"href":"https:\/\/activeluxe-cosmetics.com\/rs\/wp-json\/wp\/v2\/pages\/80926\/revisions\/81646"}],"wp:attachment":[{"href":"https:\/\/activeluxe-cosmetics.com\/rs\/wp-json\/wp\/v2\/media?parent=80926"}],"curies":[{"name":"wp","href":"https:\/\/api.w.org\/{rel}","templated":true}]}}