{"id":84954,"date":"2024-11-04T12:51:46","date_gmt":"2024-11-04T12:51:46","guid":{"rendered":"https:\/\/activeluxe-cosmetics.com\/ro\/?post_type=product&#038;p=84954"},"modified":"2024-12-04T07:07:30","modified_gmt":"2024-12-04T07:07:30","slug":"ser-hidratant-anti-imbatranire-pentru-fata","status":"publish","type":"product","link":"https:\/\/activeluxe-cosmetics.com\/ro\/produs\/ser-hidratant-anti-imbatranire-pentru-fata\/","title":{"rendered":"Ser hidratant anti-\u00eemb\u0103tr\u00e2nire pentru fa\u021b\u0103"},"content":{"rendered":"<h2>Piele<strong>intens hidratat\u0103<\/strong> \u0219i \u00eentinerit\u0103<img loading=\"lazy\" decoding=\"async\" class=\" wp-image-84961 alignright\" style=\"font-size: 14.4px; color: #555555;\" src=\"https:\/\/activeluxe-cosmetics.com\/ro\/wp-content\/uploads\/2024\/11\/Active-Luxe_face-serum.png\" alt=\"\" width=\"360\" height=\"450\" \/><\/h2>\n<p>Descoperi\u021bi secretul pentru o<strong> piele<\/strong> <strong>perfect hidratat\u0103<\/strong> \u0219i<strong> \u00eentinerit\u0103<\/strong> cu serul nostru facial hidratant de ultim\u0103 genera\u021bie.<\/p>\n<p>Aceast\u0103 formul\u0103 unic\u0103 este conceput\u0103 pentru a <strong>hidrata<\/strong> \u0219i <strong>\u00eentineri pielea<\/strong> la <strong>un nivel excep\u021bional<\/strong> \u0219i ofer\u0103 un <strong>efect anti-\u00eemb\u0103tr\u00e2nire vizibil<\/strong>.<\/p>\n<p>Un ser hidratant calmant pentru fa\u021b\u0103, g\u00e2t \u0219i decolteu, cu o combina\u021bie excep\u021bional\u0103 de ingrediente selectate:<\/p>\n<ul>\n<li><strong>previne \u00eemb\u0103tr\u00e2nirea prematur\u0103 a pielii<\/strong> \u0219i<\/li>\n<li><strong>protejeaz\u0103<\/strong>, <strong>reface<\/strong> \u0219i <strong>calmeaz\u0103<\/strong> pielea sensibil\u0103 \u0219i iritat\u0103.<\/li>\n<li><\/li>\n<\/ul>\n<p>Sinergia uleiurilor pre\u021bioase de<strong> m\u0103sline<\/strong> \u0219i <strong>jojoba<\/strong> hidrateaz\u0103 pielea \u00een profunzime, men\u021bin\u00e2nd-o t\u00e2n\u0103r\u0103 \u0219i radiant\u0103. Uleiul de jojoba con\u021bine o <strong>form\u0103 natural\u0103 de vitamina E<\/strong>, care ac\u021bioneaz\u0103 ca un <strong>antioxidant puternic<\/strong> asupra pielii \u0219i protejeaz\u0103 celulele de influen\u021bele externe d\u0103un\u0103toare.<\/p>\n<p><strong>Extractul activ hidrolizat de Rhodophyceae<\/strong> asigur\u0103 <strong>calmarea imediat\u0103<\/strong> a pielii iritate \u0219i sensibile, <strong>elimin\u0103 ro\u0219ea\u021ba<\/strong> \u0219i<strong> ridurile<\/strong> \u0219i men\u021bine <strong>o barier\u0103 cutanat\u0103 s\u0103n\u0103toas\u0103<\/strong>.<\/p>\n<p>&nbsp;<\/p>\n<h2><\/h2>\n<h2><img loading=\"lazy\" decoding=\"async\" class=\" wp-image-84960 alignleft\" src=\"https:\/\/activeluxe-cosmetics.com\/ro\/wp-content\/uploads\/2024\/11\/ActiveLuxe_Face-serum2.png\" alt=\"\" width=\"360\" height=\"450\" \/><\/h2>\n<h2>Principalele <strong>beneficii ale serului<\/strong><\/h2>\n<ul>\n<li><strong>Hidratare intens\u0103<\/strong>: serul hidrateaz\u0103 pielea \u00een profunzime, oferind hidratare de lung\u0103 durat\u0103 \u0219i refacerea hidrat\u0103rii. Rezultatul este o piele moale, neted\u0103 \u0219i supl\u0103 pe tot parcursul zilei.<\/li>\n<li><strong>Rejuvenare<\/strong>: \u00cembog\u0103\u021bit\u0103 cu antioxidan\u021bi puternici \u0219i ingrediente naturale, formula noastr\u0103 reduce aspectul liniilor fine \u0219i al ridurilor \u0219i stimuleaz\u0103 re\u00eennoirea natural\u0103 a celulelor pielii. Pielea devine mai ferm\u0103, mai elastic\u0103 \u0219i mai t\u00e2n\u0103r\u0103.<\/li>\n<li><strong>Efect anti-\u00eemb\u0103tr\u00e2nire<\/strong>: Serul con\u021bine ingrediente active care ac\u021bioneaz\u0103 \u00eempotriva \u00eemb\u0103tr\u00e2nirii \u0219i ajut\u0103 la reducerea semnelor de \u00eemb\u0103tr\u00e2nire. Utilizarea regulat\u0103 ajut\u0103 pielea s\u0103 aib\u0103 un aspect vizibil mai t\u00e2n\u0103r.<\/li>\n<li><strong>Textura u\u0219oar\u0103<\/strong>: Serul are o textur\u0103 extrem de u\u0219oar\u0103 care se absoarbe rapid \u00een piele f\u0103r\u0103 a l\u0103sa o senza\u021bie de gr\u0103sime. Este ideal pentru toate tipurile de piele \u0219i se integreaz\u0103 perfect \u00een rutina zilnic\u0103 de \u00eengrijire a pielii.<\/li>\n<li><strong>Partajare cu alte produse cosmetice<\/strong>: \u00cel pute\u021bi utiliza \u00eempreun\u0103 cu crema de fa\u021b\u0103 preferat\u0103.<\/li>\n<\/ul>\n<p>&nbsp;<\/p>\n<p>&nbsp;<\/p>\n","protected":false},"excerpt":{"rendered":"<p>Ser antiage, hidratant \u0219i calmant pentru o piele tonifiat\u0103 \u0219i o barier\u0103 cutanat\u0103 ref\u0103cut\u0103. Pentru fa\u021b\u0103, g\u00e2t \u0219i decolteu.<\/p>\n","protected":false},"featured_media":84975,"comment_status":"open","ping_status":"closed","template":"","meta":[],"product_cat":[82],"product_tag":[],"class_list":{"0":"post-84954","1":"product","2":"type-product","3":"status-publish","4":"has-post-thumbnail","6":"product_cat-soare","8":"first","9":"instock","10":"taxable","11":"shipping-taxable","12":"purchasable","13":"product-type-simple"},"bundled_by":[],"bundle_stock_status":"instock","bundle_stock_quantity":null,"bundle_virtual":false,"bundle_layout":"","bundle_add_to_cart_form_location":"","bundle_editable_in_cart":false,"bundle_sold_individually_context":"","bundle_item_grouping":"","bundle_min_size":"","bundle_max_size":"","bundled_items":[],"acf":[],"yoast_head":"<!-- This site is optimized with the Yoast SEO plugin v21.8 - https:\/\/yoast.com\/wordpress\/plugins\/seo\/ -->\n<title>Ser de fa\u021b\u0103 hidratant anti-\u00eemb\u0103tr\u00e2nire Active Luxe<\/title>\n<meta name=\"description\" content=\"Formula avansat\u0103 asigur\u0103 hidratarea complet\u0103 a pielii. \u00cent\u0103re\u0219te func\u021bia de protec\u021bie a pielii. Asigur\u0103 calmarea imediat\u0103 a pielii iritate \u0219i sensibile. Elimin\u0103 ro\u0219ea\u021ba.\" \/>\n<meta name=\"robots\" content=\"index, follow, max-snippet:-1, max-image-preview:large, max-video-preview:-1\" \/>\n<link rel=\"canonical\" href=\"https:\/\/activeluxe-cosmetics.com\/ro\/produs\/ser-hidratant-anti-imbatranire-pentru-fata\/\" \/>\n<meta property=\"og:locale\" content=\"ro_RO\" \/>\n<meta property=\"og:type\" content=\"article\" \/>\n<meta property=\"og:title\" content=\"Ser de fa\u021b\u0103 hidratant anti-\u00eemb\u0103tr\u00e2nire Active Luxe\" \/>\n<meta property=\"og:description\" content=\"Formula avansat\u0103 asigur\u0103 hidratarea complet\u0103 a pielii. \u00cent\u0103re\u0219te func\u021bia de protec\u021bie a pielii. Asigur\u0103 calmarea imediat\u0103 a pielii iritate \u0219i sensibile. Elimin\u0103 ro\u0219ea\u021ba.\" \/>\n<meta property=\"og:url\" content=\"https:\/\/activeluxe-cosmetics.com\/ro\/produs\/ser-hidratant-anti-imbatranire-pentru-fata\/\" \/>\n<meta property=\"og:site_name\" content=\"Active Luxe Cosmetics\" \/>\n<meta property=\"article:modified_time\" content=\"2024-12-04T07:07:30+00:00\" \/>\n<meta property=\"og:image\" content=\"https:\/\/activeluxe-cosmetics.com\/ro\/wp-content\/uploads\/2024\/11\/AL_Face-Serum_Product-photo.jpg\" \/>\n\t<meta property=\"og:image:width\" content=\"1104\" \/>\n\t<meta property=\"og:image:height\" content=\"1326\" \/>\n\t<meta property=\"og:image:type\" content=\"image\/jpeg\" \/>\n<meta name=\"twitter:card\" content=\"summary_large_image\" \/>\n<meta name=\"twitter:label1\" content=\"Timp estimat pentru citire\" \/>\n\t<meta name=\"twitter:data1\" content=\"3 minute\" \/>\n<script type=\"application\/ld+json\" class=\"yoast-schema-graph\">{\"@context\":\"https:\/\/schema.org\",\"@graph\":[{\"@type\":\"WebPage\",\"@id\":\"https:\/\/activeluxe-cosmetics.com\/ro\/produs\/ser-hidratant-anti-imbatranire-pentru-fata\/\",\"url\":\"https:\/\/activeluxe-cosmetics.com\/ro\/produs\/ser-hidratant-anti-imbatranire-pentru-fata\/\",\"name\":\"Ser de fa\u021b\u0103 hidratant anti-\u00eemb\u0103tr\u00e2nire Active Luxe\",\"isPartOf\":{\"@id\":\"https:\/\/activeluxe-cosmetics.com\/ro\/#website\"},\"datePublished\":\"2024-11-04T12:51:46+00:00\",\"dateModified\":\"2024-12-04T07:07:30+00:00\",\"description\":\"Formula avansat\u0103 asigur\u0103 hidratarea complet\u0103 a pielii. \u00cent\u0103re\u0219te func\u021bia de protec\u021bie a pielii. Asigur\u0103 calmarea imediat\u0103 a pielii iritate \u0219i sensibile. Elimin\u0103 ro\u0219ea\u021ba.\",\"breadcrumb\":{\"@id\":\"https:\/\/activeluxe-cosmetics.com\/ro\/produs\/ser-hidratant-anti-imbatranire-pentru-fata\/#breadcrumb\"},\"inLanguage\":\"ro-RO\",\"potentialAction\":[{\"@type\":\"ReadAction\",\"target\":[\"https:\/\/activeluxe-cosmetics.com\/ro\/produs\/ser-hidratant-anti-imbatranire-pentru-fata\/\"]}]},{\"@type\":\"BreadcrumbList\",\"@id\":\"https:\/\/activeluxe-cosmetics.com\/ro\/produs\/ser-hidratant-anti-imbatranire-pentru-fata\/#breadcrumb\",\"itemListElement\":[{\"@type\":\"ListItem\",\"position\":1,\"name\":\"Copert\u0103\",\"item\":\"https:\/\/activeluxe-cosmetics.com\/ro\/\"},{\"@type\":\"ListItem\",\"position\":2,\"name\":\"Magazin\",\"item\":\"https:\/\/activeluxe-cosmetics.com\/ro\/magazin\/\"},{\"@type\":\"ListItem\",\"position\":3,\"name\":\"Ser hidratant anti-\u00eemb\u0103tr\u00e2nire pentru fa\u021b\u0103\"}]},{\"@type\":\"WebSite\",\"@id\":\"https:\/\/activeluxe-cosmetics.com\/ro\/#website\",\"url\":\"https:\/\/activeluxe-cosmetics.com\/ro\/\",\"name\":\"Active Luxe Cosmetics\",\"description\":\"\",\"potentialAction\":[{\"@type\":\"SearchAction\",\"target\":{\"@type\":\"EntryPoint\",\"urlTemplate\":\"https:\/\/activeluxe-cosmetics.com\/ro\/?s={search_term_string}\"},\"query-input\":\"required name=search_term_string\"}],\"inLanguage\":\"ro-RO\"}]}<\/script>\n<!-- \/ Yoast SEO plugin. -->","yoast_head_json":{"title":"Ser de fa\u021b\u0103 hidratant anti-\u00eemb\u0103tr\u00e2nire Active Luxe","description":"Formula avansat\u0103 asigur\u0103 hidratarea complet\u0103 a pielii. \u00cent\u0103re\u0219te func\u021bia de protec\u021bie a pielii. Asigur\u0103 calmarea imediat\u0103 a pielii iritate \u0219i sensibile. Elimin\u0103 ro\u0219ea\u021ba.","robots":{"index":"index","follow":"follow","max-snippet":"max-snippet:-1","max-image-preview":"max-image-preview:large","max-video-preview":"max-video-preview:-1"},"canonical":"https:\/\/activeluxe-cosmetics.com\/ro\/produs\/ser-hidratant-anti-imbatranire-pentru-fata\/","og_locale":"ro_RO","og_type":"article","og_title":"Ser de fa\u021b\u0103 hidratant anti-\u00eemb\u0103tr\u00e2nire Active Luxe","og_description":"Formula avansat\u0103 asigur\u0103 hidratarea complet\u0103 a pielii. \u00cent\u0103re\u0219te func\u021bia de protec\u021bie a pielii. Asigur\u0103 calmarea imediat\u0103 a pielii iritate \u0219i sensibile. Elimin\u0103 ro\u0219ea\u021ba.","og_url":"https:\/\/activeluxe-cosmetics.com\/ro\/produs\/ser-hidratant-anti-imbatranire-pentru-fata\/","og_site_name":"Active Luxe Cosmetics","article_modified_time":"2024-12-04T07:07:30+00:00","og_image":[{"width":1104,"height":1326,"url":"https:\/\/activeluxe-cosmetics.com\/ro\/wp-content\/uploads\/2024\/11\/AL_Face-Serum_Product-photo.jpg","type":"image\/jpeg"}],"twitter_card":"summary_large_image","twitter_misc":{"Timp estimat pentru citire":"3 minute"},"schema":{"@context":"https:\/\/schema.org","@graph":[{"@type":"WebPage","@id":"https:\/\/activeluxe-cosmetics.com\/ro\/produs\/ser-hidratant-anti-imbatranire-pentru-fata\/","url":"https:\/\/activeluxe-cosmetics.com\/ro\/produs\/ser-hidratant-anti-imbatranire-pentru-fata\/","name":"Ser de fa\u021b\u0103 hidratant anti-\u00eemb\u0103tr\u00e2nire Active Luxe","isPartOf":{"@id":"https:\/\/activeluxe-cosmetics.com\/ro\/#website"},"datePublished":"2024-11-04T12:51:46+00:00","dateModified":"2024-12-04T07:07:30+00:00","description":"Formula avansat\u0103 asigur\u0103 hidratarea complet\u0103 a pielii. \u00cent\u0103re\u0219te func\u021bia de protec\u021bie a pielii. Asigur\u0103 calmarea imediat\u0103 a pielii iritate \u0219i sensibile. Elimin\u0103 ro\u0219ea\u021ba.","breadcrumb":{"@id":"https:\/\/activeluxe-cosmetics.com\/ro\/produs\/ser-hidratant-anti-imbatranire-pentru-fata\/#breadcrumb"},"inLanguage":"ro-RO","potentialAction":[{"@type":"ReadAction","target":["https:\/\/activeluxe-cosmetics.com\/ro\/produs\/ser-hidratant-anti-imbatranire-pentru-fata\/"]}]},{"@type":"BreadcrumbList","@id":"https:\/\/activeluxe-cosmetics.com\/ro\/produs\/ser-hidratant-anti-imbatranire-pentru-fata\/#breadcrumb","itemListElement":[{"@type":"ListItem","position":1,"name":"Copert\u0103","item":"https:\/\/activeluxe-cosmetics.com\/ro\/"},{"@type":"ListItem","position":2,"name":"Magazin","item":"https:\/\/activeluxe-cosmetics.com\/ro\/magazin\/"},{"@type":"ListItem","position":3,"name":"Ser hidratant anti-\u00eemb\u0103tr\u00e2nire pentru fa\u021b\u0103"}]},{"@type":"WebSite","@id":"https:\/\/activeluxe-cosmetics.com\/ro\/#website","url":"https:\/\/activeluxe-cosmetics.com\/ro\/","name":"Active Luxe Cosmetics","description":"","potentialAction":[{"@type":"SearchAction","target":{"@type":"EntryPoint","urlTemplate":"https:\/\/activeluxe-cosmetics.com\/ro\/?s={search_term_string}"},"query-input":"required name=search_term_string"}],"inLanguage":"ro-RO"}]}},"_links":{"self":[{"href":"https:\/\/activeluxe-cosmetics.com\/ro\/wp-json\/wp\/v2\/product\/84954","targetHints":{"allow":["GET"]}}],"collection":[{"href":"https:\/\/activeluxe-cosmetics.com\/ro\/wp-json\/wp\/v2\/product"}],"about":[{"href":"https:\/\/activeluxe-cosmetics.com\/ro\/wp-json\/wp\/v2\/types\/product"}],"replies":[{"embeddable":true,"href":"https:\/\/activeluxe-cosmetics.com\/ro\/wp-json\/wp\/v2\/comments?post=84954"}],"wp:featuredmedia":[{"embeddable":true,"href":"https:\/\/activeluxe-cosmetics.com\/ro\/wp-json\/wp\/v2\/media\/84975"}],"wp:attachment":[{"href":"https:\/\/activeluxe-cosmetics.com\/ro\/wp-json\/wp\/v2\/media?parent=84954"}],"wp:term":[{"taxonomy":"product_cat","embeddable":true,"href":"https:\/\/activeluxe-cosmetics.com\/ro\/wp-json\/wp\/v2\/product_cat?post=84954"},{"taxonomy":"product_tag","embeddable":true,"href":"https:\/\/activeluxe-cosmetics.com\/ro\/wp-json\/wp\/v2\/product_tag?post=84954"}],"curies":[{"name":"wp","href":"https:\/\/api.w.org\/{rel}","templated":true}]}}