{"id":84916,"date":"2024-11-04T12:12:03","date_gmt":"2024-11-04T12:12:03","guid":{"rendered":"https:\/\/activeluxe-cosmetics.com\/ro\/?post_type=product&#038;p=84916"},"modified":"2024-12-04T07:07:40","modified_gmt":"2024-12-04T07:07:40","slug":"unt-de-corp-premium-cu-aroma-de-portocala-si-vanilie","status":"publish","type":"product","link":"https:\/\/activeluxe-cosmetics.com\/ro\/produs\/unt-de-corp-premium-cu-aroma-de-portocala-si-vanilie\/","title":{"rendered":"Unt de corp premium cu arom\u0103 de portocal\u0103 \u0219i vanilie"},"content":{"rendered":"<h2 style=\"text-align: left;\"><strong><img loading=\"lazy\" decoding=\"async\" class=\" wp-image-84947 alignright\" src=\"https:\/\/activeluxe-cosmetics.com\/ro\/wp-content\/uploads\/2024\/11\/Maslo-1-1.png\" alt=\"\" width=\"331\" height=\"414\" \/>Descoper\u0103 \u00eengrijirea luxoas\u0103<\/strong> a pielii cu untul de corp Premium<\/h2>\n<p><strong>Untul de corp Active Luxe Premium<\/strong> este creat pentru <strong>hidratarea intens\u0103<\/strong> \u0219i <strong>regenerarea pielii<\/strong>, datorit\u0103 formulei sale bogate cu <strong>ulei de cocos<\/strong>, unt <strong>de shea \u0219i ulei de migdale<\/strong>.<\/p>\n<p><span style=\"font-size: 14.4px;\">Cu un parfum proasp\u0103t de <\/span><strong style=\"font-size: 14.4px;\">citrice<\/strong><span style=\"font-size: 14.4px;\"> \u0219i <\/span><strong style=\"font-size: 14.4px;\">vanilie<\/strong><span style=\"font-size: 14.4px;\">, acest tratament <\/span><strong style=\"font-size: 14.4px;\">cremos hr\u0103ne\u0219te pielea<\/strong><span style=\"font-size: 14.4px;\"> \u00een profunzime \u0219i o \u00eenv\u0103luie \u00eentr-o senza\u021bie pl\u0103cut\u0103, <\/span><strong style=\"font-size: 14.4px;\">parfumat\u0103 \u0219i m\u0103t\u0103soas\u0103<\/strong><span style=\"font-size: 14.4px;\">, f\u0103r\u0103 a l\u0103sa un strat gras nepl\u0103cut.<\/span><\/p>\n<p>Untul de shea, \u00een combina\u021bie cu uleiurile, contribuie la <strong>elasticitatea<\/strong> \u0219i catifelarea pielii, fiind ideal pentru pielea uscat\u0103 \u0219i sensibil\u0103.<\/p>\n<p>Untul de corp Premium poate fi folosit zilnic, fiind deosebit de benefic \u00een lunile reci de iarn\u0103, c\u00e2nd pielea este \u0219i mai uscat\u0103.<\/p>\n<p><span style=\"font-size: 14.4px;\">Este perfect pentru aplicarea <\/span><strong style=\"font-size: 14.4px;\">dup\u0103 du\u0219<\/strong><span style=\"font-size: 14.4px;\">, r<\/span><strong style=\"font-size: 14.4px;\">e\u021bin\u00e2nd umiditatea \u00een piele<\/strong><span style=\"font-size: 14.4px;\">, <\/span><strong style=\"font-size: 14.4px;\">ref\u0103c\u00e2nd structura acesteia<\/strong><span style=\"font-size: 14.4px;\"> \u0219i l\u0103s\u00e2nd-o catifelat\u0103 la atingere.<\/span><\/p>\n<p>&nbsp;<\/p>\n<h2><img loading=\"lazy\" decoding=\"async\" class=\" wp-image-84948 alignleft\" src=\"https:\/\/activeluxe-cosmetics.com\/ro\/wp-content\/uploads\/2024\/11\/Maslo-2-1.png\" alt=\"\" width=\"330\" height=\"413\" \/><\/h2>\n<h2>Formul\u0103 bogat\u0103 pentru<b> o hidratare f\u0103r\u0103 compromisuri<\/b><\/h2>\n<p>Formula atent selectat\u0103 de <strong>ulei de cocos<\/strong>, <strong>unt de shea<\/strong> \u0219i <strong>ulei de migdale<\/strong> din untul de corp Premium ofer\u0103 \u00eengrijire \u0219i <strong>hidratare<\/strong> <strong>intensive<\/strong>.<\/p>\n<ul>\n<li>Untul de shea hr\u0103ne\u0219te \u0219i re\u00eemprosp\u0103teaz\u0103 bogat pielea, ceea ce este deosebit de important pentru pielea uscat\u0103 \u0219i sensibil\u0103, deoarece previne pierderea de umiditate \u0219i sus\u021bine elasticitatea natural\u0103.<\/li>\n<li>Uleiul de cocos ofer\u0103 un plus de elasticitate \u0219i ajut\u0103 la regenerarea pielii.<\/li>\n<li>Uleiul de migdale \u00eenmoaie pielea \u0219i \u00eei red\u0103 str\u0103lucirea natural\u0103.<\/li>\n<\/ul>\n<p>&nbsp;<\/p>\n<h2><\/h2>\n<h2><\/h2>\n<h2><\/h2>\n<h2><\/h2>\n<p>&nbsp;<\/p>\n<p>&nbsp;<\/p>\n<p><img loading=\"lazy\" decoding=\"async\" class=\" wp-image-84974 alignright\" src=\"https:\/\/activeluxe-cosmetics.com\/ro\/wp-content\/uploads\/2024\/11\/albodybutter-768x960-1-460x575.png\" alt=\"\" width=\"330\" height=\"413\" srcset=\"https:\/\/activeluxe-cosmetics.com\/ro\/wp-content\/uploads\/2024\/11\/albodybutter-768x960-1-460x575.png 460w, https:\/\/activeluxe-cosmetics.com\/ro\/wp-content\/uploads\/2024\/11\/albodybutter-768x960-1-600x750.png 600w, https:\/\/activeluxe-cosmetics.com\/ro\/wp-content\/uploads\/2024\/11\/albodybutter-768x960-1.png 768w\" sizes=\"auto, (max-width: 330px) 100vw, 330px\" \/><\/p>\n<h2 style=\"text-align: left;\"><b>De ce s\u0103 alege\u021bi <\/b>untul de corp Premium?<\/h2>\n<p style=\"text-align: left;\"><strong>Pentru c\u0103 noi credem c\u0103 pielea ta merit\u0103 doar ce e mai bun!<\/strong> Untul de corp Premium este mai mult dec\u00e2t un simplu produs &#8211; este un tratament de lux care \u00ee\u021bi r\u0103sfa\u021b\u0103 corpul \u00een fiecare zi.<\/p>\n<ul style=\"text-align: left;\">\n<li>Este perfect pentru utilizarea zilnic\u0103, \u00een special dup\u0103 du\u0219, c\u00e2nd va bloca umezeala \u0219i v\u0103 va men\u021bine pielea hidratat\u0103 pe tot parcursul zilei.<\/li>\n<li><strong>O textur\u0103 pufoas\u0103 prestigioas\u0103 care<\/strong> \u00ee\u021bi ador\u0103 pielea \u0219i \u00eei sus\u021bine \u00een mod natural vitalitatea.<\/li>\n<\/ul>\n<p>&nbsp;<\/p>\n<p style=\"text-align: left;\">Premium Body Butter este <strong>aliatul<\/strong> t\u0103u <strong>indispensabil<\/strong> pentru o <strong>piele<\/strong> <strong>radiant\u0103<\/strong>, <strong>s\u0103n\u0103toas\u0103<\/strong> \u0219i <strong>profund hr\u0103nit\u0103<\/strong>, chiar \u0219i \u00een cele mai reci luni.<\/p>\n<p>&nbsp;<\/p>\n<p>&nbsp;<\/p>\n<p style=\"text-align: left;\">\n","protected":false},"excerpt":{"rendered":"<p>Pentru cei care cer mai mult: mai mult\u0103 moliciune, mai mult\u0103 hidratare \u0219i mai mult r\u0103sf\u0103\u021b. Cu prospe\u021bimea citricelor \u0219i un strop de vanilie.<\/p>\n","protected":false},"featured_media":84945,"comment_status":"open","ping_status":"closed","template":"","meta":[],"product_cat":[82],"product_tag":[],"class_list":{"0":"post-84916","1":"product","2":"type-product","3":"status-publish","4":"has-post-thumbnail","6":"product_cat-soare","8":"first","9":"instock","10":"taxable","11":"shipping-taxable","12":"purchasable","13":"product-type-simple"},"bundled_by":[],"bundle_stock_status":"instock","bundle_stock_quantity":null,"bundle_virtual":false,"bundle_layout":"","bundle_add_to_cart_form_location":"","bundle_editable_in_cart":false,"bundle_sold_individually_context":"","bundle_item_grouping":"","bundle_min_size":"","bundle_max_size":"","bundled_items":[],"acf":[],"yoast_head":"<!-- This site is optimized with the Yoast SEO plugin v21.8 - https:\/\/yoast.com\/wordpress\/plugins\/seo\/ -->\n<title>Unt de corp Active Luxe Premium<\/title>\n<meta name=\"description\" content=\"Formulat pentru a hidrata \u0219i repara intens pielea datorit\u0103 unei formule bogate cu ulei de cocos, unt de shea \u0219i ulei de migdale.\" \/>\n<meta name=\"robots\" content=\"index, follow, max-snippet:-1, max-image-preview:large, max-video-preview:-1\" \/>\n<link rel=\"canonical\" href=\"https:\/\/activeluxe-cosmetics.com\/ro\/produs\/unt-de-corp-premium-cu-aroma-de-portocala-si-vanilie\/\" \/>\n<meta property=\"og:locale\" content=\"ro_RO\" \/>\n<meta property=\"og:type\" content=\"article\" \/>\n<meta property=\"og:title\" content=\"Unt de corp Active Luxe Premium\" \/>\n<meta property=\"og:description\" content=\"Formulat pentru a hidrata \u0219i repara intens pielea datorit\u0103 unei formule bogate cu ulei de cocos, unt de shea \u0219i ulei de migdale.\" \/>\n<meta property=\"og:url\" content=\"https:\/\/activeluxe-cosmetics.com\/ro\/produs\/unt-de-corp-premium-cu-aroma-de-portocala-si-vanilie\/\" \/>\n<meta property=\"og:site_name\" content=\"Active Luxe Cosmetics\" \/>\n<meta property=\"article:modified_time\" content=\"2024-12-04T07:07:40+00:00\" \/>\n<meta property=\"og:image\" content=\"https:\/\/activeluxe-cosmetics.com\/ro\/wp-content\/uploads\/2024\/11\/DIVINENAILS25201-scaled.jpg\" \/>\n\t<meta property=\"og:image:width\" content=\"1707\" \/>\n\t<meta property=\"og:image:height\" content=\"2560\" \/>\n\t<meta property=\"og:image:type\" content=\"image\/jpeg\" \/>\n<meta name=\"twitter:card\" content=\"summary_large_image\" \/>\n<meta name=\"twitter:label1\" content=\"Timp estimat pentru citire\" \/>\n\t<meta name=\"twitter:data1\" content=\"3 minute\" \/>\n<script type=\"application\/ld+json\" class=\"yoast-schema-graph\">{\"@context\":\"https:\/\/schema.org\",\"@graph\":[{\"@type\":\"WebPage\",\"@id\":\"https:\/\/activeluxe-cosmetics.com\/ro\/produs\/unt-de-corp-premium-cu-aroma-de-portocala-si-vanilie\/\",\"url\":\"https:\/\/activeluxe-cosmetics.com\/ro\/produs\/unt-de-corp-premium-cu-aroma-de-portocala-si-vanilie\/\",\"name\":\"Unt de corp Active Luxe Premium\",\"isPartOf\":{\"@id\":\"https:\/\/activeluxe-cosmetics.com\/ro\/#website\"},\"datePublished\":\"2024-11-04T12:12:03+00:00\",\"dateModified\":\"2024-12-04T07:07:40+00:00\",\"description\":\"Formulat pentru a hidrata \u0219i repara intens pielea datorit\u0103 unei formule bogate cu ulei de cocos, unt de shea \u0219i ulei de migdale.\",\"breadcrumb\":{\"@id\":\"https:\/\/activeluxe-cosmetics.com\/ro\/produs\/unt-de-corp-premium-cu-aroma-de-portocala-si-vanilie\/#breadcrumb\"},\"inLanguage\":\"ro-RO\",\"potentialAction\":[{\"@type\":\"ReadAction\",\"target\":[\"https:\/\/activeluxe-cosmetics.com\/ro\/produs\/unt-de-corp-premium-cu-aroma-de-portocala-si-vanilie\/\"]}]},{\"@type\":\"BreadcrumbList\",\"@id\":\"https:\/\/activeluxe-cosmetics.com\/ro\/produs\/unt-de-corp-premium-cu-aroma-de-portocala-si-vanilie\/#breadcrumb\",\"itemListElement\":[{\"@type\":\"ListItem\",\"position\":1,\"name\":\"Copert\u0103\",\"item\":\"https:\/\/activeluxe-cosmetics.com\/ro\/\"},{\"@type\":\"ListItem\",\"position\":2,\"name\":\"Magazin\",\"item\":\"https:\/\/activeluxe-cosmetics.com\/ro\/magazin\/\"},{\"@type\":\"ListItem\",\"position\":3,\"name\":\"Unt de corp premium cu arom\u0103 de portocal\u0103 \u0219i vanilie\"}]},{\"@type\":\"WebSite\",\"@id\":\"https:\/\/activeluxe-cosmetics.com\/ro\/#website\",\"url\":\"https:\/\/activeluxe-cosmetics.com\/ro\/\",\"name\":\"Active Luxe Cosmetics\",\"description\":\"\",\"potentialAction\":[{\"@type\":\"SearchAction\",\"target\":{\"@type\":\"EntryPoint\",\"urlTemplate\":\"https:\/\/activeluxe-cosmetics.com\/ro\/?s={search_term_string}\"},\"query-input\":\"required name=search_term_string\"}],\"inLanguage\":\"ro-RO\"}]}<\/script>\n<!-- \/ Yoast SEO plugin. -->","yoast_head_json":{"title":"Unt de corp Active Luxe Premium","description":"Formulat pentru a hidrata \u0219i repara intens pielea datorit\u0103 unei formule bogate cu ulei de cocos, unt de shea \u0219i ulei de migdale.","robots":{"index":"index","follow":"follow","max-snippet":"max-snippet:-1","max-image-preview":"max-image-preview:large","max-video-preview":"max-video-preview:-1"},"canonical":"https:\/\/activeluxe-cosmetics.com\/ro\/produs\/unt-de-corp-premium-cu-aroma-de-portocala-si-vanilie\/","og_locale":"ro_RO","og_type":"article","og_title":"Unt de corp Active Luxe Premium","og_description":"Formulat pentru a hidrata \u0219i repara intens pielea datorit\u0103 unei formule bogate cu ulei de cocos, unt de shea \u0219i ulei de migdale.","og_url":"https:\/\/activeluxe-cosmetics.com\/ro\/produs\/unt-de-corp-premium-cu-aroma-de-portocala-si-vanilie\/","og_site_name":"Active Luxe Cosmetics","article_modified_time":"2024-12-04T07:07:40+00:00","og_image":[{"width":1707,"height":2560,"url":"https:\/\/activeluxe-cosmetics.com\/ro\/wp-content\/uploads\/2024\/11\/DIVINENAILS25201-scaled.jpg","type":"image\/jpeg"}],"twitter_card":"summary_large_image","twitter_misc":{"Timp estimat pentru citire":"3 minute"},"schema":{"@context":"https:\/\/schema.org","@graph":[{"@type":"WebPage","@id":"https:\/\/activeluxe-cosmetics.com\/ro\/produs\/unt-de-corp-premium-cu-aroma-de-portocala-si-vanilie\/","url":"https:\/\/activeluxe-cosmetics.com\/ro\/produs\/unt-de-corp-premium-cu-aroma-de-portocala-si-vanilie\/","name":"Unt de corp Active Luxe Premium","isPartOf":{"@id":"https:\/\/activeluxe-cosmetics.com\/ro\/#website"},"datePublished":"2024-11-04T12:12:03+00:00","dateModified":"2024-12-04T07:07:40+00:00","description":"Formulat pentru a hidrata \u0219i repara intens pielea datorit\u0103 unei formule bogate cu ulei de cocos, unt de shea \u0219i ulei de migdale.","breadcrumb":{"@id":"https:\/\/activeluxe-cosmetics.com\/ro\/produs\/unt-de-corp-premium-cu-aroma-de-portocala-si-vanilie\/#breadcrumb"},"inLanguage":"ro-RO","potentialAction":[{"@type":"ReadAction","target":["https:\/\/activeluxe-cosmetics.com\/ro\/produs\/unt-de-corp-premium-cu-aroma-de-portocala-si-vanilie\/"]}]},{"@type":"BreadcrumbList","@id":"https:\/\/activeluxe-cosmetics.com\/ro\/produs\/unt-de-corp-premium-cu-aroma-de-portocala-si-vanilie\/#breadcrumb","itemListElement":[{"@type":"ListItem","position":1,"name":"Copert\u0103","item":"https:\/\/activeluxe-cosmetics.com\/ro\/"},{"@type":"ListItem","position":2,"name":"Magazin","item":"https:\/\/activeluxe-cosmetics.com\/ro\/magazin\/"},{"@type":"ListItem","position":3,"name":"Unt de corp premium cu arom\u0103 de portocal\u0103 \u0219i vanilie"}]},{"@type":"WebSite","@id":"https:\/\/activeluxe-cosmetics.com\/ro\/#website","url":"https:\/\/activeluxe-cosmetics.com\/ro\/","name":"Active Luxe Cosmetics","description":"","potentialAction":[{"@type":"SearchAction","target":{"@type":"EntryPoint","urlTemplate":"https:\/\/activeluxe-cosmetics.com\/ro\/?s={search_term_string}"},"query-input":"required name=search_term_string"}],"inLanguage":"ro-RO"}]}},"_links":{"self":[{"href":"https:\/\/activeluxe-cosmetics.com\/ro\/wp-json\/wp\/v2\/product\/84916","targetHints":{"allow":["GET"]}}],"collection":[{"href":"https:\/\/activeluxe-cosmetics.com\/ro\/wp-json\/wp\/v2\/product"}],"about":[{"href":"https:\/\/activeluxe-cosmetics.com\/ro\/wp-json\/wp\/v2\/types\/product"}],"replies":[{"embeddable":true,"href":"https:\/\/activeluxe-cosmetics.com\/ro\/wp-json\/wp\/v2\/comments?post=84916"}],"wp:featuredmedia":[{"embeddable":true,"href":"https:\/\/activeluxe-cosmetics.com\/ro\/wp-json\/wp\/v2\/media\/84945"}],"wp:attachment":[{"href":"https:\/\/activeluxe-cosmetics.com\/ro\/wp-json\/wp\/v2\/media?parent=84916"}],"wp:term":[{"taxonomy":"product_cat","embeddable":true,"href":"https:\/\/activeluxe-cosmetics.com\/ro\/wp-json\/wp\/v2\/product_cat?post=84916"},{"taxonomy":"product_tag","embeddable":true,"href":"https:\/\/activeluxe-cosmetics.com\/ro\/wp-json\/wp\/v2\/product_tag?post=84916"}],"curies":[{"name":"wp","href":"https:\/\/api.w.org\/{rel}","templated":true}]}}