{"id":84892,"date":"2024-10-16T12:31:03","date_gmt":"2024-10-16T12:31:03","guid":{"rendered":"https:\/\/activeluxe-cosmetics.com\/ro\/?post_type=product&#038;p=84892"},"modified":"2024-12-06T09:52:51","modified_gmt":"2024-12-06T09:52:51","slug":"rimel-define-lash","status":"publish","type":"product","link":"https:\/\/activeluxe-cosmetics.com\/ro\/produs\/rimel-define-lash\/","title":{"rendered":"Rimel Define Lash"},"content":{"rendered":"<h2><strong>Volum \u0219i lungime spectaculoase<\/strong>, pentru gene incredibil de moi \u0219i flexibile, care nu se lipesc.<\/h2>\n<div>Volum \u0219i lungime excep\u021bionale: Fiecare gean\u0103 se va remarca prin defini\u021bie perfect\u0103 \u0219i volum dramatic. Perie conic\u0103 inovatoare. Mascara Define Lash este noul t\u0103u secret pentru genele perfect definite \u0219i seduc\u0103toare. Cu o perie conic\u0103 inovatoare \u0219i o formul\u0103 avansat\u0103, rimelul va face genele mai lungi, mai bine definite \u0219i incredibil de voluminoase.<\/div>\n<div><\/div>\n<div>Odat\u0103 ce ai \u00eencercat Define Lash Mascara, nu vei mai dori s\u0103 folose\u0219ti niciun alt rimel!<\/div>\n<div><\/div>\n<ul>\n<li><strong>Volum \u0219i lungime excep\u021bionale:<\/strong> Fiecare ge\u0103n\u0103 se va remarca prin defini\u021bie perfect\u0103 \u0219i volum dramatic.<\/li>\n<li><strong>Durabilitate de lung\u0103 durat\u0103:<\/strong> Mascara Define Lash asigur\u0103 durabilitate pe tot parcursul zilei, f\u0103r\u0103 compromisuri. Indiferent de ceea ce te a\u0219teapt\u0103 \u00een timpul zilei, look-ul t\u0103u va r\u0103m\u00e2ne fresh \u0219i intens.<\/li>\n<li><strong>Puterea \u00eengrijirii:<\/strong> Mascara Define Lash nu este doar un produs de machiaj, ci \u0219i \u00eengrije\u0219te genele tale. Formula sa, \u00eembog\u0103\u021bit\u0103 cu uleiuri naturale \u0219i vitamine, \u00eent\u0103re\u0219te genele, le hr\u0103ne\u0219te \u0219i le protejeaz\u0103 de rupere. Genele tale vor ar\u0103ta nu numai mai frumoase, ci \u0219i mai s\u0103n\u0103toase.<\/li>\n<li><strong>Precizie perfect\u0103:<\/strong> Peria special conceput\u0103 permite o aplicare precis\u0103 care ajunge chiar \u0219i la cele mai scurte gene. Cu rimelul Define Lash, nu vei rata nicio ocazie de a-\u021bi eviden\u021bia frumuse\u021bea natural\u0103!<\/li>\n<\/ul>\n<p>&nbsp;<\/p>\n<h2 style=\"text-align: center; clear: both;\"><img loading=\"lazy\" decoding=\"async\" class=\" wp-image-84895 alignleft\" src=\"https:\/\/activeluxe-cosmetics.com\/ro\/wp-content\/uploads\/2024\/10\/AL_JUNIJ0104-460x690.jpg\" alt=\"\" width=\"285\" height=\"428\" srcset=\"https:\/\/activeluxe-cosmetics.com\/ro\/wp-content\/uploads\/2024\/10\/AL_JUNIJ0104-460x690.jpg 460w, https:\/\/activeluxe-cosmetics.com\/ro\/wp-content\/uploads\/2024\/10\/AL_JUNIJ0104-683x1024.jpg 683w, https:\/\/activeluxe-cosmetics.com\/ro\/wp-content\/uploads\/2024\/10\/AL_JUNIJ0104-768x1152.jpg 768w, https:\/\/activeluxe-cosmetics.com\/ro\/wp-content\/uploads\/2024\/10\/AL_JUNIJ0104-1024x1536.jpg 1024w, https:\/\/activeluxe-cosmetics.com\/ro\/wp-content\/uploads\/2024\/10\/AL_JUNIJ0104-1365x2048.jpg 1365w, https:\/\/activeluxe-cosmetics.com\/ro\/wp-content\/uploads\/2024\/10\/AL_JUNIJ0104-600x900.jpg 600w, https:\/\/activeluxe-cosmetics.com\/ro\/wp-content\/uploads\/2024\/10\/AL_JUNIJ0104-scaled.jpg 1707w\" sizes=\"auto, (max-width: 285px) 100vw, 285px\" \/><\/h2>\n<h2><\/h2>\n<h2><strong>Cum \u00ee\u021bi va schimba rimelul Define Lash rutina ta zilnic\u0103?<\/strong><\/h2>\n<div><\/div>\n<div>Cu Define Lash, fiecare diminea\u021b\u0103 va deveni un moment de bucurie \u00een fa\u021ba oglinzii, \u0219tiind c\u0103 vei ob\u021bine aspectul perfect \u00een doar c\u00e2teva mi\u0219c\u0103ri. Genele tale vor fi mai lungi, mai voluminoase \u0219i perfect definite.<\/div>\n<div><\/div>\n<div>Peria conic\u0103 faciliteaz\u0103 aplicarea rimelului pe genele mai mici din col\u021burile ochilor, asigur\u00e2nd o acoperire uniform\u0103 \u0219i gene mai bine definite.<\/div>\n<div><\/div>\n<div>Aceast\u0103 perie ridic\u0103 \u0219i onduleaz\u0103 genele, d\u00e2nd efectul de deschidere a ochilor \u0219i cre\u00e2nd impresia de ochi mai mari. Formula extrem de moale permite aplicarea mai multor straturi f\u0103r\u0103 grija lipirii genelor.<\/div>\n<div><\/div>\n<div>Rimelul Define Lash este hipoalergenic \u0219i a fost dezvoltat cu aten\u021bie pentru utilizatorii cu ochii sensibili. Nu con\u021bine ingrediente iritante, ceea ce \u00eel face complet sigur pentru utilizarea zilnic\u0103, chiar \u0219i pentru purt\u0103torii de lentile de contact.<\/div>\n<p>&nbsp;<\/p>\n<p>&nbsp;<\/p>\n<p>&nbsp;<\/p>\n<p><img loading=\"lazy\" decoding=\"async\" class=\"wp-image-84894 alignright\" style=\"font-size: 14.4px;\" src=\"https:\/\/activeluxe-cosmetics.com\/ro\/wp-content\/uploads\/2024\/10\/AL_JUNIJ5-460x690.jpg\" alt=\"\" width=\"285\" height=\"428\" srcset=\"https:\/\/activeluxe-cosmetics.com\/ro\/wp-content\/uploads\/2024\/10\/AL_JUNIJ5-460x690.jpg 460w, https:\/\/activeluxe-cosmetics.com\/ro\/wp-content\/uploads\/2024\/10\/AL_JUNIJ5-683x1024.jpg 683w, https:\/\/activeluxe-cosmetics.com\/ro\/wp-content\/uploads\/2024\/10\/AL_JUNIJ5-768x1152.jpg 768w, https:\/\/activeluxe-cosmetics.com\/ro\/wp-content\/uploads\/2024\/10\/AL_JUNIJ5-1024x1536.jpg 1024w, https:\/\/activeluxe-cosmetics.com\/ro\/wp-content\/uploads\/2024\/10\/AL_JUNIJ5-1365x2048.jpg 1365w, https:\/\/activeluxe-cosmetics.com\/ro\/wp-content\/uploads\/2024\/10\/AL_JUNIJ5-600x900.jpg 600w, https:\/\/activeluxe-cosmetics.com\/ro\/wp-content\/uploads\/2024\/10\/AL_JUNIJ5-scaled.jpg 1707w\" sizes=\"auto, (max-width: 285px) 100vw, 285px\" \/><\/p>\n<h2><\/h2>\n<p>&nbsp;<\/p>\n<p>&nbsp;<\/p>\n<h2><strong>Ai \u00eencredere \u00een look-ul t\u0103u cu gene perfect definite.<\/strong><\/h2>\n<div>Define Lash este un produs premium conceput pentru femeile care doresc gene definite, lungi \u0219i voluminoase. Cu cea mai recent\u0103 tehnologie de pensul\u0103 \u0219i o formul\u0103 inovatoare, vei ob\u021bine gene perfect definite cu o singur\u0103 aplicare, f\u0103r\u0103 lipire sau urme pe pleoape.<\/div>\n<div><\/div>\n<div><strong>Perie precis\u0103 pentru o defini\u021bie perfect\u0103:<\/strong> Datorit\u0103 pensulei special concepute, vei realiza o aplicare uniform\u0103 pe fiecare gean\u0103, chiar \u0219i \u00een locurile cele mai greu accesibile. Genele tale vor ar\u0103ta mai lungi, mai bine definite \u0219i cu un volum spectaculos.<\/div>\n<div><\/div>\n<div><strong>Rezisten\u021b\u0103 pe termen lung:<\/strong> Mascara Define Lash ofer\u0103 o purtare pe tot parcursul zilei, f\u0103r\u0103 grija de decolorare sau \u00eentindere. Aspectul genelor va r\u0103m\u00e2ne fresh \u0219i intens pe tot parcursul zilei.<\/div>\n<div><\/div>\n<div><strong>Formul\u0103 de \u00eengrijire inovatoare:<\/strong> \u00cembog\u0103\u021bit\u0103 cu ingrediente hr\u0103nitoare, cum ar fi uleiuri naturale \u0219i vitamine, care \u00ee\u021bi protejeaz\u0103 \u0219i hr\u0103nesc genele. Genele tale vor r\u0103m\u00e2ne s\u0103n\u0103toase \u0219i puternice chiar \u0219i cu utilizarea frecvent\u0103.<\/div>\n<p>&nbsp;<\/p>\n<p>&nbsp;<\/p>\n<p>&nbsp;<\/p>\n<p>&nbsp;<\/p>\n<p>&nbsp;<\/p>\n<p>&nbsp;<\/p>\n<p>&nbsp;<\/p>\n<p>&nbsp;<\/p>\n<p>&nbsp;<\/p>\n<p>&nbsp;<\/p>\n","protected":false},"excerpt":{"rendered":"<p>Volum \u0219i lungime spectaculoase, iar genele incredibil de moi \u0219i flexibile, care nu se lipesc.<\/p>\n","protected":false},"featured_media":84897,"comment_status":"open","ping_status":"closed","template":"","meta":[],"product_cat":[48,77],"product_tag":[],"class_list":{"0":"post-84892","1":"product","2":"type-product","3":"status-publish","4":"has-post-thumbnail","6":"product_cat-gene","7":"product_cat-machiaj","9":"first","10":"instock","11":"taxable","12":"shipping-taxable","13":"purchasable","14":"product-type-simple"},"bundled_by":[],"bundle_stock_status":"instock","bundle_stock_quantity":null,"bundle_virtual":false,"bundle_layout":"","bundle_add_to_cart_form_location":"","bundle_editable_in_cart":false,"bundle_sold_individually_context":"","bundle_item_grouping":"","bundle_min_size":"","bundle_max_size":"","bundled_items":[],"acf":[],"yoast_head":"<!-- This site is optimized with the Yoast SEO plugin v21.8 - https:\/\/yoast.com\/wordpress\/plugins\/seo\/ -->\n<title>Rimel Define Lash pentru volum extrem \u0219i gene infinit de lungi.<\/title>\n<meta name=\"description\" content=\"Gene perfect definite \u0219i seduc\u0103toare. Volum \u0219i lungime excep\u021bionale: fiecare gean\u0103 va ie\u0219i \u00een eviden\u021b\u0103 cu o defini\u021bie perfect\u0103 \u0219i un volum dramatic.\" \/>\n<meta name=\"robots\" content=\"index, follow, max-snippet:-1, max-image-preview:large, max-video-preview:-1\" \/>\n<link rel=\"canonical\" href=\"https:\/\/activeluxe-cosmetics.com\/ro\/produs\/rimel-define-lash\/\" \/>\n<meta property=\"og:locale\" content=\"ro_RO\" \/>\n<meta property=\"og:type\" content=\"article\" \/>\n<meta property=\"og:title\" content=\"Rimel Define Lash pentru volum extrem \u0219i gene infinit de lungi.\" \/>\n<meta property=\"og:description\" content=\"Gene perfect definite \u0219i seduc\u0103toare. Volum \u0219i lungime excep\u021bionale: fiecare gean\u0103 va ie\u0219i \u00een eviden\u021b\u0103 cu o defini\u021bie perfect\u0103 \u0219i un volum dramatic.\" \/>\n<meta property=\"og:url\" content=\"https:\/\/activeluxe-cosmetics.com\/ro\/produs\/rimel-define-lash\/\" \/>\n<meta property=\"og:site_name\" content=\"Active Luxe Cosmetics\" \/>\n<meta property=\"article:modified_time\" content=\"2024-12-06T09:52:51+00:00\" \/>\n<meta property=\"og:image\" content=\"https:\/\/activeluxe-cosmetics.com\/ro\/wp-content\/uploads\/2024\/10\/26_Define-Lash-maskara_bez_punjenja.jpg\" \/>\n\t<meta property=\"og:image:width\" content=\"1104\" \/>\n\t<meta property=\"og:image:height\" content=\"1326\" \/>\n\t<meta property=\"og:image:type\" content=\"image\/jpeg\" \/>\n<meta name=\"twitter:card\" content=\"summary_large_image\" \/>\n<meta name=\"twitter:label1\" content=\"Timp estimat pentru citire\" \/>\n\t<meta name=\"twitter:data1\" content=\"4 minute\" \/>\n<script type=\"application\/ld+json\" class=\"yoast-schema-graph\">{\"@context\":\"https:\/\/schema.org\",\"@graph\":[{\"@type\":\"WebPage\",\"@id\":\"https:\/\/activeluxe-cosmetics.com\/ro\/produs\/rimel-define-lash\/\",\"url\":\"https:\/\/activeluxe-cosmetics.com\/ro\/produs\/rimel-define-lash\/\",\"name\":\"Rimel Define Lash pentru volum extrem \u0219i gene infinit de lungi.\",\"isPartOf\":{\"@id\":\"https:\/\/activeluxe-cosmetics.com\/ro\/#website\"},\"datePublished\":\"2024-10-16T12:31:03+00:00\",\"dateModified\":\"2024-12-06T09:52:51+00:00\",\"description\":\"Gene perfect definite \u0219i seduc\u0103toare. Volum \u0219i lungime excep\u021bionale: fiecare gean\u0103 va ie\u0219i \u00een eviden\u021b\u0103 cu o defini\u021bie perfect\u0103 \u0219i un volum dramatic.\",\"breadcrumb\":{\"@id\":\"https:\/\/activeluxe-cosmetics.com\/ro\/produs\/rimel-define-lash\/#breadcrumb\"},\"inLanguage\":\"ro-RO\",\"potentialAction\":[{\"@type\":\"ReadAction\",\"target\":[\"https:\/\/activeluxe-cosmetics.com\/ro\/produs\/rimel-define-lash\/\"]}]},{\"@type\":\"BreadcrumbList\",\"@id\":\"https:\/\/activeluxe-cosmetics.com\/ro\/produs\/rimel-define-lash\/#breadcrumb\",\"itemListElement\":[{\"@type\":\"ListItem\",\"position\":1,\"name\":\"Copert\u0103\",\"item\":\"https:\/\/activeluxe-cosmetics.com\/ro\/\"},{\"@type\":\"ListItem\",\"position\":2,\"name\":\"Magazin\",\"item\":\"https:\/\/activeluxe-cosmetics.com\/ro\/magazin\/\"},{\"@type\":\"ListItem\",\"position\":3,\"name\":\"Rimel Define Lash\"}]},{\"@type\":\"WebSite\",\"@id\":\"https:\/\/activeluxe-cosmetics.com\/ro\/#website\",\"url\":\"https:\/\/activeluxe-cosmetics.com\/ro\/\",\"name\":\"Active Luxe Cosmetics\",\"description\":\"\",\"potentialAction\":[{\"@type\":\"SearchAction\",\"target\":{\"@type\":\"EntryPoint\",\"urlTemplate\":\"https:\/\/activeluxe-cosmetics.com\/ro\/?s={search_term_string}\"},\"query-input\":\"required name=search_term_string\"}],\"inLanguage\":\"ro-RO\"}]}<\/script>\n<!-- \/ Yoast SEO plugin. -->","yoast_head_json":{"title":"Rimel Define Lash pentru volum extrem \u0219i gene infinit de lungi.","description":"Gene perfect definite \u0219i seduc\u0103toare. Volum \u0219i lungime excep\u021bionale: fiecare gean\u0103 va ie\u0219i \u00een eviden\u021b\u0103 cu o defini\u021bie perfect\u0103 \u0219i un volum dramatic.","robots":{"index":"index","follow":"follow","max-snippet":"max-snippet:-1","max-image-preview":"max-image-preview:large","max-video-preview":"max-video-preview:-1"},"canonical":"https:\/\/activeluxe-cosmetics.com\/ro\/produs\/rimel-define-lash\/","og_locale":"ro_RO","og_type":"article","og_title":"Rimel Define Lash pentru volum extrem \u0219i gene infinit de lungi.","og_description":"Gene perfect definite \u0219i seduc\u0103toare. Volum \u0219i lungime excep\u021bionale: fiecare gean\u0103 va ie\u0219i \u00een eviden\u021b\u0103 cu o defini\u021bie perfect\u0103 \u0219i un volum dramatic.","og_url":"https:\/\/activeluxe-cosmetics.com\/ro\/produs\/rimel-define-lash\/","og_site_name":"Active Luxe Cosmetics","article_modified_time":"2024-12-06T09:52:51+00:00","og_image":[{"width":1104,"height":1326,"url":"https:\/\/activeluxe-cosmetics.com\/ro\/wp-content\/uploads\/2024\/10\/26_Define-Lash-maskara_bez_punjenja.jpg","type":"image\/jpeg"}],"twitter_card":"summary_large_image","twitter_misc":{"Timp estimat pentru citire":"4 minute"},"schema":{"@context":"https:\/\/schema.org","@graph":[{"@type":"WebPage","@id":"https:\/\/activeluxe-cosmetics.com\/ro\/produs\/rimel-define-lash\/","url":"https:\/\/activeluxe-cosmetics.com\/ro\/produs\/rimel-define-lash\/","name":"Rimel Define Lash pentru volum extrem \u0219i gene infinit de lungi.","isPartOf":{"@id":"https:\/\/activeluxe-cosmetics.com\/ro\/#website"},"datePublished":"2024-10-16T12:31:03+00:00","dateModified":"2024-12-06T09:52:51+00:00","description":"Gene perfect definite \u0219i seduc\u0103toare. Volum \u0219i lungime excep\u021bionale: fiecare gean\u0103 va ie\u0219i \u00een eviden\u021b\u0103 cu o defini\u021bie perfect\u0103 \u0219i un volum dramatic.","breadcrumb":{"@id":"https:\/\/activeluxe-cosmetics.com\/ro\/produs\/rimel-define-lash\/#breadcrumb"},"inLanguage":"ro-RO","potentialAction":[{"@type":"ReadAction","target":["https:\/\/activeluxe-cosmetics.com\/ro\/produs\/rimel-define-lash\/"]}]},{"@type":"BreadcrumbList","@id":"https:\/\/activeluxe-cosmetics.com\/ro\/produs\/rimel-define-lash\/#breadcrumb","itemListElement":[{"@type":"ListItem","position":1,"name":"Copert\u0103","item":"https:\/\/activeluxe-cosmetics.com\/ro\/"},{"@type":"ListItem","position":2,"name":"Magazin","item":"https:\/\/activeluxe-cosmetics.com\/ro\/magazin\/"},{"@type":"ListItem","position":3,"name":"Rimel Define Lash"}]},{"@type":"WebSite","@id":"https:\/\/activeluxe-cosmetics.com\/ro\/#website","url":"https:\/\/activeluxe-cosmetics.com\/ro\/","name":"Active Luxe Cosmetics","description":"","potentialAction":[{"@type":"SearchAction","target":{"@type":"EntryPoint","urlTemplate":"https:\/\/activeluxe-cosmetics.com\/ro\/?s={search_term_string}"},"query-input":"required name=search_term_string"}],"inLanguage":"ro-RO"}]}},"_links":{"self":[{"href":"https:\/\/activeluxe-cosmetics.com\/ro\/wp-json\/wp\/v2\/product\/84892","targetHints":{"allow":["GET"]}}],"collection":[{"href":"https:\/\/activeluxe-cosmetics.com\/ro\/wp-json\/wp\/v2\/product"}],"about":[{"href":"https:\/\/activeluxe-cosmetics.com\/ro\/wp-json\/wp\/v2\/types\/product"}],"replies":[{"embeddable":true,"href":"https:\/\/activeluxe-cosmetics.com\/ro\/wp-json\/wp\/v2\/comments?post=84892"}],"wp:featuredmedia":[{"embeddable":true,"href":"https:\/\/activeluxe-cosmetics.com\/ro\/wp-json\/wp\/v2\/media\/84897"}],"wp:attachment":[{"href":"https:\/\/activeluxe-cosmetics.com\/ro\/wp-json\/wp\/v2\/media?parent=84892"}],"wp:term":[{"taxonomy":"product_cat","embeddable":true,"href":"https:\/\/activeluxe-cosmetics.com\/ro\/wp-json\/wp\/v2\/product_cat?post=84892"},{"taxonomy":"product_tag","embeddable":true,"href":"https:\/\/activeluxe-cosmetics.com\/ro\/wp-json\/wp\/v2\/product_tag?post=84892"}],"curies":[{"name":"wp","href":"https:\/\/api.w.org\/{rel}","templated":true}]}}