{"id":83519,"date":"2024-05-13T09:55:02","date_gmt":"2024-05-13T09:55:02","guid":{"rendered":"https:\/\/activeluxe-cosmetics.com\/ro\/?post_type=product&#038;p=83519"},"modified":"2025-05-14T09:41:49","modified_gmt":"2025-05-14T09:41:49","slug":"lotiune-racoritoare-de-corp","status":"publish","type":"product","link":"https:\/\/activeluxe-cosmetics.com\/ro\/produs\/lotiune-racoritoare-de-corp\/","title":{"rendered":"Lo\u021biune premium de corp dup\u0103 plaj\u0103, 110 g"},"content":{"rendered":"<h2><img loading=\"lazy\" decoding=\"async\" class=\" wp-image-84735 alignright\" src=\"https:\/\/activeluxe-cosmetics.com\/ro\/wp-content\/uploads\/2024\/05\/Izdelek-brez-naslova-56-1-460x575.png\" alt=\"\" width=\"460\" height=\"576\" srcset=\"https:\/\/activeluxe-cosmetics.com\/ro\/wp-content\/uploads\/2024\/05\/Izdelek-brez-naslova-56-1-460x575.png 460w, https:\/\/activeluxe-cosmetics.com\/ro\/wp-content\/uploads\/2024\/05\/Izdelek-brez-naslova-56-1-819x1024.png 819w, https:\/\/activeluxe-cosmetics.com\/ro\/wp-content\/uploads\/2024\/05\/Izdelek-brez-naslova-56-1-768x960.png 768w, https:\/\/activeluxe-cosmetics.com\/ro\/wp-content\/uploads\/2024\/05\/Izdelek-brez-naslova-56-1-600x750.png 600w, https:\/\/activeluxe-cosmetics.com\/ro\/wp-content\/uploads\/2024\/05\/Izdelek-brez-naslova-56-1.png 1080w\" sizes=\"auto, (max-width: 460px) 100vw, 460px\" \/><strong>Hidratare care <\/strong>se simte at\u00e2t de bine pe piele<strong> &#8211; <\/strong>\u00eentr-un nou ambalaj<\/h2>\n<p id=\"tw-target-text\" class=\"tw-data-text tw-text-large tw-ta\" dir=\"ltr\" data-placeholder=\"Translation\" aria-label=\"Translated text\" data-ved=\"2ahUKEwj4z7eY0YKGAxUaSPEDHbfxC-AQ3ewLegQICBAU\"><span data-sheets-root=\"1\" data-sheets-value=\"{&quot;1&quot;:2,&quot;2&quot;:&quot;Ca un iaurt adev\u0103rat, dar mai bun, cu un miros ame\u021bitor de pl\u0103cut de vanilie, nuc\u0103 de cocos \u0219i portocale dulci. Pentru a-\u021bi men\u021bine pielea s\u0103n\u0103toas\u0103, bronzat\u0103 \u0219i str\u0103lucitoare \u00een timpul verii ai nevoie de hidratare din plin.&quot;}\" data-sheets-userformat=\"{&quot;2&quot;:14593,&quot;3&quot;:{&quot;1&quot;:0,&quot;3&quot;:1},&quot;11&quot;:4,&quot;14&quot;:{&quot;1&quot;:2,&quot;2&quot;:0},&quot;15&quot;:&quot;Arial&quot;,&quot;16&quot;:10}\">Ca un iaurt adev\u0103rat, dar mai bun, cu un miros ame\u021bitor de pl\u0103cut de vanilie, nuc\u0103 de cocos \u0219i portocale dulci. Pentru a-\u021bi men\u021bine pielea s\u0103n\u0103toas\u0103, bronzat\u0103 \u0219i str\u0103lucitoare \u00een <strong>timpul verii ai nevoie de hidratare din plin.<\/strong><\/span><\/p>\n<p class=\"tw-data-text tw-text-large tw-ta\" dir=\"ltr\" data-placeholder=\"Translation\" aria-label=\"Translated text\" data-ved=\"2ahUKEwj4z7eY0YKGAxUaSPEDHbfxC-AQ3ewLegQICBAU\"><span data-sheets-root=\"1\" data-sheets-value=\"{&quot;1&quot;:2,&quot;2&quot;:&quot;Soarele, sarea m\u0103rii \u0219i clorul usuc\u0103 pielea, a\u0219a c\u0103 este important s\u0103 \u00ee\u021bi \u00eengrije\u0219ti bine pielea dup\u0103 plaj\u0103.&quot;}\" data-sheets-userformat=\"{&quot;2&quot;:14593,&quot;3&quot;:{&quot;1&quot;:0,&quot;3&quot;:1},&quot;11&quot;:4,&quot;14&quot;:{&quot;1&quot;:2,&quot;2&quot;:0},&quot;15&quot;:&quot;Arial&quot;,&quot;16&quot;:10}\">Soarele, sarea m\u0103rii \u0219i clorul usuc\u0103 pielea, a\u0219a c\u0103 este important s\u0103 \u00ee\u021bi \u00eengrije\u0219ti bine pielea dup\u0103 plaj\u0103.<\/span><\/p>\n<p class=\"tw-data-text tw-text-large tw-ta\" dir=\"ltr\" data-placeholder=\"Translation\" aria-label=\"Translated text\" data-ved=\"2ahUKEwj4z7eY0YKGAxUaSPEDHbfxC-AQ3ewLegQICBAU\"><span data-sheets-root=\"1\" data-sheets-value=\"{&quot;1&quot;:2,&quot;2&quot;:&quot;Crema noastr\u0103 premium Active Luxe cu parfum de ciocolat\u0103 sau uleiul uscat pentru o bronzare rapid\u0103 la soare \u00ee\u021bi va oferi pielii tale un ton perfect de bronz, \u00een timp ce aplicarea regulat\u0103 de lo\u021biune va prelungi bronzul \u0219i \u00ee\u021bi va men\u021bine pielea moale \u0219i hidratat\u0103.&quot;}\" data-sheets-userformat=\"{&quot;2&quot;:14593,&quot;3&quot;:{&quot;1&quot;:0,&quot;3&quot;:1},&quot;11&quot;:4,&quot;14&quot;:{&quot;1&quot;:2,&quot;2&quot;:0},&quot;15&quot;:&quot;Arial&quot;,&quot;16&quot;:10}\">Crema noastr\u0103 premium Active Luxe cu parfum de ciocolat\u0103 sau uleiul uscat pentru o bronzare rapid\u0103 la soare \u00ee\u021bi va oferi pielii tale un ton perfect de bronz, \u00een timp ce aplicarea regulat\u0103 de lo\u021biune va prelungi bronzul \u0219i \u00ee\u021bi va men\u021bine pielea moale \u0219i hidratat\u0103.<\/span><\/p>\n<p class=\"tw-data-text tw-text-large tw-ta\" dir=\"ltr\" data-placeholder=\"Translation\" aria-label=\"Translated text\" data-ved=\"2ahUKEwj4z7eY0YKGAxUaSPEDHbfxC-AQ3ewLegQICBAU\"><span data-sheets-root=\"1\" data-sheets-value=\"{&quot;1&quot;:2,&quot;2&quot;:&quot;Lo\u021biunea premium dup\u0103 plaj\u0103 este tot ce pielea ta bronzat\u0103 are nevoie:&quot;}\" data-sheets-userformat=\"{&quot;2&quot;:14593,&quot;3&quot;:{&quot;1&quot;:0,&quot;3&quot;:1},&quot;11&quot;:4,&quot;14&quot;:{&quot;1&quot;:2,&quot;2&quot;:0},&quot;15&quot;:&quot;Arial&quot;,&quot;16&quot;:10}\"><strong>Lo\u021biunea premium dup\u0103<\/strong> plaj\u0103 este tot ce pielea ta bronzat\u0103 are nevoie:<\/span><\/p>\n<ul>\n<li class=\"tw-data-text tw-text-large tw-ta\" dir=\"ltr\" data-placeholder=\"Translation\" aria-label=\"Translated text\" data-ved=\"2ahUKEwj4z7eY0YKGAxUaSPEDHbfxC-AQ3ewLegQICBAU\"><span data-sheets-root=\"1\" data-sheets-value=\"{&quot;1&quot;:2,&quot;2&quot;:&quot;Calmeaz\u0103 pielea dup\u0103 expunerea la soare&quot;}\" data-sheets-userformat=\"{&quot;2&quot;:14593,&quot;3&quot;:{&quot;1&quot;:0,&quot;3&quot;:1},&quot;11&quot;:4,&quot;14&quot;:{&quot;1&quot;:2,&quot;2&quot;:0},&quot;15&quot;:&quot;Arial&quot;,&quot;16&quot;:10}\">Calmeaz\u0103 pielea dup\u0103 expunerea la soare<\/span><\/li>\n<li class=\"tw-data-text tw-text-large tw-ta\" dir=\"ltr\" data-placeholder=\"Translation\" aria-label=\"Translated text\" data-ved=\"2ahUKEwj4z7eY0YKGAxUaSPEDHbfxC-AQ3ewLegQICBAU\"><span data-sheets-root=\"1\" data-sheets-value=\"{&quot;1&quot;:2,&quot;2&quot;:&quot;R\u0103core\u0219te pielea&quot;}\" data-sheets-userformat=\"{&quot;2&quot;:14593,&quot;3&quot;:{&quot;1&quot;:0,&quot;3&quot;:1},&quot;11&quot;:4,&quot;14&quot;:{&quot;1&quot;:2,&quot;2&quot;:0},&quot;15&quot;:&quot;Arial&quot;,&quot;16&quot;:10}\">R\u0103core\u0219te pielea<\/span><\/li>\n<li class=\"tw-data-text tw-text-large tw-ta\" dir=\"ltr\" data-placeholder=\"Translation\" aria-label=\"Translated text\" data-ved=\"2ahUKEwj4z7eY0YKGAxUaSPEDHbfxC-AQ3ewLegQICBAU\"><span data-sheets-root=\"1\" data-sheets-value=\"{&quot;1&quot;:2,&quot;2&quot;:&quot;Aloe vera hidrateaz\u0103 pielea \u00een profunzime&quot;}\" data-sheets-userformat=\"{&quot;2&quot;:14593,&quot;3&quot;:{&quot;1&quot;:0,&quot;3&quot;:1},&quot;11&quot;:4,&quot;14&quot;:{&quot;1&quot;:2,&quot;2&quot;:0},&quot;15&quot;:&quot;Arial&quot;,&quot;16&quot;:10}\">Aloe vera hidrateaz\u0103 pielea \u00een profunzime<\/span><\/li>\n<li class=\"tw-data-text tw-text-large tw-ta\" dir=\"ltr\" data-placeholder=\"Translation\" aria-label=\"Translated text\" data-ved=\"2ahUKEwj4z7eY0YKGAxUaSPEDHbfxC-AQ3ewLegQICBAU\"><span data-sheets-root=\"1\" data-sheets-value=\"{&quot;1&quot;:2,&quot;2&quot;:&quot;\u00cenmoaie pielea&quot;}\" data-sheets-userformat=\"{&quot;2&quot;:14593,&quot;3&quot;:{&quot;1&quot;:0,&quot;3&quot;:1},&quot;11&quot;:4,&quot;14&quot;:{&quot;1&quot;:2,&quot;2&quot;:0},&quot;15&quot;:&quot;Arial&quot;,&quot;16&quot;:10}\">\u00cenmoaie pielea<\/span><\/li>\n<\/ul>\n<h2 style=\"text-align: center; clear: both;\"><\/h2>\n<p>&nbsp;<\/p>\n<h2><span data-sheets-root=\"1\" data-sheets-value=\"{&quot;1&quot;:2,&quot;2&quot;:&quot;Bogata ulja za prekrasan bron\u010dani ten&quot;}\" data-sheets-userformat=\"{&quot;2&quot;:21377,&quot;3&quot;:{&quot;1&quot;:0},&quot;10&quot;:0,&quot;11&quot;:4,&quot;12&quot;:0,&quot;15&quot;:&quot;Arial&quot;,&quot;17&quot;:1}\"><img loading=\"lazy\" decoding=\"async\" class=\"wp-image-83458 alignleft\" src=\"https:\/\/activeluxe-cosmetics.com\/ro\/wp-content\/uploads\/2024\/05\/Izdelek-brez-naslova-2-460x575-1.png\" alt=\"\" width=\"460\" height=\"576\" \/><\/span><\/h2>\n<h2><strong>Un parfum dulce de vanilie<\/strong>, nuc\u0103 de cocos \u0219i portocal\u0103, care va r\u0103m\u00e2ne pe piele pentru o perioad\u0103 lung\u0103 de timp<\/h2>\n<p><span data-sheets-root=\"1\" data-sheets-value=\"{&quot;1&quot;:2,&quot;2&quot;:&quot;Lo\u021biunea premium de corp dup\u0103 plaj\u0103 este cea mai bun\u0103 alegere pentru o piele hr\u0103nit\u0103 \u0219i \u00eenchis\u0103 la culoare \u00een timpul verii.&quot;}\" data-sheets-userformat=\"{&quot;2&quot;:14593,&quot;3&quot;:{&quot;1&quot;:0,&quot;3&quot;:1},&quot;11&quot;:4,&quot;14&quot;:{&quot;1&quot;:2,&quot;2&quot;:0},&quot;15&quot;:&quot;Arial&quot;,&quot;16&quot;:10}\">Lo\u021biunea premium de corp dup\u0103 plaj\u0103 este cea mai bun\u0103 alegere pentru o piele hr\u0103nit\u0103 \u0219i \u00eenchis\u0103 la culoare \u00een timpul verii.<\/span><\/p>\n<p><span data-sheets-root=\"1\" data-sheets-value=\"{&quot;1&quot;:2,&quot;2&quot;:&quot;Textura ultra-u\u0219oar\u0103 \u0219i pufoas\u0103 a lo\u021biunii r\u0103coritoare se absoarbe rapid \u00een piele \u0219i nu las\u0103 o pelicul\u0103 gras\u0103 pe piele. Po\u021bi s\u0103 te \u00eembraci imediat dup\u0103 ce ai aplicat lo\u021biunea, iar pielea ta va mirosi mult timp a var\u0103.\u00a0Un parfum care te va \u00eenc\u00e2nta \u0219i va face ca serile tale de var\u0103 s\u0103 fie de neuitat \u0219i romantice.&quot;}\" data-sheets-userformat=\"{&quot;2&quot;:14593,&quot;3&quot;:{&quot;1&quot;:0,&quot;3&quot;:1},&quot;11&quot;:4,&quot;14&quot;:{&quot;1&quot;:2,&quot;2&quot;:0},&quot;15&quot;:&quot;Arial&quot;,&quot;16&quot;:10}\">Textura ultra-u\u0219oar\u0103 \u0219i pufoas\u0103 a lo\u021biunii r\u0103coritoare se absoarbe rapid \u00een piele \u0219i nu las\u0103 o pelicul\u0103 gras\u0103 pe piele. Po\u021bi s\u0103 te \u00eembraci imediat dup\u0103 ce ai aplicat lo\u021biunea, iar pielea ta va mirosi mult timp a var\u0103.\u00a0Un parfum care te va \u00eenc\u00e2nta \u0219i va face ca serile tale de var\u0103 s\u0103 fie de neuitat \u0219i romantice.<\/span><\/p>\n<p><span data-sheets-root=\"1\" data-sheets-value=\"{&quot;1&quot;:2,&quot;2&quot;:&quot;Lo\u021biunea premium de corp dup\u0103 plaj\u0103 con\u021bine:&quot;}\" data-sheets-userformat=\"{&quot;2&quot;:14593,&quot;3&quot;:{&quot;1&quot;:0,&quot;3&quot;:1},&quot;11&quot;:4,&quot;14&quot;:{&quot;1&quot;:2,&quot;2&quot;:0},&quot;15&quot;:&quot;Arial&quot;,&quot;16&quot;:10}\">Lo\u021biunea premium de corp <strong>dup\u0103 plaj\u0103 con\u021bine:<\/strong><\/span><\/p>\n<ul>\n<li><span data-sheets-root=\"1\" data-sheets-value=\"{&quot;1&quot;:2,&quot;2&quot;:&quot;cele mai bune extracte de aloe vera despre care s-a dovedit c\u0103 r\u0103coresc \u0219i calmeaz\u0103 pielea, \u0219i&quot;}\" data-sheets-userformat=\"{&quot;2&quot;:14593,&quot;3&quot;:{&quot;1&quot;:0,&quot;3&quot;:1},&quot;11&quot;:4,&quot;14&quot;:{&quot;1&quot;:2,&quot;2&quot;:0},&quot;15&quot;:&quot;Arial&quot;,&quot;16&quot;:10}\">cele mai bune extracte de aloe vera despre care s-a dovedit c\u0103 r\u0103coresc \u0219i calmeaz\u0103 pielea, \u0219i<\/span><\/li>\n<li><span class=\"Y2IQFc\" lang=\"hr\"><span data-sheets-root=\"1\" data-sheets-value=\"{&quot;1&quot;:2,&quot;2&quot;:&quot;ulei de cocos, care hidrateaz\u0103 pielea \u0219i o men\u021bine moale \u0219i hidratat\u0103.&quot;}\" data-sheets-userformat=\"{&quot;2&quot;:14593,&quot;3&quot;:{&quot;1&quot;:0,&quot;3&quot;:1},&quot;11&quot;:4,&quot;14&quot;:{&quot;1&quot;:2,&quot;2&quot;:0},&quot;15&quot;:&quot;Arial&quot;,&quot;16&quot;:10}\">ulei de cocos, care hidrateaz\u0103 pielea \u0219i o men\u021bine moale \u0219i hidratat\u0103.<\/span><\/span><\/li>\n<li><span class=\"Y2IQFc\" lang=\"hr\"><span data-sheets-root=\"1\" data-sheets-value=\"{&quot;1&quot;:2,&quot;2&quot;:&quot;Dup\u0103 du\u0219, maseaz\u0103 u\u0219or lo\u021biunea r\u0103coritoare pe piele. Lo\u021biunea se absoarbe extrem de repede. O po\u021bi aplica instantaneu f\u0103r\u0103 s\u0103 \u00ee\u021bi faci griji c\u0103 \u00ee\u021bi vei p\u0103ta hainele.&quot;}\" data-sheets-userformat=\"{&quot;2&quot;:14593,&quot;3&quot;:{&quot;1&quot;:0,&quot;3&quot;:1},&quot;11&quot;:4,&quot;14&quot;:{&quot;1&quot;:2,&quot;2&quot;:0},&quot;15&quot;:&quot;Arial&quot;,&quot;16&quot;:10}\">Dup\u0103 du\u0219, maseaz\u0103 u\u0219or lo\u021biunea r\u0103coritoare pe piele. Lo\u021biunea se absoarbe extrem de repede. O po\u021bi aplica instantaneu f\u0103r\u0103 s\u0103 \u00ee\u021bi faci griji c\u0103 \u00ee\u021bi vei p\u0103ta hainele.<\/span><\/span><\/li>\n<li><span class=\"Y2IQFc\" lang=\"hr\"><span class=\"Y2IQFc\" lang=\"hr\"><span data-sheets-root=\"1\" data-sheets-value=\"{&quot;1&quot;:2,&quot;2&quot;:&quot;Pentru un efect de r\u0103cire \u0219i mai intens\u0103, po\u021bi p\u0103stra lo\u021biunea \u00een frigider. De asemenea, o po\u021bi aplica \u0219i pe fa\u021b\u0103.&quot;}\" data-sheets-userformat=\"{&quot;2&quot;:14593,&quot;3&quot;:{&quot;1&quot;:0,&quot;3&quot;:1},&quot;11&quot;:4,&quot;14&quot;:{&quot;1&quot;:2,&quot;2&quot;:0},&quot;15&quot;:&quot;Arial&quot;,&quot;16&quot;:10}\">Pentru un efect de r\u0103cire \u0219i mai intens\u0103, po\u021bi p\u0103stra lo\u021biunea \u00een frigider. De asemenea, o po\u021bi aplica \u0219i pe fa\u021b\u0103.<\/span><\/span><\/span><\/li>\n<\/ul>\n","protected":false},"excerpt":{"rendered":"<p><span data-sheets-root=\"1\" data-sheets-value=\"{&quot;1&quot;:2,&quot;2&quot;:&quot;Lo\u021biune r\u0103coritoare pentru corp dup\u0103 plaj\u0103. Calmeaz\u0103, r\u0103core\u0219te, hidrateaz\u0103 \u0219i prelunge\u0219te bronzul pielii.&quot;}\" data-sheets-userformat=\"{&quot;2&quot;:14593,&quot;3&quot;:{&quot;1&quot;:0,&quot;3&quot;:1},&quot;11&quot;:4,&quot;14&quot;:{&quot;1&quot;:2,&quot;2&quot;:0},&quot;15&quot;:&quot;Arial&quot;,&quot;16&quot;:10}\">Lo\u021biune r\u0103coritoare pentru corp dup\u0103 plaj\u0103. Calmeaz\u0103, r\u0103core\u0219te, hidrateaz\u0103 \u0219i prelunge\u0219te bronzul pielii.<\/span><\/p>\n","protected":false},"featured_media":83460,"comment_status":"open","ping_status":"closed","template":"","meta":[],"product_cat":[82],"product_tag":[],"class_list":{"0":"post-83519","1":"product","2":"type-product","3":"status-publish","4":"has-post-thumbnail","6":"product_cat-soare","8":"first","9":"instock","10":"featured","11":"taxable","12":"shipping-taxable","13":"purchasable","14":"product-type-simple"},"bundled_by":[],"bundle_stock_status":"instock","bundle_stock_quantity":null,"bundle_virtual":false,"bundle_layout":"","bundle_add_to_cart_form_location":"","bundle_editable_in_cart":false,"bundle_sold_individually_context":"","bundle_item_grouping":"","bundle_min_size":"","bundle_max_size":"","bundled_items":[],"acf":[],"yoast_head":"<!-- This site is optimized with the Yoast SEO plugin v21.8 - https:\/\/yoast.com\/wordpress\/plugins\/seo\/ -->\n<title>Lo\u021biune r\u0103coritoare premium de corp Active Luxe<\/title>\n<meta name=\"description\" content=\"Lo\u021biune r\u0103coritoare pentru corp dup\u0103 plaj\u0103. Calmeaz\u0103, r\u0103core\u0219te, hidrateaz\u0103 \u0219i prelunge\u0219te bronzul pielii. Calmeaz\u0103 pielea dup\u0103 expunerea la soare Aloe vera hidrateaz\u0103 pielea \u00een profunzime\" \/>\n<meta name=\"robots\" content=\"noindex, follow\" \/>\n<meta property=\"og:locale\" content=\"ro_RO\" \/>\n<meta property=\"og:type\" content=\"article\" \/>\n<meta property=\"og:title\" content=\"Lo\u021biune r\u0103coritoare premium de corp Active Luxe\" \/>\n<meta property=\"og:description\" content=\"Lo\u021biune r\u0103coritoare pentru corp dup\u0103 plaj\u0103. Calmeaz\u0103, r\u0103core\u0219te, hidrateaz\u0103 \u0219i prelunge\u0219te bronzul pielii. Calmeaz\u0103 pielea dup\u0103 expunerea la soare Aloe vera hidrateaz\u0103 pielea \u00een profunzime\" \/>\n<meta property=\"og:url\" content=\"https:\/\/activeluxe-cosmetics.com\/ro\/produs\/lotiune-racoritoare-de-corp\/\" \/>\n<meta property=\"og:site_name\" content=\"Active Luxe Cosmetics\" \/>\n<meta property=\"article:modified_time\" content=\"2025-05-14T09:41:49+00:00\" \/>\n<meta property=\"og:image\" content=\"https:\/\/activeluxe-cosmetics.com\/ro\/wp-content\/uploads\/2024\/05\/16_jogurt-100-ml-1-460x553-1.jpg\" \/>\n\t<meta property=\"og:image:width\" content=\"460\" \/>\n\t<meta property=\"og:image:height\" content=\"553\" \/>\n\t<meta property=\"og:image:type\" content=\"image\/jpeg\" \/>\n<meta name=\"twitter:card\" content=\"summary_large_image\" \/>\n<meta name=\"twitter:label1\" content=\"Timp estimat pentru citire\" \/>\n\t<meta name=\"twitter:data1\" content=\"3 minute\" \/>\n<script type=\"application\/ld+json\" class=\"yoast-schema-graph\">{\"@context\":\"https:\/\/schema.org\",\"@graph\":[{\"@type\":\"WebPage\",\"@id\":\"https:\/\/activeluxe-cosmetics.com\/ro\/produs\/lotiune-racoritoare-de-corp\/\",\"url\":\"https:\/\/activeluxe-cosmetics.com\/ro\/produs\/lotiune-racoritoare-de-corp\/\",\"name\":\"Lo\u021biune r\u0103coritoare premium de corp Active Luxe\",\"isPartOf\":{\"@id\":\"https:\/\/activeluxe-cosmetics.com\/ro\/#website\"},\"datePublished\":\"2024-05-13T09:55:02+00:00\",\"dateModified\":\"2025-05-14T09:41:49+00:00\",\"description\":\"Lo\u021biune r\u0103coritoare pentru corp dup\u0103 plaj\u0103. Calmeaz\u0103, r\u0103core\u0219te, hidrateaz\u0103 \u0219i prelunge\u0219te bronzul pielii. Calmeaz\u0103 pielea dup\u0103 expunerea la soare Aloe vera hidrateaz\u0103 pielea \u00een profunzime\",\"breadcrumb\":{\"@id\":\"https:\/\/activeluxe-cosmetics.com\/ro\/produs\/lotiune-racoritoare-de-corp\/#breadcrumb\"},\"inLanguage\":\"ro-RO\",\"potentialAction\":[{\"@type\":\"ReadAction\",\"target\":[\"https:\/\/activeluxe-cosmetics.com\/ro\/produs\/lotiune-racoritoare-de-corp\/\"]}]},{\"@type\":\"BreadcrumbList\",\"@id\":\"https:\/\/activeluxe-cosmetics.com\/ro\/produs\/lotiune-racoritoare-de-corp\/#breadcrumb\",\"itemListElement\":[{\"@type\":\"ListItem\",\"position\":1,\"name\":\"Copert\u0103\",\"item\":\"https:\/\/activeluxe-cosmetics.com\/ro\/\"},{\"@type\":\"ListItem\",\"position\":2,\"name\":\"Magazin\",\"item\":\"https:\/\/activeluxe-cosmetics.com\/ro\/magazin\/\"},{\"@type\":\"ListItem\",\"position\":3,\"name\":\"Lo\u021biune premium de corp dup\u0103 plaj\u0103, 110 g\"}]},{\"@type\":\"WebSite\",\"@id\":\"https:\/\/activeluxe-cosmetics.com\/ro\/#website\",\"url\":\"https:\/\/activeluxe-cosmetics.com\/ro\/\",\"name\":\"Active Luxe Cosmetics\",\"description\":\"\",\"potentialAction\":[{\"@type\":\"SearchAction\",\"target\":{\"@type\":\"EntryPoint\",\"urlTemplate\":\"https:\/\/activeluxe-cosmetics.com\/ro\/?s={search_term_string}\"},\"query-input\":\"required name=search_term_string\"}],\"inLanguage\":\"ro-RO\"}]}<\/script>\n<!-- \/ Yoast SEO plugin. -->","yoast_head_json":{"title":"Lo\u021biune r\u0103coritoare premium de corp Active Luxe","description":"Lo\u021biune r\u0103coritoare pentru corp dup\u0103 plaj\u0103. Calmeaz\u0103, r\u0103core\u0219te, hidrateaz\u0103 \u0219i prelunge\u0219te bronzul pielii. Calmeaz\u0103 pielea dup\u0103 expunerea la soare Aloe vera hidrateaz\u0103 pielea \u00een profunzime","robots":{"index":"noindex","follow":"follow"},"og_locale":"ro_RO","og_type":"article","og_title":"Lo\u021biune r\u0103coritoare premium de corp Active Luxe","og_description":"Lo\u021biune r\u0103coritoare pentru corp dup\u0103 plaj\u0103. Calmeaz\u0103, r\u0103core\u0219te, hidrateaz\u0103 \u0219i prelunge\u0219te bronzul pielii. Calmeaz\u0103 pielea dup\u0103 expunerea la soare Aloe vera hidrateaz\u0103 pielea \u00een profunzime","og_url":"https:\/\/activeluxe-cosmetics.com\/ro\/produs\/lotiune-racoritoare-de-corp\/","og_site_name":"Active Luxe Cosmetics","article_modified_time":"2025-05-14T09:41:49+00:00","og_image":[{"width":460,"height":553,"url":"https:\/\/activeluxe-cosmetics.com\/ro\/wp-content\/uploads\/2024\/05\/16_jogurt-100-ml-1-460x553-1.jpg","type":"image\/jpeg"}],"twitter_card":"summary_large_image","twitter_misc":{"Timp estimat pentru citire":"3 minute"},"schema":{"@context":"https:\/\/schema.org","@graph":[{"@type":"WebPage","@id":"https:\/\/activeluxe-cosmetics.com\/ro\/produs\/lotiune-racoritoare-de-corp\/","url":"https:\/\/activeluxe-cosmetics.com\/ro\/produs\/lotiune-racoritoare-de-corp\/","name":"Lo\u021biune r\u0103coritoare premium de corp Active Luxe","isPartOf":{"@id":"https:\/\/activeluxe-cosmetics.com\/ro\/#website"},"datePublished":"2024-05-13T09:55:02+00:00","dateModified":"2025-05-14T09:41:49+00:00","description":"Lo\u021biune r\u0103coritoare pentru corp dup\u0103 plaj\u0103. Calmeaz\u0103, r\u0103core\u0219te, hidrateaz\u0103 \u0219i prelunge\u0219te bronzul pielii. Calmeaz\u0103 pielea dup\u0103 expunerea la soare Aloe vera hidrateaz\u0103 pielea \u00een profunzime","breadcrumb":{"@id":"https:\/\/activeluxe-cosmetics.com\/ro\/produs\/lotiune-racoritoare-de-corp\/#breadcrumb"},"inLanguage":"ro-RO","potentialAction":[{"@type":"ReadAction","target":["https:\/\/activeluxe-cosmetics.com\/ro\/produs\/lotiune-racoritoare-de-corp\/"]}]},{"@type":"BreadcrumbList","@id":"https:\/\/activeluxe-cosmetics.com\/ro\/produs\/lotiune-racoritoare-de-corp\/#breadcrumb","itemListElement":[{"@type":"ListItem","position":1,"name":"Copert\u0103","item":"https:\/\/activeluxe-cosmetics.com\/ro\/"},{"@type":"ListItem","position":2,"name":"Magazin","item":"https:\/\/activeluxe-cosmetics.com\/ro\/magazin\/"},{"@type":"ListItem","position":3,"name":"Lo\u021biune premium de corp dup\u0103 plaj\u0103, 110 g"}]},{"@type":"WebSite","@id":"https:\/\/activeluxe-cosmetics.com\/ro\/#website","url":"https:\/\/activeluxe-cosmetics.com\/ro\/","name":"Active Luxe Cosmetics","description":"","potentialAction":[{"@type":"SearchAction","target":{"@type":"EntryPoint","urlTemplate":"https:\/\/activeluxe-cosmetics.com\/ro\/?s={search_term_string}"},"query-input":"required name=search_term_string"}],"inLanguage":"ro-RO"}]}},"_links":{"self":[{"href":"https:\/\/activeluxe-cosmetics.com\/ro\/wp-json\/wp\/v2\/product\/83519","targetHints":{"allow":["GET"]}}],"collection":[{"href":"https:\/\/activeluxe-cosmetics.com\/ro\/wp-json\/wp\/v2\/product"}],"about":[{"href":"https:\/\/activeluxe-cosmetics.com\/ro\/wp-json\/wp\/v2\/types\/product"}],"replies":[{"embeddable":true,"href":"https:\/\/activeluxe-cosmetics.com\/ro\/wp-json\/wp\/v2\/comments?post=83519"}],"wp:featuredmedia":[{"embeddable":true,"href":"https:\/\/activeluxe-cosmetics.com\/ro\/wp-json\/wp\/v2\/media\/83460"}],"wp:attachment":[{"href":"https:\/\/activeluxe-cosmetics.com\/ro\/wp-json\/wp\/v2\/media?parent=83519"}],"wp:term":[{"taxonomy":"product_cat","embeddable":true,"href":"https:\/\/activeluxe-cosmetics.com\/ro\/wp-json\/wp\/v2\/product_cat?post=83519"},{"taxonomy":"product_tag","embeddable":true,"href":"https:\/\/activeluxe-cosmetics.com\/ro\/wp-json\/wp\/v2\/product_tag?post=83519"}],"curies":[{"name":"wp","href":"https:\/\/api.w.org\/{rel}","templated":true}]}}