{"id":81970,"date":"2024-03-04T11:57:14","date_gmt":"2024-03-04T11:57:14","guid":{"rendered":"https:\/\/activeluxe-cosmetics.com\/ro\/?post_type=product&#038;p=81970"},"modified":"2026-01-26T11:49:01","modified_gmt":"2026-01-26T11:49:01","slug":"derma-roller-pentru-productia-naturala-de-colagen","status":"publish","type":"product","link":"https:\/\/activeluxe-cosmetics.com\/ro\/produs\/derma-roller-pentru-productia-naturala-de-colagen\/","title":{"rendered":"Derma-roller pentru produc\u021bia natural\u0103 de colagen"},"content":{"rendered":"<p><img loading=\"lazy\" decoding=\"async\" class=\" wp-image-84703 alignright\" src=\"https:\/\/activeluxe-cosmetics.com\/ro\/wp-content\/uploads\/2024\/03\/Izdelek-brez-naslova-56-460x575-1.png\" alt=\"\" width=\"420\" height=\"525\" \/><\/p>\n<h2><span data-sheets-root=\"1\" data-sheets-value=\"{&quot;1&quot;:2,&quot;2&quot;:&quot;Derma-rollerul activeaz\u0103 produc\u021bia natural\u0103 de colagen&quot;}\" data-sheets-userformat=\"{&quot;2&quot;:30977,&quot;3&quot;:{&quot;1&quot;:0,&quot;3&quot;:1},&quot;11&quot;:4,&quot;14&quot;:{&quot;1&quot;:2,&quot;2&quot;:0},&quot;15&quot;:&quot;ivyprestoheadline&quot;,&quot;16&quot;:11,&quot;17&quot;:1}\"><strong>Derma-rollerul activeaz\u0103<\/strong> produc\u021bia natural\u0103 de colagen!<\/span><\/h2>\n<p><span data-sheets-root=\"1\" data-sheets-value=\"{&quot;1&quot;:2,&quot;2&quot;:&quot;Derma-rollerul Active Luxe este un instrument cosmetic de \u00eenalt\u0103 calitate, cu 540 de ace ultra-sub\u021biri din o\u021bel inoxidabil, care au o lungime de 0,50 mm, ideal pentru masajul facial \u00een profunzime, \u00een timpul c\u0103ruia stimuleaz\u0103 procesul de vindecare sau de regenerare a pielii, permi\u021b\u00e2nd astfel producerea natural\u0103 de colagen.\\n\\n&quot;}\" data-sheets-userformat=\"{&quot;2&quot;:14593,&quot;3&quot;:{&quot;1&quot;:0,&quot;3&quot;:1},&quot;11&quot;:4,&quot;14&quot;:{&quot;1&quot;:2,&quot;2&quot;:0},&quot;15&quot;:&quot;Arial&quot;,&quot;16&quot;:10}\">Derma-rollerul Active Luxe este un instrument cosmetic de \u00eenalt\u0103 calitate, cu 540 de ace ultra-sub\u021biri din o\u021bel inoxidabil, care au o lungime de 0,50 mm, ideal pentru masajul facial \u00een profunzime, \u00een timpul c\u0103ruia stimuleaz\u0103 procesul de vindecare sau de regenerare a pielii, permi\u021b\u00e2nd astfel producerea natural\u0103 de colagen.<\/span><\/p>\n<p>&nbsp;<\/p>\n<ul>\n<li dir=\"ltr\" data-placeholder=\"Translation\" aria-label=\"Translated text\" data-ved=\"2ahUKEwjG7KeesqaGAxX0BtsEHQBBBVoQ3ewLegQIBRAU\"><span data-sheets-root=\"1\" data-sheets-value=\"{&quot;1&quot;:2,&quot;2&quot;:&quot;De asemenea, permite serurilor tale preferate de \u00eengrijire a pielii s\u0103 p\u0103trund\u0103 mai ad\u00e2nc \u00een piele, astfel \u00eenc\u00e2t acestea s\u0103 ac\u021bioneze \u0219i mai bine.&quot;}\" data-sheets-userformat=\"{&quot;2&quot;:14593,&quot;3&quot;:{&quot;1&quot;:0,&quot;3&quot;:1},&quot;11&quot;:4,&quot;14&quot;:{&quot;1&quot;:2,&quot;2&quot;:0},&quot;15&quot;:&quot;Arial&quot;,&quot;16&quot;:9}\">De asemenea, permite serurilor tale preferate de \u00eengrijire a pielii s\u0103 p\u0103trund\u0103 mai ad\u00e2nc \u00een piele, astfel \u00eenc\u00e2t acestea s\u0103 ac\u021bioneze \u0219i mai bine.<\/span><\/li>\n<li class=\"tw-data-text tw-text-large tw-ta\" dir=\"ltr\" data-placeholder=\"Translation\" aria-label=\"Translated text\" data-ved=\"2ahUKEwjG7KeesqaGAxX0BtsEHQBBBVoQ3ewLegQIBRAU\"><span data-sheets-root=\"1\" data-sheets-value=\"{&quot;1&quot;:2,&quot;2&quot;:&quot;\u00cembun\u0103t\u0103\u021be\u0219te problemele de pigmentare a pielii de pe fa\u021b\u0103&quot;}\" data-sheets-userformat=\"{&quot;2&quot;:14593,&quot;3&quot;:{&quot;1&quot;:0,&quot;3&quot;:1},&quot;11&quot;:4,&quot;14&quot;:{&quot;1&quot;:2,&quot;2&quot;:0},&quot;15&quot;:&quot;Arial&quot;,&quot;16&quot;:10}\">\u00cembun\u0103t\u0103\u021be\u0219te problemele de pigmentare a pielii de pe fa\u021b\u0103<\/span><\/li>\n<li class=\"tw-data-text tw-text-large tw-ta\" dir=\"ltr\" data-placeholder=\"Translation\" aria-label=\"Translated text\" data-ved=\"2ahUKEwjG7KeesqaGAxX0BtsEHQBBBVoQ3ewLegQIBRAU\"><span data-sheets-root=\"1\" data-sheets-value=\"{&quot;1&quot;:2,&quot;2&quot;:&quot;\u00cembun\u0103t\u0103\u021be\u0219te \u0219i neteze\u0219te epiderma\\n&quot;}\" data-sheets-userformat=\"{&quot;2&quot;:14593,&quot;3&quot;:{&quot;1&quot;:0,&quot;3&quot;:1},&quot;11&quot;:4,&quot;14&quot;:{&quot;1&quot;:2,&quot;2&quot;:0},&quot;15&quot;:&quot;Arial&quot;,&quot;16&quot;:10}\">\u00cembun\u0103t\u0103\u021be\u0219te \u0219i neteze\u0219te epiderma<br \/>\n<\/span><\/li>\n<li class=\"tw-data-text tw-text-large tw-ta\" dir=\"ltr\" data-placeholder=\"Translation\" aria-label=\"Translated text\" data-ved=\"2ahUKEwjG7KeesqaGAxX0BtsEHQBBBVoQ3ewLegQIBRAU\"><span data-sheets-root=\"1\" data-sheets-value=\"{&quot;1&quot;:2,&quot;2&quot;:&quot;Neteze\u0219te \u0219i previne ridurile prin stimularea produc\u021biei de colagen&quot;}\" data-sheets-userformat=\"{&quot;2&quot;:14593,&quot;3&quot;:{&quot;1&quot;:0,&quot;3&quot;:1},&quot;11&quot;:4,&quot;14&quot;:{&quot;1&quot;:2,&quot;2&quot;:0},&quot;15&quot;:&quot;Arial&quot;,&quot;16&quot;:9}\">Neteze\u0219te \u0219i previne ridurile prin stimularea produc\u021biei de colagen<\/span><\/li>\n<li class=\"tw-data-text tw-text-large tw-ta\" dir=\"ltr\" data-placeholder=\"Translation\" aria-label=\"Translated text\" data-ved=\"2ahUKEwjG7KeesqaGAxX0BtsEHQBBBVoQ3ewLegQIBRAU\"><span data-sheets-root=\"1\" data-sheets-value=\"{&quot;1&quot;:2,&quot;2&quot;:&quot;Reduce cicatricile generate de acnee&quot;}\" data-sheets-userformat=\"{&quot;2&quot;:14593,&quot;3&quot;:{&quot;1&quot;:0,&quot;3&quot;:1},&quot;11&quot;:4,&quot;14&quot;:{&quot;1&quot;:2,&quot;2&quot;:0},&quot;15&quot;:&quot;Arial&quot;,&quot;16&quot;:9}\">Reduce cicatricile generate de acnee<\/span><\/li>\n<li dir=\"ltr\" data-placeholder=\"Translation\" aria-label=\"Translated text\" data-ved=\"2ahUKEwjG7KeesqaGAxX0BtsEHQBBBVoQ3ewLegQIBRAU\"><span data-sheets-root=\"1\" data-sheets-value=\"{&quot;1&quot;:2,&quot;2&quot;:&quot;Acele derma-rollerului p\u0103trund \u00een straturile profunde ale pielii \u0219i accelereaz\u0103 micro-circula\u021bia.&quot;}\" data-sheets-userformat=\"{&quot;2&quot;:14593,&quot;3&quot;:{&quot;1&quot;:0,&quot;3&quot;:1},&quot;11&quot;:4,&quot;14&quot;:{&quot;1&quot;:2,&quot;2&quot;:0},&quot;15&quot;:&quot;Arial&quot;,&quot;16&quot;:9}\">Acele derma-rollerului p\u0103trund \u00een straturile profunde ale pielii \u0219i accelereaz\u0103 micro-circula\u021bia.<\/span><\/li>\n<\/ul>\n<h2 style=\"text-align: center; clear: both;\"><\/h2>\n<h2><\/h2>\n<p><img loading=\"lazy\" decoding=\"async\" class=\"wp-image-84705 alignleft\" src=\"https:\/\/activeluxe-cosmetics.com\/ro\/wp-content\/uploads\/2024\/03\/Izdelek-brez-naslova-48-1-600x750-1-460x575-1.png\" alt=\"\" width=\"420\" height=\"525\" \/><\/p>\n<h2>C\u00e2teva dintre recomand\u0103rile noastre<b><span data-sheets-root=\"1\" data-sheets-value=\"{&quot;1&quot;:2,&quot;2&quot;:&quot;C\u00e2teva dintre recomand\u0103rile noastre pentru derma-rollingul facial&quot;}\" data-sheets-userformat=\"{&quot;2&quot;:30977,&quot;3&quot;:{&quot;1&quot;:0,&quot;3&quot;:1},&quot;11&quot;:4,&quot;14&quot;:{&quot;1&quot;:2,&quot;2&quot;:0},&quot;15&quot;:&quot;ivyprestoheadline&quot;,&quot;16&quot;:11,&quot;17&quot;:1}\"> pentru derma-rollingul facial<\/span><br \/>\n<\/b><\/h2>\n<p><span data-sheets-root=\"1\" data-sheets-value=\"{&quot;1&quot;:2,&quot;2&quot;:&quot;Derma-rollingul este o procedur\u0103 minim invaziv\u0103. At\u00e2t timp c\u00e2t folose\u0219ti tehnica potrivit\u0103, respec\u021bi instruc\u021biunile de aplicare \u0219i folose\u0219ti un ser facial care \u021bi se potrive\u0219te, nu vei avea efecte secundare. Persoanele cu afec\u021biuni ale pielii care se pot transmite \u0219i la alte p\u0103r\u021bi ale fe\u021bei \u0219i cele care sufer\u0103 de psoriazis trebuie s\u0103 consulte un medic \u00eenainte de utilizare.&quot;}\" data-sheets-userformat=\"{&quot;2&quot;:14593,&quot;3&quot;:{&quot;1&quot;:0,&quot;3&quot;:1},&quot;11&quot;:4,&quot;14&quot;:{&quot;1&quot;:2,&quot;2&quot;:0},&quot;15&quot;:&quot;Arial&quot;,&quot;16&quot;:9}\"><strong>Derma-rollingul este o procedur\u0103 minim invaziv\u0103<\/strong>. At\u00e2t timp c\u00e2t folose\u0219ti tehnica potrivit\u0103, respec\u021bi instruc\u021biunile de aplicare \u0219i folose\u0219ti un ser facial care \u021bi se potrive\u0219te, nu vei avea efecte secundare. Persoanele cu afec\u021biuni ale pielii care se pot transmite \u0219i la alte p\u0103r\u021bi ale fe\u021bei \u0219i cele care sufer\u0103 de psoriazis trebuie s\u0103 consulte un medic \u00eenainte de utilizare.<\/span><\/p>\n<p><span data-sheets-root=\"1\" data-sheets-value=\"{&quot;1&quot;:2,&quot;2&quot;:&quot;Dac\u0103 folose\u0219ti produse cu retinol sau ai arsuri solare, trebuie s\u0103 fii \u0219i tu atent\u0103:&quot;}\" data-sheets-userformat=\"{&quot;2&quot;:14593,&quot;3&quot;:{&quot;1&quot;:0,&quot;3&quot;:1},&quot;11&quot;:4,&quot;14&quot;:{&quot;1&quot;:2,&quot;2&quot;:0},&quot;15&quot;:&quot;Arial&quot;,&quot;16&quot;:9}\">Dac\u0103 folose\u0219ti produse cu retinol sau ai arsuri solare, trebuie s\u0103 fii \u0219i tu atent\u0103:<\/span><\/p>\n<ul>\n<li aria-level=\"1\"><span data-sheets-root=\"1\" data-sheets-value=\"{&quot;1&quot;:2,&quot;2&quot;:&quot;alege\u021bi un ser care ofer\u0103 beneficii pentru fa\u021ba ta odat\u0103 ce va p\u0103trunde \u00een piele,&quot;}\" data-sheets-userformat=\"{&quot;2&quot;:14593,&quot;3&quot;:{&quot;1&quot;:0,&quot;3&quot;:1},&quot;11&quot;:4,&quot;14&quot;:{&quot;1&quot;:2,&quot;2&quot;:0},&quot;15&quot;:&quot;\\&quot;tt norms pro\\&quot;&quot;,&quot;16&quot;:9}\">alege\u021bi un ser care ofer\u0103 beneficii pentru fa\u021ba ta odat\u0103 ce va p\u0103trunde \u00een piele,<\/span><\/li>\n<li aria-level=\"1\"><span data-sheets-root=\"1\" data-sheets-value=\"{&quot;1&quot;:2,&quot;2&quot;:&quot;atunci c\u00e2nd utilizezi derma-rollerul, evit\u0103 retinolul \u0219i vitamina C, care pot irita \u0219i mai mult pielea,&quot;}\" data-sheets-userformat=\"{&quot;2&quot;:14593,&quot;3&quot;:{&quot;1&quot;:0,&quot;3&quot;:1},&quot;11&quot;:4,&quot;14&quot;:{&quot;1&quot;:2,&quot;2&quot;:0},&quot;15&quot;:&quot;Arial&quot;,&quot;16&quot;:9}\">atunci c\u00e2nd utilizezi derma-rollerul, evit\u0103 retinolul \u0219i vitamina C, care pot irita \u0219i mai mult pielea,<\/span><\/li>\n<li aria-level=\"1\"><span data-sheets-root=\"1\" data-sheets-value=\"{&quot;1&quot;:2,&quot;2&quot;:&quot;serurile de hialuronan sunt cea mai bun\u0103 alegere.&quot;}\" data-sheets-userformat=\"{&quot;2&quot;:14593,&quot;3&quot;:{&quot;1&quot;:0,&quot;3&quot;:1},&quot;11&quot;:4,&quot;14&quot;:{&quot;1&quot;:2,&quot;2&quot;:0},&quot;15&quot;:&quot;Arial&quot;,&quot;16&quot;:9}\">serurile de hialuronan sunt cea mai bun\u0103 alegere.<\/span><\/li>\n<\/ul>\n<h2 style=\"text-align: center; clear: both;\"><\/h2>\n<p>&nbsp;<\/p>\n<h2><\/h2>\n<h2><span data-sheets-root=\"1\" data-sheets-value=\"{&quot;1&quot;:2,&quot;2&quot;:&quot;\u00centreb\u0103ri frecvente de la clien\u021bii no\u0219tri&quot;}\" data-sheets-userformat=\"{&quot;2&quot;:30977,&quot;3&quot;:{&quot;1&quot;:0,&quot;3&quot;:1},&quot;11&quot;:4,&quot;14&quot;:{&quot;1&quot;:2,&quot;2&quot;:0},&quot;15&quot;:&quot;ivyprestoheadline&quot;,&quot;16&quot;:11,&quot;17&quot;:1}\"><strong>\u00centreb\u0103ri<\/strong> <strong>frecvente<\/strong> de la clien\u021bii no\u0219tri<\/span><\/h2>\n<ul>\n<li><span data-sheets-root=\"1\" data-sheets-value=\"{&quot;1&quot;:2,&quot;2&quot;:&quot;Cum s\u0103 aleg derma-rollerul potrivit? Derma-rollerele cu ace de 0,5 mm sunt cea mai bun\u0103 alegere, deoarece acele sunt suficient de lungi pentru a stimula un proces activ de vindecare a pielii. Exist\u0103 multe role pe pia\u021b\u0103 cu ace mai scurte, dar acestea nu sunt la fel de eficiente. Derma-rollerele cu ace lungi de 0,5 mm pot fi folosite pe fa\u021b\u0103, scalp \u0219i zona b\u0103rbiei.&quot;}\" data-sheets-userformat=\"{&quot;2&quot;:14593,&quot;3&quot;:{&quot;1&quot;:0,&quot;3&quot;:1},&quot;11&quot;:4,&quot;14&quot;:{&quot;1&quot;:2,&quot;2&quot;:0},&quot;15&quot;:&quot;Arial&quot;,&quot;16&quot;:10}\"><strong>Cum s\u0103 aleg derma-rollerul potrivit?<\/strong> Derma-rollerele cu ace de 0,5 mm sunt cea mai bun\u0103 alegere, deoarece acele sunt suficient de lungi pentru a stimula un proces activ de vindecare a pielii. Exist\u0103 multe role pe pia\u021b\u0103 cu ace mai scurte, dar acestea nu sunt la fel de eficiente. Derma-rollerele cu ace lungi de 0,5 mm pot fi folosite pe fa\u021b\u0103, scalp \u0219i zona b\u0103rbiei.<\/span><\/li>\n<li><span data-sheets-root=\"1\" data-sheets-value=\"{&quot;1&quot;:2,&quot;2&quot;:&quot; C\u00e2t de des ar trebui s\u0103 folosesc derma-rollerul? \u00cencepe prin a-l folosi o dat\u0103 pe s\u0103pt\u0103m\u00e2n\u0103 pentru a vedea cum reac\u021bioneaz\u0103 pielea ta la ace. Dac\u0103 totul este \u00een regul\u0103, po\u021bi cre\u0219te frecven\u021ba la dou\u0103 sau trei ori pe s\u0103pt\u0103m\u00e2n\u0103. Asigur\u0103-te doar c\u0103 nu dep\u0103\u0219e\u0219ti limita de 3 minute de derma-rolling.&quot;}\" data-sheets-userformat=\"{&quot;2&quot;:14593,&quot;3&quot;:{&quot;1&quot;:0,&quot;3&quot;:1},&quot;11&quot;:4,&quot;14&quot;:{&quot;1&quot;:2,&quot;2&quot;:0},&quot;15&quot;:&quot;Arial&quot;,&quot;16&quot;:10}\"><strong> C\u00e2t de des ar trebui s\u0103 folosesc derma-rollerul?<\/strong> \u00cencepe prin a-l folosi o dat\u0103 pe s\u0103pt\u0103m\u00e2n\u0103 pentru a vedea cum reac\u021bioneaz\u0103 pielea ta la ace. Dac\u0103 totul este \u00een regul\u0103, po\u021bi cre\u0219te frecven\u021ba la dou\u0103 sau trei ori pe s\u0103pt\u0103m\u00e2n\u0103. Asigur\u0103-te doar c\u0103 nu dep\u0103\u0219e\u0219ti limita de 3 minute de derma-rolling.<\/span><\/li>\n<li><span data-sheets-root=\"1\" data-sheets-value=\"{&quot;1&quot;:2,&quot;2&quot;:&quot;C\u00e2nd voi vedea rezultatele? Cu c\u00e2t utilizezi mai perseverent cu derma-rollerul, cu at\u00e2t mai repede vei vedea rezultate. Dac\u0103 dore\u0219ti s\u0103 \u00eembun\u0103t\u0103\u021be\u0219ti semnele datorate \u00eemb\u0103tr\u00e2nirii sau cicatricile, este posibil s\u0103 dureze ceva mai mult timp p\u00e2n\u0103 vei vedea schimb\u0103ri semnificative. Rezultatele vor depinde, de asemenea, \u0219i de v\u00e2rsta \u0219i de elasticitatea pielii tale.&quot;}\" data-sheets-userformat=\"{&quot;2&quot;:14593,&quot;3&quot;:{&quot;1&quot;:0,&quot;3&quot;:1},&quot;11&quot;:4,&quot;14&quot;:{&quot;1&quot;:2,&quot;2&quot;:0},&quot;15&quot;:&quot;Arial&quot;,&quot;16&quot;:10}\"><strong>C\u00e2nd voi vedea rezultatele?<\/strong> Cu c\u00e2t utilizezi mai perseverent cu derma-rollerul, cu at\u00e2t mai repede vei vedea rezultate. Dac\u0103 dore\u0219ti s\u0103 \u00eembun\u0103t\u0103\u021be\u0219ti semnele datorate \u00eemb\u0103tr\u00e2nirii sau cicatricile, este posibil s\u0103 dureze ceva mai mult timp p\u00e2n\u0103 vei vedea schimb\u0103ri semnificative. Rezultatele vor depinde, de asemenea, \u0219i de v\u00e2rsta \u0219i de elasticitatea pielii tale.<\/span><\/li>\n<\/ul>\n<p><iframe loading=\"lazy\" title=\"Dermaroller za stvaranje prirodnog kolagena!\" width=\"1020\" height=\"765\" src=\"https:\/\/www.youtube.com\/embed\/_cD57W2CVfs?feature=oembed\" frameborder=\"0\" allow=\"accelerometer; autoplay; clipboard-write; encrypted-media; gyroscope; picture-in-picture; web-share\" referrerpolicy=\"strict-origin-when-cross-origin\" allowfullscreen><\/iframe><\/p>\n<div id=\"gtx-trans\" style=\"position: absolute; left: 221px; top: 222px;\">\n<div class=\"gtx-trans-icon\"><\/div>\n<\/div>\n","protected":false},"excerpt":{"rendered":"<div class=\"product-short-description\">\n<p>Stimuleaz\u0103 procesul de vindecare sau de regenerare a pielii cu ajutorul unor micro-ace, permi\u021b\u00e2nd produc\u021bia natural\u0103 de colagen.<\/p>\n<\/div>\n<div class=\"price-wrapper\"><\/div>\n","protected":false},"featured_media":84666,"comment_status":"open","ping_status":"closed","template":"","meta":[],"product_cat":[41],"product_tag":[],"class_list":{"0":"post-81970","1":"product","2":"type-product","3":"status-publish","4":"has-post-thumbnail","6":"product_cat-nekategorizirano","8":"first","9":"outofstock","10":"sale","11":"taxable","12":"shipping-taxable","13":"purchasable","14":"product-type-simple"},"bundled_by":[],"bundle_stock_status":"outofstock","bundle_stock_quantity":null,"bundle_virtual":false,"bundle_layout":"","bundle_add_to_cart_form_location":"","bundle_editable_in_cart":false,"bundle_sold_individually_context":"","bundle_item_grouping":"","bundle_min_size":"","bundle_max_size":"","bundled_items":[],"acf":[],"yoast_head":"<!-- This site is optimized with the Yoast SEO plugin v21.8 - https:\/\/yoast.com\/wordpress\/plugins\/seo\/ -->\n<title>Derma-rollerul Active Luxe pentru fa\u021b\u0103<\/title>\n<meta name=\"description\" content=\"Derma-roller Active Luxe pentru masaj profund \u0219i activ \u0219i pentru \u00eengrijirea pielii fe\u021bei. Stimuleaz\u0103 micro-circula\u021bia \u0219i produc\u021bia de colagen.\" \/>\n<meta name=\"robots\" content=\"index, follow, max-snippet:-1, max-image-preview:large, max-video-preview:-1\" \/>\n<link rel=\"canonical\" href=\"https:\/\/activeluxe-cosmetics.com\/ro\/produs\/derma-roller-pentru-productia-naturala-de-colagen\/\" \/>\n<meta property=\"og:locale\" content=\"ro_RO\" \/>\n<meta property=\"og:type\" content=\"article\" \/>\n<meta property=\"og:title\" content=\"Derma-rollerul Active Luxe pentru fa\u021b\u0103\" \/>\n<meta property=\"og:description\" content=\"Derma-roller Active Luxe pentru masaj profund \u0219i activ \u0219i pentru \u00eengrijirea pielii fe\u021bei. Stimuleaz\u0103 micro-circula\u021bia \u0219i produc\u021bia de colagen.\" \/>\n<meta property=\"og:url\" content=\"https:\/\/activeluxe-cosmetics.com\/ro\/produs\/derma-roller-pentru-productia-naturala-de-colagen\/\" \/>\n<meta property=\"og:site_name\" content=\"Active Luxe Cosmetics\" \/>\n<meta property=\"article:modified_time\" content=\"2026-01-26T11:49:01+00:00\" \/>\n<meta property=\"og:image\" content=\"https:\/\/activeluxe-cosmetics.com\/ro\/wp-content\/uploads\/2024\/03\/Derma_roller-600x762-1.jpg\" \/>\n\t<meta property=\"og:image:width\" content=\"600\" \/>\n\t<meta property=\"og:image:height\" content=\"762\" \/>\n\t<meta property=\"og:image:type\" content=\"image\/jpeg\" \/>\n<meta name=\"twitter:card\" content=\"summary_large_image\" \/>\n<meta name=\"twitter:label1\" content=\"Timp estimat pentru citire\" \/>\n\t<meta name=\"twitter:data1\" content=\"3 minute\" \/>\n<script type=\"application\/ld+json\" class=\"yoast-schema-graph\">{\"@context\":\"https:\/\/schema.org\",\"@graph\":[{\"@type\":\"WebPage\",\"@id\":\"https:\/\/activeluxe-cosmetics.com\/ro\/produs\/derma-roller-pentru-productia-naturala-de-colagen\/\",\"url\":\"https:\/\/activeluxe-cosmetics.com\/ro\/produs\/derma-roller-pentru-productia-naturala-de-colagen\/\",\"name\":\"Derma-rollerul Active Luxe pentru fa\u021b\u0103\",\"isPartOf\":{\"@id\":\"https:\/\/activeluxe-cosmetics.com\/ro\/#website\"},\"datePublished\":\"2024-03-04T11:57:14+00:00\",\"dateModified\":\"2026-01-26T11:49:01+00:00\",\"description\":\"Derma-roller Active Luxe pentru masaj profund \u0219i activ \u0219i pentru \u00eengrijirea pielii fe\u021bei. Stimuleaz\u0103 micro-circula\u021bia \u0219i produc\u021bia de colagen.\",\"breadcrumb\":{\"@id\":\"https:\/\/activeluxe-cosmetics.com\/ro\/produs\/derma-roller-pentru-productia-naturala-de-colagen\/#breadcrumb\"},\"inLanguage\":\"ro-RO\",\"potentialAction\":[{\"@type\":\"ReadAction\",\"target\":[\"https:\/\/activeluxe-cosmetics.com\/ro\/produs\/derma-roller-pentru-productia-naturala-de-colagen\/\"]}]},{\"@type\":\"BreadcrumbList\",\"@id\":\"https:\/\/activeluxe-cosmetics.com\/ro\/produs\/derma-roller-pentru-productia-naturala-de-colagen\/#breadcrumb\",\"itemListElement\":[{\"@type\":\"ListItem\",\"position\":1,\"name\":\"Copert\u0103\",\"item\":\"https:\/\/activeluxe-cosmetics.com\/ro\/\"},{\"@type\":\"ListItem\",\"position\":2,\"name\":\"Magazin\",\"item\":\"https:\/\/activeluxe-cosmetics.com\/ro\/magazin\/\"},{\"@type\":\"ListItem\",\"position\":3,\"name\":\"Derma-roller pentru produc\u021bia natural\u0103 de colagen\"}]},{\"@type\":\"WebSite\",\"@id\":\"https:\/\/activeluxe-cosmetics.com\/ro\/#website\",\"url\":\"https:\/\/activeluxe-cosmetics.com\/ro\/\",\"name\":\"Active Luxe Cosmetics\",\"description\":\"\",\"potentialAction\":[{\"@type\":\"SearchAction\",\"target\":{\"@type\":\"EntryPoint\",\"urlTemplate\":\"https:\/\/activeluxe-cosmetics.com\/ro\/?s={search_term_string}\"},\"query-input\":\"required name=search_term_string\"}],\"inLanguage\":\"ro-RO\"}]}<\/script>\n<!-- \/ Yoast SEO plugin. -->","yoast_head_json":{"title":"Derma-rollerul Active Luxe pentru fa\u021b\u0103","description":"Derma-roller Active Luxe pentru masaj profund \u0219i activ \u0219i pentru \u00eengrijirea pielii fe\u021bei. Stimuleaz\u0103 micro-circula\u021bia \u0219i produc\u021bia de colagen.","robots":{"index":"index","follow":"follow","max-snippet":"max-snippet:-1","max-image-preview":"max-image-preview:large","max-video-preview":"max-video-preview:-1"},"canonical":"https:\/\/activeluxe-cosmetics.com\/ro\/produs\/derma-roller-pentru-productia-naturala-de-colagen\/","og_locale":"ro_RO","og_type":"article","og_title":"Derma-rollerul Active Luxe pentru fa\u021b\u0103","og_description":"Derma-roller Active Luxe pentru masaj profund \u0219i activ \u0219i pentru \u00eengrijirea pielii fe\u021bei. Stimuleaz\u0103 micro-circula\u021bia \u0219i produc\u021bia de colagen.","og_url":"https:\/\/activeluxe-cosmetics.com\/ro\/produs\/derma-roller-pentru-productia-naturala-de-colagen\/","og_site_name":"Active Luxe Cosmetics","article_modified_time":"2026-01-26T11:49:01+00:00","og_image":[{"width":600,"height":762,"url":"https:\/\/activeluxe-cosmetics.com\/ro\/wp-content\/uploads\/2024\/03\/Derma_roller-600x762-1.jpg","type":"image\/jpeg"}],"twitter_card":"summary_large_image","twitter_misc":{"Timp estimat pentru citire":"3 minute"},"schema":{"@context":"https:\/\/schema.org","@graph":[{"@type":"WebPage","@id":"https:\/\/activeluxe-cosmetics.com\/ro\/produs\/derma-roller-pentru-productia-naturala-de-colagen\/","url":"https:\/\/activeluxe-cosmetics.com\/ro\/produs\/derma-roller-pentru-productia-naturala-de-colagen\/","name":"Derma-rollerul Active Luxe pentru fa\u021b\u0103","isPartOf":{"@id":"https:\/\/activeluxe-cosmetics.com\/ro\/#website"},"datePublished":"2024-03-04T11:57:14+00:00","dateModified":"2026-01-26T11:49:01+00:00","description":"Derma-roller Active Luxe pentru masaj profund \u0219i activ \u0219i pentru \u00eengrijirea pielii fe\u021bei. Stimuleaz\u0103 micro-circula\u021bia \u0219i produc\u021bia de colagen.","breadcrumb":{"@id":"https:\/\/activeluxe-cosmetics.com\/ro\/produs\/derma-roller-pentru-productia-naturala-de-colagen\/#breadcrumb"},"inLanguage":"ro-RO","potentialAction":[{"@type":"ReadAction","target":["https:\/\/activeluxe-cosmetics.com\/ro\/produs\/derma-roller-pentru-productia-naturala-de-colagen\/"]}]},{"@type":"BreadcrumbList","@id":"https:\/\/activeluxe-cosmetics.com\/ro\/produs\/derma-roller-pentru-productia-naturala-de-colagen\/#breadcrumb","itemListElement":[{"@type":"ListItem","position":1,"name":"Copert\u0103","item":"https:\/\/activeluxe-cosmetics.com\/ro\/"},{"@type":"ListItem","position":2,"name":"Magazin","item":"https:\/\/activeluxe-cosmetics.com\/ro\/magazin\/"},{"@type":"ListItem","position":3,"name":"Derma-roller pentru produc\u021bia natural\u0103 de colagen"}]},{"@type":"WebSite","@id":"https:\/\/activeluxe-cosmetics.com\/ro\/#website","url":"https:\/\/activeluxe-cosmetics.com\/ro\/","name":"Active Luxe Cosmetics","description":"","potentialAction":[{"@type":"SearchAction","target":{"@type":"EntryPoint","urlTemplate":"https:\/\/activeluxe-cosmetics.com\/ro\/?s={search_term_string}"},"query-input":"required name=search_term_string"}],"inLanguage":"ro-RO"}]}},"_links":{"self":[{"href":"https:\/\/activeluxe-cosmetics.com\/ro\/wp-json\/wp\/v2\/product\/81970","targetHints":{"allow":["GET"]}}],"collection":[{"href":"https:\/\/activeluxe-cosmetics.com\/ro\/wp-json\/wp\/v2\/product"}],"about":[{"href":"https:\/\/activeluxe-cosmetics.com\/ro\/wp-json\/wp\/v2\/types\/product"}],"replies":[{"embeddable":true,"href":"https:\/\/activeluxe-cosmetics.com\/ro\/wp-json\/wp\/v2\/comments?post=81970"}],"wp:featuredmedia":[{"embeddable":true,"href":"https:\/\/activeluxe-cosmetics.com\/ro\/wp-json\/wp\/v2\/media\/84666"}],"wp:attachment":[{"href":"https:\/\/activeluxe-cosmetics.com\/ro\/wp-json\/wp\/v2\/media?parent=81970"}],"wp:term":[{"taxonomy":"product_cat","embeddable":true,"href":"https:\/\/activeluxe-cosmetics.com\/ro\/wp-json\/wp\/v2\/product_cat?post=81970"},{"taxonomy":"product_tag","embeddable":true,"href":"https:\/\/activeluxe-cosmetics.com\/ro\/wp-json\/wp\/v2\/product_tag?post=81970"}],"curies":[{"name":"wp","href":"https:\/\/api.w.org\/{rel}","templated":true}]}}