{"id":81226,"date":"2024-02-01T13:58:36","date_gmt":"2024-02-01T13:58:36","guid":{"rendered":"https:\/\/activeluxe-cosmetics.com\/ro\/?post_type=product&#038;p=81226"},"modified":"2024-12-04T07:09:32","modified_gmt":"2024-12-04T07:09:32","slug":"spray-antibacterian-de-curatare","status":"publish","type":"product","link":"https:\/\/activeluxe-cosmetics.com\/ro\/produs\/spray-antibacterian-de-curatare\/","title":{"rendered":"Solu\u021bie antibacterian\u0103 de cur\u0103\u021bare"},"content":{"rendered":"<p><img loading=\"lazy\" decoding=\"async\" class=\" wp-image-84997 alignright\" src=\"https:\/\/activeluxe-cosmetics.com\/ro\/wp-content\/uploads\/2024\/02\/Izdelek-brez-naslova-1-460x575.png\" alt=\"\" width=\"400\" height=\"500\" srcset=\"https:\/\/activeluxe-cosmetics.com\/ro\/wp-content\/uploads\/2024\/02\/Izdelek-brez-naslova-1-460x575.png 460w, https:\/\/activeluxe-cosmetics.com\/ro\/wp-content\/uploads\/2024\/02\/Izdelek-brez-naslova-1-819x1024.png 819w, https:\/\/activeluxe-cosmetics.com\/ro\/wp-content\/uploads\/2024\/02\/Izdelek-brez-naslova-1-768x960.png 768w, https:\/\/activeluxe-cosmetics.com\/ro\/wp-content\/uploads\/2024\/02\/Izdelek-brez-naslova-1-600x750.png 600w, https:\/\/activeluxe-cosmetics.com\/ro\/wp-content\/uploads\/2024\/02\/Izdelek-brez-naslova-1.png 1080w\" sizes=\"auto, (max-width: 400px) 100vw, 400px\" \/><\/p>\n<h2><strong>Solu\u021bie antibacterian\u0103<\/strong> de cur\u0103\u021bare pentru o utilizare complet sigur\u0103<\/h2>\n<p>Spray-ul antibacterian de cur\u0103\u021bare Active Luxe este conceput pentru a cur\u0103\u021ba eficient derma-rollerul Active Luxe \u0219i alte accesorii cosmetice (pensete, ondulator de gene etc.).<\/p>\n<p>Spray-ul antibacterian este foarte u\u0219or de utilizat.<\/p>\n<p>Pulverizeaz\u0103 o singur\u0103 dat\u0103 obiectul pe care dore\u0219ti s\u0103 \u00eel dezinfectezi \u0219i acesta este gata de utilizare.<\/p>\n<p>Datorit\u0103 ambalajului s\u0103u practic, \u00eel po\u021bi lua cu tine peste tot.<\/p>\n<div style=\"display: flex; align-items: center; gap: 20px; flex-wrap: wrap;\">\n<p style=\"max-width: 360px;\">\n<\/div>\n<div id=\"gtx-trans\" style=\"position: absolute; left: 221px; top: 222px;\">\n<div class=\"gtx-trans-icon\"><\/div>\n<\/div>\n","protected":false},"excerpt":{"rendered":"<p>Pentru cur\u0103\u021barea eficient\u0103 a derma-rollerelor, pensetelor \u0219i a altor accesorii de \u00eengrijire a pielii.<\/p>\n","protected":false},"featured_media":84996,"comment_status":"open","ping_status":"closed","template":"","meta":[],"product_cat":[99,107,108,53,42],"product_tag":[],"class_list":{"0":"post-81226","1":"product","2":"type-product","3":"status-publish","4":"has-post-thumbnail","6":"product_cat-accesorii-par","7":"product_cat-barba","8":"product_cat-par-barbati","9":"product_cat-par","10":"product_cat-barbati","12":"first","13":"instock","14":"taxable","15":"shipping-taxable","16":"purchasable","17":"product-type-simple"},"bundled_by":[],"bundle_stock_status":"instock","bundle_stock_quantity":null,"bundle_virtual":false,"bundle_layout":"","bundle_add_to_cart_form_location":"","bundle_editable_in_cart":false,"bundle_sold_individually_context":"","bundle_item_grouping":"","bundle_min_size":"","bundle_max_size":"","bundled_items":[],"acf":[],"yoast_head":"<!-- This site is optimized with the Yoast SEO plugin v21.8 - https:\/\/yoast.com\/wordpress\/plugins\/seo\/ -->\n<title>Solu\u021bie antibacterian\u0103 Active Luxe de cur\u0103\u021bare<\/title>\n<meta name=\"description\" content=\"Potrivit pentru cur\u0103\u021barea eficient\u0103 a derma-rollerului Active Luxe \u0219i a altor accesorii cosmetice (pensete, ondulator de gene etc.).\" \/>\n<meta name=\"robots\" content=\"index, follow, max-snippet:-1, max-image-preview:large, max-video-preview:-1\" \/>\n<link rel=\"canonical\" href=\"https:\/\/activeluxe-cosmetics.com\/ro\/produs\/spray-antibacterian-de-curatare\/\" \/>\n<meta property=\"og:locale\" content=\"ro_RO\" \/>\n<meta property=\"og:type\" content=\"article\" \/>\n<meta property=\"og:title\" content=\"Solu\u021bie antibacterian\u0103 Active Luxe de cur\u0103\u021bare\" \/>\n<meta property=\"og:description\" content=\"Potrivit pentru cur\u0103\u021barea eficient\u0103 a derma-rollerului Active Luxe \u0219i a altor accesorii cosmetice (pensete, ondulator de gene etc.).\" \/>\n<meta property=\"og:url\" content=\"https:\/\/activeluxe-cosmetics.com\/ro\/produs\/spray-antibacterian-de-curatare\/\" \/>\n<meta property=\"og:site_name\" content=\"Active Luxe Cosmetics\" \/>\n<meta property=\"article:modified_time\" content=\"2024-12-04T07:09:32+00:00\" \/>\n<meta property=\"og:image\" content=\"https:\/\/activeluxe-cosmetics.com\/ro\/wp-content\/uploads\/2024\/02\/45_Cleanser_Spray.jpg\" \/>\n\t<meta property=\"og:image:width\" content=\"1104\" \/>\n\t<meta property=\"og:image:height\" content=\"1326\" \/>\n\t<meta property=\"og:image:type\" content=\"image\/jpeg\" \/>\n<meta name=\"twitter:card\" content=\"summary_large_image\" \/>\n<meta name=\"twitter:label1\" content=\"Timp estimat pentru citire\" \/>\n\t<meta name=\"twitter:data1\" content=\"1 minut\" \/>\n<script type=\"application\/ld+json\" class=\"yoast-schema-graph\">{\"@context\":\"https:\/\/schema.org\",\"@graph\":[{\"@type\":\"WebPage\",\"@id\":\"https:\/\/activeluxe-cosmetics.com\/ro\/produs\/spray-antibacterian-de-curatare\/\",\"url\":\"https:\/\/activeluxe-cosmetics.com\/ro\/produs\/spray-antibacterian-de-curatare\/\",\"name\":\"Solu\u021bie antibacterian\u0103 Active Luxe de cur\u0103\u021bare\",\"isPartOf\":{\"@id\":\"https:\/\/activeluxe-cosmetics.com\/ro\/#website\"},\"datePublished\":\"2024-02-01T13:58:36+00:00\",\"dateModified\":\"2024-12-04T07:09:32+00:00\",\"description\":\"Potrivit pentru cur\u0103\u021barea eficient\u0103 a derma-rollerului Active Luxe \u0219i a altor accesorii cosmetice (pensete, ondulator de gene etc.).\",\"breadcrumb\":{\"@id\":\"https:\/\/activeluxe-cosmetics.com\/ro\/produs\/spray-antibacterian-de-curatare\/#breadcrumb\"},\"inLanguage\":\"ro-RO\",\"potentialAction\":[{\"@type\":\"ReadAction\",\"target\":[\"https:\/\/activeluxe-cosmetics.com\/ro\/produs\/spray-antibacterian-de-curatare\/\"]}]},{\"@type\":\"BreadcrumbList\",\"@id\":\"https:\/\/activeluxe-cosmetics.com\/ro\/produs\/spray-antibacterian-de-curatare\/#breadcrumb\",\"itemListElement\":[{\"@type\":\"ListItem\",\"position\":1,\"name\":\"Copert\u0103\",\"item\":\"https:\/\/activeluxe-cosmetics.com\/ro\/\"},{\"@type\":\"ListItem\",\"position\":2,\"name\":\"Magazin\",\"item\":\"https:\/\/activeluxe-cosmetics.com\/ro\/magazin\/\"},{\"@type\":\"ListItem\",\"position\":3,\"name\":\"Solu\u021bie antibacterian\u0103 de cur\u0103\u021bare\"}]},{\"@type\":\"WebSite\",\"@id\":\"https:\/\/activeluxe-cosmetics.com\/ro\/#website\",\"url\":\"https:\/\/activeluxe-cosmetics.com\/ro\/\",\"name\":\"Active Luxe Cosmetics\",\"description\":\"\",\"potentialAction\":[{\"@type\":\"SearchAction\",\"target\":{\"@type\":\"EntryPoint\",\"urlTemplate\":\"https:\/\/activeluxe-cosmetics.com\/ro\/?s={search_term_string}\"},\"query-input\":\"required name=search_term_string\"}],\"inLanguage\":\"ro-RO\"}]}<\/script>\n<!-- \/ Yoast SEO plugin. -->","yoast_head_json":{"title":"Solu\u021bie antibacterian\u0103 Active Luxe de cur\u0103\u021bare","description":"Potrivit pentru cur\u0103\u021barea eficient\u0103 a derma-rollerului Active Luxe \u0219i a altor accesorii cosmetice (pensete, ondulator de gene etc.).","robots":{"index":"index","follow":"follow","max-snippet":"max-snippet:-1","max-image-preview":"max-image-preview:large","max-video-preview":"max-video-preview:-1"},"canonical":"https:\/\/activeluxe-cosmetics.com\/ro\/produs\/spray-antibacterian-de-curatare\/","og_locale":"ro_RO","og_type":"article","og_title":"Solu\u021bie antibacterian\u0103 Active Luxe de cur\u0103\u021bare","og_description":"Potrivit pentru cur\u0103\u021barea eficient\u0103 a derma-rollerului Active Luxe \u0219i a altor accesorii cosmetice (pensete, ondulator de gene etc.).","og_url":"https:\/\/activeluxe-cosmetics.com\/ro\/produs\/spray-antibacterian-de-curatare\/","og_site_name":"Active Luxe Cosmetics","article_modified_time":"2024-12-04T07:09:32+00:00","og_image":[{"width":1104,"height":1326,"url":"https:\/\/activeluxe-cosmetics.com\/ro\/wp-content\/uploads\/2024\/02\/45_Cleanser_Spray.jpg","type":"image\/jpeg"}],"twitter_card":"summary_large_image","twitter_misc":{"Timp estimat pentru citire":"1 minut"},"schema":{"@context":"https:\/\/schema.org","@graph":[{"@type":"WebPage","@id":"https:\/\/activeluxe-cosmetics.com\/ro\/produs\/spray-antibacterian-de-curatare\/","url":"https:\/\/activeluxe-cosmetics.com\/ro\/produs\/spray-antibacterian-de-curatare\/","name":"Solu\u021bie antibacterian\u0103 Active Luxe de cur\u0103\u021bare","isPartOf":{"@id":"https:\/\/activeluxe-cosmetics.com\/ro\/#website"},"datePublished":"2024-02-01T13:58:36+00:00","dateModified":"2024-12-04T07:09:32+00:00","description":"Potrivit pentru cur\u0103\u021barea eficient\u0103 a derma-rollerului Active Luxe \u0219i a altor accesorii cosmetice (pensete, ondulator de gene etc.).","breadcrumb":{"@id":"https:\/\/activeluxe-cosmetics.com\/ro\/produs\/spray-antibacterian-de-curatare\/#breadcrumb"},"inLanguage":"ro-RO","potentialAction":[{"@type":"ReadAction","target":["https:\/\/activeluxe-cosmetics.com\/ro\/produs\/spray-antibacterian-de-curatare\/"]}]},{"@type":"BreadcrumbList","@id":"https:\/\/activeluxe-cosmetics.com\/ro\/produs\/spray-antibacterian-de-curatare\/#breadcrumb","itemListElement":[{"@type":"ListItem","position":1,"name":"Copert\u0103","item":"https:\/\/activeluxe-cosmetics.com\/ro\/"},{"@type":"ListItem","position":2,"name":"Magazin","item":"https:\/\/activeluxe-cosmetics.com\/ro\/magazin\/"},{"@type":"ListItem","position":3,"name":"Solu\u021bie antibacterian\u0103 de cur\u0103\u021bare"}]},{"@type":"WebSite","@id":"https:\/\/activeluxe-cosmetics.com\/ro\/#website","url":"https:\/\/activeluxe-cosmetics.com\/ro\/","name":"Active Luxe Cosmetics","description":"","potentialAction":[{"@type":"SearchAction","target":{"@type":"EntryPoint","urlTemplate":"https:\/\/activeluxe-cosmetics.com\/ro\/?s={search_term_string}"},"query-input":"required name=search_term_string"}],"inLanguage":"ro-RO"}]}},"_links":{"self":[{"href":"https:\/\/activeluxe-cosmetics.com\/ro\/wp-json\/wp\/v2\/product\/81226","targetHints":{"allow":["GET"]}}],"collection":[{"href":"https:\/\/activeluxe-cosmetics.com\/ro\/wp-json\/wp\/v2\/product"}],"about":[{"href":"https:\/\/activeluxe-cosmetics.com\/ro\/wp-json\/wp\/v2\/types\/product"}],"replies":[{"embeddable":true,"href":"https:\/\/activeluxe-cosmetics.com\/ro\/wp-json\/wp\/v2\/comments?post=81226"}],"wp:featuredmedia":[{"embeddable":true,"href":"https:\/\/activeluxe-cosmetics.com\/ro\/wp-json\/wp\/v2\/media\/84996"}],"wp:attachment":[{"href":"https:\/\/activeluxe-cosmetics.com\/ro\/wp-json\/wp\/v2\/media?parent=81226"}],"wp:term":[{"taxonomy":"product_cat","embeddable":true,"href":"https:\/\/activeluxe-cosmetics.com\/ro\/wp-json\/wp\/v2\/product_cat?post=81226"},{"taxonomy":"product_tag","embeddable":true,"href":"https:\/\/activeluxe-cosmetics.com\/ro\/wp-json\/wp\/v2\/product_tag?post=81226"}],"curies":[{"name":"wp","href":"https:\/\/api.w.org\/{rel}","templated":true}]}}