{"id":72444,"date":"2024-01-10T15:21:29","date_gmt":"2024-01-10T14:21:29","guid":{"rendered":"https:\/\/activeluxe-cosmetics.com\/ro\/?post_type=product&#038;p=72444"},"modified":"2025-11-28T13:57:36","modified_gmt":"2025-11-28T13:57:36","slug":"rimel-infinity-lash","status":"publish","type":"product","link":"https:\/\/activeluxe-cosmetics.com\/ro\/produs\/rimel-infinity-lash\/","title":{"rendered":"Rimel Infinity Lash"},"content":{"rendered":"<p><img loading=\"lazy\" decoding=\"async\" class=\"size-medium wp-image-84725 alignright\" src=\"https:\/\/activeluxe-cosmetics.com\/ro\/wp-content\/uploads\/2024\/01\/Izdelek-brez-naslova-47-2-2-460x575.png\" alt=\"\" width=\"460\" height=\"575\" srcset=\"https:\/\/activeluxe-cosmetics.com\/ro\/wp-content\/uploads\/2024\/01\/Izdelek-brez-naslova-47-2-2-460x575.png 460w, https:\/\/activeluxe-cosmetics.com\/ro\/wp-content\/uploads\/2024\/01\/Izdelek-brez-naslova-47-2-2-819x1024.png 819w, https:\/\/activeluxe-cosmetics.com\/ro\/wp-content\/uploads\/2024\/01\/Izdelek-brez-naslova-47-2-2-768x960.png 768w, https:\/\/activeluxe-cosmetics.com\/ro\/wp-content\/uploads\/2024\/01\/Izdelek-brez-naslova-47-2-2-600x750.png 600w, https:\/\/activeluxe-cosmetics.com\/ro\/wp-content\/uploads\/2024\/01\/Izdelek-brez-naslova-47-2-2.png 1080w\" sizes=\"auto, (max-width: 460px) 100vw, 460px\" \/><\/p>\n<h2>Ochii t\u0103i merit\u0103 un<strong> rimel infinit de bun!<\/strong><\/h2>\n<p>Cel mai recent rimel Active Luxe Infitnity Lash aduce o briz\u0103 de aer proasp\u0103t pe rafturile noastre online &#8211; at\u00e2t \u00een ceea ce prive\u0219te aspectul, c\u00e2t \u0219i \u00een ceea ce prive\u0219te formula sa!<\/p>\n<p>Formula nutritiv\u0103 unic\u0103 nu numai c\u0103 \u00ee\u021bi va defini dramatic genele, dar le va \u0219i hr\u0103ni \u00een profunzime. Acest rimel este bogat\u0103 \u00een peptide \u0219i aminoacizi pentru a asigura o \u00eengrijire perfect\u0103 a genelor.<\/p>\n<p>Rimelul Infinity Lash r\u0103m\u00e2ne pe genele tale \u00eentreaga zi, f\u0103r\u0103 s\u0103 se lipeasc\u0103 sau s\u0103 ajung\u0103 pe pielea din jurul ochilor. Textura extrem de moale \u0219i cremoas\u0103 nu se va \u00eent\u0103ri pe genele tale nici dup\u0103 24 de ore!<\/p>\n<ul>\n<li>Volum \u0219i lungime spectaculoase<\/li>\n<li>Formul\u0103 de lung\u0103 durat\u0103 care rezist\u0103 24 de ore<\/li>\n<li>Textura cremoas\u0103 \u00eempiedic\u0103 rimelul s\u0103 se aglomereze, s\u0103 se usuce \u0219i s\u0103 se scurg\u0103 pe pleoape<\/li>\n<li>Textura inovatoare \u0219i peria perfect\u0103 sunt tot ce ai nevoie pentru ochi proaspe\u021bi, odihni\u021bi \u0219i deschi\u0219i<\/li>\n<\/ul>\n<h2 style=\"text-align: center; clear: both;\"><\/h2>\n<h2><span data-sheets-root=\"1\" data-sheets-value=\"{&quot;1&quot;:2,&quot;2&quot;:&quot;Fina struktura na tvojim trepavicama koja ih produ\u017euje i otvara&quot;}\" data-sheets-userformat=\"{&quot;2&quot;:20864,&quot;10&quot;:2,&quot;11&quot;:4,&quot;15&quot;:&quot;Arial&quot;,&quot;17&quot;:1}\"><img loading=\"lazy\" decoding=\"async\" class=\"size-medium wp-image-84726 alignleft\" src=\"https:\/\/activeluxe-cosmetics.com\/ro\/wp-content\/uploads\/2024\/01\/Izdelek-brez-naslova-46-1-460x575.png\" alt=\"\" width=\"460\" height=\"575\" srcset=\"https:\/\/activeluxe-cosmetics.com\/ro\/wp-content\/uploads\/2024\/01\/Izdelek-brez-naslova-46-1-460x575.png 460w, https:\/\/activeluxe-cosmetics.com\/ro\/wp-content\/uploads\/2024\/01\/Izdelek-brez-naslova-46-1-819x1024.png 819w, https:\/\/activeluxe-cosmetics.com\/ro\/wp-content\/uploads\/2024\/01\/Izdelek-brez-naslova-46-1-768x960.png 768w, https:\/\/activeluxe-cosmetics.com\/ro\/wp-content\/uploads\/2024\/01\/Izdelek-brez-naslova-46-1-600x750.png 600w, https:\/\/activeluxe-cosmetics.com\/ro\/wp-content\/uploads\/2024\/01\/Izdelek-brez-naslova-46-1.png 1080w\" sizes=\"auto, (max-width: 460px) 100vw, 460px\" \/><strong>3 \u00een 1<\/strong>: arcuire, volum f\u0103r\u0103 greutate \u0219i lungime infinit\u0103<br \/>\n<\/span><\/h2>\n<p>Da, rimelul Infinity Lash \u00ee\u021bi va face genele:<\/p>\n<ul>\n<li>arcuite,<\/li>\n<li>extinse \u0219i<\/li>\n<li>voluminoase!<\/li>\n<\/ul>\n<h2><\/h2>\n<p>Dac\u0103 dore\u0219ti o defini\u021bie subtil\u0103, un singur strat este suficient, dar dac\u0103 \u00ee\u021bi dore\u0219ti ochi spectaculo\u0219i \u0219i un look mai \u00eendr\u0103zne\u021b, aplic\u0103 dou\u0103 sau trei straturi, deoarece formula face ca acesta s\u0103 fie u\u0219or de aplicat.<\/p>\n<p>Un strat, dou\u0103 straturi sau trei &#8211; mascara Infintiy Lash se va asigura c\u0103 genele tale nu vor trece neobservate!<\/p>\n<p>Cel mai recent rimel Active Luxe Infitnity Lash este o adev\u0103rat\u0103 revolu\u021bie \u00een lumea produselor cosmetice. Textura inovatoare \u0219i peria perfect\u0103 sunt tot ce ai nevoie pentru ochi proaspe\u021bi, odihni\u021bi \u0219i deschi\u0219i.<\/p>\n<div style=\"display: flex; align-items: center; gap: 20px; flex-wrap: wrap;\">\n<p style=\"max-width: 360px;\">\n<\/div>\n","protected":false},"excerpt":{"rendered":"<p>Volum \u0219i lungime spectaculoase \u0219i gene incredibil de moi \u0219i flexibile, care nu se \u00eencarc\u0103.<\/p>\n","protected":false},"featured_media":80600,"comment_status":"open","ping_status":"closed","template":"","meta":[],"product_cat":[48,77],"product_tag":[],"class_list":{"0":"post-72444","1":"product","2":"type-product","3":"status-publish","4":"has-post-thumbnail","6":"product_cat-gene","7":"product_cat-machiaj","9":"first","10":"instock","11":"taxable","12":"shipping-taxable","13":"purchasable","14":"product-type-simple"},"bundled_by":[],"bundle_stock_status":"instock","bundle_stock_quantity":null,"bundle_virtual":false,"bundle_layout":"","bundle_add_to_cart_form_location":"","bundle_editable_in_cart":false,"bundle_sold_individually_context":"","bundle_item_grouping":"","bundle_min_size":"","bundle_max_size":"","bundled_items":[],"acf":[],"yoast_head":"<!-- This site is optimized with the Yoast SEO plugin v21.8 - https:\/\/yoast.com\/wordpress\/plugins\/seo\/ -->\n<title>Rimel Active Luxe Infinity Lash pentru gene infinit de lungi<\/title>\n<meta name=\"description\" content=\"Rimel Infinity Lash pentru volum \u0219i lungime deosebite. Gene vizibil mai groase dup\u0103 prima aplicare. Nu las\u0103 urme \u00een jurul ochilor.\" \/>\n<meta name=\"robots\" content=\"index, follow, max-snippet:-1, max-image-preview:large, max-video-preview:-1\" \/>\n<link rel=\"canonical\" href=\"https:\/\/activeluxe-cosmetics.com\/ro\/produs\/rimel-infinity-lash\/\" \/>\n<meta property=\"og:locale\" content=\"ro_RO\" \/>\n<meta property=\"og:type\" content=\"article\" \/>\n<meta property=\"og:title\" content=\"Rimel Active Luxe Infinity Lash pentru gene infinit de lungi\" \/>\n<meta property=\"og:description\" content=\"Rimel Infinity Lash pentru volum \u0219i lungime deosebite. Gene vizibil mai groase dup\u0103 prima aplicare. Nu las\u0103 urme \u00een jurul ochilor.\" \/>\n<meta property=\"og:url\" content=\"https:\/\/activeluxe-cosmetics.com\/ro\/produs\/rimel-infinity-lash\/\" \/>\n<meta property=\"og:site_name\" content=\"Active Luxe Cosmetics\" \/>\n<meta property=\"article:modified_time\" content=\"2025-11-28T13:57:36+00:00\" \/>\n<meta property=\"og:image\" content=\"https:\/\/activeluxe-cosmetics.com\/ro\/wp-content\/uploads\/2024\/01\/Infinity-Lash-maskara.jpg\" \/>\n\t<meta property=\"og:image:width\" content=\"522\" \/>\n\t<meta property=\"og:image:height\" content=\"663\" \/>\n\t<meta property=\"og:image:type\" content=\"image\/jpeg\" \/>\n<meta name=\"twitter:card\" content=\"summary_large_image\" \/>\n<meta name=\"twitter:label1\" content=\"Timp estimat pentru citire\" \/>\n\t<meta name=\"twitter:data1\" content=\"3 minute\" \/>\n<script type=\"application\/ld+json\" class=\"yoast-schema-graph\">{\"@context\":\"https:\/\/schema.org\",\"@graph\":[{\"@type\":\"WebPage\",\"@id\":\"https:\/\/activeluxe-cosmetics.com\/ro\/produs\/rimel-infinity-lash\/\",\"url\":\"https:\/\/activeluxe-cosmetics.com\/ro\/produs\/rimel-infinity-lash\/\",\"name\":\"Rimel Active Luxe Infinity Lash pentru gene infinit de lungi\",\"isPartOf\":{\"@id\":\"https:\/\/activeluxe-cosmetics.com\/ro\/#website\"},\"datePublished\":\"2024-01-10T14:21:29+00:00\",\"dateModified\":\"2025-11-28T13:57:36+00:00\",\"description\":\"Rimel Infinity Lash pentru volum \u0219i lungime deosebite. Gene vizibil mai groase dup\u0103 prima aplicare. Nu las\u0103 urme \u00een jurul ochilor.\",\"breadcrumb\":{\"@id\":\"https:\/\/activeluxe-cosmetics.com\/ro\/produs\/rimel-infinity-lash\/#breadcrumb\"},\"inLanguage\":\"ro-RO\",\"potentialAction\":[{\"@type\":\"ReadAction\",\"target\":[\"https:\/\/activeluxe-cosmetics.com\/ro\/produs\/rimel-infinity-lash\/\"]}]},{\"@type\":\"BreadcrumbList\",\"@id\":\"https:\/\/activeluxe-cosmetics.com\/ro\/produs\/rimel-infinity-lash\/#breadcrumb\",\"itemListElement\":[{\"@type\":\"ListItem\",\"position\":1,\"name\":\"Copert\u0103\",\"item\":\"https:\/\/activeluxe-cosmetics.com\/ro\/\"},{\"@type\":\"ListItem\",\"position\":2,\"name\":\"Magazin\",\"item\":\"https:\/\/activeluxe-cosmetics.com\/ro\/magazin\/\"},{\"@type\":\"ListItem\",\"position\":3,\"name\":\"Rimel Infinity Lash\"}]},{\"@type\":\"WebSite\",\"@id\":\"https:\/\/activeluxe-cosmetics.com\/ro\/#website\",\"url\":\"https:\/\/activeluxe-cosmetics.com\/ro\/\",\"name\":\"Active Luxe Cosmetics\",\"description\":\"\",\"potentialAction\":[{\"@type\":\"SearchAction\",\"target\":{\"@type\":\"EntryPoint\",\"urlTemplate\":\"https:\/\/activeluxe-cosmetics.com\/ro\/?s={search_term_string}\"},\"query-input\":\"required name=search_term_string\"}],\"inLanguage\":\"ro-RO\"}]}<\/script>\n<!-- \/ Yoast SEO plugin. -->","yoast_head_json":{"title":"Rimel Active Luxe Infinity Lash pentru gene infinit de lungi","description":"Rimel Infinity Lash pentru volum \u0219i lungime deosebite. Gene vizibil mai groase dup\u0103 prima aplicare. Nu las\u0103 urme \u00een jurul ochilor.","robots":{"index":"index","follow":"follow","max-snippet":"max-snippet:-1","max-image-preview":"max-image-preview:large","max-video-preview":"max-video-preview:-1"},"canonical":"https:\/\/activeluxe-cosmetics.com\/ro\/produs\/rimel-infinity-lash\/","og_locale":"ro_RO","og_type":"article","og_title":"Rimel Active Luxe Infinity Lash pentru gene infinit de lungi","og_description":"Rimel Infinity Lash pentru volum \u0219i lungime deosebite. Gene vizibil mai groase dup\u0103 prima aplicare. Nu las\u0103 urme \u00een jurul ochilor.","og_url":"https:\/\/activeluxe-cosmetics.com\/ro\/produs\/rimel-infinity-lash\/","og_site_name":"Active Luxe Cosmetics","article_modified_time":"2025-11-28T13:57:36+00:00","og_image":[{"width":522,"height":663,"url":"https:\/\/activeluxe-cosmetics.com\/ro\/wp-content\/uploads\/2024\/01\/Infinity-Lash-maskara.jpg","type":"image\/jpeg"}],"twitter_card":"summary_large_image","twitter_misc":{"Timp estimat pentru citire":"3 minute"},"schema":{"@context":"https:\/\/schema.org","@graph":[{"@type":"WebPage","@id":"https:\/\/activeluxe-cosmetics.com\/ro\/produs\/rimel-infinity-lash\/","url":"https:\/\/activeluxe-cosmetics.com\/ro\/produs\/rimel-infinity-lash\/","name":"Rimel Active Luxe Infinity Lash pentru gene infinit de lungi","isPartOf":{"@id":"https:\/\/activeluxe-cosmetics.com\/ro\/#website"},"datePublished":"2024-01-10T14:21:29+00:00","dateModified":"2025-11-28T13:57:36+00:00","description":"Rimel Infinity Lash pentru volum \u0219i lungime deosebite. Gene vizibil mai groase dup\u0103 prima aplicare. Nu las\u0103 urme \u00een jurul ochilor.","breadcrumb":{"@id":"https:\/\/activeluxe-cosmetics.com\/ro\/produs\/rimel-infinity-lash\/#breadcrumb"},"inLanguage":"ro-RO","potentialAction":[{"@type":"ReadAction","target":["https:\/\/activeluxe-cosmetics.com\/ro\/produs\/rimel-infinity-lash\/"]}]},{"@type":"BreadcrumbList","@id":"https:\/\/activeluxe-cosmetics.com\/ro\/produs\/rimel-infinity-lash\/#breadcrumb","itemListElement":[{"@type":"ListItem","position":1,"name":"Copert\u0103","item":"https:\/\/activeluxe-cosmetics.com\/ro\/"},{"@type":"ListItem","position":2,"name":"Magazin","item":"https:\/\/activeluxe-cosmetics.com\/ro\/magazin\/"},{"@type":"ListItem","position":3,"name":"Rimel Infinity Lash"}]},{"@type":"WebSite","@id":"https:\/\/activeluxe-cosmetics.com\/ro\/#website","url":"https:\/\/activeluxe-cosmetics.com\/ro\/","name":"Active Luxe Cosmetics","description":"","potentialAction":[{"@type":"SearchAction","target":{"@type":"EntryPoint","urlTemplate":"https:\/\/activeluxe-cosmetics.com\/ro\/?s={search_term_string}"},"query-input":"required name=search_term_string"}],"inLanguage":"ro-RO"}]}},"_links":{"self":[{"href":"https:\/\/activeluxe-cosmetics.com\/ro\/wp-json\/wp\/v2\/product\/72444","targetHints":{"allow":["GET"]}}],"collection":[{"href":"https:\/\/activeluxe-cosmetics.com\/ro\/wp-json\/wp\/v2\/product"}],"about":[{"href":"https:\/\/activeluxe-cosmetics.com\/ro\/wp-json\/wp\/v2\/types\/product"}],"replies":[{"embeddable":true,"href":"https:\/\/activeluxe-cosmetics.com\/ro\/wp-json\/wp\/v2\/comments?post=72444"}],"wp:featuredmedia":[{"embeddable":true,"href":"https:\/\/activeluxe-cosmetics.com\/ro\/wp-json\/wp\/v2\/media\/80600"}],"wp:attachment":[{"href":"https:\/\/activeluxe-cosmetics.com\/ro\/wp-json\/wp\/v2\/media?parent=72444"}],"wp:term":[{"taxonomy":"product_cat","embeddable":true,"href":"https:\/\/activeluxe-cosmetics.com\/ro\/wp-json\/wp\/v2\/product_cat?post=72444"},{"taxonomy":"product_tag","embeddable":true,"href":"https:\/\/activeluxe-cosmetics.com\/ro\/wp-json\/wp\/v2\/product_tag?post=72444"}],"curies":[{"name":"wp","href":"https:\/\/api.w.org\/{rel}","templated":true}]}}