{"id":72339,"date":"2024-01-10T15:20:08","date_gmt":"2024-01-10T14:20:08","guid":{"rendered":"https:\/\/activeluxe-cosmetics.com\/ro\/?post_type=product&#038;p=72339"},"modified":"2025-11-19T13:18:19","modified_gmt":"2025-11-19T13:18:19","slug":"balsam-impotriva-caderii-parului","status":"publish","type":"product","link":"https:\/\/activeluxe-cosmetics.com\/ro\/produs\/balsam-impotriva-caderii-parului\/","title":{"rendered":"Balsam \u00eempotriva c\u0103derii p\u0103rului"},"content":{"rendered":"<p><img loading=\"lazy\" decoding=\"async\" class=\" wp-image-84950 alignright\" src=\"https:\/\/activeluxe-cosmetics.com\/ro\/wp-content\/uploads\/2024\/01\/activeluxe_conditioner-460x575.png\" alt=\"\" width=\"380\" height=\"475\" srcset=\"https:\/\/activeluxe-cosmetics.com\/ro\/wp-content\/uploads\/2024\/01\/activeluxe_conditioner-460x575.png 460w, https:\/\/activeluxe-cosmetics.com\/ro\/wp-content\/uploads\/2024\/01\/activeluxe_conditioner-819x1024.png 819w, https:\/\/activeluxe-cosmetics.com\/ro\/wp-content\/uploads\/2024\/01\/activeluxe_conditioner-768x960.png 768w, https:\/\/activeluxe-cosmetics.com\/ro\/wp-content\/uploads\/2024\/01\/activeluxe_conditioner-600x750.png 600w, https:\/\/activeluxe-cosmetics.com\/ro\/wp-content\/uploads\/2024\/01\/activeluxe_conditioner.png 1080w\" sizes=\"auto, (max-width: 380px) 100vw, 380px\" \/><\/p>\n<h2><strong>Un balsam<\/strong> care d\u0103 volum p\u0103rului<\/h2>\n<p>Acest balsam eficient are dou\u0103 func\u021bii importante:<\/p>\n<ul>\n<li>Hr\u0103ne\u0219te, reface \u00een profunzime \u0219i protejeaz\u0103 p\u0103rul Balsamul Active Luxe \u00eempotriva c\u0103derii p\u0103rului ofer\u0103 p\u0103rului uscat o hidratare perfect\u0103 \u0219i \u00eel neteze\u0219te. Dup\u0103 utilizare, p\u0103rul este vizibil mai moale, mai flexibil \u0219i mai rezistent la periajul zilnic \u0219i la \u00eendreptatul cu placa. P\u0103rul t\u0103u este mai u\u0219or de descurcat, nu se rupe \u0219i dob\u00e2nde\u0219te o str\u0103lucire superb\u0103.<\/li>\n<li>\u00cempreun\u0103 cu \u0219amponul Active Luxe previne c\u0103derea p\u0103rului \u0218amponul \u0219i balsamul Active Luxe formeaz\u0103 un duo perfect \u00eempotriva c\u0103derii p\u0103rului. Acestea con\u021bin o formul\u0103 inovatoare care \u00eent\u0103re\u0219te foliculii de p\u0103r, previne \u00eemb\u0103tr\u00e2nirea prematur\u0103, \u00eent\u0103re\u0219te r\u0103d\u0103cinile \u0219i previne c\u0103derea p\u0103rului. De asemenea, balsamul activeaz\u0103 \u0219i stimuleaz\u0103 micro-circula\u021bia scalpului, asigur\u00e2ndu-se c\u0103 p\u0103rul prime\u0219te to\u021bi nutrien\u021bii necesari din s\u00e2nge pentru o cre\u0219tere mai rapid\u0103 \u0219i r\u0103d\u0103cini s\u0103n\u0103toase \u0219i puternice.<\/li>\n<\/ul>\n<h2 style=\"text-align: center; clear: both;\"><\/h2>\n<h2><img loading=\"lazy\" decoding=\"async\" class=\" wp-image-84951 alignleft\" src=\"https:\/\/activeluxe-cosmetics.com\/ro\/wp-content\/uploads\/2024\/01\/balzam_za_lase-819x1024-1-460x575.png\" alt=\"\" width=\"380\" height=\"475\" srcset=\"https:\/\/activeluxe-cosmetics.com\/ro\/wp-content\/uploads\/2024\/01\/balzam_za_lase-819x1024-1-460x575.png 460w, https:\/\/activeluxe-cosmetics.com\/ro\/wp-content\/uploads\/2024\/01\/balzam_za_lase-819x1024-1-768x960.png 768w, https:\/\/activeluxe-cosmetics.com\/ro\/wp-content\/uploads\/2024\/01\/balzam_za_lase-819x1024-1-600x750.png 600w, https:\/\/activeluxe-cosmetics.com\/ro\/wp-content\/uploads\/2024\/01\/balzam_za_lase-819x1024-1.png 819w\" sizes=\"auto, (max-width: 380px) 100vw, 380px\" \/>De ce este at\u00e2t de eficient balsamul <strong>Active Luxe pentru cre\u0219terea p\u0103rului?<\/strong><\/h2>\n<p>Sp\u0103latul, periajul, colorarea \u0219i \u00eendreptatul excesiv determin\u0103 c\u0103derea p\u0103rului, f\u0103c\u00e2nd ca acesta s\u0103 \u00ee\u0219i piard\u0103 elasticitatea, volumul \u0219i rezisten\u021ba. Acest lucru este agravat de frecarea prea puternic\u0103 a p\u0103rului cu un prosop, de stres, de o diet\u0103 deficitar\u0103 \u0219i de o hidratare insuficient\u0103. Acesta este motivul pentru care p\u0103rul trebuie s\u0103 fie hr\u0103nit \u00een profunzime \u0219i protejat \u00een mod regulat. P\u0103rul hr\u0103nit \u0219i s\u0103n\u0103tos va cre\u0219te, de asemenea, mai repede.<\/p>\n<p>Prin utilizarea regulat\u0103 a \u0219amponului \u0219i balsamului Active Luxe, vei pierde vizibil mai pu\u021bin p\u0103r, iar p\u0103rul t\u0103u va cre\u0219te mai repede. Acesta va deveni mai puternic, hr\u0103nit \u00een profunzime, neted \u0219i str\u0103lucitor.<\/p>\n<h2 style=\"text-align: center; clear: both;\"><\/h2>\n<p>&nbsp;<\/p>\n<h2><strong><img loading=\"lazy\" decoding=\"async\" class=\" wp-image-84957 alignright\" src=\"https:\/\/activeluxe-cosmetics.com\/ro\/wp-content\/uploads\/2024\/01\/activeluxe_balzam-819x1024-5-460x575.png\" alt=\"\" width=\"380\" height=\"475\" srcset=\"https:\/\/activeluxe-cosmetics.com\/ro\/wp-content\/uploads\/2024\/01\/activeluxe_balzam-819x1024-5-460x575.png 460w, https:\/\/activeluxe-cosmetics.com\/ro\/wp-content\/uploads\/2024\/01\/activeluxe_balzam-819x1024-5-768x960.png 768w, https:\/\/activeluxe-cosmetics.com\/ro\/wp-content\/uploads\/2024\/01\/activeluxe_balzam-819x1024-5-600x750.png 600w, https:\/\/activeluxe-cosmetics.com\/ro\/wp-content\/uploads\/2024\/01\/activeluxe_balzam-819x1024-5.png 819w\" sizes=\"auto, (max-width: 380px) 100vw, 380px\" \/>Opre\u0219te c\u0103derea<\/strong> p\u0103rului \u00een timp!<\/h2>\n<p>Dac\u0103 te lup\u021bi cu chelia sau c\u0103derea excesiv\u0103 a p\u0103rului, balsamul Active Luxe \u00een combina\u021bie cu \u0219amponul Active Luxe \u00eempotriva c\u0103derii \u0219i pentru cre\u0219terea p\u0103rului este solu\u021bia ideal\u0103 care ajut\u0103 at\u00e2t femeile, c\u00e2t \u0219i b\u0103rba\u021bii s\u0103 ob\u021bin\u0103 un p\u0103r mai gros, mai s\u0103n\u0103tos \u0219i mai puternic.<\/p>\n<ol>\n<li>P\u0103r mai gros la atingere<\/li>\n<li>Proteine naturale pentru un p\u0103r mai puternic<\/li>\n<li>\u00cengroa\u0219\u0103 p\u0103rul \u0219i \u00eei confer\u0103 densitate<\/li>\n<li>\u00cempiedic\u0103 \u00eencre\u021birea<\/li>\n<li>Potrivit pentru toate tipurile de p\u0103r, u\u0219or de utilizat<\/li>\n<\/ol>\n<p>Pentru rezultate optime, folose\u0219te balsamul Active Luxe \u00eempreun\u0103 cu \u0219amponul Active Luxe pentru scalpul uscat\/ normal sau gras.<\/p>\n<p>Perfect at\u00e2t pentru femei, c\u00e2t \u0219i pentru b\u0103rba\u021bi. Este testat clinic \u0219i este potrivit pentru utilizarea zilnic\u0103.<\/p>\n<p>&nbsp;<\/p>\n<h3 style=\"clear: both; max-width: 820px;\"><\/h3>\n","protected":false},"excerpt":{"rendered":"<p>Delicat \u0219i eficient. Acesta con\u021bine o formul\u0103 inovatoare care previne c\u0103derea p\u0103rului.<\/p>\n","protected":false},"featured_media":84949,"comment_status":"open","ping_status":"closed","template":"","meta":[],"product_cat":[108,53,59,42],"product_tag":[],"class_list":{"0":"post-72339","1":"product","2":"type-product","3":"status-publish","4":"has-post-thumbnail","6":"product_cat-par-barbati","7":"product_cat-par","8":"product_cat-balsamuri-masti","9":"product_cat-barbati","11":"first","12":"instock","13":"sale","14":"taxable","15":"shipping-taxable","16":"purchasable","17":"product-type-simple"},"bundled_by":[],"bundle_stock_status":"instock","bundle_stock_quantity":null,"bundle_virtual":false,"bundle_layout":"","bundle_add_to_cart_form_location":"","bundle_editable_in_cart":false,"bundle_sold_individually_context":"","bundle_item_grouping":"","bundle_min_size":"","bundle_max_size":"","bundled_items":[],"acf":[],"yoast_head":"<!-- This site is optimized with the Yoast SEO plugin v21.8 - https:\/\/yoast.com\/wordpress\/plugins\/seo\/ -->\n<title>Balsam Active Luxe \u00eempotriva c\u0103derii p\u0103rului<\/title>\n<meta name=\"description\" content=\"Acest balsam \u00eempotriva c\u0103derii p\u0103rului ofer\u0103 p\u0103rului uscat o hidratare perfect\u0103 \u0219i \u00eel neteze\u0219te. P\u0103rul este vizibil mai moale \u0219i mai rezistent la periaj \u0219i la \u00eendreptatul cu placa.\" \/>\n<meta name=\"robots\" content=\"index, follow, max-snippet:-1, max-image-preview:large, max-video-preview:-1\" \/>\n<link rel=\"canonical\" href=\"https:\/\/activeluxe-cosmetics.com\/ro\/produs\/balsam-impotriva-caderii-parului\/\" \/>\n<meta property=\"og:locale\" content=\"ro_RO\" \/>\n<meta property=\"og:type\" content=\"article\" \/>\n<meta property=\"og:title\" content=\"Balsam Active Luxe \u00eempotriva c\u0103derii p\u0103rului\" \/>\n<meta property=\"og:description\" content=\"Acest balsam \u00eempotriva c\u0103derii p\u0103rului ofer\u0103 p\u0103rului uscat o hidratare perfect\u0103 \u0219i \u00eel neteze\u0219te. P\u0103rul este vizibil mai moale \u0219i mai rezistent la periaj \u0219i la \u00eendreptatul cu placa.\" \/>\n<meta property=\"og:url\" content=\"https:\/\/activeluxe-cosmetics.com\/ro\/produs\/balsam-impotriva-caderii-parului\/\" \/>\n<meta property=\"og:site_name\" content=\"Active Luxe Cosmetics\" \/>\n<meta property=\"article:modified_time\" content=\"2025-11-19T13:18:19+00:00\" \/>\n<meta property=\"og:image\" content=\"https:\/\/activeluxe-cosmetics.com\/ro\/wp-content\/uploads\/2024\/01\/38_Conditioner.jpg\" \/>\n\t<meta property=\"og:image:width\" content=\"1104\" \/>\n\t<meta property=\"og:image:height\" content=\"1326\" \/>\n\t<meta property=\"og:image:type\" content=\"image\/jpeg\" \/>\n<meta name=\"twitter:card\" content=\"summary_large_image\" \/>\n<meta name=\"twitter:label1\" content=\"Timp estimat pentru citire\" \/>\n\t<meta name=\"twitter:data1\" content=\"3 minute\" \/>\n<script type=\"application\/ld+json\" class=\"yoast-schema-graph\">{\"@context\":\"https:\/\/schema.org\",\"@graph\":[{\"@type\":\"WebPage\",\"@id\":\"https:\/\/activeluxe-cosmetics.com\/ro\/produs\/balsam-impotriva-caderii-parului\/\",\"url\":\"https:\/\/activeluxe-cosmetics.com\/ro\/produs\/balsam-impotriva-caderii-parului\/\",\"name\":\"Balsam Active Luxe \u00eempotriva c\u0103derii p\u0103rului\",\"isPartOf\":{\"@id\":\"https:\/\/activeluxe-cosmetics.com\/ro\/#website\"},\"datePublished\":\"2024-01-10T14:20:08+00:00\",\"dateModified\":\"2025-11-19T13:18:19+00:00\",\"description\":\"Acest balsam \u00eempotriva c\u0103derii p\u0103rului ofer\u0103 p\u0103rului uscat o hidratare perfect\u0103 \u0219i \u00eel neteze\u0219te. P\u0103rul este vizibil mai moale \u0219i mai rezistent la periaj \u0219i la \u00eendreptatul cu placa.\",\"breadcrumb\":{\"@id\":\"https:\/\/activeluxe-cosmetics.com\/ro\/produs\/balsam-impotriva-caderii-parului\/#breadcrumb\"},\"inLanguage\":\"ro-RO\",\"potentialAction\":[{\"@type\":\"ReadAction\",\"target\":[\"https:\/\/activeluxe-cosmetics.com\/ro\/produs\/balsam-impotriva-caderii-parului\/\"]}]},{\"@type\":\"BreadcrumbList\",\"@id\":\"https:\/\/activeluxe-cosmetics.com\/ro\/produs\/balsam-impotriva-caderii-parului\/#breadcrumb\",\"itemListElement\":[{\"@type\":\"ListItem\",\"position\":1,\"name\":\"Copert\u0103\",\"item\":\"https:\/\/activeluxe-cosmetics.com\/ro\/\"},{\"@type\":\"ListItem\",\"position\":2,\"name\":\"Magazin\",\"item\":\"https:\/\/activeluxe-cosmetics.com\/ro\/magazin\/\"},{\"@type\":\"ListItem\",\"position\":3,\"name\":\"Balsam \u00eempotriva c\u0103derii p\u0103rului\"}]},{\"@type\":\"WebSite\",\"@id\":\"https:\/\/activeluxe-cosmetics.com\/ro\/#website\",\"url\":\"https:\/\/activeluxe-cosmetics.com\/ro\/\",\"name\":\"Active Luxe Cosmetics\",\"description\":\"\",\"potentialAction\":[{\"@type\":\"SearchAction\",\"target\":{\"@type\":\"EntryPoint\",\"urlTemplate\":\"https:\/\/activeluxe-cosmetics.com\/ro\/?s={search_term_string}\"},\"query-input\":\"required name=search_term_string\"}],\"inLanguage\":\"ro-RO\"}]}<\/script>\n<!-- \/ Yoast SEO plugin. -->","yoast_head_json":{"title":"Balsam Active Luxe \u00eempotriva c\u0103derii p\u0103rului","description":"Acest balsam \u00eempotriva c\u0103derii p\u0103rului ofer\u0103 p\u0103rului uscat o hidratare perfect\u0103 \u0219i \u00eel neteze\u0219te. P\u0103rul este vizibil mai moale \u0219i mai rezistent la periaj \u0219i la \u00eendreptatul cu placa.","robots":{"index":"index","follow":"follow","max-snippet":"max-snippet:-1","max-image-preview":"max-image-preview:large","max-video-preview":"max-video-preview:-1"},"canonical":"https:\/\/activeluxe-cosmetics.com\/ro\/produs\/balsam-impotriva-caderii-parului\/","og_locale":"ro_RO","og_type":"article","og_title":"Balsam Active Luxe \u00eempotriva c\u0103derii p\u0103rului","og_description":"Acest balsam \u00eempotriva c\u0103derii p\u0103rului ofer\u0103 p\u0103rului uscat o hidratare perfect\u0103 \u0219i \u00eel neteze\u0219te. P\u0103rul este vizibil mai moale \u0219i mai rezistent la periaj \u0219i la \u00eendreptatul cu placa.","og_url":"https:\/\/activeluxe-cosmetics.com\/ro\/produs\/balsam-impotriva-caderii-parului\/","og_site_name":"Active Luxe Cosmetics","article_modified_time":"2025-11-19T13:18:19+00:00","og_image":[{"width":1104,"height":1326,"url":"https:\/\/activeluxe-cosmetics.com\/ro\/wp-content\/uploads\/2024\/01\/38_Conditioner.jpg","type":"image\/jpeg"}],"twitter_card":"summary_large_image","twitter_misc":{"Timp estimat pentru citire":"3 minute"},"schema":{"@context":"https:\/\/schema.org","@graph":[{"@type":"WebPage","@id":"https:\/\/activeluxe-cosmetics.com\/ro\/produs\/balsam-impotriva-caderii-parului\/","url":"https:\/\/activeluxe-cosmetics.com\/ro\/produs\/balsam-impotriva-caderii-parului\/","name":"Balsam Active Luxe \u00eempotriva c\u0103derii p\u0103rului","isPartOf":{"@id":"https:\/\/activeluxe-cosmetics.com\/ro\/#website"},"datePublished":"2024-01-10T14:20:08+00:00","dateModified":"2025-11-19T13:18:19+00:00","description":"Acest balsam \u00eempotriva c\u0103derii p\u0103rului ofer\u0103 p\u0103rului uscat o hidratare perfect\u0103 \u0219i \u00eel neteze\u0219te. P\u0103rul este vizibil mai moale \u0219i mai rezistent la periaj \u0219i la \u00eendreptatul cu placa.","breadcrumb":{"@id":"https:\/\/activeluxe-cosmetics.com\/ro\/produs\/balsam-impotriva-caderii-parului\/#breadcrumb"},"inLanguage":"ro-RO","potentialAction":[{"@type":"ReadAction","target":["https:\/\/activeluxe-cosmetics.com\/ro\/produs\/balsam-impotriva-caderii-parului\/"]}]},{"@type":"BreadcrumbList","@id":"https:\/\/activeluxe-cosmetics.com\/ro\/produs\/balsam-impotriva-caderii-parului\/#breadcrumb","itemListElement":[{"@type":"ListItem","position":1,"name":"Copert\u0103","item":"https:\/\/activeluxe-cosmetics.com\/ro\/"},{"@type":"ListItem","position":2,"name":"Magazin","item":"https:\/\/activeluxe-cosmetics.com\/ro\/magazin\/"},{"@type":"ListItem","position":3,"name":"Balsam \u00eempotriva c\u0103derii p\u0103rului"}]},{"@type":"WebSite","@id":"https:\/\/activeluxe-cosmetics.com\/ro\/#website","url":"https:\/\/activeluxe-cosmetics.com\/ro\/","name":"Active Luxe Cosmetics","description":"","potentialAction":[{"@type":"SearchAction","target":{"@type":"EntryPoint","urlTemplate":"https:\/\/activeluxe-cosmetics.com\/ro\/?s={search_term_string}"},"query-input":"required name=search_term_string"}],"inLanguage":"ro-RO"}]}},"_links":{"self":[{"href":"https:\/\/activeluxe-cosmetics.com\/ro\/wp-json\/wp\/v2\/product\/72339","targetHints":{"allow":["GET"]}}],"collection":[{"href":"https:\/\/activeluxe-cosmetics.com\/ro\/wp-json\/wp\/v2\/product"}],"about":[{"href":"https:\/\/activeluxe-cosmetics.com\/ro\/wp-json\/wp\/v2\/types\/product"}],"replies":[{"embeddable":true,"href":"https:\/\/activeluxe-cosmetics.com\/ro\/wp-json\/wp\/v2\/comments?post=72339"}],"wp:featuredmedia":[{"embeddable":true,"href":"https:\/\/activeluxe-cosmetics.com\/ro\/wp-json\/wp\/v2\/media\/84949"}],"wp:attachment":[{"href":"https:\/\/activeluxe-cosmetics.com\/ro\/wp-json\/wp\/v2\/media?parent=72339"}],"wp:term":[{"taxonomy":"product_cat","embeddable":true,"href":"https:\/\/activeluxe-cosmetics.com\/ro\/wp-json\/wp\/v2\/product_cat?post=72339"},{"taxonomy":"product_tag","embeddable":true,"href":"https:\/\/activeluxe-cosmetics.com\/ro\/wp-json\/wp\/v2\/product_tag?post=72339"}],"curies":[{"name":"wp","href":"https:\/\/api.w.org\/{rel}","templated":true}]}}