{"id":72191,"date":"2024-01-10T15:17:55","date_gmt":"2024-01-10T14:17:55","guid":{"rendered":"https:\/\/activeluxe-cosmetics.com\/ro\/?post_type=product&#038;p=72191"},"modified":"2024-12-06T09:54:33","modified_gmt":"2024-12-06T09:54:33","slug":"sampon-impotriva-caderii-parului-pentru-scalp-gras","status":"publish","type":"product","link":"https:\/\/activeluxe-cosmetics.com\/ro\/produs\/sampon-impotriva-caderii-parului-pentru-scalp-gras\/","title":{"rendered":"\u0218ampon pentru cre\u0219terea p\u0103rului \u0219i \u00eempotriva c\u0103derii p\u0103rului, scalp gras"},"content":{"rendered":"<p><img loading=\"lazy\" decoding=\"async\" class=\" wp-image-84941 alignright\" src=\"https:\/\/activeluxe-cosmetics.com\/ro\/wp-content\/uploads\/2024\/01\/alc_hairshampoo-819x1024-1-460x575.png\" alt=\"\" width=\"420\" height=\"525\" srcset=\"https:\/\/activeluxe-cosmetics.com\/ro\/wp-content\/uploads\/2024\/01\/alc_hairshampoo-819x1024-1-460x575.png 460w, https:\/\/activeluxe-cosmetics.com\/ro\/wp-content\/uploads\/2024\/01\/alc_hairshampoo-819x1024-1-768x960.png 768w, https:\/\/activeluxe-cosmetics.com\/ro\/wp-content\/uploads\/2024\/01\/alc_hairshampoo-819x1024-1-600x750.png 600w, https:\/\/activeluxe-cosmetics.com\/ro\/wp-content\/uploads\/2024\/01\/alc_hairshampoo-819x1024-1.png 819w\" sizes=\"auto, (max-width: 420px) 100vw, 420px\" \/><\/p>\n<h2><strong>C\u0103dere redus\u0103 a p\u0103rului<\/strong> dup\u0103 doar 6 s\u0103pt\u0103m\u00e2ni<\/h2>\n<p>Primul ajutor pentru p\u0103rul uscat, sub\u021bire, f\u0103r\u0103 str\u0103lucire, care cade \u0219i nu cre\u0219te. \u0218amponul concentrat \u00eempotriva c\u0103derii \u0219i de cre\u0219tere a p\u0103rului Active Luxe con\u021bine o formul\u0103 revolu\u021bionar\u0103 care previne c\u0103derea p\u0103rului, \u00eent\u0103re\u0219te foliculii de p\u0103r activi \u0219i stimuleaz\u0103 circula\u021bia s\u00e2ngelui la nivelul scalpului. Acesta ofer\u0103 rezultate excelente at\u00e2t pentru femeile, c\u00e2t \u0219i pentru b\u0103rba\u021bii care se confrunt\u0103 cu c\u0103derea p\u0103rului, sub\u021bierea p\u0103rului \u0219i chelire.<\/p>\n<ul>\n<li>Ac\u021bioneaz\u0103 \u00eempotriva disfunc\u021biei foliculare &#8211; revitaliz\u00e2nd foliculii de p\u0103r \u00eenc\u0103 din prima zi de utilizare<\/li>\n<li>Stimuleaz\u0103 circula\u021bia s\u00e2ngelui \u00een scalp, aduc\u00e2nd mai multe substan\u021be nutritive la r\u0103d\u0103cini sau la foliculii de p\u0103r<\/li>\n<li>\u00cencetine\u0219te \u00eemb\u0103tr\u00e2nirea \u0219i moartea foliculilor de p\u0103r<\/li>\n<li>\u00cent\u0103re\u0219te vizibil r\u0103d\u0103cinile p\u0103rului \u0219i structura p\u0103rului<\/li>\n<\/ul>\n<h2 style=\"text-align: center; clear: both;\"><\/h2>\n<p>&nbsp;<\/p>\n<h2><img loading=\"lazy\" decoding=\"async\" class=\" wp-image-84939 alignleft\" src=\"https:\/\/activeluxe-cosmetics.com\/ro\/wp-content\/uploads\/2024\/01\/alc_hairgrowthshampoo-819x1024-1-460x575.png\" alt=\"\" width=\"400\" height=\"500\" srcset=\"https:\/\/activeluxe-cosmetics.com\/ro\/wp-content\/uploads\/2024\/01\/alc_hairgrowthshampoo-819x1024-1-460x575.png 460w, https:\/\/activeluxe-cosmetics.com\/ro\/wp-content\/uploads\/2024\/01\/alc_hairgrowthshampoo-819x1024-1-768x960.png 768w, https:\/\/activeluxe-cosmetics.com\/ro\/wp-content\/uploads\/2024\/01\/alc_hairgrowthshampoo-819x1024-1-600x750.png 600w, https:\/\/activeluxe-cosmetics.com\/ro\/wp-content\/uploads\/2024\/01\/alc_hairgrowthshampoo-819x1024-1.png 819w\" sizes=\"auto, (max-width: 400px) 100vw, 400px\" \/>De ce este at\u00e2t de eficient \u0219amponul<strong> Active Luxe \u00eempotriva c\u0103derii p\u0103rului?<\/strong><\/h2>\n<p>Dac\u0103 p\u0103rul t\u0103u este uscat, fragil \u0219i lipsit de str\u0103lucire, \u0219amponul Active Luxe este, de asemenea, alegerea potrivit\u0103! Vopsirea frecvent\u0103 a p\u0103rului \u0219i utilizarea aparatelor electrice deterioreaz\u0103 \u0219i sub\u021biaz\u0103 p\u0103rul, provoc\u00e2nd despicarea v\u00e2rfurilor, ruperea \u0219i c\u0103derea excesiv\u0103 a p\u0103rului.<\/p>\n<p>\u0218amponul Active Luxe \u00ee\u021bi va hr\u0103ni \u0219i \u00ee\u021bi va repara \u00een profunzime p\u0103rul! Utilizarea regulat\u0103 a \u0219amponului:<\/p>\n<ul>\n<li id=\"tw-target-text\" class=\"tw-data-text tw-text-large tw-ta\" dir=\"ltr\" data-placeholder=\"Translation\" data-ved=\"2ahUKEwiP1PmCmuyEAxUa_7sIHcJ3BoUQ3ewLegQIBRAU\">men\u021bine vitalitatea scalpului, restabilind densitatea natural\u0103 a p\u0103rului dumneavoastr\u0103,<\/li>\n<li class=\"tw-data-text tw-text-large tw-ta\" dir=\"ltr\" data-placeholder=\"Translation\" data-ved=\"2ahUKEwiP1PmCmuyEAxUa_7sIHcJ3BoUQ3ewLegQIBRAU\">p\u0103rul este mai puternic, mai plin \u0219i mai s\u0103n\u0103tos dup\u0103 prima utilizare,<\/li>\n<li class=\"tw-data-text tw-text-large tw-ta\" dir=\"ltr\" data-placeholder=\"Translation\" data-ved=\"2ahUKEwiP1PmCmuyEAxUa_7sIHcJ3BoUQ3ewLegQIBRAU\">formula unic\u0103, testat\u0103 clinic, activeaz\u0103 foliculul de p\u0103r \u0219i \u00eel \u00eent\u0103re\u0219te &#8211; r\u0103d\u0103cina p\u0103rului este \u00eent\u0103rit\u0103, ceea ce duce la o rat\u0103 mai mic\u0103 de c\u0103dere a p\u0103rului.<\/li>\n<li class=\"tw-data-text tw-text-large tw-ta\" dir=\"ltr\" data-placeholder=\"Translation\" data-ved=\"2ahUKEwiP1PmCmuyEAxUa_7sIHcJ3BoUQ3ewLegQIBRAU\">previne c\u0103derea p\u0103rului \u0219i face ca p\u0103rul nou, t\u00e2n\u0103r, s\u0103 creasc\u0103 \u00een timp record,<\/li>\n<li class=\"tw-data-text tw-text-large tw-ta\" dir=\"ltr\" data-placeholder=\"Translation\" data-ved=\"2ahUKEwiP1PmCmuyEAxUa_7sIHcJ3BoUQ3ewLegQIBRAU\">cu o utilizare regulat\u0103 (cel pu\u021bin de dou\u0103 ori pe s\u0103pt\u0103m\u00e2n\u0103), produce rezultate vizibile \u00een 6 s\u0103pt\u0103m\u00e2ni.<\/li>\n<\/ul>\n<h2 style=\"text-align: center; clear: both;\"><\/h2>\n<p><img loading=\"lazy\" decoding=\"async\" class=\"wp-image-80713 alignright\" src=\"https:\/\/activeluxe-cosmetics.com\/ro\/wp-content\/uploads\/2024\/01\/Group-394-2-460x584.jpg\" alt=\"\" width=\"400\" height=\"508\" srcset=\"https:\/\/activeluxe-cosmetics.com\/ro\/wp-content\/uploads\/2024\/01\/Group-394-2-460x584.jpg 460w, https:\/\/activeluxe-cosmetics.com\/ro\/wp-content\/uploads\/2024\/01\/Group-394-2.jpg 581w\" sizes=\"auto, (max-width: 400px) 100vw, 400px\" \/><\/p>\n<h2><strong>Opre\u0219te c\u0103derea<\/strong> p\u0103rului \u00een timp!<\/h2>\n<p>Crezi c\u0103 p\u0103rul t\u0103u chiar cade \u0219i dai semne de chelire? Adaug\u0103 serul activ concentrat pentru cre\u0219terea p\u0103rului!<\/p>\n<p>Dac\u0103 c\u0103derea p\u0103rului a agravat deja serios starea scalpului, te sf\u0103tuim s\u0103 folose\u0219ti un ser pentru cre\u0219terea p\u0103rului al\u0103turi de \u0219amponul t\u0103u. Datorit\u0103 con\u021binutului s\u0103u concentrat, serul \u00eent\u0103re\u0219te ac\u021biunea \u0219amponului &#8211; stimul\u00e2nd foliculii de p\u0103r mai slabi \u0219i favoriz\u00e2nd cre\u0219terea p\u0103rului. Cu o utilizare regulat\u0103 a \u0219amponului \u0219i a serului, fire noi de p\u0103r vor \u00eencepe s\u0103 creasc\u0103 din nou.<\/p>\n<p>Cu o utilizare constant\u0103 \u0219i ne\u00eentrerupt\u0103 (cel pu\u021bin de 2 ori pe s\u0103pt\u0103m\u00e2n\u0103), vei observa:<\/p>\n<ul>\n<li>reducerea c\u0103derii p\u0103rului,<\/li>\n<li>p\u0103r mai gros \u0219i mai plin,<\/li>\n<li>r\u0103d\u0103cini mai puternice \u0219i p\u0103r hr\u0103nit.<\/li>\n<\/ul>\n<h3 style=\"clear: both; max-width: 820px;\"><span data-sheets-root=\"1\" data-sheets-value=\"{&quot;1&quot;:2,&quot;2&quot;:&quot;Pogodno za \u017eene i mu\u0161karce. Klini\u010dki je ispitan i prikladan za svakodnevnu uporabu.\\n&quot;}\" data-sheets-userformat=\"{&quot;2&quot;:769,&quot;3&quot;:{&quot;1&quot;:0},&quot;11&quot;:4,&quot;12&quot;:0}\" data-sheets-textstyleruns=\"{&quot;1&quot;:0}\uee10{&quot;1&quot;:28,&quot;2&quot;:{&quot;2&quot;:{&quot;1&quot;:2,&quot;2&quot;:16739585}}}\">\u00a0<\/span><\/h3>\n<div style=\"display: flex; align-items: center; gap: 20px; flex-wrap: wrap;\">\n<p style=\"max-width: 360px;\">\n<\/div>\n","protected":false},"excerpt":{"rendered":"<p>\u0218ampon \u00eempotriva c\u0103derii p\u0103rului care ac\u021bioneaz\u0103 pentru o cre\u0219tere mai rapid\u0103 a p\u0103rului. Rezultate vizibile \u00een doar 6 s\u0103pt\u0103m\u00e2ni.<\/p>\n","protected":false},"featured_media":84940,"comment_status":"open","ping_status":"closed","template":"","meta":[],"product_cat":[108,53,54,42],"product_tag":[],"class_list":{"0":"post-72191","1":"product","2":"type-product","3":"status-publish","4":"has-post-thumbnail","6":"product_cat-par-barbati","7":"product_cat-par","8":"product_cat-sampoane","9":"product_cat-barbati","11":"first","12":"instock","13":"taxable","14":"shipping-taxable","15":"purchasable","16":"product-type-simple"},"bundled_by":[],"bundle_stock_status":"instock","bundle_stock_quantity":null,"bundle_virtual":false,"bundle_layout":"","bundle_add_to_cart_form_location":"","bundle_editable_in_cart":false,"bundle_sold_individually_context":"","bundle_item_grouping":"","bundle_min_size":"","bundle_max_size":"","bundled_items":[],"acf":[],"yoast_head":"<!-- This site is optimized with the Yoast SEO plugin v21.8 - https:\/\/yoast.com\/wordpress\/plugins\/seo\/ -->\n<title>\u0218ampon \u00eempotriva c\u0103derii p\u0103rului pentru scalp gras<\/title>\n<meta name=\"description\" content=\"Cel mai eficient \u0219ampon Active-Luxe anti-frizz. P\u0103r vizibil mai gros \u0219i reparat \u00een doar 6 s\u0103pt\u0103m\u00e2ni. Regleaz\u0103 valoarea pH-ului scalpului.\" \/>\n<meta name=\"robots\" content=\"index, follow, max-snippet:-1, max-image-preview:large, max-video-preview:-1\" \/>\n<link rel=\"canonical\" href=\"https:\/\/activeluxe-cosmetics.com\/ro\/produs\/sampon-impotriva-caderii-parului-pentru-scalp-gras\/\" \/>\n<meta property=\"og:locale\" content=\"ro_RO\" \/>\n<meta property=\"og:type\" content=\"article\" \/>\n<meta property=\"og:title\" content=\"\u0218ampon \u00eempotriva c\u0103derii p\u0103rului pentru scalp gras\" \/>\n<meta property=\"og:description\" content=\"Cel mai eficient \u0219ampon Active-Luxe anti-frizz. P\u0103r vizibil mai gros \u0219i reparat \u00een doar 6 s\u0103pt\u0103m\u00e2ni. Regleaz\u0103 valoarea pH-ului scalpului.\" \/>\n<meta property=\"og:url\" content=\"https:\/\/activeluxe-cosmetics.com\/ro\/produs\/sampon-impotriva-caderii-parului-pentru-scalp-gras\/\" \/>\n<meta property=\"og:site_name\" content=\"Active Luxe Cosmetics\" \/>\n<meta property=\"article:modified_time\" content=\"2024-12-06T09:54:33+00:00\" \/>\n<meta property=\"og:image\" content=\"https:\/\/activeluxe-cosmetics.com\/ro\/wp-content\/uploads\/2024\/01\/37_ShampooOily.jpg\" \/>\n\t<meta property=\"og:image:width\" content=\"1104\" \/>\n\t<meta property=\"og:image:height\" content=\"1326\" \/>\n\t<meta property=\"og:image:type\" content=\"image\/jpeg\" \/>\n<meta name=\"twitter:card\" content=\"summary_large_image\" \/>\n<meta name=\"twitter:label1\" content=\"Timp estimat pentru citire\" \/>\n\t<meta name=\"twitter:data1\" content=\"3 minute\" \/>\n<script type=\"application\/ld+json\" class=\"yoast-schema-graph\">{\"@context\":\"https:\/\/schema.org\",\"@graph\":[{\"@type\":\"WebPage\",\"@id\":\"https:\/\/activeluxe-cosmetics.com\/ro\/produs\/sampon-impotriva-caderii-parului-pentru-scalp-gras\/\",\"url\":\"https:\/\/activeluxe-cosmetics.com\/ro\/produs\/sampon-impotriva-caderii-parului-pentru-scalp-gras\/\",\"name\":\"\u0218ampon \u00eempotriva c\u0103derii p\u0103rului pentru scalp gras\",\"isPartOf\":{\"@id\":\"https:\/\/activeluxe-cosmetics.com\/ro\/#website\"},\"datePublished\":\"2024-01-10T14:17:55+00:00\",\"dateModified\":\"2024-12-06T09:54:33+00:00\",\"description\":\"Cel mai eficient \u0219ampon Active-Luxe anti-frizz. P\u0103r vizibil mai gros \u0219i reparat \u00een doar 6 s\u0103pt\u0103m\u00e2ni. Regleaz\u0103 valoarea pH-ului scalpului.\",\"breadcrumb\":{\"@id\":\"https:\/\/activeluxe-cosmetics.com\/ro\/produs\/sampon-impotriva-caderii-parului-pentru-scalp-gras\/#breadcrumb\"},\"inLanguage\":\"ro-RO\",\"potentialAction\":[{\"@type\":\"ReadAction\",\"target\":[\"https:\/\/activeluxe-cosmetics.com\/ro\/produs\/sampon-impotriva-caderii-parului-pentru-scalp-gras\/\"]}]},{\"@type\":\"BreadcrumbList\",\"@id\":\"https:\/\/activeluxe-cosmetics.com\/ro\/produs\/sampon-impotriva-caderii-parului-pentru-scalp-gras\/#breadcrumb\",\"itemListElement\":[{\"@type\":\"ListItem\",\"position\":1,\"name\":\"Copert\u0103\",\"item\":\"https:\/\/activeluxe-cosmetics.com\/ro\/\"},{\"@type\":\"ListItem\",\"position\":2,\"name\":\"Magazin\",\"item\":\"https:\/\/activeluxe-cosmetics.com\/ro\/magazin\/\"},{\"@type\":\"ListItem\",\"position\":3,\"name\":\"\u0218ampon pentru cre\u0219terea p\u0103rului \u0219i \u00eempotriva c\u0103derii p\u0103rului, scalp gras\"}]},{\"@type\":\"WebSite\",\"@id\":\"https:\/\/activeluxe-cosmetics.com\/ro\/#website\",\"url\":\"https:\/\/activeluxe-cosmetics.com\/ro\/\",\"name\":\"Active Luxe Cosmetics\",\"description\":\"\",\"potentialAction\":[{\"@type\":\"SearchAction\",\"target\":{\"@type\":\"EntryPoint\",\"urlTemplate\":\"https:\/\/activeluxe-cosmetics.com\/ro\/?s={search_term_string}\"},\"query-input\":\"required name=search_term_string\"}],\"inLanguage\":\"ro-RO\"}]}<\/script>\n<!-- \/ Yoast SEO plugin. -->","yoast_head_json":{"title":"\u0218ampon \u00eempotriva c\u0103derii p\u0103rului pentru scalp gras","description":"Cel mai eficient \u0219ampon Active-Luxe anti-frizz. P\u0103r vizibil mai gros \u0219i reparat \u00een doar 6 s\u0103pt\u0103m\u00e2ni. Regleaz\u0103 valoarea pH-ului scalpului.","robots":{"index":"index","follow":"follow","max-snippet":"max-snippet:-1","max-image-preview":"max-image-preview:large","max-video-preview":"max-video-preview:-1"},"canonical":"https:\/\/activeluxe-cosmetics.com\/ro\/produs\/sampon-impotriva-caderii-parului-pentru-scalp-gras\/","og_locale":"ro_RO","og_type":"article","og_title":"\u0218ampon \u00eempotriva c\u0103derii p\u0103rului pentru scalp gras","og_description":"Cel mai eficient \u0219ampon Active-Luxe anti-frizz. P\u0103r vizibil mai gros \u0219i reparat \u00een doar 6 s\u0103pt\u0103m\u00e2ni. Regleaz\u0103 valoarea pH-ului scalpului.","og_url":"https:\/\/activeluxe-cosmetics.com\/ro\/produs\/sampon-impotriva-caderii-parului-pentru-scalp-gras\/","og_site_name":"Active Luxe Cosmetics","article_modified_time":"2024-12-06T09:54:33+00:00","og_image":[{"width":1104,"height":1326,"url":"https:\/\/activeluxe-cosmetics.com\/ro\/wp-content\/uploads\/2024\/01\/37_ShampooOily.jpg","type":"image\/jpeg"}],"twitter_card":"summary_large_image","twitter_misc":{"Timp estimat pentru citire":"3 minute"},"schema":{"@context":"https:\/\/schema.org","@graph":[{"@type":"WebPage","@id":"https:\/\/activeluxe-cosmetics.com\/ro\/produs\/sampon-impotriva-caderii-parului-pentru-scalp-gras\/","url":"https:\/\/activeluxe-cosmetics.com\/ro\/produs\/sampon-impotriva-caderii-parului-pentru-scalp-gras\/","name":"\u0218ampon \u00eempotriva c\u0103derii p\u0103rului pentru scalp gras","isPartOf":{"@id":"https:\/\/activeluxe-cosmetics.com\/ro\/#website"},"datePublished":"2024-01-10T14:17:55+00:00","dateModified":"2024-12-06T09:54:33+00:00","description":"Cel mai eficient \u0219ampon Active-Luxe anti-frizz. P\u0103r vizibil mai gros \u0219i reparat \u00een doar 6 s\u0103pt\u0103m\u00e2ni. Regleaz\u0103 valoarea pH-ului scalpului.","breadcrumb":{"@id":"https:\/\/activeluxe-cosmetics.com\/ro\/produs\/sampon-impotriva-caderii-parului-pentru-scalp-gras\/#breadcrumb"},"inLanguage":"ro-RO","potentialAction":[{"@type":"ReadAction","target":["https:\/\/activeluxe-cosmetics.com\/ro\/produs\/sampon-impotriva-caderii-parului-pentru-scalp-gras\/"]}]},{"@type":"BreadcrumbList","@id":"https:\/\/activeluxe-cosmetics.com\/ro\/produs\/sampon-impotriva-caderii-parului-pentru-scalp-gras\/#breadcrumb","itemListElement":[{"@type":"ListItem","position":1,"name":"Copert\u0103","item":"https:\/\/activeluxe-cosmetics.com\/ro\/"},{"@type":"ListItem","position":2,"name":"Magazin","item":"https:\/\/activeluxe-cosmetics.com\/ro\/magazin\/"},{"@type":"ListItem","position":3,"name":"\u0218ampon pentru cre\u0219terea p\u0103rului \u0219i \u00eempotriva c\u0103derii p\u0103rului, scalp gras"}]},{"@type":"WebSite","@id":"https:\/\/activeluxe-cosmetics.com\/ro\/#website","url":"https:\/\/activeluxe-cosmetics.com\/ro\/","name":"Active Luxe Cosmetics","description":"","potentialAction":[{"@type":"SearchAction","target":{"@type":"EntryPoint","urlTemplate":"https:\/\/activeluxe-cosmetics.com\/ro\/?s={search_term_string}"},"query-input":"required name=search_term_string"}],"inLanguage":"ro-RO"}]}},"_links":{"self":[{"href":"https:\/\/activeluxe-cosmetics.com\/ro\/wp-json\/wp\/v2\/product\/72191","targetHints":{"allow":["GET"]}}],"collection":[{"href":"https:\/\/activeluxe-cosmetics.com\/ro\/wp-json\/wp\/v2\/product"}],"about":[{"href":"https:\/\/activeluxe-cosmetics.com\/ro\/wp-json\/wp\/v2\/types\/product"}],"replies":[{"embeddable":true,"href":"https:\/\/activeluxe-cosmetics.com\/ro\/wp-json\/wp\/v2\/comments?post=72191"}],"wp:featuredmedia":[{"embeddable":true,"href":"https:\/\/activeluxe-cosmetics.com\/ro\/wp-json\/wp\/v2\/media\/84940"}],"wp:attachment":[{"href":"https:\/\/activeluxe-cosmetics.com\/ro\/wp-json\/wp\/v2\/media?parent=72191"}],"wp:term":[{"taxonomy":"product_cat","embeddable":true,"href":"https:\/\/activeluxe-cosmetics.com\/ro\/wp-json\/wp\/v2\/product_cat?post=72191"},{"taxonomy":"product_tag","embeddable":true,"href":"https:\/\/activeluxe-cosmetics.com\/ro\/wp-json\/wp\/v2\/product_tag?post=72191"}],"curies":[{"name":"wp","href":"https:\/\/api.w.org\/{rel}","templated":true}]}}