{"id":72188,"date":"2024-01-10T15:17:54","date_gmt":"2024-01-10T14:17:54","guid":{"rendered":"https:\/\/activeluxe-cosmetics.com\/ro\/?post_type=product&#038;p=72188"},"modified":"2025-04-18T09:10:19","modified_gmt":"2025-04-18T09:10:19","slug":"ser-pentru-cresterea-sprancenelor","status":"publish","type":"product","link":"https:\/\/activeluxe-cosmetics.com\/ro\/produs\/ser-pentru-cresterea-sprancenelor\/","title":{"rendered":"Ser pentru cre\u0219terea spr\u00e2ncenelor"},"content":{"rendered":"<p><img loading=\"lazy\" decoding=\"async\" class=\" wp-image-84732 alignright\" src=\"https:\/\/activeluxe-cosmetics.com\/ro\/wp-content\/uploads\/2024\/01\/Izdelek-brez-naslova-53-1-1-460x575.png\" alt=\"\" width=\"385\" height=\"481\" srcset=\"https:\/\/activeluxe-cosmetics.com\/ro\/wp-content\/uploads\/2024\/01\/Izdelek-brez-naslova-53-1-1-460x575.png 460w, https:\/\/activeluxe-cosmetics.com\/ro\/wp-content\/uploads\/2024\/01\/Izdelek-brez-naslova-53-1-1-819x1024.png 819w, https:\/\/activeluxe-cosmetics.com\/ro\/wp-content\/uploads\/2024\/01\/Izdelek-brez-naslova-53-1-1-768x960.png 768w, https:\/\/activeluxe-cosmetics.com\/ro\/wp-content\/uploads\/2024\/01\/Izdelek-brez-naslova-53-1-1-600x750.png 600w, https:\/\/activeluxe-cosmetics.com\/ro\/wp-content\/uploads\/2024\/01\/Izdelek-brez-naslova-53-1-1.png 1080w\" sizes=\"auto, (max-width: 385px) 100vw, 385px\" \/><\/p>\n<h2><strong>Ser pentru spr\u00e2ncenele care<\/strong> sunt un cadru pentru fa\u021ba noastr\u0103<\/h2>\n<p>E\u0219ti nemul\u021bumit\u0103 de forma spr\u00e2ncenelor tale? Ai spr\u00e2ncene sub\u021biri, deschise la culoare, prea conturate sau insuficient definite? Spune adio desen\u0103rii zilnice a spr\u00e2ncenelor, o opera\u021bie care consum\u0103 mult timp \u0219i \u200butilizeaz\u0103 serul pentru spr\u00e2ncene Acitve Luxe Brow pentru cre\u0219terea \u0219i \u00eengrijirea natural\u0103 a spr\u00e2ncenelor.<\/p>\n<p>Structura spr\u00e2ncenelor este diferit\u0103 de cea a genelor, a\u0219a c\u0103 este foarte important s\u0103 alegi un ser \u00een care ingredientele active sunt selectate special pentru a-\u021bi \u00eent\u0103ri spr\u00e2ncenele, pornind de folicul. Serul Active Luxe pentru cre\u0219terea spr\u00e2ncenelor este primul ser de pe pia\u021b\u0103 dedicat exclusiv \u00eengrijirii \u0219i cre\u0219terii spr\u00e2ncenelor \u0219i este dovedit a fi eficient.<\/p>\n<ul>\n<li>\u00cencurajeaz\u0103 cre\u0219terea natural\u0103 a spr\u00e2ncenelor<\/li>\n<li>\u00cent\u0103re\u0219te spr\u00e2ncenele fragile<\/li>\n<li>\u00cempiedic\u0103 ruperea \u0219i pierderea spr\u00e2ncenelor<\/li>\n<li>Men\u021bine elasticitatea spr\u00e2ncenelor<\/li>\n<\/ul>\n<h2 style=\"text-align: center; clear: both;\"><\/h2>\n<p>&nbsp;<\/p>\n<p><img loading=\"lazy\" decoding=\"async\" class=\"wp-image-80646 alignleft\" src=\"https:\/\/activeluxe-cosmetics.com\/ro\/wp-content\/uploads\/2024\/01\/Group-391-9-460x589.jpg\" alt=\"\" width=\"364\" height=\"466\" srcset=\"https:\/\/activeluxe-cosmetics.com\/ro\/wp-content\/uploads\/2024\/01\/Group-391-9-460x589.jpg 460w, https:\/\/activeluxe-cosmetics.com\/ro\/wp-content\/uploads\/2024\/01\/Group-391-9.jpg 581w\" sizes=\"auto, (max-width: 364px) 100vw, 364px\" \/><\/p>\n<h2>De ce este at\u00e2t de eficient serul <strong>Active Luxe pentru cre\u0219terea spr\u00e2ncenelor?<\/strong><\/h2>\n<p>\u00cen laboratorul nostru, exper\u021bii \u00een chimie \u0219i farmaceutic\u0103 au creat o formul\u0103 unic\u0103 alc\u0103tuit\u0103 dintr-un complex de aminoacizi, nutrien\u021bi, vitamine B, vitamina E \u0219i antioxidan\u021bi, care are un efect intensiv direct asupra foliculului de p\u0103r sau a r\u0103d\u0103cinii spr\u00e2ncenelor. \u00cen c\u00e2teva s\u0103pt\u0103m\u00e2ni de utilizare, serul stimuleaz\u0103 cre\u0219terea vizibil\u0103 a spr\u00e2ncenelor \u00een zonele \u00een care acestea nu mai cresc.<\/p>\n<p>Serul Active Brow pentru cre\u0219terea spr\u00e2ncenelor este sigur \u0219i potrivit pentru utilizare zilnic\u0103. Eficacitatea sa de 100% este confirmat\u0103 de un studiu clinic.<\/p>\n<h2 style=\"text-align: center; clear: both;\"><\/h2>\n<h2><span data-sheets-root=\"1\" data-sheets-value=\"{&quot;1&quot;:2,&quot;2&quot;:&quot;Ne brini ako si nespretno po\u010dupala obrve&quot;}\" data-sheets-userformat=\"{&quot;2&quot;:23425,&quot;3&quot;:{&quot;1&quot;:0},&quot;10&quot;:0,&quot;11&quot;:4,&quot;12&quot;:0,&quot;14&quot;:{&quot;1&quot;:2,&quot;2&quot;:16739585},&quot;15&quot;:&quot;Arial&quot;,&quot;17&quot;:1}\"><img loading=\"lazy\" decoding=\"async\" class=\" wp-image-84733 alignright\" src=\"https:\/\/activeluxe-cosmetics.com\/ro\/wp-content\/uploads\/2024\/01\/Izdelek-brez-naslova-54-1-460x575.png\" alt=\"\" width=\"380\" height=\"475\" srcset=\"https:\/\/activeluxe-cosmetics.com\/ro\/wp-content\/uploads\/2024\/01\/Izdelek-brez-naslova-54-1-460x575.png 460w, https:\/\/activeluxe-cosmetics.com\/ro\/wp-content\/uploads\/2024\/01\/Izdelek-brez-naslova-54-1-819x1024.png 819w, https:\/\/activeluxe-cosmetics.com\/ro\/wp-content\/uploads\/2024\/01\/Izdelek-brez-naslova-54-1-768x960.png 768w, https:\/\/activeluxe-cosmetics.com\/ro\/wp-content\/uploads\/2024\/01\/Izdelek-brez-naslova-54-1-600x750.png 600w, https:\/\/activeluxe-cosmetics.com\/ro\/wp-content\/uploads\/2024\/01\/Izdelek-brez-naslova-54-1.png 1080w\" sizes=\"auto, (max-width: 380px) 100vw, 380px\" \/><strong>Dac\u0103 \u021bi-ai smuls spr\u00e2ncenele prea<\/strong> mult timp \u0219i acestea nu mai cresc &#8211; exist\u0103 o solu\u021bie!<br \/>\n<\/span><\/h2>\n<p>Acesta este sf\u00e2r\u0219itul spr\u00e2ncenelor desenate acas\u0103 sau al spr\u00e2ncenelor scumpe realizate \u00een saloanele de \u00eenfrumuse\u021bare!<\/p>\n<p>Dac\u0103 \u021bi-ai epilat spr\u00e2ncenele vreme \u00eendelungat\u0103, \u0219i acestea nu mai cresc, ingredientele active ale serului Active Luxe Brow vor stimula cre\u0219terea lor \u0219i vor elimina \u00een sf\u00e2r\u0219it spr\u00e2ncenele asimetrice, rare \u0219i sub\u021biri.<\/p>\n<p>Ingredientele active ale serului Active Luxe pentru spr\u00e2ncene hr\u0103nesc \u0219i \u00eent\u0103resc spr\u00e2ncenele, stimul\u00e2nd cre\u0219terea chiar \u0219i \u00een zonele \u00een care le-ai epilat prea mult, ajut\u00e2nd la corectarea formelor asimetrice ale spr\u00e2ncenelor din trecut.<\/p>\n<ul>\n<li>Formul\u0103 concentrat\u0103 dovedit\u0103 clinic c\u0103 stimuleaz\u0103 cre\u0219terea spr\u00e2ncenelor<\/li>\n<li>Spr\u00e2ncenele \u00eencep s\u0103 creasc\u0103 chiar \u0219i \u00een zonele \u00een care nu mai cresc din cauza epil\u0103rii \u00een exces<\/li>\n<li>Stimuleaz\u0103 cre\u0219terea spr\u00e2ncenelor, le \u00eent\u0103re\u0219te, le \u00eengroa\u0219\u0103 \u0219i le hr\u0103ne\u0219te \u00een doar 2 s\u0103pt\u0103m\u00e2ni<\/li>\n<li>Ac\u021bioneaz\u0103 \u00een doar 4 s\u0103pt\u0103m\u00e2ni \u0219i are nevoie doar de o singur\u0103 aplicare \u00eenainte de culcare.<\/li>\n<\/ul>\n<p>&nbsp;<\/p>\n<div style=\"display: flex; align-items: center; gap: 20px; flex-wrap: wrap;\">\n<p style=\"max-width: 360px;\">\n<\/div>\n","protected":false},"excerpt":{"rendered":"<p>Pentru spr\u00e2ncene mai groase \u00een mod natural \u00een doar c\u00e2teva s\u0103pt\u0103m\u00e2ni. Testat clinic.<\/p>\n","protected":false},"featured_media":81531,"comment_status":"open","ping_status":"closed","template":"","meta":[],"product_cat":[52,95],"product_tag":[],"class_list":{"0":"post-72188","1":"product","2":"type-product","3":"status-publish","4":"has-post-thumbnail","6":"product_cat-sprancene","7":"product_cat-seruri-sprancene","9":"first","10":"instock","11":"sale","12":"taxable","13":"shipping-taxable","14":"purchasable","15":"product-type-variable"},"bundled_by":[],"bundle_stock_status":"instock","bundle_stock_quantity":null,"bundle_virtual":false,"bundle_layout":"","bundle_add_to_cart_form_location":"","bundle_editable_in_cart":false,"bundle_sold_individually_context":"","bundle_item_grouping":"","bundle_min_size":"","bundle_max_size":"","bundled_items":[],"acf":[],"yoast_head":"<!-- This site is optimized with the Yoast SEO plugin v21.8 - https:\/\/yoast.com\/wordpress\/plugins\/seo\/ -->\n<title>Serul Active Luxe Brow pentru cre\u0219terea spr\u00e2ncenelor<\/title>\n<meta name=\"description\" content=\"Ser pentru cre\u0219terea spr\u00e2ncenelor Active Luxe Brow Face ca spr\u00e2ncenele s\u0103 fie din bogate \u0219i cu un aspect natural. Solu\u021bia pentru spr\u00e2ncenele smulse excesiv. Rezultate vizibile \u00een doar c\u00e2teva s\u0103pt\u0103m\u00e2ni.\" \/>\n<meta name=\"robots\" content=\"index, follow, max-snippet:-1, max-image-preview:large, max-video-preview:-1\" \/>\n<link rel=\"canonical\" href=\"https:\/\/activeluxe-cosmetics.com\/ro\/produs\/ser-pentru-cresterea-sprancenelor\/\" \/>\n<meta property=\"og:locale\" content=\"ro_RO\" \/>\n<meta property=\"og:type\" content=\"article\" \/>\n<meta property=\"og:title\" content=\"Serul Active Luxe Brow pentru cre\u0219terea spr\u00e2ncenelor\" \/>\n<meta property=\"og:description\" content=\"Ser pentru cre\u0219terea spr\u00e2ncenelor Active Luxe Brow Face ca spr\u00e2ncenele s\u0103 fie din bogate \u0219i cu un aspect natural. Solu\u021bia pentru spr\u00e2ncenele smulse excesiv. Rezultate vizibile \u00een doar c\u00e2teva s\u0103pt\u0103m\u00e2ni.\" \/>\n<meta property=\"og:url\" content=\"https:\/\/activeluxe-cosmetics.com\/ro\/produs\/ser-pentru-cresterea-sprancenelor\/\" \/>\n<meta property=\"og:site_name\" content=\"Active Luxe Cosmetics\" \/>\n<meta property=\"article:modified_time\" content=\"2025-04-18T09:10:19+00:00\" \/>\n<meta property=\"og:image\" content=\"https:\/\/activeluxe-cosmetics.com\/ro\/wp-content\/uploads\/2024\/01\/Brow_serum.jpg\" \/>\n\t<meta property=\"og:image:width\" content=\"783\" \/>\n\t<meta property=\"og:image:height\" content=\"995\" \/>\n\t<meta property=\"og:image:type\" content=\"image\/jpeg\" \/>\n<meta name=\"twitter:card\" content=\"summary_large_image\" \/>\n<meta name=\"twitter:label1\" content=\"Timp estimat pentru citire\" \/>\n\t<meta name=\"twitter:data1\" content=\"3 minute\" \/>\n<script type=\"application\/ld+json\" class=\"yoast-schema-graph\">{\"@context\":\"https:\/\/schema.org\",\"@graph\":[{\"@type\":\"WebPage\",\"@id\":\"https:\/\/activeluxe-cosmetics.com\/ro\/produs\/ser-pentru-cresterea-sprancenelor\/\",\"url\":\"https:\/\/activeluxe-cosmetics.com\/ro\/produs\/ser-pentru-cresterea-sprancenelor\/\",\"name\":\"Serul Active Luxe Brow pentru cre\u0219terea spr\u00e2ncenelor\",\"isPartOf\":{\"@id\":\"https:\/\/activeluxe-cosmetics.com\/ro\/#website\"},\"datePublished\":\"2024-01-10T14:17:54+00:00\",\"dateModified\":\"2025-04-18T09:10:19+00:00\",\"description\":\"Ser pentru cre\u0219terea spr\u00e2ncenelor Active Luxe Brow Face ca spr\u00e2ncenele s\u0103 fie din bogate \u0219i cu un aspect natural. Solu\u021bia pentru spr\u00e2ncenele smulse excesiv. Rezultate vizibile \u00een doar c\u00e2teva s\u0103pt\u0103m\u00e2ni.\",\"breadcrumb\":{\"@id\":\"https:\/\/activeluxe-cosmetics.com\/ro\/produs\/ser-pentru-cresterea-sprancenelor\/#breadcrumb\"},\"inLanguage\":\"ro-RO\",\"potentialAction\":[{\"@type\":\"ReadAction\",\"target\":[\"https:\/\/activeluxe-cosmetics.com\/ro\/produs\/ser-pentru-cresterea-sprancenelor\/\"]}]},{\"@type\":\"BreadcrumbList\",\"@id\":\"https:\/\/activeluxe-cosmetics.com\/ro\/produs\/ser-pentru-cresterea-sprancenelor\/#breadcrumb\",\"itemListElement\":[{\"@type\":\"ListItem\",\"position\":1,\"name\":\"Copert\u0103\",\"item\":\"https:\/\/activeluxe-cosmetics.com\/ro\/\"},{\"@type\":\"ListItem\",\"position\":2,\"name\":\"Magazin\",\"item\":\"https:\/\/activeluxe-cosmetics.com\/ro\/magazin\/\"},{\"@type\":\"ListItem\",\"position\":3,\"name\":\"Ser pentru cre\u0219terea spr\u00e2ncenelor\"}]},{\"@type\":\"WebSite\",\"@id\":\"https:\/\/activeluxe-cosmetics.com\/ro\/#website\",\"url\":\"https:\/\/activeluxe-cosmetics.com\/ro\/\",\"name\":\"Active Luxe Cosmetics\",\"description\":\"\",\"potentialAction\":[{\"@type\":\"SearchAction\",\"target\":{\"@type\":\"EntryPoint\",\"urlTemplate\":\"https:\/\/activeluxe-cosmetics.com\/ro\/?s={search_term_string}\"},\"query-input\":\"required name=search_term_string\"}],\"inLanguage\":\"ro-RO\"}]}<\/script>\n<!-- \/ Yoast SEO plugin. -->","yoast_head_json":{"title":"Serul Active Luxe Brow pentru cre\u0219terea spr\u00e2ncenelor","description":"Ser pentru cre\u0219terea spr\u00e2ncenelor Active Luxe Brow Face ca spr\u00e2ncenele s\u0103 fie din bogate \u0219i cu un aspect natural. Solu\u021bia pentru spr\u00e2ncenele smulse excesiv. Rezultate vizibile \u00een doar c\u00e2teva s\u0103pt\u0103m\u00e2ni.","robots":{"index":"index","follow":"follow","max-snippet":"max-snippet:-1","max-image-preview":"max-image-preview:large","max-video-preview":"max-video-preview:-1"},"canonical":"https:\/\/activeluxe-cosmetics.com\/ro\/produs\/ser-pentru-cresterea-sprancenelor\/","og_locale":"ro_RO","og_type":"article","og_title":"Serul Active Luxe Brow pentru cre\u0219terea spr\u00e2ncenelor","og_description":"Ser pentru cre\u0219terea spr\u00e2ncenelor Active Luxe Brow Face ca spr\u00e2ncenele s\u0103 fie din bogate \u0219i cu un aspect natural. Solu\u021bia pentru spr\u00e2ncenele smulse excesiv. Rezultate vizibile \u00een doar c\u00e2teva s\u0103pt\u0103m\u00e2ni.","og_url":"https:\/\/activeluxe-cosmetics.com\/ro\/produs\/ser-pentru-cresterea-sprancenelor\/","og_site_name":"Active Luxe Cosmetics","article_modified_time":"2025-04-18T09:10:19+00:00","og_image":[{"width":783,"height":995,"url":"https:\/\/activeluxe-cosmetics.com\/ro\/wp-content\/uploads\/2024\/01\/Brow_serum.jpg","type":"image\/jpeg"}],"twitter_card":"summary_large_image","twitter_misc":{"Timp estimat pentru citire":"3 minute"},"schema":{"@context":"https:\/\/schema.org","@graph":[{"@type":"WebPage","@id":"https:\/\/activeluxe-cosmetics.com\/ro\/produs\/ser-pentru-cresterea-sprancenelor\/","url":"https:\/\/activeluxe-cosmetics.com\/ro\/produs\/ser-pentru-cresterea-sprancenelor\/","name":"Serul Active Luxe Brow pentru cre\u0219terea spr\u00e2ncenelor","isPartOf":{"@id":"https:\/\/activeluxe-cosmetics.com\/ro\/#website"},"datePublished":"2024-01-10T14:17:54+00:00","dateModified":"2025-04-18T09:10:19+00:00","description":"Ser pentru cre\u0219terea spr\u00e2ncenelor Active Luxe Brow Face ca spr\u00e2ncenele s\u0103 fie din bogate \u0219i cu un aspect natural. Solu\u021bia pentru spr\u00e2ncenele smulse excesiv. Rezultate vizibile \u00een doar c\u00e2teva s\u0103pt\u0103m\u00e2ni.","breadcrumb":{"@id":"https:\/\/activeluxe-cosmetics.com\/ro\/produs\/ser-pentru-cresterea-sprancenelor\/#breadcrumb"},"inLanguage":"ro-RO","potentialAction":[{"@type":"ReadAction","target":["https:\/\/activeluxe-cosmetics.com\/ro\/produs\/ser-pentru-cresterea-sprancenelor\/"]}]},{"@type":"BreadcrumbList","@id":"https:\/\/activeluxe-cosmetics.com\/ro\/produs\/ser-pentru-cresterea-sprancenelor\/#breadcrumb","itemListElement":[{"@type":"ListItem","position":1,"name":"Copert\u0103","item":"https:\/\/activeluxe-cosmetics.com\/ro\/"},{"@type":"ListItem","position":2,"name":"Magazin","item":"https:\/\/activeluxe-cosmetics.com\/ro\/magazin\/"},{"@type":"ListItem","position":3,"name":"Ser pentru cre\u0219terea spr\u00e2ncenelor"}]},{"@type":"WebSite","@id":"https:\/\/activeluxe-cosmetics.com\/ro\/#website","url":"https:\/\/activeluxe-cosmetics.com\/ro\/","name":"Active Luxe Cosmetics","description":"","potentialAction":[{"@type":"SearchAction","target":{"@type":"EntryPoint","urlTemplate":"https:\/\/activeluxe-cosmetics.com\/ro\/?s={search_term_string}"},"query-input":"required name=search_term_string"}],"inLanguage":"ro-RO"}]}},"_links":{"self":[{"href":"https:\/\/activeluxe-cosmetics.com\/ro\/wp-json\/wp\/v2\/product\/72188","targetHints":{"allow":["GET"]}}],"collection":[{"href":"https:\/\/activeluxe-cosmetics.com\/ro\/wp-json\/wp\/v2\/product"}],"about":[{"href":"https:\/\/activeluxe-cosmetics.com\/ro\/wp-json\/wp\/v2\/types\/product"}],"replies":[{"embeddable":true,"href":"https:\/\/activeluxe-cosmetics.com\/ro\/wp-json\/wp\/v2\/comments?post=72188"}],"wp:featuredmedia":[{"embeddable":true,"href":"https:\/\/activeluxe-cosmetics.com\/ro\/wp-json\/wp\/v2\/media\/81531"}],"wp:attachment":[{"href":"https:\/\/activeluxe-cosmetics.com\/ro\/wp-json\/wp\/v2\/media?parent=72188"}],"wp:term":[{"taxonomy":"product_cat","embeddable":true,"href":"https:\/\/activeluxe-cosmetics.com\/ro\/wp-json\/wp\/v2\/product_cat?post=72188"},{"taxonomy":"product_tag","embeddable":true,"href":"https:\/\/activeluxe-cosmetics.com\/ro\/wp-json\/wp\/v2\/product_tag?post=72188"}],"curies":[{"name":"wp","href":"https:\/\/api.w.org\/{rel}","templated":true}]}}