{"id":72185,"date":"2024-01-10T15:17:54","date_gmt":"2024-01-10T14:17:54","guid":{"rendered":"https:\/\/activeluxe-cosmetics.com\/ro\/?post_type=product&#038;p=72185"},"modified":"2025-04-01T13:20:46","modified_gmt":"2025-04-01T13:20:46","slug":"primer-wild-lash","status":"publish","type":"product","link":"https:\/\/activeluxe-cosmetics.com\/ro\/produs\/primer-wild-lash\/","title":{"rendered":"Primer Wild Lash"},"content":{"rendered":"<p><img loading=\"lazy\" decoding=\"async\" class=\"wp-image-84723 alignright\" src=\"https:\/\/activeluxe-cosmetics.com\/ro\/wp-content\/uploads\/2024\/01\/Izdelek-brez-naslova-45-460x575.png\" alt=\"\" width=\"429\" height=\"536\" srcset=\"https:\/\/activeluxe-cosmetics.com\/ro\/wp-content\/uploads\/2024\/01\/Izdelek-brez-naslova-45-460x575.png 460w, https:\/\/activeluxe-cosmetics.com\/ro\/wp-content\/uploads\/2024\/01\/Izdelek-brez-naslova-45-819x1024.png 819w, https:\/\/activeluxe-cosmetics.com\/ro\/wp-content\/uploads\/2024\/01\/Izdelek-brez-naslova-45-768x960.png 768w, https:\/\/activeluxe-cosmetics.com\/ro\/wp-content\/uploads\/2024\/01\/Izdelek-brez-naslova-45-600x750.png 600w, https:\/\/activeluxe-cosmetics.com\/ro\/wp-content\/uploads\/2024\/01\/Izdelek-brez-naslova-45.png 1080w\" sizes=\"auto, (max-width: 429px) 100vw, 429px\" \/><\/p>\n<h2><strong>Rimelul nu \u00ee\u021bi ofer\u0103 efectul dorit?<\/strong> Acesta este factorul lips\u0103 pe care \u00eel cau\u021bi!<\/h2>\n<p>\u00ce\u021bi ia mult timp s\u0103 aplici rimelul? Rimelul se blocheaz\u0103, las\u0103 pete \u00een jurul ochilor, \u00ee\u021bi stric\u0103 machiajul \u0219i tu oricum te gr\u0103be\u0219ti? Sun\u0103 cunoscut, nu-i a\u0219a?<\/p>\n<p>Iat\u0103 solu\u021bia: Primer Wild Lash pentru aplicarea rimelului \u0219i \u00eengrijirea genelor. U\u0219ureaz\u0103 aplicarea rimelului prin descurcarea \u0219i separarea genelor, \u00een timp ce formula sa hr\u0103nitoare umple, hr\u0103ne\u0219te \u0219i prelunge\u0219te fiecare gean\u0103.<\/p>\n<ul>\n<li>Descurc\u0103, define\u0219te, arcuie\u0219te \u0219i preg\u0103te\u0219te genele pentru aplicarea rimelului<\/li>\n<li>\u00cent\u0103re\u0219te \u0219i hr\u0103ne\u0219te r\u0103d\u0103cina genelor<\/li>\n<li>\u00cembun\u0103t\u0103\u021be\u0219te structura genelor, le protejeaz\u0103 \u0219i le hr\u0103ne\u0219te<\/li>\n<li>Poate fi folosit \u0219i individual ca balsam hr\u0103nitor pentru gene \u00eenainte de culcare<\/li>\n<\/ul>\n<h2 style=\"text-align: center; clear: both;\"><\/h2>\n<p>&nbsp;<\/p>\n<p><img loading=\"lazy\" decoding=\"async\" class=\"wp-image-72267 alignleft\" src=\"https:\/\/activeluxe-cosmetics.com\/ro\/wp-content\/uploads\/2024\/01\/katarina_trepke-1-1-460x460.png\" alt=\"\" width=\"421\" height=\"421\" srcset=\"https:\/\/activeluxe-cosmetics.com\/ro\/wp-content\/uploads\/2024\/01\/katarina_trepke-1-1-460x460.png 460w, https:\/\/activeluxe-cosmetics.com\/ro\/wp-content\/uploads\/2024\/01\/katarina_trepke-1-1-100x100.png 100w, https:\/\/activeluxe-cosmetics.com\/ro\/wp-content\/uploads\/2024\/01\/katarina_trepke-1-1-600x600.png 600w, https:\/\/activeluxe-cosmetics.com\/ro\/wp-content\/uploads\/2024\/01\/katarina_trepke-1-1-150x150.png 150w, https:\/\/activeluxe-cosmetics.com\/ro\/wp-content\/uploads\/2024\/01\/katarina_trepke-1-1-768x768.png 768w, https:\/\/activeluxe-cosmetics.com\/ro\/wp-content\/uploads\/2024\/01\/katarina_trepke-1-1-1024x1024.png 1024w, https:\/\/activeluxe-cosmetics.com\/ro\/wp-content\/uploads\/2024\/01\/katarina_trepke-1-1-300x300.png 300w, https:\/\/activeluxe-cosmetics.com\/ro\/wp-content\/uploads\/2024\/01\/katarina_trepke-1-1.png 1080w\" sizes=\"auto, (max-width: 421px) 100vw, 421px\" \/><\/p>\n<h2>Singurul primer pentru rimel care <strong>ac\u021bioneaz\u0103 \u0219i asupra cre\u0219terii genelor<\/strong><\/h2>\n<p>Wild Lash este singurul primer pentru rimel care ac\u021bioneaz\u0103 \u0219i asupra cre\u0219terii genelor naturale, \u00een timp ce le hr\u0103ne\u0219te \u0219i le protejeaz\u0103 \u00eempotriva c\u0103derii!<\/p>\n<p>Acest rimel con\u021bine o formul\u0103 inovatoare care stimuleaz\u0103 \u0219i \u00eent\u0103re\u0219te foliculele genelor. Studiile clinice au ar\u0103tat c\u0103, \u00een cazul utiliz\u0103rii regulate, genele cresc de 2,6 ori mai repede dec\u00e2t \u00een mod normal!<\/p>\n<p>Un bonus suplimentar este efectul s\u0103u nutritiv &#8211; hr\u0103ne\u0219te \u00een profunzime \u0219i reface genele. Con\u021bine ingrediente care \u00eent\u0103resc foliculele genelor. Combina\u021bia de ulei de jojoba, ulei de floarea-soarelui \u0219i unt de shea hr\u0103ne\u0219te \u00een profunzime genele, men\u021bin\u00e2ndu-le suple \u0219i puternice.<\/p>\n<h2 style=\"text-align: center; clear: both;\"><\/h2>\n<p><img loading=\"lazy\" decoding=\"async\" class=\" wp-image-85049 alignright\" src=\"https:\/\/activeluxe-cosmetics.com\/ro\/wp-content\/uploads\/2024\/01\/wildlashprimer-2-460x575.png\" alt=\"\" width=\"419\" height=\"524\" srcset=\"https:\/\/activeluxe-cosmetics.com\/ro\/wp-content\/uploads\/2024\/01\/wildlashprimer-2-460x575.png 460w, https:\/\/activeluxe-cosmetics.com\/ro\/wp-content\/uploads\/2024\/01\/wildlashprimer-2-819x1024.png 819w, https:\/\/activeluxe-cosmetics.com\/ro\/wp-content\/uploads\/2024\/01\/wildlashprimer-2-768x960.png 768w, https:\/\/activeluxe-cosmetics.com\/ro\/wp-content\/uploads\/2024\/01\/wildlashprimer-2-600x750.png 600w, https:\/\/activeluxe-cosmetics.com\/ro\/wp-content\/uploads\/2024\/01\/wildlashprimer-2.png 1080w\" sizes=\"auto, (max-width: 419px) 100vw, 419px\" \/><\/p>\n<h2><strong>Ingrediente atent selec\u021bionate pentru<\/strong> a oferi genelor tale un tratament perfect<\/h2>\n<p>Formula bogat\u0103 \u0219i cremoas\u0103 con\u021bine tot ce au nevoie genele tale:<\/p>\n<ul>\n<li>descurc\u0103, define\u0219te, arcuie\u0219te \u0219i preg\u0103te\u0219te genele pentru aplicarea rimelului<\/li>\n<li>lunge\u0219te instantaneu genele \u00eenainte de aplicarea rimelului,<\/li>\n<li>ac\u021bioneaz\u0103 asupra cre\u0219terii genelor &#8211; \u00een cazul utiliz\u0103rii regulate, genele cresc de 2,6 ori mai repede dec\u00e2t \u00een mod normal,<\/li>\n<li>un tratament care va reda puterea \u0219i suple\u021bea genelor tale,<\/li>\n<li>intensific\u0103 efectul rimelului<\/li>\n<\/ul>\n<p>&nbsp;<\/p>\n<p>&nbsp;<\/p>\n<h3 style=\"clear: both; max-width: 820px;\"><\/h3>\n<div style=\"display: flex; align-items: center; gap: 20px; flex-wrap: wrap;\">\n<p style=\"max-width: 360px;\">\n<\/div>\n","protected":false},"excerpt":{"rendered":"<p>Un primer pentru rimel care ac\u021bioneaz\u0103 \u0219i asupra cre\u0219terii &#8211; genele cresc de 2,6 ori mai repede dec\u00e2t \u00een mod normal<\/p>\n","protected":false},"featured_media":80611,"comment_status":"open","ping_status":"closed","template":"","meta":[],"product_cat":[48,77],"product_tag":[],"class_list":{"0":"post-72185","1":"product","2":"type-product","3":"status-publish","4":"has-post-thumbnail","6":"product_cat-gene","7":"product_cat-machiaj","9":"first","10":"instock","11":"taxable","12":"shipping-taxable","13":"purchasable","14":"product-type-simple"},"bundled_by":[],"bundle_stock_status":"instock","bundle_stock_quantity":null,"bundle_virtual":false,"bundle_layout":"","bundle_add_to_cart_form_location":"","bundle_editable_in_cart":false,"bundle_sold_individually_context":"","bundle_item_grouping":"","bundle_min_size":"","bundle_max_size":"","bundled_items":[],"acf":[],"yoast_head":"<!-- This site is optimized with the Yoast SEO plugin v21.8 - https:\/\/yoast.com\/wordpress\/plugins\/seo\/ -->\n<title>Primer Active Luxe Wild Lash pentru aplicarea rimelului<\/title>\n<meta name=\"description\" content=\"Primer Wild Lash pentru un efect mai intens al rimelului. Separ\u0103 \u0219i lunge\u0219te genele. Ajut\u0103 la cre\u0219terea genelor. Genele cresc de 2,6 ori mai repede dec\u00e2t \u00een mod normal!\" \/>\n<meta name=\"robots\" content=\"index, follow, max-snippet:-1, max-image-preview:large, max-video-preview:-1\" \/>\n<link rel=\"canonical\" href=\"https:\/\/activeluxe-cosmetics.com\/ro\/produs\/primer-wild-lash\/\" \/>\n<meta property=\"og:locale\" content=\"ro_RO\" \/>\n<meta property=\"og:type\" content=\"article\" \/>\n<meta property=\"og:title\" content=\"Primer Active Luxe Wild Lash pentru aplicarea rimelului\" \/>\n<meta property=\"og:description\" content=\"Primer Wild Lash pentru un efect mai intens al rimelului. Separ\u0103 \u0219i lunge\u0219te genele. Ajut\u0103 la cre\u0219terea genelor. Genele cresc de 2,6 ori mai repede dec\u00e2t \u00een mod normal!\" \/>\n<meta property=\"og:url\" content=\"https:\/\/activeluxe-cosmetics.com\/ro\/produs\/primer-wild-lash\/\" \/>\n<meta property=\"og:site_name\" content=\"Active Luxe Cosmetics\" \/>\n<meta property=\"article:modified_time\" content=\"2025-04-01T13:20:46+00:00\" \/>\n<meta property=\"og:image\" content=\"https:\/\/activeluxe-cosmetics.com\/ro\/wp-content\/uploads\/2024\/01\/Group-424.jpg\" \/>\n\t<meta property=\"og:image:width\" content=\"522\" \/>\n\t<meta property=\"og:image:height\" content=\"663\" \/>\n\t<meta property=\"og:image:type\" content=\"image\/jpeg\" \/>\n<meta name=\"twitter:card\" content=\"summary_large_image\" \/>\n<meta name=\"twitter:label1\" content=\"Timp estimat pentru citire\" \/>\n\t<meta name=\"twitter:data1\" content=\"3 minute\" \/>\n<script type=\"application\/ld+json\" class=\"yoast-schema-graph\">{\"@context\":\"https:\/\/schema.org\",\"@graph\":[{\"@type\":\"WebPage\",\"@id\":\"https:\/\/activeluxe-cosmetics.com\/ro\/produs\/primer-wild-lash\/\",\"url\":\"https:\/\/activeluxe-cosmetics.com\/ro\/produs\/primer-wild-lash\/\",\"name\":\"Primer Active Luxe Wild Lash pentru aplicarea rimelului\",\"isPartOf\":{\"@id\":\"https:\/\/activeluxe-cosmetics.com\/ro\/#website\"},\"datePublished\":\"2024-01-10T14:17:54+00:00\",\"dateModified\":\"2025-04-01T13:20:46+00:00\",\"description\":\"Primer Wild Lash pentru un efect mai intens al rimelului. Separ\u0103 \u0219i lunge\u0219te genele. Ajut\u0103 la cre\u0219terea genelor. Genele cresc de 2,6 ori mai repede dec\u00e2t \u00een mod normal!\",\"breadcrumb\":{\"@id\":\"https:\/\/activeluxe-cosmetics.com\/ro\/produs\/primer-wild-lash\/#breadcrumb\"},\"inLanguage\":\"ro-RO\",\"potentialAction\":[{\"@type\":\"ReadAction\",\"target\":[\"https:\/\/activeluxe-cosmetics.com\/ro\/produs\/primer-wild-lash\/\"]}]},{\"@type\":\"BreadcrumbList\",\"@id\":\"https:\/\/activeluxe-cosmetics.com\/ro\/produs\/primer-wild-lash\/#breadcrumb\",\"itemListElement\":[{\"@type\":\"ListItem\",\"position\":1,\"name\":\"Copert\u0103\",\"item\":\"https:\/\/activeluxe-cosmetics.com\/ro\/\"},{\"@type\":\"ListItem\",\"position\":2,\"name\":\"Magazin\",\"item\":\"https:\/\/activeluxe-cosmetics.com\/ro\/magazin\/\"},{\"@type\":\"ListItem\",\"position\":3,\"name\":\"Primer Wild Lash\"}]},{\"@type\":\"WebSite\",\"@id\":\"https:\/\/activeluxe-cosmetics.com\/ro\/#website\",\"url\":\"https:\/\/activeluxe-cosmetics.com\/ro\/\",\"name\":\"Active Luxe Cosmetics\",\"description\":\"\",\"potentialAction\":[{\"@type\":\"SearchAction\",\"target\":{\"@type\":\"EntryPoint\",\"urlTemplate\":\"https:\/\/activeluxe-cosmetics.com\/ro\/?s={search_term_string}\"},\"query-input\":\"required name=search_term_string\"}],\"inLanguage\":\"ro-RO\"}]}<\/script>\n<!-- \/ Yoast SEO plugin. -->","yoast_head_json":{"title":"Primer Active Luxe Wild Lash pentru aplicarea rimelului","description":"Primer Wild Lash pentru un efect mai intens al rimelului. Separ\u0103 \u0219i lunge\u0219te genele. Ajut\u0103 la cre\u0219terea genelor. Genele cresc de 2,6 ori mai repede dec\u00e2t \u00een mod normal!","robots":{"index":"index","follow":"follow","max-snippet":"max-snippet:-1","max-image-preview":"max-image-preview:large","max-video-preview":"max-video-preview:-1"},"canonical":"https:\/\/activeluxe-cosmetics.com\/ro\/produs\/primer-wild-lash\/","og_locale":"ro_RO","og_type":"article","og_title":"Primer Active Luxe Wild Lash pentru aplicarea rimelului","og_description":"Primer Wild Lash pentru un efect mai intens al rimelului. Separ\u0103 \u0219i lunge\u0219te genele. Ajut\u0103 la cre\u0219terea genelor. Genele cresc de 2,6 ori mai repede dec\u00e2t \u00een mod normal!","og_url":"https:\/\/activeluxe-cosmetics.com\/ro\/produs\/primer-wild-lash\/","og_site_name":"Active Luxe Cosmetics","article_modified_time":"2025-04-01T13:20:46+00:00","og_image":[{"width":522,"height":663,"url":"https:\/\/activeluxe-cosmetics.com\/ro\/wp-content\/uploads\/2024\/01\/Group-424.jpg","type":"image\/jpeg"}],"twitter_card":"summary_large_image","twitter_misc":{"Timp estimat pentru citire":"3 minute"},"schema":{"@context":"https:\/\/schema.org","@graph":[{"@type":"WebPage","@id":"https:\/\/activeluxe-cosmetics.com\/ro\/produs\/primer-wild-lash\/","url":"https:\/\/activeluxe-cosmetics.com\/ro\/produs\/primer-wild-lash\/","name":"Primer Active Luxe Wild Lash pentru aplicarea rimelului","isPartOf":{"@id":"https:\/\/activeluxe-cosmetics.com\/ro\/#website"},"datePublished":"2024-01-10T14:17:54+00:00","dateModified":"2025-04-01T13:20:46+00:00","description":"Primer Wild Lash pentru un efect mai intens al rimelului. Separ\u0103 \u0219i lunge\u0219te genele. Ajut\u0103 la cre\u0219terea genelor. Genele cresc de 2,6 ori mai repede dec\u00e2t \u00een mod normal!","breadcrumb":{"@id":"https:\/\/activeluxe-cosmetics.com\/ro\/produs\/primer-wild-lash\/#breadcrumb"},"inLanguage":"ro-RO","potentialAction":[{"@type":"ReadAction","target":["https:\/\/activeluxe-cosmetics.com\/ro\/produs\/primer-wild-lash\/"]}]},{"@type":"BreadcrumbList","@id":"https:\/\/activeluxe-cosmetics.com\/ro\/produs\/primer-wild-lash\/#breadcrumb","itemListElement":[{"@type":"ListItem","position":1,"name":"Copert\u0103","item":"https:\/\/activeluxe-cosmetics.com\/ro\/"},{"@type":"ListItem","position":2,"name":"Magazin","item":"https:\/\/activeluxe-cosmetics.com\/ro\/magazin\/"},{"@type":"ListItem","position":3,"name":"Primer Wild Lash"}]},{"@type":"WebSite","@id":"https:\/\/activeluxe-cosmetics.com\/ro\/#website","url":"https:\/\/activeluxe-cosmetics.com\/ro\/","name":"Active Luxe Cosmetics","description":"","potentialAction":[{"@type":"SearchAction","target":{"@type":"EntryPoint","urlTemplate":"https:\/\/activeluxe-cosmetics.com\/ro\/?s={search_term_string}"},"query-input":"required name=search_term_string"}],"inLanguage":"ro-RO"}]}},"_links":{"self":[{"href":"https:\/\/activeluxe-cosmetics.com\/ro\/wp-json\/wp\/v2\/product\/72185","targetHints":{"allow":["GET"]}}],"collection":[{"href":"https:\/\/activeluxe-cosmetics.com\/ro\/wp-json\/wp\/v2\/product"}],"about":[{"href":"https:\/\/activeluxe-cosmetics.com\/ro\/wp-json\/wp\/v2\/types\/product"}],"replies":[{"embeddable":true,"href":"https:\/\/activeluxe-cosmetics.com\/ro\/wp-json\/wp\/v2\/comments?post=72185"}],"wp:featuredmedia":[{"embeddable":true,"href":"https:\/\/activeluxe-cosmetics.com\/ro\/wp-json\/wp\/v2\/media\/80611"}],"wp:attachment":[{"href":"https:\/\/activeluxe-cosmetics.com\/ro\/wp-json\/wp\/v2\/media?parent=72185"}],"wp:term":[{"taxonomy":"product_cat","embeddable":true,"href":"https:\/\/activeluxe-cosmetics.com\/ro\/wp-json\/wp\/v2\/product_cat?post=72185"},{"taxonomy":"product_tag","embeddable":true,"href":"https:\/\/activeluxe-cosmetics.com\/ro\/wp-json\/wp\/v2\/product_tag?post=72185"}],"curies":[{"name":"wp","href":"https:\/\/api.w.org\/{rel}","templated":true}]}}