{"id":72179,"date":"2024-01-10T15:17:54","date_gmt":"2024-01-10T14:17:54","guid":{"rendered":"https:\/\/activeluxe-cosmetics.com\/ro\/?post_type=product&#038;p=72179"},"modified":"2025-11-21T13:47:32","modified_gmt":"2025-11-21T13:47:32","slug":"rimel-glamour-lash","status":"publish","type":"product","link":"https:\/\/activeluxe-cosmetics.com\/ro\/produs\/rimel-glamour-lash\/","title":{"rendered":"Rimel Glamour Lash"},"content":{"rendered":"<p><img loading=\"lazy\" decoding=\"async\" class=\" wp-image-85069 alignright\" src=\"https:\/\/activeluxe-cosmetics.com\/ro\/wp-content\/uploads\/2024\/01\/glamour_lash_mascara_active_luxe-460x575.png\" alt=\"\" width=\"350\" height=\"438\" srcset=\"https:\/\/activeluxe-cosmetics.com\/ro\/wp-content\/uploads\/2024\/01\/glamour_lash_mascara_active_luxe-460x575.png 460w, https:\/\/activeluxe-cosmetics.com\/ro\/wp-content\/uploads\/2024\/01\/glamour_lash_mascara_active_luxe-819x1024.png 819w, https:\/\/activeluxe-cosmetics.com\/ro\/wp-content\/uploads\/2024\/01\/glamour_lash_mascara_active_luxe-768x960.png 768w, https:\/\/activeluxe-cosmetics.com\/ro\/wp-content\/uploads\/2024\/01\/glamour_lash_mascara_active_luxe-600x750.png 600w, https:\/\/activeluxe-cosmetics.com\/ro\/wp-content\/uploads\/2024\/01\/glamour_lash_mascara_active_luxe.png 1080w\" sizes=\"auto, (max-width: 350px) 100vw, 350px\" \/><\/p>\n<h2><strong>Gene lungi \u0219i groase<\/strong> \u00eentr-o clip\u0103<\/h2>\n<p>Rimelul Glamour Lash ofer\u0103 un volum atemporal \u0219i o lungime excep\u021bional\u0103 cu ajutorul periei sale speciale. Atinge \u0219i separ\u0103 fiecare gean\u0103, chiar \u0219i pe cele greu accesibile din col\u021burile ochilor.<\/p>\n<p>Secretul rimelului Glamour Lash este reprezentat de peri sintetici moi de diferite lungimi, care permit o aplicare \u00een mai multe straturi, f\u0103r\u0103 cocoloa\u0219e. Rimelul Glamour Lash este alegerea perfect\u0103 pentru cele care nu \u0219tiu ce s\u0103 aleag\u0103 \u00eentre rimelul pentru volum \u0219i cel pentru lungime. Rimelul Glamour Lash le ofer\u0103 pe am\u00e2ndou\u0103!<\/p>\n<ul>\n<li><strong>Cu o singur\u0103 aplicare, genele tale vor avea o lungime \u0219i un volum excep\u021bionale<\/strong><\/li>\n<li><strong>Formula bogat\u0103 \u0219i cremoas\u0103 va men\u021bine elasticitatea genelor, f\u0103r\u0103 a le \u00eengreuna.<\/strong><\/li>\n<li><strong>Rimelul se usuc\u0103 rapid<\/strong><\/li>\n<li><strong>Nu las\u0103 urme<\/strong><\/li>\n<\/ul>\n<h2 style=\"text-align: center; clear: both;\"><\/h2>\n<p>&nbsp;<\/p>\n<h2><img loading=\"lazy\" decoding=\"async\" class=\" wp-image-85072 alignleft\" src=\"https:\/\/activeluxe-cosmetics.com\/ro\/wp-content\/uploads\/2024\/01\/glamourlash_mascara-460x575.png\" alt=\"\" width=\"350\" height=\"438\" srcset=\"https:\/\/activeluxe-cosmetics.com\/ro\/wp-content\/uploads\/2024\/01\/glamourlash_mascara-460x575.png 460w, https:\/\/activeluxe-cosmetics.com\/ro\/wp-content\/uploads\/2024\/01\/glamourlash_mascara-819x1024.png 819w, https:\/\/activeluxe-cosmetics.com\/ro\/wp-content\/uploads\/2024\/01\/glamourlash_mascara-768x960.png 768w, https:\/\/activeluxe-cosmetics.com\/ro\/wp-content\/uploads\/2024\/01\/glamourlash_mascara-600x750.png 600w, https:\/\/activeluxe-cosmetics.com\/ro\/wp-content\/uploads\/2024\/01\/glamourlash_mascara.png 1080w\" sizes=\"auto, (max-width: 350px) 100vw, 350px\" \/>Peria sintetic\u0103 moale cu peri <strong>de diferite lungimi face minuni!<\/strong><\/h2>\n<p>Rimelul Glamour Lash are o perie special conceput\u0103, cu peri sintetici care ajung la fiecare gean\u0103, chiar \u0219i la cele mai scurte \u0219i mai deschise din col\u021burile ochilor.<\/p>\n<ul>\n<li><strong>Le define\u0219te \u0219i le \u00eengroa\u0219\u0103 \u00een mod frumos. Aplic\u0103 rimelul cu o mi\u0219care u\u0219oar\u0103 \u00een zig-zag pentru a acoperi toate genele, chiar \u0219i pe cele mai scurte.<\/strong><\/li>\n<li><strong>Pentru genele groase, bine definite, recomand\u0103m dou\u0103 straturi de rimel.<\/strong><\/li>\n<li><strong>Las\u0103 primul strat s\u0103 se usuce \u0219i apoi aplic\u0103 un al doilea strat<\/strong><\/li>\n<\/ul>\n<h2 style=\"text-align: center; clear: both;\"><\/h2>\n<h2><strong><img loading=\"lazy\" decoding=\"async\" class=\" wp-image-85067 alignright\" src=\"https:\/\/activeluxe-cosmetics.com\/ro\/wp-content\/uploads\/2024\/01\/activeluxe_glamour_lash_mascara-460x575.png\" alt=\"\" width=\"351\" height=\"439\" srcset=\"https:\/\/activeluxe-cosmetics.com\/ro\/wp-content\/uploads\/2024\/01\/activeluxe_glamour_lash_mascara-460x575.png 460w, https:\/\/activeluxe-cosmetics.com\/ro\/wp-content\/uploads\/2024\/01\/activeluxe_glamour_lash_mascara-819x1024.png 819w, https:\/\/activeluxe-cosmetics.com\/ro\/wp-content\/uploads\/2024\/01\/activeluxe_glamour_lash_mascara-768x960.png 768w, https:\/\/activeluxe-cosmetics.com\/ro\/wp-content\/uploads\/2024\/01\/activeluxe_glamour_lash_mascara-600x750.png 600w, https:\/\/activeluxe-cosmetics.com\/ro\/wp-content\/uploads\/2024\/01\/activeluxe_glamour_lash_mascara.png 1080w\" sizes=\"auto, (max-width: 351px) 100vw, 351px\" \/>Mereu r\u0103m\u00e2i \u00een criz\u0103 de timp <\/strong>atunci c\u00e2nd te machiezi diminea\u021ba?<strong><br \/>\n<\/strong><\/h2>\n<p>Pentru un efect mai intens, recomand\u0103m aplicarea primerului Wild Lash \u00eenainte de aplicarea rimelului, acesta ac\u021bion\u00e2nd \u0219i asupra cre\u0219terii \u0219i densit\u0103\u021bii genelor.<\/p>\n<p>Rimelul Glamour Lash va r\u0103m\u00e2ne pe genele tale \u00eentreaga zi, f\u0103r\u0103 s\u0103 fac\u0103 cocoloa\u0219e sau s\u0103 lase pete \u00een jurul ochilor.<\/p>\n<ul>\n<li><strong>Volum \u0219i lungime spectaculoase<\/strong><\/li>\n<li><strong>Formul\u0103 de lung\u0103 durat\u0103 care rezist\u0103 24 de ore<\/strong><\/li>\n<li><strong>Textura cremoas\u0103 \u00eempiedic\u0103 rimelul s\u0103 se aglomereze, s\u0103 se usuce \u0219i s\u0103 se scurg\u0103 pe pleoape.<\/strong><\/li>\n<\/ul>\n<h3 style=\"clear: both; max-width: 820px;\"><\/h3>\n<div style=\"display: flex; align-items: center; gap: 20px; flex-wrap: wrap;\">\n<p style=\"max-width: 360px;\">\n<\/div>\n","protected":false},"excerpt":{"rendered":"<p>Rimel pentru volum \u0219i lungime intens\u0103 a genelor.<\/p>\n","protected":false},"featured_media":81165,"comment_status":"open","ping_status":"closed","template":"","meta":[],"product_cat":[48,77],"product_tag":[],"class_list":{"0":"post-72179","1":"product","2":"type-product","3":"status-publish","4":"has-post-thumbnail","6":"product_cat-gene","7":"product_cat-machiaj","9":"first","10":"instock","11":"taxable","12":"shipping-taxable","13":"purchasable","14":"product-type-simple"},"bundled_by":[],"bundle_stock_status":"instock","bundle_stock_quantity":null,"bundle_virtual":false,"bundle_layout":"","bundle_add_to_cart_form_location":"","bundle_editable_in_cart":false,"bundle_sold_individually_context":"","bundle_item_grouping":"","bundle_min_size":"","bundle_max_size":"","bundled_items":[],"acf":[],"yoast_head":"<!-- This site is optimized with the Yoast SEO plugin v21.8 - https:\/\/yoast.com\/wordpress\/plugins\/seo\/ -->\n<title>Glamour Lash pentru un volum atemporal \u0219i o lungime excep\u021bional\u0103<\/title>\n<meta name=\"description\" content=\"Rimel pentru gene pline de farmec Glamour Lash Aplicare rapid\u0103 \u0219i u\u0219oar\u0103. Acesta accentueaz\u0103 fiecare gean\u0103 \u0219i \u00eei confer\u0103 volum \u0219i lungime atemporale.\" \/>\n<meta name=\"robots\" content=\"index, follow, max-snippet:-1, max-image-preview:large, max-video-preview:-1\" \/>\n<link rel=\"canonical\" href=\"https:\/\/activeluxe-cosmetics.com\/ro\/produs\/rimel-glamour-lash\/\" \/>\n<meta property=\"og:locale\" content=\"ro_RO\" \/>\n<meta property=\"og:type\" content=\"article\" \/>\n<meta property=\"og:title\" content=\"Glamour Lash pentru un volum atemporal \u0219i o lungime excep\u021bional\u0103\" \/>\n<meta property=\"og:description\" content=\"Rimel pentru gene pline de farmec Glamour Lash Aplicare rapid\u0103 \u0219i u\u0219oar\u0103. Acesta accentueaz\u0103 fiecare gean\u0103 \u0219i \u00eei confer\u0103 volum \u0219i lungime atemporale.\" \/>\n<meta property=\"og:url\" content=\"https:\/\/activeluxe-cosmetics.com\/ro\/produs\/rimel-glamour-lash\/\" \/>\n<meta property=\"og:site_name\" content=\"Active Luxe Cosmetics\" \/>\n<meta property=\"article:modified_time\" content=\"2025-11-21T13:47:32+00:00\" \/>\n<meta property=\"og:image\" content=\"https:\/\/activeluxe-cosmetics.com\/ro\/wp-content\/uploads\/2024\/01\/Glamour_Lash.jpg\" \/>\n\t<meta property=\"og:image:width\" content=\"773\" \/>\n\t<meta property=\"og:image:height\" content=\"999\" \/>\n\t<meta property=\"og:image:type\" content=\"image\/jpeg\" \/>\n<meta name=\"twitter:card\" content=\"summary_large_image\" \/>\n<meta name=\"twitter:label1\" content=\"Timp estimat pentru citire\" \/>\n\t<meta name=\"twitter:data1\" content=\"3 minute\" \/>\n<script type=\"application\/ld+json\" class=\"yoast-schema-graph\">{\"@context\":\"https:\/\/schema.org\",\"@graph\":[{\"@type\":\"WebPage\",\"@id\":\"https:\/\/activeluxe-cosmetics.com\/ro\/produs\/rimel-glamour-lash\/\",\"url\":\"https:\/\/activeluxe-cosmetics.com\/ro\/produs\/rimel-glamour-lash\/\",\"name\":\"Glamour Lash pentru un volum atemporal \u0219i o lungime excep\u021bional\u0103\",\"isPartOf\":{\"@id\":\"https:\/\/activeluxe-cosmetics.com\/ro\/#website\"},\"datePublished\":\"2024-01-10T14:17:54+00:00\",\"dateModified\":\"2025-11-21T13:47:32+00:00\",\"description\":\"Rimel pentru gene pline de farmec Glamour Lash Aplicare rapid\u0103 \u0219i u\u0219oar\u0103. Acesta accentueaz\u0103 fiecare gean\u0103 \u0219i \u00eei confer\u0103 volum \u0219i lungime atemporale.\",\"breadcrumb\":{\"@id\":\"https:\/\/activeluxe-cosmetics.com\/ro\/produs\/rimel-glamour-lash\/#breadcrumb\"},\"inLanguage\":\"ro-RO\",\"potentialAction\":[{\"@type\":\"ReadAction\",\"target\":[\"https:\/\/activeluxe-cosmetics.com\/ro\/produs\/rimel-glamour-lash\/\"]}]},{\"@type\":\"BreadcrumbList\",\"@id\":\"https:\/\/activeluxe-cosmetics.com\/ro\/produs\/rimel-glamour-lash\/#breadcrumb\",\"itemListElement\":[{\"@type\":\"ListItem\",\"position\":1,\"name\":\"Copert\u0103\",\"item\":\"https:\/\/activeluxe-cosmetics.com\/ro\/\"},{\"@type\":\"ListItem\",\"position\":2,\"name\":\"Magazin\",\"item\":\"https:\/\/activeluxe-cosmetics.com\/ro\/magazin\/\"},{\"@type\":\"ListItem\",\"position\":3,\"name\":\"Rimel Glamour Lash\"}]},{\"@type\":\"WebSite\",\"@id\":\"https:\/\/activeluxe-cosmetics.com\/ro\/#website\",\"url\":\"https:\/\/activeluxe-cosmetics.com\/ro\/\",\"name\":\"Active Luxe Cosmetics\",\"description\":\"\",\"potentialAction\":[{\"@type\":\"SearchAction\",\"target\":{\"@type\":\"EntryPoint\",\"urlTemplate\":\"https:\/\/activeluxe-cosmetics.com\/ro\/?s={search_term_string}\"},\"query-input\":\"required name=search_term_string\"}],\"inLanguage\":\"ro-RO\"}]}<\/script>\n<!-- \/ Yoast SEO plugin. -->","yoast_head_json":{"title":"Glamour Lash pentru un volum atemporal \u0219i o lungime excep\u021bional\u0103","description":"Rimel pentru gene pline de farmec Glamour Lash Aplicare rapid\u0103 \u0219i u\u0219oar\u0103. Acesta accentueaz\u0103 fiecare gean\u0103 \u0219i \u00eei confer\u0103 volum \u0219i lungime atemporale.","robots":{"index":"index","follow":"follow","max-snippet":"max-snippet:-1","max-image-preview":"max-image-preview:large","max-video-preview":"max-video-preview:-1"},"canonical":"https:\/\/activeluxe-cosmetics.com\/ro\/produs\/rimel-glamour-lash\/","og_locale":"ro_RO","og_type":"article","og_title":"Glamour Lash pentru un volum atemporal \u0219i o lungime excep\u021bional\u0103","og_description":"Rimel pentru gene pline de farmec Glamour Lash Aplicare rapid\u0103 \u0219i u\u0219oar\u0103. Acesta accentueaz\u0103 fiecare gean\u0103 \u0219i \u00eei confer\u0103 volum \u0219i lungime atemporale.","og_url":"https:\/\/activeluxe-cosmetics.com\/ro\/produs\/rimel-glamour-lash\/","og_site_name":"Active Luxe Cosmetics","article_modified_time":"2025-11-21T13:47:32+00:00","og_image":[{"width":773,"height":999,"url":"https:\/\/activeluxe-cosmetics.com\/ro\/wp-content\/uploads\/2024\/01\/Glamour_Lash.jpg","type":"image\/jpeg"}],"twitter_card":"summary_large_image","twitter_misc":{"Timp estimat pentru citire":"3 minute"},"schema":{"@context":"https:\/\/schema.org","@graph":[{"@type":"WebPage","@id":"https:\/\/activeluxe-cosmetics.com\/ro\/produs\/rimel-glamour-lash\/","url":"https:\/\/activeluxe-cosmetics.com\/ro\/produs\/rimel-glamour-lash\/","name":"Glamour Lash pentru un volum atemporal \u0219i o lungime excep\u021bional\u0103","isPartOf":{"@id":"https:\/\/activeluxe-cosmetics.com\/ro\/#website"},"datePublished":"2024-01-10T14:17:54+00:00","dateModified":"2025-11-21T13:47:32+00:00","description":"Rimel pentru gene pline de farmec Glamour Lash Aplicare rapid\u0103 \u0219i u\u0219oar\u0103. Acesta accentueaz\u0103 fiecare gean\u0103 \u0219i \u00eei confer\u0103 volum \u0219i lungime atemporale.","breadcrumb":{"@id":"https:\/\/activeluxe-cosmetics.com\/ro\/produs\/rimel-glamour-lash\/#breadcrumb"},"inLanguage":"ro-RO","potentialAction":[{"@type":"ReadAction","target":["https:\/\/activeluxe-cosmetics.com\/ro\/produs\/rimel-glamour-lash\/"]}]},{"@type":"BreadcrumbList","@id":"https:\/\/activeluxe-cosmetics.com\/ro\/produs\/rimel-glamour-lash\/#breadcrumb","itemListElement":[{"@type":"ListItem","position":1,"name":"Copert\u0103","item":"https:\/\/activeluxe-cosmetics.com\/ro\/"},{"@type":"ListItem","position":2,"name":"Magazin","item":"https:\/\/activeluxe-cosmetics.com\/ro\/magazin\/"},{"@type":"ListItem","position":3,"name":"Rimel Glamour Lash"}]},{"@type":"WebSite","@id":"https:\/\/activeluxe-cosmetics.com\/ro\/#website","url":"https:\/\/activeluxe-cosmetics.com\/ro\/","name":"Active Luxe Cosmetics","description":"","potentialAction":[{"@type":"SearchAction","target":{"@type":"EntryPoint","urlTemplate":"https:\/\/activeluxe-cosmetics.com\/ro\/?s={search_term_string}"},"query-input":"required name=search_term_string"}],"inLanguage":"ro-RO"}]}},"_links":{"self":[{"href":"https:\/\/activeluxe-cosmetics.com\/ro\/wp-json\/wp\/v2\/product\/72179","targetHints":{"allow":["GET"]}}],"collection":[{"href":"https:\/\/activeluxe-cosmetics.com\/ro\/wp-json\/wp\/v2\/product"}],"about":[{"href":"https:\/\/activeluxe-cosmetics.com\/ro\/wp-json\/wp\/v2\/types\/product"}],"replies":[{"embeddable":true,"href":"https:\/\/activeluxe-cosmetics.com\/ro\/wp-json\/wp\/v2\/comments?post=72179"}],"wp:featuredmedia":[{"embeddable":true,"href":"https:\/\/activeluxe-cosmetics.com\/ro\/wp-json\/wp\/v2\/media\/81165"}],"wp:attachment":[{"href":"https:\/\/activeluxe-cosmetics.com\/ro\/wp-json\/wp\/v2\/media?parent=72179"}],"wp:term":[{"taxonomy":"product_cat","embeddable":true,"href":"https:\/\/activeluxe-cosmetics.com\/ro\/wp-json\/wp\/v2\/product_cat?post=72179"},{"taxonomy":"product_tag","embeddable":true,"href":"https:\/\/activeluxe-cosmetics.com\/ro\/wp-json\/wp\/v2\/product_tag?post=72179"}],"curies":[{"name":"wp","href":"https:\/\/api.w.org\/{rel}","templated":true}]}}