{"id":72177,"date":"2024-01-10T15:17:53","date_gmt":"2024-01-10T14:17:53","guid":{"rendered":"https:\/\/activeluxe-cosmetics.com\/ro\/?post_type=product&#038;p=72177"},"modified":"2024-12-08T22:36:36","modified_gmt":"2024-12-08T22:36:36","slug":"tonic-impotriva-caderii-severe-a-parului","status":"publish","type":"product","link":"https:\/\/activeluxe-cosmetics.com\/ro\/produs\/tonic-impotriva-caderii-severe-a-parului\/","title":{"rendered":"Tonic \u00eempotriva c\u0103derii severe a p\u0103rului"},"content":{"rendered":"<p><img loading=\"lazy\" decoding=\"async\" class=\" wp-image-84921 alignright\" src=\"https:\/\/activeluxe-cosmetics.com\/ro\/wp-content\/uploads\/2024\/01\/tonic-460x575.png\" alt=\"\" width=\"390\" height=\"488\" srcset=\"https:\/\/activeluxe-cosmetics.com\/ro\/wp-content\/uploads\/2024\/01\/tonic-460x575.png 460w, https:\/\/activeluxe-cosmetics.com\/ro\/wp-content\/uploads\/2024\/01\/tonic-819x1024.png 819w, https:\/\/activeluxe-cosmetics.com\/ro\/wp-content\/uploads\/2024\/01\/tonic-768x960.png 768w, https:\/\/activeluxe-cosmetics.com\/ro\/wp-content\/uploads\/2024\/01\/tonic-600x750.png 600w, https:\/\/activeluxe-cosmetics.com\/ro\/wp-content\/uploads\/2024\/01\/tonic.png 1080w\" sizes=\"auto, (max-width: 390px) 100vw, 390px\" \/><\/p>\n<h2><strong>Performan\u021b\u0103 remarcabil\u0103<\/strong> dovedit\u0103 de cifre<\/h2>\n<p><span data-sheets-root=\"1\" data-sheets-value=\"{&quot;1&quot;:2,&quot;2&quot;:&quot;Active Luxe Hair Tonik klini\u010dki dokazano smanjuje gubitak kose za 46%, a pove\u0107ava gusto\u0107u kose za 121% pomo\u0107u aktivnih patentiranih sastojaka.\\n\\n&quot;}\" data-sheets-userformat=\"{&quot;2&quot;:769,&quot;3&quot;:{&quot;1&quot;:0},&quot;11&quot;:4,&quot;12&quot;:0}\" data-sheets-textstyleruns=\"{&quot;1&quot;:0,&quot;2&quot;:{&quot;2&quot;:{&quot;1&quot;:2,&quot;2&quot;:16739585}}}\uee10{&quot;1&quot;:22}\">Tonicul con\u021bine ingrediente active patentate care au fost dovedite clinic c\u0103 reduc c\u0103derea p\u0103rului cu 46% \u0219i cresc densitatea p\u0103rului cu 121%. <\/span><\/p>\n<ul>\n<li>Previne c\u0103derea p\u0103rului \u0219i sus\u021bine regenerarea p\u0103rului<\/li>\n<li>Promoveaz\u0103 micro-circula\u021bia scalpului<\/li>\n<li>\u00cengroa\u0219\u0103 \u0219i \u00eengrije\u0219te p\u0103rul \u00een profunzime<\/li>\n<li>\u00cempreun\u0103 cu \u0219amponul, stimuleaz\u0103 foliculii de p\u0103r activi<\/li>\n<\/ul>\n<p>Pentru a \u00een\u021belege cauzele c\u0103derii p\u0103rului, trebuie s\u0103 \u00een\u021belegem ciclul de cre\u0219tere a p\u0103rului. P\u0103rul trece prin trei faze: faza de cre\u0219tere, \u00een care p\u0103rul este puternic \u0219i nu cade spontan; faza de repaus, \u00een care p\u0103rul nu mai cre\u0219te \u0219i devine latent; \u0219i faza de c\u0103dere, \u00een care foliculul de p\u0103r moare \u0219i p\u0103rul cade. Toate fazele de cre\u0219tere sunt influen\u021bate de diferi\u021bi hormoni, iar hormonul DHT influen\u021beaz\u0103 \u0219i mai mult ciclul prin faptul c\u0103 face ca p\u0103rul s\u0103 devin\u0103 mai sub\u021bire \u0219i mai slab, ceea ce \u00een timp se manifest\u0103 prin c\u0103derea p\u0103rului, chelie sau c\u0103derea circular\u0103 a p\u0103rului.<\/p>\n<h2 style=\"text-align: center; clear: both;\"><\/h2>\n<p><img loading=\"lazy\" decoding=\"async\" class=\" wp-image-84920 alignleft\" src=\"https:\/\/activeluxe-cosmetics.com\/ro\/wp-content\/uploads\/2024\/01\/alc_hair_tonic-460x575.png\" alt=\"\" width=\"390\" height=\"488\" srcset=\"https:\/\/activeluxe-cosmetics.com\/ro\/wp-content\/uploads\/2024\/01\/alc_hair_tonic-460x575.png 460w, https:\/\/activeluxe-cosmetics.com\/ro\/wp-content\/uploads\/2024\/01\/alc_hair_tonic-819x1024.png 819w, https:\/\/activeluxe-cosmetics.com\/ro\/wp-content\/uploads\/2024\/01\/alc_hair_tonic-768x960.png 768w, https:\/\/activeluxe-cosmetics.com\/ro\/wp-content\/uploads\/2024\/01\/alc_hair_tonic-600x750.png 600w, https:\/\/activeluxe-cosmetics.com\/ro\/wp-content\/uploads\/2024\/01\/alc_hair_tonic.png 1080w\" sizes=\"auto, (max-width: 390px) 100vw, 390px\" \/><\/p>\n<h2>Concentrat intensiv cu<strong> tripl\u0103 ac\u021biune puternic\u0103<\/strong><\/h2>\n<p>Formula avansat\u0103 se bazeaz\u0103 pe ingrediente atent selec\u021bionate \u0219i testate clinic, care sunt imbatabile \u00een lupta \u00eempotriva c\u0103derii p\u0103rului.<\/p>\n<p>1. Biotinoil &#8211; GHK: Un ingredient care p\u0103trunde ad\u00e2nc \u00een scalp, stimuleaz\u0103 metabolismul celular \u0219i reface foliculii de p\u0103r deteriora\u021bi &#8211; contracareaz\u0103 disfunc\u021bia folicular\u0103<\/p>\n<p>2. Apigenin\u0103: Un ingredient cu efect antioxidant care favorizeaz\u0103 micro-circula\u021bia sau circula\u021bia s\u00e2ngelui \u00een scalp.<\/p>\n<p>3. Acid oleanolic: Acesta ac\u021bioneaz\u0103 ca un inhibitor puternic al enzimei responsabile de transformarea hormonului testosteron \u00een hormonul dihidrotestosteron (DHT), care este principala cauz\u0103 a c\u0103derii p\u0103rului \u0219i a chelirii.<\/p>\n<h2 style=\"text-align: center; clear: both;\"><\/h2>\n<h2><strong><img loading=\"lazy\" decoding=\"async\" class=\" wp-image-84924 alignright\" src=\"https:\/\/activeluxe-cosmetics.com\/ro\/wp-content\/uploads\/2024\/01\/hair_linija-460x575-1.png\" alt=\"\" width=\"390\" height=\"488\" \/>Opre\u0219te c\u0103derea <\/strong>p\u0103rului \u00een timp!<strong><br \/>\n<\/strong><\/h2>\n<p>Dac\u0103 te lup\u021bi cu chelia sau cu pierderea excesiv\u0103 a p\u0103rului, tonicul Active Luxe \u00eempotriva c\u0103derii p\u0103rului este solu\u021bia ideal\u0103 care ajut\u0103 deopotriv\u0103 femeile \u0219i b\u0103rba\u021bii s\u0103 ob\u021bin\u0103 un p\u0103r mai gros, mai s\u0103n\u0103tos \u0219i mai frumos.<\/p>\n<p>Pentru rezultate vizibile, \u00ee\u021bi recomand\u0103m, de asemenea, \u0219amponul Active Luxe \u00eempotriva c\u0103derii p\u0103rului, serul pentru cre\u0219terea p\u0103rului \u0219i derma-rollerul pentru un masaj activ al scalpului. Cele mai bune rezultate apar \u00een jurul celei de-a patra luni de utilizare.<\/p>\n<p>Tonicul nu va face ca p\u0103rul s\u0103 devin\u0103 gras. \u00cencepe s\u0103 \u00eel folose\u0219ti de \u00eendat\u0103 ce observi o sub\u021biere a p\u0103rului pe t\u00e2mple, pe frunte \u0219i \u00een partea superioar\u0103 a scalpului.<\/p>\n<p>La o utilizare regulat\u0103 (cel pu\u021bin de dou\u0103 ori pe s\u0103pt\u0103m\u00e2n\u0103) ve\u021bi observa:<\/p>\n<ul>\n<li>reducerea c\u0103derii p\u0103rului,<\/li>\n<li>p\u0103r mai gros \u0219i mai bogat,<\/li>\n<li>r\u0103d\u0103cini mai puternice \u0219i p\u0103r hr\u0103nit.<\/li>\n<\/ul>\n<div style=\"display: flex; align-items: center; gap: 20px; flex-wrap: wrap;\">\n<p>&nbsp;<\/p>\n<\/div>\n","protected":false},"excerpt":{"rendered":"<p>Cu tripl\u0103 ac\u021biune \u00eempotriva c\u0103derii severe a p\u0103rului. Cre\u0219te densitatea p\u0103rului cu 121% \u0219i reduce c\u0103derea p\u0103rului cu 46%.<\/p>\n","protected":false},"featured_media":84919,"comment_status":"open","ping_status":"closed","template":"","meta":[],"product_cat":[108,98,53,42],"product_tag":[],"class_list":{"0":"post-72177","1":"product","2":"type-product","3":"status-publish","4":"has-post-thumbnail","6":"product_cat-par-barbati","7":"product_cat-uleiuri-si-seruri","8":"product_cat-par","9":"product_cat-barbati","11":"first","12":"instock","13":"taxable","14":"shipping-taxable","15":"purchasable","16":"product-type-simple"},"bundled_by":[],"bundle_stock_status":"instock","bundle_stock_quantity":null,"bundle_virtual":false,"bundle_layout":"","bundle_add_to_cart_form_location":"","bundle_editable_in_cart":false,"bundle_sold_individually_context":"","bundle_item_grouping":"","bundle_min_size":"","bundle_max_size":"","bundled_items":[],"acf":[],"yoast_head":"<!-- This site is optimized with the Yoast SEO plugin v21.8 - https:\/\/yoast.com\/wordpress\/plugins\/seo\/ -->\n<title>Tonic Active Luxe \u00eempotriva c\u0103derii severe a p\u0103rului<\/title>\n<meta name=\"description\" content=\"Formul\u0103 avansat\u0103 cu tripl\u0103 ac\u021biune. Reduce c\u0103derea p\u0103rului cu 46%. Densitate a p\u0103rului crescut\u0103 cu 121%. Testat clinic. S-a dovedit c\u0103 func\u021bioneaz\u0103.\" \/>\n<meta name=\"robots\" content=\"index, follow, max-snippet:-1, max-image-preview:large, max-video-preview:-1\" \/>\n<link rel=\"canonical\" href=\"https:\/\/activeluxe-cosmetics.com\/ro\/produs\/tonic-impotriva-caderii-severe-a-parului\/\" \/>\n<meta property=\"og:locale\" content=\"ro_RO\" \/>\n<meta property=\"og:type\" content=\"article\" \/>\n<meta property=\"og:title\" content=\"Tonic Active Luxe \u00eempotriva c\u0103derii severe a p\u0103rului\" \/>\n<meta property=\"og:description\" content=\"Formul\u0103 avansat\u0103 cu tripl\u0103 ac\u021biune. Reduce c\u0103derea p\u0103rului cu 46%. Densitate a p\u0103rului crescut\u0103 cu 121%. Testat clinic. S-a dovedit c\u0103 func\u021bioneaz\u0103.\" \/>\n<meta property=\"og:url\" content=\"https:\/\/activeluxe-cosmetics.com\/ro\/produs\/tonic-impotriva-caderii-severe-a-parului\/\" \/>\n<meta property=\"og:site_name\" content=\"Active Luxe Cosmetics\" \/>\n<meta property=\"article:modified_time\" content=\"2024-12-08T22:36:36+00:00\" \/>\n<meta property=\"og:image\" content=\"https:\/\/activeluxe-cosmetics.com\/ro\/wp-content\/uploads\/2024\/01\/40_Tonic-1.jpg\" \/>\n\t<meta property=\"og:image:width\" content=\"1104\" \/>\n\t<meta property=\"og:image:height\" content=\"1326\" \/>\n\t<meta property=\"og:image:type\" content=\"image\/jpeg\" \/>\n<meta name=\"twitter:card\" content=\"summary_large_image\" \/>\n<meta name=\"twitter:label1\" content=\"Timp estimat pentru citire\" \/>\n\t<meta name=\"twitter:data1\" content=\"3 minute\" \/>\n<script type=\"application\/ld+json\" class=\"yoast-schema-graph\">{\"@context\":\"https:\/\/schema.org\",\"@graph\":[{\"@type\":\"WebPage\",\"@id\":\"https:\/\/activeluxe-cosmetics.com\/ro\/produs\/tonic-impotriva-caderii-severe-a-parului\/\",\"url\":\"https:\/\/activeluxe-cosmetics.com\/ro\/produs\/tonic-impotriva-caderii-severe-a-parului\/\",\"name\":\"Tonic Active Luxe \u00eempotriva c\u0103derii severe a p\u0103rului\",\"isPartOf\":{\"@id\":\"https:\/\/activeluxe-cosmetics.com\/ro\/#website\"},\"datePublished\":\"2024-01-10T14:17:53+00:00\",\"dateModified\":\"2024-12-08T22:36:36+00:00\",\"description\":\"Formul\u0103 avansat\u0103 cu tripl\u0103 ac\u021biune. Reduce c\u0103derea p\u0103rului cu 46%. Densitate a p\u0103rului crescut\u0103 cu 121%. Testat clinic. S-a dovedit c\u0103 func\u021bioneaz\u0103.\",\"breadcrumb\":{\"@id\":\"https:\/\/activeluxe-cosmetics.com\/ro\/produs\/tonic-impotriva-caderii-severe-a-parului\/#breadcrumb\"},\"inLanguage\":\"ro-RO\",\"potentialAction\":[{\"@type\":\"ReadAction\",\"target\":[\"https:\/\/activeluxe-cosmetics.com\/ro\/produs\/tonic-impotriva-caderii-severe-a-parului\/\"]}]},{\"@type\":\"BreadcrumbList\",\"@id\":\"https:\/\/activeluxe-cosmetics.com\/ro\/produs\/tonic-impotriva-caderii-severe-a-parului\/#breadcrumb\",\"itemListElement\":[{\"@type\":\"ListItem\",\"position\":1,\"name\":\"Copert\u0103\",\"item\":\"https:\/\/activeluxe-cosmetics.com\/ro\/\"},{\"@type\":\"ListItem\",\"position\":2,\"name\":\"Magazin\",\"item\":\"https:\/\/activeluxe-cosmetics.com\/ro\/magazin\/\"},{\"@type\":\"ListItem\",\"position\":3,\"name\":\"Tonic \u00eempotriva c\u0103derii severe a p\u0103rului\"}]},{\"@type\":\"WebSite\",\"@id\":\"https:\/\/activeluxe-cosmetics.com\/ro\/#website\",\"url\":\"https:\/\/activeluxe-cosmetics.com\/ro\/\",\"name\":\"Active Luxe Cosmetics\",\"description\":\"\",\"potentialAction\":[{\"@type\":\"SearchAction\",\"target\":{\"@type\":\"EntryPoint\",\"urlTemplate\":\"https:\/\/activeluxe-cosmetics.com\/ro\/?s={search_term_string}\"},\"query-input\":\"required name=search_term_string\"}],\"inLanguage\":\"ro-RO\"}]}<\/script>\n<!-- \/ Yoast SEO plugin. -->","yoast_head_json":{"title":"Tonic Active Luxe \u00eempotriva c\u0103derii severe a p\u0103rului","description":"Formul\u0103 avansat\u0103 cu tripl\u0103 ac\u021biune. Reduce c\u0103derea p\u0103rului cu 46%. Densitate a p\u0103rului crescut\u0103 cu 121%. Testat clinic. S-a dovedit c\u0103 func\u021bioneaz\u0103.","robots":{"index":"index","follow":"follow","max-snippet":"max-snippet:-1","max-image-preview":"max-image-preview:large","max-video-preview":"max-video-preview:-1"},"canonical":"https:\/\/activeluxe-cosmetics.com\/ro\/produs\/tonic-impotriva-caderii-severe-a-parului\/","og_locale":"ro_RO","og_type":"article","og_title":"Tonic Active Luxe \u00eempotriva c\u0103derii severe a p\u0103rului","og_description":"Formul\u0103 avansat\u0103 cu tripl\u0103 ac\u021biune. Reduce c\u0103derea p\u0103rului cu 46%. Densitate a p\u0103rului crescut\u0103 cu 121%. Testat clinic. S-a dovedit c\u0103 func\u021bioneaz\u0103.","og_url":"https:\/\/activeluxe-cosmetics.com\/ro\/produs\/tonic-impotriva-caderii-severe-a-parului\/","og_site_name":"Active Luxe Cosmetics","article_modified_time":"2024-12-08T22:36:36+00:00","og_image":[{"width":1104,"height":1326,"url":"https:\/\/activeluxe-cosmetics.com\/ro\/wp-content\/uploads\/2024\/01\/40_Tonic-1.jpg","type":"image\/jpeg"}],"twitter_card":"summary_large_image","twitter_misc":{"Timp estimat pentru citire":"3 minute"},"schema":{"@context":"https:\/\/schema.org","@graph":[{"@type":"WebPage","@id":"https:\/\/activeluxe-cosmetics.com\/ro\/produs\/tonic-impotriva-caderii-severe-a-parului\/","url":"https:\/\/activeluxe-cosmetics.com\/ro\/produs\/tonic-impotriva-caderii-severe-a-parului\/","name":"Tonic Active Luxe \u00eempotriva c\u0103derii severe a p\u0103rului","isPartOf":{"@id":"https:\/\/activeluxe-cosmetics.com\/ro\/#website"},"datePublished":"2024-01-10T14:17:53+00:00","dateModified":"2024-12-08T22:36:36+00:00","description":"Formul\u0103 avansat\u0103 cu tripl\u0103 ac\u021biune. Reduce c\u0103derea p\u0103rului cu 46%. Densitate a p\u0103rului crescut\u0103 cu 121%. Testat clinic. S-a dovedit c\u0103 func\u021bioneaz\u0103.","breadcrumb":{"@id":"https:\/\/activeluxe-cosmetics.com\/ro\/produs\/tonic-impotriva-caderii-severe-a-parului\/#breadcrumb"},"inLanguage":"ro-RO","potentialAction":[{"@type":"ReadAction","target":["https:\/\/activeluxe-cosmetics.com\/ro\/produs\/tonic-impotriva-caderii-severe-a-parului\/"]}]},{"@type":"BreadcrumbList","@id":"https:\/\/activeluxe-cosmetics.com\/ro\/produs\/tonic-impotriva-caderii-severe-a-parului\/#breadcrumb","itemListElement":[{"@type":"ListItem","position":1,"name":"Copert\u0103","item":"https:\/\/activeluxe-cosmetics.com\/ro\/"},{"@type":"ListItem","position":2,"name":"Magazin","item":"https:\/\/activeluxe-cosmetics.com\/ro\/magazin\/"},{"@type":"ListItem","position":3,"name":"Tonic \u00eempotriva c\u0103derii severe a p\u0103rului"}]},{"@type":"WebSite","@id":"https:\/\/activeluxe-cosmetics.com\/ro\/#website","url":"https:\/\/activeluxe-cosmetics.com\/ro\/","name":"Active Luxe Cosmetics","description":"","potentialAction":[{"@type":"SearchAction","target":{"@type":"EntryPoint","urlTemplate":"https:\/\/activeluxe-cosmetics.com\/ro\/?s={search_term_string}"},"query-input":"required name=search_term_string"}],"inLanguage":"ro-RO"}]}},"_links":{"self":[{"href":"https:\/\/activeluxe-cosmetics.com\/ro\/wp-json\/wp\/v2\/product\/72177","targetHints":{"allow":["GET"]}}],"collection":[{"href":"https:\/\/activeluxe-cosmetics.com\/ro\/wp-json\/wp\/v2\/product"}],"about":[{"href":"https:\/\/activeluxe-cosmetics.com\/ro\/wp-json\/wp\/v2\/types\/product"}],"replies":[{"embeddable":true,"href":"https:\/\/activeluxe-cosmetics.com\/ro\/wp-json\/wp\/v2\/comments?post=72177"}],"wp:featuredmedia":[{"embeddable":true,"href":"https:\/\/activeluxe-cosmetics.com\/ro\/wp-json\/wp\/v2\/media\/84919"}],"wp:attachment":[{"href":"https:\/\/activeluxe-cosmetics.com\/ro\/wp-json\/wp\/v2\/media?parent=72177"}],"wp:term":[{"taxonomy":"product_cat","embeddable":true,"href":"https:\/\/activeluxe-cosmetics.com\/ro\/wp-json\/wp\/v2\/product_cat?post=72177"},{"taxonomy":"product_tag","embeddable":true,"href":"https:\/\/activeluxe-cosmetics.com\/ro\/wp-json\/wp\/v2\/product_tag?post=72177"}],"curies":[{"name":"wp","href":"https:\/\/api.w.org\/{rel}","templated":true}]}}