{"id":82782,"date":"2024-04-09T07:13:02","date_gmt":"2024-04-09T07:13:02","guid":{"rendered":"https:\/\/activeluxe-cosmetics.com\/ro\/?page_id=82782"},"modified":"2024-07-01T09:27:30","modified_gmt":"2024-07-01T09:27:30","slug":"colaborari","status":"publish","type":"page","link":"https:\/\/activeluxe-cosmetics.com\/ro\/colaborari\/","title":{"rendered":"Colabor\u0103ri"},"content":{"rendered":"\t<section class=\"section\" id=\"section_120162594\">\n\t\t<div class=\"bg section-bg fill bg-fill  bg-loaded\" >\n\n\t\t\t\n\t\t\t\n\t\t\t\n\n\t\t<\/div>\n\n\t\t\n\n\t\t<div class=\"section-content relative\">\n\t\t\t\n\n<div class=\"row align-center\"  id=\"row-603524152\">\n\n\n\t<div id=\"col-1775820158\" class=\"col medium-6 small-12 large-6\"  >\n\t\t\t\t<div class=\"col-inner text-center\"  >\n\t\t\t\n\t\t\t\n\n\t<div class=\"img has-hover al-img-auto x md-x lg-x y md-y lg-y\" id=\"image_399606254\">\n\t\t\t\t\t\t\t\t<div class=\"img-inner dark\" >\n\t\t\t\t\t\t\t\t\t\n\t\t\t\t\t<\/div>\n\t\t\t\t\t\t\t\t\n<style>\n#image_399606254 {\n  width: 100%;\n}\n<\/style>\n\t<\/div>\n\t\n\n\t<div id=\"text-433765274\" class=\"text al-p-48\">\n\t\t\n\n<h2><strong>Vrei s\u0103 fii activ \u0219i implicat? <\/strong>Contacteaz\u0103-ne pentru a te implica!<\/h2>\n\t\t\t<\/div>\n\t\n\n\t\t<\/div>\n\t\t\t\t\t<\/div>\n\n\t\n\n\n<style>\n#row-603524152 > .col > .col-inner {\n  padding: 0px 0px 0px 0px;\n}\n@media (min-width:550px) {\n  #row-603524152 > .col > .col-inner {\n    padding: 30px 0px 0px 0px;\n  }\n}\n<\/style>\n<\/div>\n\n\t\t<\/div>\n\n\t\t\n<style>\n#section_120162594 {\n  padding-top: 30px;\n  padding-bottom: 30px;\n}\n@media (min-width:550px) {\n  #section_120162594 {\n    padding-top: 50px;\n    padding-bottom: 50px;\n  }\n}\n<\/style>\n\t<\/section>\n\t\n\t<section class=\"section\" id=\"section_1667374153\">\n\t\t<div class=\"bg section-bg fill bg-fill  bg-loaded\" >\n\n\t\t\t\n\t\t\t\n\t\t\t\n\n\t\t<\/div>\n\n\t\t\n\n\t\t<div class=\"section-content relative\">\n\t\t\t\n\n<div class=\"row align-middle\"  id=\"row-1469840465\">\n\n\n\t<div id=\"col-819595598\" class=\"col medium-6 small-12 large-6\"  >\n\t\t\t\t<div class=\"col-inner\"  >\n\t\t\t\n\t\t\t\n\n\t<div class=\"img has-hover x md-x lg-x y md-y lg-y\" id=\"image_566167201\">\n\t\t\t\t\t\t\t\t<div class=\"img-inner dark\" >\n\t\t\t<img loading=\"lazy\" decoding=\"async\" width=\"610\" height=\"645\" src=\"https:\/\/activeluxe-cosmetics.com\/ro\/wp-content\/uploads\/2024\/04\/Group-563-1.jpg\" class=\"attachment-original size-original\" alt=\"\" srcset=\"https:\/\/activeluxe-cosmetics.com\/ro\/wp-content\/uploads\/2024\/04\/Group-563-1.jpg 610w, https:\/\/activeluxe-cosmetics.com\/ro\/wp-content\/uploads\/2024\/04\/Group-563-1-460x486.jpg 460w, https:\/\/activeluxe-cosmetics.com\/ro\/wp-content\/uploads\/2024\/04\/Group-563-1-600x634.jpg 600w\" sizes=\"auto, (max-width: 610px) 100vw, 610px\" \/>\t\t\t\t\t\t\n\t\t\t\t\t<\/div>\n\t\t\t\t\t\t\t\t\n<style>\n#image_566167201 {\n  width: 100%;\n}\n<\/style>\n\t<\/div>\n\t\n\n\n\t\t<\/div>\n\t\t\t\t\t<\/div>\n\n\t\n\n\t<div id=\"col-1426010046\" class=\"col medium-6 small-12 large-6\"  >\n\t\t\t\t<div class=\"col-inner text-left\"  >\n\t\t\t\n\t\t\t\n\n\t<div id=\"text-3998273197\" class=\"text al-p-40\">\n\t\t\n\n<h3><strong>\u00cencearc\u0103 produsele cosmetice Active Luxe<\/strong> de top \u0219i bucur\u0103-te de creativitatea ta!<\/h3>\n\t\t\t<\/div>\n\t\n\t<div id=\"gap-1032484022\" class=\"gap-element clearfix\" style=\"display:block; height:auto;\">\n\t\t\n<style>\n#gap-1032484022 {\n  padding-top: 30px;\n}\n<\/style>\n\t<\/div>\n\t\n\n\t<div id=\"text-843936427\" class=\"text al-p-18\">\n\t\t\n\n<p>\u2714\ufe0e \u00ce\u021bi place universul tendin\u021belor, frumuse\u021bea natural\u0103 \u0219i cosmeticele?<\/p>\n<p>\u00a0<\/p>\n<p>\u2714\ufe0e \u00ce\u021bi place s\u0103 creezi con\u021binut interesant pentru re\u021belele sociale?<\/p>\n<p>\u00a0<\/p>\n<p>\u2714\ufe0e Vrei s\u0103 te distrezi \u0219i s\u0103 \u00eencerci produse de \u00eenfrumuse\u021bare deosebite?<\/p>\n<p>\u00a0<\/p>\n<p><strong>Atunci te c\u0103ut\u0103m pe tine!<\/strong> \ud83e\udd70<\/p>\n\t\t\t<\/div>\n\t\n\n\t\t<\/div>\n\t\t\t\t\n<style>\n#col-1426010046 > .col-inner {\n  padding: 0px 0px 0px 0px;\n}\n@media (min-width:550px) {\n  #col-1426010046 > .col-inner {\n    padding: 0px 30px 0px 30px;\n  }\n}\n<\/style>\n\t<\/div>\n\n\t\n\n<\/div>\n\t<div id=\"gap-1678138876\" class=\"gap-element clearfix\" style=\"display:block; height:auto;\">\n\t\t\n<style>\n#gap-1678138876 {\n  padding-top: 30px;\n}\n@media (min-width:550px) {\n  #gap-1678138876 {\n    padding-top: 60px;\n  }\n}\n<\/style>\n\t<\/div>\n\t\n\n<div class=\"row align-middle\"  id=\"row-1966258542\">\n\n\n\t<div id=\"col-1674213371\" class=\"col medium-6 small-12 large-6\"  >\n\t\t\t\t<div class=\"col-inner text-left\"  >\n\t\t\t\n\t\t\t\n\n\t<div id=\"text-2898288196\" class=\"text al-p-40\">\n\t\t\n\n<h3><strong>F\u0103 parte din comunitatea<\/strong> Active Luxe Cosmetics<\/h3>\n\t\t\t<\/div>\n\t\n\t<div id=\"gap-851261965\" class=\"gap-element clearfix\" style=\"display:block; height:auto;\">\n\t\t\n<style>\n#gap-851261965 {\n  padding-top: 30px;\n}\n<\/style>\n\t<\/div>\n\t\n\n\t<div id=\"text-3688338936\" class=\"text al-p-18\">\n\t\t\n\n<p>Accentueaz\u0103-\u021bi frumuse\u021bea natural\u0103 cu produsele premium Active Luxe, \u00eencearc\u0103-le \u0219i descrie experien\u021ba \u00een fotografii \u0219i con\u021binut video.<\/p>\n<p>\u00a0<\/p>\n<p>Pentru a aplica, te rug\u0103m s\u0103:<\/p>\n<p>\u00a0<\/p>\n<p>\u2714\ufe0e ne trimi\u021bi o scurt\u0103 descriere a ta \u0219i<\/p>\n<p>\u00a0<\/p>\n<p>\u2714\ufe0e o scurt\u0103 descriere a re\u021belelor tale sociale.<\/p>\n\t\t\t<\/div>\n\t\n\n\t\t<\/div>\n\t\t\t\t\n<style>\n#col-1674213371 > .col-inner {\n  padding: 0px 0px 0px 0px;\n}\n@media (min-width:550px) {\n  #col-1674213371 > .col-inner {\n    padding: 0px 60px 0px 0px;\n  }\n}\n<\/style>\n\t<\/div>\n\n\t\n\n\t<div id=\"col-1708196495\" class=\"col medium-6 small-12 large-6 small-col-first\"  >\n\t\t\t\t<div class=\"col-inner\"  >\n\t\t\t\n\t\t\t\n\n\t<div class=\"img has-hover x md-x lg-x y md-y lg-y\" id=\"image_800097563\">\n\t\t\t\t\t\t\t\t<div class=\"img-inner dark\" >\n\t\t\t<img loading=\"lazy\" decoding=\"async\" width=\"610\" height=\"646\" src=\"https:\/\/activeluxe-cosmetics.com\/ro\/wp-content\/uploads\/2024\/04\/Group-565-1.jpg\" class=\"attachment-original size-original\" alt=\"\" srcset=\"https:\/\/activeluxe-cosmetics.com\/ro\/wp-content\/uploads\/2024\/04\/Group-565-1.jpg 610w, https:\/\/activeluxe-cosmetics.com\/ro\/wp-content\/uploads\/2024\/04\/Group-565-1-460x487.jpg 460w, https:\/\/activeluxe-cosmetics.com\/ro\/wp-content\/uploads\/2024\/04\/Group-565-1-600x635.jpg 600w\" sizes=\"auto, (max-width: 610px) 100vw, 610px\" \/>\t\t\t\t\t\t\n\t\t\t\t\t<\/div>\n\t\t\t\t\t\t\t\t\n<style>\n#image_800097563 {\n  width: 100%;\n}\n<\/style>\n\t<\/div>\n\t\n\n\n\t\t<\/div>\n\t\t\t\t\t<\/div>\n\n\t\n\n<\/div>\n\n\t\t<\/div>\n\n\t\t\n<style>\n#section_1667374153 {\n  padding-top: 0px;\n  padding-bottom: 0px;\n}\n@media (min-width:550px) {\n  #section_1667374153 {\n    padding-top: 30px;\n    padding-bottom: 30px;\n  }\n}\n<\/style>\n\t<\/section>\n\t\n\t<div id=\"gap-1277029863\" class=\"gap-element clearfix\" style=\"display:block; height:auto;\">\n\t\t\n<style>\n#gap-1277029863 {\n  padding-top: 40px;\n}\n<\/style>\n\t<\/div>\n\t\n\n\t<section class=\"section\" id=\"section_2104438701\">\n\t\t<div class=\"bg section-bg fill bg-fill  \" >\n\n\t\t\t\n\t\t\t\n\t\t\t\n\n\t\t<\/div>\n\n\t\t\n\n\t\t<div class=\"section-content relative\">\n\t\t\t\n\n<div class=\"row align-center\"  id=\"row-1262006701\">\n\n\n\t<div id=\"col-318041782\" class=\"col medium-11 small-12 large-11\"  >\n\t\t\t\t<div class=\"col-inner text-center\"  >\n\t\t\t\n\t\t\t\n\n\t<div id=\"text-3790063808\" class=\"text al-p-40\">\n\t\t\n\n<h3>Unde po\u021bi aplica?<\/h3>\n\t\t\t<\/div>\n\t\n\t<div id=\"gap-263995362\" class=\"gap-element clearfix\" style=\"display:block; height:auto;\">\n\t\t\n<style>\n#gap-263995362 {\n  padding-top: 30px;\n}\n<\/style>\n\t<\/div>\n\t\n\n\t<div id=\"text-929948630\" class=\"text al-p-20\">\n\t\t\n\n<p>Contacteaz\u0103-ne la <a href=\"mailto:collabslo@activeluxe-cosmetics.com\"><em><strong>collabslo@activeluxe-cosmetics.com<\/strong><\/em><\/a>\u00a0<\/p>\n<p>Vom discuta despre modul \u00een care putem colabora \u0219i vom r\u0103spunde la toate \u00eentreb\u0103rile tale. \ud83d\ude42<\/p>\n\t\t\t<\/div>\n\t\n\n\t\t<\/div>\n\t\t\t\t\n<style>\n#col-318041782 > .col-inner {\n  padding: 0px 0px 0px 0px;\n}\n@media (min-width:550px) {\n  #col-318041782 > .col-inner {\n    padding: 50px 0px 50px 0px;\n  }\n}\n<\/style>\n\t<\/div>\n\n\t\n\n<\/div>\n\n\t\t<\/div>\n\n\t\t\n<style>\n#section_2104438701 {\n  padding-top: 30px;\n  padding-bottom: 30px;\n}\n#section_2104438701 .section-bg.bg-loaded {\n  background-image: url(https:\/\/activeluxe-cosmetics.com\/ro\/wp-content\/uploads\/2024\/04\/Mask-group-15.jpg);\n}\n#section_2104438701 .section-bg {\n  background-position: top;\n}\n<\/style>\n\t<\/section>\n\t\n\t<section class=\"section\" id=\"section_610375431\">\n\t\t<div class=\"bg section-bg fill bg-fill  bg-loaded\" >\n\n\t\t\t\n\t\t\t\n\t\t\t\n\n\t\t<\/div>\n\n\t\t\n\n\t\t<div class=\"section-content relative\">\n\t\t\t\n\n<div class=\"row\"  id=\"row-69959788\">\n\n\n\t<div id=\"col-1525101532\" class=\"col small-12 large-12\"  >\n\t\t\t\t<div class=\"col-inner text-center\"  >\n\t\t\t\n\t\t\t\n\n\t<div id=\"text-307363027\" class=\"text al-p-22\">\n\t\t\n\n<p>A\u0219tept\u0103m cu ner\u0103bdare s\u0103 lucr\u0103m cu tine!<\/p>\n\t\t\t<\/div>\n\t\n\n\t\t<\/div>\n\t\t\t\t\t<\/div>\n\n\t\n\n<\/div>\n\n\t\t<\/div>\n\n\t\t\n<style>\n#section_610375431 {\n  padding-top: 30px;\n  padding-bottom: 30px;\n}\n@media (min-width:550px) {\n  #section_610375431 {\n    padding-top: 50px;\n    padding-bottom: 50px;\n  }\n}\n<\/style>\n\t<\/section>\n\t","protected":false},"excerpt":{"rendered":"","protected":false},"author":6,"featured_media":0,"parent":0,"menu_order":0,"comment_status":"closed","ping_status":"closed","template":"","meta":{"footnotes":""},"class_list":["post-82782","page","type-page","status-publish","hentry"],"acf":[],"yoast_head":"<!-- This site is optimized with the Yoast SEO plugin v21.8 - https:\/\/yoast.com\/wordpress\/plugins\/seo\/ -->\n<title>Colabor\u0103ri - Active Luxe Cosmetics<\/title>\n<meta name=\"robots\" content=\"index, follow, max-snippet:-1, max-image-preview:large, max-video-preview:-1\" \/>\n<link rel=\"canonical\" href=\"https:\/\/activeluxe-cosmetics.com\/ro\/colaborari\/\" \/>\n<meta property=\"og:locale\" content=\"ro_RO\" \/>\n<meta property=\"og:type\" content=\"article\" \/>\n<meta property=\"og:title\" content=\"Colabor\u0103ri - Active Luxe Cosmetics\" \/>\n<meta property=\"og:url\" content=\"https:\/\/activeluxe-cosmetics.com\/ro\/colaborari\/\" \/>\n<meta property=\"og:site_name\" content=\"Active Luxe Cosmetics\" \/>\n<meta property=\"article:modified_time\" content=\"2024-07-01T09:27:30+00:00\" \/>\n<meta name=\"twitter:card\" content=\"summary_large_image\" \/>\n<script type=\"application\/ld+json\" class=\"yoast-schema-graph\">{\"@context\":\"https:\/\/schema.org\",\"@graph\":[{\"@type\":\"WebPage\",\"@id\":\"https:\/\/activeluxe-cosmetics.com\/ro\/colaborari\/\",\"url\":\"https:\/\/activeluxe-cosmetics.com\/ro\/colaborari\/\",\"name\":\"Colabor\u0103ri - Active Luxe Cosmetics\",\"isPartOf\":{\"@id\":\"https:\/\/activeluxe-cosmetics.com\/ro\/#website\"},\"datePublished\":\"2024-04-09T07:13:02+00:00\",\"dateModified\":\"2024-07-01T09:27:30+00:00\",\"breadcrumb\":{\"@id\":\"https:\/\/activeluxe-cosmetics.com\/ro\/colaborari\/#breadcrumb\"},\"inLanguage\":\"ro-RO\",\"potentialAction\":[{\"@type\":\"ReadAction\",\"target\":[\"https:\/\/activeluxe-cosmetics.com\/ro\/colaborari\/\"]}]},{\"@type\":\"BreadcrumbList\",\"@id\":\"https:\/\/activeluxe-cosmetics.com\/ro\/colaborari\/#breadcrumb\",\"itemListElement\":[{\"@type\":\"ListItem\",\"position\":1,\"name\":\"Copert\u0103\",\"item\":\"https:\/\/activeluxe-cosmetics.com\/ro\/\"},{\"@type\":\"ListItem\",\"position\":2,\"name\":\"Colabor\u0103ri\"}]},{\"@type\":\"WebSite\",\"@id\":\"https:\/\/activeluxe-cosmetics.com\/ro\/#website\",\"url\":\"https:\/\/activeluxe-cosmetics.com\/ro\/\",\"name\":\"Active Luxe Cosmetics\",\"description\":\"\",\"potentialAction\":[{\"@type\":\"SearchAction\",\"target\":{\"@type\":\"EntryPoint\",\"urlTemplate\":\"https:\/\/activeluxe-cosmetics.com\/ro\/?s={search_term_string}\"},\"query-input\":\"required name=search_term_string\"}],\"inLanguage\":\"ro-RO\"}]}<\/script>\n<!-- \/ Yoast SEO plugin. -->","yoast_head_json":{"title":"Colabor\u0103ri - Active Luxe Cosmetics","robots":{"index":"index","follow":"follow","max-snippet":"max-snippet:-1","max-image-preview":"max-image-preview:large","max-video-preview":"max-video-preview:-1"},"canonical":"https:\/\/activeluxe-cosmetics.com\/ro\/colaborari\/","og_locale":"ro_RO","og_type":"article","og_title":"Colabor\u0103ri - Active Luxe Cosmetics","og_url":"https:\/\/activeluxe-cosmetics.com\/ro\/colaborari\/","og_site_name":"Active Luxe Cosmetics","article_modified_time":"2024-07-01T09:27:30+00:00","twitter_card":"summary_large_image","schema":{"@context":"https:\/\/schema.org","@graph":[{"@type":"WebPage","@id":"https:\/\/activeluxe-cosmetics.com\/ro\/colaborari\/","url":"https:\/\/activeluxe-cosmetics.com\/ro\/colaborari\/","name":"Colabor\u0103ri - Active Luxe Cosmetics","isPartOf":{"@id":"https:\/\/activeluxe-cosmetics.com\/ro\/#website"},"datePublished":"2024-04-09T07:13:02+00:00","dateModified":"2024-07-01T09:27:30+00:00","breadcrumb":{"@id":"https:\/\/activeluxe-cosmetics.com\/ro\/colaborari\/#breadcrumb"},"inLanguage":"ro-RO","potentialAction":[{"@type":"ReadAction","target":["https:\/\/activeluxe-cosmetics.com\/ro\/colaborari\/"]}]},{"@type":"BreadcrumbList","@id":"https:\/\/activeluxe-cosmetics.com\/ro\/colaborari\/#breadcrumb","itemListElement":[{"@type":"ListItem","position":1,"name":"Copert\u0103","item":"https:\/\/activeluxe-cosmetics.com\/ro\/"},{"@type":"ListItem","position":2,"name":"Colabor\u0103ri"}]},{"@type":"WebSite","@id":"https:\/\/activeluxe-cosmetics.com\/ro\/#website","url":"https:\/\/activeluxe-cosmetics.com\/ro\/","name":"Active Luxe Cosmetics","description":"","potentialAction":[{"@type":"SearchAction","target":{"@type":"EntryPoint","urlTemplate":"https:\/\/activeluxe-cosmetics.com\/ro\/?s={search_term_string}"},"query-input":"required name=search_term_string"}],"inLanguage":"ro-RO"}]}},"_links":{"self":[{"href":"https:\/\/activeluxe-cosmetics.com\/ro\/wp-json\/wp\/v2\/pages\/82782","targetHints":{"allow":["GET"]}}],"collection":[{"href":"https:\/\/activeluxe-cosmetics.com\/ro\/wp-json\/wp\/v2\/pages"}],"about":[{"href":"https:\/\/activeluxe-cosmetics.com\/ro\/wp-json\/wp\/v2\/types\/page"}],"author":[{"embeddable":true,"href":"https:\/\/activeluxe-cosmetics.com\/ro\/wp-json\/wp\/v2\/users\/6"}],"replies":[{"embeddable":true,"href":"https:\/\/activeluxe-cosmetics.com\/ro\/wp-json\/wp\/v2\/comments?post=82782"}],"version-history":[{"count":8,"href":"https:\/\/activeluxe-cosmetics.com\/ro\/wp-json\/wp\/v2\/pages\/82782\/revisions"}],"predecessor-version":[{"id":84669,"href":"https:\/\/activeluxe-cosmetics.com\/ro\/wp-json\/wp\/v2\/pages\/82782\/revisions\/84669"}],"wp:attachment":[{"href":"https:\/\/activeluxe-cosmetics.com\/ro\/wp-json\/wp\/v2\/media?parent=82782"}],"curies":[{"name":"wp","href":"https:\/\/api.w.org\/{rel}","templated":true}]}}