{"id":80941,"date":"2024-01-29T12:43:41","date_gmt":"2024-01-29T12:43:41","guid":{"rendered":"https:\/\/activeluxe-cosmetics.com\/ro\/?page_id=80941"},"modified":"2024-06-21T12:50:53","modified_gmt":"2024-06-21T12:50:53","slug":"preturi-si-metode-de-plata","status":"publish","type":"page","link":"https:\/\/activeluxe-cosmetics.com\/ro\/preturi-si-metode-de-plata\/","title":{"rendered":"Pre\u021buri \u0219i metode de plat\u0103"},"content":{"rendered":"\t<section class=\"section al-page-title-section\" id=\"section_1966536485\">\n\t\t<div class=\"bg section-bg fill bg-fill  bg-loaded\" >\n\n\t\t\t\n\t\t\t\n\t\t\t\n\n\t\t<\/div>\n\n\t\t\n\n\t\t<div class=\"section-content relative\">\n\t\t\t\n\n<div class=\"row\"  id=\"row-1807905939\">\n\n\n\t<div id=\"col-1246662022\" class=\"col small-12 large-12\"  >\n\t\t\t\t<div class=\"col-inner\"  >\n\t\t\t\n\t\t\t\n\n\t<div id=\"text-1139463109\" class=\"text al-p-48\">\n\t\t\n\n<h2>Pre\u021buri \u0219i metode de plat\u0103<\/h2>\n\n\t\t\n<style>\n#text-1139463109 {\n  text-align: center;\n}\n<\/style>\n\t<\/div>\n\t\n\n\t\t<\/div>\n\t\t\t\t\t<\/div>\n\n\t\n\n<\/div>\n\n\t\t<\/div>\n\n\t\t\n<style>\n#section_1966536485 {\n  padding-top: 50px;\n  padding-bottom: 50px;\n}\n<\/style>\n\t<\/section>\n\t\n\t<section class=\"section\" id=\"section_1134949258\">\n\t\t<div class=\"bg section-bg fill bg-fill  bg-loaded\" >\n\n\t\t\t\n\t\t\t\n\t\t\t\n\n\t\t<\/div>\n\n\t\t\n\n\t\t<div class=\"section-content relative\">\n\t\t\t\n\n<div class=\"row\"  id=\"row-1077069893\">\n\n\n\t<div id=\"col-650900895\" class=\"col small-12 large-12\"  >\n\t\t\t\t<div class=\"col-inner\"  >\n\t\t\t\n\t\t\t\n\n\t<div id=\"text-1418048383\" class=\"text al-p-16\">\n\t\t\n\n<p><span style=\"font-weight: 400;\">Pre\u021bul online se aplic\u0103 tuturor achizi\u021biilor efectuate prin intermediul site-ului web \u0219i include deja o reducere, care se poate modifica.<\/span><\/p>\n<p><span style=\"font-weight: 400;\">Op\u021biunile de plat\u0103 \u00een magazinul online:<\/span><\/p>\n<ul>\n<li style=\"font-weight: 400;\" aria-level=\"1\"><span style=\"font-weight: 400;\">ramburs la livrare: pl\u0103ti\u021bi numerar companiei de curierat \u00een momentul \u00een care aceasta v\u0103 livreaz\u0103 bunurile comandate. Suma este indicat\u0103 pe site-ul web \u00een momentul comenzii (+ livrare 3,80). Indiferent de metoda de plat\u0103 pe care o alege\u021bi, ve\u021bi primi o factur\u0103 pentru achizi\u021bionarea articolelor (\u00een format .pdf) pe adresa dumneavoastr\u0103 de e-mail imediat dup\u0103 livrarea pachetului sau \u00een form\u0103 fizic\u0103 imediat dup\u0103 ce a\u021bi primit pachetul,<\/span><\/li>\n<li style=\"font-weight: 400;\" aria-level=\"1\"><span style=\"font-weight: 400;\">prin transfer bancar \u00een contul Medilip d.o.o. (conform ofertei\/facturii proforma),<\/span><\/li>\n<li style=\"font-weight: 400;\" aria-level=\"1\"><span style=\"font-weight: 400;\">prin PayPal<\/span><\/li>\n<li style=\"font-weight: 400;\" aria-level=\"1\"><span style=\"font-weight: 400;\">prin cardul de credit.<\/span><\/li>\n<\/ul>\n<p><span style=\"font-weight: 400;\">Pre\u021bul valabil al produsului este pre\u021bul publicat \u00een ziua comenzii. Costuri de livrare sunt de 3,80 euro.<\/span><\/p>\n<p><span style=\"font-weight: 400;\">\u00cen cazul unei comenzi unice de peste 50 de euro, livrarea este gratuit\u0103.<\/span><\/p>\n<p><span style=\"font-weight: 400;\">Oferta \u0219i pre\u021burile sunt valabile \u00een limita stocului disponibil sau p\u00e2n\u0103 c\u00e2nd v\u0103 anula\u021bi comanda \u00een scris. Toate pre\u021burile includ TVA. Pre\u021bul tuturor bunurilor con\u021bine TVA \u00een valoare de 22%. Imaginile sunt simbolice \u0219i nu reflect\u0103 \u00eentotdeauna pe deplin starea real\u0103 a produsului. Ne rezerv\u0103m dreptul de a efectua modific\u0103ri \u0219i de a avea erori pe site-ul web \u0219i \u00een alte reclame f\u0103r\u0103 notificare prealabil\u0103. Dac\u0103 nu sunte\u021bi mul\u021bumi\u021bi de bunurile achizi\u021bionate, indiferent de motiv, trebuie s\u0103 ni le returna\u021bi \u00een termen de 15 zile de la data primirii expedierii, \u00een conformitate cu <\/span><i><span style=\"font-weight: 400;\">Legea privind protec\u021bia consumatorilor (ZVPot)<\/span><\/i><span style=\"font-weight: 400;\">, f\u0103r\u0103 a fi nevoie s\u0103 oferi\u021bi un motiv.<\/span><\/p>\n<p><span style=\"font-weight: 400;\">\u00a0<\/span><\/p>\n<h5><b>Protec\u021bia datelor cu caracter personal<\/b><\/h5>\n<p><span style=\"font-weight: 400;\">V\u00e2nz\u0103torul se angajeaz\u0103 s\u0103 protejeze permanent toate datele cu caracter personal ale utilizatorului. V\u00e2nz\u0103torul stocheaz\u0103 pe termen nedefinit urm\u0103toarele date ale utilizatorilor care se aboneaz\u0103 la buletinul informativ online: numele \u0219i prenumele, adresa de e-mail. V\u00e2nz\u0103torul va utiliza datele cu caracter personal numai \u00een scopul trimiterii buletinului informativ online. \u00cen niciun caz nu vor fi transmise datele utilizatorilor c\u0103tre persoane neautorizate. Utilizatorul este, de asemenea, responsabil pentru protec\u021bia datelor cu caracter personal, asigur\u00e2ndu-se c\u0103 numele de utilizator \u0219i parola sunt sigure \u0219i instal\u00e2nd pe computerul s\u0103u un software de protec\u021bie adecvat (antivirus).<\/span><\/p>\n<p><span style=\"font-weight: 400;\">\u00a0<\/span><\/p>\n<h5><b>Pl\u00e2ngeri \u0219i litigii<\/b><\/h5>\n<p><span style=\"font-weight: 400;\">V\u00e2nz\u0103torul respect\u0103 legisla\u021bia aplicabil\u0103 privind protec\u021bia consumatorilor. V\u00e2nz\u0103torul depune toate eforturile pentru a-\u0219i \u00eendeplini obliga\u021bia de a institui un sistem eficient de tratare a reclama\u021biilor \u0219i de a desemna o persoan\u0103 pe care clientul o poate contacta telefonic sau prin e-mail \u00een caz de probleme. Pl\u00e2ngerea trebuie trimis\u0103 prin e-mail la adresa info@medilip.si. Procedura de reclama\u021bie este confiden\u021bial\u0103. Furnizorul este con\u0219tient de faptul c\u0103 o caracteristic\u0103 esen\u021bial\u0103 a litigiilor de consum, cel pu\u021bin \u00een ceea ce prive\u0219te solu\u021bionarea judiciar\u0103, este dispropor\u021bia dintre valoarea economic\u0103 a pl\u00e2ngerii \u0219i costurile suportate pentru solu\u021bionarea litigiului \u00een sine. Aceast\u0103 discrepan\u021b\u0103 este, de asemenea, un obstacol major \u00een calea consumatorilor care doresc s\u0103 sesizeze instan\u021bele de judecat\u0103. Astfel, furnizorul se str\u0103duie\u0219te, \u00een m\u0103sura posibilit\u0103\u021bilor sale, s\u0103 rezolve orice litigiu pe cale amiabil\u0103.<\/span><\/p>\n<p><span style=\"font-weight: 400;\">\u00a0<\/span><\/p>\n<h5><b>Opinii, sugestii<\/b><\/h5>\n<p><span style=\"font-weight: 400;\">Sugestiile \u0219i comentariile dumneavoastr\u0103 sunt binevenite. Ne pute\u021bi contacta la: info@activeluxe-cosmetics.com<\/span><\/p>\n<p><span style=\"font-weight: 400;\">Am fi foarte bucuro\u0219i s\u0103 afl\u0103m p\u0103rerea dumneavoastr\u0103 \u0219i v\u0103 mul\u021bumim pentru feedback-ul dumneavoastr\u0103!<\/span><\/p>\n\t\t\t<\/div>\n\t\n\n\t\t<\/div>\n\t\t\t\t\t<\/div>\n\n\t\n\n<\/div>\n\n\t\t<\/div>\n\n\t\t\n<style>\n#section_1134949258 {\n  padding-top: 30px;\n  padding-bottom: 30px;\n}\n<\/style>\n\t<\/section>\n\t","protected":false},"excerpt":{"rendered":"","protected":false},"author":6,"featured_media":0,"parent":0,"menu_order":0,"comment_status":"closed","ping_status":"closed","template":"","meta":{"footnotes":""},"class_list":["post-80941","page","type-page","status-publish","hentry"],"acf":[],"yoast_head":"<!-- This site is optimized with the Yoast SEO plugin v21.8 - https:\/\/yoast.com\/wordpress\/plugins\/seo\/ -->\n<title>Pre\u021buri \u0219i metode de plat\u0103 - Active Luxe Cosmetics<\/title>\n<meta name=\"robots\" content=\"index, follow, max-snippet:-1, max-image-preview:large, max-video-preview:-1\" \/>\n<link rel=\"canonical\" href=\"https:\/\/activeluxe-cosmetics.com\/ro\/preturi-si-metode-de-plata\/\" \/>\n<meta property=\"og:locale\" content=\"ro_RO\" \/>\n<meta property=\"og:type\" content=\"article\" \/>\n<meta property=\"og:title\" content=\"Pre\u021buri \u0219i metode de plat\u0103 - Active Luxe Cosmetics\" \/>\n<meta property=\"og:url\" content=\"https:\/\/activeluxe-cosmetics.com\/ro\/preturi-si-metode-de-plata\/\" \/>\n<meta property=\"og:site_name\" content=\"Active Luxe Cosmetics\" \/>\n<meta property=\"article:modified_time\" content=\"2024-06-21T12:50:53+00:00\" \/>\n<meta name=\"twitter:card\" content=\"summary_large_image\" \/>\n<meta name=\"twitter:label1\" content=\"Timp estimat pentru citire\" \/>\n\t<meta name=\"twitter:data1\" content=\"3 minute\" \/>\n<script type=\"application\/ld+json\" class=\"yoast-schema-graph\">{\"@context\":\"https:\/\/schema.org\",\"@graph\":[{\"@type\":\"WebPage\",\"@id\":\"https:\/\/activeluxe-cosmetics.com\/ro\/preturi-si-metode-de-plata\/\",\"url\":\"https:\/\/activeluxe-cosmetics.com\/ro\/preturi-si-metode-de-plata\/\",\"name\":\"Pre\u021buri \u0219i metode de plat\u0103 - Active Luxe Cosmetics\",\"isPartOf\":{\"@id\":\"https:\/\/activeluxe-cosmetics.com\/ro\/#website\"},\"datePublished\":\"2024-01-29T12:43:41+00:00\",\"dateModified\":\"2024-06-21T12:50:53+00:00\",\"breadcrumb\":{\"@id\":\"https:\/\/activeluxe-cosmetics.com\/ro\/preturi-si-metode-de-plata\/#breadcrumb\"},\"inLanguage\":\"ro-RO\",\"potentialAction\":[{\"@type\":\"ReadAction\",\"target\":[\"https:\/\/activeluxe-cosmetics.com\/ro\/preturi-si-metode-de-plata\/\"]}]},{\"@type\":\"BreadcrumbList\",\"@id\":\"https:\/\/activeluxe-cosmetics.com\/ro\/preturi-si-metode-de-plata\/#breadcrumb\",\"itemListElement\":[{\"@type\":\"ListItem\",\"position\":1,\"name\":\"Copert\u0103\",\"item\":\"https:\/\/activeluxe-cosmetics.com\/ro\/\"},{\"@type\":\"ListItem\",\"position\":2,\"name\":\"Pre\u021buri \u0219i metode de plat\u0103\"}]},{\"@type\":\"WebSite\",\"@id\":\"https:\/\/activeluxe-cosmetics.com\/ro\/#website\",\"url\":\"https:\/\/activeluxe-cosmetics.com\/ro\/\",\"name\":\"Active Luxe Cosmetics\",\"description\":\"\",\"potentialAction\":[{\"@type\":\"SearchAction\",\"target\":{\"@type\":\"EntryPoint\",\"urlTemplate\":\"https:\/\/activeluxe-cosmetics.com\/ro\/?s={search_term_string}\"},\"query-input\":\"required name=search_term_string\"}],\"inLanguage\":\"ro-RO\"}]}<\/script>\n<!-- \/ Yoast SEO plugin. -->","yoast_head_json":{"title":"Pre\u021buri \u0219i metode de plat\u0103 - Active Luxe Cosmetics","robots":{"index":"index","follow":"follow","max-snippet":"max-snippet:-1","max-image-preview":"max-image-preview:large","max-video-preview":"max-video-preview:-1"},"canonical":"https:\/\/activeluxe-cosmetics.com\/ro\/preturi-si-metode-de-plata\/","og_locale":"ro_RO","og_type":"article","og_title":"Pre\u021buri \u0219i metode de plat\u0103 - Active Luxe Cosmetics","og_url":"https:\/\/activeluxe-cosmetics.com\/ro\/preturi-si-metode-de-plata\/","og_site_name":"Active Luxe Cosmetics","article_modified_time":"2024-06-21T12:50:53+00:00","twitter_card":"summary_large_image","twitter_misc":{"Timp estimat pentru citire":"3 minute"},"schema":{"@context":"https:\/\/schema.org","@graph":[{"@type":"WebPage","@id":"https:\/\/activeluxe-cosmetics.com\/ro\/preturi-si-metode-de-plata\/","url":"https:\/\/activeluxe-cosmetics.com\/ro\/preturi-si-metode-de-plata\/","name":"Pre\u021buri \u0219i metode de plat\u0103 - Active Luxe Cosmetics","isPartOf":{"@id":"https:\/\/activeluxe-cosmetics.com\/ro\/#website"},"datePublished":"2024-01-29T12:43:41+00:00","dateModified":"2024-06-21T12:50:53+00:00","breadcrumb":{"@id":"https:\/\/activeluxe-cosmetics.com\/ro\/preturi-si-metode-de-plata\/#breadcrumb"},"inLanguage":"ro-RO","potentialAction":[{"@type":"ReadAction","target":["https:\/\/activeluxe-cosmetics.com\/ro\/preturi-si-metode-de-plata\/"]}]},{"@type":"BreadcrumbList","@id":"https:\/\/activeluxe-cosmetics.com\/ro\/preturi-si-metode-de-plata\/#breadcrumb","itemListElement":[{"@type":"ListItem","position":1,"name":"Copert\u0103","item":"https:\/\/activeluxe-cosmetics.com\/ro\/"},{"@type":"ListItem","position":2,"name":"Pre\u021buri \u0219i metode de plat\u0103"}]},{"@type":"WebSite","@id":"https:\/\/activeluxe-cosmetics.com\/ro\/#website","url":"https:\/\/activeluxe-cosmetics.com\/ro\/","name":"Active Luxe Cosmetics","description":"","potentialAction":[{"@type":"SearchAction","target":{"@type":"EntryPoint","urlTemplate":"https:\/\/activeluxe-cosmetics.com\/ro\/?s={search_term_string}"},"query-input":"required name=search_term_string"}],"inLanguage":"ro-RO"}]}},"_links":{"self":[{"href":"https:\/\/activeluxe-cosmetics.com\/ro\/wp-json\/wp\/v2\/pages\/80941","targetHints":{"allow":["GET"]}}],"collection":[{"href":"https:\/\/activeluxe-cosmetics.com\/ro\/wp-json\/wp\/v2\/pages"}],"about":[{"href":"https:\/\/activeluxe-cosmetics.com\/ro\/wp-json\/wp\/v2\/types\/page"}],"author":[{"embeddable":true,"href":"https:\/\/activeluxe-cosmetics.com\/ro\/wp-json\/wp\/v2\/users\/6"}],"replies":[{"embeddable":true,"href":"https:\/\/activeluxe-cosmetics.com\/ro\/wp-json\/wp\/v2\/comments?post=80941"}],"version-history":[{"count":6,"href":"https:\/\/activeluxe-cosmetics.com\/ro\/wp-json\/wp\/v2\/pages\/80941\/revisions"}],"predecessor-version":[{"id":84653,"href":"https:\/\/activeluxe-cosmetics.com\/ro\/wp-json\/wp\/v2\/pages\/80941\/revisions\/84653"}],"wp:attachment":[{"href":"https:\/\/activeluxe-cosmetics.com\/ro\/wp-json\/wp\/v2\/media?parent=80941"}],"curies":[{"name":"wp","href":"https:\/\/api.w.org\/{rel}","templated":true}]}}