{"id":80938,"date":"2024-01-29T12:42:19","date_gmt":"2024-01-29T12:42:19","guid":{"rendered":"https:\/\/activeluxe-cosmetics.com\/ro\/?page_id=80938"},"modified":"2024-06-21T12:49:51","modified_gmt":"2024-06-21T12:49:51","slug":"detalii-privind-livrarea","status":"publish","type":"page","link":"https:\/\/activeluxe-cosmetics.com\/ro\/detalii-privind-livrarea\/","title":{"rendered":"Detalii privind livrarea"},"content":{"rendered":"\t<section class=\"section al-page-title-section\" id=\"section_2006884446\">\n\t\t<div class=\"bg section-bg fill bg-fill  bg-loaded\" >\n\n\t\t\t\n\t\t\t\n\t\t\t\n\n\t\t<\/div>\n\n\t\t\n\n\t\t<div class=\"section-content relative\">\n\t\t\t\n\n<div class=\"row\"  id=\"row-290960110\">\n\n\n\t<div id=\"col-1035341659\" class=\"col small-12 large-12\"  >\n\t\t\t\t<div class=\"col-inner\"  >\n\t\t\t\n\t\t\t\n\n\t<div id=\"text-4075283087\" class=\"text al-p-48\">\n\t\t\n\n<h2>Detalii privind livrarea<\/h2>\n\n\t\t\n<style>\n#text-4075283087 {\n  text-align: center;\n}\n<\/style>\n\t<\/div>\n\t\n\n\t\t<\/div>\n\t\t\t\t\t<\/div>\n\n\t\n\n<\/div>\n\n\t\t<\/div>\n\n\t\t\n<style>\n#section_2006884446 {\n  padding-top: 50px;\n  padding-bottom: 50px;\n}\n<\/style>\n\t<\/section>\n\t\n\t<section class=\"section\" id=\"section_216146813\">\n\t\t<div class=\"bg section-bg fill bg-fill  bg-loaded\" >\n\n\t\t\t\n\t\t\t\n\t\t\t\n\n\t\t<\/div>\n\n\t\t\n\n\t\t<div class=\"section-content relative\">\n\t\t\t\n\n<div class=\"row\"  id=\"row-1911448604\">\n\n\n\t<div id=\"col-588223291\" class=\"col small-12 large-12\"  >\n\t\t\t\t<div class=\"col-inner\"  >\n\t\t\t\n\t\t\t\n\n\t<div id=\"text-1166705176\" class=\"text al-p-16\">\n\t\t\n\n<h1><b>Loca\u021bia de livrare \u0219i de preluare<\/b><\/h1>\n<h5><b>Metoda de livrare \u0219i costul<\/b><\/h5>\n<p><span style=\"font-weight: 400;\">Partenerii no\u0219tri de livrare sunt DPD Slovenia, GLS Slovenia \u0219i Po\u0161ta Slovenije, care livreaz\u0103 majoritatea coletelor \u00een urm\u0103toarea zi lucr\u0103toare (livrare \u00eentre 1-3 zile lucr\u0103toare, p\u00e2n\u0103 la cel mult 5 zile lucr\u0103toare).<\/span><\/p>\n<p><span style=\"font-weight: 400;\">Taxa de livrare este aceea\u0219i pentru \u00eentreg teritoriul Sloveniei \u0219i este de 3,80 EUR pentru toate comenzile mai mici de 50 EUR.<\/span><\/p>\n<p><span style=\"font-weight: 400;\">\u00a0<\/span><\/p>\n<p><span style=\"font-weight: 400;\">Pentru comenzile online de peste 50 de euro, livrarea este gratuit\u0103.<\/span><\/p>\n<p><span style=\"font-weight: 400;\">\u00a0<\/span><\/p>\n<p><span style=\"font-weight: 400;\">Bunurile comandate vor fi expediate la adresa pe care a\u021bi furnizat-o atunci c\u00e2nd a\u021bi plasat comanda. Livr\u0103rile au loc de luni p\u00e2n\u0103 vineri diminea\u021ba. Indiferent de situa\u021bie, magazinul online nu este r\u0103spunz\u0103tor pentru orice dep\u0103\u0219ire a termenului de livrare. \u00cen cazul \u00een care un produs pe care l-a\u021bi comandat nu mai este \u00een stoc, v\u0103 vom notifica \u0219i v\u0103 vom prezenta restul ofertei noastre sau v\u0103 vom oferi o dat\u0103 de livrare pentru articolul comandat. Toate expedierile sunt livrate de DPD Slovenia. Bunurile necolectate trimise de Po\u0161ta Slovenije pot fi ridicate de la oficiul po\u0219tal \u00een termen de 15 zile de la data la care destinatarul a fost informat de sosirea lor.<\/span><\/p>\n<p><span style=\"font-weight: 400;\">\u00a0<\/span><\/p>\n<p><span style=\"font-weight: 400;\">Pentru a consulta Termenii \u0219i condi\u021biile generale ale serviciului de livrare DPD, face\u021bi clic <\/span><a href=\"https:\/\/www.eurosender.com\/sl\/splosni-pogoji\"><span style=\"font-weight: 400;\">aici<\/span><\/a><span style=\"font-weight: 400;\">.<\/span><\/p>\n<p><span style=\"font-weight: 400;\">\u00a0<\/span><\/p>\n<p><span style=\"font-weight: 400;\">Pentru a consulta Termenii \u0219i condi\u021biile generale ale Po\u0161ta Slovenije, face\u021bi clic <\/span><a href=\"https:\/\/www.posta.si\/zakoni-in-splosni-pogoji\"><span style=\"font-weight: 400;\">aici<\/span><\/a><span style=\"font-weight: 400;\">.<\/span><\/p>\n<p><span style=\"font-weight: 400;\">\u00a0<\/span><\/p>\n<h5><b>Loca\u021bia de preluare<\/b><\/h5>\n<p><span style=\"font-weight: 400;\">Dac\u0103 dori\u021bi, pute\u021bi, de asemenea, s\u0103 ridica\u021bi produsele comandate de la depozitul companiei din Prvomajska 18a, 3000 Celje, \u00een urma unei conven\u021bii telefonice prealabile.<\/span><\/p>\n<p><span style=\"font-weight: 400;\">\u00a0<\/span><\/p>\n<h5><b>Deteriorarea produsului<\/b><\/h5>\n<p><span style=\"font-weight: 400;\">Cump\u0103r\u0103torul este obligat s\u0103 inspecteze cu aten\u021bie ambalajul \u0219i con\u021binutul acestuia la livrarea produsului. \u00cen caz de deteriorare a produsului, cump\u0103r\u0103torul este obligat s\u0103 notifice imediat agentul de livrare cu privire la deteriorare. Cump\u0103r\u0103torul este obligat s\u0103 \u00eentocmeasc\u0103 \u00eempreun\u0103 cu lucr\u0103torul po\u0219tal un proces-verbal oficial, av\u00e2nd grij\u0103 s\u0103 completeze \u00een mod special sec\u021biunea referitoare la starea ambalajului \u0219i a produsului. Cump\u0103r\u0103torul va returna produsul deteriorat, care va fi trimis la adresa expeditorului \u00eempreun\u0103 cu raportul oficial, pe cheltuiala Medilip d.o.o.. La primirea produsului deteriorat, vom trimite un nou produs cump\u0103r\u0103torului \u00een cel mai scurt timp posibil. \u00cen cazul \u00een care cump\u0103r\u0103torul constat\u0103 daunele dup\u0103 livrarea produsului, dar \u00een termen de 30 de zile de la livrare, cump\u0103r\u0103torul trebuie s\u0103 raporteze daunele la info@activeluxe-cosmetics.com sau la nr. de tel. +386 0(3) 548 12 34. Pentru a raporta deteriorarea unui produs \u00een termen de 30 de zile de la livrare, trebuie s\u0103 ave\u021bi ambalajul pentru a putea determina unde sau cum s-a produs deteriorarea. De asemenea, este de preferat ca pagubele s\u0103 fie \u00eenregistrate cu un aparat de fotografiat, iar fotografiile s\u0103 fie trimise la info@activeluxe-cosmetics.com. Orice reclama\u021bii ulterioare referitoare la deteriorarea produsului sunt luate \u00een considerare de c\u0103tre transportatori doar \u00een mod excep\u021bional \u0219i nu pot fi rezolvate de c\u0103tre compania noastr\u0103 \u00een numele lor.<\/span><\/p>\n<p><span style=\"font-weight: 400;\">\u00a0<\/span><\/p>\n<h5><b>Opinii, sugestii<\/b><\/h5>\n<p><span style=\"font-weight: 400;\">Sugestiile \u0219i comentariile dumneavoastr\u0103 sunt binevenite. Ne pute\u021bi contacta la: info@activeluxe-cosmetics.com<\/span><\/p>\n<p><span style=\"font-weight: 400;\">Am fi foarte bucuro\u0219i s\u0103 afl\u0103m p\u0103rerea dumneavoastr\u0103 \u0219i v\u0103 mul\u021bumim pentru feedback-ul dumneavoastr\u0103!<\/span><\/p>\n\t\t\t<\/div>\n\t\n\n\t\t<\/div>\n\t\t\t\t\t<\/div>\n\n\t\n\n<\/div>\n\n\t\t<\/div>\n\n\t\t\n<style>\n#section_216146813 {\n  padding-top: 30px;\n  padding-bottom: 30px;\n}\n<\/style>\n\t<\/section>\n\t","protected":false},"excerpt":{"rendered":"","protected":false},"author":6,"featured_media":0,"parent":0,"menu_order":0,"comment_status":"closed","ping_status":"closed","template":"","meta":{"footnotes":""},"class_list":["post-80938","page","type-page","status-publish","hentry"],"acf":[],"yoast_head":"<!-- This site is optimized with the Yoast SEO plugin v21.8 - https:\/\/yoast.com\/wordpress\/plugins\/seo\/ -->\n<title>Detalii privind livrarea - Active Luxe Cosmetics<\/title>\n<meta name=\"robots\" content=\"index, follow, max-snippet:-1, max-image-preview:large, max-video-preview:-1\" \/>\n<link rel=\"canonical\" href=\"https:\/\/activeluxe-cosmetics.com\/ro\/detalii-privind-livrarea\/\" \/>\n<meta property=\"og:locale\" content=\"ro_RO\" \/>\n<meta property=\"og:type\" content=\"article\" \/>\n<meta property=\"og:title\" content=\"Detalii privind livrarea - Active Luxe Cosmetics\" \/>\n<meta property=\"og:url\" content=\"https:\/\/activeluxe-cosmetics.com\/ro\/detalii-privind-livrarea\/\" \/>\n<meta property=\"og:site_name\" content=\"Active Luxe Cosmetics\" \/>\n<meta property=\"article:modified_time\" content=\"2024-06-21T12:49:51+00:00\" \/>\n<meta name=\"twitter:card\" content=\"summary_large_image\" \/>\n<meta name=\"twitter:label1\" content=\"Timp estimat pentru citire\" \/>\n\t<meta name=\"twitter:data1\" content=\"2 minute\" \/>\n<script type=\"application\/ld+json\" class=\"yoast-schema-graph\">{\"@context\":\"https:\/\/schema.org\",\"@graph\":[{\"@type\":\"WebPage\",\"@id\":\"https:\/\/activeluxe-cosmetics.com\/ro\/detalii-privind-livrarea\/\",\"url\":\"https:\/\/activeluxe-cosmetics.com\/ro\/detalii-privind-livrarea\/\",\"name\":\"Detalii privind livrarea - Active Luxe Cosmetics\",\"isPartOf\":{\"@id\":\"https:\/\/activeluxe-cosmetics.com\/ro\/#website\"},\"datePublished\":\"2024-01-29T12:42:19+00:00\",\"dateModified\":\"2024-06-21T12:49:51+00:00\",\"breadcrumb\":{\"@id\":\"https:\/\/activeluxe-cosmetics.com\/ro\/detalii-privind-livrarea\/#breadcrumb\"},\"inLanguage\":\"ro-RO\",\"potentialAction\":[{\"@type\":\"ReadAction\",\"target\":[\"https:\/\/activeluxe-cosmetics.com\/ro\/detalii-privind-livrarea\/\"]}]},{\"@type\":\"BreadcrumbList\",\"@id\":\"https:\/\/activeluxe-cosmetics.com\/ro\/detalii-privind-livrarea\/#breadcrumb\",\"itemListElement\":[{\"@type\":\"ListItem\",\"position\":1,\"name\":\"Copert\u0103\",\"item\":\"https:\/\/activeluxe-cosmetics.com\/ro\/\"},{\"@type\":\"ListItem\",\"position\":2,\"name\":\"Detalii privind livrarea\"}]},{\"@type\":\"WebSite\",\"@id\":\"https:\/\/activeluxe-cosmetics.com\/ro\/#website\",\"url\":\"https:\/\/activeluxe-cosmetics.com\/ro\/\",\"name\":\"Active Luxe Cosmetics\",\"description\":\"\",\"potentialAction\":[{\"@type\":\"SearchAction\",\"target\":{\"@type\":\"EntryPoint\",\"urlTemplate\":\"https:\/\/activeluxe-cosmetics.com\/ro\/?s={search_term_string}\"},\"query-input\":\"required name=search_term_string\"}],\"inLanguage\":\"ro-RO\"}]}<\/script>\n<!-- \/ Yoast SEO plugin. -->","yoast_head_json":{"title":"Detalii privind livrarea - Active Luxe Cosmetics","robots":{"index":"index","follow":"follow","max-snippet":"max-snippet:-1","max-image-preview":"max-image-preview:large","max-video-preview":"max-video-preview:-1"},"canonical":"https:\/\/activeluxe-cosmetics.com\/ro\/detalii-privind-livrarea\/","og_locale":"ro_RO","og_type":"article","og_title":"Detalii privind livrarea - Active Luxe Cosmetics","og_url":"https:\/\/activeluxe-cosmetics.com\/ro\/detalii-privind-livrarea\/","og_site_name":"Active Luxe Cosmetics","article_modified_time":"2024-06-21T12:49:51+00:00","twitter_card":"summary_large_image","twitter_misc":{"Timp estimat pentru citire":"2 minute"},"schema":{"@context":"https:\/\/schema.org","@graph":[{"@type":"WebPage","@id":"https:\/\/activeluxe-cosmetics.com\/ro\/detalii-privind-livrarea\/","url":"https:\/\/activeluxe-cosmetics.com\/ro\/detalii-privind-livrarea\/","name":"Detalii privind livrarea - Active Luxe Cosmetics","isPartOf":{"@id":"https:\/\/activeluxe-cosmetics.com\/ro\/#website"},"datePublished":"2024-01-29T12:42:19+00:00","dateModified":"2024-06-21T12:49:51+00:00","breadcrumb":{"@id":"https:\/\/activeluxe-cosmetics.com\/ro\/detalii-privind-livrarea\/#breadcrumb"},"inLanguage":"ro-RO","potentialAction":[{"@type":"ReadAction","target":["https:\/\/activeluxe-cosmetics.com\/ro\/detalii-privind-livrarea\/"]}]},{"@type":"BreadcrumbList","@id":"https:\/\/activeluxe-cosmetics.com\/ro\/detalii-privind-livrarea\/#breadcrumb","itemListElement":[{"@type":"ListItem","position":1,"name":"Copert\u0103","item":"https:\/\/activeluxe-cosmetics.com\/ro\/"},{"@type":"ListItem","position":2,"name":"Detalii privind livrarea"}]},{"@type":"WebSite","@id":"https:\/\/activeluxe-cosmetics.com\/ro\/#website","url":"https:\/\/activeluxe-cosmetics.com\/ro\/","name":"Active Luxe Cosmetics","description":"","potentialAction":[{"@type":"SearchAction","target":{"@type":"EntryPoint","urlTemplate":"https:\/\/activeluxe-cosmetics.com\/ro\/?s={search_term_string}"},"query-input":"required name=search_term_string"}],"inLanguage":"ro-RO"}]}},"_links":{"self":[{"href":"https:\/\/activeluxe-cosmetics.com\/ro\/wp-json\/wp\/v2\/pages\/80938","targetHints":{"allow":["GET"]}}],"collection":[{"href":"https:\/\/activeluxe-cosmetics.com\/ro\/wp-json\/wp\/v2\/pages"}],"about":[{"href":"https:\/\/activeluxe-cosmetics.com\/ro\/wp-json\/wp\/v2\/types\/page"}],"author":[{"embeddable":true,"href":"https:\/\/activeluxe-cosmetics.com\/ro\/wp-json\/wp\/v2\/users\/6"}],"replies":[{"embeddable":true,"href":"https:\/\/activeluxe-cosmetics.com\/ro\/wp-json\/wp\/v2\/comments?post=80938"}],"version-history":[{"count":5,"href":"https:\/\/activeluxe-cosmetics.com\/ro\/wp-json\/wp\/v2\/pages\/80938\/revisions"}],"predecessor-version":[{"id":84651,"href":"https:\/\/activeluxe-cosmetics.com\/ro\/wp-json\/wp\/v2\/pages\/80938\/revisions\/84651"}],"wp:attachment":[{"href":"https:\/\/activeluxe-cosmetics.com\/ro\/wp-json\/wp\/v2\/media?parent=80938"}],"curies":[{"name":"wp","href":"https:\/\/api.w.org\/{rel}","templated":true}]}}