{"id":72691,"date":"2024-01-15T07:51:25","date_gmt":"2024-01-15T07:51:25","guid":{"rendered":"https:\/\/activeluxe-cosmetics.com\/ro\/?page_id=72691"},"modified":"2024-06-21T12:21:25","modified_gmt":"2024-06-21T12:21:25","slug":"contact","status":"publish","type":"page","link":"https:\/\/activeluxe-cosmetics.com\/ro\/contact\/","title":{"rendered":"Contact"},"content":{"rendered":"\t<section class=\"section al-section-bg-contain al-full-width-section al-mw-1340-content\" id=\"section_1856272192\">\n\t\t<div class=\"bg section-bg fill bg-fill  \" >\n\n\t\t\t\n\t\t\t\n\t\t\t\n\n\t\t<\/div>\n\n\t\t\n\n\t\t<div class=\"section-content relative\">\n\t\t\t\n\n<div class=\"row\"  id=\"row-1397840819\">\n\n\n\t<div id=\"col-843213938\" class=\"col small-12 large-12\"  >\n\t\t\t\t<div class=\"col-inner\"  >\n\t\t\t\n\t\t\t\n\n\t<div id=\"text-367956101\" class=\"text al-p-48\">\n\t\t\n\n<h2>Kontakt<\/h2>\n\t\t\t<\/div>\n\t\n\t<div id=\"gap-997109682\" class=\"gap-element clearfix al-gap-70\" style=\"display:block; height:auto;\">\n\t\t\n<style>\n#gap-997109682 {\n  padding-top: 30px;\n}\n@media (min-width:550px) {\n  #gap-997109682 {\n    padding-top: 70px;\n  }\n}\n<\/style>\n\t<\/div>\n\t\n\n\t<div id=\"text-1530847328\" class=\"text\">\n\t\t\n\n<span><span><a href=\"https:\/\/activeluxe-cosmetics.com\/ro\/\">Copert\u0103<\/a><\/span><\/span>\n\t\t\n<style>\n#text-1530847328 {\n  color: rgb(129, 129, 129);\n}\n#text-1530847328 > * {\n  color: rgb(129, 129, 129);\n}\n<\/style>\n\t<\/div>\n\t\n\n\t\t<\/div>\n\t\t\t\t\t<\/div>\n\n\t\n\n\n<style>\n#row-1397840819 > .col > .col-inner {\n  padding: 50px 0px 0px 0px;\n}\n@media (min-width:550px) {\n  #row-1397840819 > .col > .col-inner {\n    padding: 100px 0px 30px 0px;\n  }\n}\n<\/style>\n<\/div>\n\n\t\t<\/div>\n\n\t\t\n<style>\n#section_1856272192 {\n  padding-top: 30px;\n  padding-bottom: 30px;\n  background-color: rgb(226, 201, 180);\n}\n#section_1856272192 .section-bg.bg-loaded {\n  background-image: url(https:\/\/activeluxe-cosmetics.com\/ro\/wp-content\/uploads\/2024\/01\/shutterstock_2212932693-1.jpg);\n}\n#section_1856272192 .section-bg {\n  background-position: right;\n}\n<\/style>\n\t<\/section>\n\t\n\t<section class=\"section\" id=\"section_2051937299\">\n\t\t<div class=\"bg section-bg fill bg-fill  bg-loaded\" >\n\n\t\t\t\n\t\t\t\n\t\t\t\n\n\t\t<\/div>\n\n\t\t\n\n\t\t<div class=\"section-content relative\">\n\t\t\t\n\n\t<div id=\"gap-806167356\" class=\"gap-element clearfix al-gap-50\" style=\"display:block; height:auto;\">\n\t\t\n<style>\n#gap-806167356 {\n  padding-top: 50px;\n}\n<\/style>\n\t<\/div>\n\t\n\n<div class=\"row\"  id=\"row-983948302\">\n\n\n\t<div id=\"col-875541047\" class=\"col medium-5 small-12 large-5\"  >\n\t\t\t\t<div class=\"col-inner\"  >\n\t\t\t\n\t\t\t\n\n\t<div id=\"text-3298457308\" class=\"text al-p-20\">\n\t\t\n\n<p><strong>INFORMACIJE<\/strong><\/p>\n\t\t\t<\/div>\n\t\n\t<div id=\"text-2580759522\" class=\"text al-p-18\">\n\t\t\n\n<p><strong>E-mail:<\/strong> <a href=\"mailto:info@activeluxe-cosmetics.com\">info@activeluxe-cosmetics.com<\/a><br \/><strong>Telefon<\/strong>: <a href=\"tel:38641782200\">+386 (0)41 782 200<\/a><\/p>\n<p><strong>Program de lucru<\/strong><br \/><span data-sheets-root=\"1\" data-sheets-value=\"{&quot;1&quot;:2,&quot;2&quot;:&quot;Luni - vineri: 8:00 - 16:00&quot;}\" data-sheets-userformat=\"{&quot;2&quot;:6529,&quot;3&quot;:{&quot;1&quot;:0,&quot;3&quot;:1},&quot;10&quot;:2,&quot;11&quot;:4,&quot;14&quot;:{&quot;1&quot;:2,&quot;2&quot;:0},&quot;15&quot;:&quot;Arial&quot;}\">Luni &#8211; vineri: 8:00 &#8211; 16:00<\/span><\/p>\n\t\t\t<\/div>\n\t\n\t<div id=\"gap-665959882\" class=\"gap-element clearfix al-gap-20\" style=\"display:block; height:auto;\">\n\t\t\n<style>\n#gap-665959882 {\n  padding-top: 20px;\n}\n<\/style>\n\t<\/div>\n\t\n\n\n\t\t<\/div>\n\t\t\t\t\t<\/div>\n\n\t\n\n\t<div id=\"col-472785703\" class=\"col medium-7 small-12 large-7\"  >\n\t\t\t\t<div class=\"col-inner\" style=\"background-color:rgb(240, 223, 195);\" >\n\t\t\t\n\t\t\t\n\n\t<div id=\"text-3975034365\" class=\"text al-p-38\">\n\t\t\n\n<h2>Dore\u0219ti s\u0103 ne lauzi, s\u0103 ne spui opinia ta sau s\u0103 ne adresezi o \u00eentrebare? <strong>Contacteaz\u0103-ne.<\/strong><\/h2>\n\n\t\t\t<\/div>\n\t\n\t<div id=\"gap-116982863\" class=\"gap-element clearfix al-gap-30\" style=\"display:block; height:auto;\">\n\t\t\n<style>\n#gap-116982863 {\n  padding-top: 30px;\n}\n<\/style>\n\t<\/div>\n\t\n\n\n<div class=\"wpcf7 no-js\" id=\"wpcf7-f72703-o1\" lang=\"en-US\" dir=\"ltr\">\n<div class=\"screen-reader-response\"><p role=\"status\" aria-live=\"polite\" aria-atomic=\"true\"><\/p> <ul><\/ul><\/div>\n<form action=\"\/ro\/wp-json\/wp\/v2\/pages\/72691#wpcf7-f72703-o1\" method=\"post\" class=\"wpcf7-form init\" aria-label=\"Contact form\" enctype=\"multipart\/form-data\" novalidate=\"novalidate\" data-status=\"init\">\n<div style=\"display: none;\">\n<input type=\"hidden\" name=\"_wpcf7\" value=\"72703\" \/>\n<input type=\"hidden\" name=\"_wpcf7_version\" value=\"5.8.6\" \/>\n<input type=\"hidden\" name=\"_wpcf7_locale\" value=\"en_US\" \/>\n<input type=\"hidden\" name=\"_wpcf7_unit_tag\" value=\"wpcf7-f72703-o1\" \/>\n<input type=\"hidden\" name=\"_wpcf7_container_post\" value=\"0\" \/>\n<input type=\"hidden\" name=\"_wpcf7_posted_data_hash\" value=\"\" \/>\n<\/div>\n<div class=\"al-cf\">\n\t<div class=\"al-cf-field\">\n\t\t<p class=\"al-cf-label\">V\u0103 contactez \u00een leg\u0103tur\u0103 cu urm\u0103toarele:\n\t\t<\/p>\n\t\t<p><span class=\"wpcf7-form-control-wrap\" data-name=\"your-sports\"><span class=\"wpcf7-form-control wpcf7-radio\"><span class=\"wpcf7-list-item first\"><input type=\"radio\" name=\"your-sports\" value=\"A\u0219 dori s\u0103 scriu o recenzie de produs\" checked=\"checked\" \/><span class=\"wpcf7-list-item-label\">A\u0219 dori s\u0103 scriu o recenzie de produs<\/span><\/span><span class=\"wpcf7-list-item\"><input type=\"radio\" name=\"your-sports\" value=\"Am o \u00eentrebare despre un produs\" \/><span class=\"wpcf7-list-item-label\">Am o \u00eentrebare despre un produs<\/span><\/span><span class=\"wpcf7-list-item last\"><input type=\"radio\" name=\"your-sports\" value=\"Altele\" \/><span class=\"wpcf7-list-item-label\">Altele<\/span><\/span><\/span><\/span>\n\t\t<\/p>\n\t<\/div>\n\t<div class=\"al-cf-field\">\n\t\t<p><label>Mesaj:<br \/>\n<span class=\"wpcf7-form-control-wrap\" data-name=\"textarea-538\"><textarea cols=\"40\" rows=\"10\" class=\"wpcf7-form-control wpcf7-textarea wpcf7-validates-as-required\" aria-required=\"true\" aria-invalid=\"false\" name=\"textarea-538\"><\/textarea><\/span><\/label>\n\t\t<\/p>\n\t<\/div>\n\t<div class=\"al-cf-field al-cf-field-file\">\n\t\t<p><label><br \/>\n<span class=\"wpcf7-form-control-wrap\" data-name=\"file-16\"><input size=\"40\" class=\"wpcf7-form-control wpcf7-file\" accept=\".jpg,.jpeg,.png,.webp,.heic,.pdf\" aria-invalid=\"false\" type=\"file\" name=\"file-16\" \/><\/span><br \/>\n<\/label>\n\t\t<\/p>\n\t\t<div>\n\t\t\t<p>Ata\u0219eaz\u0103 fi\u0219ierul 10MB.\n\t\t\t<\/p>\n\t\t\t<p>Formatele acceptate sunt .jpg, .jpeg, .png, .webp, .heic, .pdf.\n\t\t\t<\/p>\n\t\t<\/div>\n\t<\/div>\n\t<div class=\"al-cf-field\">\n\t\t<p><label> Adresa de e-mail:<br \/>\n<span class=\"wpcf7-form-control-wrap\" data-name=\"your-email\"><input size=\"40\" class=\"wpcf7-form-control wpcf7-email wpcf7-validates-as-required wpcf7-text wpcf7-validates-as-email\" autocomplete=\"email\" aria-required=\"true\" aria-invalid=\"false\" value=\"\" type=\"email\" name=\"your-email\" \/><\/span> <\/label>\n\t\t<\/p>\n\t<\/div>\n\t<div class=\"al-cf-field al-cf-field-acceptance\">\n\t\t<p><span class=\"wpcf7-form-control-wrap\" data-name=\"acceptance-393\"><span class=\"wpcf7-form-control wpcf7-acceptance\"><span class=\"wpcf7-list-item\"><input type=\"checkbox\" name=\"acceptance-393\" value=\"1\" aria-invalid=\"false\" \/><\/span><\/span><\/span>\n\t\t<\/p>\n\t\t<p>Prin introducerea adresei mele de e-mail, sunt de acord cu Termenii \u0219i condi\u021biile\n\t\t<\/p>\n\t<\/div>\n\t<div class=\"al-cf-field al-cf-field-submit\">\n\t\t<p><input class=\"wpcf7-form-control wpcf7-submit has-spinner\" type=\"submit\" value=\"TRIMITE MESAJUL\" \/>\n\t\t<\/p>\n\t<\/div>\n<\/div><div class=\"wpcf7-response-output\" aria-hidden=\"true\"><\/div>\n<\/form>\n<\/div>\n\n\n\n\t\t<\/div>\n\t\t\t\t\n<style>\n#col-472785703 > .col-inner {\n  padding: 20px 20px 20px 20px;\n}\n@media (min-width:550px) {\n  #col-472785703 > .col-inner {\n    padding: 60px 70px 60px 70px;\n  }\n}\n<\/style>\n\t<\/div>\n\n\t\n\n<\/div>\n\n\t\t<\/div>\n\n\t\t\n<style>\n#section_2051937299 {\n  padding-top: 0px;\n  padding-bottom: 0px;\n}\n<\/style>\n\t<\/section>\n\t","protected":false},"excerpt":{"rendered":"","protected":false},"author":6,"featured_media":0,"parent":0,"menu_order":0,"comment_status":"closed","ping_status":"closed","template":"","meta":{"footnotes":""},"class_list":["post-72691","page","type-page","status-publish","hentry"],"acf":[],"yoast_head":"<!-- This site is optimized with the Yoast SEO plugin v21.8 - https:\/\/yoast.com\/wordpress\/plugins\/seo\/ -->\n<title>Contact - Active Luxe Cosmetics<\/title>\n<meta name=\"robots\" content=\"index, follow, max-snippet:-1, max-image-preview:large, max-video-preview:-1\" \/>\n<link rel=\"canonical\" href=\"https:\/\/activeluxe-cosmetics.com\/ro\/contact\/\" \/>\n<meta property=\"og:locale\" content=\"ro_RO\" \/>\n<meta property=\"og:type\" content=\"article\" \/>\n<meta property=\"og:title\" content=\"Contact - Active Luxe Cosmetics\" \/>\n<meta property=\"og:url\" content=\"https:\/\/activeluxe-cosmetics.com\/ro\/contact\/\" \/>\n<meta property=\"og:site_name\" content=\"Active Luxe Cosmetics\" \/>\n<meta property=\"article:modified_time\" content=\"2024-06-21T12:21:25+00:00\" \/>\n<meta name=\"twitter:card\" content=\"summary_large_image\" \/>\n<meta name=\"twitter:label1\" content=\"Timp estimat pentru citire\" \/>\n\t<meta name=\"twitter:data1\" content=\"1 minut\" \/>\n<script type=\"application\/ld+json\" class=\"yoast-schema-graph\">{\"@context\":\"https:\/\/schema.org\",\"@graph\":[{\"@type\":\"WebPage\",\"@id\":\"https:\/\/activeluxe-cosmetics.com\/ro\/contact\/\",\"url\":\"https:\/\/activeluxe-cosmetics.com\/ro\/contact\/\",\"name\":\"Contact - Active Luxe Cosmetics\",\"isPartOf\":{\"@id\":\"https:\/\/activeluxe-cosmetics.com\/ro\/#website\"},\"datePublished\":\"2024-01-15T07:51:25+00:00\",\"dateModified\":\"2024-06-21T12:21:25+00:00\",\"breadcrumb\":{\"@id\":\"https:\/\/activeluxe-cosmetics.com\/ro\/contact\/#breadcrumb\"},\"inLanguage\":\"ro-RO\",\"potentialAction\":[{\"@type\":\"ReadAction\",\"target\":[\"https:\/\/activeluxe-cosmetics.com\/ro\/contact\/\"]}]},{\"@type\":\"BreadcrumbList\",\"@id\":\"https:\/\/activeluxe-cosmetics.com\/ro\/contact\/#breadcrumb\",\"itemListElement\":[{\"@type\":\"ListItem\",\"position\":1,\"name\":\"Copert\u0103\",\"item\":\"https:\/\/activeluxe-cosmetics.com\/ro\/\"},{\"@type\":\"ListItem\",\"position\":2,\"name\":\"Contact\"}]},{\"@type\":\"WebSite\",\"@id\":\"https:\/\/activeluxe-cosmetics.com\/ro\/#website\",\"url\":\"https:\/\/activeluxe-cosmetics.com\/ro\/\",\"name\":\"Active Luxe Cosmetics\",\"description\":\"\",\"potentialAction\":[{\"@type\":\"SearchAction\",\"target\":{\"@type\":\"EntryPoint\",\"urlTemplate\":\"https:\/\/activeluxe-cosmetics.com\/ro\/?s={search_term_string}\"},\"query-input\":\"required name=search_term_string\"}],\"inLanguage\":\"ro-RO\"}]}<\/script>\n<!-- \/ Yoast SEO plugin. -->","yoast_head_json":{"title":"Contact - Active Luxe Cosmetics","robots":{"index":"index","follow":"follow","max-snippet":"max-snippet:-1","max-image-preview":"max-image-preview:large","max-video-preview":"max-video-preview:-1"},"canonical":"https:\/\/activeluxe-cosmetics.com\/ro\/contact\/","og_locale":"ro_RO","og_type":"article","og_title":"Contact - Active Luxe Cosmetics","og_url":"https:\/\/activeluxe-cosmetics.com\/ro\/contact\/","og_site_name":"Active Luxe Cosmetics","article_modified_time":"2024-06-21T12:21:25+00:00","twitter_card":"summary_large_image","twitter_misc":{"Timp estimat pentru citire":"1 minut"},"schema":{"@context":"https:\/\/schema.org","@graph":[{"@type":"WebPage","@id":"https:\/\/activeluxe-cosmetics.com\/ro\/contact\/","url":"https:\/\/activeluxe-cosmetics.com\/ro\/contact\/","name":"Contact - Active Luxe Cosmetics","isPartOf":{"@id":"https:\/\/activeluxe-cosmetics.com\/ro\/#website"},"datePublished":"2024-01-15T07:51:25+00:00","dateModified":"2024-06-21T12:21:25+00:00","breadcrumb":{"@id":"https:\/\/activeluxe-cosmetics.com\/ro\/contact\/#breadcrumb"},"inLanguage":"ro-RO","potentialAction":[{"@type":"ReadAction","target":["https:\/\/activeluxe-cosmetics.com\/ro\/contact\/"]}]},{"@type":"BreadcrumbList","@id":"https:\/\/activeluxe-cosmetics.com\/ro\/contact\/#breadcrumb","itemListElement":[{"@type":"ListItem","position":1,"name":"Copert\u0103","item":"https:\/\/activeluxe-cosmetics.com\/ro\/"},{"@type":"ListItem","position":2,"name":"Contact"}]},{"@type":"WebSite","@id":"https:\/\/activeluxe-cosmetics.com\/ro\/#website","url":"https:\/\/activeluxe-cosmetics.com\/ro\/","name":"Active Luxe Cosmetics","description":"","potentialAction":[{"@type":"SearchAction","target":{"@type":"EntryPoint","urlTemplate":"https:\/\/activeluxe-cosmetics.com\/ro\/?s={search_term_string}"},"query-input":"required name=search_term_string"}],"inLanguage":"ro-RO"}]}},"_links":{"self":[{"href":"https:\/\/activeluxe-cosmetics.com\/ro\/wp-json\/wp\/v2\/pages\/72691","targetHints":{"allow":["GET"]}}],"collection":[{"href":"https:\/\/activeluxe-cosmetics.com\/ro\/wp-json\/wp\/v2\/pages"}],"about":[{"href":"https:\/\/activeluxe-cosmetics.com\/ro\/wp-json\/wp\/v2\/types\/page"}],"author":[{"embeddable":true,"href":"https:\/\/activeluxe-cosmetics.com\/ro\/wp-json\/wp\/v2\/users\/6"}],"replies":[{"embeddable":true,"href":"https:\/\/activeluxe-cosmetics.com\/ro\/wp-json\/wp\/v2\/comments?post=72691"}],"version-history":[{"count":16,"href":"https:\/\/activeluxe-cosmetics.com\/ro\/wp-json\/wp\/v2\/pages\/72691\/revisions"}],"predecessor-version":[{"id":84636,"href":"https:\/\/activeluxe-cosmetics.com\/ro\/wp-json\/wp\/v2\/pages\/72691\/revisions\/84636"}],"wp:attachment":[{"href":"https:\/\/activeluxe-cosmetics.com\/ro\/wp-json\/wp\/v2\/media?parent=72691"}],"curies":[{"name":"wp","href":"https:\/\/api.w.org\/{rel}","templated":true}]}}