{"id":84542,"date":"2024-12-23T10:44:18","date_gmt":"2024-12-23T10:44:18","guid":{"rendered":"https:\/\/activeluxe-cosmetics.com\/hu\/?post_type=product&#038;p=84542"},"modified":"2024-12-23T10:47:04","modified_gmt":"2024-12-23T10:47:04","slug":"tonik-za-aktiv-hajnovekedert-es-hajhullas-ellen-haromszoros-hatassal-kopija","status":"publish","type":"product","link":"https:\/\/activeluxe-cosmetics.com\/hu\/termek\/tonik-za-aktiv-hajnovekedert-es-hajhullas-ellen-haromszoros-hatassal-kopija\/","title":{"rendered":"Tonik za aktiv hajn\u00f6veked\u00e9rt \u00e9s hajhull\u00e1s ellen, h\u00e1romszoros hat\u00e1ssal"},"content":{"rendered":"<p><img loading=\"lazy\" decoding=\"async\" class=\" wp-image-84536 alignright\" src=\"https:\/\/activeluxe-cosmetics.com\/hu\/wp-content\/uploads\/2024\/12\/Group-391-1-1-460x589.jpg\" alt=\"\" width=\"410\" height=\"525\" srcset=\"https:\/\/activeluxe-cosmetics.com\/hu\/wp-content\/uploads\/2024\/12\/Group-391-1-1-460x589.jpg 460w, https:\/\/activeluxe-cosmetics.com\/hu\/wp-content\/uploads\/2024\/12\/Group-391-1-1.jpg 581w\" sizes=\"auto, (max-width: 410px) 100vw, 410px\" \/><\/p>\n<h2><span data-sheets-root=\"1\" data-sheets-value=\"{&quot;1&quot;:2,&quot;2&quot;:&quot;Ovo je prava stvar za izgubljene zaliske!&quot;}\" data-sheets-userformat=\"{&quot;2&quot;:19201,&quot;3&quot;:{&quot;1&quot;:0},&quot;11&quot;:4,&quot;12&quot;:0,&quot;14&quot;:{&quot;1&quot;:2,&quot;2&quot;:16739585},&quot;17&quot;:1}\">Sz\u00e1mokkal <strong>bizony\u00edtott kiemelked\u0151 teljes\u00edtm\u00e9ny<\/strong><\/span><\/h2>\n<p>A tonik akt\u00edv, szabadalmaztatott \u00f6sszetev\u0151ket tartalmaz. Klinikailag bizony\u00edtottan 46%-kal cs\u00f6kkentik a hajhull\u00e1st \u00e9s 121%-kal n\u00f6veli a haj s\u0171r\u0171s\u00e9g\u00e9t.<\/p>\n<ul>\n<li>Megakad\u00e1lyozza a hajhull\u00e1st \u00e9s el\u0151seg\u00edti a haj \u00fajran\u00f6veszt\u00e9s\u00e9t<\/li>\n<li>El\u0151seg\u00edti a fejb\u0151r mikrokering\u00e9s\u00e9t<\/li>\n<li>S\u0171r\u00edti \u00e9s er\u0151s\u00edti a hajsz\u00e1lakat<\/li>\n<li>A samponnal egy\u00fctt stimul\u00e1lja az akt\u00edv hajhagym\u00e1kat<\/li>\n<\/ul>\n<p>Ahhoz, hogy meg\u00e9rts\u00fck a hajhull\u00e1s okait, meg kell ismern\u00fcnk a haj n\u00f6veked\u00e9si ciklusait. A haj h\u00e1rom f\u00e1zison megy kereszt\u00fcl: a n\u00f6veked\u00e9si f\u00e1zison, amikor a haj er\u0151s \u00e9s nem hullik ki mag\u00e1t\u00f3l; a nyugalmi f\u00e1zison, amikor a haj nem n\u0151 tov\u00e1bb \u00e9s nyugalmi \u00e1llapotba ker\u00fcl; \u00e9s a kihull\u00e1si f\u00e1zison, amikor a sz\u0151rt\u00fcsz\u0151 elhal \u00e9s a haj kihullik.<\/p>\n<p>A n\u00f6veked\u00e9s minden f\u00e1zis\u00e1t k\u00fcl\u00f6nb\u00f6z\u0151 hormonok befoly\u00e1solj\u00e1k, \u00e9s a DHT hormon hat\u00e1s\u00e1ra v\u00e9konyabb \u00e9s gyeng\u00e9bb haj n\u0151, ami id\u0151vel hajhull\u00e1shoz, kopaszod\u00e1shoz vagy k\u00f6rk\u00f6r\u00f6s hajhull\u00e1shoz vezet.<\/p>\n<h2 style=\"text-align: center; clear: both;\"><\/h2>\n<p><img loading=\"lazy\" decoding=\"async\" class=\" wp-image-84353 alignleft\" src=\"https:\/\/activeluxe-cosmetics.com\/hu\/wp-content\/uploads\/2024\/10\/alc_hair_tonic-460x575.png\" alt=\"\" width=\"410\" height=\"513\" srcset=\"https:\/\/activeluxe-cosmetics.com\/hu\/wp-content\/uploads\/2024\/10\/alc_hair_tonic-460x575.png 460w, https:\/\/activeluxe-cosmetics.com\/hu\/wp-content\/uploads\/2024\/10\/alc_hair_tonic-819x1024.png 819w, https:\/\/activeluxe-cosmetics.com\/hu\/wp-content\/uploads\/2024\/10\/alc_hair_tonic-768x960.png 768w, https:\/\/activeluxe-cosmetics.com\/hu\/wp-content\/uploads\/2024\/10\/alc_hair_tonic-600x750.png 600w, https:\/\/activeluxe-cosmetics.com\/hu\/wp-content\/uploads\/2024\/10\/alc_hair_tonic.png 1080w\" sizes=\"auto, (max-width: 410px) 100vw, 410px\" \/><\/p>\n<h2><strong>Intenz\u00edv koncentr\u00e1tum<\/strong> h\u00e1romszoros hat\u00e1ssal<\/h2>\n<p>A fejlett formul\u00e1ja gondosan kiv\u00e1lasztott \u00e9s klinikailag tesztelt \u00f6sszetev\u0151k\u00f6n alapul, amelyek verhetetlenek a hajhull\u00e1s elleni k\u00fczdelemben.<\/p>\n<p>-Biotinoyl &#8211; GHK:<br \/>\nEz az \u00f6sszetev\u0151 m\u00e9lyen behatol a fejb\u0151rbe, serkenti a sejtek anyagcser\u00e9j\u00e9t \u00e9s helyre\u00e1ll\u00edtja a legyeng\u00fclt hajhagym\u00e1kat &#8211; ellens\u00falyozza a t\u00fcsz\u0151m\u0171k\u00f6d\u00e9si zavarokat<\/p>\n<p>&#8211; Apigenin:<br \/>\nAntioxid\u00e1ns \u00f6sszetev\u0151, amely el\u0151seg\u00edti a mikrocirkul\u00e1ci\u00f3t vagy a fejb\u0151r v\u00e9rkering\u00e9s\u00e9t.<\/p>\n<p>&#8211; Oleanolsav:<br \/>\nA tesztoszteron hormon dihidrotesztoszteron (DHT) hormonn\u00e1 t\u00f6rt\u00e9n\u0151 \u00e1talakul\u00e1s\u00e1\u00e9rt felel\u0151s enzim er\u0151s g\u00e1tl\u00f3jak\u00e9nt m\u0171k\u00f6dik, amely a hajhull\u00e1s \u00e9s a kopaszod\u00e1s f\u0151 oka.<\/p>\n<ul>\n<li>Egyszer\u0171 \u00e9s c\u00e9lzott megold\u00e1s<\/li>\n<li>Mindennapos haszn\u00e1latra<\/li>\n<li>H\u00e1romszoros hat\u00e1s<\/li>\n<li>L\u00e1that\u00f3 eredm\u00e9nyek m\u00e1r 4 h\u00f3nap alatt<\/li>\n<\/ul>\n<h2 style=\"text-align: center; clear: both;\"><\/h2>\n<h2><strong><img loading=\"lazy\" decoding=\"async\" class=\" wp-image-84538 alignright\" src=\"https:\/\/activeluxe-cosmetics.com\/hu\/wp-content\/uploads\/2024\/12\/hairlinija-460x575.png\" alt=\"\" width=\"410\" height=\"513\" srcset=\"https:\/\/activeluxe-cosmetics.com\/hu\/wp-content\/uploads\/2024\/12\/hairlinija-460x575.png 460w, https:\/\/activeluxe-cosmetics.com\/hu\/wp-content\/uploads\/2024\/12\/hairlinija-819x1024.png 819w, https:\/\/activeluxe-cosmetics.com\/hu\/wp-content\/uploads\/2024\/12\/hairlinija-768x960.png 768w, https:\/\/activeluxe-cosmetics.com\/hu\/wp-content\/uploads\/2024\/12\/hairlinija-600x750.png 600w, https:\/\/activeluxe-cosmetics.com\/hu\/wp-content\/uploads\/2024\/12\/hairlinija.png 1080w\" sizes=\"auto, (max-width: 410px) 100vw, 410px\" \/>\u00c1ll\u00edtsd meg a<\/strong> hajhull\u00e1st id\u0151ben!<\/h2>\n<p>Ha kopaszod\u00e1ssal vagy er\u0151s hajhull\u00e1ssal k\u00fczdesz, az Active Luxe hajhull\u00e1s elleni tonik a megold\u00e1s. Minden n\u0151nek \u00e9s f\u00e9rfinak vastagabb, eg\u00e9szs\u00e9gesebb \u00e9s szebb haja lehet a seg\u00edts\u00e9g\u00e9vel.<\/p>\n<p>A l\u00e1that\u00f3 eredm\u00e9nyek \u00e9rdek\u00e9ben aj\u00e1nljuk tov\u00e1bb\u00e1 az Active Luxe sampont hajhull\u00e1s ellen, a hajn\u00f6veszt\u0151 sz\u00e9rumot \u00e9s a massz\u00edroz\u00f3henger haszn\u00e1lat\u00e1t az akt\u00edv fejb\u0151rmassz\u00e1zshoz. A legjobb eredm\u00e9nyek a haszn\u00e1lat 4. h\u00f3napja k\u00f6r\u00fcl jelentkeznek.<\/p>\n<p>A tonik nem zs\u00edros\u00edthatja a hajat. Kezdd el haszn\u00e1lni, amint a hajritkul\u00e1st tapasztalsz a hal\u00e1nt\u00e9kon, a homlokon \u00e9s a fejb\u0151r tetej\u00e9n.<\/p>\n<p>Rendszeres haszn\u00e1lat mellett (legal\u00e1bb heti 2 alkalom) a k\u00f6vetkez\u0151ket tapasztalod:<\/p>\n<ul>\n<li>cs\u00f6kken a hajhull\u00e1s,<\/li>\n<li>vastagabb, teltebb haj,<\/li>\n<li>er\u0151s\u00f6dik a haj gy\u00f6kere \u00e9s t\u00e1pl\u00e1lja a hajat.<\/li>\n<\/ul>\n<div style=\"display: flex; align-items: center; gap: 20px; flex-wrap: wrap;\">\n<p>&nbsp;<\/p>\n<\/div>\n","protected":false},"excerpt":{"rendered":"<p><span data-sheets-root=\"1\" data-sheets-value=\"{&quot;1&quot;:2,&quot;2&quot;:&quot;H\u00e1romszoros hat\u00e1ssal az er\u0151s hajhull\u00e1s ellen. 121%-kal n\u00f6veli a haj s\u0171r\u0171s\u00e9g\u00e9t \u00e9s 46%-kal cs\u00f6kkenti a hajhull\u00e1s m\u00e9rt\u00e9k\u00e9t.&quot;}\" data-sheets-userformat=\"{&quot;2&quot;:14593,&quot;3&quot;:{&quot;1&quot;:0,&quot;3&quot;:1},&quot;11&quot;:4,&quot;14&quot;:{&quot;1&quot;:2,&quot;2&quot;:0},&quot;15&quot;:&quot;Arial&quot;,&quot;16&quot;:10}\">H\u00e1romszoros hat\u00e1ssal az er\u0151s hajhull\u00e1s ellen. 121%-kal n\u00f6veli a haj s\u0171r\u0171s\u00e9g\u00e9t \u00e9s 46%-kal cs\u00f6kkenti a hajhull\u00e1s m\u00e9rt\u00e9k\u00e9t.<\/span><\/p>\n","protected":false},"featured_media":84355,"comment_status":"open","ping_status":"closed","template":"","meta":[],"product_brand":[],"product_cat":[108,42],"product_tag":[111],"class_list":{"0":"post-84542","1":"product","2":"type-product","3":"status-publish","4":"has-post-thumbnail","6":"product_cat-haj-ferfiak","7":"product_cat-ferfiak","8":"product_tag-woman","10":"first","11":"instock","12":"taxable","13":"shipping-taxable","14":"purchasable","15":"product-type-simple"},"bundled_by":[],"bundle_stock_status":"instock","bundle_stock_quantity":null,"bundle_virtual":false,"bundle_layout":"","bundle_add_to_cart_form_location":"","bundle_editable_in_cart":false,"bundle_sold_individually_context":"","bundle_item_grouping":"","bundle_min_size":"","bundle_max_size":"","bundled_items":[],"acf":[],"yoast_head":"<!-- This site is optimized with the Yoast SEO plugin v26.5 - https:\/\/yoast.com\/wordpress\/plugins\/seo\/ -->\n<title>Active Luxe hajtonik er\u0151s hajhull\u00e1s ellen<\/title>\n<meta name=\"description\" content=\"Fejlett, h\u00e1rmas hat\u00e1s\u00fa recept\u00fara. 46%-kal cs\u00f6kkenti a hajhull\u00e1st. 121%-kal s\u0171r\u0171bb haj. Klinikailag tesztelt. Bizony\u00edtott hat\u00e1s.\" \/>\n<meta name=\"robots\" content=\"noindex, follow, max-snippet:-1, max-image-preview:large, max-video-preview:-1\" \/>\n<meta property=\"og:locale\" content=\"hu_HU\" \/>\n<meta property=\"og:type\" content=\"article\" \/>\n<meta property=\"og:title\" content=\"Active Luxe hajtonik er\u0151s hajhull\u00e1s ellen\" \/>\n<meta property=\"og:description\" content=\"Fejlett, h\u00e1rmas hat\u00e1s\u00fa recept\u00fara. 46%-kal cs\u00f6kkenti a hajhull\u00e1st. 121%-kal s\u0171r\u0171bb haj. Klinikailag tesztelt. Bizony\u00edtott hat\u00e1s.\" \/>\n<meta property=\"og:url\" content=\"https:\/\/activeluxe-cosmetics.com\/hu\/termek\/tonik-za-aktiv-hajnovekedert-es-hajhullas-ellen-haromszoros-hatassal-kopija\/\" \/>\n<meta property=\"og:site_name\" content=\"Active Luxe Cosmetics\" \/>\n<meta property=\"article:modified_time\" content=\"2024-12-23T10:47:04+00:00\" \/>\n<meta property=\"og:image\" content=\"https:\/\/activeluxe-cosmetics.com\/hu\/wp-content\/uploads\/2024\/10\/40_Tonic-1.jpg\" \/>\n\t<meta property=\"og:image:width\" content=\"1104\" \/>\n\t<meta property=\"og:image:height\" content=\"1326\" \/>\n\t<meta property=\"og:image:type\" content=\"image\/jpeg\" \/>\n<meta name=\"twitter:card\" content=\"summary_large_image\" \/>\n<meta name=\"twitter:label1\" content=\"Becs\u00fclt olvas\u00e1si id\u0151\" \/>\n\t<meta name=\"twitter:data1\" content=\"3 perc\" \/>\n<script type=\"application\/ld+json\" class=\"yoast-schema-graph\">{\"@context\":\"https:\/\/schema.org\",\"@graph\":[{\"@type\":\"WebPage\",\"@id\":\"https:\/\/activeluxe-cosmetics.com\/hu\/termek\/tonik-za-aktiv-hajnovekedert-es-hajhullas-ellen-haromszoros-hatassal-kopija\/\",\"url\":\"https:\/\/activeluxe-cosmetics.com\/hu\/termek\/tonik-za-aktiv-hajnovekedert-es-hajhullas-ellen-haromszoros-hatassal-kopija\/\",\"name\":\"Active Luxe hajtonik er\u0151s hajhull\u00e1s ellen\",\"isPartOf\":{\"@id\":\"https:\/\/activeluxe-cosmetics.com\/hu\/#website\"},\"primaryImageOfPage\":{\"@id\":\"https:\/\/activeluxe-cosmetics.com\/hu\/termek\/tonik-za-aktiv-hajnovekedert-es-hajhullas-ellen-haromszoros-hatassal-kopija\/#primaryimage\"},\"image\":{\"@id\":\"https:\/\/activeluxe-cosmetics.com\/hu\/termek\/tonik-za-aktiv-hajnovekedert-es-hajhullas-ellen-haromszoros-hatassal-kopija\/#primaryimage\"},\"thumbnailUrl\":\"https:\/\/activeluxe-cosmetics.com\/hu\/wp-content\/uploads\/2024\/10\/40_Tonic-1.jpg\",\"datePublished\":\"2024-12-23T10:44:18+00:00\",\"dateModified\":\"2024-12-23T10:47:04+00:00\",\"description\":\"Fejlett, h\u00e1rmas hat\u00e1s\u00fa recept\u00fara. 46%-kal cs\u00f6kkenti a hajhull\u00e1st. 121%-kal s\u0171r\u0171bb haj. Klinikailag tesztelt. Bizony\u00edtott hat\u00e1s.\",\"breadcrumb\":{\"@id\":\"https:\/\/activeluxe-cosmetics.com\/hu\/termek\/tonik-za-aktiv-hajnovekedert-es-hajhullas-ellen-haromszoros-hatassal-kopija\/#breadcrumb\"},\"inLanguage\":\"hu\",\"potentialAction\":[{\"@type\":\"ReadAction\",\"target\":[\"https:\/\/activeluxe-cosmetics.com\/hu\/termek\/tonik-za-aktiv-hajnovekedert-es-hajhullas-ellen-haromszoros-hatassal-kopija\/\"]}]},{\"@type\":\"ImageObject\",\"inLanguage\":\"hu\",\"@id\":\"https:\/\/activeluxe-cosmetics.com\/hu\/termek\/tonik-za-aktiv-hajnovekedert-es-hajhullas-ellen-haromszoros-hatassal-kopija\/#primaryimage\",\"url\":\"https:\/\/activeluxe-cosmetics.com\/hu\/wp-content\/uploads\/2024\/10\/40_Tonic-1.jpg\",\"contentUrl\":\"https:\/\/activeluxe-cosmetics.com\/hu\/wp-content\/uploads\/2024\/10\/40_Tonic-1.jpg\",\"width\":1104,\"height\":1326},{\"@type\":\"BreadcrumbList\",\"@id\":\"https:\/\/activeluxe-cosmetics.com\/hu\/termek\/tonik-za-aktiv-hajnovekedert-es-hajhullas-ellen-haromszoros-hatassal-kopija\/#breadcrumb\",\"itemListElement\":[{\"@type\":\"ListItem\",\"position\":1,\"name\":\"C\u00edmlap\",\"item\":\"https:\/\/activeluxe-cosmetics.com\/hu\/\"},{\"@type\":\"ListItem\",\"position\":2,\"name\":\"\u00dczlet\",\"item\":\"https:\/\/activeluxe-cosmetics.com\/hu\/uzlet\/\"},{\"@type\":\"ListItem\",\"position\":3,\"name\":\"Tonik za aktiv hajn\u00f6veked\u00e9rt \u00e9s hajhull\u00e1s ellen, h\u00e1romszoros hat\u00e1ssal\"}]},{\"@type\":\"WebSite\",\"@id\":\"https:\/\/activeluxe-cosmetics.com\/hu\/#website\",\"url\":\"https:\/\/activeluxe-cosmetics.com\/hu\/\",\"name\":\"Active Luxe Cosmetics\",\"description\":\"\",\"potentialAction\":[{\"@type\":\"SearchAction\",\"target\":{\"@type\":\"EntryPoint\",\"urlTemplate\":\"https:\/\/activeluxe-cosmetics.com\/hu\/?s={search_term_string}\"},\"query-input\":{\"@type\":\"PropertyValueSpecification\",\"valueRequired\":true,\"valueName\":\"search_term_string\"}}],\"inLanguage\":\"hu\"}]}<\/script>\n<!-- \/ Yoast SEO plugin. -->","yoast_head_json":{"title":"Active Luxe hajtonik er\u0151s hajhull\u00e1s ellen","description":"Fejlett, h\u00e1rmas hat\u00e1s\u00fa recept\u00fara. 46%-kal cs\u00f6kkenti a hajhull\u00e1st. 121%-kal s\u0171r\u0171bb haj. Klinikailag tesztelt. Bizony\u00edtott hat\u00e1s.","robots":{"index":"noindex","follow":"follow","max-snippet":"max-snippet:-1","max-image-preview":"max-image-preview:large","max-video-preview":"max-video-preview:-1"},"og_locale":"hu_HU","og_type":"article","og_title":"Active Luxe hajtonik er\u0151s hajhull\u00e1s ellen","og_description":"Fejlett, h\u00e1rmas hat\u00e1s\u00fa recept\u00fara. 46%-kal cs\u00f6kkenti a hajhull\u00e1st. 121%-kal s\u0171r\u0171bb haj. Klinikailag tesztelt. Bizony\u00edtott hat\u00e1s.","og_url":"https:\/\/activeluxe-cosmetics.com\/hu\/termek\/tonik-za-aktiv-hajnovekedert-es-hajhullas-ellen-haromszoros-hatassal-kopija\/","og_site_name":"Active Luxe Cosmetics","article_modified_time":"2024-12-23T10:47:04+00:00","og_image":[{"width":1104,"height":1326,"url":"https:\/\/activeluxe-cosmetics.com\/hu\/wp-content\/uploads\/2024\/10\/40_Tonic-1.jpg","type":"image\/jpeg"}],"twitter_card":"summary_large_image","twitter_misc":{"Becs\u00fclt olvas\u00e1si id\u0151":"3 perc"},"schema":{"@context":"https:\/\/schema.org","@graph":[{"@type":"WebPage","@id":"https:\/\/activeluxe-cosmetics.com\/hu\/termek\/tonik-za-aktiv-hajnovekedert-es-hajhullas-ellen-haromszoros-hatassal-kopija\/","url":"https:\/\/activeluxe-cosmetics.com\/hu\/termek\/tonik-za-aktiv-hajnovekedert-es-hajhullas-ellen-haromszoros-hatassal-kopija\/","name":"Active Luxe hajtonik er\u0151s hajhull\u00e1s ellen","isPartOf":{"@id":"https:\/\/activeluxe-cosmetics.com\/hu\/#website"},"primaryImageOfPage":{"@id":"https:\/\/activeluxe-cosmetics.com\/hu\/termek\/tonik-za-aktiv-hajnovekedert-es-hajhullas-ellen-haromszoros-hatassal-kopija\/#primaryimage"},"image":{"@id":"https:\/\/activeluxe-cosmetics.com\/hu\/termek\/tonik-za-aktiv-hajnovekedert-es-hajhullas-ellen-haromszoros-hatassal-kopija\/#primaryimage"},"thumbnailUrl":"https:\/\/activeluxe-cosmetics.com\/hu\/wp-content\/uploads\/2024\/10\/40_Tonic-1.jpg","datePublished":"2024-12-23T10:44:18+00:00","dateModified":"2024-12-23T10:47:04+00:00","description":"Fejlett, h\u00e1rmas hat\u00e1s\u00fa recept\u00fara. 46%-kal cs\u00f6kkenti a hajhull\u00e1st. 121%-kal s\u0171r\u0171bb haj. Klinikailag tesztelt. Bizony\u00edtott hat\u00e1s.","breadcrumb":{"@id":"https:\/\/activeluxe-cosmetics.com\/hu\/termek\/tonik-za-aktiv-hajnovekedert-es-hajhullas-ellen-haromszoros-hatassal-kopija\/#breadcrumb"},"inLanguage":"hu","potentialAction":[{"@type":"ReadAction","target":["https:\/\/activeluxe-cosmetics.com\/hu\/termek\/tonik-za-aktiv-hajnovekedert-es-hajhullas-ellen-haromszoros-hatassal-kopija\/"]}]},{"@type":"ImageObject","inLanguage":"hu","@id":"https:\/\/activeluxe-cosmetics.com\/hu\/termek\/tonik-za-aktiv-hajnovekedert-es-hajhullas-ellen-haromszoros-hatassal-kopija\/#primaryimage","url":"https:\/\/activeluxe-cosmetics.com\/hu\/wp-content\/uploads\/2024\/10\/40_Tonic-1.jpg","contentUrl":"https:\/\/activeluxe-cosmetics.com\/hu\/wp-content\/uploads\/2024\/10\/40_Tonic-1.jpg","width":1104,"height":1326},{"@type":"BreadcrumbList","@id":"https:\/\/activeluxe-cosmetics.com\/hu\/termek\/tonik-za-aktiv-hajnovekedert-es-hajhullas-ellen-haromszoros-hatassal-kopija\/#breadcrumb","itemListElement":[{"@type":"ListItem","position":1,"name":"C\u00edmlap","item":"https:\/\/activeluxe-cosmetics.com\/hu\/"},{"@type":"ListItem","position":2,"name":"\u00dczlet","item":"https:\/\/activeluxe-cosmetics.com\/hu\/uzlet\/"},{"@type":"ListItem","position":3,"name":"Tonik za aktiv hajn\u00f6veked\u00e9rt \u00e9s hajhull\u00e1s ellen, h\u00e1romszoros hat\u00e1ssal"}]},{"@type":"WebSite","@id":"https:\/\/activeluxe-cosmetics.com\/hu\/#website","url":"https:\/\/activeluxe-cosmetics.com\/hu\/","name":"Active Luxe Cosmetics","description":"","potentialAction":[{"@type":"SearchAction","target":{"@type":"EntryPoint","urlTemplate":"https:\/\/activeluxe-cosmetics.com\/hu\/?s={search_term_string}"},"query-input":{"@type":"PropertyValueSpecification","valueRequired":true,"valueName":"search_term_string"}}],"inLanguage":"hu"}]}},"_links":{"self":[{"href":"https:\/\/activeluxe-cosmetics.com\/hu\/wp-json\/wp\/v2\/product\/84542","targetHints":{"allow":["GET"]}}],"collection":[{"href":"https:\/\/activeluxe-cosmetics.com\/hu\/wp-json\/wp\/v2\/product"}],"about":[{"href":"https:\/\/activeluxe-cosmetics.com\/hu\/wp-json\/wp\/v2\/types\/product"}],"replies":[{"embeddable":true,"href":"https:\/\/activeluxe-cosmetics.com\/hu\/wp-json\/wp\/v2\/comments?post=84542"}],"wp:featuredmedia":[{"embeddable":true,"href":"https:\/\/activeluxe-cosmetics.com\/hu\/wp-json\/wp\/v2\/media\/84355"}],"wp:attachment":[{"href":"https:\/\/activeluxe-cosmetics.com\/hu\/wp-json\/wp\/v2\/media?parent=84542"}],"wp:term":[{"taxonomy":"product_brand","embeddable":true,"href":"https:\/\/activeluxe-cosmetics.com\/hu\/wp-json\/wp\/v2\/product_brand?post=84542"},{"taxonomy":"product_cat","embeddable":true,"href":"https:\/\/activeluxe-cosmetics.com\/hu\/wp-json\/wp\/v2\/product_cat?post=84542"},{"taxonomy":"product_tag","embeddable":true,"href":"https:\/\/activeluxe-cosmetics.com\/hu\/wp-json\/wp\/v2\/product_tag?post=84542"}],"curies":[{"name":"wp","href":"https:\/\/api.w.org\/{rel}","templated":true}]}}