{"id":84389,"date":"2024-11-04T13:38:28","date_gmt":"2024-11-04T13:38:28","guid":{"rendered":"https:\/\/activeluxe-cosmetics.com\/hu\/?post_type=product&#038;p=84389"},"modified":"2024-12-03T15:00:18","modified_gmt":"2024-12-03T15:00:18","slug":"define-lash-szempillaspiral","status":"publish","type":"product","link":"https:\/\/activeluxe-cosmetics.com\/hu\/termek\/define-lash-szempillaspiral\/","title":{"rendered":"Define Lash szempillaspir\u00e1l"},"content":{"rendered":"<h2><\/h2>\n<h2><img loading=\"lazy\" decoding=\"async\" class=\"alignnone wp-image-84392 alignright\" style=\"height: 531px; max-width: 100%; float: right; margin: 0.5em 0px 0.5em 1em;\" src=\"https:\/\/activeluxe-cosmetics.com\/hu\/wp-content\/uploads\/2024\/11\/Izdelek-brez-naslova-28-1-460x575-1.png\" alt=\"\" width=\"425\" height=\"575\" \/><b>T\u00f6k\u00e9letesen defini\u00e1lt <\/b><strong>szempill\u00e1k<\/strong> az ellen\u00e1llhatatlanul vonz\u00f3 megjelen\u00e9s\u00e9rt<\/h2>\n<p>A Define Lash szempillaspir\u00e1l az \u00d6n \u00faj titka a t\u00f6k\u00e9letesen <b>defini\u00e1lt<\/b> \u00e9s <b>cs\u00e1b\u00edt\u00f3<\/b> szempill\u00e1khoz. Az <strong>innovat\u00edv, k\u00fap alak\u00fa kef\u00e9vel<\/strong> \u00e9s <strong>fejlett formul\u00e1val<\/strong> ez a szempillaspir\u00e1l <b>hosszabb\u00e1<\/b>, <b>hat\u00e1rozottabb\u00e1<\/b> \u00e9s hihetetlen\u00fcl <b>d\u00fasabb\u00e1<\/b> teszi szempill\u00e1it.<\/p>\n<p>Ha egyszer kipr\u00f3b\u00e1lta a Define Lash Mascara szempillaspir\u00e1lt,<b> nem akar majd m\u00e1sikat haszn\u00e1lni!<\/b><\/p>\n<ul>\n<li>Rendk\u00edv\u00fcli volumen \u00e9s hossz: minden szempilla t\u00f6k\u00e9letes meghat\u00e1rozotts\u00e1ggal \u00e9s dr\u00e1mai volumennel fog kiemelkedni.<\/li>\n<li>Hosszantart\u00f3: A Define Lash Mascara kompromisszumok n\u00e9lk\u00fcl biztos\u00edtja az eg\u00e9sz napos tart\u00f3ss\u00e1got. Nem sz\u00e1m\u00edt, mit tartogat a nap, tekintete friss \u00e9s intenz\u00edv marad.<\/li>\n<li>T\u00e1pl\u00e1l\u00f3 er\u0151: A Define Lash Mascara nem csup\u00e1n smink, hanem a szempill\u00e1k kezel\u00e9se. Term\u00e9szetes olajokkal \u00e9s vitaminokkal d\u00fas\u00edtott formul\u00e1ja er\u0151s\u00edti, t\u00e1pl\u00e1lja \u00e9s v\u00e9di szempill\u00e1it a t\u00f6redez\u00e9st\u0151l. A szempill\u00e1i nemcsak szebbek, hanem eg\u00e9szs\u00e9gesebbek is lesznek.<\/li>\n<li>T\u00f6k\u00e9letes precizit\u00e1s: a speci\u00e1lisan kialak\u00edtott kefe lehet\u0151v\u00e9 teszi a pontos felvitelt, amely m\u00e9g a legr\u00f6videbb szempill\u00e1kat is el\u00e9ri. A Define Lash szempillaspir\u00e1llal soha t\u00f6bb\u00e9 nem hagysz ki egy lehet\u0151s\u00e9get sem, hogy term\u00e9szetes sz\u00e9ps\u00e9gedet kiemeld.<\/li>\n<\/ul>\n<p>&nbsp;<\/p>\n<p>&nbsp;<\/p>\n<p><img loading=\"lazy\" decoding=\"async\" class=\" wp-image-84481 alignleft\" src=\"https:\/\/activeluxe-cosmetics.com\/hu\/wp-content\/uploads\/2024\/11\/Izdelek-brez-naslova-460x575.png\" alt=\"\" width=\"425\" height=\"531\" srcset=\"https:\/\/activeluxe-cosmetics.com\/hu\/wp-content\/uploads\/2024\/11\/Izdelek-brez-naslova-460x575.png 460w, https:\/\/activeluxe-cosmetics.com\/hu\/wp-content\/uploads\/2024\/11\/Izdelek-brez-naslova-819x1024.png 819w, https:\/\/activeluxe-cosmetics.com\/hu\/wp-content\/uploads\/2024\/11\/Izdelek-brez-naslova-768x960.png 768w, https:\/\/activeluxe-cosmetics.com\/hu\/wp-content\/uploads\/2024\/11\/Izdelek-brez-naslova-600x750.png 600w, https:\/\/activeluxe-cosmetics.com\/hu\/wp-content\/uploads\/2024\/11\/Izdelek-brez-naslova.png 1080w\" sizes=\"auto, (max-width: 425px) 100vw, 425px\" \/><\/p>\n<h2>Hogyan<b> v\u00e1ltoztatja meg a<\/b> Define Lash szempillaspir\u00e1l<b> a mindennapjaidat?<\/b><\/h2>\n<p>A <b>Define Lash Mascara szempillaspir\u00e1llal<\/b> minden reggel szeretni fogsz a t\u00fck\u00f6r el\u00e9 l\u00e9pni, tudva, hogy n\u00e9h\u00e1ny mozdulattal <b>t\u00f6k\u00e9letes pill\u00e1kat<\/b> \u00e9rhetsz el. A szempill\u00e1id olyanok lesznek, mintha egy \u00e1lomb\u00f3l l\u00e9ptek volna el\u0151 &#8211; <b>hossz\u00faak, d\u00fasak \u00e9s t\u00f6k\u00e9letesen meghat\u00e1rozottak.<\/b><\/p>\n<p>A k\u00fapos kefe megk\u00f6nny\u00edti a szempillaspir\u00e1l felvitel\u00e9t a szem sark\u00e1ban l\u00e9v\u0151 kisebb szempill\u00e1kra is, \u00edgy egyenletes fed\u00e9st \u00e9s hat\u00e1rozottabb szempill\u00e1kat biztos\u00edt.<\/p>\n<p>Ez a kefe emeli \u00e9s g\u00f6nd\u00f6r\u00edti is a szempill\u00e1kat, megnyitja a tekintetet, \u00e9s nyitottabb, nagyobb szemek hat\u00e1s\u00e1t kelti. Az ultra-puha formula megk\u00f6nny\u00edti a t\u00f6bb r\u00e9teg szempillaspir\u00e1l felvitel\u00e9t an\u00e9lk\u00fcl, hogy a csom\u00f3sod\u00e1st\u00f3l kellene tartani.<\/p>\n<p><b>A Defina Lash Mascara hipoallerg\u00e9n \u00e9s \u00e9rz\u00e9keny szemek sz\u00e1m\u00e1ra is alkalmas.<\/b> Ezt a szempillaspir\u00e1lt gondosan az \u00e9rz\u00e9keny szem\u0171 felhaszn\u00e1l\u00f3kra val\u00f3 tekintettel fejlesztett\u00e9k ki. Nem tartalmaz irrit\u00e1l\u00f3 \u00f6sszetev\u0151ket, \u00edgy teljesen biztons\u00e1gos a mindennapi haszn\u00e1latra, m\u00e9g kontaktlencse visel\u00e9se eset\u00e9n is.<\/p>\n<p>&nbsp;<\/p>\n<h2><\/h2>\n<h2><\/h2>\n<h2><\/h2>\n<h2><img loading=\"lazy\" decoding=\"async\" class=\" wp-image-84393 alignright\" src=\"https:\/\/activeluxe-cosmetics.com\/hu\/wp-content\/uploads\/2024\/11\/Izdelek-brez-naslova-30-1-460x575-1.png\" alt=\"\" width=\"425\" height=\"531\" \/><\/h2>\n<h2><b>B\u00edzzon a megjelen\u00e9s\u00e9ben <\/b>a t\u00f6k\u00e9letesen meghat\u00e1rozott szempill\u00e1kkal<\/h2>\n<p>A<b>Define Lash szempillaspir\u00e1l<\/b> egy pr\u00e9mium term\u00e9k, amelyet olyan n\u0151k sz\u00e1m\u00e1ra terveztek, akik pontosan meghat\u00e1rozott, hosszabb\u00edtott \u00e9s d\u00fas szempill\u00e1kra v\u00e1gynak. A leg\u00fajabb kefetechnol\u00f3gi\u00e1val \u00e9s innovat\u00edv formul\u00e1val egyetlen alkalmaz\u00e1ssal t\u00f6k\u00e9letesen defini\u00e1lhat minden egyes szempill\u00e1t, csom\u00f3k \u00e9s lenyomatok n\u00e9lk\u00fcl a szemh\u00e9jon.<\/p>\n<h4><b>Le\u00edr\u00e1s: A szempillaspir\u00e1lok \u00e9s a szempillaspir\u00e1lok a k\u00f6vetkez\u0151 \u00f6sszetev\u0151kkel vannak ell\u00e1tva:<\/b><\/h4>\n<ul>\n<li><b>Prec\u00edz kefe a t\u00f6k\u00e9letes defin\u00edci\u00f3\u00e9rt:<\/b> a speci\u00e1lisan kialak\u00edtott kef\u00e9nek k\u00f6sz\u00f6nhet\u0151en t\u00f6k\u00e9letes szempillaspir\u00e1l eloszl\u00e1st \u00e9rhet el minden szempill\u00e1n, m\u00e9g a legel\u00e9rhetetlenebb helyeken is. A szempill\u00e1i hosszabbnak, hat\u00e1rozottabbnak \u00e9s gy\u00f6ny\u00f6r\u0171en d\u00fasnak t\u0171nnek majd.<\/li>\n<li><b>Hosszantart\u00f3:<\/b> A Define Lash szempillaspir\u00e1l eg\u00e9sz nap tart an\u00e9lk\u00fcl, hogy elken\u0151dne vagy elhalv\u00e1nyulna. Tekintete eg\u00e9sz nap friss \u00e9s intenz\u00edv marad.<\/li>\n<li><b>T\u00e1pl\u00e1l\u00f3 formula:<\/b> T\u00e1pl\u00e1l\u00f3 \u00f6sszetev\u0151kkel, p\u00e9ld\u00e1ul term\u00e9szetes olajokkal \u00e9s vitaminokkal gazdag\u00edtott, hogy v\u00e9dje \u00e9s t\u00e1pl\u00e1lja szempill\u00e1it. A szempill\u00e1i eg\u00e9szs\u00e9gesek \u00e9s er\u0151sek maradnak, rendszeres haszn\u00e1lat mellett is.<\/li>\n<\/ul>\n<p>&nbsp;<\/p>\n","protected":false},"excerpt":{"rendered":"<p>L\u00e1tv\u00e1nyos hanger\u0151 \u00e9s hossz\u00fas\u00e1g, \u00e9s hihetetlen puha \u00e9s rugalmas szempill\u00e1k, amelyek nem nem lesznek nagyobbak.<\/p>\n","protected":false},"featured_media":84398,"comment_status":"open","ping_status":"closed","template":"","meta":[],"product_brand":[],"product_cat":[48,77],"product_tag":[],"class_list":{"0":"post-84389","1":"product","2":"type-product","3":"status-publish","4":"has-post-thumbnail","6":"product_cat-szempillak","7":"product_cat-smink","9":"first","10":"instock","11":"taxable","12":"shipping-taxable","13":"purchasable","14":"product-type-simple"},"bundled_by":[],"bundle_stock_status":"instock","bundle_stock_quantity":null,"bundle_virtual":false,"bundle_layout":"","bundle_add_to_cart_form_location":"","bundle_editable_in_cart":false,"bundle_sold_individually_context":"","bundle_item_grouping":"","bundle_min_size":"","bundle_max_size":"","bundled_items":[],"acf":[],"yoast_head":"<!-- This site is optimized with the Yoast SEO plugin v26.5 - https:\/\/yoast.com\/wordpress\/plugins\/seo\/ -->\n<title>Active Luxe Define Lash szempillaspir\u00e1l az extra d\u00fas szempill\u00e1k\u00e9rt<\/title>\n<meta name=\"description\" content=\"T\u00f6k\u00e9letesen meghat\u00e1rozott \u00e9s cs\u00e1b\u00edt\u00f3 szempill\u00e1k. Rendk\u00edv\u00fcli volumen \u00e9s hossz: minden szempilla t\u00f6k\u00e9letes hat\u00e1rozotts\u00e1ggal \u00e9s dr\u00e1mai volumennel t\u0171nik ki.\" \/>\n<meta name=\"robots\" content=\"noindex, follow, max-snippet:-1, max-image-preview:large, max-video-preview:-1\" \/>\n<meta property=\"og:locale\" content=\"hu_HU\" \/>\n<meta property=\"og:type\" content=\"article\" \/>\n<meta property=\"og:title\" content=\"Active Luxe Define Lash szempillaspir\u00e1l az extra d\u00fas szempill\u00e1k\u00e9rt\" \/>\n<meta property=\"og:description\" content=\"T\u00f6k\u00e9letesen meghat\u00e1rozott \u00e9s cs\u00e1b\u00edt\u00f3 szempill\u00e1k. Rendk\u00edv\u00fcli volumen \u00e9s hossz: minden szempilla t\u00f6k\u00e9letes hat\u00e1rozotts\u00e1ggal \u00e9s dr\u00e1mai volumennel t\u0171nik ki.\" \/>\n<meta property=\"og:url\" content=\"https:\/\/activeluxe-cosmetics.com\/hu\/termek\/define-lash-szempillaspiral\/\" \/>\n<meta property=\"og:site_name\" content=\"Active Luxe Cosmetics\" \/>\n<meta property=\"article:modified_time\" content=\"2024-12-03T15:00:18+00:00\" \/>\n<meta property=\"og:image\" content=\"https:\/\/activeluxe-cosmetics.com\/hu\/wp-content\/uploads\/2024\/11\/26_Define-Lash-maskara_bez_punjenja-460x553-1.jpg\" \/>\n\t<meta property=\"og:image:width\" content=\"460\" \/>\n\t<meta property=\"og:image:height\" content=\"553\" \/>\n\t<meta property=\"og:image:type\" content=\"image\/jpeg\" \/>\n<meta name=\"twitter:card\" content=\"summary_large_image\" \/>\n<meta name=\"twitter:label1\" content=\"Becs\u00fclt olvas\u00e1si id\u0151\" \/>\n\t<meta name=\"twitter:data1\" content=\"4 perc\" \/>\n<script type=\"application\/ld+json\" class=\"yoast-schema-graph\">{\"@context\":\"https:\/\/schema.org\",\"@graph\":[{\"@type\":\"WebPage\",\"@id\":\"https:\/\/activeluxe-cosmetics.com\/hu\/termek\/define-lash-szempillaspiral\/\",\"url\":\"https:\/\/activeluxe-cosmetics.com\/hu\/termek\/define-lash-szempillaspiral\/\",\"name\":\"Active Luxe Define Lash szempillaspir\u00e1l az extra d\u00fas szempill\u00e1k\u00e9rt\",\"isPartOf\":{\"@id\":\"https:\/\/activeluxe-cosmetics.com\/hu\/#website\"},\"primaryImageOfPage\":{\"@id\":\"https:\/\/activeluxe-cosmetics.com\/hu\/termek\/define-lash-szempillaspiral\/#primaryimage\"},\"image\":{\"@id\":\"https:\/\/activeluxe-cosmetics.com\/hu\/termek\/define-lash-szempillaspiral\/#primaryimage\"},\"thumbnailUrl\":\"https:\/\/activeluxe-cosmetics.com\/hu\/wp-content\/uploads\/2024\/11\/26_Define-Lash-maskara_bez_punjenja-460x553-1.jpg\",\"datePublished\":\"2024-11-04T13:38:28+00:00\",\"dateModified\":\"2024-12-03T15:00:18+00:00\",\"description\":\"T\u00f6k\u00e9letesen meghat\u00e1rozott \u00e9s cs\u00e1b\u00edt\u00f3 szempill\u00e1k. Rendk\u00edv\u00fcli volumen \u00e9s hossz: minden szempilla t\u00f6k\u00e9letes hat\u00e1rozotts\u00e1ggal \u00e9s dr\u00e1mai volumennel t\u0171nik ki.\",\"breadcrumb\":{\"@id\":\"https:\/\/activeluxe-cosmetics.com\/hu\/termek\/define-lash-szempillaspiral\/#breadcrumb\"},\"inLanguage\":\"hu\",\"potentialAction\":[{\"@type\":\"ReadAction\",\"target\":[\"https:\/\/activeluxe-cosmetics.com\/hu\/termek\/define-lash-szempillaspiral\/\"]}]},{\"@type\":\"ImageObject\",\"inLanguage\":\"hu\",\"@id\":\"https:\/\/activeluxe-cosmetics.com\/hu\/termek\/define-lash-szempillaspiral\/#primaryimage\",\"url\":\"https:\/\/activeluxe-cosmetics.com\/hu\/wp-content\/uploads\/2024\/11\/26_Define-Lash-maskara_bez_punjenja-460x553-1.jpg\",\"contentUrl\":\"https:\/\/activeluxe-cosmetics.com\/hu\/wp-content\/uploads\/2024\/11\/26_Define-Lash-maskara_bez_punjenja-460x553-1.jpg\",\"width\":460,\"height\":553},{\"@type\":\"BreadcrumbList\",\"@id\":\"https:\/\/activeluxe-cosmetics.com\/hu\/termek\/define-lash-szempillaspiral\/#breadcrumb\",\"itemListElement\":[{\"@type\":\"ListItem\",\"position\":1,\"name\":\"C\u00edmlap\",\"item\":\"https:\/\/activeluxe-cosmetics.com\/hu\/\"},{\"@type\":\"ListItem\",\"position\":2,\"name\":\"\u00dczlet\",\"item\":\"https:\/\/activeluxe-cosmetics.com\/hu\/uzlet\/\"},{\"@type\":\"ListItem\",\"position\":3,\"name\":\"Define Lash szempillaspir\u00e1l\"}]},{\"@type\":\"WebSite\",\"@id\":\"https:\/\/activeluxe-cosmetics.com\/hu\/#website\",\"url\":\"https:\/\/activeluxe-cosmetics.com\/hu\/\",\"name\":\"Active Luxe Cosmetics\",\"description\":\"\",\"potentialAction\":[{\"@type\":\"SearchAction\",\"target\":{\"@type\":\"EntryPoint\",\"urlTemplate\":\"https:\/\/activeluxe-cosmetics.com\/hu\/?s={search_term_string}\"},\"query-input\":{\"@type\":\"PropertyValueSpecification\",\"valueRequired\":true,\"valueName\":\"search_term_string\"}}],\"inLanguage\":\"hu\"}]}<\/script>\n<!-- \/ Yoast SEO plugin. -->","yoast_head_json":{"title":"Active Luxe Define Lash szempillaspir\u00e1l az extra d\u00fas szempill\u00e1k\u00e9rt","description":"T\u00f6k\u00e9letesen meghat\u00e1rozott \u00e9s cs\u00e1b\u00edt\u00f3 szempill\u00e1k. Rendk\u00edv\u00fcli volumen \u00e9s hossz: minden szempilla t\u00f6k\u00e9letes hat\u00e1rozotts\u00e1ggal \u00e9s dr\u00e1mai volumennel t\u0171nik ki.","robots":{"index":"noindex","follow":"follow","max-snippet":"max-snippet:-1","max-image-preview":"max-image-preview:large","max-video-preview":"max-video-preview:-1"},"og_locale":"hu_HU","og_type":"article","og_title":"Active Luxe Define Lash szempillaspir\u00e1l az extra d\u00fas szempill\u00e1k\u00e9rt","og_description":"T\u00f6k\u00e9letesen meghat\u00e1rozott \u00e9s cs\u00e1b\u00edt\u00f3 szempill\u00e1k. Rendk\u00edv\u00fcli volumen \u00e9s hossz: minden szempilla t\u00f6k\u00e9letes hat\u00e1rozotts\u00e1ggal \u00e9s dr\u00e1mai volumennel t\u0171nik ki.","og_url":"https:\/\/activeluxe-cosmetics.com\/hu\/termek\/define-lash-szempillaspiral\/","og_site_name":"Active Luxe Cosmetics","article_modified_time":"2024-12-03T15:00:18+00:00","og_image":[{"width":460,"height":553,"url":"https:\/\/activeluxe-cosmetics.com\/hu\/wp-content\/uploads\/2024\/11\/26_Define-Lash-maskara_bez_punjenja-460x553-1.jpg","type":"image\/jpeg"}],"twitter_card":"summary_large_image","twitter_misc":{"Becs\u00fclt olvas\u00e1si id\u0151":"4 perc"},"schema":{"@context":"https:\/\/schema.org","@graph":[{"@type":"WebPage","@id":"https:\/\/activeluxe-cosmetics.com\/hu\/termek\/define-lash-szempillaspiral\/","url":"https:\/\/activeluxe-cosmetics.com\/hu\/termek\/define-lash-szempillaspiral\/","name":"Active Luxe Define Lash szempillaspir\u00e1l az extra d\u00fas szempill\u00e1k\u00e9rt","isPartOf":{"@id":"https:\/\/activeluxe-cosmetics.com\/hu\/#website"},"primaryImageOfPage":{"@id":"https:\/\/activeluxe-cosmetics.com\/hu\/termek\/define-lash-szempillaspiral\/#primaryimage"},"image":{"@id":"https:\/\/activeluxe-cosmetics.com\/hu\/termek\/define-lash-szempillaspiral\/#primaryimage"},"thumbnailUrl":"https:\/\/activeluxe-cosmetics.com\/hu\/wp-content\/uploads\/2024\/11\/26_Define-Lash-maskara_bez_punjenja-460x553-1.jpg","datePublished":"2024-11-04T13:38:28+00:00","dateModified":"2024-12-03T15:00:18+00:00","description":"T\u00f6k\u00e9letesen meghat\u00e1rozott \u00e9s cs\u00e1b\u00edt\u00f3 szempill\u00e1k. Rendk\u00edv\u00fcli volumen \u00e9s hossz: minden szempilla t\u00f6k\u00e9letes hat\u00e1rozotts\u00e1ggal \u00e9s dr\u00e1mai volumennel t\u0171nik ki.","breadcrumb":{"@id":"https:\/\/activeluxe-cosmetics.com\/hu\/termek\/define-lash-szempillaspiral\/#breadcrumb"},"inLanguage":"hu","potentialAction":[{"@type":"ReadAction","target":["https:\/\/activeluxe-cosmetics.com\/hu\/termek\/define-lash-szempillaspiral\/"]}]},{"@type":"ImageObject","inLanguage":"hu","@id":"https:\/\/activeluxe-cosmetics.com\/hu\/termek\/define-lash-szempillaspiral\/#primaryimage","url":"https:\/\/activeluxe-cosmetics.com\/hu\/wp-content\/uploads\/2024\/11\/26_Define-Lash-maskara_bez_punjenja-460x553-1.jpg","contentUrl":"https:\/\/activeluxe-cosmetics.com\/hu\/wp-content\/uploads\/2024\/11\/26_Define-Lash-maskara_bez_punjenja-460x553-1.jpg","width":460,"height":553},{"@type":"BreadcrumbList","@id":"https:\/\/activeluxe-cosmetics.com\/hu\/termek\/define-lash-szempillaspiral\/#breadcrumb","itemListElement":[{"@type":"ListItem","position":1,"name":"C\u00edmlap","item":"https:\/\/activeluxe-cosmetics.com\/hu\/"},{"@type":"ListItem","position":2,"name":"\u00dczlet","item":"https:\/\/activeluxe-cosmetics.com\/hu\/uzlet\/"},{"@type":"ListItem","position":3,"name":"Define Lash szempillaspir\u00e1l"}]},{"@type":"WebSite","@id":"https:\/\/activeluxe-cosmetics.com\/hu\/#website","url":"https:\/\/activeluxe-cosmetics.com\/hu\/","name":"Active Luxe Cosmetics","description":"","potentialAction":[{"@type":"SearchAction","target":{"@type":"EntryPoint","urlTemplate":"https:\/\/activeluxe-cosmetics.com\/hu\/?s={search_term_string}"},"query-input":{"@type":"PropertyValueSpecification","valueRequired":true,"valueName":"search_term_string"}}],"inLanguage":"hu"}]}},"_links":{"self":[{"href":"https:\/\/activeluxe-cosmetics.com\/hu\/wp-json\/wp\/v2\/product\/84389","targetHints":{"allow":["GET"]}}],"collection":[{"href":"https:\/\/activeluxe-cosmetics.com\/hu\/wp-json\/wp\/v2\/product"}],"about":[{"href":"https:\/\/activeluxe-cosmetics.com\/hu\/wp-json\/wp\/v2\/types\/product"}],"replies":[{"embeddable":true,"href":"https:\/\/activeluxe-cosmetics.com\/hu\/wp-json\/wp\/v2\/comments?post=84389"}],"wp:featuredmedia":[{"embeddable":true,"href":"https:\/\/activeluxe-cosmetics.com\/hu\/wp-json\/wp\/v2\/media\/84398"}],"wp:attachment":[{"href":"https:\/\/activeluxe-cosmetics.com\/hu\/wp-json\/wp\/v2\/media?parent=84389"}],"wp:term":[{"taxonomy":"product_brand","embeddable":true,"href":"https:\/\/activeluxe-cosmetics.com\/hu\/wp-json\/wp\/v2\/product_brand?post=84389"},{"taxonomy":"product_cat","embeddable":true,"href":"https:\/\/activeluxe-cosmetics.com\/hu\/wp-json\/wp\/v2\/product_cat?post=84389"},{"taxonomy":"product_tag","embeddable":true,"href":"https:\/\/activeluxe-cosmetics.com\/hu\/wp-json\/wp\/v2\/product_tag?post=84389"}],"curies":[{"name":"wp","href":"https:\/\/api.w.org\/{rel}","templated":true}]}}