{"id":84365,"date":"2024-10-30T15:10:56","date_gmt":"2024-10-30T15:10:56","guid":{"rendered":"https:\/\/activeluxe-cosmetics.com\/hu\/?post_type=product&#038;p=84365"},"modified":"2024-12-03T15:08:55","modified_gmt":"2024-12-03T15:08:55","slug":"hidratalo-anti-aging-arcszerum","status":"publish","type":"product","link":"https:\/\/activeluxe-cosmetics.com\/hu\/termek\/hidratalo-anti-aging-arcszerum\/","title":{"rendered":"Hidrat\u00e1l\u00f3, anti-aging arcsz\u00e9rum"},"content":{"rendered":"<p><img loading=\"lazy\" decoding=\"async\" class=\" wp-image-84366 alignright\" src=\"https:\/\/activeluxe-cosmetics.com\/hu\/wp-content\/uploads\/2024\/10\/Izdelek-brez-naslova-27-1-460x575-1.png\" alt=\"\" width=\"385\" height=\"481\" \/><\/p>\n<div class=\"flex-shrink-0 flex flex-col relative items-end\">\n<div class=\"pt-0\">\n<div class=\"gizmo-shadow-stroke flex h-8 w-8 items-center justify-center overflow-hidden rounded-full\">\n<div class=\"h-full w-full\">\n<h2><strong style=\"font-size: 23.04px; color: #333333;\">Intenz\u00edven hidrat\u00e1lt<\/strong><span style=\"font-size: 23.04px; color: #333333;\"> \u00e9s megfiatalodott b\u0151r<\/span><\/h2>\n<p>Fedezze fel a t\u00f6k\u00e9letesen hidrat\u00e1lt \u00e9s fiatalos b\u0151r titk\u00e1t cs\u00facsmin\u0151s\u00e9g\u0171 hidrat\u00e1l\u00f3 arcsz\u00e9rumunkkal! Ez az egyed\u00fcl\u00e1ll\u00f3 formula rendk\u00edv\u00fcli hidrat\u00e1l\u00e1st \u00e9s b\u0151rfiatal\u00edt\u00f3 hat\u00e1st biztos\u00edt, amely l\u00e1tv\u00e1nyos anti-aging hat\u00e1ssal b\u00edr.<\/p>\n<p>K\u00fcl\u00f6nleges hidrat\u00e1l\u00f3 sz\u00e9rum az arc, a nyak \u00e9s a dekolt\u00e1zs \u00e1pol\u00e1s\u00e1ra, amely gondosan kiv\u00e1lasztott \u00f6sszetev\u0151kkel:<\/p>\n<ul>\n<li>megel\u0151zi a b\u0151r id\u0151 el\u0151tti \u00f6reged\u00e9s\u00e9t, v\u00e9delmet ny\u00fajt,<\/li>\n<li>helyre\u00e1ll\u00edtja \u00e9s megnyugtatja az \u00e9rz\u00e9keny, irrit\u00e1lt b\u0151rt.<\/li>\n<\/ul>\n<p>A nemes ol\u00edva- \u00e9s jojobaolaj szinergi\u00e1ja m\u00e9lyen hidrat\u00e1lja a b\u0151rt, \u00edgy meg\u0151rzi annak fiatalos \u00e9s ragyog\u00f3 megjelen\u00e9s\u00e9t. A jojobaolaj term\u00e9szetes E-vitamint tartalmaz, amely er\u0151s antioxid\u00e1nsk\u00e9nt v\u00e9di a sejteket a k\u00e1ros k\u00fcls\u0151 hat\u00e1sokkal szemben.<\/p>\n<p>A v\u00f6r\u00f6s alg\u00e1k hidroliz\u00e1lt kivonata (Hydrolyzed Rhodophyceae Extract) azonnal megnyugtatja az irrit\u00e1lt \u00e9s \u00e9rz\u00e9keny b\u0151rt, cs\u00f6kkenti a b\u0151rp\u00edrt \u00e9s a r\u00e1ncokat, valamint biztos\u00edtja a b\u0151r eg\u00e9szs\u00e9ges v\u00e9d\u0151r\u00e9teg\u00e9t.<\/p>\n<\/div>\n<\/div>\n<\/div>\n<\/div>\n<h2 style=\"text-align: center; clear: both;\"><\/h2>\n<p><img loading=\"lazy\" decoding=\"async\" class=\" wp-image-84367 alignleft\" src=\"https:\/\/activeluxe-cosmetics.com\/hu\/wp-content\/uploads\/2024\/10\/Izdelek-brez-naslova-30-1-460x575-1.png\" alt=\"\" width=\"380\" height=\"475\" \/><\/p>\n<p>&nbsp;<\/p>\n<h2>A sz\u00e9rum <strong>f\u0151 el\u0151nyei<\/strong><\/h2>\n<ul>\n<li>Intenz\u00edv Hidrat\u00e1l\u00e1s: A sz\u00e9rum m\u00e9lyen hidrat\u00e1lja a b\u0151rt, hosszan tart\u00f3 nedvess\u00e9get \u00e9s hidrat\u00e1lts\u00e1got biztos\u00edt. Ennek eredm\u00e9nyek\u00e9nt a b\u0151r eg\u00e9sz nap puha, sima \u00e9s rugalmas marad.<\/li>\n<li>Fiatal\u00edt\u00f3 Hat\u00e1s: Gazdag er\u0151s antioxid\u00e1nsokban \u00e9s term\u00e9szetes \u00f6sszetev\u0151kben, formul\u00e1nk cs\u00f6kkenti a finom vonalak \u00e9s r\u00e1ncok megjelen\u00e9s\u00e9t, mik\u00f6zben el\u0151seg\u00edti a b\u0151rsejtek term\u00e9szetes meg\u00fajul\u00e1s\u00e1t. A b\u0151r feszesebb\u00e9, rugalmasabb\u00e1 \u00e9s fiatalosabb\u00e1 v\u00e1lik.<\/li>\n<li>Anti-Aging Hat\u00e1s: A sz\u00e9rum akt\u00edv \u00f6sszetev\u0151i k\u00fczdenek az \u00f6reged\u00e9s jelei ellen, \u00e9s seg\u00edtenek cs\u00f6kkenteni az id\u0151 m\u00fal\u00e1s\u00e1nak nyomait. Rendszeres haszn\u00e1lat mellett l\u00e1that\u00f3an fiatalosabb b\u0151rt eredm\u00e9nyez.<\/li>\n<li>K\u00f6nnyed Text\u00fara: A sz\u00e9rum rendk\u00edv\u00fcl k\u00f6nnyed text\u00far\u00e1j\u00fa, gyorsan felsz\u00edv\u00f3dik a b\u0151rbe an\u00e9lk\u00fcl, hogy zs\u00edros \u00e9rzetet hagyna. Minden b\u0151rt\u00edpusra ide\u00e1lis, \u00e9s t\u00f6k\u00e9letesen illeszkedik a mindennapi b\u0151r\u00e1pol\u00e1si rutinodhoz.<\/li>\n<li>M\u00e1s Kozmetikai Term\u00e9kekkel Egy\u00fctt: Haszn\u00e1lhatod kedvenc arckr\u00e9meddel egy\u00fctt is.<\/li>\n<\/ul>\n<div style=\"display: flex; align-items: center; gap: 20px; flex-wrap: wrap;\">\n<p>&nbsp;<\/p>\n<\/div>\n","protected":false},"excerpt":{"rendered":"<p>Anti-aging, hidrat\u00e1l\u00f3 \u00e9s nyugtat\u00f3 sz\u00e9rum a feszes b\u0151r\u00e9rt \u00e9s a meg\u00fajult b\u0151rbarrier\u00e9rt. Arcra, nyakra \u00e9s dekolt\u00e1zsra.<\/p>\n","protected":false},"featured_media":84368,"comment_status":"open","ping_status":"closed","template":"","meta":[],"product_brand":[],"product_cat":[82],"product_tag":[],"class_list":{"0":"post-84365","1":"product","2":"type-product","3":"status-publish","4":"has-post-thumbnail","6":"product_cat-borapolas","8":"first","9":"instock","10":"featured","11":"taxable","12":"shipping-taxable","13":"purchasable","14":"product-type-simple"},"bundled_by":[],"bundle_stock_status":"instock","bundle_stock_quantity":null,"bundle_virtual":false,"bundle_layout":"","bundle_add_to_cart_form_location":"","bundle_editable_in_cart":false,"bundle_sold_individually_context":"","bundle_item_grouping":"","bundle_min_size":"","bundle_max_size":"","bundled_items":[],"acf":[],"yoast_head":"<!-- This site is optimized with the Yoast SEO plugin v26.5 - https:\/\/yoast.com\/wordpress\/plugins\/seo\/ -->\n<title>Hidrat\u00e1l\u00f3, anti-aging arcsz\u00e9rum<\/title>\n<meta name=\"description\" content=\"A fejlett formula teljes k\u00f6r\u0171 hidrat\u00e1l\u00e1st biztos\u00edt a b\u0151r sz\u00e1m\u00e1ra. Er\u0151s\u00edti a b\u0151r v\u00e9delmi funkci\u00f3j\u00e1t. Azonnal megnyugtatja az irrit\u00e1lt \u00e9s \u00e9rz\u00e9keny b\u0151rt. Cs\u00f6kkenti a b\u0151rp\u00edrt.\" \/>\n<meta name=\"robots\" content=\"noindex, follow\" \/>\n<meta property=\"og:locale\" content=\"hu_HU\" \/>\n<meta property=\"og:type\" content=\"article\" \/>\n<meta property=\"og:title\" content=\"Hidrat\u00e1l\u00f3, anti-aging arcsz\u00e9rum\" \/>\n<meta property=\"og:description\" content=\"A fejlett formula teljes k\u00f6r\u0171 hidrat\u00e1l\u00e1st biztos\u00edt a b\u0151r sz\u00e1m\u00e1ra. Er\u0151s\u00edti a b\u0151r v\u00e9delmi funkci\u00f3j\u00e1t. Azonnal megnyugtatja az irrit\u00e1lt \u00e9s \u00e9rz\u00e9keny b\u0151rt. Cs\u00f6kkenti a b\u0151rp\u00edrt.\" \/>\n<meta property=\"og:url\" content=\"https:\/\/activeluxe-cosmetics.com\/hu\/termek\/hidratalo-anti-aging-arcszerum\/\" \/>\n<meta property=\"og:site_name\" content=\"Active Luxe Cosmetics\" \/>\n<meta property=\"article:modified_time\" content=\"2024-12-03T15:08:55+00:00\" \/>\n<meta property=\"og:image\" content=\"https:\/\/activeluxe-cosmetics.com\/hu\/wp-content\/uploads\/2024\/10\/AL_Face-Serum_Product-photo.jpg\" \/>\n\t<meta property=\"og:image:width\" content=\"1104\" \/>\n\t<meta property=\"og:image:height\" content=\"1326\" \/>\n\t<meta property=\"og:image:type\" content=\"image\/jpeg\" \/>\n<meta name=\"twitter:card\" content=\"summary_large_image\" \/>\n<meta name=\"twitter:label1\" content=\"Becs\u00fclt olvas\u00e1si id\u0151\" \/>\n\t<meta name=\"twitter:data1\" content=\"2 perc\" \/>\n<script type=\"application\/ld+json\" class=\"yoast-schema-graph\">{\"@context\":\"https:\/\/schema.org\",\"@graph\":[{\"@type\":\"WebPage\",\"@id\":\"https:\/\/activeluxe-cosmetics.com\/hu\/termek\/hidratalo-anti-aging-arcszerum\/\",\"url\":\"https:\/\/activeluxe-cosmetics.com\/hu\/termek\/hidratalo-anti-aging-arcszerum\/\",\"name\":\"Hidrat\u00e1l\u00f3, anti-aging arcsz\u00e9rum\",\"isPartOf\":{\"@id\":\"https:\/\/activeluxe-cosmetics.com\/hu\/#website\"},\"primaryImageOfPage\":{\"@id\":\"https:\/\/activeluxe-cosmetics.com\/hu\/termek\/hidratalo-anti-aging-arcszerum\/#primaryimage\"},\"image\":{\"@id\":\"https:\/\/activeluxe-cosmetics.com\/hu\/termek\/hidratalo-anti-aging-arcszerum\/#primaryimage\"},\"thumbnailUrl\":\"https:\/\/activeluxe-cosmetics.com\/hu\/wp-content\/uploads\/2024\/10\/AL_Face-Serum_Product-photo.jpg\",\"datePublished\":\"2024-10-30T15:10:56+00:00\",\"dateModified\":\"2024-12-03T15:08:55+00:00\",\"description\":\"A fejlett formula teljes k\u00f6r\u0171 hidrat\u00e1l\u00e1st biztos\u00edt a b\u0151r sz\u00e1m\u00e1ra. Er\u0151s\u00edti a b\u0151r v\u00e9delmi funkci\u00f3j\u00e1t. Azonnal megnyugtatja az irrit\u00e1lt \u00e9s \u00e9rz\u00e9keny b\u0151rt. Cs\u00f6kkenti a b\u0151rp\u00edrt.\",\"breadcrumb\":{\"@id\":\"https:\/\/activeluxe-cosmetics.com\/hu\/termek\/hidratalo-anti-aging-arcszerum\/#breadcrumb\"},\"inLanguage\":\"hu\",\"potentialAction\":[{\"@type\":\"ReadAction\",\"target\":[\"https:\/\/activeluxe-cosmetics.com\/hu\/termek\/hidratalo-anti-aging-arcszerum\/\"]}]},{\"@type\":\"ImageObject\",\"inLanguage\":\"hu\",\"@id\":\"https:\/\/activeluxe-cosmetics.com\/hu\/termek\/hidratalo-anti-aging-arcszerum\/#primaryimage\",\"url\":\"https:\/\/activeluxe-cosmetics.com\/hu\/wp-content\/uploads\/2024\/10\/AL_Face-Serum_Product-photo.jpg\",\"contentUrl\":\"https:\/\/activeluxe-cosmetics.com\/hu\/wp-content\/uploads\/2024\/10\/AL_Face-Serum_Product-photo.jpg\",\"width\":1104,\"height\":1326},{\"@type\":\"BreadcrumbList\",\"@id\":\"https:\/\/activeluxe-cosmetics.com\/hu\/termek\/hidratalo-anti-aging-arcszerum\/#breadcrumb\",\"itemListElement\":[{\"@type\":\"ListItem\",\"position\":1,\"name\":\"C\u00edmlap\",\"item\":\"https:\/\/activeluxe-cosmetics.com\/hu\/\"},{\"@type\":\"ListItem\",\"position\":2,\"name\":\"\u00dczlet\",\"item\":\"https:\/\/activeluxe-cosmetics.com\/hu\/uzlet\/\"},{\"@type\":\"ListItem\",\"position\":3,\"name\":\"Hidrat\u00e1l\u00f3, anti-aging arcsz\u00e9rum\"}]},{\"@type\":\"WebSite\",\"@id\":\"https:\/\/activeluxe-cosmetics.com\/hu\/#website\",\"url\":\"https:\/\/activeluxe-cosmetics.com\/hu\/\",\"name\":\"Active Luxe Cosmetics\",\"description\":\"\",\"potentialAction\":[{\"@type\":\"SearchAction\",\"target\":{\"@type\":\"EntryPoint\",\"urlTemplate\":\"https:\/\/activeluxe-cosmetics.com\/hu\/?s={search_term_string}\"},\"query-input\":{\"@type\":\"PropertyValueSpecification\",\"valueRequired\":true,\"valueName\":\"search_term_string\"}}],\"inLanguage\":\"hu\"}]}<\/script>\n<!-- \/ Yoast SEO plugin. -->","yoast_head_json":{"title":"Hidrat\u00e1l\u00f3, anti-aging arcsz\u00e9rum","description":"A fejlett formula teljes k\u00f6r\u0171 hidrat\u00e1l\u00e1st biztos\u00edt a b\u0151r sz\u00e1m\u00e1ra. Er\u0151s\u00edti a b\u0151r v\u00e9delmi funkci\u00f3j\u00e1t. Azonnal megnyugtatja az irrit\u00e1lt \u00e9s \u00e9rz\u00e9keny b\u0151rt. Cs\u00f6kkenti a b\u0151rp\u00edrt.","robots":{"index":"noindex","follow":"follow"},"og_locale":"hu_HU","og_type":"article","og_title":"Hidrat\u00e1l\u00f3, anti-aging arcsz\u00e9rum","og_description":"A fejlett formula teljes k\u00f6r\u0171 hidrat\u00e1l\u00e1st biztos\u00edt a b\u0151r sz\u00e1m\u00e1ra. Er\u0151s\u00edti a b\u0151r v\u00e9delmi funkci\u00f3j\u00e1t. Azonnal megnyugtatja az irrit\u00e1lt \u00e9s \u00e9rz\u00e9keny b\u0151rt. Cs\u00f6kkenti a b\u0151rp\u00edrt.","og_url":"https:\/\/activeluxe-cosmetics.com\/hu\/termek\/hidratalo-anti-aging-arcszerum\/","og_site_name":"Active Luxe Cosmetics","article_modified_time":"2024-12-03T15:08:55+00:00","og_image":[{"width":1104,"height":1326,"url":"https:\/\/activeluxe-cosmetics.com\/hu\/wp-content\/uploads\/2024\/10\/AL_Face-Serum_Product-photo.jpg","type":"image\/jpeg"}],"twitter_card":"summary_large_image","twitter_misc":{"Becs\u00fclt olvas\u00e1si id\u0151":"2 perc"},"schema":{"@context":"https:\/\/schema.org","@graph":[{"@type":"WebPage","@id":"https:\/\/activeluxe-cosmetics.com\/hu\/termek\/hidratalo-anti-aging-arcszerum\/","url":"https:\/\/activeluxe-cosmetics.com\/hu\/termek\/hidratalo-anti-aging-arcszerum\/","name":"Hidrat\u00e1l\u00f3, anti-aging arcsz\u00e9rum","isPartOf":{"@id":"https:\/\/activeluxe-cosmetics.com\/hu\/#website"},"primaryImageOfPage":{"@id":"https:\/\/activeluxe-cosmetics.com\/hu\/termek\/hidratalo-anti-aging-arcszerum\/#primaryimage"},"image":{"@id":"https:\/\/activeluxe-cosmetics.com\/hu\/termek\/hidratalo-anti-aging-arcszerum\/#primaryimage"},"thumbnailUrl":"https:\/\/activeluxe-cosmetics.com\/hu\/wp-content\/uploads\/2024\/10\/AL_Face-Serum_Product-photo.jpg","datePublished":"2024-10-30T15:10:56+00:00","dateModified":"2024-12-03T15:08:55+00:00","description":"A fejlett formula teljes k\u00f6r\u0171 hidrat\u00e1l\u00e1st biztos\u00edt a b\u0151r sz\u00e1m\u00e1ra. Er\u0151s\u00edti a b\u0151r v\u00e9delmi funkci\u00f3j\u00e1t. Azonnal megnyugtatja az irrit\u00e1lt \u00e9s \u00e9rz\u00e9keny b\u0151rt. Cs\u00f6kkenti a b\u0151rp\u00edrt.","breadcrumb":{"@id":"https:\/\/activeluxe-cosmetics.com\/hu\/termek\/hidratalo-anti-aging-arcszerum\/#breadcrumb"},"inLanguage":"hu","potentialAction":[{"@type":"ReadAction","target":["https:\/\/activeluxe-cosmetics.com\/hu\/termek\/hidratalo-anti-aging-arcszerum\/"]}]},{"@type":"ImageObject","inLanguage":"hu","@id":"https:\/\/activeluxe-cosmetics.com\/hu\/termek\/hidratalo-anti-aging-arcszerum\/#primaryimage","url":"https:\/\/activeluxe-cosmetics.com\/hu\/wp-content\/uploads\/2024\/10\/AL_Face-Serum_Product-photo.jpg","contentUrl":"https:\/\/activeluxe-cosmetics.com\/hu\/wp-content\/uploads\/2024\/10\/AL_Face-Serum_Product-photo.jpg","width":1104,"height":1326},{"@type":"BreadcrumbList","@id":"https:\/\/activeluxe-cosmetics.com\/hu\/termek\/hidratalo-anti-aging-arcszerum\/#breadcrumb","itemListElement":[{"@type":"ListItem","position":1,"name":"C\u00edmlap","item":"https:\/\/activeluxe-cosmetics.com\/hu\/"},{"@type":"ListItem","position":2,"name":"\u00dczlet","item":"https:\/\/activeluxe-cosmetics.com\/hu\/uzlet\/"},{"@type":"ListItem","position":3,"name":"Hidrat\u00e1l\u00f3, anti-aging arcsz\u00e9rum"}]},{"@type":"WebSite","@id":"https:\/\/activeluxe-cosmetics.com\/hu\/#website","url":"https:\/\/activeluxe-cosmetics.com\/hu\/","name":"Active Luxe Cosmetics","description":"","potentialAction":[{"@type":"SearchAction","target":{"@type":"EntryPoint","urlTemplate":"https:\/\/activeluxe-cosmetics.com\/hu\/?s={search_term_string}"},"query-input":{"@type":"PropertyValueSpecification","valueRequired":true,"valueName":"search_term_string"}}],"inLanguage":"hu"}]}},"_links":{"self":[{"href":"https:\/\/activeluxe-cosmetics.com\/hu\/wp-json\/wp\/v2\/product\/84365","targetHints":{"allow":["GET"]}}],"collection":[{"href":"https:\/\/activeluxe-cosmetics.com\/hu\/wp-json\/wp\/v2\/product"}],"about":[{"href":"https:\/\/activeluxe-cosmetics.com\/hu\/wp-json\/wp\/v2\/types\/product"}],"replies":[{"embeddable":true,"href":"https:\/\/activeluxe-cosmetics.com\/hu\/wp-json\/wp\/v2\/comments?post=84365"}],"wp:featuredmedia":[{"embeddable":true,"href":"https:\/\/activeluxe-cosmetics.com\/hu\/wp-json\/wp\/v2\/media\/84368"}],"wp:attachment":[{"href":"https:\/\/activeluxe-cosmetics.com\/hu\/wp-json\/wp\/v2\/media?parent=84365"}],"wp:term":[{"taxonomy":"product_brand","embeddable":true,"href":"https:\/\/activeluxe-cosmetics.com\/hu\/wp-json\/wp\/v2\/product_brand?post=84365"},{"taxonomy":"product_cat","embeddable":true,"href":"https:\/\/activeluxe-cosmetics.com\/hu\/wp-json\/wp\/v2\/product_cat?post=84365"},{"taxonomy":"product_tag","embeddable":true,"href":"https:\/\/activeluxe-cosmetics.com\/hu\/wp-json\/wp\/v2\/product_tag?post=84365"}],"curies":[{"name":"wp","href":"https:\/\/api.w.org\/{rel}","templated":true}]}}