{"id":84356,"date":"2024-10-29T11:57:03","date_gmt":"2024-10-29T11:57:03","guid":{"rendered":"https:\/\/activeluxe-cosmetics.com\/hu\/?post_type=product&#038;p=84356"},"modified":"2024-12-23T10:27:56","modified_gmt":"2024-12-23T10:27:56","slug":"aktiv-hajnoveszto-szerum","status":"publish","type":"product","link":"https:\/\/activeluxe-cosmetics.com\/hu\/termek\/aktiv-hajnoveszto-szerum\/","title":{"rendered":"Akt\u00edv hajn\u00f6veszt\u0151 sz\u00e9rum"},"content":{"rendered":"<h2><span data-sheets-root=\"1\" data-sheets-value=\"{&quot;1&quot;:2,&quot;2&quot;:&quot;Sprije\u010di ispadanje kose na vrijeme&quot;}\" data-sheets-userformat=\"{&quot;2&quot;:17281,&quot;3&quot;:{&quot;1&quot;:0},&quot;10&quot;:0,&quot;11&quot;:4,&quot;12&quot;:0,&quot;17&quot;:1}\"><img loading=\"lazy\" decoding=\"async\" class=\" wp-image-84361 alignright\" src=\"https:\/\/activeluxe-cosmetics.com\/hu\/wp-content\/uploads\/2024\/10\/alc_growth_serum-819x1024-1-460x575.png\" alt=\"\" width=\"385\" height=\"481\" srcset=\"https:\/\/activeluxe-cosmetics.com\/hu\/wp-content\/uploads\/2024\/10\/alc_growth_serum-819x1024-1-460x575.png 460w, https:\/\/activeluxe-cosmetics.com\/hu\/wp-content\/uploads\/2024\/10\/alc_growth_serum-819x1024-1-768x960.png 768w, https:\/\/activeluxe-cosmetics.com\/hu\/wp-content\/uploads\/2024\/10\/alc_growth_serum-819x1024-1-600x750.png 600w, https:\/\/activeluxe-cosmetics.com\/hu\/wp-content\/uploads\/2024\/10\/alc_growth_serum-819x1024-1.png 819w\" sizes=\"auto, (max-width: 385px) 100vw, 385px\" \/>El\u0151zd meg a<strong> hajhull\u00e1st id\u0151ben!<\/strong><br \/>\n<\/span><\/h2>\n<p>Kopaszod\u00e1s \u00e9s t\u00falzott hajhull\u00e1s eset\u00e9n az Active Luxe hajn\u00f6veszt\u0151 sz\u00e9rum ide\u00e1lis megold\u00e1s a d\u00fasabb, eg\u00e9szs\u00e9gesebb \u00e9s er\u0151sebb haj el\u00e9r\u00e9s\u00e9hez. A term\u00e9k f\u00e9rfiak \u00e9s n\u0151k sz\u00e1m\u00e1ra egyar\u00e1nt aj\u00e1nlott. Folyamatos, sz\u00fcnet n\u00e9lk\u00fcli haszn\u00e1lata eset\u00e9n a hajhull\u00e1s l\u00e1that\u00f3an cs\u00f6kken \u00e9s a hajhagym\u00e1k meger\u0151s\u00f6dnek. Megindul az \u00faj, fiatal hajsz\u00e1lak n\u00f6veked\u00e9se.<\/p>\n<p>Nem ragad, alkalmas mindennapi haszn\u00e1latra. Haszn\u00e1lata biztons\u00e1gos, nincs mell\u00e9khat\u00e1sa, nem okoz allergi\u00e1s reakci\u00f3kat \u00e9s nem irrit\u00e1lja a fejb\u0151rt.<\/p>\n<ul>\n<li>Megel\u0151zi a hajhull\u00e1st \u00e9s er\u0151s\u00edti a hajat.<\/li>\n<li>El\u0151seg\u00edti az \u00faj hajsz\u00e1lak n\u00f6veked\u00e9s\u00e9t. Mind\u00f6ssze n\u00e9gy h\u00f3nap eltelt\u00e9vel l\u00e1that\u00f3v\u00e1 v\u00e1lnak az \u00faj hajsz\u00e1lak.<\/li>\n<li>A samponnal egy\u00fctt haszn\u00e1lva serkenti az akt\u00edv hajhagym\u00e1kat.<\/li>\n<li>S\u0171r\u0171bb\u00e9 teszi, d\u00fas\u00edtja \u00e9s er\u0151s\u00edti a hajat.<\/li>\n<li>pH-\u00e9rt\u00e9ke megfelel a fejb\u0151rnek<\/li>\n<li>Nem ragad, alkalmas mindennapi haszn\u00e1latra<\/li>\n<li>Nincs mell\u00e9khat\u00e1sa, nem okoz allergi\u00e1t \u00e9s irrit\u00e1ci\u00f3t<\/li>\n<\/ul>\n<h2 style=\"text-align: center; clear: both;\"><\/h2>\n<p><img loading=\"lazy\" decoding=\"async\" class=\" wp-image-84362 alignleft\" src=\"https:\/\/activeluxe-cosmetics.com\/hu\/wp-content\/uploads\/2024\/10\/hair_serum-819x1024-1-460x575.png\" alt=\"\" width=\"385\" height=\"481\" srcset=\"https:\/\/activeluxe-cosmetics.com\/hu\/wp-content\/uploads\/2024\/10\/hair_serum-819x1024-1-460x575.png 460w, https:\/\/activeluxe-cosmetics.com\/hu\/wp-content\/uploads\/2024\/10\/hair_serum-819x1024-1-768x960.png 768w, https:\/\/activeluxe-cosmetics.com\/hu\/wp-content\/uploads\/2024\/10\/hair_serum-819x1024-1-600x750.png 600w, https:\/\/activeluxe-cosmetics.com\/hu\/wp-content\/uploads\/2024\/10\/hair_serum-819x1024-1.png 819w\" sizes=\"auto, (max-width: 385px) 100vw, 385px\" \/><\/p>\n<h2><span data-sheets-root=\"1\" data-sheets-value=\"{&quot;1&quot;:2,&quot;2&quot;:&quot;S\u0171r\u0171 haj, kort\u00f3l \u00e9s eg\u00e9szs\u00e9g\u00fcgyi \u00e1llapott\u00f3l f\u00fcggetlen\u00fcl&quot;}\" data-sheets-userformat=\"{&quot;2&quot;:30849,&quot;3&quot;:{&quot;1&quot;:0,&quot;3&quot;:1},&quot;10&quot;:0,&quot;14&quot;:{&quot;1&quot;:2,&quot;2&quot;:0},&quot;15&quot;:&quot;Arial&quot;,&quot;16&quot;:10,&quot;17&quot;:1}\"><strong>S\u0171r\u0171 haj<\/strong>, kort\u00f3l \u00e9s eg\u00e9szs\u00e9g\u00fcgyi \u00e1llapott\u00f3l f\u00fcggetlen\u00fcl<\/span><\/h2>\n<p><span data-sheets-root=\"1\" data-sheets-value=\"{&quot;1&quot;:2,&quot;2&quot;:&quot;A hajhull\u00e1s a f\u00e9rfiakat \u00e9s a n\u0151ket egyar\u00e1nt \u00e9rinti. A f\u00e9rfiak 70%-a, a n\u0151k 40%-a \u00e9let\u00e9ben legal\u00e1bb egyszer tal\u00e1lkozik ezzel a probl\u00e9m\u00e1val. &quot;}\" data-sheets-userformat=\"{&quot;2&quot;:14721,&quot;3&quot;:{&quot;1&quot;:0,&quot;3&quot;:1},&quot;10&quot;:0,&quot;11&quot;:4,&quot;14&quot;:{&quot;1&quot;:2,&quot;2&quot;:0},&quot;15&quot;:&quot;Arial&quot;,&quot;16&quot;:10}\">A hajhull\u00e1s a f\u00e9rfiakat \u00e9s a n\u0151ket egyar\u00e1nt \u00e9rinti. A f\u00e9rfiak 70%-a, a n\u0151k 40%-a \u00e9let\u00e9ben legal\u00e1bb egyszer tal\u00e1lkozik ezzel a probl\u00e9m\u00e1val. Az els\u0151 t\u00fcnetek ak\u00e1r m\u00e1r 30 \u00e9ves kor el\u0151tt jelentkezhetnek. A hajhull\u00e1s m\u00e9rt\u00e9ke egy\u00e9nenk\u00e9nt v\u00e1ltoz\u00f3.<\/span><\/p>\n<p>A hajhull\u00e1s \u00e9s a kopaszod\u00e1s \u00e1ltal\u00e1ban a homlokn\u00e1l, illetve a fejtet\u0151n kezd\u0151dik. A sz\u00e9rum intenz\u00edv seg\u00edts\u00e9get ny\u00fajt mindazoknak, akiknek bizonyos ter\u00fcleteken m\u00e1r kihullott a haja, illetve kopaszodnak.<\/p>\n<p>Az Active Luxe hajn\u00f6veszt\u0151 sz\u00e9rum m\u00e1r t\u00f6bb mint 10 000 n\u0151nek \u00e9s f\u00e9rfinak seg\u00edtett a d\u00fasabb \u00e9s eg\u00e9szs\u00e9gesebb haj el\u00e9r\u00e9s\u00e9ben.<\/p>\n<h2 style=\"text-align: center; clear: both;\"><\/h2>\n<p>&nbsp;<\/p>\n<h2><img loading=\"lazy\" decoding=\"async\" class=\" wp-image-84531 alignright\" src=\"https:\/\/activeluxe-cosmetics.com\/hu\/wp-content\/uploads\/2024\/10\/before_after_activeluxe_hair-819x1024-1-460x575.png\" alt=\"\" width=\"412\" height=\"515\" srcset=\"https:\/\/activeluxe-cosmetics.com\/hu\/wp-content\/uploads\/2024\/10\/before_after_activeluxe_hair-819x1024-1-460x575.png 460w, https:\/\/activeluxe-cosmetics.com\/hu\/wp-content\/uploads\/2024\/10\/before_after_activeluxe_hair-819x1024-1-768x960.png 768w, https:\/\/activeluxe-cosmetics.com\/hu\/wp-content\/uploads\/2024\/10\/before_after_activeluxe_hair-819x1024-1-600x750.png 600w, https:\/\/activeluxe-cosmetics.com\/hu\/wp-content\/uploads\/2024\/10\/before_after_activeluxe_hair-819x1024-1.png 819w\" sizes=\"auto, (max-width: 412px) 100vw, 412px\" \/>Mi\u00e9rt az Active Luxe hajn\u00f6veszt\u0151 sz\u00e9rum az egyetlen sz\u00e9rum, <strong>amely t\u00e9nyleges eredm\u00e9nyeket hozhat?<\/strong><\/h2>\n<p>Er\u0151teljes \u00e9s biztons\u00e1gos hat\u00e1sa k\u00f6zvetlen\u00fcl a hajhagym\u00e1kat serkenti. Ennek k\u00f6sz\u00f6nhet\u0151en a haj gyorsabban n\u0151 \u00e9s \u00faj hajsz\u00e1lak jelennek meg. Kiv\u00e9teles, szabadalmaztatott antiandrog\u00e9n formul\u00e1ja hat\u00e9konyan veszi fel a k\u00fczdelmet a hajhull\u00e1ssal, serkenti a hajn\u00f6veked\u00e9st \u00e9s hidrat\u00e1ltt\u00e1 var\u00e1zsolja a hajsz\u00e1lakat. A molekul\u00e1k, hajn\u00f6veked\u00e9st serkent\u0151 anyagok \u00e9s aminosavak egyed\u00fcl\u00e1ll\u00f3 kombin\u00e1ci\u00f3ja alkotja a leghat\u00e9konyabb sz\u00e9rumot, amely bizony\u00edtottan serkenti a hajn\u00f6veked\u00e9st.<\/p>\n<p>Az Active Luxe hajn\u00f6veszt\u0151 sz\u00e9rum koncentr\u00e1lt formul\u00e1ja bizony\u00edtottan hat\u00e9kony, \u00e9s az Active Luxe hajhull\u00e1s elleni samponnal egy\u00fctt sikeresen el\u0151seg\u00edti a hajsz\u00e1lak n\u00f6veked\u00e9s\u00e9t. A maxim\u00e1lis hat\u00e1s \u00e9rdek\u00e9ben a hajhull\u00e1s s\u00falyos jelei eset\u00e9n az Active Luxe h\u00e1rmas hat\u00e1s\u00fa tonik \u00e9s a fejb\u0151r massz\u00edroz\u00e1s\u00e1ra alkalmas massz\u00edroz\u00f3henger egyidej\u0171 haszn\u00e1lat\u00e1t is javasoljuk.<\/p>\n<p>&nbsp;<\/p>\n<h3 style=\"clear: both; max-width: 820px;\"><\/h3>\n<div style=\"display: flex; align-items: center; gap: 20px; flex-wrap: wrap;\">\n<p style=\"max-width: 360px;\">\n<\/div>\n","protected":false},"excerpt":{"rendered":"<p>Serkenti az \u00faj hajsz\u00e1lak n\u00f6veked\u00e9s\u00e9t. Nem ragad \u00e9s nem zs\u00edros\u00edtja a fejb\u0151rt. F\u00e9rfiaknak \u00e9s n\u0151knek egyar\u00e1nt.<\/p>\n","protected":false},"featured_media":84360,"comment_status":"open","ping_status":"closed","template":"","meta":[],"product_brand":[],"product_cat":[98,53],"product_tag":[111],"class_list":{"0":"post-84356","1":"product","2":"type-product","3":"status-publish","4":"has-post-thumbnail","6":"product_cat-olajok-es-szerumok","7":"product_cat-haj","8":"product_tag-woman","10":"first","11":"instock","12":"sale","13":"taxable","14":"shipping-taxable","15":"purchasable","16":"product-type-variable"},"bundled_by":[],"bundle_stock_status":"instock","bundle_stock_quantity":null,"bundle_virtual":false,"bundle_layout":"","bundle_add_to_cart_form_location":"","bundle_editable_in_cart":false,"bundle_sold_individually_context":"","bundle_item_grouping":"","bundle_min_size":"","bundle_max_size":"","bundled_items":[],"acf":[],"yoast_head":"<!-- This site is optimized with the Yoast SEO plugin v26.5 - https:\/\/yoast.com\/wordpress\/plugins\/seo\/ -->\n<title>Active Luxe hajn\u00f6veszt\u0151 sz\u00e9rum<\/title>\n<meta name=\"description\" content=\"Active Luxe hajsz\u00e9rum a hajsz\u00e1lak n\u00f6veked\u00e9s\u00e9\u00e9rt \u00e9s a hajhull\u00e1s ellen. Stimul\u00e1lja az akt\u00edv hajhagym\u00e1kat. Mind\u00f6ssze n\u00e9gy h\u00f3nap eltelt\u00e9vel l\u00e1that\u00f3v\u00e1 v\u00e1lnak az \u00faj hajsz\u00e1lak.\" \/>\n<meta name=\"robots\" content=\"noindex, follow, max-snippet:-1, max-image-preview:large, max-video-preview:-1\" \/>\n<meta property=\"og:locale\" content=\"hu_HU\" \/>\n<meta property=\"og:type\" content=\"article\" \/>\n<meta property=\"og:title\" content=\"Active Luxe hajn\u00f6veszt\u0151 sz\u00e9rum\" \/>\n<meta property=\"og:description\" content=\"Active Luxe hajsz\u00e9rum a hajsz\u00e1lak n\u00f6veked\u00e9s\u00e9\u00e9rt \u00e9s a hajhull\u00e1s ellen. Stimul\u00e1lja az akt\u00edv hajhagym\u00e1kat. Mind\u00f6ssze n\u00e9gy h\u00f3nap eltelt\u00e9vel l\u00e1that\u00f3v\u00e1 v\u00e1lnak az \u00faj hajsz\u00e1lak.\" \/>\n<meta property=\"og:url\" content=\"https:\/\/activeluxe-cosmetics.com\/hu\/termek\/aktiv-hajnoveszto-szerum\/\" \/>\n<meta property=\"og:site_name\" content=\"Active Luxe Cosmetics\" \/>\n<meta property=\"article:modified_time\" content=\"2024-12-23T10:27:56+00:00\" \/>\n<meta property=\"og:image\" content=\"https:\/\/activeluxe-cosmetics.com\/hu\/wp-content\/uploads\/2024\/10\/39_Serum.jpg\" \/>\n\t<meta property=\"og:image:width\" content=\"1104\" \/>\n\t<meta property=\"og:image:height\" content=\"1326\" \/>\n\t<meta property=\"og:image:type\" content=\"image\/jpeg\" \/>\n<meta name=\"twitter:card\" content=\"summary_large_image\" \/>\n<meta name=\"twitter:label1\" content=\"Becs\u00fclt olvas\u00e1si id\u0151\" \/>\n\t<meta name=\"twitter:data1\" content=\"3 perc\" \/>\n<script type=\"application\/ld+json\" class=\"yoast-schema-graph\">{\"@context\":\"https:\/\/schema.org\",\"@graph\":[{\"@type\":\"WebPage\",\"@id\":\"https:\/\/activeluxe-cosmetics.com\/hu\/termek\/aktiv-hajnoveszto-szerum\/\",\"url\":\"https:\/\/activeluxe-cosmetics.com\/hu\/termek\/aktiv-hajnoveszto-szerum\/\",\"name\":\"Active Luxe hajn\u00f6veszt\u0151 sz\u00e9rum\",\"isPartOf\":{\"@id\":\"https:\/\/activeluxe-cosmetics.com\/hu\/#website\"},\"primaryImageOfPage\":{\"@id\":\"https:\/\/activeluxe-cosmetics.com\/hu\/termek\/aktiv-hajnoveszto-szerum\/#primaryimage\"},\"image\":{\"@id\":\"https:\/\/activeluxe-cosmetics.com\/hu\/termek\/aktiv-hajnoveszto-szerum\/#primaryimage\"},\"thumbnailUrl\":\"https:\/\/activeluxe-cosmetics.com\/hu\/wp-content\/uploads\/2024\/10\/39_Serum.jpg\",\"datePublished\":\"2024-10-29T11:57:03+00:00\",\"dateModified\":\"2024-12-23T10:27:56+00:00\",\"description\":\"Active Luxe hajsz\u00e9rum a hajsz\u00e1lak n\u00f6veked\u00e9s\u00e9\u00e9rt \u00e9s a hajhull\u00e1s ellen. Stimul\u00e1lja az akt\u00edv hajhagym\u00e1kat. Mind\u00f6ssze n\u00e9gy h\u00f3nap eltelt\u00e9vel l\u00e1that\u00f3v\u00e1 v\u00e1lnak az \u00faj hajsz\u00e1lak.\",\"breadcrumb\":{\"@id\":\"https:\/\/activeluxe-cosmetics.com\/hu\/termek\/aktiv-hajnoveszto-szerum\/#breadcrumb\"},\"inLanguage\":\"hu\",\"potentialAction\":[{\"@type\":\"ReadAction\",\"target\":[\"https:\/\/activeluxe-cosmetics.com\/hu\/termek\/aktiv-hajnoveszto-szerum\/\"]}]},{\"@type\":\"ImageObject\",\"inLanguage\":\"hu\",\"@id\":\"https:\/\/activeluxe-cosmetics.com\/hu\/termek\/aktiv-hajnoveszto-szerum\/#primaryimage\",\"url\":\"https:\/\/activeluxe-cosmetics.com\/hu\/wp-content\/uploads\/2024\/10\/39_Serum.jpg\",\"contentUrl\":\"https:\/\/activeluxe-cosmetics.com\/hu\/wp-content\/uploads\/2024\/10\/39_Serum.jpg\",\"width\":1104,\"height\":1326},{\"@type\":\"BreadcrumbList\",\"@id\":\"https:\/\/activeluxe-cosmetics.com\/hu\/termek\/aktiv-hajnoveszto-szerum\/#breadcrumb\",\"itemListElement\":[{\"@type\":\"ListItem\",\"position\":1,\"name\":\"C\u00edmlap\",\"item\":\"https:\/\/activeluxe-cosmetics.com\/hu\/\"},{\"@type\":\"ListItem\",\"position\":2,\"name\":\"\u00dczlet\",\"item\":\"https:\/\/activeluxe-cosmetics.com\/hu\/uzlet\/\"},{\"@type\":\"ListItem\",\"position\":3,\"name\":\"Akt\u00edv hajn\u00f6veszt\u0151 sz\u00e9rum\"}]},{\"@type\":\"WebSite\",\"@id\":\"https:\/\/activeluxe-cosmetics.com\/hu\/#website\",\"url\":\"https:\/\/activeluxe-cosmetics.com\/hu\/\",\"name\":\"Active Luxe Cosmetics\",\"description\":\"\",\"potentialAction\":[{\"@type\":\"SearchAction\",\"target\":{\"@type\":\"EntryPoint\",\"urlTemplate\":\"https:\/\/activeluxe-cosmetics.com\/hu\/?s={search_term_string}\"},\"query-input\":{\"@type\":\"PropertyValueSpecification\",\"valueRequired\":true,\"valueName\":\"search_term_string\"}}],\"inLanguage\":\"hu\"}]}<\/script>\n<!-- \/ Yoast SEO plugin. -->","yoast_head_json":{"title":"Active Luxe hajn\u00f6veszt\u0151 sz\u00e9rum","description":"Active Luxe hajsz\u00e9rum a hajsz\u00e1lak n\u00f6veked\u00e9s\u00e9\u00e9rt \u00e9s a hajhull\u00e1s ellen. Stimul\u00e1lja az akt\u00edv hajhagym\u00e1kat. Mind\u00f6ssze n\u00e9gy h\u00f3nap eltelt\u00e9vel l\u00e1that\u00f3v\u00e1 v\u00e1lnak az \u00faj hajsz\u00e1lak.","robots":{"index":"noindex","follow":"follow","max-snippet":"max-snippet:-1","max-image-preview":"max-image-preview:large","max-video-preview":"max-video-preview:-1"},"og_locale":"hu_HU","og_type":"article","og_title":"Active Luxe hajn\u00f6veszt\u0151 sz\u00e9rum","og_description":"Active Luxe hajsz\u00e9rum a hajsz\u00e1lak n\u00f6veked\u00e9s\u00e9\u00e9rt \u00e9s a hajhull\u00e1s ellen. Stimul\u00e1lja az akt\u00edv hajhagym\u00e1kat. Mind\u00f6ssze n\u00e9gy h\u00f3nap eltelt\u00e9vel l\u00e1that\u00f3v\u00e1 v\u00e1lnak az \u00faj hajsz\u00e1lak.","og_url":"https:\/\/activeluxe-cosmetics.com\/hu\/termek\/aktiv-hajnoveszto-szerum\/","og_site_name":"Active Luxe Cosmetics","article_modified_time":"2024-12-23T10:27:56+00:00","og_image":[{"width":1104,"height":1326,"url":"https:\/\/activeluxe-cosmetics.com\/hu\/wp-content\/uploads\/2024\/10\/39_Serum.jpg","type":"image\/jpeg"}],"twitter_card":"summary_large_image","twitter_misc":{"Becs\u00fclt olvas\u00e1si id\u0151":"3 perc"},"schema":{"@context":"https:\/\/schema.org","@graph":[{"@type":"WebPage","@id":"https:\/\/activeluxe-cosmetics.com\/hu\/termek\/aktiv-hajnoveszto-szerum\/","url":"https:\/\/activeluxe-cosmetics.com\/hu\/termek\/aktiv-hajnoveszto-szerum\/","name":"Active Luxe hajn\u00f6veszt\u0151 sz\u00e9rum","isPartOf":{"@id":"https:\/\/activeluxe-cosmetics.com\/hu\/#website"},"primaryImageOfPage":{"@id":"https:\/\/activeluxe-cosmetics.com\/hu\/termek\/aktiv-hajnoveszto-szerum\/#primaryimage"},"image":{"@id":"https:\/\/activeluxe-cosmetics.com\/hu\/termek\/aktiv-hajnoveszto-szerum\/#primaryimage"},"thumbnailUrl":"https:\/\/activeluxe-cosmetics.com\/hu\/wp-content\/uploads\/2024\/10\/39_Serum.jpg","datePublished":"2024-10-29T11:57:03+00:00","dateModified":"2024-12-23T10:27:56+00:00","description":"Active Luxe hajsz\u00e9rum a hajsz\u00e1lak n\u00f6veked\u00e9s\u00e9\u00e9rt \u00e9s a hajhull\u00e1s ellen. Stimul\u00e1lja az akt\u00edv hajhagym\u00e1kat. Mind\u00f6ssze n\u00e9gy h\u00f3nap eltelt\u00e9vel l\u00e1that\u00f3v\u00e1 v\u00e1lnak az \u00faj hajsz\u00e1lak.","breadcrumb":{"@id":"https:\/\/activeluxe-cosmetics.com\/hu\/termek\/aktiv-hajnoveszto-szerum\/#breadcrumb"},"inLanguage":"hu","potentialAction":[{"@type":"ReadAction","target":["https:\/\/activeluxe-cosmetics.com\/hu\/termek\/aktiv-hajnoveszto-szerum\/"]}]},{"@type":"ImageObject","inLanguage":"hu","@id":"https:\/\/activeluxe-cosmetics.com\/hu\/termek\/aktiv-hajnoveszto-szerum\/#primaryimage","url":"https:\/\/activeluxe-cosmetics.com\/hu\/wp-content\/uploads\/2024\/10\/39_Serum.jpg","contentUrl":"https:\/\/activeluxe-cosmetics.com\/hu\/wp-content\/uploads\/2024\/10\/39_Serum.jpg","width":1104,"height":1326},{"@type":"BreadcrumbList","@id":"https:\/\/activeluxe-cosmetics.com\/hu\/termek\/aktiv-hajnoveszto-szerum\/#breadcrumb","itemListElement":[{"@type":"ListItem","position":1,"name":"C\u00edmlap","item":"https:\/\/activeluxe-cosmetics.com\/hu\/"},{"@type":"ListItem","position":2,"name":"\u00dczlet","item":"https:\/\/activeluxe-cosmetics.com\/hu\/uzlet\/"},{"@type":"ListItem","position":3,"name":"Akt\u00edv hajn\u00f6veszt\u0151 sz\u00e9rum"}]},{"@type":"WebSite","@id":"https:\/\/activeluxe-cosmetics.com\/hu\/#website","url":"https:\/\/activeluxe-cosmetics.com\/hu\/","name":"Active Luxe Cosmetics","description":"","potentialAction":[{"@type":"SearchAction","target":{"@type":"EntryPoint","urlTemplate":"https:\/\/activeluxe-cosmetics.com\/hu\/?s={search_term_string}"},"query-input":{"@type":"PropertyValueSpecification","valueRequired":true,"valueName":"search_term_string"}}],"inLanguage":"hu"}]}},"_links":{"self":[{"href":"https:\/\/activeluxe-cosmetics.com\/hu\/wp-json\/wp\/v2\/product\/84356","targetHints":{"allow":["GET"]}}],"collection":[{"href":"https:\/\/activeluxe-cosmetics.com\/hu\/wp-json\/wp\/v2\/product"}],"about":[{"href":"https:\/\/activeluxe-cosmetics.com\/hu\/wp-json\/wp\/v2\/types\/product"}],"replies":[{"embeddable":true,"href":"https:\/\/activeluxe-cosmetics.com\/hu\/wp-json\/wp\/v2\/comments?post=84356"}],"wp:featuredmedia":[{"embeddable":true,"href":"https:\/\/activeluxe-cosmetics.com\/hu\/wp-json\/wp\/v2\/media\/84360"}],"wp:attachment":[{"href":"https:\/\/activeluxe-cosmetics.com\/hu\/wp-json\/wp\/v2\/media?parent=84356"}],"wp:term":[{"taxonomy":"product_brand","embeddable":true,"href":"https:\/\/activeluxe-cosmetics.com\/hu\/wp-json\/wp\/v2\/product_brand?post=84356"},{"taxonomy":"product_cat","embeddable":true,"href":"https:\/\/activeluxe-cosmetics.com\/hu\/wp-json\/wp\/v2\/product_cat?post=84356"},{"taxonomy":"product_tag","embeddable":true,"href":"https:\/\/activeluxe-cosmetics.com\/hu\/wp-json\/wp\/v2\/product_tag?post=84356"}],"curies":[{"name":"wp","href":"https:\/\/api.w.org\/{rel}","templated":true}]}}