{"id":83519,"date":"2024-05-13T09:55:02","date_gmt":"2024-05-13T09:55:02","guid":{"rendered":"https:\/\/activeluxe-cosmetics.com\/hu\/?post_type=product&#038;p=83519"},"modified":"2025-05-14T09:39:23","modified_gmt":"2025-05-14T09:39:23","slug":"husito-testjoghurt","status":"publish","type":"product","link":"https:\/\/activeluxe-cosmetics.com\/hu\/termek\/husito-testjoghurt\/","title":{"rendered":"Pr\u00e9mium napoz\u00e1s ut\u00e1ni testjoghurt, 110g"},"content":{"rendered":"<h2><img loading=\"lazy\" decoding=\"async\" class=\" wp-image-84084 alignright\" src=\"https:\/\/activeluxe-cosmetics.com\/hu\/wp-content\/uploads\/2024\/05\/Izdelek-brez-naslova-56-1-460x575.png\" alt=\"\" width=\"458\" height=\"573\" srcset=\"https:\/\/activeluxe-cosmetics.com\/hu\/wp-content\/uploads\/2024\/05\/Izdelek-brez-naslova-56-1-460x575.png 460w, https:\/\/activeluxe-cosmetics.com\/hu\/wp-content\/uploads\/2024\/05\/Izdelek-brez-naslova-56-1-819x1024.png 819w, https:\/\/activeluxe-cosmetics.com\/hu\/wp-content\/uploads\/2024\/05\/Izdelek-brez-naslova-56-1-768x960.png 768w, https:\/\/activeluxe-cosmetics.com\/hu\/wp-content\/uploads\/2024\/05\/Izdelek-brez-naslova-56-1-600x750.png 600w, https:\/\/activeluxe-cosmetics.com\/hu\/wp-content\/uploads\/2024\/05\/Izdelek-brez-naslova-56-1.png 1080w\" sizes=\"auto, (max-width: 458px) 100vw, 458px\" \/><span data-sheets-root=\"1\" data-sheets-value=\"{&quot;1&quot;:2,&quot;2&quot;:&quot;Hidrat\u00e1l \u00e9s nagyon j\u00f3 \u00e9rz\u00e9s - \u00faj csomagol\u00e1sban&quot;}\" data-sheets-userformat=\"{&quot;2&quot;:30977,&quot;3&quot;:{&quot;1&quot;:0,&quot;3&quot;:1},&quot;11&quot;:4,&quot;14&quot;:{&quot;1&quot;:2,&quot;2&quot;:0},&quot;15&quot;:&quot;Arial&quot;,&quot;16&quot;:10,&quot;17&quot;:1}\"><strong>Hidrat\u00e1l \u00e9s nagyon j\u00f3 \u00e9rz\u00e9s<\/strong> &#8211; \u00faj csomagol\u00e1sban<\/span><\/h2>\n<p id=\"tw-target-text\" class=\"tw-data-text tw-text-large tw-ta\" dir=\"ltr\" data-placeholder=\"Translation\" aria-label=\"Translated text\" data-ved=\"2ahUKEwj4z7eY0YKGAxUaSPEDHbfxC-AQ3ewLegQICBAU\"><span data-sheets-root=\"1\" data-sheets-value=\"{&quot;1&quot;:2,&quot;2&quot;:&quot;Olyan az igazi joghurt, csak jobb, \u00e9s a van\u00edlia, a k\u00f3kusz \u00e9s az \u00e9des narancs m\u00e1mor\u00edt\u00f3 illat\u00e1val rendelkezik. Ahhoz, hogy b\u0151r\u00f6d eg\u00e9sz ny\u00e1ron eg\u00e9szs\u00e9ges \u00e9s napbarn\u00edtott legyen, sok hidrat\u00e1l\u00e1sra van sz\u00fcks\u00e9ge.&quot;}\" data-sheets-userformat=\"{&quot;2&quot;:14593,&quot;3&quot;:{&quot;1&quot;:0,&quot;3&quot;:1},&quot;11&quot;:4,&quot;14&quot;:{&quot;1&quot;:2,&quot;2&quot;:0},&quot;15&quot;:&quot;Arial&quot;,&quot;16&quot;:10}\">Olyan az igazi joghurt, csak jobb, \u00e9s a van\u00edlia, a k\u00f3kusz \u00e9s az \u00e9des narancs m\u00e1mor\u00edt\u00f3 illat\u00e1val rendelkezik. Ahhoz, hogy b\u0151r\u00f6d eg\u00e9sz ny\u00e1ron eg\u00e9szs\u00e9ges \u00e9s napbarn\u00edtott legyen, sok hidrat\u00e1l\u00e1sra van sz\u00fcks\u00e9ge.<\/span><\/p>\n<p class=\"tw-data-text tw-text-large tw-ta\" dir=\"ltr\" data-placeholder=\"Translation\" aria-label=\"Translated text\" data-ved=\"2ahUKEwj4z7eY0YKGAxUaSPEDHbfxC-AQ3ewLegQICBAU\"><span data-sheets-root=\"1\" data-sheets-value=\"{&quot;1&quot;:2,&quot;2&quot;:&quot;A nap, a tengeri s\u00f3 \u00e9s a kl\u00f3r kisz\u00e1r\u00edtja a b\u0151rt, ez\u00e9rt fontos, hogy napoz\u00e1s ut\u00e1n megfelel\u0151 \u00e1pol\u00e1st biztos\u00edts neki.&quot;}\" data-sheets-userformat=\"{&quot;2&quot;:14593,&quot;3&quot;:{&quot;1&quot;:0,&quot;3&quot;:1},&quot;11&quot;:4,&quot;14&quot;:{&quot;1&quot;:2,&quot;2&quot;:0},&quot;15&quot;:&quot;Arial&quot;,&quot;16&quot;:10}\">A nap, a tengeri s\u00f3 \u00e9s a kl\u00f3r kisz\u00e1r\u00edtja a b\u0151rt, ez\u00e9rt fontos, hogy napoz\u00e1s ut\u00e1n megfelel\u0151 \u00e1pol\u00e1st biztos\u00edts neki.<\/span><\/p>\n<p class=\"tw-data-text tw-text-large tw-ta\" dir=\"ltr\" data-placeholder=\"Translation\" aria-label=\"Translated text\" data-ved=\"2ahUKEwj4z7eY0YKGAxUaSPEDHbfxC-AQ3ewLegQICBAU\"><span data-sheets-root=\"1\" data-sheets-value=\"{&quot;1&quot;:2,&quot;2&quot;:&quot;Pr\u00e9mium csokol\u00e1d\u00e9dzsem\u00fcnk vagy sz\u00e1razolajunk a napoz\u00e1s sor\u00e1n t\u00f6k\u00e9letes bronzos b\u0151rsz\u00ednt biztos\u00edt neked, m\u00edg a joghurt rendszeres haszn\u00e1lata tart\u00f3sabb\u00e1 teszi a barnas\u00e1god, valamint puh\u00e1n \u00e9s hidrat\u00e1ltan tartja a b\u0151r\u00f6d.&quot;}\" data-sheets-userformat=\"{&quot;2&quot;:14593,&quot;3&quot;:{&quot;1&quot;:0,&quot;3&quot;:1},&quot;11&quot;:4,&quot;14&quot;:{&quot;1&quot;:2,&quot;2&quot;:0},&quot;15&quot;:&quot;Arial&quot;,&quot;16&quot;:10}\">Pr\u00e9mium csokol\u00e1d\u00e9dzsem\u00fcnk vagy sz\u00e1razolajunk a napoz\u00e1s sor\u00e1n t\u00f6k\u00e9letes bronzos b\u0151rsz\u00ednt biztos\u00edt neked, m\u00edg a joghurt rendszeres haszn\u00e1lata tart\u00f3sabb\u00e1 teszi a barnas\u00e1god, valamint puh\u00e1n \u00e9s hidrat\u00e1ltan tartja a b\u0151r\u00f6d.<\/span><\/p>\n<p class=\"tw-data-text tw-text-large tw-ta\" dir=\"ltr\" data-placeholder=\"Translation\" aria-label=\"Translated text\" data-ved=\"2ahUKEwj4z7eY0YKGAxUaSPEDHbfxC-AQ3ewLegQICBAU\"><span class=\"Y2IQFc\" lang=\"hr\"><span data-sheets-root=\"1\" data-sheets-value=\"{&quot;1&quot;:2,&quot;2&quot;:&quot;A Pr\u00e9mium napoz\u00e1s ut\u00e1ni testjoghurt minden, amire a napbarn\u00edtott b\u0151r\u00f6dnek sz\u00fcks\u00e9ge van:&quot;}\" data-sheets-userformat=\"{&quot;2&quot;:14593,&quot;3&quot;:{&quot;1&quot;:0,&quot;3&quot;:1},&quot;11&quot;:4,&quot;14&quot;:{&quot;1&quot;:2,&quot;2&quot;:0},&quot;15&quot;:&quot;Arial&quot;,&quot;16&quot;:10}\">A <strong>Pr\u00e9mium<\/strong> napoz\u00e1s ut\u00e1ni testjoghurt minden, amire a napbarn\u00edtott b\u0151r\u00f6dnek sz\u00fcks\u00e9ge van<\/span>: <\/span><\/p>\n<ul>\n<li class=\"tw-data-text tw-text-large tw-ta\" dir=\"ltr\" data-placeholder=\"Translation\" aria-label=\"Translated text\" data-ved=\"2ahUKEwj4z7eY0YKGAxUaSPEDHbfxC-AQ3ewLegQICBAU\"><span data-sheets-root=\"1\" data-sheets-value=\"{&quot;1&quot;:2,&quot;2&quot;:&quot;Nyugtatja a b\u0151rt napoz\u00e1s ut\u00e1n&quot;}\" data-sheets-userformat=\"{&quot;2&quot;:14593,&quot;3&quot;:{&quot;1&quot;:0,&quot;3&quot;:1},&quot;11&quot;:4,&quot;14&quot;:{&quot;1&quot;:2,&quot;2&quot;:0},&quot;15&quot;:&quot;Arial&quot;,&quot;16&quot;:10}\">Nyugtatja a b\u0151rt napoz\u00e1s ut\u00e1n<\/span><\/li>\n<li class=\"tw-data-text tw-text-large tw-ta\" dir=\"ltr\" data-placeholder=\"Translation\" aria-label=\"Translated text\" data-ved=\"2ahUKEwj4z7eY0YKGAxUaSPEDHbfxC-AQ3ewLegQICBAU\"><span data-sheets-root=\"1\" data-sheets-value=\"{&quot;1&quot;:2,&quot;2&quot;:&quot;H\u0171s\u00edti a b\u0151rt&quot;}\" data-sheets-userformat=\"{&quot;2&quot;:14593,&quot;3&quot;:{&quot;1&quot;:0,&quot;3&quot;:1},&quot;11&quot;:4,&quot;14&quot;:{&quot;1&quot;:2,&quot;2&quot;:0},&quot;15&quot;:&quot;Arial&quot;,&quot;16&quot;:10}\">H\u0171s\u00edti a b\u0151rt<\/span><\/li>\n<li class=\"tw-data-text tw-text-large tw-ta\" dir=\"ltr\" data-placeholder=\"Translation\" aria-label=\"Translated text\" data-ved=\"2ahUKEwj4z7eY0YKGAxUaSPEDHbfxC-AQ3ewLegQICBAU\"><span data-sheets-root=\"1\" data-sheets-value=\"{&quot;1&quot;:2,&quot;2&quot;:&quot;Az aloe vera m\u00e9lyen hidrat\u00e1lja a b\u0151rt&quot;}\" data-sheets-userformat=\"{&quot;2&quot;:14593,&quot;3&quot;:{&quot;1&quot;:0,&quot;3&quot;:1},&quot;11&quot;:4,&quot;14&quot;:{&quot;1&quot;:2,&quot;2&quot;:0},&quot;15&quot;:&quot;Arial&quot;,&quot;16&quot;:10}\">Az aloe vera m\u00e9lyen hidrat\u00e1lja a b\u0151rt<\/span><\/li>\n<li class=\"tw-data-text tw-text-large tw-ta\" dir=\"ltr\" data-placeholder=\"Translation\" aria-label=\"Translated text\" data-ved=\"2ahUKEwj4z7eY0YKGAxUaSPEDHbfxC-AQ3ewLegQICBAU\"><span data-sheets-root=\"1\" data-sheets-value=\"{&quot;1&quot;:2,&quot;2&quot;:&quot;Puh\u00edtja a b\u0151rt&quot;}\">Puh\u00edtja a b\u0151rt<\/span><\/li>\n<\/ul>\n<h2 style=\"text-align: center; clear: both;\"><\/h2>\n<p>&nbsp;<\/p>\n<h2><span data-sheets-root=\"1\" data-sheets-value=\"{&quot;1&quot;:2,&quot;2&quot;:&quot;Bogata ulja za prekrasan bron\u010dani ten&quot;}\" data-sheets-userformat=\"{&quot;2&quot;:21377,&quot;3&quot;:{&quot;1&quot;:0},&quot;10&quot;:0,&quot;11&quot;:4,&quot;12&quot;:0,&quot;15&quot;:&quot;Arial&quot;,&quot;17&quot;:1}\"><img loading=\"lazy\" decoding=\"async\" class=\"wp-image-83458 alignleft\" src=\"https:\/\/activeluxe-cosmetics.com\/hu\/wp-content\/uploads\/2024\/05\/Izdelek-brez-naslova-2-460x575-1.png\" alt=\"\" width=\"458\" height=\"573\" \/><\/span><\/h2>\n<h2><span data-sheets-root=\"1\" data-sheets-value=\"{&quot;1&quot;:2,&quot;2&quot;:&quot;\u00c9des van\u00edlia, k\u00f3kusz \u00e9s narancs illat, amely sok\u00e1ig \u00e9rezhet\u0151 marad&quot;}\" data-sheets-userformat=\"{&quot;2&quot;:30977,&quot;3&quot;:{&quot;1&quot;:0,&quot;3&quot;:1},&quot;11&quot;:4,&quot;14&quot;:{&quot;1&quot;:2,&quot;2&quot;:0},&quot;15&quot;:&quot;Arial&quot;,&quot;16&quot;:10,&quot;17&quot;:1}\">\u00c9des van\u00edlia, k\u00f3kusz \u00e9s narancs illat, <strong>amely sok\u00e1ig \u00e9rezhet\u0151 marad<\/strong><\/span><\/h2>\n<p><span data-sheets-root=\"1\" data-sheets-value=\"{&quot;1&quot;:2,&quot;2&quot;:&quot;A Pr\u00e9mium napoz\u00e1s ut\u00e1ni testjoghurt a legjobb v\u00e1laszt\u00e1s a t\u00e1pl\u00e1lt \u00e9s s\u00f6t\u00e9t b\u0151r\u00e9rt.&quot;}\" data-sheets-userformat=\"{&quot;2&quot;:14593,&quot;3&quot;:{&quot;1&quot;:0,&quot;3&quot;:1},&quot;11&quot;:4,&quot;14&quot;:{&quot;1&quot;:2,&quot;2&quot;:0},&quot;15&quot;:&quot;Arial&quot;,&quot;16&quot;:10}\">A Pr\u00e9mium napoz\u00e1s ut\u00e1ni testjoghurt a legjobb v\u00e1laszt\u00e1s a t\u00e1pl\u00e1lt \u00e9s s\u00f6t\u00e9t b\u0151r\u00e9rt.<\/span><\/p>\n<p><span data-sheets-root=\"1\" data-sheets-value=\"{&quot;1&quot;:2,&quot;2&quot;:&quot;A h\u0171s\u00edt\u0151 joghurt k\u00f6nny\u0171, finom text\u00far\u00e1ja gyorsan besz\u00edv\u00f3dik a b\u0151rbe, \u00e9s nem hagy zs\u00edros \u00e9rz\u00e9st maga ut\u00e1n a b\u0151r\u00f6d\u00f6n. A joghurt haszn\u00e1lata ut\u00e1n azonnal felveheted a ruh\u00e1idat, a b\u0151r\u00f6d pedig m\u00e9g sok\u00e1ig ny\u00e1r illat\u00fa lesz.\u00a0Az illata elvar\u00e1zsol \u00e9s felejthetetlenn\u00e9 \u00e9s romantikuss\u00e1 teszi a ny\u00e1ri est\u00e9ket.&quot;}\" data-sheets-userformat=\"{&quot;2&quot;:14593,&quot;3&quot;:{&quot;1&quot;:0,&quot;3&quot;:1},&quot;11&quot;:4,&quot;14&quot;:{&quot;1&quot;:2,&quot;2&quot;:0},&quot;15&quot;:&quot;Arial&quot;,&quot;16&quot;:10}\">A h\u0171s\u00edt\u0151 joghurt k\u00f6nny\u0171, finom text\u00far\u00e1ja gyorsan besz\u00edv\u00f3dik a b\u0151rbe, \u00e9s nem hagy zs\u00edros \u00e9rz\u00e9st maga ut\u00e1n a b\u0151r\u00f6d\u00f6n. A joghurt haszn\u00e1lata ut\u00e1n azonnal felveheted a ruh\u00e1idat, a b\u0151r\u00f6d pedig m\u00e9g sok\u00e1ig ny\u00e1r illat\u00fa lesz.\u00a0Az illata elvar\u00e1zsol \u00e9s felejthetetlenn\u00e9 \u00e9s romantikuss\u00e1 teszi a ny\u00e1ri est\u00e9ket.<\/span><\/p>\n<p><span data-sheets-root=\"1\" data-sheets-value=\"{&quot;1&quot;:2,&quot;2&quot;:&quot;A Pr\u00e9mium napoz\u00e1s ut\u00e1ni testjoghurt tartalma:&quot;}\" data-sheets-userformat=\"{&quot;2&quot;:14593,&quot;3&quot;:{&quot;1&quot;:0,&quot;3&quot;:1},&quot;11&quot;:4,&quot;14&quot;:{&quot;1&quot;:2,&quot;2&quot;:0},&quot;15&quot;:&quot;Arial&quot;,&quot;16&quot;:10}\">A Pr\u00e9mium napoz\u00e1s ut\u00e1ni testjoghurt tartalma:<\/span><\/p>\n<ul>\n<li><span data-sheets-root=\"1\" data-sheets-value=\"{&quot;1&quot;:2,&quot;2&quot;:&quot;a legfinomabb aloe vera kivonatok, amelyek bizony\u00edtottan h\u0171s\u00edtik \u00e9s nyugtatj\u00e1k a b\u0151rt, \u00e9s&quot;}\" data-sheets-userformat=\"{&quot;2&quot;:14593,&quot;3&quot;:{&quot;1&quot;:0,&quot;3&quot;:1},&quot;11&quot;:4,&quot;14&quot;:{&quot;1&quot;:2,&quot;2&quot;:0},&quot;15&quot;:&quot;Arial&quot;,&quot;16&quot;:10}\">a legfinomabb aloe vera kivonatok, amelyek bizony\u00edtottan h\u0171s\u00edtik \u00e9s nyugtatj\u00e1k a b\u0151rt, \u00e9s<\/span><\/li>\n<li><span class=\"Y2IQFc\" lang=\"hr\"><span class=\"Y2IQFc\" lang=\"hr\"><span data-sheets-root=\"1\" data-sheets-value=\"{&quot;1&quot;:2,&quot;2&quot;:&quot;k\u00f3kuszolaj, amely hidrat\u00e1lja \u00e9s puh\u00edtja a b\u0151rt.&quot;}\" data-sheets-userformat=\"{&quot;2&quot;:14593,&quot;3&quot;:{&quot;1&quot;:0,&quot;3&quot;:1},&quot;11&quot;:4,&quot;14&quot;:{&quot;1&quot;:2,&quot;2&quot;:0},&quot;15&quot;:&quot;Arial&quot;,&quot;16&quot;:10}\">k\u00f3kuszolaj, amely hidrat\u00e1lja \u00e9s puh\u00edtja a b\u0151rt.<\/span><\/span><\/span><span class=\"Y2IQFc\" lang=\"hr\"><span data-sheets-root=\"1\" data-sheets-value=\"{&quot;1&quot;:2,&quot;2&quot;:&quot;Zuhanyz\u00e1s ut\u00e1n gyeng\u00e9den massz\u00edrozd a b\u0151r\u00f6dbe a h\u0171s\u00edt\u0151 joghurtot. A joghurt rendk\u00edv\u00fcl gyorsan felsz\u00edv\u00f3dik. Azonnal haszn\u00e1lhatod \u00e9s nem kell a ruh\u00e1id elsz\u00ednez\u0151d\u00e9se miatt agg\u00f3dnod.&quot;}\" data-sheets-userformat=\"{&quot;2&quot;:14593,&quot;3&quot;:{&quot;1&quot;:0,&quot;3&quot;:1},&quot;11&quot;:4,&quot;14&quot;:{&quot;1&quot;:2,&quot;2&quot;:0},&quot;15&quot;:&quot;Arial&quot;,&quot;16&quot;:10}\">Zuhanyz\u00e1s ut\u00e1n gyeng\u00e9den massz\u00edrozd a b\u0151r\u00f6dbe a h\u0171s\u00edt\u0151 joghurtot. A joghurt rendk\u00edv\u00fcl gyorsan felsz\u00edv\u00f3dik. Azonnal haszn\u00e1lhatod \u00e9s nem kell a ruh\u00e1id elsz\u00ednez\u0151d\u00e9se miatt agg\u00f3dnod.<\/span><br \/>\n<span data-sheets-root=\"1\" data-sheets-value=\"{&quot;1&quot;:2,&quot;2&quot;:&quot;A m\u00e9g hat\u00e9konyabb h\u0171s\u00edt\u0151 hat\u00e1s \u00e9rdek\u00e9ben a joghurtot h\u0171t\u0151ben is t\u00e1rolhatod. Az arcodon is haszn\u00e1lhatod.&quot;}\" data-sheets-userformat=\"{&quot;2&quot;:14593,&quot;3&quot;:{&quot;1&quot;:0,&quot;3&quot;:1},&quot;11&quot;:4,&quot;14&quot;:{&quot;1&quot;:2,&quot;2&quot;:0},&quot;15&quot;:&quot;Arial&quot;,&quot;16&quot;:10}\">A m\u00e9g hat\u00e9konyabb h\u0171s\u00edt\u0151 hat\u00e1s \u00e9rdek\u00e9ben a joghurtot h\u0171t\u0151ben is t\u00e1rolhatod. Az arcodon is haszn\u00e1lhatod.<\/span><br \/>\n<\/span><\/li>\n<\/ul>\n","protected":false},"excerpt":{"rendered":"<p><span data-sheets-root=\"1\" data-sheets-value=\"{&quot;1&quot;:2,&quot;2&quot;:&quot;H\u0171s\u00edt\u0151 joghurt a b\u0151r\u00f6dnek napoz\u00e1s ut\u00e1n. Nyugtatja, h\u0171s\u00edti, hidrat\u00e1lja \u00e9s tart\u00f3sabb\u00e1 teszi a barnas\u00e1god.&quot;}\" data-sheets-userformat=\"{&quot;2&quot;:14593,&quot;3&quot;:{&quot;1&quot;:0,&quot;3&quot;:1},&quot;11&quot;:4,&quot;14&quot;:{&quot;1&quot;:2,&quot;2&quot;:0},&quot;15&quot;:&quot;Arial&quot;,&quot;16&quot;:10}\">H\u0171s\u00edt\u0151 joghurt a b\u0151r\u00f6dnek napoz\u00e1s ut\u00e1n. Nyugtatja, h\u0171s\u00edti, hidrat\u00e1lja \u00e9s tart\u00f3sabb\u00e1 teszi a barnas\u00e1god.<\/span><\/p>\n","protected":false},"featured_media":83460,"comment_status":"open","ping_status":"closed","template":"","meta":[],"product_brand":[],"product_cat":[82],"product_tag":[],"class_list":{"0":"post-83519","1":"product","2":"type-product","3":"status-publish","4":"has-post-thumbnail","6":"product_cat-borapolas","8":"first","9":"instock","10":"featured","11":"taxable","12":"shipping-taxable","13":"purchasable","14":"product-type-simple"},"bundled_by":[],"bundle_stock_status":"instock","bundle_stock_quantity":null,"bundle_virtual":false,"bundle_layout":"","bundle_add_to_cart_form_location":"","bundle_editable_in_cart":false,"bundle_sold_individually_context":"","bundle_item_grouping":"","bundle_min_size":"","bundle_max_size":"","bundled_items":[],"acf":[],"yoast_head":"<!-- This site is optimized with the Yoast SEO plugin v26.5 - https:\/\/yoast.com\/wordpress\/plugins\/seo\/ -->\n<title>Active Luxe pr\u00e9mium h\u0171s\u00edt\u0151 testjoghurt<\/title>\n<meta name=\"description\" content=\"H\u0171s\u00edt\u0151 joghurt a b\u0151r\u00f6dnek napoz\u00e1s ut\u00e1n. Nyugtatja, h\u0171s\u00edti, hidrat\u00e1lja \u00e9s tart\u00f3sabb\u00e1 teszi a barnas\u00e1god. Nyugtatja a b\u0151rt napoz\u00e1s ut\u00e1n. Az aloe vera m\u00e9lyen hidrat\u00e1lja a b\u0151rt\" \/>\n<meta name=\"robots\" content=\"noindex, follow\" \/>\n<meta property=\"og:locale\" content=\"hu_HU\" \/>\n<meta property=\"og:type\" content=\"article\" \/>\n<meta property=\"og:title\" content=\"Active Luxe pr\u00e9mium h\u0171s\u00edt\u0151 testjoghurt\" \/>\n<meta property=\"og:description\" content=\"H\u0171s\u00edt\u0151 joghurt a b\u0151r\u00f6dnek napoz\u00e1s ut\u00e1n. Nyugtatja, h\u0171s\u00edti, hidrat\u00e1lja \u00e9s tart\u00f3sabb\u00e1 teszi a barnas\u00e1god. Nyugtatja a b\u0151rt napoz\u00e1s ut\u00e1n. Az aloe vera m\u00e9lyen hidrat\u00e1lja a b\u0151rt\" \/>\n<meta property=\"og:url\" content=\"https:\/\/activeluxe-cosmetics.com\/hu\/termek\/husito-testjoghurt\/\" \/>\n<meta property=\"og:site_name\" content=\"Active Luxe Cosmetics\" \/>\n<meta property=\"article:modified_time\" content=\"2025-05-14T09:39:23+00:00\" \/>\n<meta property=\"og:image\" content=\"https:\/\/activeluxe-cosmetics.com\/hu\/wp-content\/uploads\/2024\/05\/16_jogurt-100-ml-1-460x553-1.jpg\" \/>\n\t<meta property=\"og:image:width\" content=\"460\" \/>\n\t<meta property=\"og:image:height\" content=\"553\" \/>\n\t<meta property=\"og:image:type\" content=\"image\/jpeg\" \/>\n<meta name=\"twitter:card\" content=\"summary_large_image\" \/>\n<meta name=\"twitter:label1\" content=\"Becs\u00fclt olvas\u00e1si id\u0151\" \/>\n\t<meta name=\"twitter:data1\" content=\"2 perc\" \/>\n<script type=\"application\/ld+json\" class=\"yoast-schema-graph\">{\"@context\":\"https:\/\/schema.org\",\"@graph\":[{\"@type\":\"WebPage\",\"@id\":\"https:\/\/activeluxe-cosmetics.com\/hu\/termek\/husito-testjoghurt\/\",\"url\":\"https:\/\/activeluxe-cosmetics.com\/hu\/termek\/husito-testjoghurt\/\",\"name\":\"Active Luxe pr\u00e9mium h\u0171s\u00edt\u0151 testjoghurt\",\"isPartOf\":{\"@id\":\"https:\/\/activeluxe-cosmetics.com\/hu\/#website\"},\"primaryImageOfPage\":{\"@id\":\"https:\/\/activeluxe-cosmetics.com\/hu\/termek\/husito-testjoghurt\/#primaryimage\"},\"image\":{\"@id\":\"https:\/\/activeluxe-cosmetics.com\/hu\/termek\/husito-testjoghurt\/#primaryimage\"},\"thumbnailUrl\":\"https:\/\/activeluxe-cosmetics.com\/hu\/wp-content\/uploads\/2024\/05\/16_jogurt-100-ml-1-460x553-1.jpg\",\"datePublished\":\"2024-05-13T09:55:02+00:00\",\"dateModified\":\"2025-05-14T09:39:23+00:00\",\"description\":\"H\u0171s\u00edt\u0151 joghurt a b\u0151r\u00f6dnek napoz\u00e1s ut\u00e1n. Nyugtatja, h\u0171s\u00edti, hidrat\u00e1lja \u00e9s tart\u00f3sabb\u00e1 teszi a barnas\u00e1god. Nyugtatja a b\u0151rt napoz\u00e1s ut\u00e1n. Az aloe vera m\u00e9lyen hidrat\u00e1lja a b\u0151rt\",\"breadcrumb\":{\"@id\":\"https:\/\/activeluxe-cosmetics.com\/hu\/termek\/husito-testjoghurt\/#breadcrumb\"},\"inLanguage\":\"hu\",\"potentialAction\":[{\"@type\":\"ReadAction\",\"target\":[\"https:\/\/activeluxe-cosmetics.com\/hu\/termek\/husito-testjoghurt\/\"]}]},{\"@type\":\"ImageObject\",\"inLanguage\":\"hu\",\"@id\":\"https:\/\/activeluxe-cosmetics.com\/hu\/termek\/husito-testjoghurt\/#primaryimage\",\"url\":\"https:\/\/activeluxe-cosmetics.com\/hu\/wp-content\/uploads\/2024\/05\/16_jogurt-100-ml-1-460x553-1.jpg\",\"contentUrl\":\"https:\/\/activeluxe-cosmetics.com\/hu\/wp-content\/uploads\/2024\/05\/16_jogurt-100-ml-1-460x553-1.jpg\",\"width\":460,\"height\":553},{\"@type\":\"BreadcrumbList\",\"@id\":\"https:\/\/activeluxe-cosmetics.com\/hu\/termek\/husito-testjoghurt\/#breadcrumb\",\"itemListElement\":[{\"@type\":\"ListItem\",\"position\":1,\"name\":\"C\u00edmlap\",\"item\":\"https:\/\/activeluxe-cosmetics.com\/hu\/\"},{\"@type\":\"ListItem\",\"position\":2,\"name\":\"\u00dczlet\",\"item\":\"https:\/\/activeluxe-cosmetics.com\/hu\/uzlet\/\"},{\"@type\":\"ListItem\",\"position\":3,\"name\":\"Pr\u00e9mium napoz\u00e1s ut\u00e1ni testjoghurt, 110g\"}]},{\"@type\":\"WebSite\",\"@id\":\"https:\/\/activeluxe-cosmetics.com\/hu\/#website\",\"url\":\"https:\/\/activeluxe-cosmetics.com\/hu\/\",\"name\":\"Active Luxe Cosmetics\",\"description\":\"\",\"potentialAction\":[{\"@type\":\"SearchAction\",\"target\":{\"@type\":\"EntryPoint\",\"urlTemplate\":\"https:\/\/activeluxe-cosmetics.com\/hu\/?s={search_term_string}\"},\"query-input\":{\"@type\":\"PropertyValueSpecification\",\"valueRequired\":true,\"valueName\":\"search_term_string\"}}],\"inLanguage\":\"hu\"}]}<\/script>\n<!-- \/ Yoast SEO plugin. -->","yoast_head_json":{"title":"Active Luxe pr\u00e9mium h\u0171s\u00edt\u0151 testjoghurt","description":"H\u0171s\u00edt\u0151 joghurt a b\u0151r\u00f6dnek napoz\u00e1s ut\u00e1n. Nyugtatja, h\u0171s\u00edti, hidrat\u00e1lja \u00e9s tart\u00f3sabb\u00e1 teszi a barnas\u00e1god. Nyugtatja a b\u0151rt napoz\u00e1s ut\u00e1n. Az aloe vera m\u00e9lyen hidrat\u00e1lja a b\u0151rt","robots":{"index":"noindex","follow":"follow"},"og_locale":"hu_HU","og_type":"article","og_title":"Active Luxe pr\u00e9mium h\u0171s\u00edt\u0151 testjoghurt","og_description":"H\u0171s\u00edt\u0151 joghurt a b\u0151r\u00f6dnek napoz\u00e1s ut\u00e1n. Nyugtatja, h\u0171s\u00edti, hidrat\u00e1lja \u00e9s tart\u00f3sabb\u00e1 teszi a barnas\u00e1god. Nyugtatja a b\u0151rt napoz\u00e1s ut\u00e1n. Az aloe vera m\u00e9lyen hidrat\u00e1lja a b\u0151rt","og_url":"https:\/\/activeluxe-cosmetics.com\/hu\/termek\/husito-testjoghurt\/","og_site_name":"Active Luxe Cosmetics","article_modified_time":"2025-05-14T09:39:23+00:00","og_image":[{"width":460,"height":553,"url":"https:\/\/activeluxe-cosmetics.com\/hu\/wp-content\/uploads\/2024\/05\/16_jogurt-100-ml-1-460x553-1.jpg","type":"image\/jpeg"}],"twitter_card":"summary_large_image","twitter_misc":{"Becs\u00fclt olvas\u00e1si id\u0151":"2 perc"},"schema":{"@context":"https:\/\/schema.org","@graph":[{"@type":"WebPage","@id":"https:\/\/activeluxe-cosmetics.com\/hu\/termek\/husito-testjoghurt\/","url":"https:\/\/activeluxe-cosmetics.com\/hu\/termek\/husito-testjoghurt\/","name":"Active Luxe pr\u00e9mium h\u0171s\u00edt\u0151 testjoghurt","isPartOf":{"@id":"https:\/\/activeluxe-cosmetics.com\/hu\/#website"},"primaryImageOfPage":{"@id":"https:\/\/activeluxe-cosmetics.com\/hu\/termek\/husito-testjoghurt\/#primaryimage"},"image":{"@id":"https:\/\/activeluxe-cosmetics.com\/hu\/termek\/husito-testjoghurt\/#primaryimage"},"thumbnailUrl":"https:\/\/activeluxe-cosmetics.com\/hu\/wp-content\/uploads\/2024\/05\/16_jogurt-100-ml-1-460x553-1.jpg","datePublished":"2024-05-13T09:55:02+00:00","dateModified":"2025-05-14T09:39:23+00:00","description":"H\u0171s\u00edt\u0151 joghurt a b\u0151r\u00f6dnek napoz\u00e1s ut\u00e1n. Nyugtatja, h\u0171s\u00edti, hidrat\u00e1lja \u00e9s tart\u00f3sabb\u00e1 teszi a barnas\u00e1god. Nyugtatja a b\u0151rt napoz\u00e1s ut\u00e1n. Az aloe vera m\u00e9lyen hidrat\u00e1lja a b\u0151rt","breadcrumb":{"@id":"https:\/\/activeluxe-cosmetics.com\/hu\/termek\/husito-testjoghurt\/#breadcrumb"},"inLanguage":"hu","potentialAction":[{"@type":"ReadAction","target":["https:\/\/activeluxe-cosmetics.com\/hu\/termek\/husito-testjoghurt\/"]}]},{"@type":"ImageObject","inLanguage":"hu","@id":"https:\/\/activeluxe-cosmetics.com\/hu\/termek\/husito-testjoghurt\/#primaryimage","url":"https:\/\/activeluxe-cosmetics.com\/hu\/wp-content\/uploads\/2024\/05\/16_jogurt-100-ml-1-460x553-1.jpg","contentUrl":"https:\/\/activeluxe-cosmetics.com\/hu\/wp-content\/uploads\/2024\/05\/16_jogurt-100-ml-1-460x553-1.jpg","width":460,"height":553},{"@type":"BreadcrumbList","@id":"https:\/\/activeluxe-cosmetics.com\/hu\/termek\/husito-testjoghurt\/#breadcrumb","itemListElement":[{"@type":"ListItem","position":1,"name":"C\u00edmlap","item":"https:\/\/activeluxe-cosmetics.com\/hu\/"},{"@type":"ListItem","position":2,"name":"\u00dczlet","item":"https:\/\/activeluxe-cosmetics.com\/hu\/uzlet\/"},{"@type":"ListItem","position":3,"name":"Pr\u00e9mium napoz\u00e1s ut\u00e1ni testjoghurt, 110g"}]},{"@type":"WebSite","@id":"https:\/\/activeluxe-cosmetics.com\/hu\/#website","url":"https:\/\/activeluxe-cosmetics.com\/hu\/","name":"Active Luxe Cosmetics","description":"","potentialAction":[{"@type":"SearchAction","target":{"@type":"EntryPoint","urlTemplate":"https:\/\/activeluxe-cosmetics.com\/hu\/?s={search_term_string}"},"query-input":{"@type":"PropertyValueSpecification","valueRequired":true,"valueName":"search_term_string"}}],"inLanguage":"hu"}]}},"_links":{"self":[{"href":"https:\/\/activeluxe-cosmetics.com\/hu\/wp-json\/wp\/v2\/product\/83519","targetHints":{"allow":["GET"]}}],"collection":[{"href":"https:\/\/activeluxe-cosmetics.com\/hu\/wp-json\/wp\/v2\/product"}],"about":[{"href":"https:\/\/activeluxe-cosmetics.com\/hu\/wp-json\/wp\/v2\/types\/product"}],"replies":[{"embeddable":true,"href":"https:\/\/activeluxe-cosmetics.com\/hu\/wp-json\/wp\/v2\/comments?post=83519"}],"wp:featuredmedia":[{"embeddable":true,"href":"https:\/\/activeluxe-cosmetics.com\/hu\/wp-json\/wp\/v2\/media\/83460"}],"wp:attachment":[{"href":"https:\/\/activeluxe-cosmetics.com\/hu\/wp-json\/wp\/v2\/media?parent=83519"}],"wp:term":[{"taxonomy":"product_brand","embeddable":true,"href":"https:\/\/activeluxe-cosmetics.com\/hu\/wp-json\/wp\/v2\/product_brand?post=83519"},{"taxonomy":"product_cat","embeddable":true,"href":"https:\/\/activeluxe-cosmetics.com\/hu\/wp-json\/wp\/v2\/product_cat?post=83519"},{"taxonomy":"product_tag","embeddable":true,"href":"https:\/\/activeluxe-cosmetics.com\/hu\/wp-json\/wp\/v2\/product_tag?post=83519"}],"curies":[{"name":"wp","href":"https:\/\/api.w.org\/{rel}","templated":true}]}}