{"id":81226,"date":"2024-02-01T13:58:36","date_gmt":"2024-02-01T13:58:36","guid":{"rendered":"https:\/\/activeluxe-cosmetics.com\/hu\/?post_type=product&#038;p=81226"},"modified":"2024-12-23T10:56:08","modified_gmt":"2024-12-23T10:56:08","slug":"antibakterialis-tisztito","status":"publish","type":"product","link":"https:\/\/activeluxe-cosmetics.com\/hu\/termek\/antibakterialis-tisztito\/","title":{"rendered":"Antibakteri\u00e1lis tiszt\u00edt\u00f3"},"content":{"rendered":"<p><img loading=\"lazy\" decoding=\"async\" class=\" wp-image-84436 alignright\" src=\"https:\/\/activeluxe-cosmetics.com\/hu\/wp-content\/uploads\/2024\/02\/Izdelek-brez-naslova-1-460x575.png\" alt=\"\" width=\"400\" height=\"500\" srcset=\"https:\/\/activeluxe-cosmetics.com\/hu\/wp-content\/uploads\/2024\/02\/Izdelek-brez-naslova-1-460x575.png 460w, https:\/\/activeluxe-cosmetics.com\/hu\/wp-content\/uploads\/2024\/02\/Izdelek-brez-naslova-1-819x1024.png 819w, https:\/\/activeluxe-cosmetics.com\/hu\/wp-content\/uploads\/2024\/02\/Izdelek-brez-naslova-1-768x960.png 768w, https:\/\/activeluxe-cosmetics.com\/hu\/wp-content\/uploads\/2024\/02\/Izdelek-brez-naslova-1-600x750.png 600w, https:\/\/activeluxe-cosmetics.com\/hu\/wp-content\/uploads\/2024\/02\/Izdelek-brez-naslova-1.png 1080w\" sizes=\"auto, (max-width: 400px) 100vw, 400px\" \/><\/p>\n<h2><span data-sheets-root=\"1\" data-sheets-value=\"{&quot;1&quot;:2,&quot;2&quot;:&quot;Aktivira ko\u017eu i vlasi\u0161te pomo\u0107u 540 ultratankih iglica&quot;}\" data-sheets-userformat=\"{&quot;2&quot;:19329,&quot;3&quot;:{&quot;1&quot;:0},&quot;10&quot;:0,&quot;11&quot;:4,&quot;12&quot;:0,&quot;14&quot;:{&quot;1&quot;:2,&quot;2&quot;:16739585},&quot;17&quot;:1}\">Antibakteri\u00e1lis tiszt\u00edt\u00f3 <strong>a t\u00f6k\u00e9letesen biztons\u00e1gos haszn\u00e1lat \u00e9rdek\u00e9ben<\/strong><\/span><\/h2>\n<p>Az Active Luxe antibakteri\u00e1lis tiszt\u00edt\u00f3 az Active Luxe massz\u00edroz\u00f3henger \u00e9s m\u00e1s kozmetikai kieg\u00e9sz\u00edt\u0151k (csipesz, szempilla-g\u00f6nd\u00f6r\u00edt\u0151 stb.) hat\u00e9kony tiszt\u00edt\u00e1s\u00e1ra szolg\u00e1l.<\/p>\n<p>Az antibakteri\u00e1lis spray nagyon k\u00f6nnyen haszn\u00e1lhat\u00f3.<\/p>\n<p>F\u00fajd be egyszer a fert\u0151tlen\u00edteni k\u00edv\u00e1nt eszk\u00f6zt, \u00e9s m\u00e1ris haszn\u00e1lhatod.<\/p>\n<p>Praktikus csomagol\u00e1s\u00e1nak k\u00f6sz\u00f6nhet\u0151en b\u00e1rhov\u00e1 magaddal viheted.<\/p>\n<div style=\"display: flex; align-items: center; gap: 20px; flex-wrap: wrap;\">\n<p style=\"max-width: 360px;\">\n<\/div>\n<div id=\"gtx-trans\" style=\"position: absolute; left: 221px; top: 222px;\">\n<div class=\"gtx-trans-icon\"><\/div>\n<\/div>\n","protected":false},"excerpt":{"rendered":"<div class=\"c-product__short-description\">\n<p><span data-sheets-root=\"1\" data-sheets-value=\"{&quot;1&quot;:2,&quot;2&quot;:&quot;A massz\u00edroz\u00f3hengerek, csipeszek \u00e9s egy\u00e9b b\u0151r\u00e1pol\u00e1si kieg\u00e9sz\u00edt\u0151k hat\u00e9kony tiszt\u00edt\u00e1s\u00e1hoz.&quot;}\" data-sheets-userformat=\"{&quot;2&quot;:14593,&quot;3&quot;:{&quot;1&quot;:0,&quot;3&quot;:1},&quot;11&quot;:4,&quot;14&quot;:{&quot;1&quot;:2,&quot;2&quot;:0},&quot;15&quot;:&quot;Arial&quot;,&quot;16&quot;:10}\">A massz\u00edroz\u00f3hengerek, csipeszek \u00e9s egy\u00e9b b\u0151r\u00e1pol\u00e1si kieg\u00e9sz\u00edt\u0151k hat\u00e9kony tiszt\u00edt\u00e1s\u00e1hoz.<\/span><\/p>\n<\/div>\n","protected":false},"featured_media":84435,"comment_status":"open","ping_status":"closed","template":"","meta":[],"product_brand":[],"product_cat":[108,99,107,53,42],"product_tag":[],"class_list":{"0":"post-81226","1":"product","2":"type-product","3":"status-publish","4":"has-post-thumbnail","6":"product_cat-haj-ferfiak","7":"product_cat-kiegeszitok-haj","8":"product_cat-szakall","9":"product_cat-haj","10":"product_cat-ferfiak","12":"first","13":"instock","14":"taxable","15":"shipping-taxable","16":"purchasable","17":"product-type-simple"},"bundled_by":[],"bundle_stock_status":"instock","bundle_stock_quantity":null,"bundle_virtual":false,"bundle_layout":"","bundle_add_to_cart_form_location":"","bundle_editable_in_cart":false,"bundle_sold_individually_context":"","bundle_item_grouping":"","bundle_min_size":"","bundle_max_size":"","bundled_items":[],"acf":[],"yoast_head":"<!-- This site is optimized with the Yoast SEO plugin v26.5 - https:\/\/yoast.com\/wordpress\/plugins\/seo\/ -->\n<title>Active Luxe antibakteri\u00e1lis tiszt\u00edt\u00f3<\/title>\n<meta name=\"description\" content=\"Alkalmas az Active Luxe massz\u00edroz\u00f3henger \u00e9s m\u00e1s kozmetikai kieg\u00e9sz\u00edt\u0151k (csipesz, szempilla-g\u00f6nd\u00f6r\u00edt\u0151 stb.) hat\u00e9kony tiszt\u00edt\u00e1s\u00e1ra.\" \/>\n<meta name=\"robots\" content=\"noindex, follow, max-snippet:-1, max-image-preview:large, max-video-preview:-1\" \/>\n<meta property=\"og:locale\" content=\"hu_HU\" \/>\n<meta property=\"og:type\" content=\"article\" \/>\n<meta property=\"og:title\" content=\"Active Luxe antibakteri\u00e1lis tiszt\u00edt\u00f3\" \/>\n<meta property=\"og:description\" content=\"Alkalmas az Active Luxe massz\u00edroz\u00f3henger \u00e9s m\u00e1s kozmetikai kieg\u00e9sz\u00edt\u0151k (csipesz, szempilla-g\u00f6nd\u00f6r\u00edt\u0151 stb.) hat\u00e9kony tiszt\u00edt\u00e1s\u00e1ra.\" \/>\n<meta property=\"og:url\" content=\"https:\/\/activeluxe-cosmetics.com\/hu\/termek\/antibakterialis-tisztito\/\" \/>\n<meta property=\"og:site_name\" content=\"Active Luxe Cosmetics\" \/>\n<meta property=\"article:modified_time\" content=\"2024-12-23T10:56:08+00:00\" \/>\n<meta property=\"og:image\" content=\"https:\/\/activeluxe-cosmetics.com\/hu\/wp-content\/uploads\/2024\/02\/45_Cleanser_Spray.jpg\" \/>\n\t<meta property=\"og:image:width\" content=\"1104\" \/>\n\t<meta property=\"og:image:height\" content=\"1326\" \/>\n\t<meta property=\"og:image:type\" content=\"image\/jpeg\" \/>\n<meta name=\"twitter:card\" content=\"summary_large_image\" \/>\n<meta name=\"twitter:label1\" content=\"Becs\u00fclt olvas\u00e1si id\u0151\" \/>\n\t<meta name=\"twitter:data1\" content=\"1 perc\" \/>\n<script type=\"application\/ld+json\" class=\"yoast-schema-graph\">{\"@context\":\"https:\/\/schema.org\",\"@graph\":[{\"@type\":\"WebPage\",\"@id\":\"https:\/\/activeluxe-cosmetics.com\/hu\/termek\/antibakterialis-tisztito\/\",\"url\":\"https:\/\/activeluxe-cosmetics.com\/hu\/termek\/antibakterialis-tisztito\/\",\"name\":\"Active Luxe antibakteri\u00e1lis tiszt\u00edt\u00f3\",\"isPartOf\":{\"@id\":\"https:\/\/activeluxe-cosmetics.com\/hu\/#website\"},\"primaryImageOfPage\":{\"@id\":\"https:\/\/activeluxe-cosmetics.com\/hu\/termek\/antibakterialis-tisztito\/#primaryimage\"},\"image\":{\"@id\":\"https:\/\/activeluxe-cosmetics.com\/hu\/termek\/antibakterialis-tisztito\/#primaryimage\"},\"thumbnailUrl\":\"https:\/\/activeluxe-cosmetics.com\/hu\/wp-content\/uploads\/2024\/02\/45_Cleanser_Spray.jpg\",\"datePublished\":\"2024-02-01T13:58:36+00:00\",\"dateModified\":\"2024-12-23T10:56:08+00:00\",\"description\":\"Alkalmas az Active Luxe massz\u00edroz\u00f3henger \u00e9s m\u00e1s kozmetikai kieg\u00e9sz\u00edt\u0151k (csipesz, szempilla-g\u00f6nd\u00f6r\u00edt\u0151 stb.) hat\u00e9kony tiszt\u00edt\u00e1s\u00e1ra.\",\"breadcrumb\":{\"@id\":\"https:\/\/activeluxe-cosmetics.com\/hu\/termek\/antibakterialis-tisztito\/#breadcrumb\"},\"inLanguage\":\"hu\",\"potentialAction\":[{\"@type\":\"ReadAction\",\"target\":[\"https:\/\/activeluxe-cosmetics.com\/hu\/termek\/antibakterialis-tisztito\/\"]}]},{\"@type\":\"ImageObject\",\"inLanguage\":\"hu\",\"@id\":\"https:\/\/activeluxe-cosmetics.com\/hu\/termek\/antibakterialis-tisztito\/#primaryimage\",\"url\":\"https:\/\/activeluxe-cosmetics.com\/hu\/wp-content\/uploads\/2024\/02\/45_Cleanser_Spray.jpg\",\"contentUrl\":\"https:\/\/activeluxe-cosmetics.com\/hu\/wp-content\/uploads\/2024\/02\/45_Cleanser_Spray.jpg\",\"width\":1104,\"height\":1326},{\"@type\":\"BreadcrumbList\",\"@id\":\"https:\/\/activeluxe-cosmetics.com\/hu\/termek\/antibakterialis-tisztito\/#breadcrumb\",\"itemListElement\":[{\"@type\":\"ListItem\",\"position\":1,\"name\":\"C\u00edmlap\",\"item\":\"https:\/\/activeluxe-cosmetics.com\/hu\/\"},{\"@type\":\"ListItem\",\"position\":2,\"name\":\"\u00dczlet\",\"item\":\"https:\/\/activeluxe-cosmetics.com\/hu\/uzlet\/\"},{\"@type\":\"ListItem\",\"position\":3,\"name\":\"Antibakteri\u00e1lis tiszt\u00edt\u00f3\"}]},{\"@type\":\"WebSite\",\"@id\":\"https:\/\/activeluxe-cosmetics.com\/hu\/#website\",\"url\":\"https:\/\/activeluxe-cosmetics.com\/hu\/\",\"name\":\"Active Luxe Cosmetics\",\"description\":\"\",\"potentialAction\":[{\"@type\":\"SearchAction\",\"target\":{\"@type\":\"EntryPoint\",\"urlTemplate\":\"https:\/\/activeluxe-cosmetics.com\/hu\/?s={search_term_string}\"},\"query-input\":{\"@type\":\"PropertyValueSpecification\",\"valueRequired\":true,\"valueName\":\"search_term_string\"}}],\"inLanguage\":\"hu\"}]}<\/script>\n<!-- \/ Yoast SEO plugin. -->","yoast_head_json":{"title":"Active Luxe antibakteri\u00e1lis tiszt\u00edt\u00f3","description":"Alkalmas az Active Luxe massz\u00edroz\u00f3henger \u00e9s m\u00e1s kozmetikai kieg\u00e9sz\u00edt\u0151k (csipesz, szempilla-g\u00f6nd\u00f6r\u00edt\u0151 stb.) hat\u00e9kony tiszt\u00edt\u00e1s\u00e1ra.","robots":{"index":"noindex","follow":"follow","max-snippet":"max-snippet:-1","max-image-preview":"max-image-preview:large","max-video-preview":"max-video-preview:-1"},"og_locale":"hu_HU","og_type":"article","og_title":"Active Luxe antibakteri\u00e1lis tiszt\u00edt\u00f3","og_description":"Alkalmas az Active Luxe massz\u00edroz\u00f3henger \u00e9s m\u00e1s kozmetikai kieg\u00e9sz\u00edt\u0151k (csipesz, szempilla-g\u00f6nd\u00f6r\u00edt\u0151 stb.) hat\u00e9kony tiszt\u00edt\u00e1s\u00e1ra.","og_url":"https:\/\/activeluxe-cosmetics.com\/hu\/termek\/antibakterialis-tisztito\/","og_site_name":"Active Luxe Cosmetics","article_modified_time":"2024-12-23T10:56:08+00:00","og_image":[{"width":1104,"height":1326,"url":"https:\/\/activeluxe-cosmetics.com\/hu\/wp-content\/uploads\/2024\/02\/45_Cleanser_Spray.jpg","type":"image\/jpeg"}],"twitter_card":"summary_large_image","twitter_misc":{"Becs\u00fclt olvas\u00e1si id\u0151":"1 perc"},"schema":{"@context":"https:\/\/schema.org","@graph":[{"@type":"WebPage","@id":"https:\/\/activeluxe-cosmetics.com\/hu\/termek\/antibakterialis-tisztito\/","url":"https:\/\/activeluxe-cosmetics.com\/hu\/termek\/antibakterialis-tisztito\/","name":"Active Luxe antibakteri\u00e1lis tiszt\u00edt\u00f3","isPartOf":{"@id":"https:\/\/activeluxe-cosmetics.com\/hu\/#website"},"primaryImageOfPage":{"@id":"https:\/\/activeluxe-cosmetics.com\/hu\/termek\/antibakterialis-tisztito\/#primaryimage"},"image":{"@id":"https:\/\/activeluxe-cosmetics.com\/hu\/termek\/antibakterialis-tisztito\/#primaryimage"},"thumbnailUrl":"https:\/\/activeluxe-cosmetics.com\/hu\/wp-content\/uploads\/2024\/02\/45_Cleanser_Spray.jpg","datePublished":"2024-02-01T13:58:36+00:00","dateModified":"2024-12-23T10:56:08+00:00","description":"Alkalmas az Active Luxe massz\u00edroz\u00f3henger \u00e9s m\u00e1s kozmetikai kieg\u00e9sz\u00edt\u0151k (csipesz, szempilla-g\u00f6nd\u00f6r\u00edt\u0151 stb.) hat\u00e9kony tiszt\u00edt\u00e1s\u00e1ra.","breadcrumb":{"@id":"https:\/\/activeluxe-cosmetics.com\/hu\/termek\/antibakterialis-tisztito\/#breadcrumb"},"inLanguage":"hu","potentialAction":[{"@type":"ReadAction","target":["https:\/\/activeluxe-cosmetics.com\/hu\/termek\/antibakterialis-tisztito\/"]}]},{"@type":"ImageObject","inLanguage":"hu","@id":"https:\/\/activeluxe-cosmetics.com\/hu\/termek\/antibakterialis-tisztito\/#primaryimage","url":"https:\/\/activeluxe-cosmetics.com\/hu\/wp-content\/uploads\/2024\/02\/45_Cleanser_Spray.jpg","contentUrl":"https:\/\/activeluxe-cosmetics.com\/hu\/wp-content\/uploads\/2024\/02\/45_Cleanser_Spray.jpg","width":1104,"height":1326},{"@type":"BreadcrumbList","@id":"https:\/\/activeluxe-cosmetics.com\/hu\/termek\/antibakterialis-tisztito\/#breadcrumb","itemListElement":[{"@type":"ListItem","position":1,"name":"C\u00edmlap","item":"https:\/\/activeluxe-cosmetics.com\/hu\/"},{"@type":"ListItem","position":2,"name":"\u00dczlet","item":"https:\/\/activeluxe-cosmetics.com\/hu\/uzlet\/"},{"@type":"ListItem","position":3,"name":"Antibakteri\u00e1lis tiszt\u00edt\u00f3"}]},{"@type":"WebSite","@id":"https:\/\/activeluxe-cosmetics.com\/hu\/#website","url":"https:\/\/activeluxe-cosmetics.com\/hu\/","name":"Active Luxe Cosmetics","description":"","potentialAction":[{"@type":"SearchAction","target":{"@type":"EntryPoint","urlTemplate":"https:\/\/activeluxe-cosmetics.com\/hu\/?s={search_term_string}"},"query-input":{"@type":"PropertyValueSpecification","valueRequired":true,"valueName":"search_term_string"}}],"inLanguage":"hu"}]}},"_links":{"self":[{"href":"https:\/\/activeluxe-cosmetics.com\/hu\/wp-json\/wp\/v2\/product\/81226","targetHints":{"allow":["GET"]}}],"collection":[{"href":"https:\/\/activeluxe-cosmetics.com\/hu\/wp-json\/wp\/v2\/product"}],"about":[{"href":"https:\/\/activeluxe-cosmetics.com\/hu\/wp-json\/wp\/v2\/types\/product"}],"replies":[{"embeddable":true,"href":"https:\/\/activeluxe-cosmetics.com\/hu\/wp-json\/wp\/v2\/comments?post=81226"}],"wp:featuredmedia":[{"embeddable":true,"href":"https:\/\/activeluxe-cosmetics.com\/hu\/wp-json\/wp\/v2\/media\/84435"}],"wp:attachment":[{"href":"https:\/\/activeluxe-cosmetics.com\/hu\/wp-json\/wp\/v2\/media?parent=81226"}],"wp:term":[{"taxonomy":"product_brand","embeddable":true,"href":"https:\/\/activeluxe-cosmetics.com\/hu\/wp-json\/wp\/v2\/product_brand?post=81226"},{"taxonomy":"product_cat","embeddable":true,"href":"https:\/\/activeluxe-cosmetics.com\/hu\/wp-json\/wp\/v2\/product_cat?post=81226"},{"taxonomy":"product_tag","embeddable":true,"href":"https:\/\/activeluxe-cosmetics.com\/hu\/wp-json\/wp\/v2\/product_tag?post=81226"}],"curies":[{"name":"wp","href":"https:\/\/api.w.org\/{rel}","templated":true}]}}