{"id":80898,"date":"2024-01-29T11:01:46","date_gmt":"2024-01-29T11:01:46","guid":{"rendered":"https:\/\/activeluxe-cosmetics.com\/hu\/?post_type=product&#038;p=80898"},"modified":"2025-05-14T09:38:37","modified_gmt":"2025-05-14T09:38:37","slug":"premium-napozas-utani-testjoghurt","status":"publish","type":"product","link":"https:\/\/activeluxe-cosmetics.com\/hu\/termek\/premium-napozas-utani-testjoghurt\/","title":{"rendered":"Pr\u00e9mium napoz\u00e1s ut\u00e1ni testjoghurt, 200 ml"},"content":{"rendered":"<p><img loading=\"lazy\" decoding=\"async\" class=\"wp-image-81065 size-medium alignright\" src=\"https:\/\/activeluxe-cosmetics.com\/hu\/wp-content\/uploads\/2024\/01\/Premium-After-Sun-Body-Yogurt_4-460x589.png\" alt=\"\" width=\"460\" height=\"589\" srcset=\"https:\/\/activeluxe-cosmetics.com\/hu\/wp-content\/uploads\/2024\/01\/Premium-After-Sun-Body-Yogurt_4-460x589.png 460w, https:\/\/activeluxe-cosmetics.com\/hu\/wp-content\/uploads\/2024\/01\/Premium-After-Sun-Body-Yogurt_4.png 581w\" sizes=\"auto, (max-width: 460px) 100vw, 460px\" \/><\/p>\n<h2><strong>Hidrat\u00e1l<\/strong>, ami nagyon j\u00f3 \u00e9rz\u00e9s!<\/h2>\n<p id=\"tw-target-text\" class=\"tw-data-text tw-text-large tw-ta\" dir=\"ltr\" data-placeholder=\"Translation\" aria-label=\"Translated text\" data-ved=\"2ahUKEwiE9K2VzoKFAxW51gIHHdzNByIQ3ewLegQIBRAU\">Olyan az igazi joghurt, csak jobb, \u00e9s a van\u00edlia, a k\u00f3kusz \u00e9s az \u00e9des narancs m\u00e1mor\u00edt\u00f3 illat\u00e1val rendelkezik. Ahhoz, hogy b\u0151r\u00f6d eg\u00e9sz ny\u00e1ron eg\u00e9szs\u00e9ges \u00e9s napbarn\u00edtott legyen, sok hidrat\u00e1l\u00e1sra van sz\u00fcks\u00e9ge.<\/p>\n<p class=\"tw-data-text tw-text-large tw-ta\" dir=\"ltr\" data-placeholder=\"Translation\" aria-label=\"Translated text\" data-ved=\"2ahUKEwiE9K2VzoKFAxW51gIHHdzNByIQ3ewLegQIBRAU\">A nap, a tengeri s\u00f3 \u00e9s a kl\u00f3r kisz\u00e1r\u00edtja a b\u0151rt, ez\u00e9rt fontos, hogy napoz\u00e1s ut\u00e1n megfelel\u0151 \u00e1pol\u00e1st biztos\u00edts neki.<\/p>\n<p class=\"tw-data-text tw-text-large tw-ta\" dir=\"ltr\" data-placeholder=\"Translation\" aria-label=\"Translated text\" data-ved=\"2ahUKEwiE9K2VzoKFAxW51gIHHdzNByIQ3ewLegQIBRAU\">Pr\u00e9mium csokol\u00e1d\u00e9dzsem a napoz\u00e1s sor\u00e1n t\u00f6k\u00e9letes bronzos b\u0151rsz\u00ednt biztos\u00edt neked, m\u00edg a joghurt zuhanyz\u00e1s ut\u00e1ni rendszeres haszn\u00e1lata tart\u00f3sabb\u00e1 teszi a barnas\u00e1god, valamint puh\u00e1n \u00e9s hidrat\u00e1ltan tartja a b\u0151r\u00f6d.<\/p>\n<p dir=\"ltr\" data-placeholder=\"Translation\" aria-label=\"Translated text\" data-ved=\"2ahUKEwiE9K2VzoKFAxW51gIHHdzNByIQ3ewLegQIBRAU\">A Pr\u00e9mium napoz\u00e1s ut\u00e1ni testjoghurt minden, amire a s\u00f6t\u00e9tebb, napbarn\u00edtott b\u0151r\u00f6dnek sz\u00fcks\u00e9ge van:<\/p>\n<ul>\n<li>Nyugtatja a b\u0151rt napoz\u00e1s ut\u00e1n<\/li>\n<li>H\u0171s\u00edti a b\u0151rt<\/li>\n<li>Az aloe vera m\u00e9lyen hidrat\u00e1lja a b\u0151rt<\/li>\n<li>Puh\u00edtja a b\u0151rt<\/li>\n<\/ul>\n<h2 style=\"text-align: center; clear: both;\"><\/h2>\n<p>&nbsp;<\/p>\n<p><img loading=\"lazy\" decoding=\"async\" class=\"wp-image-81064 size-medium alignleft\" src=\"https:\/\/activeluxe-cosmetics.com\/hu\/wp-content\/uploads\/2024\/01\/Premium-After-Sun-Body-Yogurt_3-460x589.png\" alt=\"\" width=\"460\" height=\"589\" srcset=\"https:\/\/activeluxe-cosmetics.com\/hu\/wp-content\/uploads\/2024\/01\/Premium-After-Sun-Body-Yogurt_3-460x589.png 460w, https:\/\/activeluxe-cosmetics.com\/hu\/wp-content\/uploads\/2024\/01\/Premium-After-Sun-Body-Yogurt_3.png 581w\" sizes=\"auto, (max-width: 460px) 100vw, 460px\" \/><\/p>\n<h2>A legjobb ny\u00e1ri illat, <strong>amit sok\u00e1ig \u00e9rezni fogsz<\/strong><\/h2>\n<p id=\"tw-target-text\" class=\"tw-data-text tw-text-large tw-ta\" dir=\"ltr\" data-placeholder=\"Translation\" aria-label=\"Translated text\" data-ved=\"2ahUKEwiE9K2VzoKFAxW51gIHHdzNByIQ3ewLegQIBRAU\">A Pr\u00e9mium napoz\u00e1s ut\u00e1ni testjoghurt a legjobb v\u00e1laszt\u00e1s a t\u00e1pl\u00e1lt \u00e9s s\u00f6t\u00e9t b\u0151r\u00e9rt.<\/p>\n<p class=\"tw-data-text tw-text-large tw-ta\" dir=\"ltr\" data-placeholder=\"Translation\" aria-label=\"Translated text\" data-ved=\"2ahUKEwiE9K2VzoKFAxW51gIHHdzNByIQ3ewLegQIBRAU\">A h\u0171s\u00edt\u0151 joghurt k\u00f6nny\u0171, finom text\u00far\u00e1ja gyorsan besz\u00edv\u00f3dik a b\u0151rbe, \u00e9s nem hagy zs\u00edros \u00e9rz\u00e9st maga ut\u00e1n a b\u0151r\u00f6d\u00f6n. A joghurt haszn\u00e1lata ut\u00e1n azonnal felveheted a ruh\u00e1idat, a b\u0151r\u00f6d pedig m\u00e9g sok\u00e1ig \u00e9des van\u00edlia, k\u00f3kusz \u00e9s narancs illat\u00fa lesz. Az illata elvar\u00e1zsol \u00e9s felejthetetlenn\u00e9 \u00e9s romantikuss\u00e1 teszi a ny\u00e1ri est\u00e9ket.<\/p>\n<p class=\"tw-data-text tw-text-large tw-ta\" dir=\"ltr\" data-placeholder=\"Translation\" aria-label=\"Translated text\" data-ved=\"2ahUKEwiE9K2VzoKFAxW51gIHHdzNByIQ3ewLegQIBRAU\">A Pr\u00e9mium napoz\u00e1s ut\u00e1ni testjoghurt tartalma:<\/p>\n<ul>\n<li class=\"tw-data-text tw-text-large tw-ta\" dir=\"ltr\" data-placeholder=\"Translation\" aria-label=\"Translated text\" data-ved=\"2ahUKEwiE9K2VzoKFAxW51gIHHdzNByIQ3ewLegQIBRAU\">a legfinomabb aloe vera kivonatok, amelyek bizony\u00edtottan h\u0171s\u00edtik \u00e9s nyugtatj\u00e1k a b\u0151rt, \u00e9s<\/li>\n<li class=\"tw-data-text tw-text-large tw-ta\" dir=\"ltr\" data-placeholder=\"Translation\" aria-label=\"Translated text\" data-ved=\"2ahUKEwiE9K2VzoKFAxW51gIHHdzNByIQ3ewLegQIBRAU\">Zuhanyz\u00e1s ut\u00e1n gyeng\u00e9den massz\u00edrozd a b\u0151r\u00f6dbe a h\u0171s\u00edt\u0151 joghurtot. A joghurt rendk\u00edv\u00fcl gyorsan felsz\u00edv\u00f3dik. Azonnal haszn\u00e1lhatod \u00e9s nem kell a ruh\u00e1id elsz\u00ednez\u0151d\u00e9se miatt agg\u00f3dnod.<\/li>\n<\/ul>\n<div style=\"display: flex; align-items: center; gap: 20px; flex-wrap: wrap;\">\n<p>&nbsp;<\/p>\n<\/div>\n","protected":false},"excerpt":{"rendered":"<p>H\u0171s\u00edt\u0151 joghurt a b\u0151r\u00f6dnek napoz\u00e1s ut\u00e1n. Nyugtatja, h\u0171s\u00edti, hidrat\u00e1lja \u00e9s tart\u00f3sabb\u00e1 teszi a barnas\u00e1god.<\/p>\n","protected":false},"featured_media":81062,"comment_status":"open","ping_status":"closed","template":"","meta":[],"product_brand":[],"product_cat":[82],"product_tag":[],"class_list":{"0":"post-80898","1":"product","2":"type-product","3":"status-publish","4":"has-post-thumbnail","6":"product_cat-borapolas","8":"first","9":"instock","10":"sale","11":"featured","12":"taxable","13":"shipping-taxable","14":"purchasable","15":"product-type-simple"},"bundled_by":[],"bundle_stock_status":"instock","bundle_stock_quantity":null,"bundle_virtual":false,"bundle_layout":"","bundle_add_to_cart_form_location":"","bundle_editable_in_cart":false,"bundle_sold_individually_context":"","bundle_item_grouping":"","bundle_min_size":"","bundle_max_size":"","bundled_items":[],"acf":[],"yoast_head":"<!-- This site is optimized with the Yoast SEO plugin v26.5 - https:\/\/yoast.com\/wordpress\/plugins\/seo\/ -->\n<title>Active Luxe pr\u00e9mium napoz\u00e1s ut\u00e1ni h\u0171s\u00edt\u0151 joghurt<\/title>\n<meta name=\"description\" content=\"H\u0171s\u00edt\u0151 joghurt a b\u0151r\u00f6dnek napoz\u00e1s ut\u00e1n. Nyugtatja, h\u0171s\u00edti, hidrat\u00e1lja \u00e9s tart\u00f3sabb\u00e1 teszi a barnas\u00e1god. Nyugtatja a b\u0151rt napoz\u00e1s ut\u00e1n. Az aloe vera m\u00e9lyen hidrat\u00e1lja a b\u0151rt\" \/>\n<meta name=\"robots\" content=\"noindex, follow\" \/>\n<meta property=\"og:locale\" content=\"hu_HU\" \/>\n<meta property=\"og:type\" content=\"article\" \/>\n<meta property=\"og:title\" content=\"Active Luxe pr\u00e9mium napoz\u00e1s ut\u00e1ni h\u0171s\u00edt\u0151 joghurt\" \/>\n<meta property=\"og:description\" content=\"H\u0171s\u00edt\u0151 joghurt a b\u0151r\u00f6dnek napoz\u00e1s ut\u00e1n. Nyugtatja, h\u0171s\u00edti, hidrat\u00e1lja \u00e9s tart\u00f3sabb\u00e1 teszi a barnas\u00e1god. Nyugtatja a b\u0151rt napoz\u00e1s ut\u00e1n. Az aloe vera m\u00e9lyen hidrat\u00e1lja a b\u0151rt\" \/>\n<meta property=\"og:url\" content=\"https:\/\/activeluxe-cosmetics.com\/hu\/termek\/premium-napozas-utani-testjoghurt\/\" \/>\n<meta property=\"og:site_name\" content=\"Active Luxe Cosmetics\" \/>\n<meta property=\"article:modified_time\" content=\"2025-05-14T09:38:37+00:00\" \/>\n<meta property=\"og:image\" content=\"https:\/\/activeluxe-cosmetics.com\/hu\/wp-content\/uploads\/2024\/01\/Premium-After-Sun-Body-Yogurt_1.jpg\" \/>\n\t<meta property=\"og:image:width\" content=\"1044\" \/>\n\t<meta property=\"og:image:height\" content=\"1326\" \/>\n\t<meta property=\"og:image:type\" content=\"image\/jpeg\" \/>\n<meta name=\"twitter:card\" content=\"summary_large_image\" \/>\n<meta name=\"twitter:label1\" content=\"Becs\u00fclt olvas\u00e1si id\u0151\" \/>\n\t<meta name=\"twitter:data1\" content=\"2 perc\" \/>\n<script type=\"application\/ld+json\" class=\"yoast-schema-graph\">{\"@context\":\"https:\/\/schema.org\",\"@graph\":[{\"@type\":\"WebPage\",\"@id\":\"https:\/\/activeluxe-cosmetics.com\/hu\/termek\/premium-napozas-utani-testjoghurt\/\",\"url\":\"https:\/\/activeluxe-cosmetics.com\/hu\/termek\/premium-napozas-utani-testjoghurt\/\",\"name\":\"Active Luxe pr\u00e9mium napoz\u00e1s ut\u00e1ni h\u0171s\u00edt\u0151 joghurt\",\"isPartOf\":{\"@id\":\"https:\/\/activeluxe-cosmetics.com\/hu\/#website\"},\"primaryImageOfPage\":{\"@id\":\"https:\/\/activeluxe-cosmetics.com\/hu\/termek\/premium-napozas-utani-testjoghurt\/#primaryimage\"},\"image\":{\"@id\":\"https:\/\/activeluxe-cosmetics.com\/hu\/termek\/premium-napozas-utani-testjoghurt\/#primaryimage\"},\"thumbnailUrl\":\"https:\/\/activeluxe-cosmetics.com\/hu\/wp-content\/uploads\/2024\/01\/Premium-After-Sun-Body-Yogurt_1.jpg\",\"datePublished\":\"2024-01-29T11:01:46+00:00\",\"dateModified\":\"2025-05-14T09:38:37+00:00\",\"description\":\"H\u0171s\u00edt\u0151 joghurt a b\u0151r\u00f6dnek napoz\u00e1s ut\u00e1n. Nyugtatja, h\u0171s\u00edti, hidrat\u00e1lja \u00e9s tart\u00f3sabb\u00e1 teszi a barnas\u00e1god. Nyugtatja a b\u0151rt napoz\u00e1s ut\u00e1n. Az aloe vera m\u00e9lyen hidrat\u00e1lja a b\u0151rt\",\"breadcrumb\":{\"@id\":\"https:\/\/activeluxe-cosmetics.com\/hu\/termek\/premium-napozas-utani-testjoghurt\/#breadcrumb\"},\"inLanguage\":\"hu\",\"potentialAction\":[{\"@type\":\"ReadAction\",\"target\":[\"https:\/\/activeluxe-cosmetics.com\/hu\/termek\/premium-napozas-utani-testjoghurt\/\"]}]},{\"@type\":\"ImageObject\",\"inLanguage\":\"hu\",\"@id\":\"https:\/\/activeluxe-cosmetics.com\/hu\/termek\/premium-napozas-utani-testjoghurt\/#primaryimage\",\"url\":\"https:\/\/activeluxe-cosmetics.com\/hu\/wp-content\/uploads\/2024\/01\/Premium-After-Sun-Body-Yogurt_1.jpg\",\"contentUrl\":\"https:\/\/activeluxe-cosmetics.com\/hu\/wp-content\/uploads\/2024\/01\/Premium-After-Sun-Body-Yogurt_1.jpg\",\"width\":1044,\"height\":1326},{\"@type\":\"BreadcrumbList\",\"@id\":\"https:\/\/activeluxe-cosmetics.com\/hu\/termek\/premium-napozas-utani-testjoghurt\/#breadcrumb\",\"itemListElement\":[{\"@type\":\"ListItem\",\"position\":1,\"name\":\"C\u00edmlap\",\"item\":\"https:\/\/activeluxe-cosmetics.com\/hu\/\"},{\"@type\":\"ListItem\",\"position\":2,\"name\":\"\u00dczlet\",\"item\":\"https:\/\/activeluxe-cosmetics.com\/hu\/uzlet\/\"},{\"@type\":\"ListItem\",\"position\":3,\"name\":\"Pr\u00e9mium napoz\u00e1s ut\u00e1ni testjoghurt, 200 ml\"}]},{\"@type\":\"WebSite\",\"@id\":\"https:\/\/activeluxe-cosmetics.com\/hu\/#website\",\"url\":\"https:\/\/activeluxe-cosmetics.com\/hu\/\",\"name\":\"Active Luxe Cosmetics\",\"description\":\"\",\"potentialAction\":[{\"@type\":\"SearchAction\",\"target\":{\"@type\":\"EntryPoint\",\"urlTemplate\":\"https:\/\/activeluxe-cosmetics.com\/hu\/?s={search_term_string}\"},\"query-input\":{\"@type\":\"PropertyValueSpecification\",\"valueRequired\":true,\"valueName\":\"search_term_string\"}}],\"inLanguage\":\"hu\"}]}<\/script>\n<!-- \/ Yoast SEO plugin. -->","yoast_head_json":{"title":"Active Luxe pr\u00e9mium napoz\u00e1s ut\u00e1ni h\u0171s\u00edt\u0151 joghurt","description":"H\u0171s\u00edt\u0151 joghurt a b\u0151r\u00f6dnek napoz\u00e1s ut\u00e1n. Nyugtatja, h\u0171s\u00edti, hidrat\u00e1lja \u00e9s tart\u00f3sabb\u00e1 teszi a barnas\u00e1god. Nyugtatja a b\u0151rt napoz\u00e1s ut\u00e1n. Az aloe vera m\u00e9lyen hidrat\u00e1lja a b\u0151rt","robots":{"index":"noindex","follow":"follow"},"og_locale":"hu_HU","og_type":"article","og_title":"Active Luxe pr\u00e9mium napoz\u00e1s ut\u00e1ni h\u0171s\u00edt\u0151 joghurt","og_description":"H\u0171s\u00edt\u0151 joghurt a b\u0151r\u00f6dnek napoz\u00e1s ut\u00e1n. Nyugtatja, h\u0171s\u00edti, hidrat\u00e1lja \u00e9s tart\u00f3sabb\u00e1 teszi a barnas\u00e1god. Nyugtatja a b\u0151rt napoz\u00e1s ut\u00e1n. Az aloe vera m\u00e9lyen hidrat\u00e1lja a b\u0151rt","og_url":"https:\/\/activeluxe-cosmetics.com\/hu\/termek\/premium-napozas-utani-testjoghurt\/","og_site_name":"Active Luxe Cosmetics","article_modified_time":"2025-05-14T09:38:37+00:00","og_image":[{"width":1044,"height":1326,"url":"https:\/\/activeluxe-cosmetics.com\/hu\/wp-content\/uploads\/2024\/01\/Premium-After-Sun-Body-Yogurt_1.jpg","type":"image\/jpeg"}],"twitter_card":"summary_large_image","twitter_misc":{"Becs\u00fclt olvas\u00e1si id\u0151":"2 perc"},"schema":{"@context":"https:\/\/schema.org","@graph":[{"@type":"WebPage","@id":"https:\/\/activeluxe-cosmetics.com\/hu\/termek\/premium-napozas-utani-testjoghurt\/","url":"https:\/\/activeluxe-cosmetics.com\/hu\/termek\/premium-napozas-utani-testjoghurt\/","name":"Active Luxe pr\u00e9mium napoz\u00e1s ut\u00e1ni h\u0171s\u00edt\u0151 joghurt","isPartOf":{"@id":"https:\/\/activeluxe-cosmetics.com\/hu\/#website"},"primaryImageOfPage":{"@id":"https:\/\/activeluxe-cosmetics.com\/hu\/termek\/premium-napozas-utani-testjoghurt\/#primaryimage"},"image":{"@id":"https:\/\/activeluxe-cosmetics.com\/hu\/termek\/premium-napozas-utani-testjoghurt\/#primaryimage"},"thumbnailUrl":"https:\/\/activeluxe-cosmetics.com\/hu\/wp-content\/uploads\/2024\/01\/Premium-After-Sun-Body-Yogurt_1.jpg","datePublished":"2024-01-29T11:01:46+00:00","dateModified":"2025-05-14T09:38:37+00:00","description":"H\u0171s\u00edt\u0151 joghurt a b\u0151r\u00f6dnek napoz\u00e1s ut\u00e1n. Nyugtatja, h\u0171s\u00edti, hidrat\u00e1lja \u00e9s tart\u00f3sabb\u00e1 teszi a barnas\u00e1god. Nyugtatja a b\u0151rt napoz\u00e1s ut\u00e1n. Az aloe vera m\u00e9lyen hidrat\u00e1lja a b\u0151rt","breadcrumb":{"@id":"https:\/\/activeluxe-cosmetics.com\/hu\/termek\/premium-napozas-utani-testjoghurt\/#breadcrumb"},"inLanguage":"hu","potentialAction":[{"@type":"ReadAction","target":["https:\/\/activeluxe-cosmetics.com\/hu\/termek\/premium-napozas-utani-testjoghurt\/"]}]},{"@type":"ImageObject","inLanguage":"hu","@id":"https:\/\/activeluxe-cosmetics.com\/hu\/termek\/premium-napozas-utani-testjoghurt\/#primaryimage","url":"https:\/\/activeluxe-cosmetics.com\/hu\/wp-content\/uploads\/2024\/01\/Premium-After-Sun-Body-Yogurt_1.jpg","contentUrl":"https:\/\/activeluxe-cosmetics.com\/hu\/wp-content\/uploads\/2024\/01\/Premium-After-Sun-Body-Yogurt_1.jpg","width":1044,"height":1326},{"@type":"BreadcrumbList","@id":"https:\/\/activeluxe-cosmetics.com\/hu\/termek\/premium-napozas-utani-testjoghurt\/#breadcrumb","itemListElement":[{"@type":"ListItem","position":1,"name":"C\u00edmlap","item":"https:\/\/activeluxe-cosmetics.com\/hu\/"},{"@type":"ListItem","position":2,"name":"\u00dczlet","item":"https:\/\/activeluxe-cosmetics.com\/hu\/uzlet\/"},{"@type":"ListItem","position":3,"name":"Pr\u00e9mium napoz\u00e1s ut\u00e1ni testjoghurt, 200 ml"}]},{"@type":"WebSite","@id":"https:\/\/activeluxe-cosmetics.com\/hu\/#website","url":"https:\/\/activeluxe-cosmetics.com\/hu\/","name":"Active Luxe Cosmetics","description":"","potentialAction":[{"@type":"SearchAction","target":{"@type":"EntryPoint","urlTemplate":"https:\/\/activeluxe-cosmetics.com\/hu\/?s={search_term_string}"},"query-input":{"@type":"PropertyValueSpecification","valueRequired":true,"valueName":"search_term_string"}}],"inLanguage":"hu"}]}},"_links":{"self":[{"href":"https:\/\/activeluxe-cosmetics.com\/hu\/wp-json\/wp\/v2\/product\/80898","targetHints":{"allow":["GET"]}}],"collection":[{"href":"https:\/\/activeluxe-cosmetics.com\/hu\/wp-json\/wp\/v2\/product"}],"about":[{"href":"https:\/\/activeluxe-cosmetics.com\/hu\/wp-json\/wp\/v2\/types\/product"}],"replies":[{"embeddable":true,"href":"https:\/\/activeluxe-cosmetics.com\/hu\/wp-json\/wp\/v2\/comments?post=80898"}],"wp:featuredmedia":[{"embeddable":true,"href":"https:\/\/activeluxe-cosmetics.com\/hu\/wp-json\/wp\/v2\/media\/81062"}],"wp:attachment":[{"href":"https:\/\/activeluxe-cosmetics.com\/hu\/wp-json\/wp\/v2\/media?parent=80898"}],"wp:term":[{"taxonomy":"product_brand","embeddable":true,"href":"https:\/\/activeluxe-cosmetics.com\/hu\/wp-json\/wp\/v2\/product_brand?post=80898"},{"taxonomy":"product_cat","embeddable":true,"href":"https:\/\/activeluxe-cosmetics.com\/hu\/wp-json\/wp\/v2\/product_cat?post=80898"},{"taxonomy":"product_tag","embeddable":true,"href":"https:\/\/activeluxe-cosmetics.com\/hu\/wp-json\/wp\/v2\/product_tag?post=80898"}],"curies":[{"name":"wp","href":"https:\/\/api.w.org\/{rel}","templated":true}]}}