{"id":72444,"date":"2024-01-10T15:21:29","date_gmt":"2024-01-10T14:21:29","guid":{"rendered":"https:\/\/activeluxe-cosmetics.com\/hu\/?post_type=product&#038;p=72444"},"modified":"2025-11-28T13:56:40","modified_gmt":"2025-11-28T13:56:40","slug":"infinity-lash-szempillaspiral","status":"publish","type":"product","link":"https:\/\/activeluxe-cosmetics.com\/hu\/termek\/infinity-lash-szempillaspiral\/","title":{"rendered":"Infinity Lash szempillaspir\u00e1l"},"content":{"rendered":"<p><img loading=\"lazy\" decoding=\"async\" class=\"size-medium wp-image-84066 alignright\" src=\"https:\/\/activeluxe-cosmetics.com\/hu\/wp-content\/uploads\/2024\/01\/Izdelek-brez-naslova-47-1-460x575.png\" alt=\"\" width=\"460\" height=\"575\" srcset=\"https:\/\/activeluxe-cosmetics.com\/hu\/wp-content\/uploads\/2024\/01\/Izdelek-brez-naslova-47-1-460x575.png 460w, https:\/\/activeluxe-cosmetics.com\/hu\/wp-content\/uploads\/2024\/01\/Izdelek-brez-naslova-47-1-819x1024.png 819w, https:\/\/activeluxe-cosmetics.com\/hu\/wp-content\/uploads\/2024\/01\/Izdelek-brez-naslova-47-1-768x960.png 768w, https:\/\/activeluxe-cosmetics.com\/hu\/wp-content\/uploads\/2024\/01\/Izdelek-brez-naslova-47-1-600x750.png 600w, https:\/\/activeluxe-cosmetics.com\/hu\/wp-content\/uploads\/2024\/01\/Izdelek-brez-naslova-47-1.png 1080w\" sizes=\"auto, (max-width: 460px) 100vw, 460px\" \/><\/p>\n<h2><strong>A szemed v\u00e9gtelen\u00fcl<\/strong> j\u00f3 szempillaspir\u00e1lt \u00e9rdemel!<\/h2>\n<p>A leg\u00fajabb Active Luxe Infitnity Lash szempillaspir\u00e1l val\u00f3ban felfriss\u00edti az online term\u00e9kek k\u00edn\u00e1lat\u00e1t &#8211; k\u00fcllem\u00e9ben \u00e9s formul\u00e1j\u00e1ban egyar\u00e1nt! Az egyed\u00fcl\u00e1ll\u00f3 t\u00e1pl\u00e1l\u00f3 formula nemcsak dr\u00e1maian kiemeli szempill\u00e1idat, hanem t\u00e1pl\u00e1lja is.<\/p>\n<p>A szempillaspir\u00e1l peptidekben \u00e9s aminosavakban gazdag, \u00edgy t\u00f6k\u00e9letes \u00e1pol\u00e1st biztos\u00edt a pill\u00e1knak. Az Infinity Lash szempillaspir\u00e1l nem ragad, nem maszatol\u00f3dik el a szem k\u00f6r\u00fcl \u00e9s eg\u00e9sz nap a szempill\u00e1kon marad. A term\u00e9k rendk\u00edv\u00fcl l\u00e1gy \u00e9s kr\u00e9mes text\u00far\u00e1ja m\u00e9g 24 \u00f3ra eltelt\u00e9vel sem kem\u00e9nyedik meg a szempill\u00e1kon!<\/p>\n<ul>\n<li>Dr\u00e1main s\u0171r\u0171 \u00e9s hossz\u00fa<\/li>\n<li>Hosszan, 24 \u00f3r\u00e1n \u00e1t tart\u00f3 formula<\/li>\n<li>A kr\u00e9mes text\u00far\u00e1nak k\u00f6sz\u00f6nhet\u0151en a szempillaspir\u00e1l nem csom\u00f3sodik, nem sz\u00e1rad ki \u00e9s nem ken\u0151dik el a szemh\u00e9jon<\/li>\n<li>A friss, kipihent \u00e9s t\u00e1gra ny\u00edlt szemekhez csup\u00e1n az innovat\u00edv text\u00fara \u00e9s a t\u00f6k\u00e9letes spir\u00e1l ecset sz\u00fcks\u00e9ges<\/li>\n<\/ul>\n<h2 style=\"text-align: center; clear: both;\"><\/h2>\n<h2><span data-sheets-root=\"1\" data-sheets-value=\"{&quot;1&quot;:2,&quot;2&quot;:&quot;Fina struktura na tvojim trepavicama koja ih produ\u017euje i otvara&quot;}\" data-sheets-userformat=\"{&quot;2&quot;:20864,&quot;10&quot;:2,&quot;11&quot;:4,&quot;15&quot;:&quot;Arial&quot;,&quot;17&quot;:1}\"><img loading=\"lazy\" decoding=\"async\" class=\"size-medium wp-image-84067 alignleft\" src=\"https:\/\/activeluxe-cosmetics.com\/hu\/wp-content\/uploads\/2024\/01\/Izdelek-brez-naslova-46-1-460x575.png\" alt=\"\" width=\"460\" height=\"575\" srcset=\"https:\/\/activeluxe-cosmetics.com\/hu\/wp-content\/uploads\/2024\/01\/Izdelek-brez-naslova-46-1-460x575.png 460w, https:\/\/activeluxe-cosmetics.com\/hu\/wp-content\/uploads\/2024\/01\/Izdelek-brez-naslova-46-1-819x1024.png 819w, https:\/\/activeluxe-cosmetics.com\/hu\/wp-content\/uploads\/2024\/01\/Izdelek-brez-naslova-46-1-768x960.png 768w, https:\/\/activeluxe-cosmetics.com\/hu\/wp-content\/uploads\/2024\/01\/Izdelek-brez-naslova-46-1-600x750.png 600w, https:\/\/activeluxe-cosmetics.com\/hu\/wp-content\/uploads\/2024\/01\/Izdelek-brez-naslova-46-1.png 1080w\" sizes=\"auto, (max-width: 460px) 100vw, 460px\" \/>Felk\u00e9sz\u00fclt\u00e9l szempill\u00e1id <strong>teljes \u00e1talak\u00edt\u00e1s\u00e1ra?<\/strong><br \/>\n<\/span><\/h2>\n<p>Puha, rugalmas \u00e9s k\u00edm\u00e9letes a szemhez &#8211; pontosan ez volt az elk\u00e9pzel\u00e9s\u00fcnk az egyedi formula megalkot\u00e1s\u00e1val. \u00c9s siker\u00fclt! Az eredm\u00e9ny egy rendk\u00edv\u00fcl l\u00e1gy formula &#8211; a szempill\u00e1kat m\u00e9g t\u00f6bb r\u00e9teg szempillaspir\u00e1l sem nehez\u00edti el. Az extra kr\u00e9mes formula ellen\u00e1ll minden k\u00f6r\u00fclm\u00e9ny, \u00e9rzelem \u00e9s stressz okozta kih\u00edv\u00e1snak.<\/p>\n<p>A homok\u00f3ra alak\u00fa spir\u00e1l ecset t\u00e1g tekintetet k\u00f6lcs\u00f6n\u00f6z<\/p>\n<p>A formula nem ken\u0151dik sz\u00e9t a szemh\u00e9jon \u00e9s a szem alatt<\/p>\n<ul>\n<li>Dr\u00e1main s\u0171r\u0171 \u00e9s hossz\u00fa<\/li>\n<li>Dr\u00e1maian s\u0171r\u0171 \u00e9s rugalmas szempill\u00e1k, csom\u00f3sod\u00e1s n\u00e9lk\u00fcl<\/li>\n<li>Hosszan, 24 \u00f3r\u00e1n \u00e1t tart\u00f3 formula<\/li>\n<li>A kr\u00e9mes text\u00far\u00e1nak k\u00f6sz\u00f6nhet\u0151en a szempill\u00e1k rugalmasak maradnak, nem ragadnak \u00f6ssze \u00e9s nem kem\u00e9nykednek meg<\/li>\n<\/ul>\n<p>A homok\u00f3ra alak\u00fa kefe el\u00e9ri m\u00e9g a szem k\u00fcls\u0151 \u00e9s bels\u0151 sark\u00e1ban tal\u00e1lhat\u00f3 &#8211; \u00e1ltal\u00e1ban nehezen hozz\u00e1f\u00e9rhet\u0151 &#8211; szempill\u00e1kat is. Sz\u00e9pen \u00edvelt, nyitott form\u00e1t ad nekik. A spir\u00e1l kefe minden szempill\u00e1t k\u00f6rbevesz, m\u00e9g a legr\u00f6videbb pill\u00e1kat is \u00e9s d\u00fas hat\u00e1st kelt.<\/p>\n<h2 style=\"text-align: center; clear: both;\"><\/h2>\n<h2><img loading=\"lazy\" decoding=\"async\" class=\"size-medium wp-image-84068 alignright\" src=\"https:\/\/activeluxe-cosmetics.com\/hu\/wp-content\/uploads\/2024\/01\/Izdelek-brez-naslova-48-1-460x575.png\" alt=\"\" width=\"460\" height=\"575\" srcset=\"https:\/\/activeluxe-cosmetics.com\/hu\/wp-content\/uploads\/2024\/01\/Izdelek-brez-naslova-48-1-460x575.png 460w, https:\/\/activeluxe-cosmetics.com\/hu\/wp-content\/uploads\/2024\/01\/Izdelek-brez-naslova-48-1-819x1024.png 819w, https:\/\/activeluxe-cosmetics.com\/hu\/wp-content\/uploads\/2024\/01\/Izdelek-brez-naslova-48-1-768x960.png 768w, https:\/\/activeluxe-cosmetics.com\/hu\/wp-content\/uploads\/2024\/01\/Izdelek-brez-naslova-48-1-600x750.png 600w, https:\/\/activeluxe-cosmetics.com\/hu\/wp-content\/uploads\/2024\/01\/Izdelek-brez-naslova-48-1.png 1080w\" sizes=\"auto, (max-width: 460px) 100vw, 460px\" \/><strong>3 az 1-ben:<\/strong> \u00edvelt pill\u00e1k, k\u00f6nnyed s\u0171r\u0171s\u00e9g \u00e9s v\u00e9gtelen hossz<\/h2>\n<p>Igen, az Infinity Lash szempillaspir\u00e1l csod\u00e1s szempill\u00e1kat var\u00e1zsol:<\/p>\n<ul>\n<li>\u00edvelt,<\/li>\n<li>hosszabb \u00e9s<\/li>\n<li>s\u0171r\u0171!<\/li>\n<\/ul>\n<p>Ha csup\u00e1n finoman szeretn\u00e9d kiemelni szemeidet, el\u00e9g egyetlen r\u00e9teg, viszont a dr\u00e1mai \u00e9s hat\u00e1sos tekintet\u00e9rt ak\u00e1r k\u00e9t-h\u00e1rom r\u00e9tegben is felviheted, hiszen a formula k\u00f6nnyeds\u00e9g\u00e9vel ez is megval\u00f3s\u00edthat\u00f3.<\/p>\n<p>Egy, k\u00e9t vagy h\u00e1rom r\u00e9teg &#8211; az Infintiy Lash szempillaspir\u00e1llal szempill\u00e1id nem maradnak \u00e9szrev\u00e9tlenek!<\/p>\n<p>A leg\u00fajabb Active Luxe Infitnity Lash szempillaspir\u00e1l igazi \u00faj\u00edt\u00e1s a kozmetikumok vil\u00e1g\u00e1ban. A friss, kipihent \u00e9s t\u00e1gra ny\u00edlt szemekhez csup\u00e1n az innovat\u00edv text\u00fara \u00e9s a t\u00f6k\u00e9letes spir\u00e1l sz\u00fcks\u00e9ges.<\/p>\n","protected":false},"excerpt":{"rendered":"<p>Dr\u00e1mai s\u0171r\u0171s\u00e9g \u00e9s hossz, hihetetlen\u00fcl puha \u00e9s rugalmas szempill\u00e1k, csom\u00f3sod\u00e1s n\u00e9lk\u00fcl.<\/p>\n","protected":false},"featured_media":80600,"comment_status":"open","ping_status":"closed","template":"","meta":[],"product_brand":[],"product_cat":[48,77],"product_tag":[],"class_list":{"0":"post-72444","1":"product","2":"type-product","3":"status-publish","4":"has-post-thumbnail","6":"product_cat-szempillak","7":"product_cat-smink","9":"first","10":"instock","11":"taxable","12":"shipping-taxable","13":"purchasable","14":"product-type-simple"},"bundled_by":[],"bundle_stock_status":"instock","bundle_stock_quantity":null,"bundle_virtual":false,"bundle_layout":"","bundle_add_to_cart_form_location":"","bundle_editable_in_cart":false,"bundle_sold_individually_context":"","bundle_item_grouping":"","bundle_min_size":"","bundle_max_size":"","bundled_items":[],"acf":[],"yoast_head":"<!-- This site is optimized with the Yoast SEO plugin v26.5 - https:\/\/yoast.com\/wordpress\/plugins\/seo\/ -->\n<title>Infinity Lash szempillaspir\u00e1l a v\u00e9gtelen\u00fcl hossz\u00fa szempill\u00e1k\u00e9rt<\/title>\n<meta name=\"description\" content=\"Infinity Lash szempillaspir\u00e1l az elb\u0171v\u00f6l\u0151en s\u0171r\u0171 \u00e9s hossz\u00fa szempill\u00e1k\u00e9rt. L\u00e1that\u00f3an d\u00fasabb szempill\u00e1k m\u00e1r az els\u0151 haszn\u00e1lat ut\u00e1n. Nem ken\u0151dik el a szem k\u00f6r\u00fcl.\" \/>\n<meta name=\"robots\" content=\"noindex, follow, max-snippet:-1, max-image-preview:large, max-video-preview:-1\" \/>\n<meta property=\"og:locale\" content=\"hu_HU\" \/>\n<meta property=\"og:type\" content=\"article\" \/>\n<meta property=\"og:title\" content=\"Infinity Lash szempillaspir\u00e1l a v\u00e9gtelen\u00fcl hossz\u00fa szempill\u00e1k\u00e9rt\" \/>\n<meta property=\"og:description\" content=\"Infinity Lash szempillaspir\u00e1l az elb\u0171v\u00f6l\u0151en s\u0171r\u0171 \u00e9s hossz\u00fa szempill\u00e1k\u00e9rt. L\u00e1that\u00f3an d\u00fasabb szempill\u00e1k m\u00e1r az els\u0151 haszn\u00e1lat ut\u00e1n. Nem ken\u0151dik el a szem k\u00f6r\u00fcl.\" \/>\n<meta property=\"og:url\" content=\"https:\/\/activeluxe-cosmetics.com\/hu\/termek\/infinity-lash-szempillaspiral\/\" \/>\n<meta property=\"og:site_name\" content=\"Active Luxe Cosmetics\" \/>\n<meta property=\"article:modified_time\" content=\"2025-11-28T13:56:40+00:00\" \/>\n<meta property=\"og:image\" content=\"https:\/\/activeluxe-cosmetics.com\/hu\/wp-content\/uploads\/2024\/01\/Infinity-Lash-maskara.jpg\" \/>\n\t<meta property=\"og:image:width\" content=\"522\" \/>\n\t<meta property=\"og:image:height\" content=\"663\" \/>\n\t<meta property=\"og:image:type\" content=\"image\/jpeg\" \/>\n<meta name=\"twitter:card\" content=\"summary_large_image\" \/>\n<meta name=\"twitter:label1\" content=\"Becs\u00fclt olvas\u00e1si id\u0151\" \/>\n\t<meta name=\"twitter:data1\" content=\"3 perc\" \/>\n<script type=\"application\/ld+json\" class=\"yoast-schema-graph\">{\"@context\":\"https:\/\/schema.org\",\"@graph\":[{\"@type\":\"WebPage\",\"@id\":\"https:\/\/activeluxe-cosmetics.com\/hu\/termek\/infinity-lash-szempillaspiral\/\",\"url\":\"https:\/\/activeluxe-cosmetics.com\/hu\/termek\/infinity-lash-szempillaspiral\/\",\"name\":\"Infinity Lash szempillaspir\u00e1l a v\u00e9gtelen\u00fcl hossz\u00fa szempill\u00e1k\u00e9rt\",\"isPartOf\":{\"@id\":\"https:\/\/activeluxe-cosmetics.com\/hu\/#website\"},\"primaryImageOfPage\":{\"@id\":\"https:\/\/activeluxe-cosmetics.com\/hu\/termek\/infinity-lash-szempillaspiral\/#primaryimage\"},\"image\":{\"@id\":\"https:\/\/activeluxe-cosmetics.com\/hu\/termek\/infinity-lash-szempillaspiral\/#primaryimage\"},\"thumbnailUrl\":\"https:\/\/activeluxe-cosmetics.com\/hu\/wp-content\/uploads\/2024\/01\/Infinity-Lash-maskara.jpg\",\"datePublished\":\"2024-01-10T14:21:29+00:00\",\"dateModified\":\"2025-11-28T13:56:40+00:00\",\"description\":\"Infinity Lash szempillaspir\u00e1l az elb\u0171v\u00f6l\u0151en s\u0171r\u0171 \u00e9s hossz\u00fa szempill\u00e1k\u00e9rt. L\u00e1that\u00f3an d\u00fasabb szempill\u00e1k m\u00e1r az els\u0151 haszn\u00e1lat ut\u00e1n. Nem ken\u0151dik el a szem k\u00f6r\u00fcl.\",\"breadcrumb\":{\"@id\":\"https:\/\/activeluxe-cosmetics.com\/hu\/termek\/infinity-lash-szempillaspiral\/#breadcrumb\"},\"inLanguage\":\"hu\",\"potentialAction\":[{\"@type\":\"ReadAction\",\"target\":[\"https:\/\/activeluxe-cosmetics.com\/hu\/termek\/infinity-lash-szempillaspiral\/\"]}]},{\"@type\":\"ImageObject\",\"inLanguage\":\"hu\",\"@id\":\"https:\/\/activeluxe-cosmetics.com\/hu\/termek\/infinity-lash-szempillaspiral\/#primaryimage\",\"url\":\"https:\/\/activeluxe-cosmetics.com\/hu\/wp-content\/uploads\/2024\/01\/Infinity-Lash-maskara.jpg\",\"contentUrl\":\"https:\/\/activeluxe-cosmetics.com\/hu\/wp-content\/uploads\/2024\/01\/Infinity-Lash-maskara.jpg\",\"width\":522,\"height\":663},{\"@type\":\"BreadcrumbList\",\"@id\":\"https:\/\/activeluxe-cosmetics.com\/hu\/termek\/infinity-lash-szempillaspiral\/#breadcrumb\",\"itemListElement\":[{\"@type\":\"ListItem\",\"position\":1,\"name\":\"C\u00edmlap\",\"item\":\"https:\/\/activeluxe-cosmetics.com\/hu\/\"},{\"@type\":\"ListItem\",\"position\":2,\"name\":\"\u00dczlet\",\"item\":\"https:\/\/activeluxe-cosmetics.com\/hu\/uzlet\/\"},{\"@type\":\"ListItem\",\"position\":3,\"name\":\"Infinity Lash szempillaspir\u00e1l\"}]},{\"@type\":\"WebSite\",\"@id\":\"https:\/\/activeluxe-cosmetics.com\/hu\/#website\",\"url\":\"https:\/\/activeluxe-cosmetics.com\/hu\/\",\"name\":\"Active Luxe Cosmetics\",\"description\":\"\",\"potentialAction\":[{\"@type\":\"SearchAction\",\"target\":{\"@type\":\"EntryPoint\",\"urlTemplate\":\"https:\/\/activeluxe-cosmetics.com\/hu\/?s={search_term_string}\"},\"query-input\":{\"@type\":\"PropertyValueSpecification\",\"valueRequired\":true,\"valueName\":\"search_term_string\"}}],\"inLanguage\":\"hu\"}]}<\/script>\n<!-- \/ Yoast SEO plugin. -->","yoast_head_json":{"title":"Infinity Lash szempillaspir\u00e1l a v\u00e9gtelen\u00fcl hossz\u00fa szempill\u00e1k\u00e9rt","description":"Infinity Lash szempillaspir\u00e1l az elb\u0171v\u00f6l\u0151en s\u0171r\u0171 \u00e9s hossz\u00fa szempill\u00e1k\u00e9rt. L\u00e1that\u00f3an d\u00fasabb szempill\u00e1k m\u00e1r az els\u0151 haszn\u00e1lat ut\u00e1n. Nem ken\u0151dik el a szem k\u00f6r\u00fcl.","robots":{"index":"noindex","follow":"follow","max-snippet":"max-snippet:-1","max-image-preview":"max-image-preview:large","max-video-preview":"max-video-preview:-1"},"og_locale":"hu_HU","og_type":"article","og_title":"Infinity Lash szempillaspir\u00e1l a v\u00e9gtelen\u00fcl hossz\u00fa szempill\u00e1k\u00e9rt","og_description":"Infinity Lash szempillaspir\u00e1l az elb\u0171v\u00f6l\u0151en s\u0171r\u0171 \u00e9s hossz\u00fa szempill\u00e1k\u00e9rt. L\u00e1that\u00f3an d\u00fasabb szempill\u00e1k m\u00e1r az els\u0151 haszn\u00e1lat ut\u00e1n. Nem ken\u0151dik el a szem k\u00f6r\u00fcl.","og_url":"https:\/\/activeluxe-cosmetics.com\/hu\/termek\/infinity-lash-szempillaspiral\/","og_site_name":"Active Luxe Cosmetics","article_modified_time":"2025-11-28T13:56:40+00:00","og_image":[{"width":522,"height":663,"url":"https:\/\/activeluxe-cosmetics.com\/hu\/wp-content\/uploads\/2024\/01\/Infinity-Lash-maskara.jpg","type":"image\/jpeg"}],"twitter_card":"summary_large_image","twitter_misc":{"Becs\u00fclt olvas\u00e1si id\u0151":"3 perc"},"schema":{"@context":"https:\/\/schema.org","@graph":[{"@type":"WebPage","@id":"https:\/\/activeluxe-cosmetics.com\/hu\/termek\/infinity-lash-szempillaspiral\/","url":"https:\/\/activeluxe-cosmetics.com\/hu\/termek\/infinity-lash-szempillaspiral\/","name":"Infinity Lash szempillaspir\u00e1l a v\u00e9gtelen\u00fcl hossz\u00fa szempill\u00e1k\u00e9rt","isPartOf":{"@id":"https:\/\/activeluxe-cosmetics.com\/hu\/#website"},"primaryImageOfPage":{"@id":"https:\/\/activeluxe-cosmetics.com\/hu\/termek\/infinity-lash-szempillaspiral\/#primaryimage"},"image":{"@id":"https:\/\/activeluxe-cosmetics.com\/hu\/termek\/infinity-lash-szempillaspiral\/#primaryimage"},"thumbnailUrl":"https:\/\/activeluxe-cosmetics.com\/hu\/wp-content\/uploads\/2024\/01\/Infinity-Lash-maskara.jpg","datePublished":"2024-01-10T14:21:29+00:00","dateModified":"2025-11-28T13:56:40+00:00","description":"Infinity Lash szempillaspir\u00e1l az elb\u0171v\u00f6l\u0151en s\u0171r\u0171 \u00e9s hossz\u00fa szempill\u00e1k\u00e9rt. L\u00e1that\u00f3an d\u00fasabb szempill\u00e1k m\u00e1r az els\u0151 haszn\u00e1lat ut\u00e1n. Nem ken\u0151dik el a szem k\u00f6r\u00fcl.","breadcrumb":{"@id":"https:\/\/activeluxe-cosmetics.com\/hu\/termek\/infinity-lash-szempillaspiral\/#breadcrumb"},"inLanguage":"hu","potentialAction":[{"@type":"ReadAction","target":["https:\/\/activeluxe-cosmetics.com\/hu\/termek\/infinity-lash-szempillaspiral\/"]}]},{"@type":"ImageObject","inLanguage":"hu","@id":"https:\/\/activeluxe-cosmetics.com\/hu\/termek\/infinity-lash-szempillaspiral\/#primaryimage","url":"https:\/\/activeluxe-cosmetics.com\/hu\/wp-content\/uploads\/2024\/01\/Infinity-Lash-maskara.jpg","contentUrl":"https:\/\/activeluxe-cosmetics.com\/hu\/wp-content\/uploads\/2024\/01\/Infinity-Lash-maskara.jpg","width":522,"height":663},{"@type":"BreadcrumbList","@id":"https:\/\/activeluxe-cosmetics.com\/hu\/termek\/infinity-lash-szempillaspiral\/#breadcrumb","itemListElement":[{"@type":"ListItem","position":1,"name":"C\u00edmlap","item":"https:\/\/activeluxe-cosmetics.com\/hu\/"},{"@type":"ListItem","position":2,"name":"\u00dczlet","item":"https:\/\/activeluxe-cosmetics.com\/hu\/uzlet\/"},{"@type":"ListItem","position":3,"name":"Infinity Lash szempillaspir\u00e1l"}]},{"@type":"WebSite","@id":"https:\/\/activeluxe-cosmetics.com\/hu\/#website","url":"https:\/\/activeluxe-cosmetics.com\/hu\/","name":"Active Luxe Cosmetics","description":"","potentialAction":[{"@type":"SearchAction","target":{"@type":"EntryPoint","urlTemplate":"https:\/\/activeluxe-cosmetics.com\/hu\/?s={search_term_string}"},"query-input":{"@type":"PropertyValueSpecification","valueRequired":true,"valueName":"search_term_string"}}],"inLanguage":"hu"}]}},"_links":{"self":[{"href":"https:\/\/activeluxe-cosmetics.com\/hu\/wp-json\/wp\/v2\/product\/72444","targetHints":{"allow":["GET"]}}],"collection":[{"href":"https:\/\/activeluxe-cosmetics.com\/hu\/wp-json\/wp\/v2\/product"}],"about":[{"href":"https:\/\/activeluxe-cosmetics.com\/hu\/wp-json\/wp\/v2\/types\/product"}],"replies":[{"embeddable":true,"href":"https:\/\/activeluxe-cosmetics.com\/hu\/wp-json\/wp\/v2\/comments?post=72444"}],"wp:featuredmedia":[{"embeddable":true,"href":"https:\/\/activeluxe-cosmetics.com\/hu\/wp-json\/wp\/v2\/media\/80600"}],"wp:attachment":[{"href":"https:\/\/activeluxe-cosmetics.com\/hu\/wp-json\/wp\/v2\/media?parent=72444"}],"wp:term":[{"taxonomy":"product_brand","embeddable":true,"href":"https:\/\/activeluxe-cosmetics.com\/hu\/wp-json\/wp\/v2\/product_brand?post=72444"},{"taxonomy":"product_cat","embeddable":true,"href":"https:\/\/activeluxe-cosmetics.com\/hu\/wp-json\/wp\/v2\/product_cat?post=72444"},{"taxonomy":"product_tag","embeddable":true,"href":"https:\/\/activeluxe-cosmetics.com\/hu\/wp-json\/wp\/v2\/product_tag?post=72444"}],"curies":[{"name":"wp","href":"https:\/\/api.w.org\/{rel}","templated":true}]}}