{"id":72365,"date":"2024-01-10T15:20:30","date_gmt":"2024-01-10T14:20:30","guid":{"rendered":"https:\/\/activeluxe-cosmetics.com\/hu\/?post_type=product&#038;p=72365"},"modified":"2025-04-04T10:32:23","modified_gmt":"2025-04-04T10:32:23","slug":"premium-cukros-borradir","status":"publish","type":"product","link":"https:\/\/activeluxe-cosmetics.com\/hu\/termek\/premium-cukros-borradir\/","title":{"rendered":"Pr\u00e9mium cukros b\u00f6rrad\u00edr"},"content":{"rendered":"<h2><span data-sheets-root=\"1\" data-sheets-value=\"{&quot;1&quot;:2,&quot;2&quot;:&quot;Nevjerojatno mekana i nahranjena ko\u017ea ve\u0107 od prvog kori\u0161tenja&quot;}\" data-sheets-userformat=\"{&quot;2&quot;:19201,&quot;3&quot;:{&quot;1&quot;:0},&quot;11&quot;:4,&quot;12&quot;:0,&quot;14&quot;:{&quot;1&quot;:2,&quot;2&quot;:16739585},&quot;17&quot;:1}\"><img loading=\"lazy\" decoding=\"async\" class=\"size-medium wp-image-24656 alignright\" src=\"https:\/\/activeluxe-cosmetics.com\/hu\/wp-content\/uploads\/2022\/11\/f6948145-bd4a-489e-8cb1-eef1837dece4-scaled-1-scaled-460x575.jpg\" alt=\"\" width=\"460\" height=\"575\" srcset=\"https:\/\/activeluxe-cosmetics.com\/hu\/wp-content\/uploads\/2022\/11\/f6948145-bd4a-489e-8cb1-eef1837dece4-scaled-1-scaled-460x575.jpg 460w, https:\/\/activeluxe-cosmetics.com\/hu\/wp-content\/uploads\/2022\/11\/f6948145-bd4a-489e-8cb1-eef1837dece4-scaled-1-scaled-600x750.jpg 600w, https:\/\/activeluxe-cosmetics.com\/hu\/wp-content\/uploads\/2022\/11\/f6948145-bd4a-489e-8cb1-eef1837dece4-scaled-1-scaled-768x960.jpg 768w, https:\/\/activeluxe-cosmetics.com\/hu\/wp-content\/uploads\/2022\/11\/f6948145-bd4a-489e-8cb1-eef1837dece4-scaled-1-scaled-819x1024.jpg 819w, https:\/\/activeluxe-cosmetics.com\/hu\/wp-content\/uploads\/2022\/11\/f6948145-bd4a-489e-8cb1-eef1837dece4-scaled-1-scaled-1229x1536.jpg 1229w, https:\/\/activeluxe-cosmetics.com\/hu\/wp-content\/uploads\/2022\/11\/f6948145-bd4a-489e-8cb1-eef1837dece4-scaled-1-scaled-1638x2048.jpg 1638w, https:\/\/activeluxe-cosmetics.com\/hu\/wp-content\/uploads\/2022\/11\/f6948145-bd4a-489e-8cb1-eef1837dece4-scaled-1-scaled-240x300.jpg 240w, https:\/\/activeluxe-cosmetics.com\/hu\/wp-content\/uploads\/2022\/11\/f6948145-bd4a-489e-8cb1-eef1837dece4-scaled-1-scaled.jpg 2048w\" sizes=\"auto, (max-width: 460px) 100vw, 460px\" \/><strong>Puha \u00e9s t\u00e1pl\u00e1lt<\/strong> b\u0151r m\u00e1r az els\u0151 haszn\u00e1lat ut\u00e1n<br \/>\n<\/span><\/h2>\n<p>Barna cukorral \u00e9s 100%-ban term\u00e9szetes, gazdag olajokkal az alapos h\u00e1mlaszt\u00e1s\u00e9rt, amelynek seg\u00edts\u00e9g\u00e9vel elt\u00e1vol\u00edthatod a szennyez\u0151d\u00e9seket \u00e9s az elhalt h\u00e1msejteket, \u00e9s k\u00f6zben m\u00e9lyen hidrat\u00e1lhatod \u00e9s t\u00e1pl\u00e1lhatod a b\u0151r\u00f6d.<\/p>\n<ul>\n<li>Term\u00e9szetes \u00f6sszetev\u0151k<\/li>\n<li>Barna cukor az elhalt h\u00e1msejtek k\u00edm\u00e9letes, m\u00e9gis hat\u00e9kony elt\u00e1vol\u00edt\u00e1s\u00e1hoz<\/li>\n<li>Sheavaj \u00e9s jojobaolaj a m\u00e9lyen hidrat\u00e1lt b\u0151r\u00e9rt<\/li>\n<li>A csokol\u00e1d\u00e9 \u00e9s a narancs leny\u0171g\u00f6z\u0151 illata sok\u00e1ig a b\u0151r\u00f6d\u00f6n marad<\/li>\n<li>Minden b\u0151rt\u00edpusra<\/li>\n<li>Luxus Active Luxe csomagol\u00e1s<\/li>\n<li>Hihetetlen\u00fcl puha b\u0151r<\/li>\n<\/ul>\n<h2><\/h2>\n<h2><\/h2>\n<h2 style=\"text-align: center; clear: both;\"><\/h2>\n<h2><span data-sheets-root=\"1\" data-sheets-value=\"{&quot;1&quot;:2,&quot;2&quot;:&quot;Za\u0161to je Active Luxe peeling ono \u0161to treba tvojoj ko\u017ei?&quot;}\" data-sheets-userformat=\"{&quot;2&quot;:19201,&quot;3&quot;:{&quot;1&quot;:0},&quot;11&quot;:4,&quot;12&quot;:0,&quot;14&quot;:{&quot;1&quot;:2,&quot;2&quot;:16739585},&quot;17&quot;:1}\"><img loading=\"lazy\" decoding=\"async\" class=\" wp-image-35193 alignleft\" src=\"https:\/\/activeluxe-cosmetics.com\/hu\/wp-content\/uploads\/2022\/11\/311306909_23852000723060325_488226417388359863_n-460x463.jpg\" alt=\"\" width=\"500\" height=\"503\" srcset=\"https:\/\/activeluxe-cosmetics.com\/hu\/wp-content\/uploads\/2022\/11\/311306909_23852000723060325_488226417388359863_n-460x463.jpg 460w, https:\/\/activeluxe-cosmetics.com\/hu\/wp-content\/uploads\/2022\/11\/311306909_23852000723060325_488226417388359863_n-100x100.jpg 100w, https:\/\/activeluxe-cosmetics.com\/hu\/wp-content\/uploads\/2022\/11\/311306909_23852000723060325_488226417388359863_n-150x150.jpg 150w, https:\/\/activeluxe-cosmetics.com\/hu\/wp-content\/uploads\/2022\/11\/311306909_23852000723060325_488226417388359863_n-298x300.jpg 298w, https:\/\/activeluxe-cosmetics.com\/hu\/wp-content\/uploads\/2022\/11\/311306909_23852000723060325_488226417388359863_n.jpg 526w\" sizes=\"auto, (max-width: 500px) 100vw, 500px\" \/>Mi\u00e9rt van sz\u00fcks\u00e9g <strong>a rendszeres h\u00e1mlaszt\u00e1sra?<\/strong><br \/>\n<\/span><\/h2>\n<p id=\"tw-target-text\" class=\"tw-data-text tw-text-large tw-ta\" dir=\"ltr\" data-placeholder=\"Translation\" aria-label=\"Translated text\" data-ved=\"2ahUKEwj-5pLryZSFAxUm2wIHHW2vBOYQ3ewLegQIBRAU\">Egy j\u00f3 h\u00e1mlaszt\u00e1s pihentet\u0151 a test \u00e9s az elme sz\u00e1m\u00e1ra. Nincs is jobb, mint egy otthoni spa-kezel\u00e9s lefekv\u00e9s el\u0151tt. A meg\u00fajult, puha \u00e9s tiszta b\u0151r pihentet\u0151 \u00e1lomba fog ringatni.<\/p>\n<p class=\"tw-data-text tw-text-large tw-ta\" dir=\"ltr\" data-placeholder=\"Translation\" aria-label=\"Translated text\" data-ved=\"2ahUKEwj-5pLryZSFAxUm2wIHHW2vBOYQ3ewLegQIBRAU\">A h\u00e1mlaszt\u00e1s a test\u00e1pol\u00e1s k\u00f6telez\u0151 r\u00e9sze, amelyr\u0151l sajnos szinte mindig megfeledkeznek, vagy egyszer\u0171en csak id\u0151ig\u00e9nyesnek \u00e9s jelent\u00e9ktelennek tartj\u00e1k. Pedig igenis fontos!<\/p>\n<p class=\"tw-data-text tw-text-large tw-ta\" dir=\"ltr\" data-placeholder=\"Translation\" aria-label=\"Translated text\" data-ved=\"2ahUKEwj-5pLryZSFAxUm2wIHHW2vBOYQ3ewLegQIBRAU\">Mi\u00e9rt? Az elhalt h\u00e1mr\u00e9teg, a szennyez\u0151d\u00e9sek \u00e9s a megvastagodott, sz\u00e1raz b\u0151r hatalmas terhet jelentenek a b\u0151r\u00f6dnek, mert alatta nem tud l\u00e9legezni \u00e9s regener\u00e1l\u00f3dni.<\/p>\n<p class=\"tw-data-text tw-text-large tw-ta\" dir=\"ltr\" data-placeholder=\"Translation\" aria-label=\"Translated text\" data-ved=\"2ahUKEwj-5pLryZSFAxUm2wIHHW2vBOYQ3ewLegQIBRAU\">A b\u0151rnek alapos \u00e9s k\u00edm\u00e9letes h\u00e1mlaszt\u00e1sra van sz\u00fcks\u00e9ge, hogy \u00faj, eg\u00e9szs\u00e9ges sejteket termeljen!<\/p>\n<h2 style=\"text-align: center; clear: both;\"><\/h2>\n<h2><img loading=\"lazy\" decoding=\"async\" class=\"size-medium wp-image-80732 alignright\" src=\"https:\/\/activeluxe-cosmetics.com\/hu\/wp-content\/uploads\/2024\/01\/Group-391-25-460x584.jpg\" alt=\"\" width=\"460\" height=\"584\" srcset=\"https:\/\/activeluxe-cosmetics.com\/hu\/wp-content\/uploads\/2024\/01\/Group-391-25-460x584.jpg 460w, https:\/\/activeluxe-cosmetics.com\/hu\/wp-content\/uploads\/2024\/01\/Group-391-25.jpg 581w\" sizes=\"auto, (max-width: 460px) 100vw, 460px\" \/><strong>Hagyd a b\u0151r\u00f6d<\/strong> \u00fajra l\u00e9legezni<\/h2>\n<p>A barna cukor szemcs\u00e9k k\u00edm\u00e9letesen, m\u00e9gis alaposan t\u00e1vol\u00edtj\u00e1k el a b\u0151rr\u0151l az elhalt h\u00e1msejteket \u00e9s a szennyez\u0151d\u00e9seket. A benne tal\u00e1lhat\u00f3 jojobaolaj, shea vaj \u00e9s k\u00f3kuszolaj csod\u00e1latos kombin\u00e1ci\u00f3ja hihetetlen\u00fcl puh\u00e1v\u00e1, sim\u00e1v\u00e1 \u00e9s rugalmass\u00e1 teszi a b\u0151r\u00f6d. Az olajok a h\u00e1mlaszt\u00e1s sor\u00e1n besz\u00edv\u00f3dnak a nedves b\u0151rbe, \u00edgy a h\u00e1mlaszt\u00e1s vagy a zuhanyz\u00e1s ut\u00e1n nem is lesz sz\u00fcks\u00e9ged testvajra vagy test\u00e1pol\u00f3ra.<\/p>\n<p>A h\u00e1mlaszt\u00e1s megakad\u00e1lyozza a b\u0151r fesz\u00fcl\u00e9s\u00e9t:<br \/>\nrendszeres, heti k\u00e9tszeri haszn\u00e1lat mellett a b\u0151r\u00f6d sima, t\u00e1pl\u00e1lt \u00e9s eg\u00e9szs\u00e9ges lesz. Sokkal kev\u00e9sb\u00e9 lesz \u00e9rz\u00e9keny a k\u00fcls\u0151 t\u00e9nyez\u0151kre \u00e9s az id\u0151j\u00e1r\u00e1s hat\u00e1saira.<\/p>\n<p>A h\u00e1mlaszt\u00e1s serkenti a b\u0151r v\u00e9rkering\u00e9s\u00e9t:<br \/>\nA megfelel\u0151 kem\u00e9nys\u00e9g\u0171 barna cukor finoman b\u0151rbe d\u00f6rzs\u00f6lve jav\u00edtja a v\u00e9rkering\u00e9st. Ez seg\u00edt a b\u0151rsejteknek, hogy t\u00f6bb t\u00e1panyaghoz jussanak, amelyek elengedhetetlenek a sz\u00e9p, eg\u00e9szs\u00e9ges \u00e9s ragyog\u00f3 b\u0151r el\u00e9r\u00e9s\u00e9hez. A b\u0151r j\u00f3 v\u00e9rkering\u00e9se seg\u00edt a narancsb\u0151r elt\u00fcntet\u00e9s\u00e9ben.<\/p>\n<p>A h\u00e1mlaszt\u00e1s m\u00e9lyen t\u00e1pl\u00e1lja a b\u0151rt:<br \/>\nAz innovat\u00edv h\u00e1mlaszt\u00f3 \u00e9s \u00e1pol\u00f3 formula jojobaolajjal, k\u00f3kuszolajjal \u00e9s shea vajjal m\u00e9lyen t\u00e1pl\u00e1lja a b\u0151rt vitaminokkal. A b\u0151rrad\u00edr haszn\u00e1lat\u00e1t k\u00f6vet\u0151en a b\u0151r\u00f6d puha, rugalmas \u00e9s kellemes illat\u00fa lesz.<\/p>\n<p><iframe loading=\"lazy\" title=\"Premium \u0161e\u0107erni peeling za tijelo\" width=\"1020\" height=\"574\" src=\"https:\/\/www.youtube.com\/embed\/LpgBrbFoGYo?feature=oembed\" frameborder=\"0\" allow=\"accelerometer; autoplay; clipboard-write; encrypted-media; gyroscope; picture-in-picture; web-share\" referrerpolicy=\"strict-origin-when-cross-origin\" allowfullscreen><\/iframe><\/p>\n<div style=\"display: flex; align-items: center; gap: 20px; flex-wrap: wrap;\">\n<p style=\"max-width: 360px;\">\n<\/div>\n","protected":false},"excerpt":{"rendered":"<p>A 100%-ban term\u00e9szetes \u00f6sszetev\u0151i elt\u00e1vol\u00edtj\u00e1k a b\u0151rr\u0151l a szennyez\u0151d\u00e9seket, az elhalt sejteket \u00e9s a zs\u00edrt. A puha \u00e9s t\u00e1pl\u00e1lt b\u0151r\u00e9rt.<\/p>\n","protected":false},"featured_media":84684,"comment_status":"open","ping_status":"closed","template":"","meta":[],"product_brand":[],"product_cat":[82],"product_tag":[],"class_list":{"0":"post-72365","1":"product","2":"type-product","3":"status-publish","4":"has-post-thumbnail","6":"product_cat-borapolas","8":"first","9":"instock","10":"sale","11":"taxable","12":"shipping-taxable","13":"purchasable","14":"product-type-simple"},"bundled_by":[],"bundle_stock_status":"instock","bundle_stock_quantity":null,"bundle_virtual":false,"bundle_layout":"","bundle_add_to_cart_form_location":"","bundle_editable_in_cart":false,"bundle_sold_individually_context":"","bundle_item_grouping":"","bundle_min_size":"","bundle_max_size":"","bundled_items":[],"acf":[],"yoast_head":"<!-- This site is optimized with the Yoast SEO plugin v26.5 - https:\/\/yoast.com\/wordpress\/plugins\/seo\/ -->\n<title>Active Luxe pr\u00e9mium cukros b\u0151rrad\u00edr<\/title>\n<meta name=\"description\" content=\"A 100%-ban term\u00e9szetes \u00f6sszetev\u0151i elt\u00e1vol\u00edtj\u00e1k a b\u0151rr\u0151l a szennyez\u0151d\u00e9seket, az elhalt sejteket \u00e9s a zs\u00edrt. A csokol\u00e1d\u00e9 \u00e9s a narancs leny\u0171g\u00f6z\u0151 illata sok\u00e1ig megmarad a b\u0151r\u00f6d\u00f6n.\" \/>\n<meta name=\"robots\" content=\"noindex, follow, max-snippet:-1, max-image-preview:large, max-video-preview:-1\" \/>\n<meta property=\"og:locale\" content=\"hu_HU\" \/>\n<meta property=\"og:type\" content=\"article\" \/>\n<meta property=\"og:title\" content=\"Active Luxe pr\u00e9mium cukros b\u0151rrad\u00edr\" \/>\n<meta property=\"og:description\" content=\"A 100%-ban term\u00e9szetes \u00f6sszetev\u0151i elt\u00e1vol\u00edtj\u00e1k a b\u0151rr\u0151l a szennyez\u0151d\u00e9seket, az elhalt sejteket \u00e9s a zs\u00edrt. A csokol\u00e1d\u00e9 \u00e9s a narancs leny\u0171g\u00f6z\u0151 illata sok\u00e1ig megmarad a b\u0151r\u00f6d\u00f6n.\" \/>\n<meta property=\"og:url\" content=\"https:\/\/activeluxe-cosmetics.com\/hu\/termek\/premium-cukros-borradir\/\" \/>\n<meta property=\"og:site_name\" content=\"Active Luxe Cosmetics\" \/>\n<meta property=\"article:modified_time\" content=\"2025-04-04T10:32:23+00:00\" \/>\n<meta property=\"og:image\" content=\"https:\/\/activeluxe-cosmetics.com\/hu\/wp-content\/uploads\/2024\/01\/Premium-Sugar-Body-Scrub-v2.jpg\" \/>\n\t<meta property=\"og:image:width\" content=\"1104\" \/>\n\t<meta property=\"og:image:height\" content=\"1326\" \/>\n\t<meta property=\"og:image:type\" content=\"image\/jpeg\" \/>\n<meta name=\"twitter:card\" content=\"summary_large_image\" \/>\n<meta name=\"twitter:label1\" content=\"Becs\u00fclt olvas\u00e1si id\u0151\" \/>\n\t<meta name=\"twitter:data1\" content=\"3 perc\" \/>\n<script type=\"application\/ld+json\" class=\"yoast-schema-graph\">{\"@context\":\"https:\/\/schema.org\",\"@graph\":[{\"@type\":\"WebPage\",\"@id\":\"https:\/\/activeluxe-cosmetics.com\/hu\/termek\/premium-cukros-borradir\/\",\"url\":\"https:\/\/activeluxe-cosmetics.com\/hu\/termek\/premium-cukros-borradir\/\",\"name\":\"Active Luxe pr\u00e9mium cukros b\u0151rrad\u00edr\",\"isPartOf\":{\"@id\":\"https:\/\/activeluxe-cosmetics.com\/hu\/#website\"},\"primaryImageOfPage\":{\"@id\":\"https:\/\/activeluxe-cosmetics.com\/hu\/termek\/premium-cukros-borradir\/#primaryimage\"},\"image\":{\"@id\":\"https:\/\/activeluxe-cosmetics.com\/hu\/termek\/premium-cukros-borradir\/#primaryimage\"},\"thumbnailUrl\":\"https:\/\/activeluxe-cosmetics.com\/hu\/wp-content\/uploads\/2024\/01\/Premium-Sugar-Body-Scrub-v2.jpg\",\"datePublished\":\"2024-01-10T14:20:30+00:00\",\"dateModified\":\"2025-04-04T10:32:23+00:00\",\"description\":\"A 100%-ban term\u00e9szetes \u00f6sszetev\u0151i elt\u00e1vol\u00edtj\u00e1k a b\u0151rr\u0151l a szennyez\u0151d\u00e9seket, az elhalt sejteket \u00e9s a zs\u00edrt. A csokol\u00e1d\u00e9 \u00e9s a narancs leny\u0171g\u00f6z\u0151 illata sok\u00e1ig megmarad a b\u0151r\u00f6d\u00f6n.\",\"breadcrumb\":{\"@id\":\"https:\/\/activeluxe-cosmetics.com\/hu\/termek\/premium-cukros-borradir\/#breadcrumb\"},\"inLanguage\":\"hu\",\"potentialAction\":[{\"@type\":\"ReadAction\",\"target\":[\"https:\/\/activeluxe-cosmetics.com\/hu\/termek\/premium-cukros-borradir\/\"]}]},{\"@type\":\"ImageObject\",\"inLanguage\":\"hu\",\"@id\":\"https:\/\/activeluxe-cosmetics.com\/hu\/termek\/premium-cukros-borradir\/#primaryimage\",\"url\":\"https:\/\/activeluxe-cosmetics.com\/hu\/wp-content\/uploads\/2024\/01\/Premium-Sugar-Body-Scrub-v2.jpg\",\"contentUrl\":\"https:\/\/activeluxe-cosmetics.com\/hu\/wp-content\/uploads\/2024\/01\/Premium-Sugar-Body-Scrub-v2.jpg\",\"width\":1104,\"height\":1326},{\"@type\":\"BreadcrumbList\",\"@id\":\"https:\/\/activeluxe-cosmetics.com\/hu\/termek\/premium-cukros-borradir\/#breadcrumb\",\"itemListElement\":[{\"@type\":\"ListItem\",\"position\":1,\"name\":\"C\u00edmlap\",\"item\":\"https:\/\/activeluxe-cosmetics.com\/hu\/\"},{\"@type\":\"ListItem\",\"position\":2,\"name\":\"\u00dczlet\",\"item\":\"https:\/\/activeluxe-cosmetics.com\/hu\/uzlet\/\"},{\"@type\":\"ListItem\",\"position\":3,\"name\":\"Pr\u00e9mium cukros b\u00f6rrad\u00edr\"}]},{\"@type\":\"WebSite\",\"@id\":\"https:\/\/activeluxe-cosmetics.com\/hu\/#website\",\"url\":\"https:\/\/activeluxe-cosmetics.com\/hu\/\",\"name\":\"Active Luxe Cosmetics\",\"description\":\"\",\"potentialAction\":[{\"@type\":\"SearchAction\",\"target\":{\"@type\":\"EntryPoint\",\"urlTemplate\":\"https:\/\/activeluxe-cosmetics.com\/hu\/?s={search_term_string}\"},\"query-input\":{\"@type\":\"PropertyValueSpecification\",\"valueRequired\":true,\"valueName\":\"search_term_string\"}}],\"inLanguage\":\"hu\"}]}<\/script>\n<!-- \/ Yoast SEO plugin. -->","yoast_head_json":{"title":"Active Luxe pr\u00e9mium cukros b\u0151rrad\u00edr","description":"A 100%-ban term\u00e9szetes \u00f6sszetev\u0151i elt\u00e1vol\u00edtj\u00e1k a b\u0151rr\u0151l a szennyez\u0151d\u00e9seket, az elhalt sejteket \u00e9s a zs\u00edrt. A csokol\u00e1d\u00e9 \u00e9s a narancs leny\u0171g\u00f6z\u0151 illata sok\u00e1ig megmarad a b\u0151r\u00f6d\u00f6n.","robots":{"index":"noindex","follow":"follow","max-snippet":"max-snippet:-1","max-image-preview":"max-image-preview:large","max-video-preview":"max-video-preview:-1"},"og_locale":"hu_HU","og_type":"article","og_title":"Active Luxe pr\u00e9mium cukros b\u0151rrad\u00edr","og_description":"A 100%-ban term\u00e9szetes \u00f6sszetev\u0151i elt\u00e1vol\u00edtj\u00e1k a b\u0151rr\u0151l a szennyez\u0151d\u00e9seket, az elhalt sejteket \u00e9s a zs\u00edrt. A csokol\u00e1d\u00e9 \u00e9s a narancs leny\u0171g\u00f6z\u0151 illata sok\u00e1ig megmarad a b\u0151r\u00f6d\u00f6n.","og_url":"https:\/\/activeluxe-cosmetics.com\/hu\/termek\/premium-cukros-borradir\/","og_site_name":"Active Luxe Cosmetics","article_modified_time":"2025-04-04T10:32:23+00:00","og_image":[{"width":1104,"height":1326,"url":"https:\/\/activeluxe-cosmetics.com\/hu\/wp-content\/uploads\/2024\/01\/Premium-Sugar-Body-Scrub-v2.jpg","type":"image\/jpeg"}],"twitter_card":"summary_large_image","twitter_misc":{"Becs\u00fclt olvas\u00e1si id\u0151":"3 perc"},"schema":{"@context":"https:\/\/schema.org","@graph":[{"@type":"WebPage","@id":"https:\/\/activeluxe-cosmetics.com\/hu\/termek\/premium-cukros-borradir\/","url":"https:\/\/activeluxe-cosmetics.com\/hu\/termek\/premium-cukros-borradir\/","name":"Active Luxe pr\u00e9mium cukros b\u0151rrad\u00edr","isPartOf":{"@id":"https:\/\/activeluxe-cosmetics.com\/hu\/#website"},"primaryImageOfPage":{"@id":"https:\/\/activeluxe-cosmetics.com\/hu\/termek\/premium-cukros-borradir\/#primaryimage"},"image":{"@id":"https:\/\/activeluxe-cosmetics.com\/hu\/termek\/premium-cukros-borradir\/#primaryimage"},"thumbnailUrl":"https:\/\/activeluxe-cosmetics.com\/hu\/wp-content\/uploads\/2024\/01\/Premium-Sugar-Body-Scrub-v2.jpg","datePublished":"2024-01-10T14:20:30+00:00","dateModified":"2025-04-04T10:32:23+00:00","description":"A 100%-ban term\u00e9szetes \u00f6sszetev\u0151i elt\u00e1vol\u00edtj\u00e1k a b\u0151rr\u0151l a szennyez\u0151d\u00e9seket, az elhalt sejteket \u00e9s a zs\u00edrt. A csokol\u00e1d\u00e9 \u00e9s a narancs leny\u0171g\u00f6z\u0151 illata sok\u00e1ig megmarad a b\u0151r\u00f6d\u00f6n.","breadcrumb":{"@id":"https:\/\/activeluxe-cosmetics.com\/hu\/termek\/premium-cukros-borradir\/#breadcrumb"},"inLanguage":"hu","potentialAction":[{"@type":"ReadAction","target":["https:\/\/activeluxe-cosmetics.com\/hu\/termek\/premium-cukros-borradir\/"]}]},{"@type":"ImageObject","inLanguage":"hu","@id":"https:\/\/activeluxe-cosmetics.com\/hu\/termek\/premium-cukros-borradir\/#primaryimage","url":"https:\/\/activeluxe-cosmetics.com\/hu\/wp-content\/uploads\/2024\/01\/Premium-Sugar-Body-Scrub-v2.jpg","contentUrl":"https:\/\/activeluxe-cosmetics.com\/hu\/wp-content\/uploads\/2024\/01\/Premium-Sugar-Body-Scrub-v2.jpg","width":1104,"height":1326},{"@type":"BreadcrumbList","@id":"https:\/\/activeluxe-cosmetics.com\/hu\/termek\/premium-cukros-borradir\/#breadcrumb","itemListElement":[{"@type":"ListItem","position":1,"name":"C\u00edmlap","item":"https:\/\/activeluxe-cosmetics.com\/hu\/"},{"@type":"ListItem","position":2,"name":"\u00dczlet","item":"https:\/\/activeluxe-cosmetics.com\/hu\/uzlet\/"},{"@type":"ListItem","position":3,"name":"Pr\u00e9mium cukros b\u00f6rrad\u00edr"}]},{"@type":"WebSite","@id":"https:\/\/activeluxe-cosmetics.com\/hu\/#website","url":"https:\/\/activeluxe-cosmetics.com\/hu\/","name":"Active Luxe Cosmetics","description":"","potentialAction":[{"@type":"SearchAction","target":{"@type":"EntryPoint","urlTemplate":"https:\/\/activeluxe-cosmetics.com\/hu\/?s={search_term_string}"},"query-input":{"@type":"PropertyValueSpecification","valueRequired":true,"valueName":"search_term_string"}}],"inLanguage":"hu"}]}},"_links":{"self":[{"href":"https:\/\/activeluxe-cosmetics.com\/hu\/wp-json\/wp\/v2\/product\/72365","targetHints":{"allow":["GET"]}}],"collection":[{"href":"https:\/\/activeluxe-cosmetics.com\/hu\/wp-json\/wp\/v2\/product"}],"about":[{"href":"https:\/\/activeluxe-cosmetics.com\/hu\/wp-json\/wp\/v2\/types\/product"}],"replies":[{"embeddable":true,"href":"https:\/\/activeluxe-cosmetics.com\/hu\/wp-json\/wp\/v2\/comments?post=72365"}],"wp:featuredmedia":[{"embeddable":true,"href":"https:\/\/activeluxe-cosmetics.com\/hu\/wp-json\/wp\/v2\/media\/84684"}],"wp:attachment":[{"href":"https:\/\/activeluxe-cosmetics.com\/hu\/wp-json\/wp\/v2\/media?parent=72365"}],"wp:term":[{"taxonomy":"product_brand","embeddable":true,"href":"https:\/\/activeluxe-cosmetics.com\/hu\/wp-json\/wp\/v2\/product_brand?post=72365"},{"taxonomy":"product_cat","embeddable":true,"href":"https:\/\/activeluxe-cosmetics.com\/hu\/wp-json\/wp\/v2\/product_cat?post=72365"},{"taxonomy":"product_tag","embeddable":true,"href":"https:\/\/activeluxe-cosmetics.com\/hu\/wp-json\/wp\/v2\/product_tag?post=72365"}],"curies":[{"name":"wp","href":"https:\/\/api.w.org\/{rel}","templated":true}]}}