{"id":72339,"date":"2024-01-10T15:20:08","date_gmt":"2024-01-10T14:20:08","guid":{"rendered":"https:\/\/activeluxe-cosmetics.com\/hu\/?post_type=product&#038;p=72339"},"modified":"2025-06-04T08:51:57","modified_gmt":"2025-06-04T08:51:57","slug":"hajhullas-elleni-balzsam","status":"publish","type":"product","link":"https:\/\/activeluxe-cosmetics.com\/hu\/termek\/hajhullas-elleni-balzsam\/","title":{"rendered":"Hajhull\u00e1s elleni balzsam"},"content":{"rendered":"<p><img loading=\"lazy\" decoding=\"async\" class=\" wp-image-84506 alignright\" src=\"https:\/\/activeluxe-cosmetics.com\/hu\/wp-content\/uploads\/2024\/01\/activeluxe_conditioner-1-460x575.png\" alt=\"\" width=\"420\" height=\"525\" srcset=\"https:\/\/activeluxe-cosmetics.com\/hu\/wp-content\/uploads\/2024\/01\/activeluxe_conditioner-1-460x575.png 460w, https:\/\/activeluxe-cosmetics.com\/hu\/wp-content\/uploads\/2024\/01\/activeluxe_conditioner-1-819x1024.png 819w, https:\/\/activeluxe-cosmetics.com\/hu\/wp-content\/uploads\/2024\/01\/activeluxe_conditioner-1-768x960.png 768w, https:\/\/activeluxe-cosmetics.com\/hu\/wp-content\/uploads\/2024\/01\/activeluxe_conditioner-1-600x750.png 600w, https:\/\/activeluxe-cosmetics.com\/hu\/wp-content\/uploads\/2024\/01\/activeluxe_conditioner-1.png 1080w\" sizes=\"auto, (max-width: 420px) 100vw, 420px\" \/><\/p>\n<h2><strong>D\u00fas\u00edt\u00f3 balzsam<\/strong><\/h2>\n<p>Ez a hat\u00e9kony balzsam k\u00e9t fontos funkci\u00f3val rendelkezik:<\/p>\n<ul>\n<li><strong>T\u00e1pl\u00e1lja, m\u00e9lyen helyre\u00e1ll\u00edtja \u00e9s v\u00e9di a hajsz\u00e1lakat<\/strong><br \/>\nAz Active Luxe hajhull\u00e1s elleni balzsam t\u00f6k\u00e9letesen hidrat\u00e1lja a sz\u00e1raz hajat \u00e9s kisim\u00edtja a hajsz\u00e1lakat. Haszn\u00e1lat ut\u00e1n a haj \u00e9rezhet\u0151en puh\u00e1bb, rugalmasabb \u00e9s jobban ellen\u00e1ll a mindennapos f\u00e9s\u00fclk\u00f6d\u00e9snek \u00e9s hajvasal\u00e1snak. A haj k\u00f6nnyen kif\u00e9s\u00fclhet\u0151, nem t\u00f6redezik \u00e9s csod\u00e1san ragyog\u00f3v\u00e1 v\u00e1lik.<\/li>\n<li><strong>Az Active Luxe samponnal egy\u00fctt haszn\u00e1lva megel\u0151zi a hajhull\u00e1st <\/strong><br \/>\nAz Active Luxe sampon \u00e9s balzsam t\u00f6k\u00e9letes p\u00e1ros a hajhull\u00e1s elleni k\u00fczdelemben. Innovat\u00edv formul\u00e1juk a hajsz\u00e1lakat a gy\u00f6kerekn\u00e9l er\u0151s\u00edti, megel\u0151zi a hajhagym\u00e1k id\u0151 el\u0151tti el\u00f6reged\u00e9s\u00e9t, er\u0151s\u00edti a hajt\u00f6vet \u00e9s megel\u0151zi a hajhull\u00e1st. A balzsam aktiv\u00e1lja \u00e9s serkenti a fejb\u0151r v\u00e9rkering\u00e9s\u00e9t is, ezzel biztos\u00edtja, hogy a haj a v\u00e9rb\u0151l hozz\u00e1jusson minden sz\u00fcks\u00e9ges t\u00e1panyaghoz, \u00edgy a hajsz\u00e1lak n\u00f6veked\u00e9se felgyorsul, a haj eg\u00e9szs\u00e9gesebb lesz, a hajhagym\u00e1k pedig er\u0151sebb\u00e9 v\u00e1lnak.<\/li>\n<\/ul>\n<h2 style=\"text-align: center; clear: both;\"><\/h2>\n<h2><img loading=\"lazy\" decoding=\"async\" class=\" wp-image-84507 alignleft\" src=\"https:\/\/activeluxe-cosmetics.com\/hu\/wp-content\/uploads\/2024\/01\/balzam_za_lase-819x1024-1-460x575.png\" alt=\"\" width=\"420\" height=\"525\" srcset=\"https:\/\/activeluxe-cosmetics.com\/hu\/wp-content\/uploads\/2024\/01\/balzam_za_lase-819x1024-1-460x575.png 460w, https:\/\/activeluxe-cosmetics.com\/hu\/wp-content\/uploads\/2024\/01\/balzam_za_lase-819x1024-1-768x960.png 768w, https:\/\/activeluxe-cosmetics.com\/hu\/wp-content\/uploads\/2024\/01\/balzam_za_lase-819x1024-1-600x750.png 600w, https:\/\/activeluxe-cosmetics.com\/hu\/wp-content\/uploads\/2024\/01\/balzam_za_lase-819x1024-1.png 819w\" sizes=\"auto, (max-width: 420px) 100vw, 420px\" \/><strong>Mi\u00e9rt olyan hat\u00e9kony<\/strong> az Active Luxe hajn\u00f6veszt\u0151 balzsam?<\/h2>\n<p>A t\u00fal gyakori hajmos\u00e1s, a f\u00e9s\u00fcl\u00e9s, a hajfest\u00e9s \u00e9s a hajvasal\u00e1s hajhull\u00e1st eredm\u00e9nyez, elvesz\u00edti rugalmass\u00e1g\u00e1t, ritkul \u00e9s elgyeng\u00fcl. Ezt csak tov\u00e1bb s\u00falyosb\u00edtja a haj er\u0151teljes d\u00f6rzs\u00f6l\u00e9se, a stressz, a helytelen t\u00e1pl\u00e1lkoz\u00e1s \u00e9s nem megfelel\u0151 hidrat\u00e1l\u00e1s.<br \/>\n\u00c9ppen ez\u00e9rt rendk\u00edv\u00fcl fontos a haj rendszeres, m\u00e9lyrehat\u00f3 t\u00e1pl\u00e1l\u00e1sa \u00e9s v\u00e9delme. A t\u00e1pl\u00e1lt \u00e9s eg\u00e9szs\u00e9ges haj n\u00f6veked\u00e9se is felgyorsul.<\/p>\n<p>Az Active Luxe sampon \u00e9s balzsam rendszeres haszn\u00e1lat\u00e1val a haj hull\u00e1sa \u00e9szrevehet\u0151en cs\u00f6kken \u00e9s n\u00f6veked\u00e9se felgyorsul. A haj er\u0151sebb\u00e9, m\u00e9lyen t\u00e1pl\u00e1ltt\u00e1 v\u00e1lik, a hajsz\u00e1lak ragyognak \u00e9s k\u00f6nnyen f\u00e9s\u00fclhet\u0151k.<\/p>\n<h2 style=\"text-align: center; clear: both;\"><\/h2>\n<p>&nbsp;<\/p>\n<h2><img loading=\"lazy\" decoding=\"async\" class=\" wp-image-84508 alignright\" src=\"https:\/\/activeluxe-cosmetics.com\/hu\/wp-content\/uploads\/2024\/01\/activeluxe_balzam-819x1024-1-460x575.png\" alt=\"\" width=\"420\" height=\"525\" srcset=\"https:\/\/activeluxe-cosmetics.com\/hu\/wp-content\/uploads\/2024\/01\/activeluxe_balzam-819x1024-1-460x575.png 460w, https:\/\/activeluxe-cosmetics.com\/hu\/wp-content\/uploads\/2024\/01\/activeluxe_balzam-819x1024-1-768x960.png 768w, https:\/\/activeluxe-cosmetics.com\/hu\/wp-content\/uploads\/2024\/01\/activeluxe_balzam-819x1024-1-600x750.png 600w, https:\/\/activeluxe-cosmetics.com\/hu\/wp-content\/uploads\/2024\/01\/activeluxe_balzam-819x1024-1.png 819w\" sizes=\"auto, (max-width: 420px) 100vw, 420px\" \/>\u00c1ll\u00edtsd meg a <strong>hajhull\u00e1st id\u0151ben!<\/strong><\/h2>\n<p>Kopaszod\u00e1s \u00e9s t\u00falzott hajhull\u00e1s eset\u00e9n az Active Luxe balzsam \u00e9s az Active Luxe hajhull\u00e1s elleni \u00e9s hajn\u00f6veszt\u0151 sampon egy\u00fcttes haszn\u00e1lata ide\u00e1lis megold\u00e1s a d\u00fasabb, eg\u00e9szs\u00e9gesebb \u00e9s er\u0151sebb haj el\u00e9r\u00e9s\u00e9hez. A term\u00e9kek f\u00e9rfiak \u00e9s n\u0151k sz\u00e1m\u00e1ra egyar\u00e1nt aj\u00e1nlottak.<\/p>\n<ul>\n<li>\u00c9rezhet\u0151en d\u00fasabb haj<\/li>\n<li>Term\u00e9szetes feh\u00e9rj\u00e9k az er\u0151sebb haj\u00e9rt<\/li>\n<li>Megvastag\u00edtja a hajsz\u00e1lakat, d\u00fasabb\u00e1 var\u00e1zsolja a hajat<\/li>\n<li>Megakad\u00e1lyozza a haj g\u00f6nd\u00f6r\u00f6d\u00e9s\u00e9t<\/li>\n<li>Minden hajt\u00edpusra aj\u00e1nlott<\/li>\n<\/ul>\n<p>Az optim\u00e1lis eredm\u00e9ny \u00e9rdek\u00e9ben az Active Luxe balzsamot haszn\u00e1ld az Active Luxe sampon sz\u00e1raz\/norm\u00e1l vagy zs\u00edros fejb\u0151rre term\u00e9kkel egy\u00fctt.<\/p>\n<p>T\u00f6k\u00e9letes megold\u00e1s n\u0151knek \u00e9s f\u00e9rfiaknak egyar\u00e1nt. Klinikailag tesztelt \u00e9s napi haszn\u00e1latra alkalmas.<\/p>\n<p>&nbsp;<\/p>\n<h3 style=\"clear: both; max-width: 820px;\"><\/h3>\n","protected":false},"excerpt":{"rendered":"<p>Gyeng\u00e9d \u00e9s hat\u00e9kony. Innovat\u00edv formul\u00e1ja megel\u0151zi a hajhull\u00e1st.<\/p>\n","protected":false},"featured_media":84503,"comment_status":"open","ping_status":"closed","template":"","meta":[],"product_brand":[],"product_cat":[53,59],"product_tag":[111],"class_list":{"0":"post-72339","1":"product","2":"type-product","3":"status-publish","4":"has-post-thumbnail","6":"product_cat-haj","7":"product_cat-balzsamok-maszkok-pakolasok","8":"product_tag-woman","10":"first","11":"instock","12":"taxable","13":"shipping-taxable","14":"purchasable","15":"product-type-simple"},"bundled_by":[],"bundle_stock_status":"instock","bundle_stock_quantity":null,"bundle_virtual":false,"bundle_layout":"","bundle_add_to_cart_form_location":"","bundle_editable_in_cart":false,"bundle_sold_individually_context":"","bundle_item_grouping":"","bundle_min_size":"","bundle_max_size":"","bundled_items":[],"acf":[],"yoast_head":"<!-- This site is optimized with the Yoast SEO plugin v26.5 - https:\/\/yoast.com\/wordpress\/plugins\/seo\/ -->\n<title>Active Luxe hajhull\u00e1s elleni balzsam<\/title>\n<meta name=\"description\" content=\"Ez a hajhull\u00e1s elleni balzsam t\u00f6k\u00e9letesen hidrat\u00e1lja a sz\u00e1raz hajat \u00e9s kisim\u00edtja a hajsz\u00e1lakat. Haszn\u00e1lat ut\u00e1n a haj \u00e9rezhet\u0151en puh\u00e1bb \u00e9s jobban ellen\u00e1ll a f\u00e9s\u00fclk\u00f6d\u00e9s \u00e9s hajvasal\u00e1s k\u00e1ros hat\u00e1sainak.\" \/>\n<meta name=\"robots\" content=\"noindex, follow, max-snippet:-1, max-image-preview:large, max-video-preview:-1\" \/>\n<meta property=\"og:locale\" content=\"hu_HU\" \/>\n<meta property=\"og:type\" content=\"article\" \/>\n<meta property=\"og:title\" content=\"Active Luxe hajhull\u00e1s elleni balzsam\" \/>\n<meta property=\"og:description\" content=\"Ez a hajhull\u00e1s elleni balzsam t\u00f6k\u00e9letesen hidrat\u00e1lja a sz\u00e1raz hajat \u00e9s kisim\u00edtja a hajsz\u00e1lakat. Haszn\u00e1lat ut\u00e1n a haj \u00e9rezhet\u0151en puh\u00e1bb \u00e9s jobban ellen\u00e1ll a f\u00e9s\u00fclk\u00f6d\u00e9s \u00e9s hajvasal\u00e1s k\u00e1ros hat\u00e1sainak.\" \/>\n<meta property=\"og:url\" content=\"https:\/\/activeluxe-cosmetics.com\/hu\/termek\/hajhullas-elleni-balzsam\/\" \/>\n<meta property=\"og:site_name\" content=\"Active Luxe Cosmetics\" \/>\n<meta property=\"article:modified_time\" content=\"2025-06-04T08:51:57+00:00\" \/>\n<meta property=\"og:image\" content=\"https:\/\/activeluxe-cosmetics.com\/hu\/wp-content\/uploads\/2024\/01\/38_Conditioner.jpg\" \/>\n\t<meta property=\"og:image:width\" content=\"1104\" \/>\n\t<meta property=\"og:image:height\" content=\"1326\" \/>\n\t<meta property=\"og:image:type\" content=\"image\/jpeg\" \/>\n<meta name=\"twitter:card\" content=\"summary_large_image\" \/>\n<meta name=\"twitter:label1\" content=\"Becs\u00fclt olvas\u00e1si id\u0151\" \/>\n\t<meta name=\"twitter:data1\" content=\"3 perc\" \/>\n<script type=\"application\/ld+json\" class=\"yoast-schema-graph\">{\"@context\":\"https:\/\/schema.org\",\"@graph\":[{\"@type\":\"WebPage\",\"@id\":\"https:\/\/activeluxe-cosmetics.com\/hu\/termek\/hajhullas-elleni-balzsam\/\",\"url\":\"https:\/\/activeluxe-cosmetics.com\/hu\/termek\/hajhullas-elleni-balzsam\/\",\"name\":\"Active Luxe hajhull\u00e1s elleni balzsam\",\"isPartOf\":{\"@id\":\"https:\/\/activeluxe-cosmetics.com\/hu\/#website\"},\"primaryImageOfPage\":{\"@id\":\"https:\/\/activeluxe-cosmetics.com\/hu\/termek\/hajhullas-elleni-balzsam\/#primaryimage\"},\"image\":{\"@id\":\"https:\/\/activeluxe-cosmetics.com\/hu\/termek\/hajhullas-elleni-balzsam\/#primaryimage\"},\"thumbnailUrl\":\"https:\/\/activeluxe-cosmetics.com\/hu\/wp-content\/uploads\/2024\/01\/38_Conditioner.jpg\",\"datePublished\":\"2024-01-10T14:20:08+00:00\",\"dateModified\":\"2025-06-04T08:51:57+00:00\",\"description\":\"Ez a hajhull\u00e1s elleni balzsam t\u00f6k\u00e9letesen hidrat\u00e1lja a sz\u00e1raz hajat \u00e9s kisim\u00edtja a hajsz\u00e1lakat. Haszn\u00e1lat ut\u00e1n a haj \u00e9rezhet\u0151en puh\u00e1bb \u00e9s jobban ellen\u00e1ll a f\u00e9s\u00fclk\u00f6d\u00e9s \u00e9s hajvasal\u00e1s k\u00e1ros hat\u00e1sainak.\",\"breadcrumb\":{\"@id\":\"https:\/\/activeluxe-cosmetics.com\/hu\/termek\/hajhullas-elleni-balzsam\/#breadcrumb\"},\"inLanguage\":\"hu\",\"potentialAction\":[{\"@type\":\"ReadAction\",\"target\":[\"https:\/\/activeluxe-cosmetics.com\/hu\/termek\/hajhullas-elleni-balzsam\/\"]}]},{\"@type\":\"ImageObject\",\"inLanguage\":\"hu\",\"@id\":\"https:\/\/activeluxe-cosmetics.com\/hu\/termek\/hajhullas-elleni-balzsam\/#primaryimage\",\"url\":\"https:\/\/activeluxe-cosmetics.com\/hu\/wp-content\/uploads\/2024\/01\/38_Conditioner.jpg\",\"contentUrl\":\"https:\/\/activeluxe-cosmetics.com\/hu\/wp-content\/uploads\/2024\/01\/38_Conditioner.jpg\",\"width\":1104,\"height\":1326},{\"@type\":\"BreadcrumbList\",\"@id\":\"https:\/\/activeluxe-cosmetics.com\/hu\/termek\/hajhullas-elleni-balzsam\/#breadcrumb\",\"itemListElement\":[{\"@type\":\"ListItem\",\"position\":1,\"name\":\"C\u00edmlap\",\"item\":\"https:\/\/activeluxe-cosmetics.com\/hu\/\"},{\"@type\":\"ListItem\",\"position\":2,\"name\":\"\u00dczlet\",\"item\":\"https:\/\/activeluxe-cosmetics.com\/hu\/uzlet\/\"},{\"@type\":\"ListItem\",\"position\":3,\"name\":\"Hajhull\u00e1s elleni balzsam\"}]},{\"@type\":\"WebSite\",\"@id\":\"https:\/\/activeluxe-cosmetics.com\/hu\/#website\",\"url\":\"https:\/\/activeluxe-cosmetics.com\/hu\/\",\"name\":\"Active Luxe Cosmetics\",\"description\":\"\",\"potentialAction\":[{\"@type\":\"SearchAction\",\"target\":{\"@type\":\"EntryPoint\",\"urlTemplate\":\"https:\/\/activeluxe-cosmetics.com\/hu\/?s={search_term_string}\"},\"query-input\":{\"@type\":\"PropertyValueSpecification\",\"valueRequired\":true,\"valueName\":\"search_term_string\"}}],\"inLanguage\":\"hu\"}]}<\/script>\n<!-- \/ Yoast SEO plugin. -->","yoast_head_json":{"title":"Active Luxe hajhull\u00e1s elleni balzsam","description":"Ez a hajhull\u00e1s elleni balzsam t\u00f6k\u00e9letesen hidrat\u00e1lja a sz\u00e1raz hajat \u00e9s kisim\u00edtja a hajsz\u00e1lakat. Haszn\u00e1lat ut\u00e1n a haj \u00e9rezhet\u0151en puh\u00e1bb \u00e9s jobban ellen\u00e1ll a f\u00e9s\u00fclk\u00f6d\u00e9s \u00e9s hajvasal\u00e1s k\u00e1ros hat\u00e1sainak.","robots":{"index":"noindex","follow":"follow","max-snippet":"max-snippet:-1","max-image-preview":"max-image-preview:large","max-video-preview":"max-video-preview:-1"},"og_locale":"hu_HU","og_type":"article","og_title":"Active Luxe hajhull\u00e1s elleni balzsam","og_description":"Ez a hajhull\u00e1s elleni balzsam t\u00f6k\u00e9letesen hidrat\u00e1lja a sz\u00e1raz hajat \u00e9s kisim\u00edtja a hajsz\u00e1lakat. Haszn\u00e1lat ut\u00e1n a haj \u00e9rezhet\u0151en puh\u00e1bb \u00e9s jobban ellen\u00e1ll a f\u00e9s\u00fclk\u00f6d\u00e9s \u00e9s hajvasal\u00e1s k\u00e1ros hat\u00e1sainak.","og_url":"https:\/\/activeluxe-cosmetics.com\/hu\/termek\/hajhullas-elleni-balzsam\/","og_site_name":"Active Luxe Cosmetics","article_modified_time":"2025-06-04T08:51:57+00:00","og_image":[{"width":1104,"height":1326,"url":"https:\/\/activeluxe-cosmetics.com\/hu\/wp-content\/uploads\/2024\/01\/38_Conditioner.jpg","type":"image\/jpeg"}],"twitter_card":"summary_large_image","twitter_misc":{"Becs\u00fclt olvas\u00e1si id\u0151":"3 perc"},"schema":{"@context":"https:\/\/schema.org","@graph":[{"@type":"WebPage","@id":"https:\/\/activeluxe-cosmetics.com\/hu\/termek\/hajhullas-elleni-balzsam\/","url":"https:\/\/activeluxe-cosmetics.com\/hu\/termek\/hajhullas-elleni-balzsam\/","name":"Active Luxe hajhull\u00e1s elleni balzsam","isPartOf":{"@id":"https:\/\/activeluxe-cosmetics.com\/hu\/#website"},"primaryImageOfPage":{"@id":"https:\/\/activeluxe-cosmetics.com\/hu\/termek\/hajhullas-elleni-balzsam\/#primaryimage"},"image":{"@id":"https:\/\/activeluxe-cosmetics.com\/hu\/termek\/hajhullas-elleni-balzsam\/#primaryimage"},"thumbnailUrl":"https:\/\/activeluxe-cosmetics.com\/hu\/wp-content\/uploads\/2024\/01\/38_Conditioner.jpg","datePublished":"2024-01-10T14:20:08+00:00","dateModified":"2025-06-04T08:51:57+00:00","description":"Ez a hajhull\u00e1s elleni balzsam t\u00f6k\u00e9letesen hidrat\u00e1lja a sz\u00e1raz hajat \u00e9s kisim\u00edtja a hajsz\u00e1lakat. Haszn\u00e1lat ut\u00e1n a haj \u00e9rezhet\u0151en puh\u00e1bb \u00e9s jobban ellen\u00e1ll a f\u00e9s\u00fclk\u00f6d\u00e9s \u00e9s hajvasal\u00e1s k\u00e1ros hat\u00e1sainak.","breadcrumb":{"@id":"https:\/\/activeluxe-cosmetics.com\/hu\/termek\/hajhullas-elleni-balzsam\/#breadcrumb"},"inLanguage":"hu","potentialAction":[{"@type":"ReadAction","target":["https:\/\/activeluxe-cosmetics.com\/hu\/termek\/hajhullas-elleni-balzsam\/"]}]},{"@type":"ImageObject","inLanguage":"hu","@id":"https:\/\/activeluxe-cosmetics.com\/hu\/termek\/hajhullas-elleni-balzsam\/#primaryimage","url":"https:\/\/activeluxe-cosmetics.com\/hu\/wp-content\/uploads\/2024\/01\/38_Conditioner.jpg","contentUrl":"https:\/\/activeluxe-cosmetics.com\/hu\/wp-content\/uploads\/2024\/01\/38_Conditioner.jpg","width":1104,"height":1326},{"@type":"BreadcrumbList","@id":"https:\/\/activeluxe-cosmetics.com\/hu\/termek\/hajhullas-elleni-balzsam\/#breadcrumb","itemListElement":[{"@type":"ListItem","position":1,"name":"C\u00edmlap","item":"https:\/\/activeluxe-cosmetics.com\/hu\/"},{"@type":"ListItem","position":2,"name":"\u00dczlet","item":"https:\/\/activeluxe-cosmetics.com\/hu\/uzlet\/"},{"@type":"ListItem","position":3,"name":"Hajhull\u00e1s elleni balzsam"}]},{"@type":"WebSite","@id":"https:\/\/activeluxe-cosmetics.com\/hu\/#website","url":"https:\/\/activeluxe-cosmetics.com\/hu\/","name":"Active Luxe Cosmetics","description":"","potentialAction":[{"@type":"SearchAction","target":{"@type":"EntryPoint","urlTemplate":"https:\/\/activeluxe-cosmetics.com\/hu\/?s={search_term_string}"},"query-input":{"@type":"PropertyValueSpecification","valueRequired":true,"valueName":"search_term_string"}}],"inLanguage":"hu"}]}},"_links":{"self":[{"href":"https:\/\/activeluxe-cosmetics.com\/hu\/wp-json\/wp\/v2\/product\/72339","targetHints":{"allow":["GET"]}}],"collection":[{"href":"https:\/\/activeluxe-cosmetics.com\/hu\/wp-json\/wp\/v2\/product"}],"about":[{"href":"https:\/\/activeluxe-cosmetics.com\/hu\/wp-json\/wp\/v2\/types\/product"}],"replies":[{"embeddable":true,"href":"https:\/\/activeluxe-cosmetics.com\/hu\/wp-json\/wp\/v2\/comments?post=72339"}],"wp:featuredmedia":[{"embeddable":true,"href":"https:\/\/activeluxe-cosmetics.com\/hu\/wp-json\/wp\/v2\/media\/84503"}],"wp:attachment":[{"href":"https:\/\/activeluxe-cosmetics.com\/hu\/wp-json\/wp\/v2\/media?parent=72339"}],"wp:term":[{"taxonomy":"product_brand","embeddable":true,"href":"https:\/\/activeluxe-cosmetics.com\/hu\/wp-json\/wp\/v2\/product_brand?post=72339"},{"taxonomy":"product_cat","embeddable":true,"href":"https:\/\/activeluxe-cosmetics.com\/hu\/wp-json\/wp\/v2\/product_cat?post=72339"},{"taxonomy":"product_tag","embeddable":true,"href":"https:\/\/activeluxe-cosmetics.com\/hu\/wp-json\/wp\/v2\/product_tag?post=72339"}],"curies":[{"name":"wp","href":"https:\/\/api.w.org\/{rel}","templated":true}]}}