{"id":72188,"date":"2024-01-10T15:17:54","date_gmt":"2024-01-10T14:17:54","guid":{"rendered":"https:\/\/activeluxe-cosmetics.com\/hu\/?post_type=product&#038;p=72188"},"modified":"2025-04-18T08:50:32","modified_gmt":"2025-04-18T08:50:32","slug":"szemoldoknoveszto-szerum","status":"publish","type":"product","link":"https:\/\/activeluxe-cosmetics.com\/hu\/termek\/szemoldoknoveszto-szerum\/","title":{"rendered":"Szem\u00f6ld\u00f6kn\u00f6veszt\u0151 sz\u00e9rum"},"content":{"rendered":"<p><img loading=\"lazy\" decoding=\"async\" class=\" wp-image-84081 alignright\" src=\"https:\/\/activeluxe-cosmetics.com\/hu\/wp-content\/uploads\/2024\/01\/Izdelek-brez-naslova-53-1-1-460x575.png\" alt=\"\" width=\"400\" height=\"500\" srcset=\"https:\/\/activeluxe-cosmetics.com\/hu\/wp-content\/uploads\/2024\/01\/Izdelek-brez-naslova-53-1-1-460x575.png 460w, https:\/\/activeluxe-cosmetics.com\/hu\/wp-content\/uploads\/2024\/01\/Izdelek-brez-naslova-53-1-1-819x1024.png 819w, https:\/\/activeluxe-cosmetics.com\/hu\/wp-content\/uploads\/2024\/01\/Izdelek-brez-naslova-53-1-1-768x960.png 768w, https:\/\/activeluxe-cosmetics.com\/hu\/wp-content\/uploads\/2024\/01\/Izdelek-brez-naslova-53-1-1-600x750.png 600w, https:\/\/activeluxe-cosmetics.com\/hu\/wp-content\/uploads\/2024\/01\/Izdelek-brez-naslova-53-1-1.png 1080w\" sizes=\"auto, (max-width: 400px) 100vw, 400px\" \/><\/p>\n<h2>Sz\u00e9rum az arcot <strong>keretbe foglal\u00f3 szem\u00f6ld\u00f6knek<\/strong><\/h2>\n<p>Nem vagy megel\u00e9gedve szem\u00f6ld\u00f6k\u00f6d form\u00e1j\u00e1val? Szem\u00f6ld\u00f6k\u00f6d v\u00e9kony, vil\u00e1gos, t\u00fal sokat form\u00e1ztad vagy nem el\u00e9g hangs\u00falyos? Itt az ideje, hogy b\u00facs\u00fat ints a szem\u00f6ld\u00f6krajzol\u00e1s mindennapos \u00e9s id\u0151ig\u00e9nyes feladat\u00e1nak, \u00e9saz Acitve Luxe Brow sz\u00e9rumot haszn\u00e1ld szem\u00f6ld\u00f6k\u00f6d \u00e1pol\u00e1s\u00e1hoz \u00e9s term\u00e9szetes n\u00f6veked\u00e9s\u00e9nek el\u0151seg\u00edt\u00e9s\u00e9hez.<\/p>\n<p>A szem\u00f6ld\u00f6k \u00e9s a szempilla szerkezete nem egyforma. Ez\u00e9rt nagyon fontos, hogy olyan sz\u00e9rumot v\u00e1lasszunk, melynek akt\u00edv \u00f6sszetev\u0151i eg\u00e9szen a t\u00fcsz\u0151kt\u0151l kezdve kifejezetten a szem\u00f6ld\u00f6k er\u0151s\u00f6d\u00e9s\u00e9t c\u00e9lozz\u00e1k. Az Active Luxe szem\u00f6ld\u00f6kn\u00f6veszt\u0151 sz\u00e9rum az els\u0151 olyan megv\u00e1s\u00e1rolhat\u00f3 sz\u00e9rum, mely kifejezetten a szem\u00f6ld\u00f6k \u00e1pol\u00e1s\u00e1ra \u00e9s n\u00f6veked\u00e9s\u00e9nek el\u0151seg\u00edt\u00e9s\u00e9re k\u00e9sz\u00fclt, valamint bizony\u00edtottan hat\u00e9kony.<\/p>\n<ul>\n<li>El\u0151seg\u00edti a szem\u00f6ld\u00f6k term\u00e9szetes n\u00f6veked\u00e9s\u00e9t<\/li>\n<li>Er\u0151s\u00edti a gyenge szem\u00f6ld\u00f6k\u00f6t<\/li>\n<li>Megakad\u00e1lyozza a szem\u00f6ld\u00f6k t\u00f6redez\u00e9s\u00e9t \u00e9s hull\u00e1s\u00e1t<\/li>\n<li>Meg\u0151rzi a szem\u00f6ld\u00f6k rugalmass\u00e1g\u00e1t<\/li>\n<\/ul>\n<h2 style=\"text-align: center; clear: both;\"><\/h2>\n<p>&nbsp;<\/p>\n<p><img loading=\"lazy\" decoding=\"async\" class=\" wp-image-84746 alignleft\" src=\"https:\/\/activeluxe-cosmetics.com\/hu\/wp-content\/uploads\/2024\/01\/brow-serum-iva-460x575.png\" alt=\"\" width=\"390\" height=\"487\" srcset=\"https:\/\/activeluxe-cosmetics.com\/hu\/wp-content\/uploads\/2024\/01\/brow-serum-iva-460x575.png 460w, https:\/\/activeluxe-cosmetics.com\/hu\/wp-content\/uploads\/2024\/01\/brow-serum-iva-819x1024.png 819w, https:\/\/activeluxe-cosmetics.com\/hu\/wp-content\/uploads\/2024\/01\/brow-serum-iva-768x960.png 768w, https:\/\/activeluxe-cosmetics.com\/hu\/wp-content\/uploads\/2024\/01\/brow-serum-iva-600x750.png 600w, https:\/\/activeluxe-cosmetics.com\/hu\/wp-content\/uploads\/2024\/01\/brow-serum-iva.png 1080w\" sizes=\"auto, (max-width: 390px) 100vw, 390px\" \/><\/p>\n<h2>Mi\u00e9rt olyan hat\u00e9kony az Active Luxe Brow <strong>szem\u00f6ld\u00f6kn\u00f6veszt\u0151 sz\u00e9rum?<\/strong><\/h2>\n<p>Laborat\u00f3riumunkban k\u00e9mikus \u00e9s gy\u00f3gyszer\u00e9sz szakemberek egy egyed\u00fcl\u00e1ll\u00f3, aminosavak, t\u00e1panyagok, B-vitaminok, E-vitamin \u00e9s antioxid\u00e1nsok egy\u00fcttes\u00e9t tartalmaz\u00f3, komplex formul\u00e1t k\u00e9sz\u00edtettek, amely k\u00f6zvetlen\u00fcl a sz\u0151rt\u00fcsz\u0151kre, illetve a szem\u00f6ld\u00f6k gy\u00f6ker\u00e9re fejti ki hat\u00e1s\u00e1t. A sz\u00e9rum m\u00e1r n\u00e9h\u00e1ny h\u00e9t haszn\u00e1lat ut\u00e1n l\u00e1that\u00f3an serkenti a szem\u00f6ld\u00f6k n\u00f6veked\u00e9s\u00e9t azokon a ter\u00fcleteken, ahol kor\u00e1bban a szem\u00f6ld\u00f6ksz\u00e1lak m\u00e1r nem n\u0151ttek.<\/p>\n<p>Az Active Luxe szem\u00f6ld\u00f6kn\u00f6veszt\u0151 sz\u00e9rum biztons\u00e1gos \u00e9s minden nap haszn\u00e1lhat\u00f3. 100%-os hat\u00e9konys\u00e1g\u00e1t klinikai vizsg\u00e1lat igazolja.<\/p>\n<p>A klinikai tesztek sor\u00e1n az Active Luxe szem\u00f6ld\u00f6kn\u00f6veszt\u0151 sz\u00e9rummal a szem\u00f6ld\u00f6k s\u0171r\u0171bb\u00e9 v\u00e1lt, \u00edgy teltebbnek, vastagabbnak \u00e9s s\u00f6t\u00e9tebbnek t\u0171nt.<\/p>\n<p>Az Active Luxe szem\u00f6ld\u00f6kn\u00f6veszt\u0151 sz\u00e9rum innovat\u00edv formul\u00e1j\u00e1nak k\u00f6sz\u00f6nhet\u0151en nem csak a szem\u00f6ld\u00f6k\u00f6t vastag\u00edtja, hanem megakad\u00e1lyozza a szem\u00f6ld\u00f6k kihull\u00e1s\u00e1t \u00e9s a sz\u00e1lak t\u00f6redez\u00e9s\u00e9t is.<\/p>\n<p><span data-sheets-root=\"1\" data-sheets-value=\"{&quot;1&quot;:2,&quot;2&quot;:&quot;Az Active Luxe szem\u00f6ld\u00f6kn\u00f6veszt\u0151 sz\u00e9rumot \u00e9rz\u00e9keny b\u0151r\u0171ek is biztons\u00e1ggal haszn\u00e1lhatj\u00e1k.&quot;}\" data-sheets-userformat=\"{&quot;2&quot;:14721,&quot;3&quot;:{&quot;1&quot;:0,&quot;3&quot;:1},&quot;10&quot;:0,&quot;11&quot;:4,&quot;14&quot;:{&quot;1&quot;:2,&quot;2&quot;:0},&quot;15&quot;:&quot;Arial&quot;,&quot;16&quot;:10}\">Az Active Luxe szem\u00f6ld\u00f6kn\u00f6veszt\u0151 sz\u00e9rumot \u00e9rz\u00e9keny b\u0151r\u0171ek is biztons\u00e1ggal haszn\u00e1lhatj\u00e1k.<\/span><\/p>\n<h2 style=\"text-align: center; clear: both;\"><\/h2>\n<h2><span data-sheets-root=\"1\" data-sheets-value=\"{&quot;1&quot;:2,&quot;2&quot;:&quot;Ne brini ako si nespretno po\u010dupala obrve&quot;}\" data-sheets-userformat=\"{&quot;2&quot;:23425,&quot;3&quot;:{&quot;1&quot;:0},&quot;10&quot;:0,&quot;11&quot;:4,&quot;12&quot;:0,&quot;14&quot;:{&quot;1&quot;:2,&quot;2&quot;:16739585},&quot;15&quot;:&quot;Arial&quot;,&quot;17&quot;:1}\"><img loading=\"lazy\" decoding=\"async\" class=\" wp-image-84747 alignright\" src=\"https:\/\/activeluxe-cosmetics.com\/hu\/wp-content\/uploads\/2024\/01\/brow-serum-460x575.png\" alt=\"\" width=\"412\" height=\"515\" srcset=\"https:\/\/activeluxe-cosmetics.com\/hu\/wp-content\/uploads\/2024\/01\/brow-serum-460x575.png 460w, https:\/\/activeluxe-cosmetics.com\/hu\/wp-content\/uploads\/2024\/01\/brow-serum-819x1024.png 819w, https:\/\/activeluxe-cosmetics.com\/hu\/wp-content\/uploads\/2024\/01\/brow-serum-768x960.png 768w, https:\/\/activeluxe-cosmetics.com\/hu\/wp-content\/uploads\/2024\/01\/brow-serum-600x750.png 600w, https:\/\/activeluxe-cosmetics.com\/hu\/wp-content\/uploads\/2024\/01\/brow-serum.png 1080w\" sizes=\"auto, (max-width: 412px) 100vw, 412px\" \/><strong>Ha t\u00fal sok\u00e1ig form\u00e1ztad a szem\u00f6ld\u00f6k\u00f6d<\/strong>, \u00e9s m\u00e1r nem n\u0151 megfelel\u0151en &#8211; van megold\u00e1s!<\/span><\/h2>\n<p>T\u00f6bb\u00e9 nem kell k\u00e9s\u0151 este a szem\u00f6ld\u00f6k\u00f6ddel foglalkoznod vagy egy kozmetikai szalonban fizetned a dr\u00e1ga kezel\u00e9sek\u00e9rt!<\/p>\n<p>Ha t\u00fal sok\u00e1ig t\u00e9pkedted a szem\u00f6ld\u00f6k\u00f6det \u00e9s m\u00e1r nem n\u0151 megfelel\u0151en, az Active Luxe szem\u00f6ld\u00f6kn\u00f6veszt\u0151 sz\u00e9rum akt\u00edv \u00f6sszetev\u0151ivel serkentheted a sz\u00e1lak n\u00f6veked\u00e9s\u00e9t \u00e9s v\u00e9gleg megszabadulhatsz az aszimmetrikus, ritka \u00e9s v\u00e9kony szem\u00f6ld\u00f6kt\u0151l.<\/p>\n<p>Az Active Luxe szem\u00f6ld\u00f6kn\u00f6veszt\u0151 sz\u00e9rum akt\u00edv \u00f6sszetev\u0151i t\u00e1pl\u00e1lj\u00e1k \u00e9s er\u0151s\u00edtik a szem\u00f6ld\u00f6k\u00f6t, serkentik a n\u00f6veked\u00e9st m\u00e9g azokon a ter\u00fcleteken is, ahol t\u00fal gyakran szedted, \u00e9s seg\u00edtenek tov\u00e1bb\u00e1 a kor\u00e1bbi aszimmetrikus szem\u00f6ld\u00f6kforma korrig\u00e1l\u00e1s\u00e1ban.<\/p>\n<ul>\n<li>A koncentr\u00e1lt formula klinikailag bizony\u00edtottan serkenti a szem\u00f6ld\u00f6k n\u00f6veked\u00e9s\u00e9t<\/li>\n<li>A szem\u00f6ld\u00f6k m\u00e9g azokon a ter\u00fcleteken is elkezd n\u0151ni, ahol a t\u00fal gyakori szed\u00e9s miatt m\u00e1r nem n\u0151nek a sz\u00e1lak<\/li>\n<li>Serkenti a szem\u00f6ld\u00f6k n\u00f6veked\u00e9s\u00e9t, mind\u00f6ssze 2 h\u00e1t alatt er\u0151s\u00edti, vastag\u00edtja \u00e9s t\u00e1pl\u00e1lja a szem\u00f6ld\u00f6k\u00f6t<\/li>\n<li>4 h\u00e9t alatt m\u00e1r \u00e9rezhet\u0151 a hat\u00e1sa \u00e9s csup\u00e1n lefekv\u00e9s el\u0151tt kell haszn\u00e1lni.<\/li>\n<\/ul>\n<p>&nbsp;<\/p>\n<div style=\"display: flex; align-items: center; gap: 20px; flex-wrap: wrap;\">\n<p style=\"max-width: 360px;\">\n<\/div>\n","protected":false},"excerpt":{"rendered":"<p><span data-sheets-root=\"1\" data-sheets-value=\"{&quot;1&quot;:2,&quot;2&quot;:&quot;Term\u00e9szetesen vastagabb szem\u00f6ld\u00f6k, csup\u00e1n n\u00e9h\u00e1ny h\u00e9t alatt. Klinikailag tesztelt.&quot;}\" data-sheets-userformat=\"{&quot;2&quot;:14721,&quot;3&quot;:{&quot;1&quot;:0,&quot;3&quot;:1},&quot;10&quot;:0,&quot;11&quot;:4,&quot;14&quot;:{&quot;1&quot;:2,&quot;2&quot;:0},&quot;15&quot;:&quot;Arial&quot;,&quot;16&quot;:10}\">Term\u00e9szetesen vastagabb szem\u00f6ld\u00f6k, csup\u00e1n n\u00e9h\u00e1ny h\u00e9t alatt. Klinikailag tesztelt.<\/span><\/p>\n","protected":false},"featured_media":81531,"comment_status":"open","ping_status":"closed","template":"","meta":[],"product_brand":[],"product_cat":[52,95],"product_tag":[],"class_list":{"0":"post-72188","1":"product","2":"type-product","3":"status-publish","4":"has-post-thumbnail","6":"product_cat-szemoldok","7":"product_cat-szerumok-szemoldok","9":"first","10":"instock","11":"sale","12":"taxable","13":"shipping-taxable","14":"purchasable","15":"product-type-variable"},"bundled_by":[],"bundle_stock_status":"instock","bundle_stock_quantity":null,"bundle_virtual":false,"bundle_layout":"","bundle_add_to_cart_form_location":"","bundle_editable_in_cart":false,"bundle_sold_individually_context":"","bundle_item_grouping":"","bundle_min_size":"","bundle_max_size":"","bundled_items":[],"acf":[],"yoast_head":"<!-- This site is optimized with the Yoast SEO plugin v26.5 - https:\/\/yoast.com\/wordpress\/plugins\/seo\/ -->\n<title>Szem\u00f6ld\u00f6kn\u00f6veszt\u0151 sz\u00e9rum a szem\u00f6ld\u00f6k n\u00f6veked\u00e9s\u00e9he<\/title>\n<meta name=\"description\" content=\"Sz\u00e9rum a szem\u00f6ld\u00f6kn\u00f6veszt\u00e9shez Active Luxe szem\u00f6ld\u00f6kn\u00f6veszt\u0151 sz\u00e9rum szem\u00f6ld\u00f6k\u00f6d \u00fajra s\u0171r\u0171 \u00e9s term\u00e9szetes lesz. A megold\u00e1s a t\u00fal ritka szem\u00f6ld\u00f6kre. L\u00e1that\u00f3 eredm\u00e9nyek m\u00e1r n\u00e9h\u00e1ny h\u00e9t alatt.\" \/>\n<meta name=\"robots\" content=\"noindex, follow, max-snippet:-1, max-image-preview:large, max-video-preview:-1\" \/>\n<meta property=\"og:locale\" content=\"hu_HU\" \/>\n<meta property=\"og:type\" content=\"article\" \/>\n<meta property=\"og:title\" content=\"Szem\u00f6ld\u00f6kn\u00f6veszt\u0151 sz\u00e9rum a szem\u00f6ld\u00f6k n\u00f6veked\u00e9s\u00e9he\" \/>\n<meta property=\"og:description\" content=\"Sz\u00e9rum a szem\u00f6ld\u00f6kn\u00f6veszt\u00e9shez Active Luxe szem\u00f6ld\u00f6kn\u00f6veszt\u0151 sz\u00e9rum szem\u00f6ld\u00f6k\u00f6d \u00fajra s\u0171r\u0171 \u00e9s term\u00e9szetes lesz. A megold\u00e1s a t\u00fal ritka szem\u00f6ld\u00f6kre. L\u00e1that\u00f3 eredm\u00e9nyek m\u00e1r n\u00e9h\u00e1ny h\u00e9t alatt.\" \/>\n<meta property=\"og:url\" content=\"https:\/\/activeluxe-cosmetics.com\/hu\/termek\/szemoldoknoveszto-szerum\/\" \/>\n<meta property=\"og:site_name\" content=\"Active Luxe Cosmetics\" \/>\n<meta property=\"article:modified_time\" content=\"2025-04-18T08:50:32+00:00\" \/>\n<meta property=\"og:image\" content=\"https:\/\/activeluxe-cosmetics.com\/hu\/wp-content\/uploads\/2024\/01\/Brow_serum.jpg\" \/>\n\t<meta property=\"og:image:width\" content=\"783\" \/>\n\t<meta property=\"og:image:height\" content=\"995\" \/>\n\t<meta property=\"og:image:type\" content=\"image\/jpeg\" \/>\n<meta name=\"twitter:card\" content=\"summary_large_image\" \/>\n<meta name=\"twitter:label1\" content=\"Becs\u00fclt olvas\u00e1si id\u0151\" \/>\n\t<meta name=\"twitter:data1\" content=\"3 perc\" \/>\n<script type=\"application\/ld+json\" class=\"yoast-schema-graph\">{\"@context\":\"https:\/\/schema.org\",\"@graph\":[{\"@type\":\"WebPage\",\"@id\":\"https:\/\/activeluxe-cosmetics.com\/hu\/termek\/szemoldoknoveszto-szerum\/\",\"url\":\"https:\/\/activeluxe-cosmetics.com\/hu\/termek\/szemoldoknoveszto-szerum\/\",\"name\":\"Szem\u00f6ld\u00f6kn\u00f6veszt\u0151 sz\u00e9rum a szem\u00f6ld\u00f6k n\u00f6veked\u00e9s\u00e9he\",\"isPartOf\":{\"@id\":\"https:\/\/activeluxe-cosmetics.com\/hu\/#website\"},\"primaryImageOfPage\":{\"@id\":\"https:\/\/activeluxe-cosmetics.com\/hu\/termek\/szemoldoknoveszto-szerum\/#primaryimage\"},\"image\":{\"@id\":\"https:\/\/activeluxe-cosmetics.com\/hu\/termek\/szemoldoknoveszto-szerum\/#primaryimage\"},\"thumbnailUrl\":\"https:\/\/activeluxe-cosmetics.com\/hu\/wp-content\/uploads\/2024\/01\/Brow_serum.jpg\",\"datePublished\":\"2024-01-10T14:17:54+00:00\",\"dateModified\":\"2025-04-18T08:50:32+00:00\",\"description\":\"Sz\u00e9rum a szem\u00f6ld\u00f6kn\u00f6veszt\u00e9shez Active Luxe szem\u00f6ld\u00f6kn\u00f6veszt\u0151 sz\u00e9rum szem\u00f6ld\u00f6k\u00f6d \u00fajra s\u0171r\u0171 \u00e9s term\u00e9szetes lesz. A megold\u00e1s a t\u00fal ritka szem\u00f6ld\u00f6kre. L\u00e1that\u00f3 eredm\u00e9nyek m\u00e1r n\u00e9h\u00e1ny h\u00e9t alatt.\",\"breadcrumb\":{\"@id\":\"https:\/\/activeluxe-cosmetics.com\/hu\/termek\/szemoldoknoveszto-szerum\/#breadcrumb\"},\"inLanguage\":\"hu\",\"potentialAction\":[{\"@type\":\"ReadAction\",\"target\":[\"https:\/\/activeluxe-cosmetics.com\/hu\/termek\/szemoldoknoveszto-szerum\/\"]}]},{\"@type\":\"ImageObject\",\"inLanguage\":\"hu\",\"@id\":\"https:\/\/activeluxe-cosmetics.com\/hu\/termek\/szemoldoknoveszto-szerum\/#primaryimage\",\"url\":\"https:\/\/activeluxe-cosmetics.com\/hu\/wp-content\/uploads\/2024\/01\/Brow_serum.jpg\",\"contentUrl\":\"https:\/\/activeluxe-cosmetics.com\/hu\/wp-content\/uploads\/2024\/01\/Brow_serum.jpg\",\"width\":783,\"height\":995},{\"@type\":\"BreadcrumbList\",\"@id\":\"https:\/\/activeluxe-cosmetics.com\/hu\/termek\/szemoldoknoveszto-szerum\/#breadcrumb\",\"itemListElement\":[{\"@type\":\"ListItem\",\"position\":1,\"name\":\"C\u00edmlap\",\"item\":\"https:\/\/activeluxe-cosmetics.com\/hu\/\"},{\"@type\":\"ListItem\",\"position\":2,\"name\":\"\u00dczlet\",\"item\":\"https:\/\/activeluxe-cosmetics.com\/hu\/uzlet\/\"},{\"@type\":\"ListItem\",\"position\":3,\"name\":\"Szem\u00f6ld\u00f6kn\u00f6veszt\u0151 sz\u00e9rum\"}]},{\"@type\":\"WebSite\",\"@id\":\"https:\/\/activeluxe-cosmetics.com\/hu\/#website\",\"url\":\"https:\/\/activeluxe-cosmetics.com\/hu\/\",\"name\":\"Active Luxe Cosmetics\",\"description\":\"\",\"potentialAction\":[{\"@type\":\"SearchAction\",\"target\":{\"@type\":\"EntryPoint\",\"urlTemplate\":\"https:\/\/activeluxe-cosmetics.com\/hu\/?s={search_term_string}\"},\"query-input\":{\"@type\":\"PropertyValueSpecification\",\"valueRequired\":true,\"valueName\":\"search_term_string\"}}],\"inLanguage\":\"hu\"}]}<\/script>\n<!-- \/ Yoast SEO plugin. -->","yoast_head_json":{"title":"Szem\u00f6ld\u00f6kn\u00f6veszt\u0151 sz\u00e9rum a szem\u00f6ld\u00f6k n\u00f6veked\u00e9s\u00e9he","description":"Sz\u00e9rum a szem\u00f6ld\u00f6kn\u00f6veszt\u00e9shez Active Luxe szem\u00f6ld\u00f6kn\u00f6veszt\u0151 sz\u00e9rum szem\u00f6ld\u00f6k\u00f6d \u00fajra s\u0171r\u0171 \u00e9s term\u00e9szetes lesz. A megold\u00e1s a t\u00fal ritka szem\u00f6ld\u00f6kre. L\u00e1that\u00f3 eredm\u00e9nyek m\u00e1r n\u00e9h\u00e1ny h\u00e9t alatt.","robots":{"index":"noindex","follow":"follow","max-snippet":"max-snippet:-1","max-image-preview":"max-image-preview:large","max-video-preview":"max-video-preview:-1"},"og_locale":"hu_HU","og_type":"article","og_title":"Szem\u00f6ld\u00f6kn\u00f6veszt\u0151 sz\u00e9rum a szem\u00f6ld\u00f6k n\u00f6veked\u00e9s\u00e9he","og_description":"Sz\u00e9rum a szem\u00f6ld\u00f6kn\u00f6veszt\u00e9shez Active Luxe szem\u00f6ld\u00f6kn\u00f6veszt\u0151 sz\u00e9rum szem\u00f6ld\u00f6k\u00f6d \u00fajra s\u0171r\u0171 \u00e9s term\u00e9szetes lesz. A megold\u00e1s a t\u00fal ritka szem\u00f6ld\u00f6kre. L\u00e1that\u00f3 eredm\u00e9nyek m\u00e1r n\u00e9h\u00e1ny h\u00e9t alatt.","og_url":"https:\/\/activeluxe-cosmetics.com\/hu\/termek\/szemoldoknoveszto-szerum\/","og_site_name":"Active Luxe Cosmetics","article_modified_time":"2025-04-18T08:50:32+00:00","og_image":[{"width":783,"height":995,"url":"https:\/\/activeluxe-cosmetics.com\/hu\/wp-content\/uploads\/2024\/01\/Brow_serum.jpg","type":"image\/jpeg"}],"twitter_card":"summary_large_image","twitter_misc":{"Becs\u00fclt olvas\u00e1si id\u0151":"3 perc"},"schema":{"@context":"https:\/\/schema.org","@graph":[{"@type":"WebPage","@id":"https:\/\/activeluxe-cosmetics.com\/hu\/termek\/szemoldoknoveszto-szerum\/","url":"https:\/\/activeluxe-cosmetics.com\/hu\/termek\/szemoldoknoveszto-szerum\/","name":"Szem\u00f6ld\u00f6kn\u00f6veszt\u0151 sz\u00e9rum a szem\u00f6ld\u00f6k n\u00f6veked\u00e9s\u00e9he","isPartOf":{"@id":"https:\/\/activeluxe-cosmetics.com\/hu\/#website"},"primaryImageOfPage":{"@id":"https:\/\/activeluxe-cosmetics.com\/hu\/termek\/szemoldoknoveszto-szerum\/#primaryimage"},"image":{"@id":"https:\/\/activeluxe-cosmetics.com\/hu\/termek\/szemoldoknoveszto-szerum\/#primaryimage"},"thumbnailUrl":"https:\/\/activeluxe-cosmetics.com\/hu\/wp-content\/uploads\/2024\/01\/Brow_serum.jpg","datePublished":"2024-01-10T14:17:54+00:00","dateModified":"2025-04-18T08:50:32+00:00","description":"Sz\u00e9rum a szem\u00f6ld\u00f6kn\u00f6veszt\u00e9shez Active Luxe szem\u00f6ld\u00f6kn\u00f6veszt\u0151 sz\u00e9rum szem\u00f6ld\u00f6k\u00f6d \u00fajra s\u0171r\u0171 \u00e9s term\u00e9szetes lesz. A megold\u00e1s a t\u00fal ritka szem\u00f6ld\u00f6kre. L\u00e1that\u00f3 eredm\u00e9nyek m\u00e1r n\u00e9h\u00e1ny h\u00e9t alatt.","breadcrumb":{"@id":"https:\/\/activeluxe-cosmetics.com\/hu\/termek\/szemoldoknoveszto-szerum\/#breadcrumb"},"inLanguage":"hu","potentialAction":[{"@type":"ReadAction","target":["https:\/\/activeluxe-cosmetics.com\/hu\/termek\/szemoldoknoveszto-szerum\/"]}]},{"@type":"ImageObject","inLanguage":"hu","@id":"https:\/\/activeluxe-cosmetics.com\/hu\/termek\/szemoldoknoveszto-szerum\/#primaryimage","url":"https:\/\/activeluxe-cosmetics.com\/hu\/wp-content\/uploads\/2024\/01\/Brow_serum.jpg","contentUrl":"https:\/\/activeluxe-cosmetics.com\/hu\/wp-content\/uploads\/2024\/01\/Brow_serum.jpg","width":783,"height":995},{"@type":"BreadcrumbList","@id":"https:\/\/activeluxe-cosmetics.com\/hu\/termek\/szemoldoknoveszto-szerum\/#breadcrumb","itemListElement":[{"@type":"ListItem","position":1,"name":"C\u00edmlap","item":"https:\/\/activeluxe-cosmetics.com\/hu\/"},{"@type":"ListItem","position":2,"name":"\u00dczlet","item":"https:\/\/activeluxe-cosmetics.com\/hu\/uzlet\/"},{"@type":"ListItem","position":3,"name":"Szem\u00f6ld\u00f6kn\u00f6veszt\u0151 sz\u00e9rum"}]},{"@type":"WebSite","@id":"https:\/\/activeluxe-cosmetics.com\/hu\/#website","url":"https:\/\/activeluxe-cosmetics.com\/hu\/","name":"Active Luxe Cosmetics","description":"","potentialAction":[{"@type":"SearchAction","target":{"@type":"EntryPoint","urlTemplate":"https:\/\/activeluxe-cosmetics.com\/hu\/?s={search_term_string}"},"query-input":{"@type":"PropertyValueSpecification","valueRequired":true,"valueName":"search_term_string"}}],"inLanguage":"hu"}]}},"_links":{"self":[{"href":"https:\/\/activeluxe-cosmetics.com\/hu\/wp-json\/wp\/v2\/product\/72188","targetHints":{"allow":["GET"]}}],"collection":[{"href":"https:\/\/activeluxe-cosmetics.com\/hu\/wp-json\/wp\/v2\/product"}],"about":[{"href":"https:\/\/activeluxe-cosmetics.com\/hu\/wp-json\/wp\/v2\/types\/product"}],"replies":[{"embeddable":true,"href":"https:\/\/activeluxe-cosmetics.com\/hu\/wp-json\/wp\/v2\/comments?post=72188"}],"wp:featuredmedia":[{"embeddable":true,"href":"https:\/\/activeluxe-cosmetics.com\/hu\/wp-json\/wp\/v2\/media\/81531"}],"wp:attachment":[{"href":"https:\/\/activeluxe-cosmetics.com\/hu\/wp-json\/wp\/v2\/media?parent=72188"}],"wp:term":[{"taxonomy":"product_brand","embeddable":true,"href":"https:\/\/activeluxe-cosmetics.com\/hu\/wp-json\/wp\/v2\/product_brand?post=72188"},{"taxonomy":"product_cat","embeddable":true,"href":"https:\/\/activeluxe-cosmetics.com\/hu\/wp-json\/wp\/v2\/product_cat?post=72188"},{"taxonomy":"product_tag","embeddable":true,"href":"https:\/\/activeluxe-cosmetics.com\/hu\/wp-json\/wp\/v2\/product_tag?post=72188"}],"curies":[{"name":"wp","href":"https:\/\/api.w.org\/{rel}","templated":true}]}}