{"id":72185,"date":"2024-01-10T15:17:54","date_gmt":"2024-01-10T14:17:54","guid":{"rendered":"https:\/\/activeluxe-cosmetics.com\/hu\/?post_type=product&#038;p=72185"},"modified":"2024-12-03T15:04:26","modified_gmt":"2024-12-03T15:04:26","slug":"wild-lash-szempillaspiral-alapozo","status":"publish","type":"product","link":"https:\/\/activeluxe-cosmetics.com\/hu\/termek\/wild-lash-szempillaspiral-alapozo\/","title":{"rendered":"Wild Lash szempillaspir\u00e1l alapoz\u00f3"},"content":{"rendered":"<p><img loading=\"lazy\" decoding=\"async\" class=\" wp-image-84065 alignright\" src=\"https:\/\/activeluxe-cosmetics.com\/hu\/wp-content\/uploads\/2024\/01\/Izdelek-brez-naslova-45-1-460x575.png\" alt=\"\" width=\"440\" height=\"550\" srcset=\"https:\/\/activeluxe-cosmetics.com\/hu\/wp-content\/uploads\/2024\/01\/Izdelek-brez-naslova-45-1-460x575.png 460w, https:\/\/activeluxe-cosmetics.com\/hu\/wp-content\/uploads\/2024\/01\/Izdelek-brez-naslova-45-1-819x1024.png 819w, https:\/\/activeluxe-cosmetics.com\/hu\/wp-content\/uploads\/2024\/01\/Izdelek-brez-naslova-45-1-768x960.png 768w, https:\/\/activeluxe-cosmetics.com\/hu\/wp-content\/uploads\/2024\/01\/Izdelek-brez-naslova-45-1-600x750.png 600w, https:\/\/activeluxe-cosmetics.com\/hu\/wp-content\/uploads\/2024\/01\/Izdelek-brez-naslova-45-1.png 1080w\" sizes=\"auto, (max-width: 440px) 100vw, 440px\" \/><\/p>\n<h2><span data-sheets-root=\"1\" data-sheets-value=\"{&quot;1&quot;:2,&quot;2&quot;:&quot;Szempillaspir\u00e1llal nem siker\u00fcl el\u00e9rned a k\u00edv\u00e1nt hat\u00e1st? Ez a hi\u00e1nyz\u00f3 l\u00e9p\u00e9s, amit kerest\u00e9l! &quot;}\" data-sheets-userformat=\"{&quot;2&quot;:31105,&quot;3&quot;:{&quot;1&quot;:0,&quot;3&quot;:1},&quot;10&quot;:0,&quot;11&quot;:4,&quot;14&quot;:{&quot;1&quot;:2,&quot;2&quot;:0},&quot;15&quot;:&quot;Arial&quot;,&quot;16&quot;:10,&quot;17&quot;:1}\">Szempillaspir\u00e1llal nem siker\u00fcl el\u00e9rned a k\u00edv\u00e1nt hat\u00e1st? <strong>Ez a hi\u00e1nyz\u00f3 l\u00e9p\u00e9s, amit kerest\u00e9l! <\/strong><\/span><\/h2>\n<p>Sok\u00e1ig tart felvinni a szempillaspir\u00e1lt? A szempillaspir\u00e1l \u00f6sszeragad, elken\u0151dik a szemed k\u00f6r\u00fcl, elrontja a sminkedet \u00e9s m\u00e1r am\u00fagy is k\u00e9s\u00e9ben vagy? Ismer\u0151s helyzet, igaz?<\/p>\n<p>\u00cdme a megold\u00e1s: A Wild Lash szempillaspir\u00e1l alapoz\u00f3 \u00e9s \u00e1pol\u00f3.<\/p>\n<ul>\n<li>A szempill\u00e1kat kisim\u00edtja \u00e9s sz\u00e9tv\u00e1lasztja, \u00edgy a szempillaspir\u00e1l haszn\u00e1lata m\u00e1r egyszer\u0171bb lesz. A t\u00e1pl\u00e1l\u00f3 formula minden egyes pill\u00e1t d\u00fas\u00edt, \u00e1pol \u00e9s meghosszabb\u00edt.<\/li>\n<li>Kisim\u00edtja, kiemeli, \u00edveli \u00e9s el\u0151k\u00e9sz\u00edti a szempill\u00e1kat a szempillaspir\u00e1l haszn\u00e1lat\u00e1ra<\/li>\n<li>Er\u0151s\u00edti \u00e9s t\u00e1pl\u00e1lja a szempillat\u00f6vet<\/li>\n<li>V\u00e9di \u00e9s t\u00e1pl\u00e1lja a szempill\u00e1kat, mik\u00f6zben jav\u00edtja a pill\u00e1k szerkezet\u00e9t<\/li>\n<\/ul>\n<p><span data-sheets-root=\"1\" data-sheets-value=\"{&quot;1&quot;:2,&quot;2&quot;:&quot;Lefekv\u00e9s el\u0151tt \u00f6nmag\u00e1ban, szempilla\u00e1pol\u00f3k\u00e9nt is haszn\u00e1lhat\u00f3&quot;}\" data-sheets-userformat=\"{&quot;2&quot;:14721,&quot;3&quot;:{&quot;1&quot;:0,&quot;3&quot;:1},&quot;10&quot;:0,&quot;11&quot;:4,&quot;14&quot;:{&quot;1&quot;:2,&quot;2&quot;:0},&quot;15&quot;:&quot;Arial&quot;,&quot;16&quot;:10}\">Lefekv\u00e9s el\u0151tt \u00f6nmag\u00e1ban, szempilla\u00e1pol\u00f3k\u00e9nt is haszn\u00e1lhat\u00f3<\/span><\/p>\n<h2 style=\"text-align: center; clear: both;\"><\/h2>\n<p>&nbsp;<\/p>\n<p><img loading=\"lazy\" decoding=\"async\" class=\"wp-image-72267 alignleft\" src=\"https:\/\/activeluxe-cosmetics.com\/hu\/wp-content\/uploads\/2024\/01\/katarina_trepke-1-1-460x460.png\" alt=\"\" width=\"440\" height=\"440\" srcset=\"https:\/\/activeluxe-cosmetics.com\/hu\/wp-content\/uploads\/2024\/01\/katarina_trepke-1-1-460x460.png 460w, https:\/\/activeluxe-cosmetics.com\/hu\/wp-content\/uploads\/2024\/01\/katarina_trepke-1-1-100x100.png 100w, https:\/\/activeluxe-cosmetics.com\/hu\/wp-content\/uploads\/2024\/01\/katarina_trepke-1-1-600x600.png 600w, https:\/\/activeluxe-cosmetics.com\/hu\/wp-content\/uploads\/2024\/01\/katarina_trepke-1-1-150x150.png 150w, https:\/\/activeluxe-cosmetics.com\/hu\/wp-content\/uploads\/2024\/01\/katarina_trepke-1-1-768x768.png 768w, https:\/\/activeluxe-cosmetics.com\/hu\/wp-content\/uploads\/2024\/01\/katarina_trepke-1-1-1024x1024.png 1024w, https:\/\/activeluxe-cosmetics.com\/hu\/wp-content\/uploads\/2024\/01\/katarina_trepke-1-1-300x300.png 300w, https:\/\/activeluxe-cosmetics.com\/hu\/wp-content\/uploads\/2024\/01\/katarina_trepke-1-1.png 1080w\" sizes=\"auto, (max-width: 440px) 100vw, 440px\" \/><\/p>\n<h2><strong>Az egyetlen szempillaspir\u00e1l alapoz\u00f3,<\/strong> amely a szempill\u00e1k n\u00f6veked\u00e9s\u00e9re is hat\u00e1ssal van<\/h2>\n<p>A Wild Lash az egyetlen szempillaspir\u00e1l alapoz\u00f3, amely a szempill\u00e1k n\u00f6veked\u00e9s\u00e9t is el\u0151seg\u00edti, mik\u00f6zben \u00e1pol \u00e9s v\u00e9d a kihull\u00e1s ellen!<\/p>\n<p>Az alapoz\u00f3 innovat\u00edv formul\u00e1ja serkenti \u00e9s er\u0151s\u00edti a szempilla t\u00fcsz\u0151ket. Klinikai kutat\u00e1sok eredm\u00e9nyei szerint a term\u00e9k rendszeres haszn\u00e1lata eset\u00e9n a szempill\u00e1k a megszokottn\u00e1l 2,6-szor gyorsabban n\u0151nek!<\/p>\n<p>Az alapoz\u00f3 tov\u00e1bbi el\u0151nye t\u00e1pl\u00e1l\u00f3 hat\u00e1sa &#8211; a szempill\u00e1kat m\u00e9lyen t\u00e1pl\u00e1lja \u00e9s helyre\u00e1ll\u00edtja. \u00d6sszetev\u0151i er\u0151s\u00edtik a szempilla t\u00fcsz\u0151ket. A jojobaolaj, napraforg\u00f3olaj \u00e9s shea vaj egy\u00fcttese m\u00e9lyen t\u00e1pl\u00e1lja a szempill\u00e1kat, megtartva rugalmass\u00e1gukat \u00e9s erej\u00fcket.<\/p>\n<h2 style=\"text-align: center; clear: both;\"><\/h2>\n<p><img loading=\"lazy\" decoding=\"async\" class=\"wp-image-80610 alignright\" src=\"https:\/\/activeluxe-cosmetics.com\/hu\/wp-content\/uploads\/2024\/01\/Group-342-2-460x589.jpg\" alt=\"\" width=\"440\" height=\"563\" srcset=\"https:\/\/activeluxe-cosmetics.com\/hu\/wp-content\/uploads\/2024\/01\/Group-342-2-460x589.jpg 460w, https:\/\/activeluxe-cosmetics.com\/hu\/wp-content\/uploads\/2024\/01\/Group-342-2.jpg 581w\" sizes=\"auto, (max-width: 440px) 100vw, 440px\" \/><\/p>\n<h2>Gondosan v\u00e1logatott \u00f6sszetev\u0151k a<strong> szempill\u00e1k t\u00f6k\u00e9letes \u00e1pol\u00e1s\u00e1hoz<\/strong><\/h2>\n<p>A gazdag, kr\u00e9mes formul\u00e1ban minden megtal\u00e1lhat\u00f3, amire a szempill\u00e1knak sz\u00fcks\u00e9ge van:<\/p>\n<ul>\n<li>kisim\u00edtja, kiemeli, \u00edveli \u00e9s el\u0151k\u00e9sz\u00edti a szempill\u00e1kat a szempillaspir\u00e1l haszn\u00e1lat\u00e1ra<\/li>\n<li>azonnal, a szempillaspir\u00e1l haszn\u00e1lata el\u0151tt meghosszabb\u00edtja a pill\u00e1kat,<\/li>\n<li>el\u0151seg\u00edti a szempill\u00e1k n\u00f6veked\u00e9s\u00e9t &#8211; rendszeres haszn\u00e1lata eset\u00e9n a szempill\u00e1k a megszokottn\u00e1l 2,6-szor gyorsabban n\u0151nek,<\/li>\n<li>a szempill\u00e1k erej\u00e9t \u00e9s rugalmass\u00e1g\u00e1t biztos\u00edt\u00f3 kezel\u00e9s,<\/li>\n<li><span data-sheets-root=\"1\" data-sheets-value=\"{&quot;1&quot;:2,&quot;2&quot;:&quot;fokozza a szempillaspir\u00e1l hat\u00e1s\u00e1t&quot;}\">fokozza a szempillaspir\u00e1l hat\u00e1s\u00e1t<\/span><\/li>\n<\/ul>\n<p>&nbsp;<\/p>\n<p>&nbsp;<\/p>\n<h3 style=\"clear: both; max-width: 820px;\"><\/h3>\n<div style=\"display: flex; align-items: center; gap: 20px; flex-wrap: wrap;\">\n<p style=\"max-width: 360px;\">\n<\/div>\n","protected":false},"excerpt":{"rendered":"<p>A szempill\u00e1k n\u00f6veked\u00e9s\u00e9t el\u0151seg\u00edt\u0151 szempillaspir\u00e1l &#8211; a szempill\u00e1k a megszokottn\u00e1l 2,6-szor gyorsabban n\u0151nek<\/p>\n","protected":false},"featured_media":80611,"comment_status":"open","ping_status":"closed","template":"","meta":[],"product_brand":[],"product_cat":[48,77],"product_tag":[],"class_list":{"0":"post-72185","1":"product","2":"type-product","3":"status-publish","4":"has-post-thumbnail","6":"product_cat-szempillak","7":"product_cat-smink","9":"first","10":"instock","11":"taxable","12":"shipping-taxable","13":"purchasable","14":"product-type-simple"},"bundled_by":[],"bundle_stock_status":"instock","bundle_stock_quantity":null,"bundle_virtual":false,"bundle_layout":"","bundle_add_to_cart_form_location":"","bundle_editable_in_cart":false,"bundle_sold_individually_context":"","bundle_item_grouping":"","bundle_min_size":"","bundle_max_size":"","bundled_items":[],"acf":[],"yoast_head":"<!-- This site is optimized with the Yoast SEO plugin v26.5 - https:\/\/yoast.com\/wordpress\/plugins\/seo\/ -->\n<title>Az Active Luxe Wild Lash szempillaspir\u00e1l alapoz\u00f3 haszn\u00e1lata<\/title>\n<meta name=\"description\" content=\"Wild Lash szempillaspir\u00e1l alapoz\u00f3 az intenz\u00edvebb hat\u00e1s\u00e1\u00e9rt. Elv\u00e1lasztja \u00e9s meghosszabb\u00edtja a szempill\u00e1kat. Hat\u00e1ssal van a szempill\u00e1k n\u00f6veked\u00e9s\u00e9re. A szempill\u00e1k a megszokottn\u00e1l 2,6-szor gyorsabban n\u0151nek!\" \/>\n<meta name=\"robots\" content=\"noindex, follow, max-snippet:-1, max-image-preview:large, max-video-preview:-1\" \/>\n<meta property=\"og:locale\" content=\"hu_HU\" \/>\n<meta property=\"og:type\" content=\"article\" \/>\n<meta property=\"og:title\" content=\"Az Active Luxe Wild Lash szempillaspir\u00e1l alapoz\u00f3 haszn\u00e1lata\" \/>\n<meta property=\"og:description\" content=\"Wild Lash szempillaspir\u00e1l alapoz\u00f3 az intenz\u00edvebb hat\u00e1s\u00e1\u00e9rt. Elv\u00e1lasztja \u00e9s meghosszabb\u00edtja a szempill\u00e1kat. Hat\u00e1ssal van a szempill\u00e1k n\u00f6veked\u00e9s\u00e9re. A szempill\u00e1k a megszokottn\u00e1l 2,6-szor gyorsabban n\u0151nek!\" \/>\n<meta property=\"og:url\" content=\"https:\/\/activeluxe-cosmetics.com\/hu\/termek\/wild-lash-szempillaspiral-alapozo\/\" \/>\n<meta property=\"og:site_name\" content=\"Active Luxe Cosmetics\" \/>\n<meta property=\"article:modified_time\" content=\"2024-12-03T15:04:26+00:00\" \/>\n<meta property=\"og:image\" content=\"https:\/\/activeluxe-cosmetics.com\/hu\/wp-content\/uploads\/2024\/01\/Group-424.jpg\" \/>\n\t<meta property=\"og:image:width\" content=\"522\" \/>\n\t<meta property=\"og:image:height\" content=\"663\" \/>\n\t<meta property=\"og:image:type\" content=\"image\/jpeg\" \/>\n<meta name=\"twitter:card\" content=\"summary_large_image\" \/>\n<meta name=\"twitter:label1\" content=\"Becs\u00fclt olvas\u00e1si id\u0151\" \/>\n\t<meta name=\"twitter:data1\" content=\"3 perc\" \/>\n<script type=\"application\/ld+json\" class=\"yoast-schema-graph\">{\"@context\":\"https:\/\/schema.org\",\"@graph\":[{\"@type\":\"WebPage\",\"@id\":\"https:\/\/activeluxe-cosmetics.com\/hu\/termek\/wild-lash-szempillaspiral-alapozo\/\",\"url\":\"https:\/\/activeluxe-cosmetics.com\/hu\/termek\/wild-lash-szempillaspiral-alapozo\/\",\"name\":\"Az Active Luxe Wild Lash szempillaspir\u00e1l alapoz\u00f3 haszn\u00e1lata\",\"isPartOf\":{\"@id\":\"https:\/\/activeluxe-cosmetics.com\/hu\/#website\"},\"primaryImageOfPage\":{\"@id\":\"https:\/\/activeluxe-cosmetics.com\/hu\/termek\/wild-lash-szempillaspiral-alapozo\/#primaryimage\"},\"image\":{\"@id\":\"https:\/\/activeluxe-cosmetics.com\/hu\/termek\/wild-lash-szempillaspiral-alapozo\/#primaryimage\"},\"thumbnailUrl\":\"https:\/\/activeluxe-cosmetics.com\/hu\/wp-content\/uploads\/2024\/01\/Group-424.jpg\",\"datePublished\":\"2024-01-10T14:17:54+00:00\",\"dateModified\":\"2024-12-03T15:04:26+00:00\",\"description\":\"Wild Lash szempillaspir\u00e1l alapoz\u00f3 az intenz\u00edvebb hat\u00e1s\u00e1\u00e9rt. Elv\u00e1lasztja \u00e9s meghosszabb\u00edtja a szempill\u00e1kat. Hat\u00e1ssal van a szempill\u00e1k n\u00f6veked\u00e9s\u00e9re. A szempill\u00e1k a megszokottn\u00e1l 2,6-szor gyorsabban n\u0151nek!\",\"breadcrumb\":{\"@id\":\"https:\/\/activeluxe-cosmetics.com\/hu\/termek\/wild-lash-szempillaspiral-alapozo\/#breadcrumb\"},\"inLanguage\":\"hu\",\"potentialAction\":[{\"@type\":\"ReadAction\",\"target\":[\"https:\/\/activeluxe-cosmetics.com\/hu\/termek\/wild-lash-szempillaspiral-alapozo\/\"]}]},{\"@type\":\"ImageObject\",\"inLanguage\":\"hu\",\"@id\":\"https:\/\/activeluxe-cosmetics.com\/hu\/termek\/wild-lash-szempillaspiral-alapozo\/#primaryimage\",\"url\":\"https:\/\/activeluxe-cosmetics.com\/hu\/wp-content\/uploads\/2024\/01\/Group-424.jpg\",\"contentUrl\":\"https:\/\/activeluxe-cosmetics.com\/hu\/wp-content\/uploads\/2024\/01\/Group-424.jpg\",\"width\":522,\"height\":663},{\"@type\":\"BreadcrumbList\",\"@id\":\"https:\/\/activeluxe-cosmetics.com\/hu\/termek\/wild-lash-szempillaspiral-alapozo\/#breadcrumb\",\"itemListElement\":[{\"@type\":\"ListItem\",\"position\":1,\"name\":\"C\u00edmlap\",\"item\":\"https:\/\/activeluxe-cosmetics.com\/hu\/\"},{\"@type\":\"ListItem\",\"position\":2,\"name\":\"\u00dczlet\",\"item\":\"https:\/\/activeluxe-cosmetics.com\/hu\/uzlet\/\"},{\"@type\":\"ListItem\",\"position\":3,\"name\":\"Wild Lash szempillaspir\u00e1l alapoz\u00f3\"}]},{\"@type\":\"WebSite\",\"@id\":\"https:\/\/activeluxe-cosmetics.com\/hu\/#website\",\"url\":\"https:\/\/activeluxe-cosmetics.com\/hu\/\",\"name\":\"Active Luxe Cosmetics\",\"description\":\"\",\"potentialAction\":[{\"@type\":\"SearchAction\",\"target\":{\"@type\":\"EntryPoint\",\"urlTemplate\":\"https:\/\/activeluxe-cosmetics.com\/hu\/?s={search_term_string}\"},\"query-input\":{\"@type\":\"PropertyValueSpecification\",\"valueRequired\":true,\"valueName\":\"search_term_string\"}}],\"inLanguage\":\"hu\"}]}<\/script>\n<!-- \/ Yoast SEO plugin. -->","yoast_head_json":{"title":"Az Active Luxe Wild Lash szempillaspir\u00e1l alapoz\u00f3 haszn\u00e1lata","description":"Wild Lash szempillaspir\u00e1l alapoz\u00f3 az intenz\u00edvebb hat\u00e1s\u00e1\u00e9rt. Elv\u00e1lasztja \u00e9s meghosszabb\u00edtja a szempill\u00e1kat. Hat\u00e1ssal van a szempill\u00e1k n\u00f6veked\u00e9s\u00e9re. A szempill\u00e1k a megszokottn\u00e1l 2,6-szor gyorsabban n\u0151nek!","robots":{"index":"noindex","follow":"follow","max-snippet":"max-snippet:-1","max-image-preview":"max-image-preview:large","max-video-preview":"max-video-preview:-1"},"og_locale":"hu_HU","og_type":"article","og_title":"Az Active Luxe Wild Lash szempillaspir\u00e1l alapoz\u00f3 haszn\u00e1lata","og_description":"Wild Lash szempillaspir\u00e1l alapoz\u00f3 az intenz\u00edvebb hat\u00e1s\u00e1\u00e9rt. Elv\u00e1lasztja \u00e9s meghosszabb\u00edtja a szempill\u00e1kat. Hat\u00e1ssal van a szempill\u00e1k n\u00f6veked\u00e9s\u00e9re. A szempill\u00e1k a megszokottn\u00e1l 2,6-szor gyorsabban n\u0151nek!","og_url":"https:\/\/activeluxe-cosmetics.com\/hu\/termek\/wild-lash-szempillaspiral-alapozo\/","og_site_name":"Active Luxe Cosmetics","article_modified_time":"2024-12-03T15:04:26+00:00","og_image":[{"width":522,"height":663,"url":"https:\/\/activeluxe-cosmetics.com\/hu\/wp-content\/uploads\/2024\/01\/Group-424.jpg","type":"image\/jpeg"}],"twitter_card":"summary_large_image","twitter_misc":{"Becs\u00fclt olvas\u00e1si id\u0151":"3 perc"},"schema":{"@context":"https:\/\/schema.org","@graph":[{"@type":"WebPage","@id":"https:\/\/activeluxe-cosmetics.com\/hu\/termek\/wild-lash-szempillaspiral-alapozo\/","url":"https:\/\/activeluxe-cosmetics.com\/hu\/termek\/wild-lash-szempillaspiral-alapozo\/","name":"Az Active Luxe Wild Lash szempillaspir\u00e1l alapoz\u00f3 haszn\u00e1lata","isPartOf":{"@id":"https:\/\/activeluxe-cosmetics.com\/hu\/#website"},"primaryImageOfPage":{"@id":"https:\/\/activeluxe-cosmetics.com\/hu\/termek\/wild-lash-szempillaspiral-alapozo\/#primaryimage"},"image":{"@id":"https:\/\/activeluxe-cosmetics.com\/hu\/termek\/wild-lash-szempillaspiral-alapozo\/#primaryimage"},"thumbnailUrl":"https:\/\/activeluxe-cosmetics.com\/hu\/wp-content\/uploads\/2024\/01\/Group-424.jpg","datePublished":"2024-01-10T14:17:54+00:00","dateModified":"2024-12-03T15:04:26+00:00","description":"Wild Lash szempillaspir\u00e1l alapoz\u00f3 az intenz\u00edvebb hat\u00e1s\u00e1\u00e9rt. Elv\u00e1lasztja \u00e9s meghosszabb\u00edtja a szempill\u00e1kat. Hat\u00e1ssal van a szempill\u00e1k n\u00f6veked\u00e9s\u00e9re. A szempill\u00e1k a megszokottn\u00e1l 2,6-szor gyorsabban n\u0151nek!","breadcrumb":{"@id":"https:\/\/activeluxe-cosmetics.com\/hu\/termek\/wild-lash-szempillaspiral-alapozo\/#breadcrumb"},"inLanguage":"hu","potentialAction":[{"@type":"ReadAction","target":["https:\/\/activeluxe-cosmetics.com\/hu\/termek\/wild-lash-szempillaspiral-alapozo\/"]}]},{"@type":"ImageObject","inLanguage":"hu","@id":"https:\/\/activeluxe-cosmetics.com\/hu\/termek\/wild-lash-szempillaspiral-alapozo\/#primaryimage","url":"https:\/\/activeluxe-cosmetics.com\/hu\/wp-content\/uploads\/2024\/01\/Group-424.jpg","contentUrl":"https:\/\/activeluxe-cosmetics.com\/hu\/wp-content\/uploads\/2024\/01\/Group-424.jpg","width":522,"height":663},{"@type":"BreadcrumbList","@id":"https:\/\/activeluxe-cosmetics.com\/hu\/termek\/wild-lash-szempillaspiral-alapozo\/#breadcrumb","itemListElement":[{"@type":"ListItem","position":1,"name":"C\u00edmlap","item":"https:\/\/activeluxe-cosmetics.com\/hu\/"},{"@type":"ListItem","position":2,"name":"\u00dczlet","item":"https:\/\/activeluxe-cosmetics.com\/hu\/uzlet\/"},{"@type":"ListItem","position":3,"name":"Wild Lash szempillaspir\u00e1l alapoz\u00f3"}]},{"@type":"WebSite","@id":"https:\/\/activeluxe-cosmetics.com\/hu\/#website","url":"https:\/\/activeluxe-cosmetics.com\/hu\/","name":"Active Luxe Cosmetics","description":"","potentialAction":[{"@type":"SearchAction","target":{"@type":"EntryPoint","urlTemplate":"https:\/\/activeluxe-cosmetics.com\/hu\/?s={search_term_string}"},"query-input":{"@type":"PropertyValueSpecification","valueRequired":true,"valueName":"search_term_string"}}],"inLanguage":"hu"}]}},"_links":{"self":[{"href":"https:\/\/activeluxe-cosmetics.com\/hu\/wp-json\/wp\/v2\/product\/72185","targetHints":{"allow":["GET"]}}],"collection":[{"href":"https:\/\/activeluxe-cosmetics.com\/hu\/wp-json\/wp\/v2\/product"}],"about":[{"href":"https:\/\/activeluxe-cosmetics.com\/hu\/wp-json\/wp\/v2\/types\/product"}],"replies":[{"embeddable":true,"href":"https:\/\/activeluxe-cosmetics.com\/hu\/wp-json\/wp\/v2\/comments?post=72185"}],"wp:featuredmedia":[{"embeddable":true,"href":"https:\/\/activeluxe-cosmetics.com\/hu\/wp-json\/wp\/v2\/media\/80611"}],"wp:attachment":[{"href":"https:\/\/activeluxe-cosmetics.com\/hu\/wp-json\/wp\/v2\/media?parent=72185"}],"wp:term":[{"taxonomy":"product_brand","embeddable":true,"href":"https:\/\/activeluxe-cosmetics.com\/hu\/wp-json\/wp\/v2\/product_brand?post=72185"},{"taxonomy":"product_cat","embeddable":true,"href":"https:\/\/activeluxe-cosmetics.com\/hu\/wp-json\/wp\/v2\/product_cat?post=72185"},{"taxonomy":"product_tag","embeddable":true,"href":"https:\/\/activeluxe-cosmetics.com\/hu\/wp-json\/wp\/v2\/product_tag?post=72185"}],"curies":[{"name":"wp","href":"https:\/\/api.w.org\/{rel}","templated":true}]}}