{"id":72182,"date":"2024-01-10T15:17:54","date_gmt":"2024-01-10T14:17:54","guid":{"rendered":"https:\/\/activeluxe-cosmetics.com\/hu\/?post_type=product&#038;p=72182"},"modified":"2025-06-14T22:20:53","modified_gmt":"2025-06-14T22:20:53","slug":"szempillanoveszto-szerum","status":"publish","type":"product","link":"https:\/\/activeluxe-cosmetics.com\/hu\/termek\/szempillanoveszto-szerum\/","title":{"rendered":"Szempillasz\u00e9rum"},"content":{"rendered":"<p><img loading=\"lazy\" decoding=\"async\" class=\" wp-image-84054 alignright\" src=\"https:\/\/activeluxe-cosmetics.com\/hu\/wp-content\/uploads\/2024\/01\/Izdelek-brez-naslova-40-460x575.png\" alt=\"\" width=\"435\" height=\"544\" srcset=\"https:\/\/activeluxe-cosmetics.com\/hu\/wp-content\/uploads\/2024\/01\/Izdelek-brez-naslova-40-460x575.png 460w, https:\/\/activeluxe-cosmetics.com\/hu\/wp-content\/uploads\/2024\/01\/Izdelek-brez-naslova-40-819x1024.png 819w, https:\/\/activeluxe-cosmetics.com\/hu\/wp-content\/uploads\/2024\/01\/Izdelek-brez-naslova-40-768x960.png 768w, https:\/\/activeluxe-cosmetics.com\/hu\/wp-content\/uploads\/2024\/01\/Izdelek-brez-naslova-40-600x750.png 600w, https:\/\/activeluxe-cosmetics.com\/hu\/wp-content\/uploads\/2024\/01\/Izdelek-brez-naslova-40.png 1080w\" sizes=\"auto, (max-width: 435px) 100vw, 435px\" \/><\/p>\n<h2><strong>Sz\u00e9rum a pill\u00e1kra,<\/strong> ameddig a szem ell\u00e1t<\/h2>\n<p>Az <strong>Active Lash<\/strong> szempillan\u00f6veszt\u0151 sz\u00e9rum fejleszt\u0151i hozz\u00e1d hasonl\u00f3 n\u0151k &#8211; ez\u00e9rt ez az egyed\u00fcl\u00e1ll\u00f3 szempillan\u00f6veszt\u0151 formula val\u00f3ban kiz\u00e1r\u00f3lag gondosan megv\u00e1logatott, tesztelt, biztons\u00e1gos \u00e9s a hat\u00e9kony \u00f6sszetev\u0151ket tartalmaz.<\/p>\n<p>T\u00f6bb mint 200 000 el\u00e9gedett felhaszn\u00e1l\u00f3 igazolja a term\u00e9k fantasztikus eredm\u00e9nyeit csup\u00e1n 2 h\u00e9t haszn\u00e1lat ut\u00e1n. A szempill\u00e1k hosszabbak, vastagabbak, s\u00f6t\u00e9tebbek \u00e9s \u00edveltebbek lesznek. A tekinteted m\u00e9g \u00e1that\u00f3bb\u00e1 \u00e9s cs\u00e1b\u00edt\u00f3bb\u00e1 v\u00e1lik.<\/p>\n<ul>\n<li>Ak\u00e1r 50%-kal hosszabb \u00e9s d\u00fasabb szempill\u00e1k 14 nap alatt<\/li>\n<li>Ak\u00e1r 100%-kal hosszabb \u00e9s vastagabb szempill\u00e1k a kezel\u00e9s ut\u00e1n<\/li>\n<li>Ak\u00e1r 100%-kal s\u00f6t\u00e9tebb szempill\u00e1k<\/li>\n<li>Ak\u00e1r 73%-kal \u00edveltebb szempill\u00e1k<\/li>\n<\/ul>\n<p><a href=\"https:\/\/activeluxe-cosmetics.com\/hu\/wp-content\/uploads\/2025\/06\/eyelash_ruler_active_luxe.pdf\"><strong data-start=\"319\" data-end=\"353\">T\u00f6ltsd le a szempilla m\u00e9r\u0151det!<\/strong><\/a><br data-start=\"353\" data-end=\"356\" \/>K\u00f6nnyed\u00e9n nyomon k\u00f6vetheted a szempill\u00e1id hossz\u00e1t a sz\u00e9rum haszn\u00e1lata el\u0151tt \u00e9s ut\u00e1n. Nyomtasd ki, tartsd a szemedhez, \u00e9s jegyezd fel a fejl\u0151d\u00e9st \u2013 mert minden millim\u00e9ter sz\u00e1m\u00edt!<\/p>\n<h2 style=\"clear: both;\"><img loading=\"lazy\" decoding=\"async\" class=\" wp-image-84051 alignleft\" src=\"https:\/\/activeluxe-cosmetics.com\/hu\/wp-content\/uploads\/2024\/01\/Izdelek-brez-naslova-37-1-460x575.png\" alt=\"\" width=\"435\" height=\"544\" srcset=\"https:\/\/activeluxe-cosmetics.com\/hu\/wp-content\/uploads\/2024\/01\/Izdelek-brez-naslova-37-1-460x575.png 460w, https:\/\/activeluxe-cosmetics.com\/hu\/wp-content\/uploads\/2024\/01\/Izdelek-brez-naslova-37-1-819x1024.png 819w, https:\/\/activeluxe-cosmetics.com\/hu\/wp-content\/uploads\/2024\/01\/Izdelek-brez-naslova-37-1-768x960.png 768w, https:\/\/activeluxe-cosmetics.com\/hu\/wp-content\/uploads\/2024\/01\/Izdelek-brez-naslova-37-1-600x750.png 600w, https:\/\/activeluxe-cosmetics.com\/hu\/wp-content\/uploads\/2024\/01\/Izdelek-brez-naslova-37-1.png 1080w\" sizes=\"auto, (max-width: 435px) 100vw, 435px\" \/><\/h2>\n<p>&nbsp;<\/p>\n<h2>Mi\u00e9rt olyan hat\u00e9kony az <strong>Active Lash szempillan\u00f6veszt\u0151 sz\u00e9rum?<\/strong><\/h2>\n<p style=\"margin: 20px auto; text-align: left;\">Ezt az egyed\u00fcl\u00e1ll\u00f3 formul\u00e1t laborat\u00f3riumban, k\u00e9mikus \u00e9s gy\u00f3gyszer\u00e9sz szakemberek fejlesztett\u00e9k a szempilla t\u00fcsz\u0151kre k\u00f6zvetlen\u00fcl hat\u00f3, a szempill\u00e1k n\u00f6veked\u00e9si f\u00e1zis\u00e1t meghosszabb\u00edt\u00f3 akt\u00edv \u00f6sszetev\u0151k felhaszn\u00e1l\u00e1s\u00e1val.<\/p>\n<p style=\"margin: 20px auto; text-align: left;\">A sz\u00e9rum m\u00e1r 2 h\u00e9t haszn\u00e1lat ut\u00e1n l\u00e1that\u00f3an serkenti a legv\u00e9konyabb \u00e9s legritk\u00e1bb szempill\u00e1k n\u00f6veked\u00e9s\u00e9t, \u00e9s megel\u0151zi a szempill\u00e1k hull\u00e1s\u00e1t. A szempill\u00e1k maxim\u00e1lis hossza egy h\u00f3napos rendszeres (napi egyszeri) haszn\u00e1lattal \u00e9rhet\u0151 el.<\/p>\n<p style=\"margin: 20px auto; text-align: left;\">Az <strong>Active Lash<\/strong> sz\u00e9rum klinikailag tesztelt, \u00edgy m\u00e9g a leg\u00e9rz\u00e9kenyebb szem eset\u00e9ben is haszn\u00e1lhat\u00f3. A term\u00e9k veg\u00e1n, teljes m\u00e9rt\u00e9kben biztons\u00e1gos \u00e9s nem irrit\u00e1lja a szemet. A klinikai kutat\u00e1st egy f\u00fcggetlen szlov\u00e9n szem\u00e9szorvos, Dr. Beltram is meger\u0151s\u00edtette: a szempillan\u00f6veszt\u0151 sz\u00e9rum 100%-ban hat\u00e9kony \u00e9s biztons\u00e1gos m\u00e9g \u00e9rz\u00e9keny szem\u0171ek is haszn\u00e1lhatj\u00e1k. Ez a jelenleg kaphat\u00f3 egyetlen eredeti szlov\u00e9n szempillan\u00f6veszt\u0151 sz\u00e9rum, \u00edgy garant\u00e1ltan kipr\u00f3b\u00e1lt \u00e9s biztons\u00e1gos \u00f6sszetev\u0151kb\u0151l k\u00e9sz\u00fcl.<\/p>\n<h2 style=\"clear: both;\"><\/h2>\n<p><img loading=\"lazy\" decoding=\"async\" class=\" wp-image-84053 alignright\" src=\"https:\/\/activeluxe-cosmetics.com\/hu\/wp-content\/uploads\/2024\/01\/Izdelek-brez-naslova-39-1-460x575.png\" alt=\"\" width=\"440\" height=\"550\" srcset=\"https:\/\/activeluxe-cosmetics.com\/hu\/wp-content\/uploads\/2024\/01\/Izdelek-brez-naslova-39-1-460x575.png 460w, https:\/\/activeluxe-cosmetics.com\/hu\/wp-content\/uploads\/2024\/01\/Izdelek-brez-naslova-39-1-819x1024.png 819w, https:\/\/activeluxe-cosmetics.com\/hu\/wp-content\/uploads\/2024\/01\/Izdelek-brez-naslova-39-1-768x960.png 768w, https:\/\/activeluxe-cosmetics.com\/hu\/wp-content\/uploads\/2024\/01\/Izdelek-brez-naslova-39-1-600x750.png 600w, https:\/\/activeluxe-cosmetics.com\/hu\/wp-content\/uploads\/2024\/01\/Izdelek-brez-naslova-39-1.png 1080w\" sizes=\"auto, (max-width: 440px) 100vw, 440px\" \/><\/p>\n<h2><strong>El\u0151zd meg <\/strong>szempill\u00e1id hull\u00e1s\u00e1t!<\/h2>\n<p>A szemh\u00e9jon elhelyezked\u0151 minden egyes szempilla saj\u00e1t \u00e9letciklussal rendelkezik, ami meghat\u00e1rozza a szempill\u00e1k hossz\u00e1t \u00e9s s\u0171r\u0171s\u00e9g\u00e9t. A n\u00f6veked\u00e9s 3 f\u00e1zisb\u00f3l \u00e1ll: anag\u00e9n, katag\u00e9n \u00e9s telog\u00e9n.<\/p>\n<ul>\n<li>1. Az anag\u00e9n, vagyis a n\u00f6veked\u00e9si f\u00e1zis a ciklus legfontosabb r\u00e9sze, mivel a szempilla ekkor n\u00f6vekszik, a t\u00fcsz\u0151 melanint v\u00e1laszt ki, a szempilla er\u0151s \u00e9s feszes. A szempill\u00e1k eset\u00e9ben ez a f\u00e1zis 2-5 h\u00f3napig tart (a hajsz\u00e1lakkal ellent\u00e9tben, ahol ez a f\u00e1zis 2-5 \u00e9v).<\/li>\n<li>2. A katag\u00e9n, vagy nyugalmi f\u00e1zis a szempilla n\u00f6veked\u00e9s\u00e9nek v\u00e9g\u00e9t jelzi. Elkezd\u0151dik a t\u00fcsz\u0151 \u00e9s ezzel egy\u00fctt a szempilla kihull\u00e1sa. A nyugalmi f\u00e1zis nagyon r\u00f6vid, k\u00f6r\u00fclbel\u00fcl 2 h\u00e9tig tart.<\/li>\n<li>3. A telog\u00e9n, vagyis a kihull\u00e1si f\u00e1zis az az id\u0151szak, amikor a szempill\u00e1k kihullanak. Ez a szakasz 4 &#8211; 9 h\u00f3napig tart. A szempill\u00e1k t\u00f6bb mint fele mindig ebben a st\u00e1diumban van.<\/li>\n<\/ul>\n<p>Az <strong>Active Lash<\/strong> a szempill\u00e1k n\u00f6veked\u00e9si f\u00e1zis\u00e1ban fejti ki hat\u00e1s\u00e1t. Er\u0151s\u00edti a szempilla t\u00fcsz\u0151ket \u00e9s meghosszabb\u00edtja a n\u00f6veked\u00e9si f\u00e1zist id\u0151tartam\u00e1t. Ennek k\u00f6sz\u00f6nhet\u0151en szempill\u00e1id er\u0151sebb\u00e9 \u00e9s hosszabb\u00e1 v\u00e1lnak.<\/p>\n<h3><\/h3>\n<h4 style=\"clear: both; text-align: center;\">\u201eIgazoltuk, hogy az Active Luxe Lash egy\u00e9rtelm\u0171 \u00e9s kifejezett hat\u00e1ssal van a szempill\u00e1k n\u00f6veked\u00e9s\u00e9re. A vizsg\u00e1lt csoportban a szempill\u00e1k hossza 2,6 mm-rel n\u0151tt (39%). A statisztikai adatok szerint a szempill\u00e1k hossz\u00e1nak jelent\u0151s n\u00f6veked\u00e9se a sz\u00e9rum haszn\u00e1lat\u00e1nak 2. het\u00e9t\u0151l tapasztalhat\u00f3. A szempill\u00e1k legnagyobb m\u00e9rt\u00e9k\u0171 n\u00f6veked\u00e9se az egyik r\u00e9sztvev\u0151 eset\u00e9ben &#8211; 2 h\u00e9ten bel\u00fcl szempill\u00e1i 50%-kal, 13 h\u00e9t ut\u00e1n pedig 100%-kal n\u0151ttek.&#8221;<\/h4>\n<div style=\"display: flex; align-items: center; gap: 20px; flex-wrap: wrap; justify-content: center;\">\n<p><img loading=\"lazy\" decoding=\"async\" class=\"size-full wp-image-72610\" src=\"https:\/\/activeluxe-cosmetics.com\/hu\/wp-content\/uploads\/2024\/01\/Mask-group-1.png\" alt=\"\" width=\"83\" height=\"83\" \/><\/p>\n<p style=\"max-width: 360px;\">A fentieket Dr. Beltram, szlov\u00e9n szem\u00e9szorvos fejtette ki a sz\u00e9rum hat\u00e9konys\u00e1g\u00e1t bizony\u00edt\u00f3 f\u00fcggetlen tanulm\u00e1ny\u00e1ban.<\/p>\n<\/div>\n","protected":false},"excerpt":{"rendered":"<p>Hosszabb szempill\u00e1k n\u00e9h\u00e1ny h\u00e9t alatt. Klinikailag tesztelt.<\/p>\n","protected":false},"featured_media":81529,"comment_status":"open","ping_status":"closed","template":"","meta":[],"product_brand":[],"product_cat":[56,48,76],"product_tag":[],"class_list":{"0":"post-72182","1":"product","2":"type-product","3":"status-publish","4":"has-post-thumbnail","6":"product_cat-akciok","7":"product_cat-szempillak","8":"product_cat-szerumok","10":"first","11":"instock","12":"sale","13":"featured","14":"taxable","15":"shipping-taxable","16":"purchasable","17":"product-type-variable"},"bundled_by":[],"bundle_stock_status":"instock","bundle_stock_quantity":null,"bundle_virtual":false,"bundle_layout":"","bundle_add_to_cart_form_location":"","bundle_editable_in_cart":false,"bundle_sold_individually_context":"","bundle_item_grouping":"","bundle_min_size":"","bundle_max_size":"","bundled_items":[],"acf":[],"yoast_head":"<!-- This site is optimized with the Yoast SEO plugin v26.5 - https:\/\/yoast.com\/wordpress\/plugins\/seo\/ -->\n<title>Active Luxe Lash sz\u00e9rum a szempill\u00e1k n\u00f6veked\u00e9s\u00e9\u00e9rt<\/title>\n<meta name=\"description\" content=\"Az Active Luxe Lash szempillan\u00f6veszt\u0151 sz\u00e9rumot Szlov\u00e9ni\u00e1ban m\u00e1r t\u00f6bb mint 200 000 h\u00f6lgy haszn\u00e1lta. Term\u00e9szetesen hosszabb m\u0171szempill\u00e1k mind\u00f6ssze 2 h\u00e9t alatt.\" \/>\n<meta name=\"robots\" content=\"noindex, follow, max-snippet:-1, max-image-preview:large, max-video-preview:-1\" \/>\n<meta property=\"og:locale\" content=\"hu_HU\" \/>\n<meta property=\"og:type\" content=\"article\" \/>\n<meta property=\"og:title\" content=\"Active Luxe Lash sz\u00e9rum a szempill\u00e1k n\u00f6veked\u00e9s\u00e9\u00e9rt\" \/>\n<meta property=\"og:description\" content=\"Az Active Luxe Lash szempillan\u00f6veszt\u0151 sz\u00e9rumot Szlov\u00e9ni\u00e1ban m\u00e1r t\u00f6bb mint 200 000 h\u00f6lgy haszn\u00e1lta. Term\u00e9szetesen hosszabb m\u0171szempill\u00e1k mind\u00f6ssze 2 h\u00e9t alatt.\" \/>\n<meta property=\"og:url\" content=\"https:\/\/activeluxe-cosmetics.com\/hu\/termek\/szempillanoveszto-szerum\/\" \/>\n<meta property=\"og:site_name\" content=\"Active Luxe Cosmetics\" \/>\n<meta property=\"article:modified_time\" content=\"2025-06-14T22:20:53+00:00\" \/>\n<meta property=\"og:image\" content=\"https:\/\/activeluxe-cosmetics.com\/hu\/wp-content\/uploads\/2024\/01\/Lash_serum-1.jpg\" \/>\n\t<meta property=\"og:image:width\" content=\"783\" \/>\n\t<meta property=\"og:image:height\" content=\"995\" \/>\n\t<meta property=\"og:image:type\" content=\"image\/jpeg\" \/>\n<meta name=\"twitter:card\" content=\"summary_large_image\" \/>\n<meta name=\"twitter:label1\" content=\"Becs\u00fclt olvas\u00e1si id\u0151\" \/>\n\t<meta name=\"twitter:data1\" content=\"4 perc\" \/>\n<script type=\"application\/ld+json\" class=\"yoast-schema-graph\">{\"@context\":\"https:\/\/schema.org\",\"@graph\":[{\"@type\":\"WebPage\",\"@id\":\"https:\/\/activeluxe-cosmetics.com\/hu\/termek\/szempillanoveszto-szerum\/\",\"url\":\"https:\/\/activeluxe-cosmetics.com\/hu\/termek\/szempillanoveszto-szerum\/\",\"name\":\"Active Luxe Lash sz\u00e9rum a szempill\u00e1k n\u00f6veked\u00e9s\u00e9\u00e9rt\",\"isPartOf\":{\"@id\":\"https:\/\/activeluxe-cosmetics.com\/hu\/#website\"},\"primaryImageOfPage\":{\"@id\":\"https:\/\/activeluxe-cosmetics.com\/hu\/termek\/szempillanoveszto-szerum\/#primaryimage\"},\"image\":{\"@id\":\"https:\/\/activeluxe-cosmetics.com\/hu\/termek\/szempillanoveszto-szerum\/#primaryimage\"},\"thumbnailUrl\":\"https:\/\/activeluxe-cosmetics.com\/hu\/wp-content\/uploads\/2024\/01\/Lash_serum-1.jpg\",\"datePublished\":\"2024-01-10T14:17:54+00:00\",\"dateModified\":\"2025-06-14T22:20:53+00:00\",\"description\":\"Az Active Luxe Lash szempillan\u00f6veszt\u0151 sz\u00e9rumot Szlov\u00e9ni\u00e1ban m\u00e1r t\u00f6bb mint 200 000 h\u00f6lgy haszn\u00e1lta. Term\u00e9szetesen hosszabb m\u0171szempill\u00e1k mind\u00f6ssze 2 h\u00e9t alatt.\",\"breadcrumb\":{\"@id\":\"https:\/\/activeluxe-cosmetics.com\/hu\/termek\/szempillanoveszto-szerum\/#breadcrumb\"},\"inLanguage\":\"hu\",\"potentialAction\":[{\"@type\":\"ReadAction\",\"target\":[\"https:\/\/activeluxe-cosmetics.com\/hu\/termek\/szempillanoveszto-szerum\/\"]}]},{\"@type\":\"ImageObject\",\"inLanguage\":\"hu\",\"@id\":\"https:\/\/activeluxe-cosmetics.com\/hu\/termek\/szempillanoveszto-szerum\/#primaryimage\",\"url\":\"https:\/\/activeluxe-cosmetics.com\/hu\/wp-content\/uploads\/2024\/01\/Lash_serum-1.jpg\",\"contentUrl\":\"https:\/\/activeluxe-cosmetics.com\/hu\/wp-content\/uploads\/2024\/01\/Lash_serum-1.jpg\",\"width\":783,\"height\":995},{\"@type\":\"BreadcrumbList\",\"@id\":\"https:\/\/activeluxe-cosmetics.com\/hu\/termek\/szempillanoveszto-szerum\/#breadcrumb\",\"itemListElement\":[{\"@type\":\"ListItem\",\"position\":1,\"name\":\"C\u00edmlap\",\"item\":\"https:\/\/activeluxe-cosmetics.com\/hu\/\"},{\"@type\":\"ListItem\",\"position\":2,\"name\":\"\u00dczlet\",\"item\":\"https:\/\/activeluxe-cosmetics.com\/hu\/uzlet\/\"},{\"@type\":\"ListItem\",\"position\":3,\"name\":\"Szempillasz\u00e9rum\"}]},{\"@type\":\"WebSite\",\"@id\":\"https:\/\/activeluxe-cosmetics.com\/hu\/#website\",\"url\":\"https:\/\/activeluxe-cosmetics.com\/hu\/\",\"name\":\"Active Luxe Cosmetics\",\"description\":\"\",\"potentialAction\":[{\"@type\":\"SearchAction\",\"target\":{\"@type\":\"EntryPoint\",\"urlTemplate\":\"https:\/\/activeluxe-cosmetics.com\/hu\/?s={search_term_string}\"},\"query-input\":{\"@type\":\"PropertyValueSpecification\",\"valueRequired\":true,\"valueName\":\"search_term_string\"}}],\"inLanguage\":\"hu\"}]}<\/script>\n<!-- \/ Yoast SEO plugin. -->","yoast_head_json":{"title":"Active Luxe Lash sz\u00e9rum a szempill\u00e1k n\u00f6veked\u00e9s\u00e9\u00e9rt","description":"Az Active Luxe Lash szempillan\u00f6veszt\u0151 sz\u00e9rumot Szlov\u00e9ni\u00e1ban m\u00e1r t\u00f6bb mint 200 000 h\u00f6lgy haszn\u00e1lta. Term\u00e9szetesen hosszabb m\u0171szempill\u00e1k mind\u00f6ssze 2 h\u00e9t alatt.","robots":{"index":"noindex","follow":"follow","max-snippet":"max-snippet:-1","max-image-preview":"max-image-preview:large","max-video-preview":"max-video-preview:-1"},"og_locale":"hu_HU","og_type":"article","og_title":"Active Luxe Lash sz\u00e9rum a szempill\u00e1k n\u00f6veked\u00e9s\u00e9\u00e9rt","og_description":"Az Active Luxe Lash szempillan\u00f6veszt\u0151 sz\u00e9rumot Szlov\u00e9ni\u00e1ban m\u00e1r t\u00f6bb mint 200 000 h\u00f6lgy haszn\u00e1lta. Term\u00e9szetesen hosszabb m\u0171szempill\u00e1k mind\u00f6ssze 2 h\u00e9t alatt.","og_url":"https:\/\/activeluxe-cosmetics.com\/hu\/termek\/szempillanoveszto-szerum\/","og_site_name":"Active Luxe Cosmetics","article_modified_time":"2025-06-14T22:20:53+00:00","og_image":[{"width":783,"height":995,"url":"https:\/\/activeluxe-cosmetics.com\/hu\/wp-content\/uploads\/2024\/01\/Lash_serum-1.jpg","type":"image\/jpeg"}],"twitter_card":"summary_large_image","twitter_misc":{"Becs\u00fclt olvas\u00e1si id\u0151":"4 perc"},"schema":{"@context":"https:\/\/schema.org","@graph":[{"@type":"WebPage","@id":"https:\/\/activeluxe-cosmetics.com\/hu\/termek\/szempillanoveszto-szerum\/","url":"https:\/\/activeluxe-cosmetics.com\/hu\/termek\/szempillanoveszto-szerum\/","name":"Active Luxe Lash sz\u00e9rum a szempill\u00e1k n\u00f6veked\u00e9s\u00e9\u00e9rt","isPartOf":{"@id":"https:\/\/activeluxe-cosmetics.com\/hu\/#website"},"primaryImageOfPage":{"@id":"https:\/\/activeluxe-cosmetics.com\/hu\/termek\/szempillanoveszto-szerum\/#primaryimage"},"image":{"@id":"https:\/\/activeluxe-cosmetics.com\/hu\/termek\/szempillanoveszto-szerum\/#primaryimage"},"thumbnailUrl":"https:\/\/activeluxe-cosmetics.com\/hu\/wp-content\/uploads\/2024\/01\/Lash_serum-1.jpg","datePublished":"2024-01-10T14:17:54+00:00","dateModified":"2025-06-14T22:20:53+00:00","description":"Az Active Luxe Lash szempillan\u00f6veszt\u0151 sz\u00e9rumot Szlov\u00e9ni\u00e1ban m\u00e1r t\u00f6bb mint 200 000 h\u00f6lgy haszn\u00e1lta. Term\u00e9szetesen hosszabb m\u0171szempill\u00e1k mind\u00f6ssze 2 h\u00e9t alatt.","breadcrumb":{"@id":"https:\/\/activeluxe-cosmetics.com\/hu\/termek\/szempillanoveszto-szerum\/#breadcrumb"},"inLanguage":"hu","potentialAction":[{"@type":"ReadAction","target":["https:\/\/activeluxe-cosmetics.com\/hu\/termek\/szempillanoveszto-szerum\/"]}]},{"@type":"ImageObject","inLanguage":"hu","@id":"https:\/\/activeluxe-cosmetics.com\/hu\/termek\/szempillanoveszto-szerum\/#primaryimage","url":"https:\/\/activeluxe-cosmetics.com\/hu\/wp-content\/uploads\/2024\/01\/Lash_serum-1.jpg","contentUrl":"https:\/\/activeluxe-cosmetics.com\/hu\/wp-content\/uploads\/2024\/01\/Lash_serum-1.jpg","width":783,"height":995},{"@type":"BreadcrumbList","@id":"https:\/\/activeluxe-cosmetics.com\/hu\/termek\/szempillanoveszto-szerum\/#breadcrumb","itemListElement":[{"@type":"ListItem","position":1,"name":"C\u00edmlap","item":"https:\/\/activeluxe-cosmetics.com\/hu\/"},{"@type":"ListItem","position":2,"name":"\u00dczlet","item":"https:\/\/activeluxe-cosmetics.com\/hu\/uzlet\/"},{"@type":"ListItem","position":3,"name":"Szempillasz\u00e9rum"}]},{"@type":"WebSite","@id":"https:\/\/activeluxe-cosmetics.com\/hu\/#website","url":"https:\/\/activeluxe-cosmetics.com\/hu\/","name":"Active Luxe Cosmetics","description":"","potentialAction":[{"@type":"SearchAction","target":{"@type":"EntryPoint","urlTemplate":"https:\/\/activeluxe-cosmetics.com\/hu\/?s={search_term_string}"},"query-input":{"@type":"PropertyValueSpecification","valueRequired":true,"valueName":"search_term_string"}}],"inLanguage":"hu"}]}},"_links":{"self":[{"href":"https:\/\/activeluxe-cosmetics.com\/hu\/wp-json\/wp\/v2\/product\/72182","targetHints":{"allow":["GET"]}}],"collection":[{"href":"https:\/\/activeluxe-cosmetics.com\/hu\/wp-json\/wp\/v2\/product"}],"about":[{"href":"https:\/\/activeluxe-cosmetics.com\/hu\/wp-json\/wp\/v2\/types\/product"}],"replies":[{"embeddable":true,"href":"https:\/\/activeluxe-cosmetics.com\/hu\/wp-json\/wp\/v2\/comments?post=72182"}],"wp:featuredmedia":[{"embeddable":true,"href":"https:\/\/activeluxe-cosmetics.com\/hu\/wp-json\/wp\/v2\/media\/81529"}],"wp:attachment":[{"href":"https:\/\/activeluxe-cosmetics.com\/hu\/wp-json\/wp\/v2\/media?parent=72182"}],"wp:term":[{"taxonomy":"product_brand","embeddable":true,"href":"https:\/\/activeluxe-cosmetics.com\/hu\/wp-json\/wp\/v2\/product_brand?post=72182"},{"taxonomy":"product_cat","embeddable":true,"href":"https:\/\/activeluxe-cosmetics.com\/hu\/wp-json\/wp\/v2\/product_cat?post=72182"},{"taxonomy":"product_tag","embeddable":true,"href":"https:\/\/activeluxe-cosmetics.com\/hu\/wp-json\/wp\/v2\/product_tag?post=72182"}],"curies":[{"name":"wp","href":"https:\/\/api.w.org\/{rel}","templated":true}]}}