{"id":72179,"date":"2024-01-10T15:17:54","date_gmt":"2024-01-10T14:17:54","guid":{"rendered":"https:\/\/activeluxe-cosmetics.com\/hu\/?post_type=product&#038;p=72179"},"modified":"2025-11-21T13:32:43","modified_gmt":"2025-11-21T13:32:43","slug":"glamour-lash-szempillaspiral","status":"publish","type":"product","link":"https:\/\/activeluxe-cosmetics.com\/hu\/termek\/glamour-lash-szempillaspiral\/","title":{"rendered":"Glamour Lash szempillaspir\u00e1l"},"content":{"rendered":"<p><img loading=\"lazy\" decoding=\"async\" class=\" wp-image-84885 alignright\" src=\"https:\/\/activeluxe-cosmetics.com\/hu\/wp-content\/uploads\/2024\/01\/glamour_lash_mascara_active_luxe-460x575.png\" alt=\"\" width=\"350\" height=\"438\" srcset=\"https:\/\/activeluxe-cosmetics.com\/hu\/wp-content\/uploads\/2024\/01\/glamour_lash_mascara_active_luxe-460x575.png 460w, https:\/\/activeluxe-cosmetics.com\/hu\/wp-content\/uploads\/2024\/01\/glamour_lash_mascara_active_luxe-819x1024.png 819w, https:\/\/activeluxe-cosmetics.com\/hu\/wp-content\/uploads\/2024\/01\/glamour_lash_mascara_active_luxe-768x960.png 768w, https:\/\/activeluxe-cosmetics.com\/hu\/wp-content\/uploads\/2024\/01\/glamour_lash_mascara_active_luxe-600x750.png 600w, https:\/\/activeluxe-cosmetics.com\/hu\/wp-content\/uploads\/2024\/01\/glamour_lash_mascara_active_luxe.png 1080w\" sizes=\"auto, (max-width: 350px) 100vw, 350px\" \/><\/p>\n<h2>Hossz\u00fa, <strong>d\u00fas szempill\u00e1k egy pillanat alatt<\/strong><\/h2>\n<p>A <strong>Glamour Lash szempillaspir\u00e1l<\/strong> k\u00fcl\u00f6nleges spir\u00e1l ecset\u00e9j\u00e9nek k\u00f6sz\u00f6nhet\u0151en a szempill\u00e1k \u00e1lland\u00f3an s\u0171r\u0171 \u00e9s kiv\u00e9telesen hossz\u00fa form\u00e1ban maradnak meg. A spir\u00e1l sz\u00e9tv\u00e1lasztja a pill\u00e1kat \u00e9s minden egyes szempill\u00e1t el\u00e9r, m\u00e9g a szem sark\u00e1ban, a nehezen hozz\u00e1f\u00e9rhet\u0151 helyeken is.<\/p>\n<p>A Glamour Lash szempillaspir\u00e1l titka a k\u00fcl\u00f6nb\u00f6z\u0151 hossz\u00fas\u00e1g\u00fa, puha szintetikus s\u00f6rt\u00e9kben rejlik. Ezeknek k\u00f6sz\u00f6nhet\u0151en a term\u00e9k t\u00f6bb r\u00e9tegben felvihet\u0151 a pill\u00e1k \u00f6sszeragad\u00e1sa n\u00e9lk\u00fcl.<\/p>\n<p>A Glamour Lash szempillaspir\u00e1l a s\u0171r\u0171 \u00e9s hossz\u00fa szempill\u00e1kra v\u00e1gy\u00f3 h\u00f6lgyek t\u00f6k\u00e9letes v\u00e1laszt\u00e1sa. A Glamour Lash szempillaspir\u00e1l mindkett\u0151 felt\u00e9telnek megfelel!<\/p>\n<ul>\n<li><strong>Szempill\u00e1id m\u00e1r egyetlen r\u00e9teggel kiv\u00e9telesen hossz\u00fanak \u00e9s d\u00fasnak t\u0171nnek<\/strong><\/li>\n<li><strong>A gazdag, kr\u00e9mes formul\u00e1val szempill\u00e1id rugalmasak maradnak \u00e9s nem nehez\u00fclnek el.<\/strong><\/li>\n<li><strong>Gyorsan sz\u00e1rad\u00f3 szempillaspir\u00e1l<\/strong><\/li>\n<li><strong>Nem ragad \u00f6ssze<\/strong><\/li>\n<\/ul>\n<h2 style=\"text-align: center; clear: both;\"><\/h2>\n<p>&nbsp;<\/p>\n<h2><img loading=\"lazy\" decoding=\"async\" class=\" wp-image-84888 alignleft\" src=\"https:\/\/activeluxe-cosmetics.com\/hu\/wp-content\/uploads\/2024\/01\/glamourlash_mascara-460x575.png\" alt=\"\" width=\"351\" height=\"439\" srcset=\"https:\/\/activeluxe-cosmetics.com\/hu\/wp-content\/uploads\/2024\/01\/glamourlash_mascara-460x575.png 460w, https:\/\/activeluxe-cosmetics.com\/hu\/wp-content\/uploads\/2024\/01\/glamourlash_mascara-819x1024.png 819w, https:\/\/activeluxe-cosmetics.com\/hu\/wp-content\/uploads\/2024\/01\/glamourlash_mascara-768x960.png 768w, https:\/\/activeluxe-cosmetics.com\/hu\/wp-content\/uploads\/2024\/01\/glamourlash_mascara-600x750.png 600w, https:\/\/activeluxe-cosmetics.com\/hu\/wp-content\/uploads\/2024\/01\/glamourlash_mascara.png 1080w\" sizes=\"auto, (max-width: 351px) 100vw, 351px\" \/>A puha, k\u00fcl\u00f6nb\u00f6z\u0151 hossz\u00fas\u00e1g\u00fa s\u00f6rt\u00e9kb\u0151l \u00e1ll\u00f3 szintetikus <strong>spir\u00e1l kefe csod\u00e1kra k\u00e9pes<\/strong>!<\/h2>\n<p>A Glamour Lash szempillaspir\u00e1l k\u00fcl\u00f6nleges tervez\u00e9s\u0171, szintetikus s\u00f6rt\u00e9kb\u0151l k\u00e9sz\u00fclt spir\u00e1l kef\u00e9je minden egyes pill\u00e1t el\u00e9r, legyen az ak\u00e1r r\u00f6vid vagy a szem sark\u00e1ban megb\u00fav\u00f3.<\/p>\n<p>Gy\u00f6ny\u00f6r\u0171en kiemeli \u00e9s d\u00fas\u00edtja a pill\u00e1kat.<\/p>\n<ul>\n<li><strong>A szempillaspir\u00e1lt gyeng\u00e9d mozdulatokkal, cikk-cakkban vidd fel a szempill\u00e1kra \u00e9s ne hagyd ki az eg\u00e9szen pici pill\u00e1kat sem.<\/strong><\/li>\n<li><strong>Az intenz\u00edven s\u0171r\u0171 szempill\u00e1khoz k\u00e9t r\u00e9teg szempillaspir\u00e1lt aj\u00e1nlunk<\/strong><\/li>\n<li><strong>V\u00e1rj, m\u00edg az els\u0151 r\u00e9teg megsz\u00e1rad, ezut\u00e1n vidd fel a m\u00e1sodik r\u00e9teget<\/strong><\/li>\n<\/ul>\n<h2 style=\"text-align: center; clear: both;\"><\/h2>\n<p><img loading=\"lazy\" decoding=\"async\" class=\" wp-image-84882 alignright\" src=\"https:\/\/activeluxe-cosmetics.com\/hu\/wp-content\/uploads\/2024\/01\/activeluxe_glamour_lash_mascara-460x575.png\" alt=\"\" width=\"350\" height=\"438\" srcset=\"https:\/\/activeluxe-cosmetics.com\/hu\/wp-content\/uploads\/2024\/01\/activeluxe_glamour_lash_mascara-460x575.png 460w, https:\/\/activeluxe-cosmetics.com\/hu\/wp-content\/uploads\/2024\/01\/activeluxe_glamour_lash_mascara-819x1024.png 819w, https:\/\/activeluxe-cosmetics.com\/hu\/wp-content\/uploads\/2024\/01\/activeluxe_glamour_lash_mascara-768x960.png 768w, https:\/\/activeluxe-cosmetics.com\/hu\/wp-content\/uploads\/2024\/01\/activeluxe_glamour_lash_mascara-600x750.png 600w, https:\/\/activeluxe-cosmetics.com\/hu\/wp-content\/uploads\/2024\/01\/activeluxe_glamour_lash_mascara.png 1080w\" sizes=\"auto, (max-width: 350px) 100vw, 350px\" \/><\/p>\n<h2><strong>Soha nincs el\u00e9g<\/strong> id\u0151d a reggeli sminkel\u00e9sre?<\/h2>\n<p>Az intenz\u00edvebb hat\u00e1s \u00e9rdek\u00e9ben javasoljuk, hogy a szempillaspir\u00e1l el\u0151tt haszn\u00e1ld a szempill\u00e1k hossz\u00e1t \u00e9s s\u0171r\u0171s\u00e9g\u00e9t el\u0151seg\u00edt\u0151 Wild Lash szempillaspir\u00e1l alapoz\u00f3t.<\/p>\n<p>A Glamour Lash szempillaspir\u00e1l eg\u00e9sz nap kitart, a szempill\u00e1id nem ragadnak \u00f6ssze \u00e9s nem ken\u0151dik el a szem k\u00f6r\u00fcl.<\/p>\n<ul>\n<li><strong>Dr\u00e1main s\u0171r\u0171 \u00e9s hossz\u00fa<\/strong><\/li>\n<li><strong>Hosszan, 24 \u00f3r\u00e1n \u00e1t tart\u00f3 formula<\/strong><\/li>\n<li><strong>A kr\u00e9mes text\u00far\u00e1nak k\u00f6sz\u00f6nhet\u0151en a szempillaspir\u00e1l nem csom\u00f3sodik, nem sz\u00e1rad ki \u00e9s nem ken\u0151dik el a szemh\u00e9jon.<\/strong><\/li>\n<\/ul>\n<h3 style=\"clear: both; max-width: 820px;\"><\/h3>\n<div style=\"display: flex; align-items: center; gap: 20px; flex-wrap: wrap;\">\n<p style=\"max-width: 360px;\">\n<\/div>\n","protected":false},"excerpt":{"rendered":"<p><span data-sheets-root=\"1\" data-sheets-value=\"{&quot;1&quot;:2,&quot;2&quot;:&quot;Szempillaspir\u00e1l a s\u0171r\u0171 \u00e9s hossz\u00fa szempill\u00e1k\u00e9rt.&quot;}\" data-sheets-userformat=\"{&quot;2&quot;:14593,&quot;3&quot;:{&quot;1&quot;:0,&quot;3&quot;:1},&quot;11&quot;:4,&quot;14&quot;:{&quot;1&quot;:2,&quot;2&quot;:0},&quot;15&quot;:&quot;Arial&quot;,&quot;16&quot;:10}\">Szempillaspir\u00e1l s\u0171r\u0171 \u00e9s hossz\u00fa szempill\u00e1k\u00e9rt.<\/span><\/p>\n","protected":false},"featured_media":81165,"comment_status":"open","ping_status":"closed","template":"","meta":[],"product_brand":[],"product_cat":[48,77],"product_tag":[],"class_list":{"0":"post-72179","1":"product","2":"type-product","3":"status-publish","4":"has-post-thumbnail","6":"product_cat-szempillak","7":"product_cat-smink","9":"first","10":"instock","11":"taxable","12":"shipping-taxable","13":"purchasable","14":"product-type-simple"},"bundled_by":[],"bundle_stock_status":"instock","bundle_stock_quantity":null,"bundle_virtual":false,"bundle_layout":"","bundle_add_to_cart_form_location":"","bundle_editable_in_cart":false,"bundle_sold_individually_context":"","bundle_item_grouping":"","bundle_min_size":"","bundle_max_size":"","bundled_items":[],"acf":[],"yoast_head":"<!-- This site is optimized with the Yoast SEO plugin v26.5 - https:\/\/yoast.com\/wordpress\/plugins\/seo\/ -->\n<title>Glamour Lash szempillaspir\u00e1l \u00e1lland\u00f3an s\u0171r\u0171 \u00e9s kiv\u00e9telesen hossz\u00fa szempill\u00e1k\u00e9rt<\/title>\n<meta name=\"description\" content=\"Szempillaspir\u00e1l a csillog\u00f3 szempill\u00e1k\u00e9rt Glamour Lash Gyorsan \u00e9s egyszer\u0171en haszn\u00e1lhat\u00f3. Minden egyes szempill\u00e1t kiemel, \u00e1lland\u00f3an s\u0171r\u0171 \u00e9s hossz\u00fa pill\u00e1kat var\u00e1zsol.\" \/>\n<meta name=\"robots\" content=\"noindex, follow, max-snippet:-1, max-image-preview:large, max-video-preview:-1\" \/>\n<meta property=\"og:locale\" content=\"hu_HU\" \/>\n<meta property=\"og:type\" content=\"article\" \/>\n<meta property=\"og:title\" content=\"Glamour Lash szempillaspir\u00e1l \u00e1lland\u00f3an s\u0171r\u0171 \u00e9s kiv\u00e9telesen hossz\u00fa szempill\u00e1k\u00e9rt\" \/>\n<meta property=\"og:description\" content=\"Szempillaspir\u00e1l a csillog\u00f3 szempill\u00e1k\u00e9rt Glamour Lash Gyorsan \u00e9s egyszer\u0171en haszn\u00e1lhat\u00f3. Minden egyes szempill\u00e1t kiemel, \u00e1lland\u00f3an s\u0171r\u0171 \u00e9s hossz\u00fa pill\u00e1kat var\u00e1zsol.\" \/>\n<meta property=\"og:url\" content=\"https:\/\/activeluxe-cosmetics.com\/hu\/termek\/glamour-lash-szempillaspiral\/\" \/>\n<meta property=\"og:site_name\" content=\"Active Luxe Cosmetics\" \/>\n<meta property=\"article:modified_time\" content=\"2025-11-21T13:32:43+00:00\" \/>\n<meta property=\"og:image\" content=\"https:\/\/activeluxe-cosmetics.com\/hu\/wp-content\/uploads\/2024\/01\/Glamour_Lash.jpg\" \/>\n\t<meta property=\"og:image:width\" content=\"773\" \/>\n\t<meta property=\"og:image:height\" content=\"999\" \/>\n\t<meta property=\"og:image:type\" content=\"image\/jpeg\" \/>\n<meta name=\"twitter:card\" content=\"summary_large_image\" \/>\n<meta name=\"twitter:label1\" content=\"Becs\u00fclt olvas\u00e1si id\u0151\" \/>\n\t<meta name=\"twitter:data1\" content=\"3 perc\" \/>\n<script type=\"application\/ld+json\" class=\"yoast-schema-graph\">{\"@context\":\"https:\/\/schema.org\",\"@graph\":[{\"@type\":\"WebPage\",\"@id\":\"https:\/\/activeluxe-cosmetics.com\/hu\/termek\/glamour-lash-szempillaspiral\/\",\"url\":\"https:\/\/activeluxe-cosmetics.com\/hu\/termek\/glamour-lash-szempillaspiral\/\",\"name\":\"Glamour Lash szempillaspir\u00e1l \u00e1lland\u00f3an s\u0171r\u0171 \u00e9s kiv\u00e9telesen hossz\u00fa szempill\u00e1k\u00e9rt\",\"isPartOf\":{\"@id\":\"https:\/\/activeluxe-cosmetics.com\/hu\/#website\"},\"primaryImageOfPage\":{\"@id\":\"https:\/\/activeluxe-cosmetics.com\/hu\/termek\/glamour-lash-szempillaspiral\/#primaryimage\"},\"image\":{\"@id\":\"https:\/\/activeluxe-cosmetics.com\/hu\/termek\/glamour-lash-szempillaspiral\/#primaryimage\"},\"thumbnailUrl\":\"https:\/\/activeluxe-cosmetics.com\/hu\/wp-content\/uploads\/2024\/01\/Glamour_Lash.jpg\",\"datePublished\":\"2024-01-10T14:17:54+00:00\",\"dateModified\":\"2025-11-21T13:32:43+00:00\",\"description\":\"Szempillaspir\u00e1l a csillog\u00f3 szempill\u00e1k\u00e9rt Glamour Lash Gyorsan \u00e9s egyszer\u0171en haszn\u00e1lhat\u00f3. Minden egyes szempill\u00e1t kiemel, \u00e1lland\u00f3an s\u0171r\u0171 \u00e9s hossz\u00fa pill\u00e1kat var\u00e1zsol.\",\"breadcrumb\":{\"@id\":\"https:\/\/activeluxe-cosmetics.com\/hu\/termek\/glamour-lash-szempillaspiral\/#breadcrumb\"},\"inLanguage\":\"hu\",\"potentialAction\":[{\"@type\":\"ReadAction\",\"target\":[\"https:\/\/activeluxe-cosmetics.com\/hu\/termek\/glamour-lash-szempillaspiral\/\"]}]},{\"@type\":\"ImageObject\",\"inLanguage\":\"hu\",\"@id\":\"https:\/\/activeluxe-cosmetics.com\/hu\/termek\/glamour-lash-szempillaspiral\/#primaryimage\",\"url\":\"https:\/\/activeluxe-cosmetics.com\/hu\/wp-content\/uploads\/2024\/01\/Glamour_Lash.jpg\",\"contentUrl\":\"https:\/\/activeluxe-cosmetics.com\/hu\/wp-content\/uploads\/2024\/01\/Glamour_Lash.jpg\",\"width\":773,\"height\":999},{\"@type\":\"BreadcrumbList\",\"@id\":\"https:\/\/activeluxe-cosmetics.com\/hu\/termek\/glamour-lash-szempillaspiral\/#breadcrumb\",\"itemListElement\":[{\"@type\":\"ListItem\",\"position\":1,\"name\":\"C\u00edmlap\",\"item\":\"https:\/\/activeluxe-cosmetics.com\/hu\/\"},{\"@type\":\"ListItem\",\"position\":2,\"name\":\"\u00dczlet\",\"item\":\"https:\/\/activeluxe-cosmetics.com\/hu\/uzlet\/\"},{\"@type\":\"ListItem\",\"position\":3,\"name\":\"Glamour Lash szempillaspir\u00e1l\"}]},{\"@type\":\"WebSite\",\"@id\":\"https:\/\/activeluxe-cosmetics.com\/hu\/#website\",\"url\":\"https:\/\/activeluxe-cosmetics.com\/hu\/\",\"name\":\"Active Luxe Cosmetics\",\"description\":\"\",\"potentialAction\":[{\"@type\":\"SearchAction\",\"target\":{\"@type\":\"EntryPoint\",\"urlTemplate\":\"https:\/\/activeluxe-cosmetics.com\/hu\/?s={search_term_string}\"},\"query-input\":{\"@type\":\"PropertyValueSpecification\",\"valueRequired\":true,\"valueName\":\"search_term_string\"}}],\"inLanguage\":\"hu\"}]}<\/script>\n<!-- \/ Yoast SEO plugin. -->","yoast_head_json":{"title":"Glamour Lash szempillaspir\u00e1l \u00e1lland\u00f3an s\u0171r\u0171 \u00e9s kiv\u00e9telesen hossz\u00fa szempill\u00e1k\u00e9rt","description":"Szempillaspir\u00e1l a csillog\u00f3 szempill\u00e1k\u00e9rt Glamour Lash Gyorsan \u00e9s egyszer\u0171en haszn\u00e1lhat\u00f3. Minden egyes szempill\u00e1t kiemel, \u00e1lland\u00f3an s\u0171r\u0171 \u00e9s hossz\u00fa pill\u00e1kat var\u00e1zsol.","robots":{"index":"noindex","follow":"follow","max-snippet":"max-snippet:-1","max-image-preview":"max-image-preview:large","max-video-preview":"max-video-preview:-1"},"og_locale":"hu_HU","og_type":"article","og_title":"Glamour Lash szempillaspir\u00e1l \u00e1lland\u00f3an s\u0171r\u0171 \u00e9s kiv\u00e9telesen hossz\u00fa szempill\u00e1k\u00e9rt","og_description":"Szempillaspir\u00e1l a csillog\u00f3 szempill\u00e1k\u00e9rt Glamour Lash Gyorsan \u00e9s egyszer\u0171en haszn\u00e1lhat\u00f3. Minden egyes szempill\u00e1t kiemel, \u00e1lland\u00f3an s\u0171r\u0171 \u00e9s hossz\u00fa pill\u00e1kat var\u00e1zsol.","og_url":"https:\/\/activeluxe-cosmetics.com\/hu\/termek\/glamour-lash-szempillaspiral\/","og_site_name":"Active Luxe Cosmetics","article_modified_time":"2025-11-21T13:32:43+00:00","og_image":[{"width":773,"height":999,"url":"https:\/\/activeluxe-cosmetics.com\/hu\/wp-content\/uploads\/2024\/01\/Glamour_Lash.jpg","type":"image\/jpeg"}],"twitter_card":"summary_large_image","twitter_misc":{"Becs\u00fclt olvas\u00e1si id\u0151":"3 perc"},"schema":{"@context":"https:\/\/schema.org","@graph":[{"@type":"WebPage","@id":"https:\/\/activeluxe-cosmetics.com\/hu\/termek\/glamour-lash-szempillaspiral\/","url":"https:\/\/activeluxe-cosmetics.com\/hu\/termek\/glamour-lash-szempillaspiral\/","name":"Glamour Lash szempillaspir\u00e1l \u00e1lland\u00f3an s\u0171r\u0171 \u00e9s kiv\u00e9telesen hossz\u00fa szempill\u00e1k\u00e9rt","isPartOf":{"@id":"https:\/\/activeluxe-cosmetics.com\/hu\/#website"},"primaryImageOfPage":{"@id":"https:\/\/activeluxe-cosmetics.com\/hu\/termek\/glamour-lash-szempillaspiral\/#primaryimage"},"image":{"@id":"https:\/\/activeluxe-cosmetics.com\/hu\/termek\/glamour-lash-szempillaspiral\/#primaryimage"},"thumbnailUrl":"https:\/\/activeluxe-cosmetics.com\/hu\/wp-content\/uploads\/2024\/01\/Glamour_Lash.jpg","datePublished":"2024-01-10T14:17:54+00:00","dateModified":"2025-11-21T13:32:43+00:00","description":"Szempillaspir\u00e1l a csillog\u00f3 szempill\u00e1k\u00e9rt Glamour Lash Gyorsan \u00e9s egyszer\u0171en haszn\u00e1lhat\u00f3. Minden egyes szempill\u00e1t kiemel, \u00e1lland\u00f3an s\u0171r\u0171 \u00e9s hossz\u00fa pill\u00e1kat var\u00e1zsol.","breadcrumb":{"@id":"https:\/\/activeluxe-cosmetics.com\/hu\/termek\/glamour-lash-szempillaspiral\/#breadcrumb"},"inLanguage":"hu","potentialAction":[{"@type":"ReadAction","target":["https:\/\/activeluxe-cosmetics.com\/hu\/termek\/glamour-lash-szempillaspiral\/"]}]},{"@type":"ImageObject","inLanguage":"hu","@id":"https:\/\/activeluxe-cosmetics.com\/hu\/termek\/glamour-lash-szempillaspiral\/#primaryimage","url":"https:\/\/activeluxe-cosmetics.com\/hu\/wp-content\/uploads\/2024\/01\/Glamour_Lash.jpg","contentUrl":"https:\/\/activeluxe-cosmetics.com\/hu\/wp-content\/uploads\/2024\/01\/Glamour_Lash.jpg","width":773,"height":999},{"@type":"BreadcrumbList","@id":"https:\/\/activeluxe-cosmetics.com\/hu\/termek\/glamour-lash-szempillaspiral\/#breadcrumb","itemListElement":[{"@type":"ListItem","position":1,"name":"C\u00edmlap","item":"https:\/\/activeluxe-cosmetics.com\/hu\/"},{"@type":"ListItem","position":2,"name":"\u00dczlet","item":"https:\/\/activeluxe-cosmetics.com\/hu\/uzlet\/"},{"@type":"ListItem","position":3,"name":"Glamour Lash szempillaspir\u00e1l"}]},{"@type":"WebSite","@id":"https:\/\/activeluxe-cosmetics.com\/hu\/#website","url":"https:\/\/activeluxe-cosmetics.com\/hu\/","name":"Active Luxe Cosmetics","description":"","potentialAction":[{"@type":"SearchAction","target":{"@type":"EntryPoint","urlTemplate":"https:\/\/activeluxe-cosmetics.com\/hu\/?s={search_term_string}"},"query-input":{"@type":"PropertyValueSpecification","valueRequired":true,"valueName":"search_term_string"}}],"inLanguage":"hu"}]}},"_links":{"self":[{"href":"https:\/\/activeluxe-cosmetics.com\/hu\/wp-json\/wp\/v2\/product\/72179","targetHints":{"allow":["GET"]}}],"collection":[{"href":"https:\/\/activeluxe-cosmetics.com\/hu\/wp-json\/wp\/v2\/product"}],"about":[{"href":"https:\/\/activeluxe-cosmetics.com\/hu\/wp-json\/wp\/v2\/types\/product"}],"replies":[{"embeddable":true,"href":"https:\/\/activeluxe-cosmetics.com\/hu\/wp-json\/wp\/v2\/comments?post=72179"}],"wp:featuredmedia":[{"embeddable":true,"href":"https:\/\/activeluxe-cosmetics.com\/hu\/wp-json\/wp\/v2\/media\/81165"}],"wp:attachment":[{"href":"https:\/\/activeluxe-cosmetics.com\/hu\/wp-json\/wp\/v2\/media?parent=72179"}],"wp:term":[{"taxonomy":"product_brand","embeddable":true,"href":"https:\/\/activeluxe-cosmetics.com\/hu\/wp-json\/wp\/v2\/product_brand?post=72179"},{"taxonomy":"product_cat","embeddable":true,"href":"https:\/\/activeluxe-cosmetics.com\/hu\/wp-json\/wp\/v2\/product_cat?post=72179"},{"taxonomy":"product_tag","embeddable":true,"href":"https:\/\/activeluxe-cosmetics.com\/hu\/wp-json\/wp\/v2\/product_tag?post=72179"}],"curies":[{"name":"wp","href":"https:\/\/api.w.org\/{rel}","templated":true}]}}