{"id":82782,"date":"2024-04-09T07:13:02","date_gmt":"2024-04-09T07:13:02","guid":{"rendered":"https:\/\/activeluxe-cosmetics.com\/hu\/?page_id=82782"},"modified":"2025-02-14T14:13:33","modified_gmt":"2025-02-14T14:13:33","slug":"egyuttmukodes","status":"publish","type":"page","link":"https:\/\/activeluxe-cosmetics.com\/hu\/egyuttmukodes\/","title":{"rendered":"Egy\u00fcttm\u0171k\u00f6d\u00e9s"},"content":{"rendered":"\n\t<section class=\"section\" id=\"section_918763702\">\n\t\t<div class=\"bg section-bg fill bg-fill  bg-loaded\" >\n\n\t\t\t\n\t\t\t\n\t\t\t\n\n\t\t<\/div>\n\n\t\t\n\n\t\t<div class=\"section-content relative\">\n\t\t\t\n\n<div class=\"row align-center\"  id=\"row-1349864523\">\n\n\n\t<div id=\"col-252309095\" class=\"col medium-6 small-12 large-6\"  >\n\t\t\t\t<div class=\"col-inner text-center\"  >\n\t\t\t\n\t\t\t\n\n\t<div class=\"img has-hover al-img-auto x md-x lg-x y md-y lg-y\" id=\"image_299889772\">\n\t\t\t\t\t\t\t\t<div class=\"img-inner dark\" >\n\t\t\t\t\t\t\t\t\t\n\t\t\t\t\t<\/div>\n\t\t\t\t\t\t\t\t\n<style>\n#image_299889772 {\n  width: 100%;\n}\n<\/style>\n\t<\/div>\n\t\n\n\t<div id=\"text-2442495731\" class=\"text al-p-48\">\n\t\t\n\n<h2>Szeretn\u00e9l akt\u00edvan r\u00e9szt venni? <strong> Vedd fel vel\u00fcnk a kapcsolatot, \u00e9s vegy\u00e9l r\u00e9szt benne!<\/strong><\/h2>\n\t\t\t<\/div>\n\t\n\n\t\t<\/div>\n\t\t\t\t\t<\/div>\n\n\t\n\n\n<style>\n#row-1349864523 > .col > .col-inner {\n  padding: 0px 0px 0px 0px;\n}\n@media (min-width:550px) {\n  #row-1349864523 > .col > .col-inner {\n    padding: 30px 0px 0px 0px;\n  }\n}\n<\/style>\n<\/div>\n\n\t\t<\/div>\n\n\t\t\n<style>\n#section_918763702 {\n  padding-top: 30px;\n  padding-bottom: 30px;\n}\n@media (min-width:550px) {\n  #section_918763702 {\n    padding-top: 50px;\n    padding-bottom: 50px;\n  }\n}\n<\/style>\n\t<\/section>\n\t\n\t<section class=\"section\" id=\"section_118873226\">\n\t\t<div class=\"bg section-bg fill bg-fill  bg-loaded\" >\n\n\t\t\t\n\t\t\t\n\t\t\t\n\n\t\t<\/div>\n\n\t\t\n\n\t\t<div class=\"section-content relative\">\n\t\t\t\n\n<div class=\"row align-middle\"  id=\"row-837124729\">\n\n\n\t<div id=\"col-418429793\" class=\"col medium-6 small-12 large-6\"  >\n\t\t\t\t<div class=\"col-inner\"  >\n\t\t\t\n\t\t\t\n\n\t<div class=\"img has-hover x md-x lg-x y md-y lg-y\" id=\"image_1419156287\">\n\t\t\t\t\t\t\t\t<div class=\"img-inner dark\" >\n\t\t\t<img loading=\"lazy\" decoding=\"async\" width=\"610\" height=\"645\" src=\"https:\/\/activeluxe-cosmetics.com\/hu\/wp-content\/uploads\/2024\/04\/Group-563-1.jpg\" class=\"attachment-original size-original\" alt=\"\" srcset=\"https:\/\/activeluxe-cosmetics.com\/hu\/wp-content\/uploads\/2024\/04\/Group-563-1.jpg 610w, https:\/\/activeluxe-cosmetics.com\/hu\/wp-content\/uploads\/2024\/04\/Group-563-1-460x486.jpg 460w, https:\/\/activeluxe-cosmetics.com\/hu\/wp-content\/uploads\/2024\/04\/Group-563-1-600x634.jpg 600w\" sizes=\"auto, (max-width: 610px) 100vw, 610px\" \/>\t\t\t\t\t\t\n\t\t\t\t\t<\/div>\n\t\t\t\t\t\t\t\t\n<style>\n#image_1419156287 {\n  width: 100%;\n}\n<\/style>\n\t<\/div>\n\t\n\n\n\t\t<\/div>\n\t\t\t\t\t<\/div>\n\n\t\n\n\t<div id=\"col-1846062960\" class=\"col medium-6 small-12 large-6\"  >\n\t\t\t\t<div class=\"col-inner text-left\"  >\n\t\t\t\n\t\t\t\n\n\t<div id=\"text-3935507611\" class=\"text al-p-40\">\n\t\t\n\n<h3>Pr\u00f3b\u00e1ld <strong>ki a legjobb Active Luxe kozmetikai term\u00e9keket <\/strong> \u00e9s \u00e9lvezd a <strong>kreativit\u00e1st<\/strong>!<\/h3>\n\t\t\t<\/div>\n\t\n\t<div id=\"gap-814048436\" class=\"gap-element clearfix\" style=\"display:block; height:auto;\">\n\t\t\n<style>\n#gap-814048436 {\n  padding-top: 30px;\n}\n<\/style>\n\t<\/div>\n\t\n\n\t<div id=\"text-1028745718\" class=\"text al-p-18\">\n\t\t\n\n<p>\u2714\ufe0e  Szereted a divatot, a term\u00e9szetes sz\u00e9ps\u00e9g\u00e1pol\u00e1s \u00e9s kozmetikumok vil\u00e1g\u00e1t?<\/p>\n<p>\u00a0<\/p>\n<p>\u2714\ufe0e Szeretsz \u00e9rdekes tartalmakat k\u00e9sz\u00edteni a k\u00f6z\u00f6ss\u00e9gi m\u00e9di\u00e1ban?<\/p>\n<p>\u00a0<\/p>\n<p>\u2714\ufe0e Szeretn\u00e9l sz\u00f3rakozni \u00e9s nagyszer\u0171 sz\u00e9ps\u00e9g\u00e1pol\u00e1si term\u00e9keket kipr\u00f3b\u00e1lni?<\/p>\n<p>\u00a0<\/p>\n<p><strong>Akkor t\u00e9ged keres\u00fcnk! \ud83e\udd70<\/strong><\/p>\n\t\t\t<\/div>\n\t\n\n\t\t<\/div>\n\t\t\t\t\n<style>\n#col-1846062960 > .col-inner {\n  padding: 0px 0px 0px 0px;\n}\n@media (min-width:550px) {\n  #col-1846062960 > .col-inner {\n    padding: 0px 30px 0px 30px;\n  }\n}\n<\/style>\n\t<\/div>\n\n\t\n\n<\/div>\n\t<div id=\"gap-294725570\" class=\"gap-element clearfix\" style=\"display:block; height:auto;\">\n\t\t\n<style>\n#gap-294725570 {\n  padding-top: 30px;\n}\n@media (min-width:550px) {\n  #gap-294725570 {\n    padding-top: 60px;\n  }\n}\n<\/style>\n\t<\/div>\n\t\n\n<div class=\"row align-middle\"  id=\"row-675825387\">\n\n\n\t<div id=\"col-1890906124\" class=\"col medium-6 small-12 large-6\"  >\n\t\t\t\t<div class=\"col-inner text-left\"  >\n\t\t\t\n\t\t\t\n\n\t<div id=\"text-2804918205\" class=\"text al-p-40\">\n\t\t\n\n<h3><strong>L\u00e9gy <\/strong> az <strong>Active Luxe Cosmetics k\u00f6z\u00f6ss\u00e9g\u00fcnk tagja<\/strong><\/h3>\n\t\t\t<\/div>\n\t\n\t<div id=\"gap-351426102\" class=\"gap-element clearfix\" style=\"display:block; height:auto;\">\n\t\t\n<style>\n#gap-351426102 {\n  padding-top: 30px;\n}\n<\/style>\n\t<\/div>\n\t\n\n\t<div id=\"text-1502533724\" class=\"text al-p-18\">\n\t\t\n\n<p>Hangs\u00falyozd ki a term\u00e9szetes sz\u00e9ps\u00e9ged pr\u00e9mium Active Luxe term\u00e9kekkel, pr\u00f3b\u00e1ld ki \u0151ket, \u00e9s csomagold mindezt aranyos fot\u00f3kba \u00e9s vide\u00f3s tartalmakba.<\/p>\n<p>\u00a0<\/p>\n<p>Jelentkez\u00e9shez k\u00e9rj\u00fck:<\/p>\n<p>\u00a0<\/p>\n<p>\u2714\ufe0e  k\u00fcldj egy r\u00f6vid le\u00edr\u00e1st magadr\u00f3l \u00e9s,<\/p>\n<p>\u2714\ufe0e  a k\u00f6z\u00f6ss\u00e9gi profiljaid r\u00f6vid le\u00edr\u00e1s\u00e1t,<\/p>\n\t\t\t<\/div>\n\t\n\n\t\t<\/div>\n\t\t\t\t\n<style>\n#col-1890906124 > .col-inner {\n  padding: 0px 0px 0px 0px;\n}\n@media (min-width:550px) {\n  #col-1890906124 > .col-inner {\n    padding: 0px 60px 0px 0px;\n  }\n}\n<\/style>\n\t<\/div>\n\n\t\n\n\t<div id=\"col-99428977\" class=\"col medium-6 small-12 large-6 small-col-first\"  >\n\t\t\t\t<div class=\"col-inner\"  >\n\t\t\t\n\t\t\t\n\n\t<div class=\"img has-hover x md-x lg-x y md-y lg-y\" id=\"image_2143197576\">\n\t\t\t\t\t\t\t\t<div class=\"img-inner dark\" >\n\t\t\t<img loading=\"lazy\" decoding=\"async\" width=\"610\" height=\"646\" src=\"https:\/\/activeluxe-cosmetics.com\/hu\/wp-content\/uploads\/2024\/04\/Group-565-1.jpg\" class=\"attachment-original size-original\" alt=\"\" srcset=\"https:\/\/activeluxe-cosmetics.com\/hu\/wp-content\/uploads\/2024\/04\/Group-565-1.jpg 610w, https:\/\/activeluxe-cosmetics.com\/hu\/wp-content\/uploads\/2024\/04\/Group-565-1-460x487.jpg 460w, https:\/\/activeluxe-cosmetics.com\/hu\/wp-content\/uploads\/2024\/04\/Group-565-1-600x635.jpg 600w\" sizes=\"auto, (max-width: 610px) 100vw, 610px\" \/>\t\t\t\t\t\t\n\t\t\t\t\t<\/div>\n\t\t\t\t\t\t\t\t\n<style>\n#image_2143197576 {\n  width: 100%;\n}\n<\/style>\n\t<\/div>\n\t\n\n\n\t\t<\/div>\n\t\t\t\t\t<\/div>\n\n\t\n\n<\/div>\n\n\t\t<\/div>\n\n\t\t\n<style>\n#section_118873226 {\n  padding-top: 0px;\n  padding-bottom: 0px;\n}\n@media (min-width:550px) {\n  #section_118873226 {\n    padding-top: 30px;\n    padding-bottom: 30px;\n  }\n}\n<\/style>\n\t<\/section>\n\t\n\t<div id=\"gap-1318037953\" class=\"gap-element clearfix\" style=\"display:block; height:auto;\">\n\t\t\n<style>\n#gap-1318037953 {\n  padding-top: 40px;\n}\n<\/style>\n\t<\/div>\n\t\n\n\t<section class=\"section\" id=\"section_1318360957\">\n\t\t<div class=\"bg section-bg fill bg-fill  \" >\n\n\t\t\t\n\t\t\t\n\t\t\t\n\n\t\t<\/div>\n\n\t\t\n\n\t\t<div class=\"section-content relative\">\n\t\t\t\n\n<div class=\"row align-center\"  id=\"row-999398240\">\n\n\n\t<div id=\"col-802703679\" class=\"col medium-11 small-12 large-11\"  >\n\t\t\t\t<div class=\"col-inner text-center\"  >\n\t\t\t\n\t\t\t\n\n\t<div id=\"text-1729438180\" class=\"text al-p-40\">\n\t\t\n\n<h3><strong>Hol lehet jelentkezni?<\/strong><\/h3>\n\t\t\t<\/div>\n\t\n\t<div id=\"gap-413497244\" class=\"gap-element clearfix\" style=\"display:block; height:auto;\">\n\t\t\n<style>\n#gap-413497244 {\n  padding-top: 30px;\n}\n<\/style>\n\t<\/div>\n\t\n\n\t<div id=\"text-1687320570\" class=\"text al-p-20\">\n\t\t\n\n<p>L\u00e9pj kapcsolatba vel\u00fcnk <a href=\"mailto:collabslo@activeluxe-cosmetics.com\"><em><strong>collab@activeluxe-cosmetics.com<\/strong><\/em><\/a>\u00a0<\/p>\n<p>Megbesz\u00e9lj\u00fck, hogyan tudunk egy\u00fctt dolgozni, \u00e9s v\u00e1laszolunk minden k\u00e9rd\u00e9sedre. \ud83d\ude42<\/p>\n\t\t\t<\/div>\n\t\n\n\t\t<\/div>\n\t\t\t\t\n<style>\n#col-802703679 > .col-inner {\n  padding: 0px 0px 0px 0px;\n}\n@media (min-width:550px) {\n  #col-802703679 > .col-inner {\n    padding: 50px 0px 50px 0px;\n  }\n}\n<\/style>\n\t<\/div>\n\n\t\n\n<\/div>\n\n\t\t<\/div>\n\n\t\t\n<style>\n#section_1318360957 {\n  padding-top: 30px;\n  padding-bottom: 30px;\n}\n#section_1318360957 .section-bg.bg-loaded {\n  background-image: url(https:\/\/activeluxe-cosmetics.com\/hu\/wp-content\/uploads\/2024\/04\/Mask-group-15.jpg);\n}\n#section_1318360957 .section-bg {\n  background-position: top;\n}\n<\/style>\n\t<\/section>\n\t\n\t<section class=\"section\" id=\"section_85354641\">\n\t\t<div class=\"bg section-bg fill bg-fill  bg-loaded\" >\n\n\t\t\t\n\t\t\t\n\t\t\t\n\n\t\t<\/div>\n\n\t\t\n\n\t\t<div class=\"section-content relative\">\n\t\t\t\n\n<div class=\"row\"  id=\"row-3569564\">\n\n\n\t<div id=\"col-175121072\" class=\"col small-12 large-12\"  >\n\t\t\t\t<div class=\"col-inner text-center\"  >\n\t\t\t\n\t\t\t\n\n\t<div id=\"text-2448566321\" class=\"text al-p-22\">\n\t\t\n\n<p>V\u00e1rjuk a k\u00f6z\u00f6s munk\u00e1t!<\/p>\n\t\t\t<\/div>\n\t\n\n\t\t<\/div>\n\t\t\t\t\t<\/div>\n\n\t\n\n<\/div>\n\n\t\t<\/div>\n\n\t\t\n<style>\n#section_85354641 {\n  padding-top: 30px;\n  padding-bottom: 30px;\n}\n@media (min-width:550px) {\n  #section_85354641 {\n    padding-top: 50px;\n    padding-bottom: 50px;\n  }\n}\n<\/style>\n\t<\/section>\n\t\n\n","protected":false},"excerpt":{"rendered":"","protected":false},"author":6,"featured_media":0,"parent":0,"menu_order":0,"comment_status":"closed","ping_status":"closed","template":"","meta":{"footnotes":""},"class_list":["post-82782","page","type-page","status-publish","hentry"],"acf":[],"yoast_head":"<!-- This site is optimized with the Yoast SEO plugin v26.5 - https:\/\/yoast.com\/wordpress\/plugins\/seo\/ -->\n<title>Egy\u00fcttm\u0171k\u00f6d\u00e9s - Active Luxe Cosmetics<\/title>\n<meta name=\"robots\" content=\"noindex, follow, max-snippet:-1, max-image-preview:large, max-video-preview:-1\" \/>\n<meta property=\"og:locale\" content=\"hu_HU\" \/>\n<meta property=\"og:type\" content=\"article\" \/>\n<meta property=\"og:title\" content=\"Egy\u00fcttm\u0171k\u00f6d\u00e9s - Active Luxe Cosmetics\" \/>\n<meta property=\"og:url\" content=\"https:\/\/activeluxe-cosmetics.com\/hu\/egyuttmukodes\/\" \/>\n<meta property=\"og:site_name\" content=\"Active Luxe Cosmetics\" \/>\n<meta property=\"article:modified_time\" content=\"2025-02-14T14:13:33+00:00\" \/>\n<meta name=\"twitter:card\" content=\"summary_large_image\" \/>\n<meta name=\"twitter:label1\" content=\"Becs\u00fclt olvas\u00e1si id\u0151\" \/>\n\t<meta name=\"twitter:data1\" content=\"2 perc\" \/>\n<script type=\"application\/ld+json\" class=\"yoast-schema-graph\">{\"@context\":\"https:\/\/schema.org\",\"@graph\":[{\"@type\":\"WebPage\",\"@id\":\"https:\/\/activeluxe-cosmetics.com\/hu\/egyuttmukodes\/\",\"url\":\"https:\/\/activeluxe-cosmetics.com\/hu\/egyuttmukodes\/\",\"name\":\"Egy\u00fcttm\u0171k\u00f6d\u00e9s - Active Luxe Cosmetics\",\"isPartOf\":{\"@id\":\"https:\/\/activeluxe-cosmetics.com\/hu\/#website\"},\"datePublished\":\"2024-04-09T07:13:02+00:00\",\"dateModified\":\"2025-02-14T14:13:33+00:00\",\"breadcrumb\":{\"@id\":\"https:\/\/activeluxe-cosmetics.com\/hu\/egyuttmukodes\/#breadcrumb\"},\"inLanguage\":\"hu\",\"potentialAction\":[{\"@type\":\"ReadAction\",\"target\":[\"https:\/\/activeluxe-cosmetics.com\/hu\/egyuttmukodes\/\"]}]},{\"@type\":\"BreadcrumbList\",\"@id\":\"https:\/\/activeluxe-cosmetics.com\/hu\/egyuttmukodes\/#breadcrumb\",\"itemListElement\":[{\"@type\":\"ListItem\",\"position\":1,\"name\":\"C\u00edmlap\",\"item\":\"https:\/\/activeluxe-cosmetics.com\/hu\/\"},{\"@type\":\"ListItem\",\"position\":2,\"name\":\"Egy\u00fcttm\u0171k\u00f6d\u00e9s\"}]},{\"@type\":\"WebSite\",\"@id\":\"https:\/\/activeluxe-cosmetics.com\/hu\/#website\",\"url\":\"https:\/\/activeluxe-cosmetics.com\/hu\/\",\"name\":\"Active Luxe Cosmetics\",\"description\":\"\",\"potentialAction\":[{\"@type\":\"SearchAction\",\"target\":{\"@type\":\"EntryPoint\",\"urlTemplate\":\"https:\/\/activeluxe-cosmetics.com\/hu\/?s={search_term_string}\"},\"query-input\":{\"@type\":\"PropertyValueSpecification\",\"valueRequired\":true,\"valueName\":\"search_term_string\"}}],\"inLanguage\":\"hu\"}]}<\/script>\n<!-- \/ Yoast SEO plugin. -->","yoast_head_json":{"title":"Egy\u00fcttm\u0171k\u00f6d\u00e9s - Active Luxe Cosmetics","robots":{"index":"noindex","follow":"follow","max-snippet":"max-snippet:-1","max-image-preview":"max-image-preview:large","max-video-preview":"max-video-preview:-1"},"og_locale":"hu_HU","og_type":"article","og_title":"Egy\u00fcttm\u0171k\u00f6d\u00e9s - Active Luxe Cosmetics","og_url":"https:\/\/activeluxe-cosmetics.com\/hu\/egyuttmukodes\/","og_site_name":"Active Luxe Cosmetics","article_modified_time":"2025-02-14T14:13:33+00:00","twitter_card":"summary_large_image","twitter_misc":{"Becs\u00fclt olvas\u00e1si id\u0151":"2 perc"},"schema":{"@context":"https:\/\/schema.org","@graph":[{"@type":"WebPage","@id":"https:\/\/activeluxe-cosmetics.com\/hu\/egyuttmukodes\/","url":"https:\/\/activeluxe-cosmetics.com\/hu\/egyuttmukodes\/","name":"Egy\u00fcttm\u0171k\u00f6d\u00e9s - Active Luxe Cosmetics","isPartOf":{"@id":"https:\/\/activeluxe-cosmetics.com\/hu\/#website"},"datePublished":"2024-04-09T07:13:02+00:00","dateModified":"2025-02-14T14:13:33+00:00","breadcrumb":{"@id":"https:\/\/activeluxe-cosmetics.com\/hu\/egyuttmukodes\/#breadcrumb"},"inLanguage":"hu","potentialAction":[{"@type":"ReadAction","target":["https:\/\/activeluxe-cosmetics.com\/hu\/egyuttmukodes\/"]}]},{"@type":"BreadcrumbList","@id":"https:\/\/activeluxe-cosmetics.com\/hu\/egyuttmukodes\/#breadcrumb","itemListElement":[{"@type":"ListItem","position":1,"name":"C\u00edmlap","item":"https:\/\/activeluxe-cosmetics.com\/hu\/"},{"@type":"ListItem","position":2,"name":"Egy\u00fcttm\u0171k\u00f6d\u00e9s"}]},{"@type":"WebSite","@id":"https:\/\/activeluxe-cosmetics.com\/hu\/#website","url":"https:\/\/activeluxe-cosmetics.com\/hu\/","name":"Active Luxe Cosmetics","description":"","potentialAction":[{"@type":"SearchAction","target":{"@type":"EntryPoint","urlTemplate":"https:\/\/activeluxe-cosmetics.com\/hu\/?s={search_term_string}"},"query-input":{"@type":"PropertyValueSpecification","valueRequired":true,"valueName":"search_term_string"}}],"inLanguage":"hu"}]}},"_links":{"self":[{"href":"https:\/\/activeluxe-cosmetics.com\/hu\/wp-json\/wp\/v2\/pages\/82782","targetHints":{"allow":["GET"]}}],"collection":[{"href":"https:\/\/activeluxe-cosmetics.com\/hu\/wp-json\/wp\/v2\/pages"}],"about":[{"href":"https:\/\/activeluxe-cosmetics.com\/hu\/wp-json\/wp\/v2\/types\/page"}],"author":[{"embeddable":true,"href":"https:\/\/activeluxe-cosmetics.com\/hu\/wp-json\/wp\/v2\/users\/6"}],"replies":[{"embeddable":true,"href":"https:\/\/activeluxe-cosmetics.com\/hu\/wp-json\/wp\/v2\/comments?post=82782"}],"version-history":[{"count":7,"href":"https:\/\/activeluxe-cosmetics.com\/hu\/wp-json\/wp\/v2\/pages\/82782\/revisions"}],"predecessor-version":[{"id":84676,"href":"https:\/\/activeluxe-cosmetics.com\/hu\/wp-json\/wp\/v2\/pages\/82782\/revisions\/84676"}],"wp:attachment":[{"href":"https:\/\/activeluxe-cosmetics.com\/hu\/wp-json\/wp\/v2\/media?parent=82782"}],"curies":[{"name":"wp","href":"https:\/\/api.w.org\/{rel}","templated":true}]}}