{"id":80941,"date":"2024-01-29T12:43:41","date_gmt":"2024-01-29T12:43:41","guid":{"rendered":"https:\/\/activeluxe-cosmetics.com\/hu\/?page_id=80941"},"modified":"2024-06-14T11:42:33","modified_gmt":"2024-06-14T11:42:33","slug":"arak-es-fizetesi-modok","status":"publish","type":"page","link":"https:\/\/activeluxe-cosmetics.com\/hu\/arak-es-fizetesi-modok\/","title":{"rendered":"\u00c1rak \u00e9s fizet\u00e9si m\u00f3dok"},"content":{"rendered":"\n\t<section class=\"section al-page-title-section\" id=\"section_1770644442\">\n\t\t<div class=\"bg section-bg fill bg-fill  bg-loaded\" >\n\n\t\t\t\n\t\t\t\n\t\t\t\n\n\t\t<\/div>\n\n\t\t\n\n\t\t<div class=\"section-content relative\">\n\t\t\t\n\n<div class=\"row\"  id=\"row-695609635\">\n\n\n\t<div id=\"col-229549807\" class=\"col small-12 large-12\"  >\n\t\t\t\t<div class=\"col-inner\"  >\n\t\t\t\n\t\t\t\n\n\t<div id=\"text-965039011\" class=\"text al-p-48\">\n\t\t\n\n<h2>\u00c1rak \u00e9s fizet\u00e9si m\u00f3dok<\/h2>\n\t\t\n<style>\n#text-965039011 {\n  text-align: center;\n}\n<\/style>\n\t<\/div>\n\t\n\n\t\t<\/div>\n\t\t\t\t\t<\/div>\n\n\t\n\n<\/div>\n\n\t\t<\/div>\n\n\t\t\n<style>\n#section_1770644442 {\n  padding-top: 50px;\n  padding-bottom: 50px;\n}\n<\/style>\n\t<\/section>\n\t\n\t<section class=\"section\" id=\"section_1793629307\">\n\t\t<div class=\"bg section-bg fill bg-fill  bg-loaded\" >\n\n\t\t\t\n\t\t\t\n\t\t\t\n\n\t\t<\/div>\n\n\t\t\n\n\t\t<div class=\"section-content relative\">\n\t\t\t\n\n<div class=\"row\"  id=\"row-1519187826\">\n\n\n\t<div id=\"col-1005116583\" class=\"col small-12 large-12\"  >\n\t\t\t\t<div class=\"col-inner\"  >\n\t\t\t\n\t\t\t\n\n\t<div id=\"text-345761404\" class=\"text al-p-16\">\n\t\t\n\n<p><span style=\"font-weight: 400;\">Az online \u00e1r a weboldalon kereszt\u00fcl leadott megrendel\u00e9sekre vonatkozik, v\u00e1ltozhat \u00e9s a kedvezm\u00e9nyt m\u00e1r levont\u00e1k bel\u0151le.<\/span><\/p>\n<p><span style=\"font-weight: 400;\">Online fizet\u00e9si lehet\u0151s\u00e9g:<\/span><\/p>\n<ul>\n<li style=\"font-weight: 400;\" aria-level=\"1\"><span style=\"font-weight: 400;\">ut\u00e1nv\u00e9tel: k\u00e9szp\u00e9nzben fizethet a fut\u00e1rn\u00e1l. Ennek \u00e1r\u00e1t felt\u00fcntetj\u00fck a weboldalon a megrendel\u00e9s sor\u00e1n (+ sz\u00e1ll\u00edt\u00e1si k\u00f6lts\u00e9g 3,80). F\u00fcggetlen\u00fcl att\u00f3l, hogy milyen fizet\u00e9si m\u00f3dot v\u00e1laszt, a megrendelt term\u00e9kekr\u0151l ki\u00e1ll\u00edtott sz\u00e1ml\u00e1t k\u00f6zvetlen\u00fcl a csomag k\u00e9zbes\u00edt\u00e9s\u00e9t k\u00f6vet\u0151en (.pdf form\u00e1tumban) az \u00d6n e-mail c\u00edm\u00e9n, vagy fizikai form\u00e1ban k\u00f6zvetlen\u00fcl a csomagodban tal\u00e1lja,<\/span><\/li>\n<li style=\"font-weight: 400;\" aria-level=\"1\"><span style=\"font-weight: 400;\">banki \u00e1tutal\u00e1ssal a Medilip d.o.o. sz\u00e1ml\u00e1j\u00e1ra (aj\u00e1nlat\/d\u00edjbek\u00e9r\u0151 alapj\u00e1n),<\/span><\/li>\n<li style=\"font-weight: 400;\" aria-level=\"1\"><span style=\"font-weight: 400;\">paypallal<\/span><\/li>\n<li style=\"font-weight: 400;\" aria-level=\"1\"><span style=\"font-weight: 400;\">bankk\u00e1rty\u00e1val.<\/span><\/li>\n<\/ul>\n<p><span style=\"font-weight: 400;\">A term\u00e9k \u00e1ra a megrendel\u00e9s napj\u00e1n k\u00f6zz\u00e9tett \u00e1r. Sz\u00e1ll\u00edt\u00e1si k\u00f6lts\u00e9g \u20ac3.80.<\/span><\/p>\n<p><span style=\"font-weight: 400;\">21990 Ft feletti egyszeri rendel\u00e9s eset\u00e9n a kisz\u00e1ll\u00edt\u00e1s ingyenes.<\/span><\/p>\n<p><span style=\"font-weight: 400;\">Az aj\u00e1nlat \u00e9s az \u00e1rak a k\u00e9szlet erej\u00e9ig, illetve a megrendel\u00e9s \u00edr\u00e1sbeli visszavon\u00e1s\u00e1ig \u00e9rv\u00e9nyesek. Minden \u00e1r tartalmazza az \u00c1FA-t. Minden term\u00e9ken 22%-os az \u00c1FA. A f\u00e9nyk\u00e9pek kiz\u00e1r\u00f3lag szeml\u00e9ltet\u0151 jelleg\u0171ek, \u00e9s nem mindig t\u00fckr\u00f6zik a val\u00f3s term\u00e9ket. Fenntartjuk a jogot a weboldal \u00e9s egy\u00e9b hirdet\u00e9sek el\u0151zetes \u00e9rtes\u00edt\u00e9s n\u00e9lk\u00fcli m\u00f3dos\u00edt\u00e1s\u00e1ra \u00e9s a hib\u00e1kra. Ha b\u00e1rmilyen okb\u00f3l nem vagy el\u00e9gedett a megv\u00e1s\u00e1rolt \u00e1ruval, akkor azt a k\u00fcldem\u00e9ny \u00e1tv\u00e9tel\u00e9t\u0151l sz\u00e1m\u00edtott 15 napon bel\u00fcl a <\/span><i><span style=\"font-weight: 400;\">fogyaszt\u00f3v\u00e9delmi t\u00f6rv\u00e9ny (ZVPot<\/span><\/i><span style=\"font-weight: 400;\">) \u00e9rtelm\u00e9ben indokl\u00e1s n\u00e9lk\u00fcl vissza kell k\u00fcldened nek\u00fcnk.<\/span><\/p>\n<p>\u00a0<\/p>\n<h5><b>Szem\u00e9lyes adatok v\u00e9delme<\/b><\/h5>\n<p><span style=\"font-weight: 400;\">Az elad\u00f3 biztos\u00edtja a felhaszn\u00e1l\u00f3 valamennyi szem\u00e9lyes adat\u00e1nak v\u00e9delm\u00e9t. Az elad\u00f3 hat\u00e1rozatlan ideig t\u00e1rolja az online h\u00edrlev\u00e9lre feliratkoz\u00f3 felhaszn\u00e1l\u00f3k k\u00f6vetkez\u0151 adatait: vezet\u00e9k- \u00e9s keresztn\u00e9v, e-mail c\u00edm. Az elad\u00f3 a szem\u00e9lyes adatokat kiz\u00e1r\u00f3lag az online h\u00edrlev\u00e9l k\u00fcld\u00e9se c\u00e9lj\u00e1b\u00f3l haszn\u00e1lja fel. A felhaszn\u00e1l\u00f3i adatokat semmilyen k\u00f6r\u00fclm\u00e9nyek k\u00f6z\u00f6tt nem adjuk \u00e1t illet\u00e9ktelen szem\u00e9lyeknek. A felhaszn\u00e1l\u00f3 is felel a szem\u00e9lyes adatai v\u00e9delm\u00e9\u00e9rt: gondoskodik a felhaszn\u00e1l\u00f3neve \u00e9s jelszava biztons\u00e1g\u00e1r\u00f3l, valamint a megfelel\u0151 szoftver (v\u00edrusirt\u00f3) telep\u00edt\u00e9s\u00e9r\u0151l a sz\u00e1m\u00edt\u00f3g\u00e9p\u00e9re.<\/span><\/p>\n<p><span style=\"font-weight: 400;\">\u00a0<\/span><\/p>\n<h5><b>Panaszok \u00e9s jogvit\u00e1k kezel\u00e9se<\/b><\/h5>\n<p><span style=\"font-weight: 400;\">Az elad\u00f3 betartja a vonatkoz\u00f3 fogyaszt\u00f3v\u00e9delmi jogszab\u00e1lyokat. Az elad\u00f3 mindent megtesz annak \u00e9rdek\u00e9ben, hogy eleget tegyen a hat\u00e9kony panaszkezel\u00e9si rendszer l\u00e9trehoz\u00e1s\u00e1ra vonatkoz\u00f3 k\u00f6telezetts\u00e9g\u00e9nek, \u00e9s kijel\u00f6l egy olyan szem\u00e9lyt, akivel a vev\u0151 probl\u00e9ma eset\u00e9n telefonon vagy e-mailben kapcsolatba l\u00e9phet. A panaszokat az info@medilip.si e-mail c\u00edmere lehet bek\u00fcldeni. A panaszelj\u00e1r\u00e1s bizalmas. A szolg\u00e1ltat\u00f3 tiszt\u00e1ban van vele, hogy a fogyaszt\u00f3i jogvita egyik l\u00e9nyeges jellemz\u0151je &#8211; legal\u00e1bbis a b\u00edr\u00f3s\u00e1g \u00e1ltali rendez\u00e9s tekintet\u00e9ben &#8211; a k\u00f6vetel\u00e9s gazdas\u00e1gi \u00e9rt\u00e9ke \u00e9s a jogvita rendez\u00e9s\u00e9nek k\u00f6lts\u00e9gei k\u00f6z\u00f6tti ar\u00e1nytalans\u00e1g. Ez szint\u00e9n jelent\u0151s akad\u00e1ly k\u00e9pez abban, hogy a fogyaszt\u00f3 b\u00edr\u00f3s\u00e1g el\u00e9 vigye a jogvit\u00e1t. Ez\u00e9rt a szolg\u00e1ltat\u00f3nak a legjobb tud\u00e1sa szerint t\u00f6rekednie kell a vit\u00e1s k\u00e9rd\u00e9sek b\u00e9k\u00e9s \u00faton t\u00f6rt\u00e9n\u0151 rendez\u00e9s\u00e9re.<\/span><\/p>\n<p><span style=\"font-weight: 400;\">\u00a0<\/span><\/p>\n<h5><b>V\u00e9lem\u00e9ny, javaslatok<\/b><\/h5>\n<p><span style=\"font-weight: 400;\">Javaslatait \u00e9s \u00e9szrev\u00e9teleit sz\u00edvesen fogadjuk. A k\u00f6vetkez\u0151 c\u00edmen veheti fel vel\u00fcnk a kapcsolatot: info@activeluxe-cosmetics.com<\/span><\/p>\n<p><span style=\"font-weight: 400;\">\u00d6r\u00f6mmel fogadjuk \u00e9szrev\u00e9teleit, \u00e9s k\u00f6sz\u00f6nj\u00fck a visszajelz\u00e9s\u00e9t!<\/span><\/p>\n\t\t\t<\/div>\n\t\n\n\t\t<\/div>\n\t\t\t\t\t<\/div>\n\n\t\n\n<\/div>\n\n\t\t<\/div>\n\n\t\t\n<style>\n#section_1793629307 {\n  padding-top: 30px;\n  padding-bottom: 30px;\n}\n<\/style>\n\t<\/section>\n\t\n\n","protected":false},"excerpt":{"rendered":"","protected":false},"author":6,"featured_media":0,"parent":0,"menu_order":0,"comment_status":"closed","ping_status":"closed","template":"","meta":{"footnotes":""},"class_list":["post-80941","page","type-page","status-publish","hentry"],"acf":[],"yoast_head":"<!-- This site is optimized with the Yoast SEO plugin v26.5 - https:\/\/yoast.com\/wordpress\/plugins\/seo\/ -->\n<title>\u00c1rak \u00e9s fizet\u00e9si m\u00f3dok - Active Luxe Cosmetics<\/title>\n<meta name=\"robots\" content=\"noindex, follow, max-snippet:-1, max-image-preview:large, max-video-preview:-1\" \/>\n<meta property=\"og:locale\" content=\"hu_HU\" \/>\n<meta property=\"og:type\" content=\"article\" \/>\n<meta property=\"og:title\" content=\"\u00c1rak \u00e9s fizet\u00e9si m\u00f3dok - Active Luxe Cosmetics\" \/>\n<meta property=\"og:url\" content=\"https:\/\/activeluxe-cosmetics.com\/hu\/arak-es-fizetesi-modok\/\" \/>\n<meta property=\"og:site_name\" content=\"Active Luxe Cosmetics\" \/>\n<meta property=\"article:modified_time\" content=\"2024-06-14T11:42:33+00:00\" \/>\n<meta name=\"twitter:card\" content=\"summary_large_image\" \/>\n<script type=\"application\/ld+json\" class=\"yoast-schema-graph\">{\"@context\":\"https:\/\/schema.org\",\"@graph\":[{\"@type\":\"WebPage\",\"@id\":\"https:\/\/activeluxe-cosmetics.com\/hu\/arak-es-fizetesi-modok\/\",\"url\":\"https:\/\/activeluxe-cosmetics.com\/hu\/arak-es-fizetesi-modok\/\",\"name\":\"\u00c1rak \u00e9s fizet\u00e9si m\u00f3dok - Active Luxe Cosmetics\",\"isPartOf\":{\"@id\":\"https:\/\/activeluxe-cosmetics.com\/hu\/#website\"},\"datePublished\":\"2024-01-29T12:43:41+00:00\",\"dateModified\":\"2024-06-14T11:42:33+00:00\",\"breadcrumb\":{\"@id\":\"https:\/\/activeluxe-cosmetics.com\/hu\/arak-es-fizetesi-modok\/#breadcrumb\"},\"inLanguage\":\"hu\",\"potentialAction\":[{\"@type\":\"ReadAction\",\"target\":[\"https:\/\/activeluxe-cosmetics.com\/hu\/arak-es-fizetesi-modok\/\"]}]},{\"@type\":\"BreadcrumbList\",\"@id\":\"https:\/\/activeluxe-cosmetics.com\/hu\/arak-es-fizetesi-modok\/#breadcrumb\",\"itemListElement\":[{\"@type\":\"ListItem\",\"position\":1,\"name\":\"C\u00edmlap\",\"item\":\"https:\/\/activeluxe-cosmetics.com\/hu\/\"},{\"@type\":\"ListItem\",\"position\":2,\"name\":\"\u00c1rak \u00e9s fizet\u00e9si m\u00f3dok\"}]},{\"@type\":\"WebSite\",\"@id\":\"https:\/\/activeluxe-cosmetics.com\/hu\/#website\",\"url\":\"https:\/\/activeluxe-cosmetics.com\/hu\/\",\"name\":\"Active Luxe Cosmetics\",\"description\":\"\",\"potentialAction\":[{\"@type\":\"SearchAction\",\"target\":{\"@type\":\"EntryPoint\",\"urlTemplate\":\"https:\/\/activeluxe-cosmetics.com\/hu\/?s={search_term_string}\"},\"query-input\":{\"@type\":\"PropertyValueSpecification\",\"valueRequired\":true,\"valueName\":\"search_term_string\"}}],\"inLanguage\":\"hu\"}]}<\/script>\n<!-- \/ Yoast SEO plugin. -->","yoast_head_json":{"title":"\u00c1rak \u00e9s fizet\u00e9si m\u00f3dok - Active Luxe Cosmetics","robots":{"index":"noindex","follow":"follow","max-snippet":"max-snippet:-1","max-image-preview":"max-image-preview:large","max-video-preview":"max-video-preview:-1"},"og_locale":"hu_HU","og_type":"article","og_title":"\u00c1rak \u00e9s fizet\u00e9si m\u00f3dok - Active Luxe Cosmetics","og_url":"https:\/\/activeluxe-cosmetics.com\/hu\/arak-es-fizetesi-modok\/","og_site_name":"Active Luxe Cosmetics","article_modified_time":"2024-06-14T11:42:33+00:00","twitter_card":"summary_large_image","schema":{"@context":"https:\/\/schema.org","@graph":[{"@type":"WebPage","@id":"https:\/\/activeluxe-cosmetics.com\/hu\/arak-es-fizetesi-modok\/","url":"https:\/\/activeluxe-cosmetics.com\/hu\/arak-es-fizetesi-modok\/","name":"\u00c1rak \u00e9s fizet\u00e9si m\u00f3dok - Active Luxe Cosmetics","isPartOf":{"@id":"https:\/\/activeluxe-cosmetics.com\/hu\/#website"},"datePublished":"2024-01-29T12:43:41+00:00","dateModified":"2024-06-14T11:42:33+00:00","breadcrumb":{"@id":"https:\/\/activeluxe-cosmetics.com\/hu\/arak-es-fizetesi-modok\/#breadcrumb"},"inLanguage":"hu","potentialAction":[{"@type":"ReadAction","target":["https:\/\/activeluxe-cosmetics.com\/hu\/arak-es-fizetesi-modok\/"]}]},{"@type":"BreadcrumbList","@id":"https:\/\/activeluxe-cosmetics.com\/hu\/arak-es-fizetesi-modok\/#breadcrumb","itemListElement":[{"@type":"ListItem","position":1,"name":"C\u00edmlap","item":"https:\/\/activeluxe-cosmetics.com\/hu\/"},{"@type":"ListItem","position":2,"name":"\u00c1rak \u00e9s fizet\u00e9si m\u00f3dok"}]},{"@type":"WebSite","@id":"https:\/\/activeluxe-cosmetics.com\/hu\/#website","url":"https:\/\/activeluxe-cosmetics.com\/hu\/","name":"Active Luxe Cosmetics","description":"","potentialAction":[{"@type":"SearchAction","target":{"@type":"EntryPoint","urlTemplate":"https:\/\/activeluxe-cosmetics.com\/hu\/?s={search_term_string}"},"query-input":{"@type":"PropertyValueSpecification","valueRequired":true,"valueName":"search_term_string"}}],"inLanguage":"hu"}]}},"_links":{"self":[{"href":"https:\/\/activeluxe-cosmetics.com\/hu\/wp-json\/wp\/v2\/pages\/80941","targetHints":{"allow":["GET"]}}],"collection":[{"href":"https:\/\/activeluxe-cosmetics.com\/hu\/wp-json\/wp\/v2\/pages"}],"about":[{"href":"https:\/\/activeluxe-cosmetics.com\/hu\/wp-json\/wp\/v2\/types\/page"}],"author":[{"embeddable":true,"href":"https:\/\/activeluxe-cosmetics.com\/hu\/wp-json\/wp\/v2\/users\/6"}],"replies":[{"embeddable":true,"href":"https:\/\/activeluxe-cosmetics.com\/hu\/wp-json\/wp\/v2\/comments?post=80941"}],"version-history":[{"count":7,"href":"https:\/\/activeluxe-cosmetics.com\/hu\/wp-json\/wp\/v2\/pages\/80941\/revisions"}],"predecessor-version":[{"id":83941,"href":"https:\/\/activeluxe-cosmetics.com\/hu\/wp-json\/wp\/v2\/pages\/80941\/revisions\/83941"}],"wp:attachment":[{"href":"https:\/\/activeluxe-cosmetics.com\/hu\/wp-json\/wp\/v2\/media?parent=80941"}],"curies":[{"name":"wp","href":"https:\/\/api.w.org\/{rel}","templated":true}]}}