{"id":80938,"date":"2024-01-29T12:42:19","date_gmt":"2024-01-29T12:42:19","guid":{"rendered":"https:\/\/activeluxe-cosmetics.com\/hu\/?page_id=80938"},"modified":"2024-06-14T11:23:36","modified_gmt":"2024-06-14T11:23:36","slug":"szallitasi-informaciok","status":"publish","type":"page","link":"https:\/\/activeluxe-cosmetics.com\/hu\/szallitasi-informaciok\/","title":{"rendered":"Sz\u00e1ll\u00edt\u00e1si inform\u00e1ci\u00f3k"},"content":{"rendered":"\n\t<section class=\"section al-page-title-section\" id=\"section_571109450\">\n\t\t<div class=\"bg section-bg fill bg-fill  bg-loaded\" >\n\n\t\t\t\n\t\t\t\n\t\t\t\n\n\t\t<\/div>\n\n\t\t\n\n\t\t<div class=\"section-content relative\">\n\t\t\t\n\n<div class=\"row\"  id=\"row-553728272\">\n\n\n\t<div id=\"col-863611550\" class=\"col small-12 large-12\"  >\n\t\t\t\t<div class=\"col-inner\"  >\n\t\t\t\n\t\t\t\n\n\t<div id=\"text-2918260396\" class=\"text al-p-48\">\n\t\t\n\n<h2>Sz\u00e1ll\u00edt\u00e1si \u00e9s \u00e1tv\u00e9teli hely<\/h2>\n\t\t\n<style>\n#text-2918260396 {\n  text-align: center;\n}\n<\/style>\n\t<\/div>\n\t\n\n\t\t<\/div>\n\t\t\t\t\t<\/div>\n\n\t\n\n<\/div>\n\n\t\t<\/div>\n\n\t\t\n<style>\n#section_571109450 {\n  padding-top: 50px;\n  padding-bottom: 50px;\n}\n<\/style>\n\t<\/section>\n\t\n\t<section class=\"section\" id=\"section_287450662\">\n\t\t<div class=\"bg section-bg fill bg-fill  bg-loaded\" >\n\n\t\t\t\n\t\t\t\n\t\t\t\n\n\t\t<\/div>\n\n\t\t\n\n\t\t<div class=\"section-content relative\">\n\t\t\t\n\n<div class=\"row\"  id=\"row-1091442275\">\n\n\n\t<div id=\"col-1165476461\" class=\"col small-12 large-12\"  >\n\t\t\t\t<div class=\"col-inner\"  >\n\t\t\t\n\t\t\t\n\n\t<div id=\"text-2155107399\" class=\"text al-p-16\">\n\t\t\n\n<h5><b>Sz\u00e1ll\u00edt\u00e1si m\u00f3dok \u00e9s \u00e1rak<\/b><\/h5>\n<p><span style=\"font-weight: 400;\">Sz\u00e1ll\u00edt\u00e1si partnereink a DPD Szlov\u00e9nia, a GLS Szlov\u00e9nia \u00e9s a Szlov\u00e9n Posta, amelyek a legt\u00f6bb csomagot m\u00e1r m\u00e1snap k\u00e9zbes\u00edtik (1-3 munkanap, de legk\u00e9s\u0151bb 5 munkanapon bel\u00fcl).<\/span><\/p>\n<p><span style=\"font-weight: 400;\">A sz\u00e1ll\u00edt\u00e1si d\u00edj Szlov\u00e9nia eg\u00e9sz ter\u00fclet\u00e9n megegyezik: minden 21990 Ft alatti rendel\u00e9s eset\u00e9n 3,80 \u20ac.<\/span><\/p>\n<p><span style=\"font-weight: 400;\">Az 21990 Ft feletti online rendel\u00e9sek eset\u00e9n a kisz\u00e1ll\u00edt\u00e1s ingyenes.<\/span><\/p>\n<p><span style=\"font-weight: 400;\">A megrendelt \u00e1rut a megrendel\u00e9s lead\u00e1sakor megadott c\u00edmre sz\u00e1ll\u00edtjuk. A kisz\u00e1ll\u00edt\u00e1sok h\u00e9tf\u0151t\u0151l p\u00e9ntekig d\u00e9lel\u0151tt t\u00f6rt\u00e9nnek. A web\u00e1ruh\u00e1z semmilyen esetben sem v\u00e1llal felel\u0151ss\u00e9get a sz\u00e1ll\u00edt\u00e1si id\u0151 t\u00fall\u00e9p\u00e9s\u00e9\u00e9rt. Ha az \u00d6n \u00e1ltal megrendelt term\u00e9k nincs rakt\u00e1ron, \u00e9rtes\u00edteni fogjuk r\u00f3la, \u00e9s felaj\u00e1nlunk egy m\u00e1sik term\u00e9ket, vagy megadjuk a megrendelt term\u00e9k sz\u00e1ll\u00edt\u00e1si id\u0151pontj\u00e1t. Minden k\u00fcldem\u00e9nyt a DPD Szlov\u00e9nia sz\u00e1ll\u00edt ki. A Szlov\u00e9n Post\u00e1val feladott, \u00e1t nem vett csomagokat a post\u00e1n veheti \u00e1t att\u00f3l az \u00e9rkez\u00e9s\u00e9t\u0151l sz\u00e1m\u00edtott 15 napon bel\u00fcl.<\/span><\/p>\n<p><span style=\"font-weight: 400;\">A DPD k\u00e9zbes\u00edt\u00e9si szolg\u00e1ltat\u00e1s \u00e1ltal\u00e1nos szerz\u0151d\u00e9si felt\u00e9telei\u00e9rt kattintson <\/span><span style=\"font-weight: 400;\">ide.<\/span><\/p>\n<p><span style=\"font-weight: 400;\">A Szlov\u00e9n Posta \u00e1ltal\u00e1nos szerz\u0151d\u00e9si felt\u00e9telei\u00e9rt kattintson <\/span><span style=\"font-weight: 400;\">ide.<\/span><\/p>\n<h5><b>\u00c1tv\u00e9teli hely<\/b><\/h5>\n<p><span style=\"font-weight: 400;\">Ha szeretn\u00e9, a megrendelt term\u00e9keket c\u00e9g\u00fcnk rakt\u00e1r\u00e1ban (Prvomajska 18a, 3000 Celje, Prvomajska 18a) is \u00e1tveheti, el\u0151zetes telefonos egyeztet\u00e9st k\u00f6vet\u0151en.<\/span><\/p>\n<h5><b>S\u00e9r\u00fclt term\u00e9k<\/b><\/h5>\n<p><span style=\"font-weight: 400;\">A vev\u0151 k\u00f6teles a term\u00e9k \u00e1tv\u00e9telekor a csomagol\u00e1st \u00e9s annak tartalm\u00e1t gondosan megvizsg\u00e1lni. A term\u00e9k s\u00e9r\u00fcl\u00e9se eset\u00e9n a v\u00e1s\u00e1rl\u00f3 k\u00f6teles halad\u00e9ktalanul \u00e9rtes\u00edteni az \u00fczletet a k\u00e1rr\u00f3l. A vev\u0151 k\u00f6teles a postai dolgoz\u00f3val egy\u00fctt hivatalos jegyz\u0151k\u00f6nyvet k\u00e9sz\u00edteni, k\u00fcl\u00f6n\u00f6s gondot ford\u00edtva a csomagol\u00e1s \u00e9s a term\u00e9k \u00e1llapot\u00e1ra vonatkoz\u00f3 r\u00e9sz kit\u00f6lt\u00e9s\u00e9re. A vev\u0151nek vissza kell k\u00fcldenie a s\u00e9r\u00fclt term\u00e9ket a Medilip d.o.o. k\u00f6lts\u00e9g\u00e9re a hivatalos jegyz\u0151k\u00f6nyvvel egy\u00fctt. A s\u00e9r\u00fclt term\u00e9k k\u00e9zhezv\u00e9tel\u00e9t k\u00f6vet\u0151en a lehet\u0151 leghamarabb \u00faj term\u00e9ket k\u00fcld\u00fcnk a v\u00e1s\u00e1rl\u00f3nak. Amennyiben a vev\u0151 a term\u00e9k \u00e1tad\u00e1sa ut\u00e1n, de a sz\u00e1ll\u00edt\u00e1st k\u00f6vet\u0151 30 napon bel\u00fcl \u00e9szleli a k\u00e1rt, a vev\u0151nek a info@activeluxe-cosmetics.com e-mail c\u00edmen vagy a +386 0(3) 548 12 34-es telefonsz\u00e1mon kell bejelentenie a k\u00e1rt. A term\u00e9k s\u00e9r\u00fcl\u00e9s\u00e9nek a kisz\u00e1ll\u00edt\u00e1st\u00f3l sz\u00e1m\u00edtott 30 napon bel\u00fcli bejelent\u00e9s\u00e9hez a csomagol\u00e1sra van sz\u00fcks\u00e9ge, hogy meg\u00e1llap\u00edthassa, hol vagy hogyan keletkezett a s\u00e9r\u00fcl\u00e9s. Az is el\u0151ny\u00f6s, ha a k\u00e1rt f\u00e9nyk\u00e9pez\u0151g\u00e9ppel r\u00f6gz\u00edtik, \u00e9s a f\u00e9nyk\u00e9peket elk\u00fcldik a info@activeluxe-cosmetics.com c\u00edmre. A term\u00e9k s\u00e9r\u00fcl\u00e9s\u00e9vel kapcsolatos esetleges k\u00e9s\u0151bbi reklam\u00e1ci\u00f3kat a fuvaroz\u00f3k csak kiv\u00e9teles esetben veszik figyelembe, \u00e9s c\u00e9g\u00fcnk nem tudja megoldani azokat az \u0151 nev\u00fckben.<\/span><\/p>\n<h5><b>V\u00e9lem\u00e9ny, javaslatok<\/b><\/h5>\n<p><span style=\"font-weight: 400;\">Javaslatait \u00e9s \u00e9szrev\u00e9teleit sz\u00edvesen fogadjuk. A k\u00f6vetkez\u0151 c\u00edmen veheti fel vel\u00fcnk a kapcsolatot: info@activeluxe-cosmetics.com<\/span><\/p>\n<p><span style=\"font-weight: 400;\">\u00d6r\u00f6mmel fogadjuk \u00e9szrev\u00e9teleit, \u00e9s k\u00f6sz\u00f6nj\u00fck a visszajelz\u00e9s\u00e9t!<\/span><\/p>\n<p><br \/><br \/><\/p>\n\t\t\t<\/div>\n\t\n\n\t\t<\/div>\n\t\t\t\t\t<\/div>\n\n\t\n\n<\/div>\n\n\t\t<\/div>\n\n\t\t\n<style>\n#section_287450662 {\n  padding-top: 30px;\n  padding-bottom: 30px;\n}\n<\/style>\n\t<\/section>\n\t\n\n","protected":false},"excerpt":{"rendered":"","protected":false},"author":6,"featured_media":0,"parent":0,"menu_order":0,"comment_status":"closed","ping_status":"closed","template":"","meta":{"footnotes":""},"class_list":["post-80938","page","type-page","status-publish","hentry"],"acf":[],"yoast_head":"<!-- This site is optimized with the Yoast SEO plugin v26.5 - https:\/\/yoast.com\/wordpress\/plugins\/seo\/ -->\n<title>Sz\u00e1ll\u00edt\u00e1si inform\u00e1ci\u00f3k - Active Luxe Cosmetics<\/title>\n<meta name=\"robots\" content=\"noindex, follow, max-snippet:-1, max-image-preview:large, max-video-preview:-1\" \/>\n<meta property=\"og:locale\" content=\"hu_HU\" \/>\n<meta property=\"og:type\" content=\"article\" \/>\n<meta property=\"og:title\" content=\"Sz\u00e1ll\u00edt\u00e1si inform\u00e1ci\u00f3k - Active Luxe Cosmetics\" \/>\n<meta property=\"og:url\" content=\"https:\/\/activeluxe-cosmetics.com\/hu\/szallitasi-informaciok\/\" \/>\n<meta property=\"og:site_name\" content=\"Active Luxe Cosmetics\" \/>\n<meta property=\"article:modified_time\" content=\"2024-06-14T11:23:36+00:00\" \/>\n<meta name=\"twitter:card\" content=\"summary_large_image\" \/>\n<meta name=\"twitter:label1\" content=\"Becs\u00fclt olvas\u00e1si id\u0151\" \/>\n\t<meta name=\"twitter:data1\" content=\"3 perc\" \/>\n<script type=\"application\/ld+json\" class=\"yoast-schema-graph\">{\"@context\":\"https:\/\/schema.org\",\"@graph\":[{\"@type\":\"WebPage\",\"@id\":\"https:\/\/activeluxe-cosmetics.com\/hu\/szallitasi-informaciok\/\",\"url\":\"https:\/\/activeluxe-cosmetics.com\/hu\/szallitasi-informaciok\/\",\"name\":\"Sz\u00e1ll\u00edt\u00e1si inform\u00e1ci\u00f3k - Active Luxe Cosmetics\",\"isPartOf\":{\"@id\":\"https:\/\/activeluxe-cosmetics.com\/hu\/#website\"},\"datePublished\":\"2024-01-29T12:42:19+00:00\",\"dateModified\":\"2024-06-14T11:23:36+00:00\",\"breadcrumb\":{\"@id\":\"https:\/\/activeluxe-cosmetics.com\/hu\/szallitasi-informaciok\/#breadcrumb\"},\"inLanguage\":\"hu\",\"potentialAction\":[{\"@type\":\"ReadAction\",\"target\":[\"https:\/\/activeluxe-cosmetics.com\/hu\/szallitasi-informaciok\/\"]}]},{\"@type\":\"BreadcrumbList\",\"@id\":\"https:\/\/activeluxe-cosmetics.com\/hu\/szallitasi-informaciok\/#breadcrumb\",\"itemListElement\":[{\"@type\":\"ListItem\",\"position\":1,\"name\":\"C\u00edmlap\",\"item\":\"https:\/\/activeluxe-cosmetics.com\/hu\/\"},{\"@type\":\"ListItem\",\"position\":2,\"name\":\"Sz\u00e1ll\u00edt\u00e1si inform\u00e1ci\u00f3k\"}]},{\"@type\":\"WebSite\",\"@id\":\"https:\/\/activeluxe-cosmetics.com\/hu\/#website\",\"url\":\"https:\/\/activeluxe-cosmetics.com\/hu\/\",\"name\":\"Active Luxe Cosmetics\",\"description\":\"\",\"potentialAction\":[{\"@type\":\"SearchAction\",\"target\":{\"@type\":\"EntryPoint\",\"urlTemplate\":\"https:\/\/activeluxe-cosmetics.com\/hu\/?s={search_term_string}\"},\"query-input\":{\"@type\":\"PropertyValueSpecification\",\"valueRequired\":true,\"valueName\":\"search_term_string\"}}],\"inLanguage\":\"hu\"}]}<\/script>\n<!-- \/ Yoast SEO plugin. -->","yoast_head_json":{"title":"Sz\u00e1ll\u00edt\u00e1si inform\u00e1ci\u00f3k - Active Luxe Cosmetics","robots":{"index":"noindex","follow":"follow","max-snippet":"max-snippet:-1","max-image-preview":"max-image-preview:large","max-video-preview":"max-video-preview:-1"},"og_locale":"hu_HU","og_type":"article","og_title":"Sz\u00e1ll\u00edt\u00e1si inform\u00e1ci\u00f3k - Active Luxe Cosmetics","og_url":"https:\/\/activeluxe-cosmetics.com\/hu\/szallitasi-informaciok\/","og_site_name":"Active Luxe Cosmetics","article_modified_time":"2024-06-14T11:23:36+00:00","twitter_card":"summary_large_image","twitter_misc":{"Becs\u00fclt olvas\u00e1si id\u0151":"3 perc"},"schema":{"@context":"https:\/\/schema.org","@graph":[{"@type":"WebPage","@id":"https:\/\/activeluxe-cosmetics.com\/hu\/szallitasi-informaciok\/","url":"https:\/\/activeluxe-cosmetics.com\/hu\/szallitasi-informaciok\/","name":"Sz\u00e1ll\u00edt\u00e1si inform\u00e1ci\u00f3k - Active Luxe Cosmetics","isPartOf":{"@id":"https:\/\/activeluxe-cosmetics.com\/hu\/#website"},"datePublished":"2024-01-29T12:42:19+00:00","dateModified":"2024-06-14T11:23:36+00:00","breadcrumb":{"@id":"https:\/\/activeluxe-cosmetics.com\/hu\/szallitasi-informaciok\/#breadcrumb"},"inLanguage":"hu","potentialAction":[{"@type":"ReadAction","target":["https:\/\/activeluxe-cosmetics.com\/hu\/szallitasi-informaciok\/"]}]},{"@type":"BreadcrumbList","@id":"https:\/\/activeluxe-cosmetics.com\/hu\/szallitasi-informaciok\/#breadcrumb","itemListElement":[{"@type":"ListItem","position":1,"name":"C\u00edmlap","item":"https:\/\/activeluxe-cosmetics.com\/hu\/"},{"@type":"ListItem","position":2,"name":"Sz\u00e1ll\u00edt\u00e1si inform\u00e1ci\u00f3k"}]},{"@type":"WebSite","@id":"https:\/\/activeluxe-cosmetics.com\/hu\/#website","url":"https:\/\/activeluxe-cosmetics.com\/hu\/","name":"Active Luxe Cosmetics","description":"","potentialAction":[{"@type":"SearchAction","target":{"@type":"EntryPoint","urlTemplate":"https:\/\/activeluxe-cosmetics.com\/hu\/?s={search_term_string}"},"query-input":{"@type":"PropertyValueSpecification","valueRequired":true,"valueName":"search_term_string"}}],"inLanguage":"hu"}]}},"_links":{"self":[{"href":"https:\/\/activeluxe-cosmetics.com\/hu\/wp-json\/wp\/v2\/pages\/80938","targetHints":{"allow":["GET"]}}],"collection":[{"href":"https:\/\/activeluxe-cosmetics.com\/hu\/wp-json\/wp\/v2\/pages"}],"about":[{"href":"https:\/\/activeluxe-cosmetics.com\/hu\/wp-json\/wp\/v2\/types\/page"}],"author":[{"embeddable":true,"href":"https:\/\/activeluxe-cosmetics.com\/hu\/wp-json\/wp\/v2\/users\/6"}],"replies":[{"embeddable":true,"href":"https:\/\/activeluxe-cosmetics.com\/hu\/wp-json\/wp\/v2\/comments?post=80938"}],"version-history":[{"count":7,"href":"https:\/\/activeluxe-cosmetics.com\/hu\/wp-json\/wp\/v2\/pages\/80938\/revisions"}],"predecessor-version":[{"id":83940,"href":"https:\/\/activeluxe-cosmetics.com\/hu\/wp-json\/wp\/v2\/pages\/80938\/revisions\/83940"}],"wp:attachment":[{"href":"https:\/\/activeluxe-cosmetics.com\/hu\/wp-json\/wp\/v2\/media?parent=80938"}],"curies":[{"name":"wp","href":"https:\/\/api.w.org\/{rel}","templated":true}]}}