{"id":72691,"date":"2024-01-15T07:51:25","date_gmt":"2024-01-15T07:51:25","guid":{"rendered":"https:\/\/activeluxe-cosmetics.com\/hu\/?page_id=72691"},"modified":"2024-06-06T07:27:43","modified_gmt":"2024-06-06T07:27:43","slug":"borito","status":"publish","type":"page","link":"https:\/\/activeluxe-cosmetics.com\/hu\/borito\/","title":{"rendered":"Bor\u00edt\u00f3"},"content":{"rendered":"\n\t<section class=\"section al-section-bg-contain al-full-width-section al-mw-1340-content\" id=\"section_1296655479\">\n\t\t<div class=\"bg section-bg fill bg-fill  \" >\n\n\t\t\t\n\t\t\t\n\t\t\t\n\n\t\t<\/div>\n\n\t\t\n\n\t\t<div class=\"section-content relative\">\n\t\t\t\n\n<div class=\"row\"  id=\"row-1845303943\">\n\n\n\t<div id=\"col-1652875059\" class=\"col small-12 large-12\"  >\n\t\t\t\t<div class=\"col-inner\"  >\n\t\t\t\n\t\t\t\n\n\t<div id=\"text-4168282250\" class=\"text al-p-48\">\n\t\t\n\n<h2>Bor\u00edt\u00f3<\/h2>\n\n\t\t\t<\/div>\n\t\n\t<div id=\"gap-756153634\" class=\"gap-element clearfix al-gap-70\" style=\"display:block; height:auto;\">\n\t\t\n<style>\n#gap-756153634 {\n  padding-top: 30px;\n}\n@media (min-width:550px) {\n  #gap-756153634 {\n    padding-top: 70px;\n  }\n}\n<\/style>\n\t<\/div>\n\t\n\n\t<div id=\"text-1325238767\" class=\"text\">\n\t\t\n\n<span><span><a href=\"https:\/\/activeluxe-cosmetics.com\/hu\/\">C\u00edmlap<\/a><\/span><\/span>\n\t\t\n<style>\n#text-1325238767 {\n  color: rgb(129, 129, 129);\n}\n#text-1325238767 > * {\n  color: rgb(129, 129, 129);\n}\n<\/style>\n\t<\/div>\n\t\n\n\t\t<\/div>\n\t\t\t\t\t<\/div>\n\n\t\n\n\n<style>\n#row-1845303943 > .col > .col-inner {\n  padding: 50px 0px 0px 0px;\n}\n@media (min-width:550px) {\n  #row-1845303943 > .col > .col-inner {\n    padding: 100px 0px 30px 0px;\n  }\n}\n<\/style>\n<\/div>\n\n\t\t<\/div>\n\n\t\t\n<style>\n#section_1296655479 {\n  padding-top: 30px;\n  padding-bottom: 30px;\n  background-color: rgb(226, 201, 180);\n}\n#section_1296655479 .section-bg.bg-loaded {\n  background-image: url(https:\/\/activeluxe-cosmetics.com\/hu\/wp-content\/uploads\/2024\/01\/shutterstock_2212932693-1.jpg);\n}\n#section_1296655479 .section-bg {\n  background-position: right;\n}\n<\/style>\n\t<\/section>\n\t\n\t<section class=\"section\" id=\"section_81741413\">\n\t\t<div class=\"bg section-bg fill bg-fill  bg-loaded\" >\n\n\t\t\t\n\t\t\t\n\t\t\t\n\n\t\t<\/div>\n\n\t\t\n\n\t\t<div class=\"section-content relative\">\n\t\t\t\n\n\t<div id=\"gap-1765633374\" class=\"gap-element clearfix al-gap-50\" style=\"display:block; height:auto;\">\n\t\t\n<style>\n#gap-1765633374 {\n  padding-top: 50px;\n}\n<\/style>\n\t<\/div>\n\t\n\n<div class=\"row\"  id=\"row-746595229\">\n\n\n\t<div id=\"col-1865766746\" class=\"col medium-5 small-12 large-5\"  >\n\t\t\t\t<div class=\"col-inner\"  >\n\t\t\t\n\t\t\t\n\n\t<div id=\"text-1050865413\" class=\"text al-p-20\">\n\t\t\n\n<p><strong>INFORM\u00c1CI\u00d3<\/strong><\/p>\n\n\t\t\t<\/div>\n\t\n\t<div id=\"text-1132865982\" class=\"text al-p-18\">\n\t\t\n\n<p><strong>E-mail:<\/strong> <a href=\"mailto:info@activeluxe-cosmetics.com\">info@activeluxe-cosmetics.com<\/a><br \/><strong>Telefon<\/strong>: <a href=\"tel:+38641782200\">+386 41 782 200<\/a><\/p>\n<p><strong>Munkaid\u0151<\/strong><br \/>H\u00e9tf\u0151t\u0151l p\u00e9ntekig: 8:00 &#8211; 16:00<\/p>\n\n\t\t\t<\/div>\n\t\n\t<div id=\"gap-209824472\" class=\"gap-element clearfix al-gap-20\" style=\"display:block; height:auto;\">\n\t\t\n<style>\n#gap-209824472 {\n  padding-top: 20px;\n}\n<\/style>\n\t<\/div>\n\t\n\n\n\t\t<\/div>\n\t\t\t\t\t<\/div>\n\n\t\n\n\t<div id=\"col-1594776256\" class=\"col medium-7 small-12 large-7\"  >\n\t\t\t\t<div class=\"col-inner\" style=\"background-color:rgb(240, 223, 195);\" >\n\t\t\t\n\t\t\t\n\n\t<div id=\"text-2209241981\" class=\"text al-p-38\">\n\t\t\n\n<h2>Szeretn\u00e9d megk\u00f6sz\u00f6nni a seg\u00edts\u00e9g\u00fcnket vagy elmondani a v\u00e9lem\u00e9nyed vagy k\u00e9rd\u00e9st feltenni? <strong>\u00cdrj nek\u00fcnk.<\/strong><\/h2>\n\t\t\t<\/div>\n\t\n\t<div id=\"gap-915308264\" class=\"gap-element clearfix al-gap-30\" style=\"display:block; height:auto;\">\n\t\t\n<style>\n#gap-915308264 {\n  padding-top: 30px;\n}\n<\/style>\n\t<\/div>\n\t\n\n\n<div class=\"wpcf7 no-js\" id=\"wpcf7-f72703-o1\" lang=\"en-US\" dir=\"ltr\" data-wpcf7-id=\"72703\">\n<div class=\"screen-reader-response\"><p role=\"status\" aria-live=\"polite\" aria-atomic=\"true\"><\/p> <ul><\/ul><\/div>\n<form action=\"\/hu\/wp-json\/wp\/v2\/pages\/72691#wpcf7-f72703-o1\" method=\"post\" class=\"wpcf7-form init\" aria-label=\"Contact form\" enctype=\"multipart\/form-data\" novalidate=\"novalidate\" data-status=\"init\">\n<fieldset class=\"hidden-fields-container\"><input type=\"hidden\" name=\"_wpcf7\" value=\"72703\" \/><input type=\"hidden\" name=\"_wpcf7_version\" value=\"6.1.4\" \/><input type=\"hidden\" name=\"_wpcf7_locale\" value=\"en_US\" \/><input type=\"hidden\" name=\"_wpcf7_unit_tag\" value=\"wpcf7-f72703-o1\" \/><input type=\"hidden\" name=\"_wpcf7_container_post\" value=\"0\" \/><input type=\"hidden\" name=\"_wpcf7_posted_data_hash\" value=\"\" \/>\n<\/fieldset>\n<div class=\"al-cf\">\n\t<div class=\"al-cf-field\">\n\t\t<p class=\"al-cf-label\">A k\u00f6vetkez\u0151kkel kapcsolatban \u00edrok nektek:\n\t\t<\/p>\n\t\t<p><span class=\"wpcf7-form-control-wrap\" data-name=\"your-sports\"><span class=\"wpcf7-form-control wpcf7-radio\"><span class=\"wpcf7-list-item first\"><input type=\"radio\" name=\"your-sports\" value=\"V\u00e9lem\u00e9nyt szeretn\u00e9k \u00edrni err\u0151l a term\u00e9kr\u0151l\" checked=\"checked\" \/><span class=\"wpcf7-list-item-label\">V\u00e9lem\u00e9nyt szeretn\u00e9k \u00edrni err\u0151l a term\u00e9kr\u0151l<\/span><\/span><span class=\"wpcf7-list-item\"><input type=\"radio\" name=\"your-sports\" value=\"K\u00e9rd\u00e9sem van ezzel a term\u00e9kkel kapcsolatban\" \/><span class=\"wpcf7-list-item-label\">K\u00e9rd\u00e9sem van ezzel a term\u00e9kkel kapcsolatban<\/span><\/span><span class=\"wpcf7-list-item last\"><input type=\"radio\" name=\"your-sports\" value=\"Egy\u00e9b\" \/><span class=\"wpcf7-list-item-label\">Egy\u00e9b<\/span><\/span><\/span><\/span>\n\t\t<\/p>\n\t<\/div>\n\t<div class=\"al-cf-field\">\n\t\t<p><label>\u00dczenet:<br \/>\n<span class=\"wpcf7-form-control-wrap\" data-name=\"textarea-538\"><textarea cols=\"40\" rows=\"10\" maxlength=\"2000\" class=\"wpcf7-form-control wpcf7-textarea wpcf7-validates-as-required\" aria-required=\"true\" aria-invalid=\"false\" name=\"textarea-538\"><\/textarea><\/span><\/label>\n\t\t<\/p>\n\t<\/div>\n\t<div class=\"al-cf-field al-cf-field-file\">\n\t\t<p><label><br \/>\n<span class=\"wpcf7-form-control-wrap\" data-name=\"file-16\"><input size=\"40\" class=\"wpcf7-form-control wpcf7-file\" accept=\".jpg,.jpeg,.png,.webp,.heic,.pdf\" aria-invalid=\"false\" type=\"file\" name=\"file-16\" \/><\/span><br \/>\n<\/label>\n\t\t<\/p>\n\t\t<div>\n\t\t\t<p>Maxim\u00e1lis f\u00e1jlm\u00e9ret 10 MB.\n\t\t\t<\/p>\n\t\t\t<p>T\u00e1mogatott form\u00e1tumok: .jpg, .jpeg, .png, .webp, .heic, .pdf.\n\t\t\t<\/p>\n\t\t<\/div>\n\t<\/div>\n\t<div class=\"al-cf-field\">\n\t\t<p><label> E-mail c\u00edm:<br \/>\n<span class=\"wpcf7-form-control-wrap\" data-name=\"your-email\"><input size=\"40\" maxlength=\"400\" class=\"wpcf7-form-control wpcf7-email wpcf7-validates-as-required wpcf7-text wpcf7-validates-as-email\" autocomplete=\"email\" aria-required=\"true\" aria-invalid=\"false\" value=\"\" type=\"email\" name=\"your-email\" \/><\/span> <\/label>\n\t\t<\/p>\n\t<\/div>\n\t<div class=\"al-cf-field al-cf-field-acceptance\">\n\t\t<p><span class=\"wpcf7-form-control-wrap\" data-name=\"acceptance-393\"><span class=\"wpcf7-form-control wpcf7-acceptance\"><span class=\"wpcf7-list-item\"><input type=\"checkbox\" name=\"acceptance-393\" value=\"1\" aria-invalid=\"false\" \/><\/span><\/span><\/span>\n\t\t<\/p>\n\t\t<p>Az e-mail c\u00edmem megad\u00e1s\u00e1val elfogadom az \u00c1ltal\u00e1nos Szerz\u0151d\u00e9si Felt\u00e9teleket\n\t\t<\/p>\n\t<\/div>\n\t<div class=\"al-cf-field al-cf-field-submit\">\n\t\t<p><input class=\"wpcf7-form-control wpcf7-submit has-spinner\" type=\"submit\" value=\"\u00dczenet k\u00fcld\u00e9se\" \/>\n\t\t<\/p>\n\t<\/div>\n<\/div><div class=\"wpcf7-response-output\" aria-hidden=\"true\"><\/div>\n<\/form>\n<\/div>\n\n\n\n\t\t<\/div>\n\t\t\t\t\n<style>\n#col-1594776256 > .col-inner {\n  padding: 20px 20px 20px 20px;\n}\n@media (min-width:550px) {\n  #col-1594776256 > .col-inner {\n    padding: 60px 70px 60px 70px;\n  }\n}\n<\/style>\n\t<\/div>\n\n\t\n\n<\/div>\n\n\t\t<\/div>\n\n\t\t\n<style>\n#section_81741413 {\n  padding-top: 0px;\n  padding-bottom: 0px;\n}\n<\/style>\n\t<\/section>\n\t\n\n","protected":false},"excerpt":{"rendered":"","protected":false},"author":6,"featured_media":0,"parent":0,"menu_order":0,"comment_status":"closed","ping_status":"closed","template":"","meta":{"footnotes":""},"class_list":["post-72691","page","type-page","status-publish","hentry"],"acf":[],"yoast_head":"<!-- This site is optimized with the Yoast SEO plugin v26.5 - https:\/\/yoast.com\/wordpress\/plugins\/seo\/ -->\n<title>Bor\u00edt\u00f3 - Active Luxe Cosmetics<\/title>\n<meta name=\"robots\" content=\"noindex, follow, max-snippet:-1, max-image-preview:large, max-video-preview:-1\" \/>\n<meta property=\"og:locale\" content=\"hu_HU\" \/>\n<meta property=\"og:type\" content=\"article\" \/>\n<meta property=\"og:title\" content=\"Bor\u00edt\u00f3 - Active Luxe Cosmetics\" \/>\n<meta property=\"og:url\" content=\"https:\/\/activeluxe-cosmetics.com\/hu\/kontakt\/\" \/>\n<meta property=\"og:site_name\" content=\"Active Luxe Cosmetics\" \/>\n<meta property=\"article:modified_time\" content=\"2024-06-06T07:27:43+00:00\" \/>\n<meta name=\"twitter:card\" content=\"summary_large_image\" \/>\n<meta name=\"twitter:label1\" content=\"Becs\u00fclt olvas\u00e1si id\u0151\" \/>\n\t<meta name=\"twitter:data1\" content=\"1 perc\" \/>\n<script type=\"application\/ld+json\" class=\"yoast-schema-graph\">{\"@context\":\"https:\/\/schema.org\",\"@graph\":[{\"@type\":\"WebPage\",\"@id\":\"https:\/\/activeluxe-cosmetics.com\/hu\/kontakt\/\",\"url\":\"https:\/\/activeluxe-cosmetics.com\/hu\/kontakt\/\",\"name\":\"Bor\u00edt\u00f3 - Active Luxe Cosmetics\",\"isPartOf\":{\"@id\":\"https:\/\/activeluxe-cosmetics.com\/hu\/#website\"},\"datePublished\":\"2024-01-15T07:51:25+00:00\",\"dateModified\":\"2024-06-06T07:27:43+00:00\",\"breadcrumb\":{\"@id\":\"https:\/\/activeluxe-cosmetics.com\/hu\/kontakt\/#breadcrumb\"},\"inLanguage\":\"hu\",\"potentialAction\":[{\"@type\":\"ReadAction\",\"target\":[\"https:\/\/activeluxe-cosmetics.com\/hu\/kontakt\/\"]}]},{\"@type\":\"BreadcrumbList\",\"@id\":\"https:\/\/activeluxe-cosmetics.com\/hu\/kontakt\/#breadcrumb\",\"itemListElement\":[{\"@type\":\"ListItem\",\"position\":1,\"name\":\"C\u00edmlap\",\"item\":\"https:\/\/activeluxe-cosmetics.com\/hu\/\"},{\"@type\":\"ListItem\",\"position\":2,\"name\":\"Kontakt\"}]},{\"@type\":\"WebSite\",\"@id\":\"https:\/\/activeluxe-cosmetics.com\/hu\/#website\",\"url\":\"https:\/\/activeluxe-cosmetics.com\/hu\/\",\"name\":\"Active Luxe Cosmetics\",\"description\":\"\",\"potentialAction\":[{\"@type\":\"SearchAction\",\"target\":{\"@type\":\"EntryPoint\",\"urlTemplate\":\"https:\/\/activeluxe-cosmetics.com\/hu\/?s={search_term_string}\"},\"query-input\":{\"@type\":\"PropertyValueSpecification\",\"valueRequired\":true,\"valueName\":\"search_term_string\"}}],\"inLanguage\":\"hu\"}]}<\/script>\n<!-- \/ Yoast SEO plugin. -->","yoast_head_json":{"title":"Bor\u00edt\u00f3 - Active Luxe Cosmetics","robots":{"index":"noindex","follow":"follow","max-snippet":"max-snippet:-1","max-image-preview":"max-image-preview:large","max-video-preview":"max-video-preview:-1"},"og_locale":"hu_HU","og_type":"article","og_title":"Bor\u00edt\u00f3 - Active Luxe Cosmetics","og_url":"https:\/\/activeluxe-cosmetics.com\/hu\/kontakt\/","og_site_name":"Active Luxe Cosmetics","article_modified_time":"2024-06-06T07:27:43+00:00","twitter_card":"summary_large_image","twitter_misc":{"Becs\u00fclt olvas\u00e1si id\u0151":"1 perc"},"schema":{"@context":"https:\/\/schema.org","@graph":[{"@type":"WebPage","@id":"https:\/\/activeluxe-cosmetics.com\/hu\/kontakt\/","url":"https:\/\/activeluxe-cosmetics.com\/hu\/kontakt\/","name":"Bor\u00edt\u00f3 - Active Luxe Cosmetics","isPartOf":{"@id":"https:\/\/activeluxe-cosmetics.com\/hu\/#website"},"datePublished":"2024-01-15T07:51:25+00:00","dateModified":"2024-06-06T07:27:43+00:00","breadcrumb":{"@id":"https:\/\/activeluxe-cosmetics.com\/hu\/kontakt\/#breadcrumb"},"inLanguage":"hu","potentialAction":[{"@type":"ReadAction","target":["https:\/\/activeluxe-cosmetics.com\/hu\/kontakt\/"]}]},{"@type":"BreadcrumbList","@id":"https:\/\/activeluxe-cosmetics.com\/hu\/kontakt\/#breadcrumb","itemListElement":[{"@type":"ListItem","position":1,"name":"C\u00edmlap","item":"https:\/\/activeluxe-cosmetics.com\/hu\/"},{"@type":"ListItem","position":2,"name":"Kontakt"}]},{"@type":"WebSite","@id":"https:\/\/activeluxe-cosmetics.com\/hu\/#website","url":"https:\/\/activeluxe-cosmetics.com\/hu\/","name":"Active Luxe Cosmetics","description":"","potentialAction":[{"@type":"SearchAction","target":{"@type":"EntryPoint","urlTemplate":"https:\/\/activeluxe-cosmetics.com\/hu\/?s={search_term_string}"},"query-input":{"@type":"PropertyValueSpecification","valueRequired":true,"valueName":"search_term_string"}}],"inLanguage":"hu"}]}},"_links":{"self":[{"href":"https:\/\/activeluxe-cosmetics.com\/hu\/wp-json\/wp\/v2\/pages\/72691","targetHints":{"allow":["GET"]}}],"collection":[{"href":"https:\/\/activeluxe-cosmetics.com\/hu\/wp-json\/wp\/v2\/pages"}],"about":[{"href":"https:\/\/activeluxe-cosmetics.com\/hu\/wp-json\/wp\/v2\/types\/page"}],"author":[{"embeddable":true,"href":"https:\/\/activeluxe-cosmetics.com\/hu\/wp-json\/wp\/v2\/users\/6"}],"replies":[{"embeddable":true,"href":"https:\/\/activeluxe-cosmetics.com\/hu\/wp-json\/wp\/v2\/comments?post=72691"}],"version-history":[{"count":16,"href":"https:\/\/activeluxe-cosmetics.com\/hu\/wp-json\/wp\/v2\/pages\/72691\/revisions"}],"predecessor-version":[{"id":83797,"href":"https:\/\/activeluxe-cosmetics.com\/hu\/wp-json\/wp\/v2\/pages\/72691\/revisions\/83797"}],"wp:attachment":[{"href":"https:\/\/activeluxe-cosmetics.com\/hu\/wp-json\/wp\/v2\/media?parent=72691"}],"curies":[{"name":"wp","href":"https:\/\/api.w.org\/{rel}","templated":true}]}}