{"id":97332,"date":"2025-09-25T06:01:59","date_gmt":"2025-09-25T06:01:59","guid":{"rendered":"https:\/\/activeluxe-cosmetics.com\/hr\/?post_type=product&#038;p=97332"},"modified":"2026-03-31T08:58:44","modified_gmt":"2026-03-31T08:58:44","slug":"led-light-therapy-vreca-za-spavanje-za-regeneraciju-tijela","status":"publish","type":"product","link":"https:\/\/activeluxe-cosmetics.com\/hr\/proizvod\/led-light-therapy-vreca-za-spavanje-za-regeneraciju-tijela\/","title":{"rendered":"LED Light Therapy vre\u0107a za spavanje za regeneraciju tijela"},"content":{"rendered":"<h2><strong><img loading=\"lazy\" decoding=\"async\" class=\" wp-image-103461 alignright\" src=\"https:\/\/cdn.activeluxe-cosmetics.com\/sl\/wp-content\/uploads\/2025\/09\/18223554\/led_light_therapy_sleeping_bag_active_luxe-460x690.jpg\" alt=\"\" width=\"310\" height=\"466\" \/>Va\u0161a osobna terapija infracrvenim svjetlom: <\/strong>vre\u0107a za spavanje za regeneraciju, zdravlje i ljepotu<strong><br \/>\n<\/strong><\/h2>\n<p data-start=\"53\" data-end=\"199\">Zaboravite na svakodnevne bolove, umor i znakove starenja.<br data-start=\"111\" data-end=\"114\" \/><strong data-start=\"114\" data-end=\"139\">LED vre\u0107a za spavanje<\/strong> va\u0161e je osobno rje\u0161enje za cjelovitu regeneraciju tijela.<\/p>\n<p data-start=\"201\" data-end=\"402\">Dizajnirana s najmodernijom tehnologijom crvenog (660 nm) i bliskog infracrvenog svjetla (850 nm), omogu\u0107uje vam da u\u017eivate sve prednosti profesionalne svjetlosne terapije u udobnosti vlastitog doma.<\/p>\n<p data-start=\"404\" data-end=\"512\">Stvorena je za one koji od \u017eivota o\u010dekuju vi\u0161e: <strong data-start=\"452\" data-end=\"510\">vi\u0161e zdravlja, vi\u0161e vitalnosti, vi\u0161e slobode kretanja.<\/strong><\/p>\n<p data-start=\"514\" data-end=\"631\">S \u010dak <strong data-start=\"520\" data-end=\"556\">3600 visokou\u010dinkovitih LED dioda<\/strong> pru\u017ea terapijsko svjetlo koje prodire duboko u mi\u0161i\u0107e, zglobove i tkiva.<\/p>\n<p data-start=\"633\" data-end=\"805\">Klini\u010dki dokazana LED tehnologija aktivira prirodne procese u tijelu, ubrzava obnovu stanica, smanjuje upale i pokre\u0107e val energije koji osje\u0107ate jo\u0161 dugo nakon tretmana.<\/p>\n<h2 style=\"clear: both;\"><img loading=\"lazy\" decoding=\"async\" class=\" wp-image-103457 alignleft\" src=\"https:\/\/cdn.activeluxe-cosmetics.com\/sl\/wp-content\/uploads\/2025\/09\/18220736\/led_light_therapy_sleeping_bag_activeluxe-460x690.jpg\" alt=\"\" width=\"340\" height=\"510\" \/><strong>Kako djeluje crveno i infracrveno<\/strong> svjetlo?<\/h2>\n<p data-start=\"53\" data-end=\"284\">Crveno i infracrveno svjetlo imaju jedinstvenu sposobnost prodiranja duboko u ko\u017eu, mi\u0161i\u0107e, zglobove, pa \u010dak i u stani\u010dne strukture, gdje pokre\u0107u biolo\u0161ke procese koji aktiviraju prirodne sposobnosti tijela za samoizlje\u010denje.<\/p>\n<p data-start=\"286\" data-end=\"388\"><strong data-start=\"286\" data-end=\"325\">Blisko infracrveno svjetlo (850 nm)<\/strong> prodire dublje u tkiva nego bilo koja druga vrsta svjetla i:<\/p>\n<ul>\n<li data-start=\"286\" data-end=\"388\">poti\u010de proizvodnju ATP-a (adenozin trifosfata) \u2013 glavnog izvora energije u stanicama, pobolj\u0161ava cirkulaciju i opskrbu tkiva kisikom, \u010dime ubrzava zacjeljivanje<\/li>\n<li data-start=\"286\" data-end=\"388\">djeluje protuupalno<\/li>\n<li data-start=\"286\" data-end=\"388\">iznimno je u\u010dinkovito u ubla\u017eavanju kroni\u010dnih bolova<\/li>\n<\/ul>\n<p data-start=\"636\" data-end=\"666\"><strong data-start=\"636\" data-end=\"664\">Crveno svjetlo (660 nm):<\/strong><\/p>\n<ul>\n<li data-start=\"636\" data-end=\"666\">djeluje ciljano na stanice ko\u017ee i poti\u010de prirodnu proizvodnju kolagena<\/li>\n<li data-start=\"636\" data-end=\"666\">smanjuje bore, zagla\u0111uje ko\u017eu i pobolj\u0161ava njezin tonus<\/li>\n<li data-start=\"636\" data-end=\"666\">poma\u017ee kod problema poput akni, rozacee i psorijaze<\/li>\n<\/ul>\n<h2 style=\"clear: both;\"><strong><img loading=\"lazy\" decoding=\"async\" class=\" wp-image-103462 alignright\" src=\"https:\/\/cdn.activeluxe-cosmetics.com\/sl\/wp-content\/uploads\/2025\/09\/18223607\/led_light_therapy_sleeping_bag-1-460x690.jpg\" alt=\"\" width=\"310\" height=\"465\" \/>Klju\u010dne prednosti LED vre\u0107e <\/strong>za spavanje koje mijenjaju \u017eivot<strong><br \/>\n<\/strong><\/h2>\n<ul>\n<li data-start=\"53\" data-end=\"265\"><strong data-start=\"53\" data-end=\"87\">Cjelovita regeneracija tijela:<\/strong> 3600 LED dioda ravnomjerno osvjetljava i zagrijava tijelo. Svjetlost prodire u dublja tkiva gdje poti\u010de obnovu stanica, opu\u0161ta mi\u0161i\u0107e, pobolj\u0161ava cirkulaciju i vra\u0107a energiju.<\/li>\n<li data-start=\"53\" data-end=\"265\"><strong style=\"color: #555555;\" data-start=\"267\" data-end=\"298\">Ubla\u017eavanje bolova i upala:<\/strong><span style=\"color: #555555;\"> LED vre\u0107a za spavanje idealna je za sve koji pate od bolova u le\u0111ima, koljenima, ramenima ili mi\u0161i\u0107ima. Terapija smanjuje upalne procese i poma\u017ee u oporavku nakon ozljeda ili operacija.<\/span><\/li>\n<li data-start=\"53\" data-end=\"265\"><strong style=\"color: #555555;\" data-start=\"488\" data-end=\"510\">Pomla\u0111ivanje ko\u017ee:<\/strong><span style=\"color: #555555;\"> Svjetlosna terapija aktivira fibroblaste na proizvodnju kolagena i elastina. Ko\u017ea postaje zategnutija, elasti\u010dnija i ujedna\u010denija \u2013 bez kori\u0161tenja krema, injekcija ili lasera. Tako\u0111er pobolj\u0161ava tonus ko\u017ee i u\u010dinkovito poma\u017ee kod problema poput akni, rozacee i psorijaze.<\/span><\/li>\n<li data-start=\"53\" data-end=\"265\"><strong style=\"color: #555555;\" data-start=\"786\" data-end=\"825\">Vi\u0161e energije i bolje raspolo\u017eenje:<\/strong><span style=\"color: #555555;\"> S ve\u0107om koli\u010dinom ATP-a u tijelu imate vi\u0161e snage, manje umora i bistriji fokus. Crveno svjetlo poti\u010de i osloba\u0111anje endorfina, \u0161to pobolj\u0161ava raspolo\u017eenje.<\/span><\/li>\n<\/ul>\n<h2 style=\"clear: both;\"><img loading=\"lazy\" decoding=\"async\" class=\" wp-image-103458 alignleft\" src=\"https:\/\/cdn.activeluxe-cosmetics.com\/sl\/wp-content\/uploads\/2025\/09\/18220946\/led_light_therapy_sleeping_bag_alc-460x690.jpg\" alt=\"\" width=\"310\" height=\"465\" \/><strong data-start=\"48\" data-end=\"96\">Tehnologija koja djeluje<\/strong> na stani\u010dnoj razini<\/h2>\n<p data-start=\"53\" data-end=\"332\"><strong data-start=\"53\" data-end=\"123\">LED vre\u0107a za spavanje dizajnirana je za svakodnevnu ku\u0107nu uporabu.<\/strong><\/p>\n<p data-start=\"53\" data-end=\"332\">Sklopivi dizajn, jednostavno upravljanje daljinskim upravlja\u010dem i potpuna sigurnost (bez elektromagnetskog zra\u010denja) omogu\u0107uju vam da terapiju provedete kad god vam je potrebna regeneracija ili opu\u0161tanje.<\/p>\n<p data-start=\"334\" data-end=\"364\"><strong data-start=\"334\" data-end=\"362\">Tehni\u010dke karakteristike:<\/strong><\/p>\n<ul>\n<li data-start=\"334\" data-end=\"364\"><strong data-start=\"367\" data-end=\"385\">3600 LED dioda<\/strong> \u2013 visoka gusto\u0107a svjetla<\/li>\n<li data-start=\"334\" data-end=\"364\"><strong data-start=\"415\" data-end=\"435\">2 valne duljine:<\/strong> 660 nm i 850 nm<\/li>\n<li data-start=\"334\" data-end=\"364\">Potpuna kontrola temperature i trajanja terapije<\/li>\n<li data-start=\"334\" data-end=\"364\">Brza postavka, jednostavno \u010di\u0161\u0107enje i pohrana<\/li>\n<li data-start=\"334\" data-end=\"364\">Dizajnirano bez elektromagnetskog zra\u010denja (EMF free)<\/li>\n<\/ul>\n<p>&nbsp;<\/p>\n<p>&nbsp;<\/p>\n<p>&nbsp;<\/p>\n<p>&nbsp;<\/p>\n<p style=\"text-align: center;\"><strong data-start=\"46\" data-end=\"560\">\u201eKao dermatologinju, LED tehnologija me iznimno odu\u0161evljava jer na neinvazivan na\u010din podupire procese u ko\u017ei koji su dugo vremena bili povezani ponajprije s invazivnim zahvatima. Ova tehnologija, zahvaljuju\u0107i razli\u010ditim valnim duljinama svjetlosti, poti\u010de prirodne regenerativne mehanizme ko\u017ee, \u0161to se o\u010dituje \u010dvr\u0161\u0107im, gla\u0111im i ujedna\u010denijim izgledom te smanjenjem nepravilnosti. Uz suvremenu LED masku danas te u\u010dinke mo\u017eemo sigurno i u\u010dinkovito uklju\u010diti u ku\u0107nu njegu ko\u017ee, bez boli i bez vremena oporavka.\u201d<\/strong><\/p>\n<p style=\"text-align: center;\">Suzana Hudej, dr. med., spec. dermatovenerologije<\/p>\n","protected":false},"excerpt":{"rendered":"<p class=\"sr-only\">Inovativna LED vre\u0107a za spavanje s 3600 dioda za cjelovitu regeneraciju, ubla\u017eavanje bolova i bolji san.<\/p>\n","protected":false},"featured_media":97334,"comment_status":"open","ping_status":"closed","template":"","meta":[],"product_brand":[],"product_cat":[117],"product_tag":[],"class_list":{"0":"post-97332","1":"product","2":"type-product","3":"status-publish","4":"has-post-thumbnail","6":"product_cat-led-light-therapy","8":"first","9":"instock","10":"sale","11":"taxable","12":"shipping-taxable","13":"purchasable","14":"product-type-simple"},"bundled_by":[],"bundle_stock_status":"instock","bundle_stock_quantity":null,"bundle_virtual":false,"bundle_layout":"","bundle_add_to_cart_form_location":"","bundle_editable_in_cart":false,"bundle_sold_individually_context":"","bundle_item_grouping":"","bundle_min_size":"","bundle_max_size":"","bundled_items":[],"acf":[],"yoast_head":"<!-- This site is optimized with the Yoast SEO plugin v26.5 - https:\/\/yoast.com\/wordpress\/plugins\/seo\/ -->\n<title>LED Light Therapy vre\u0107a za regeneraciju tijela - Active Luxe<\/title>\n<meta name=\"description\" content=\"LED vre\u0107a za spavanje s 3600 LED dioda, crvenim i infracrvenim svjetlom. Ubrzava regeneraciju, ubla\u017eava bolove, smanjuje upale i pomla\u0111uje ko\u017eu.\" \/>\n<meta name=\"robots\" content=\"index, follow, max-snippet:-1, max-image-preview:large, max-video-preview:-1\" \/>\n<link rel=\"canonical\" href=\"https:\/\/activeluxe-cosmetics.com\/hr\/proizvod\/led-light-therapy-vreca-za-spavanje-za-regeneraciju-tijela\/\" \/>\n<meta property=\"og:locale\" content=\"hr_HR\" \/>\n<meta property=\"og:type\" content=\"article\" \/>\n<meta property=\"og:title\" content=\"LED Light Therapy vre\u0107a za regeneraciju tijela - Active Luxe\" \/>\n<meta property=\"og:description\" content=\"LED vre\u0107a za spavanje s 3600 LED dioda, crvenim i infracrvenim svjetlom. Ubrzava regeneraciju, ubla\u017eava bolove, smanjuje upale i pomla\u0111uje ko\u017eu.\" \/>\n<meta property=\"og:url\" content=\"https:\/\/activeluxe-cosmetics.com\/hr\/proizvod\/led-light-therapy-vreca-za-spavanje-za-regeneraciju-tijela\/\" \/>\n<meta property=\"og:site_name\" content=\"Active Luxe Cosmetics\" \/>\n<meta property=\"article:modified_time\" content=\"2026-03-31T08:58:44+00:00\" \/>\n<meta property=\"og:image\" content=\"https:\/\/activeluxe-cosmetics.com\/hr\/wp-content\/uploads\/2025\/09\/Led_Light_Therapy_Sleeping_Bag.jpg\" \/>\n\t<meta property=\"og:image:width\" content=\"1104\" \/>\n\t<meta property=\"og:image:height\" content=\"1326\" \/>\n\t<meta property=\"og:image:type\" content=\"image\/jpeg\" \/>\n<meta name=\"twitter:card\" content=\"summary_large_image\" \/>\n<meta name=\"twitter:label1\" content=\"Procijenjeno vrijeme \u010ditanja\" \/>\n\t<meta name=\"twitter:data1\" content=\"4 minute\" \/>\n<script type=\"application\/ld+json\" class=\"yoast-schema-graph\">{\"@context\":\"https:\/\/schema.org\",\"@graph\":[{\"@type\":\"WebPage\",\"@id\":\"https:\/\/activeluxe-cosmetics.com\/hr\/proizvod\/led-light-therapy-vreca-za-spavanje-za-regeneraciju-tijela\/\",\"url\":\"https:\/\/activeluxe-cosmetics.com\/hr\/proizvod\/led-light-therapy-vreca-za-spavanje-za-regeneraciju-tijela\/\",\"name\":\"LED Light Therapy vre\u0107a za regeneraciju tijela - Active Luxe\",\"isPartOf\":{\"@id\":\"https:\/\/activeluxe-cosmetics.com\/hr\/#website\"},\"primaryImageOfPage\":{\"@id\":\"https:\/\/activeluxe-cosmetics.com\/hr\/proizvod\/led-light-therapy-vreca-za-spavanje-za-regeneraciju-tijela\/#primaryimage\"},\"image\":{\"@id\":\"https:\/\/activeluxe-cosmetics.com\/hr\/proizvod\/led-light-therapy-vreca-za-spavanje-za-regeneraciju-tijela\/#primaryimage\"},\"thumbnailUrl\":\"https:\/\/activeluxe-cosmetics.com\/hr\/wp-content\/uploads\/2025\/09\/Led_Light_Therapy_Sleeping_Bag.jpg\",\"datePublished\":\"2025-09-25T06:01:59+00:00\",\"dateModified\":\"2026-03-31T08:58:44+00:00\",\"description\":\"LED vre\u0107a za spavanje s 3600 LED dioda, crvenim i infracrvenim svjetlom. Ubrzava regeneraciju, ubla\u017eava bolove, smanjuje upale i pomla\u0111uje ko\u017eu.\",\"breadcrumb\":{\"@id\":\"https:\/\/activeluxe-cosmetics.com\/hr\/proizvod\/led-light-therapy-vreca-za-spavanje-za-regeneraciju-tijela\/#breadcrumb\"},\"inLanguage\":\"hr\",\"potentialAction\":[{\"@type\":\"ReadAction\",\"target\":[\"https:\/\/activeluxe-cosmetics.com\/hr\/proizvod\/led-light-therapy-vreca-za-spavanje-za-regeneraciju-tijela\/\"]}]},{\"@type\":\"ImageObject\",\"inLanguage\":\"hr\",\"@id\":\"https:\/\/activeluxe-cosmetics.com\/hr\/proizvod\/led-light-therapy-vreca-za-spavanje-za-regeneraciju-tijela\/#primaryimage\",\"url\":\"https:\/\/activeluxe-cosmetics.com\/hr\/wp-content\/uploads\/2025\/09\/Led_Light_Therapy_Sleeping_Bag.jpg\",\"contentUrl\":\"https:\/\/activeluxe-cosmetics.com\/hr\/wp-content\/uploads\/2025\/09\/Led_Light_Therapy_Sleeping_Bag.jpg\",\"width\":1104,\"height\":1326},{\"@type\":\"BreadcrumbList\",\"@id\":\"https:\/\/activeluxe-cosmetics.com\/hr\/proizvod\/led-light-therapy-vreca-za-spavanje-za-regeneraciju-tijela\/#breadcrumb\",\"itemListElement\":[{\"@type\":\"ListItem\",\"position\":1,\"name\":\"Naslovnica\",\"item\":\"https:\/\/activeluxe-cosmetics.com\/hr\/\"},{\"@type\":\"ListItem\",\"position\":2,\"name\":\"Trgovina\",\"item\":\"https:\/\/activeluxe-cosmetics.com\/hr\/trgovina\/\"},{\"@type\":\"ListItem\",\"position\":3,\"name\":\"LED Light Therapy vre\u0107a za spavanje za regeneraciju tijela\"}]},{\"@type\":\"WebSite\",\"@id\":\"https:\/\/activeluxe-cosmetics.com\/hr\/#website\",\"url\":\"https:\/\/activeluxe-cosmetics.com\/hr\/\",\"name\":\"Active Luxe Cosmetics\",\"description\":\"\",\"potentialAction\":[{\"@type\":\"SearchAction\",\"target\":{\"@type\":\"EntryPoint\",\"urlTemplate\":\"https:\/\/activeluxe-cosmetics.com\/hr\/?s={search_term_string}\"},\"query-input\":{\"@type\":\"PropertyValueSpecification\",\"valueRequired\":true,\"valueName\":\"search_term_string\"}}],\"inLanguage\":\"hr\"}]}<\/script>\n<!-- \/ Yoast SEO plugin. -->","yoast_head_json":{"title":"LED Light Therapy vre\u0107a za regeneraciju tijela - Active Luxe","description":"LED vre\u0107a za spavanje s 3600 LED dioda, crvenim i infracrvenim svjetlom. Ubrzava regeneraciju, ubla\u017eava bolove, smanjuje upale i pomla\u0111uje ko\u017eu.","robots":{"index":"index","follow":"follow","max-snippet":"max-snippet:-1","max-image-preview":"max-image-preview:large","max-video-preview":"max-video-preview:-1"},"canonical":"https:\/\/activeluxe-cosmetics.com\/hr\/proizvod\/led-light-therapy-vreca-za-spavanje-za-regeneraciju-tijela\/","og_locale":"hr_HR","og_type":"article","og_title":"LED Light Therapy vre\u0107a za regeneraciju tijela - Active Luxe","og_description":"LED vre\u0107a za spavanje s 3600 LED dioda, crvenim i infracrvenim svjetlom. Ubrzava regeneraciju, ubla\u017eava bolove, smanjuje upale i pomla\u0111uje ko\u017eu.","og_url":"https:\/\/activeluxe-cosmetics.com\/hr\/proizvod\/led-light-therapy-vreca-za-spavanje-za-regeneraciju-tijela\/","og_site_name":"Active Luxe Cosmetics","article_modified_time":"2026-03-31T08:58:44+00:00","og_image":[{"width":1104,"height":1326,"url":"https:\/\/activeluxe-cosmetics.com\/hr\/wp-content\/uploads\/2025\/09\/Led_Light_Therapy_Sleeping_Bag.jpg","type":"image\/jpeg"}],"twitter_card":"summary_large_image","twitter_misc":{"Procijenjeno vrijeme \u010ditanja":"4 minute"},"schema":{"@context":"https:\/\/schema.org","@graph":[{"@type":"WebPage","@id":"https:\/\/activeluxe-cosmetics.com\/hr\/proizvod\/led-light-therapy-vreca-za-spavanje-za-regeneraciju-tijela\/","url":"https:\/\/activeluxe-cosmetics.com\/hr\/proizvod\/led-light-therapy-vreca-za-spavanje-za-regeneraciju-tijela\/","name":"LED Light Therapy vre\u0107a za regeneraciju tijela - Active Luxe","isPartOf":{"@id":"https:\/\/activeluxe-cosmetics.com\/hr\/#website"},"primaryImageOfPage":{"@id":"https:\/\/activeluxe-cosmetics.com\/hr\/proizvod\/led-light-therapy-vreca-za-spavanje-za-regeneraciju-tijela\/#primaryimage"},"image":{"@id":"https:\/\/activeluxe-cosmetics.com\/hr\/proizvod\/led-light-therapy-vreca-za-spavanje-za-regeneraciju-tijela\/#primaryimage"},"thumbnailUrl":"https:\/\/activeluxe-cosmetics.com\/hr\/wp-content\/uploads\/2025\/09\/Led_Light_Therapy_Sleeping_Bag.jpg","datePublished":"2025-09-25T06:01:59+00:00","dateModified":"2026-03-31T08:58:44+00:00","description":"LED vre\u0107a za spavanje s 3600 LED dioda, crvenim i infracrvenim svjetlom. Ubrzava regeneraciju, ubla\u017eava bolove, smanjuje upale i pomla\u0111uje ko\u017eu.","breadcrumb":{"@id":"https:\/\/activeluxe-cosmetics.com\/hr\/proizvod\/led-light-therapy-vreca-za-spavanje-za-regeneraciju-tijela\/#breadcrumb"},"inLanguage":"hr","potentialAction":[{"@type":"ReadAction","target":["https:\/\/activeluxe-cosmetics.com\/hr\/proizvod\/led-light-therapy-vreca-za-spavanje-za-regeneraciju-tijela\/"]}]},{"@type":"ImageObject","inLanguage":"hr","@id":"https:\/\/activeluxe-cosmetics.com\/hr\/proizvod\/led-light-therapy-vreca-za-spavanje-za-regeneraciju-tijela\/#primaryimage","url":"https:\/\/activeluxe-cosmetics.com\/hr\/wp-content\/uploads\/2025\/09\/Led_Light_Therapy_Sleeping_Bag.jpg","contentUrl":"https:\/\/activeluxe-cosmetics.com\/hr\/wp-content\/uploads\/2025\/09\/Led_Light_Therapy_Sleeping_Bag.jpg","width":1104,"height":1326},{"@type":"BreadcrumbList","@id":"https:\/\/activeluxe-cosmetics.com\/hr\/proizvod\/led-light-therapy-vreca-za-spavanje-za-regeneraciju-tijela\/#breadcrumb","itemListElement":[{"@type":"ListItem","position":1,"name":"Naslovnica","item":"https:\/\/activeluxe-cosmetics.com\/hr\/"},{"@type":"ListItem","position":2,"name":"Trgovina","item":"https:\/\/activeluxe-cosmetics.com\/hr\/trgovina\/"},{"@type":"ListItem","position":3,"name":"LED Light Therapy vre\u0107a za spavanje za regeneraciju tijela"}]},{"@type":"WebSite","@id":"https:\/\/activeluxe-cosmetics.com\/hr\/#website","url":"https:\/\/activeluxe-cosmetics.com\/hr\/","name":"Active Luxe Cosmetics","description":"","potentialAction":[{"@type":"SearchAction","target":{"@type":"EntryPoint","urlTemplate":"https:\/\/activeluxe-cosmetics.com\/hr\/?s={search_term_string}"},"query-input":{"@type":"PropertyValueSpecification","valueRequired":true,"valueName":"search_term_string"}}],"inLanguage":"hr"}]}},"_links":{"self":[{"href":"https:\/\/activeluxe-cosmetics.com\/hr\/wp-json\/wp\/v2\/product\/97332","targetHints":{"allow":["GET"]}}],"collection":[{"href":"https:\/\/activeluxe-cosmetics.com\/hr\/wp-json\/wp\/v2\/product"}],"about":[{"href":"https:\/\/activeluxe-cosmetics.com\/hr\/wp-json\/wp\/v2\/types\/product"}],"replies":[{"embeddable":true,"href":"https:\/\/activeluxe-cosmetics.com\/hr\/wp-json\/wp\/v2\/comments?post=97332"}],"wp:featuredmedia":[{"embeddable":true,"href":"https:\/\/activeluxe-cosmetics.com\/hr\/wp-json\/wp\/v2\/media\/97334"}],"wp:attachment":[{"href":"https:\/\/activeluxe-cosmetics.com\/hr\/wp-json\/wp\/v2\/media?parent=97332"}],"wp:term":[{"taxonomy":"product_brand","embeddable":true,"href":"https:\/\/activeluxe-cosmetics.com\/hr\/wp-json\/wp\/v2\/product_brand?post=97332"},{"taxonomy":"product_cat","embeddable":true,"href":"https:\/\/activeluxe-cosmetics.com\/hr\/wp-json\/wp\/v2\/product_cat?post=97332"},{"taxonomy":"product_tag","embeddable":true,"href":"https:\/\/activeluxe-cosmetics.com\/hr\/wp-json\/wp\/v2\/product_tag?post=97332"}],"curies":[{"name":"wp","href":"https:\/\/api.w.org\/{rel}","templated":true}]}}