{"id":97325,"date":"2025-09-25T06:01:58","date_gmt":"2025-09-25T06:01:58","guid":{"rendered":"https:\/\/activeluxe-cosmetics.com\/hr\/?post_type=product&#038;p=97325"},"modified":"2026-03-31T09:02:33","modified_gmt":"2026-03-31T09:02:33","slug":"led-light-therapy-pro-kapa-za-rast-kose-i-njegu-vlasista","status":"publish","type":"product","link":"https:\/\/activeluxe-cosmetics.com\/hr\/proizvod\/led-light-therapy-pro-kapa-za-rast-kose-i-njegu-vlasista\/","title":{"rendered":"LED Light Therapy Pro kapa za rast kose i njegu vlasi\u0161ta"},"content":{"rendered":"<h2><strong><img loading=\"lazy\" decoding=\"async\" class=\" wp-image-97318 alignright\" src=\"https:\/\/activeluxe-cosmetics.com\/hr\/wp-content\/uploads\/2025\/09\/led_light_therapy_cap_pro-1-683x1024-1-460x690.jpg\" alt=\"\" width=\"397\" height=\"596\" srcset=\"https:\/\/activeluxe-cosmetics.com\/hr\/wp-content\/uploads\/2025\/09\/led_light_therapy_cap_pro-1-683x1024-1-460x690.jpg 460w, https:\/\/activeluxe-cosmetics.com\/hr\/wp-content\/uploads\/2025\/09\/led_light_therapy_cap_pro-1-683x1024-1-600x900.jpg 600w, https:\/\/activeluxe-cosmetics.com\/hr\/wp-content\/uploads\/2025\/09\/led_light_therapy_cap_pro-1-683x1024-1.jpg 683w\" sizes=\"auto, (max-width: 397px) 100vw, 397px\" \/>Profesionalna LED svjetlosna terapija <\/strong>u udobnosti vlastitog doma<strong><br \/>\n<\/strong><\/h2>\n<p data-start=\"87\" data-end=\"578\"><strong data-start=\"87\" data-end=\"294\">Active Luxe PRO kapa za svjetlosnu terapiju s LED tehnologijom dizajnirana je za sve koji tra\u017ee u\u010dinkovito, sigurno i neinvazivno rje\u0161enje za ispadanje kose, probleme s vlasi\u0161tem i nepravilnosti na ko\u017ei.<\/strong><br data-start=\"294\" data-end=\"297\" \/>LED terapija, poznata i kao fotobiomodulacija, znanstveno je dokazana metoda koja koristi specifi\u010dne valne duljine svjetlosti za prodiranje u ko\u017eu i folikule kose. Ova svjetlost stimulira stanice, pove\u0107ava proizvodnju kolagena i elastina, pobolj\u0161ava cirkulaciju i smanjuje upale.<\/p>\n<p data-start=\"580\" data-end=\"861\"><strong data-start=\"580\" data-end=\"610\">Infracrvena svjetlost (IR)<\/strong> posebno je u\u010dinkovita za pobolj\u0161anje zdravlja vlasi\u0161ta jer poma\u017ee u smanjenju upala, umiruje iritacije i mo\u017ee doprinijeti uklanjanju peruti.<br data-start=\"751\" data-end=\"754\" \/><strong data-start=\"754\" data-end=\"767\">Rezultat?<\/strong> Zdravlje vlasi\u0161ta se pobolj\u0161ava, folikuli kose ja\u010daju, \u0161to dovodi do gu\u0161\u0107e i sna\u017enije kose.<\/p>\n<p data-start=\"863\" data-end=\"1029\">S integriranih <strong data-start=\"878\" data-end=\"895\">180 LED dioda<\/strong> i uporabom <strong data-start=\"907\" data-end=\"951\">pet razli\u010ditih valnih duljina svjetlosti<\/strong>, ure\u0111aj djeluje cjelovito \u2013 i na povr\u0161ini ko\u017ee i u dubljim slojevima tkiva.<\/p>\n<p data-start=\"1031\" data-end=\"1219\">Redovitom uporabom <strong data-start=\"1050\" data-end=\"1090\">Active Luxe LED terapeutske PRO kape<\/strong> poti\u010dete prirodne regenerativne procese u tijelu, pobolj\u0161avate cirkulaciju, smanjujete upale i poti\u010dete rast ja\u010de, gu\u0161\u0107e kose.<\/p>\n<h2 style=\"clear: both;\"><strong><img loading=\"lazy\" decoding=\"async\" class=\"wp-image-103465 alignleft\" src=\"https:\/\/cdn.activeluxe-cosmetics.com\/sl\/wp-content\/uploads\/2025\/09\/18225759\/led_light_therapy_cap_pro_active_luxe-460x690.jpg\" alt=\"\" width=\"436\" height=\"654\" \/>\u0160iroki spektar terapijskih valnih duljina <\/strong>za cjelovitu svjetlosnu terapiju<strong><br \/>\n<\/strong><\/h2>\n<p data-start=\"53\" data-end=\"171\"><strong data-start=\"53\" data-end=\"169\">Active Luxe LED Pro kapa kombinira pet klju\u010dnih valnih duljina koje omogu\u0107uju ciljanu, ali i cjelovitu terapiju:<\/strong><\/p>\n<ul>\n<li data-start=\"53\" data-end=\"171\"><strong data-start=\"175\" data-end=\"213\">630 nm (naran\u010dasto-crveno svjetlo)<\/strong> \u2013 pobolj\u0161ava cirkulaciju i opskrbu ko\u017ee kisikom<\/li>\n<li data-start=\"53\" data-end=\"171\"><strong data-start=\"266\" data-end=\"293\">660 nm (crveno svjetlo)<\/strong> \u2013 poti\u010de aktivnost stanica u folikulima i ubrzava rast kose<\/li>\n<li data-start=\"53\" data-end=\"171\"><strong data-start=\"358\" data-end=\"397\">780 nm (blisko infracrveno svjetlo)<\/strong> \u2013 djeluje protuupalno i pobolj\u0161ava mikrocirkulaciju vlasi\u0161ta<\/li>\n<li data-start=\"53\" data-end=\"171\"><strong data-start=\"463\" data-end=\"493\">850 nm (blisko IR svjetlo)<\/strong> \u2013 prodire duboko u tkiva, poti\u010de obnovu i regeneraciju<\/li>\n<li data-start=\"53\" data-end=\"171\"><strong data-start=\"553\" data-end=\"592\">940 nm (duboko infracrveno svjetlo)<\/strong> \u2013 ima sna\u017ean terapeutski u\u010dinak kod upala i iritacija vlasi\u0161ta<\/li>\n<\/ul>\n<p data-start=\"659\" data-end=\"856\">Kombinacija ovih valnih duljina omogu\u0107uje da<strong data-start=\"659\" data-end=\"854\"> Active Luxe LED Pro kapa djeluje na stanice ko\u017ee, folikule kose i dublja tkiva \u2013 <\/strong>\u0161to je klju\u010dno za dugoro\u010dno zdravlje i vitalnost kose i vlasi\u0161ta.<\/p>\n<h2 style=\"clear: both;\"><img loading=\"lazy\" decoding=\"async\" class=\" wp-image-103463 alignright\" src=\"https:\/\/cdn.activeluxe-cosmetics.com\/sl\/wp-content\/uploads\/2025\/09\/18225755\/led_light_cap_pro_active_luxe-460x690.jpg\" alt=\"\" width=\"390\" height=\"585\" \/><strong>Visoka snaga i precizna pokrivenost <\/strong>za br\u017ee rezultate<strong><br \/>\n<\/strong><\/h2>\n<p data-start=\"53\" data-end=\"225\">S <strong data-start=\"55\" data-end=\"69\">30 W snage<\/strong> i \u010dak <strong data-start=\"76\" data-end=\"111\">180 visokou\u010dinkovitih LED dioda<\/strong>, <strong data-start=\"113\" data-end=\"141\">Active Luxe LED kapa PRO<\/strong> osigurava iznimnu intenzitetu svjetla i ravnomjernu pokrivenost cijelog vlasi\u0161ta.<\/p>\n<p data-start=\"227\" data-end=\"251\"><strong data-start=\"227\" data-end=\"249\">Za\u0161to je to va\u017eno?<\/strong><\/p>\n<ul>\n<li data-start=\"227\" data-end=\"251\">Ve\u0107a snaga zna\u010di dublje djelovanje i br\u017ee rezultate.<\/li>\n<li data-start=\"227\" data-end=\"251\">Vi\u0161e LED dioda zna\u010di ve\u0107u pokrivenost i u\u010dinkovitiju terapiju.<\/li>\n<\/ul>\n<p data-start=\"378\" data-end=\"402\"><strong data-start=\"378\" data-end=\"400\">U praksi to zna\u010di:<\/strong><\/p>\n<ul>\n<li data-start=\"378\" data-end=\"402\"><strong data-start=\"406\" data-end=\"433\">Br\u017ei terapeutski u\u010dinak<\/strong> \u2013 svjetlo prodire dublje i intenzivnije<\/li>\n<li data-start=\"378\" data-end=\"402\"><strong data-start=\"478\" data-end=\"502\">Vidljiviji rezultati<\/strong> \u2013 pobolj\u0161ana gusto\u0107a i kvaliteta kose<\/li>\n<li data-start=\"378\" data-end=\"402\"><strong data-start=\"545\" data-end=\"572\">Kra\u0107e trajanje tretmana<\/strong> \u2013 zahvaljuju\u0107i ve\u0107oj u\u010dinkovitosti<\/li>\n<\/ul>\n<p data-start=\"611\" data-end=\"857\">Dizajn ure\u0111aja omogu\u0107uje sigurnu, jednostavnu i u\u010dinkovitu uporabu u udobnosti vlastitog doma.<br data-start=\"705\" data-end=\"708\" \/><strong data-start=\"708\" data-end=\"736\">Active Luxe LED Pro kapa<\/strong> idealno je rje\u0161enje za sve koji \u017eele profesionalnu svjetlosnu terapiju bez potrebe za skupim posjetima specijalistima.<\/p>\n<h2 style=\"clear: both;\"><strong><img loading=\"lazy\" decoding=\"async\" class=\" wp-image-97323 alignleft\" src=\"https:\/\/activeluxe-cosmetics.com\/hr\/wp-content\/uploads\/2025\/09\/led_light_cap_pro-460x690.jpg\" alt=\"\" width=\"336\" height=\"504\" srcset=\"https:\/\/activeluxe-cosmetics.com\/hr\/wp-content\/uploads\/2025\/09\/led_light_cap_pro-460x690.jpg 460w, https:\/\/activeluxe-cosmetics.com\/hr\/wp-content\/uploads\/2025\/09\/led_light_cap_pro-683x1024.jpg 683w, https:\/\/activeluxe-cosmetics.com\/hr\/wp-content\/uploads\/2025\/09\/led_light_cap_pro-768x1152.jpg 768w, https:\/\/activeluxe-cosmetics.com\/hr\/wp-content\/uploads\/2025\/09\/led_light_cap_pro-600x900.jpg 600w, https:\/\/activeluxe-cosmetics.com\/hr\/wp-content\/uploads\/2025\/09\/led_light_cap_pro.jpg 1024w\" sizes=\"auto, (max-width: 336px) 100vw, 336px\" \/>Prilagodljivi modovi<\/strong> \u2013 savr\u0161eno rje\u0161enje za svaku potrebu<\/h2>\n<p data-start=\"53\" data-end=\"270\">Jedna od klju\u010dnih prednosti <strong data-start=\"81\" data-end=\"109\">Active Luxe LED Pro kape<\/strong> je njezina prilagodljivost.<\/p>\n<p data-start=\"53\" data-end=\"270\">Ure\u0111aj omogu\u0107uje prebacivanje izme\u0111u razli\u010ditih na\u010dina svjetla, \u0161to zna\u010di da terapiju mo\u017eete potpuno prilagoditi svojim potrebama:<\/p>\n<ul>\n<li data-start=\"53\" data-end=\"270\"><strong data-start=\"274\" data-end=\"301\">Za poticanje rasta kose<\/strong> odaberite crveno ili infracrveno svjetlo<\/li>\n<li data-start=\"53\" data-end=\"270\"><strong data-start=\"347\" data-end=\"390\">Kod osjetljivog ili nadra\u017eenog vlasi\u0161ta<\/strong> koristite 940 nm za umirenje<\/li>\n<li data-start=\"53\" data-end=\"270\"><strong data-start=\"424\" data-end=\"487\">Za op\u0107e pobolj\u0161anje ko\u017ee vlasi\u0161ta ili ubla\u017eavanje napetosti<\/strong> odaberite 780 ili 850 nm<\/li>\n<\/ul>\n<p>Zahvaljuju\u0107i ovoj fleksibilnosti, <strong data-start=\"550\" data-end=\"578\">Active Luxe LED Pro kapa<\/strong> idealna je i za ku\u0107anstva s vi\u0161e korisnika ili za one koji se suo\u010davaju s kombinacijom razli\u010ditih problema \u2013 sve uz pomo\u0107 jednog jedinog ure\u0111aja.<\/p>\n<p>&nbsp;<\/p>\n<p>&nbsp;<\/p>\n<p>&nbsp;<\/p>\n<p>&nbsp;<\/p>\n<p>&nbsp;<\/p>\n<p>&nbsp;<\/p>\n<p style=\"text-align: center;\"><strong data-start=\"46\" data-end=\"560\">\u201eKao dermatologinju, LED tehnologija me iznimno odu\u0161evljava jer na neinvazivan na\u010din podupire procese u ko\u017ei koji su dugo vremena bili povezani ponajprije s invazivnim zahvatima. Ova tehnologija, zahvaljuju\u0107i razli\u010ditim valnim duljinama svjetlosti, poti\u010de prirodne regenerativne mehanizme ko\u017ee, \u0161to se o\u010dituje \u010dvr\u0161\u0107im, gla\u0111im i ujedna\u010denijim izgledom te smanjenjem nepravilnosti. Uz suvremenu LED masku danas te u\u010dinke mo\u017eemo sigurno i u\u010dinkovito uklju\u010diti u ku\u0107nu njegu ko\u017ee, bez boli i bez vremena oporavka.\u201d<\/strong><\/p>\n<p style=\"text-align: center;\">Suzana Hudej, dr. med., spec. dermatovenerologije<\/p>\n","protected":false},"excerpt":{"rendered":"<p>Profesionalna LED kapa sa 180 dioda i pet valnih duljina za rast i regeneraciju kose te zdravlje vlasi\u0161ta.<\/p>\n","protected":false},"featured_media":97328,"comment_status":"open","ping_status":"closed","template":"","meta":[],"product_brand":[],"product_cat":[117],"product_tag":[],"class_list":{"0":"post-97325","1":"product","2":"type-product","3":"status-publish","4":"has-post-thumbnail","6":"product_cat-led-light-therapy","8":"first","9":"instock","10":"sale","11":"taxable","12":"shipping-taxable","13":"purchasable","14":"product-type-simple"},"bundled_by":[],"bundle_stock_status":"instock","bundle_stock_quantity":null,"bundle_virtual":false,"bundle_layout":"","bundle_add_to_cart_form_location":"","bundle_editable_in_cart":false,"bundle_sold_individually_context":"","bundle_item_grouping":"","bundle_min_size":"","bundle_max_size":"","bundled_items":[],"acf":[],"yoast_head":"<!-- This site is optimized with the Yoast SEO plugin v26.5 - https:\/\/yoast.com\/wordpress\/plugins\/seo\/ -->\n<title>LED Cap Pro \u2013 LED terapijska kapa Active Luxe<\/title>\n<meta name=\"description\" content=\"LED terapijska kapa \u2013 profesionalna svjetlosna terapija za rast kose, zdravo vlasi\u0161te, pomla\u0111ivanje ko\u017ee i ubla\u017eavanje bolova u udobnosti vlastitog doma.\" \/>\n<meta name=\"robots\" content=\"index, follow, max-snippet:-1, max-image-preview:large, max-video-preview:-1\" \/>\n<link rel=\"canonical\" href=\"https:\/\/activeluxe-cosmetics.com\/hr\/proizvod\/led-light-therapy-pro-kapa-za-rast-kose-i-njegu-vlasista\/\" \/>\n<meta property=\"og:locale\" content=\"hr_HR\" \/>\n<meta property=\"og:type\" content=\"article\" \/>\n<meta property=\"og:title\" content=\"LED Cap Pro \u2013 LED terapijska kapa Active Luxe\" \/>\n<meta property=\"og:description\" content=\"LED terapijska kapa \u2013 profesionalna svjetlosna terapija za rast kose, zdravo vlasi\u0161te, pomla\u0111ivanje ko\u017ee i ubla\u017eavanje bolova u udobnosti vlastitog doma.\" \/>\n<meta property=\"og:url\" content=\"https:\/\/activeluxe-cosmetics.com\/hr\/proizvod\/led-light-therapy-pro-kapa-za-rast-kose-i-njegu-vlasista\/\" \/>\n<meta property=\"og:site_name\" content=\"Active Luxe Cosmetics\" \/>\n<meta property=\"article:modified_time\" content=\"2026-03-31T09:02:33+00:00\" \/>\n<meta property=\"og:image\" content=\"https:\/\/activeluxe-cosmetics.com\/hr\/wp-content\/uploads\/2025\/09\/Led_Light_Therapy_Cap_PRO-1.jpg\" \/>\n\t<meta property=\"og:image:width\" content=\"1104\" \/>\n\t<meta property=\"og:image:height\" content=\"1326\" \/>\n\t<meta property=\"og:image:type\" content=\"image\/jpeg\" \/>\n<meta name=\"twitter:card\" content=\"summary_large_image\" \/>\n<meta name=\"twitter:label1\" content=\"Procijenjeno vrijeme \u010ditanja\" \/>\n\t<meta name=\"twitter:data1\" content=\"5 minuta\" \/>\n<script type=\"application\/ld+json\" class=\"yoast-schema-graph\">{\"@context\":\"https:\/\/schema.org\",\"@graph\":[{\"@type\":\"WebPage\",\"@id\":\"https:\/\/activeluxe-cosmetics.com\/hr\/proizvod\/led-light-therapy-pro-kapa-za-rast-kose-i-njegu-vlasista\/\",\"url\":\"https:\/\/activeluxe-cosmetics.com\/hr\/proizvod\/led-light-therapy-pro-kapa-za-rast-kose-i-njegu-vlasista\/\",\"name\":\"LED Cap Pro \u2013 LED terapijska kapa Active Luxe\",\"isPartOf\":{\"@id\":\"https:\/\/activeluxe-cosmetics.com\/hr\/#website\"},\"primaryImageOfPage\":{\"@id\":\"https:\/\/activeluxe-cosmetics.com\/hr\/proizvod\/led-light-therapy-pro-kapa-za-rast-kose-i-njegu-vlasista\/#primaryimage\"},\"image\":{\"@id\":\"https:\/\/activeluxe-cosmetics.com\/hr\/proizvod\/led-light-therapy-pro-kapa-za-rast-kose-i-njegu-vlasista\/#primaryimage\"},\"thumbnailUrl\":\"https:\/\/activeluxe-cosmetics.com\/hr\/wp-content\/uploads\/2025\/09\/Led_Light_Therapy_Cap_PRO-1.jpg\",\"datePublished\":\"2025-09-25T06:01:58+00:00\",\"dateModified\":\"2026-03-31T09:02:33+00:00\",\"description\":\"LED terapijska kapa \u2013 profesionalna svjetlosna terapija za rast kose, zdravo vlasi\u0161te, pomla\u0111ivanje ko\u017ee i ubla\u017eavanje bolova u udobnosti vlastitog doma.\",\"breadcrumb\":{\"@id\":\"https:\/\/activeluxe-cosmetics.com\/hr\/proizvod\/led-light-therapy-pro-kapa-za-rast-kose-i-njegu-vlasista\/#breadcrumb\"},\"inLanguage\":\"hr\",\"potentialAction\":[{\"@type\":\"ReadAction\",\"target\":[\"https:\/\/activeluxe-cosmetics.com\/hr\/proizvod\/led-light-therapy-pro-kapa-za-rast-kose-i-njegu-vlasista\/\"]}]},{\"@type\":\"ImageObject\",\"inLanguage\":\"hr\",\"@id\":\"https:\/\/activeluxe-cosmetics.com\/hr\/proizvod\/led-light-therapy-pro-kapa-za-rast-kose-i-njegu-vlasista\/#primaryimage\",\"url\":\"https:\/\/activeluxe-cosmetics.com\/hr\/wp-content\/uploads\/2025\/09\/Led_Light_Therapy_Cap_PRO-1.jpg\",\"contentUrl\":\"https:\/\/activeluxe-cosmetics.com\/hr\/wp-content\/uploads\/2025\/09\/Led_Light_Therapy_Cap_PRO-1.jpg\",\"width\":1104,\"height\":1326},{\"@type\":\"BreadcrumbList\",\"@id\":\"https:\/\/activeluxe-cosmetics.com\/hr\/proizvod\/led-light-therapy-pro-kapa-za-rast-kose-i-njegu-vlasista\/#breadcrumb\",\"itemListElement\":[{\"@type\":\"ListItem\",\"position\":1,\"name\":\"Naslovnica\",\"item\":\"https:\/\/activeluxe-cosmetics.com\/hr\/\"},{\"@type\":\"ListItem\",\"position\":2,\"name\":\"Trgovina\",\"item\":\"https:\/\/activeluxe-cosmetics.com\/hr\/trgovina\/\"},{\"@type\":\"ListItem\",\"position\":3,\"name\":\"LED Light Therapy Pro kapa za rast kose i njegu vlasi\u0161ta\"}]},{\"@type\":\"WebSite\",\"@id\":\"https:\/\/activeluxe-cosmetics.com\/hr\/#website\",\"url\":\"https:\/\/activeluxe-cosmetics.com\/hr\/\",\"name\":\"Active Luxe Cosmetics\",\"description\":\"\",\"potentialAction\":[{\"@type\":\"SearchAction\",\"target\":{\"@type\":\"EntryPoint\",\"urlTemplate\":\"https:\/\/activeluxe-cosmetics.com\/hr\/?s={search_term_string}\"},\"query-input\":{\"@type\":\"PropertyValueSpecification\",\"valueRequired\":true,\"valueName\":\"search_term_string\"}}],\"inLanguage\":\"hr\"}]}<\/script>\n<!-- \/ Yoast SEO plugin. -->","yoast_head_json":{"title":"LED Cap Pro \u2013 LED terapijska kapa Active Luxe","description":"LED terapijska kapa \u2013 profesionalna svjetlosna terapija za rast kose, zdravo vlasi\u0161te, pomla\u0111ivanje ko\u017ee i ubla\u017eavanje bolova u udobnosti vlastitog doma.","robots":{"index":"index","follow":"follow","max-snippet":"max-snippet:-1","max-image-preview":"max-image-preview:large","max-video-preview":"max-video-preview:-1"},"canonical":"https:\/\/activeluxe-cosmetics.com\/hr\/proizvod\/led-light-therapy-pro-kapa-za-rast-kose-i-njegu-vlasista\/","og_locale":"hr_HR","og_type":"article","og_title":"LED Cap Pro \u2013 LED terapijska kapa Active Luxe","og_description":"LED terapijska kapa \u2013 profesionalna svjetlosna terapija za rast kose, zdravo vlasi\u0161te, pomla\u0111ivanje ko\u017ee i ubla\u017eavanje bolova u udobnosti vlastitog doma.","og_url":"https:\/\/activeluxe-cosmetics.com\/hr\/proizvod\/led-light-therapy-pro-kapa-za-rast-kose-i-njegu-vlasista\/","og_site_name":"Active Luxe Cosmetics","article_modified_time":"2026-03-31T09:02:33+00:00","og_image":[{"width":1104,"height":1326,"url":"https:\/\/activeluxe-cosmetics.com\/hr\/wp-content\/uploads\/2025\/09\/Led_Light_Therapy_Cap_PRO-1.jpg","type":"image\/jpeg"}],"twitter_card":"summary_large_image","twitter_misc":{"Procijenjeno vrijeme \u010ditanja":"5 minuta"},"schema":{"@context":"https:\/\/schema.org","@graph":[{"@type":"WebPage","@id":"https:\/\/activeluxe-cosmetics.com\/hr\/proizvod\/led-light-therapy-pro-kapa-za-rast-kose-i-njegu-vlasista\/","url":"https:\/\/activeluxe-cosmetics.com\/hr\/proizvod\/led-light-therapy-pro-kapa-za-rast-kose-i-njegu-vlasista\/","name":"LED Cap Pro \u2013 LED terapijska kapa Active Luxe","isPartOf":{"@id":"https:\/\/activeluxe-cosmetics.com\/hr\/#website"},"primaryImageOfPage":{"@id":"https:\/\/activeluxe-cosmetics.com\/hr\/proizvod\/led-light-therapy-pro-kapa-za-rast-kose-i-njegu-vlasista\/#primaryimage"},"image":{"@id":"https:\/\/activeluxe-cosmetics.com\/hr\/proizvod\/led-light-therapy-pro-kapa-za-rast-kose-i-njegu-vlasista\/#primaryimage"},"thumbnailUrl":"https:\/\/activeluxe-cosmetics.com\/hr\/wp-content\/uploads\/2025\/09\/Led_Light_Therapy_Cap_PRO-1.jpg","datePublished":"2025-09-25T06:01:58+00:00","dateModified":"2026-03-31T09:02:33+00:00","description":"LED terapijska kapa \u2013 profesionalna svjetlosna terapija za rast kose, zdravo vlasi\u0161te, pomla\u0111ivanje ko\u017ee i ubla\u017eavanje bolova u udobnosti vlastitog doma.","breadcrumb":{"@id":"https:\/\/activeluxe-cosmetics.com\/hr\/proizvod\/led-light-therapy-pro-kapa-za-rast-kose-i-njegu-vlasista\/#breadcrumb"},"inLanguage":"hr","potentialAction":[{"@type":"ReadAction","target":["https:\/\/activeluxe-cosmetics.com\/hr\/proizvod\/led-light-therapy-pro-kapa-za-rast-kose-i-njegu-vlasista\/"]}]},{"@type":"ImageObject","inLanguage":"hr","@id":"https:\/\/activeluxe-cosmetics.com\/hr\/proizvod\/led-light-therapy-pro-kapa-za-rast-kose-i-njegu-vlasista\/#primaryimage","url":"https:\/\/activeluxe-cosmetics.com\/hr\/wp-content\/uploads\/2025\/09\/Led_Light_Therapy_Cap_PRO-1.jpg","contentUrl":"https:\/\/activeluxe-cosmetics.com\/hr\/wp-content\/uploads\/2025\/09\/Led_Light_Therapy_Cap_PRO-1.jpg","width":1104,"height":1326},{"@type":"BreadcrumbList","@id":"https:\/\/activeluxe-cosmetics.com\/hr\/proizvod\/led-light-therapy-pro-kapa-za-rast-kose-i-njegu-vlasista\/#breadcrumb","itemListElement":[{"@type":"ListItem","position":1,"name":"Naslovnica","item":"https:\/\/activeluxe-cosmetics.com\/hr\/"},{"@type":"ListItem","position":2,"name":"Trgovina","item":"https:\/\/activeluxe-cosmetics.com\/hr\/trgovina\/"},{"@type":"ListItem","position":3,"name":"LED Light Therapy Pro kapa za rast kose i njegu vlasi\u0161ta"}]},{"@type":"WebSite","@id":"https:\/\/activeluxe-cosmetics.com\/hr\/#website","url":"https:\/\/activeluxe-cosmetics.com\/hr\/","name":"Active Luxe Cosmetics","description":"","potentialAction":[{"@type":"SearchAction","target":{"@type":"EntryPoint","urlTemplate":"https:\/\/activeluxe-cosmetics.com\/hr\/?s={search_term_string}"},"query-input":{"@type":"PropertyValueSpecification","valueRequired":true,"valueName":"search_term_string"}}],"inLanguage":"hr"}]}},"_links":{"self":[{"href":"https:\/\/activeluxe-cosmetics.com\/hr\/wp-json\/wp\/v2\/product\/97325","targetHints":{"allow":["GET"]}}],"collection":[{"href":"https:\/\/activeluxe-cosmetics.com\/hr\/wp-json\/wp\/v2\/product"}],"about":[{"href":"https:\/\/activeluxe-cosmetics.com\/hr\/wp-json\/wp\/v2\/types\/product"}],"replies":[{"embeddable":true,"href":"https:\/\/activeluxe-cosmetics.com\/hr\/wp-json\/wp\/v2\/comments?post=97325"}],"wp:featuredmedia":[{"embeddable":true,"href":"https:\/\/activeluxe-cosmetics.com\/hr\/wp-json\/wp\/v2\/media\/97328"}],"wp:attachment":[{"href":"https:\/\/activeluxe-cosmetics.com\/hr\/wp-json\/wp\/v2\/media?parent=97325"}],"wp:term":[{"taxonomy":"product_brand","embeddable":true,"href":"https:\/\/activeluxe-cosmetics.com\/hr\/wp-json\/wp\/v2\/product_brand?post=97325"},{"taxonomy":"product_cat","embeddable":true,"href":"https:\/\/activeluxe-cosmetics.com\/hr\/wp-json\/wp\/v2\/product_cat?post=97325"},{"taxonomy":"product_tag","embeddable":true,"href":"https:\/\/activeluxe-cosmetics.com\/hr\/wp-json\/wp\/v2\/product_tag?post=97325"}],"curies":[{"name":"wp","href":"https:\/\/api.w.org\/{rel}","templated":true}]}}