{"id":97280,"date":"2025-09-25T06:01:57","date_gmt":"2025-09-25T06:01:57","guid":{"rendered":"https:\/\/activeluxe-cosmetics.com\/hr\/?post_type=product&#038;p=97280"},"modified":"2026-03-31T09:16:11","modified_gmt":"2026-03-31T09:16:11","slug":"led-light-therapy-maska-za-lice-vrat-i-dekolte","status":"publish","type":"product","link":"https:\/\/activeluxe-cosmetics.com\/hr\/proizvod\/led-light-therapy-maska-za-lice-vrat-i-dekolte\/","title":{"rendered":"LED Light Therapy maska za lice, vrat i dekolte"},"content":{"rendered":"<h2><strong><img loading=\"lazy\" decoding=\"async\" class=\" wp-image-97281 alignright\" src=\"https:\/\/activeluxe-cosmetics.com\/hr\/wp-content\/uploads\/2025\/09\/led_light_therapy_face_and_neck_active_luxe-460x690-1.jpg\" alt=\"\" width=\"350\" height=\"525\" \/>Premium LED maska za lice, vrat i dekolte<\/strong><strong>: <\/strong>cjelovita njega protiv starenja<strong><br \/>\n<\/strong><\/h2>\n<p>Starenje ko\u017ee ne vidi se samo na licu. Vrat i dekolte tako\u0111er su <strong>osjetljiva podru\u010dja<\/strong> na kojima se <strong>prvi znakovi starenja pojavljuju vrlo rano<\/strong>.<\/p>\n<p>Ko\u017ea na tim dijelovima je tanja, vi\u0161e izlo\u017eena suncu i mehani\u010dkim optere\u0107enjima (pokreti, spavanje, odje\u0107a), zbog \u010dega br\u017ee gubi elasti\u010dnost, bora se i pokazuje pigmentacije.<\/p>\n<p><strong data-start=\"472\" data-end=\"511\">Active Luxe LED Light Therapy maska za<\/strong>\u00a0posebno je dizajnirana za cjelovitu njegu sva tri klju\u010dna podru\u010dja: lica, vrata i dekoltea.<\/p>\n<p>Sa \u010dak <strong data-start=\"614\" data-end=\"631\">480 LED dioda<\/strong> i kombinacijom <strong data-start=\"647\" data-end=\"693\">\u010detiri terapijske valne duljine svjetlosti<\/strong> pru\u017ea intenzivnu, ravnomjernu i profesionalnu njegu koja pomla\u0111uje i regenerira ko\u017eu upravo tamo gdje vam je to najpotrebnije.<\/p>\n<h2 style=\"clear: both;\"><strong><img loading=\"lazy\" decoding=\"async\" class=\"wp-image-103473 alignleft\" src=\"https:\/\/cdn.activeluxe-cosmetics.com\/sl\/wp-content\/uploads\/2025\/09\/18231303\/led_light_therapy_face_mask_alc-460x690.jpg\" alt=\"\" width=\"368\" height=\"552\" \/>Kako djeluju crveno i IR<\/strong> svjetlo na ko\u017eu<strong><br \/>\n<\/strong><\/h2>\n<p data-start=\"178\" data-end=\"303\">Svjetlosna terapija s <strong data-start=\"200\" data-end=\"226\">Active Luxe LED maskom za lice, vrat i dekolte<\/strong> kombinira<strong> \u010detiri klju\u010dne spektralne<\/strong> valne duljine:<\/p>\n<ul>\n<li data-start=\"178\" data-end=\"303\"><strong data-start=\"307\" data-end=\"335\">Crveno svjetlo (630 nm):<\/strong> poti\u010de proizvodnju kolagena i elastina, smanjuje bore te pobolj\u0161ava \u010dvrsto\u0107u ko\u017ee na licu, vratu i dekolteu.<\/li>\n<li data-start=\"178\" data-end=\"303\"><strong data-start=\"449\" data-end=\"482\">Infracrveno svjetlo (850 nm):<\/strong> prodire duboko u tkiva, ubrzava regeneraciju stanica, pobolj\u0161ava mikrocirkulaciju i smanjuje upale.<\/li>\n<li data-start=\"178\" data-end=\"303\"><strong data-start=\"587\" data-end=\"614\">Plavo svjetlo (460 nm):<\/strong> djeluje antibakterijski, smanjuje akne i sprje\u010dava za\u010depljenje pora.<\/li>\n<li data-start=\"178\" data-end=\"303\"><strong data-start=\"688\" data-end=\"714\">\u017duto svjetlo (590 nm):<\/strong> umiruje osjetljivu ko\u017eu, smanjuje pigmentacije i pobolj\u0161ava ujedna\u010denost tena.<\/li>\n<\/ul>\n<p data-start=\"797\" data-end=\"974\">Ova kombinacija pru\u017ea <strong>cjelovitu LED terapiju lica, vrata i dekoltea<\/strong> u udobnosti vlastitog doma, poma\u017ee sprije\u010diti i smanjiti znakove starenja te pobolj\u0161ava op\u0107e zdravlje ko\u017ee.<\/p>\n<h2 style=\"clear: both;\"><strong><img loading=\"lazy\" decoding=\"async\" class=\" wp-image-103504 alignright\" src=\"https:\/\/cdn.activeluxe-cosmetics.com\/sl\/wp-content\/uploads\/2025\/09\/19144135\/led_light_therapy_neck_mask-460x690.jpg\" alt=\"\" width=\"359\" height=\"539\" \/>U\u010dinkovito rje\u0161enje<\/strong> za bore, akne i pigmentacije<strong><br \/>\n<\/strong><\/h2>\n<p data-start=\"166\" data-end=\"401\">Iako ve\u0107ina ljudi najve\u0107u pa\u017enju posve\u0107uje njezi lica, znakovi starenja \u010desto se jo\u0161 br\u017ee pojavljuju na vratu i dekolteu. Ko\u017ea na tim podru\u010djima je <strong>tanja<\/strong>, <strong>manje elasti\u010dna<\/strong> i <strong>slabije za\u0161ti\u0107ena<\/strong> od vanjskih \u010dimbenika, a rezultat toga su:<\/p>\n<ul>\n<li data-start=\"166\" data-end=\"401\">bore i opu\u0161tena ko\u017ea na vratu,<\/li>\n<li data-start=\"166\" data-end=\"401\">naborana i suha ko\u017ea dekoltea,<\/li>\n<li data-start=\"166\" data-end=\"401\">izra\u017eene pigmentacije zbog izlaganja suncu,<\/li>\n<li data-start=\"166\" data-end=\"401\">gubitak \u010dvrsto\u0107e i tonusa ko\u017ee.<\/li>\n<\/ul>\n<p data-start=\"558\" data-end=\"864\"><strong data-start=\"558\" data-end=\"618\">Active Luxe anti-aging LED maska za lice, vrat i dekolte<\/strong> nudi jedinstvenu prednost \u2013 <strong>potpunu pokrivenost od \u010dela do dekoltea.<\/strong> Time ne samo da smanjuje bore na licu, ve\u0107 osigurava i mladolik, njegovan izgled vrata i dekoltea, koji su \u010desto klju\u010dni za o\u010duvanje harmonije i svje\u017eine cjelokupnog izgleda.<\/p>\n<h2 style=\"clear: both;\"><strong><img loading=\"lazy\" decoding=\"async\" class=\"wp-image-103505 alignleft\" src=\"https:\/\/cdn.activeluxe-cosmetics.com\/sl\/wp-content\/uploads\/2025\/09\/19144205\/led_light_therapy_face_neck-460x690.jpg\" alt=\"\" width=\"363\" height=\"545\" \/><\/strong><\/h2>\n<h2><strong>LED terapija za lice kod ku\u0107e: <\/strong>za svaki tip ko\u017ee i sve potrebe<\/h2>\n<p data-start=\"151\" data-end=\"303\">Bez obzira na to borite li se s borama, pigmentacijama, aknama ili osjetljivom ko\u017eom, <strong data-start=\"237\" data-end=\"262\">Active Luxe LED maska<\/strong> za lice, vrat i dekolte nudi rje\u0161enje:<\/p>\n<ul>\n<li data-start=\"151\" data-end=\"303\"><strong data-start=\"307\" data-end=\"350\">Smanjenje bora i pove\u0107anje elasti\u010dnosti<\/strong> \u2013 crveno i infracrveno svjetlo aktiviraju prirodnu proizvodnju kolagena.<\/li>\n<li data-start=\"151\" data-end=\"303\"><strong data-start=\"428\" data-end=\"461\">Borba protiv akni i ne\u010disto\u0107a<\/strong> \u2013 plavo svjetlo uni\u0161tava bakterije <em data-start=\"497\" data-end=\"507\">P. acnes<\/em> i regulira lu\u010denje sebuma.<\/li>\n<li data-start=\"151\" data-end=\"303\"><strong data-start=\"539\" data-end=\"584\">Pobolj\u0161anje tena i smanjenje pigmentacija<\/strong> \u2013 \u017euto svjetlo umiruje ko\u017eu i ujedna\u010dava ten.<\/li>\n<li data-start=\"151\" data-end=\"303\"><strong data-start=\"635\" data-end=\"674\">Dubinska regeneracija i obnova ko\u017ee<\/strong> \u2013 kombinacija svih spektralnih valova ubrzava obnovu tkiva.<\/li>\n<li data-start=\"151\" data-end=\"303\"><strong data-start=\"739\" data-end=\"767\">Umirenje osjetljive ko\u017ee<\/strong> \u2013 smanjuje crvenilo, upale i iritacije.<\/li>\n<\/ul>\n<p><strong>Redovita upotreba maske<\/strong> (3\u20134 puta tjedno, 10\u201320 minuta po tretmanu) osigurava vidljive rezultate ve\u0107 nakon nekoliko tjedana, a dugoro\u010dno doprinosi zdravoj, blistavoj i mladolikoj ko\u017ei.<\/p>\n<p>&nbsp;<\/p>\n<p>&nbsp;<\/p>\n<p>&nbsp;<\/p>\n<p>&nbsp;<\/p>\n<p style=\"text-align: center;\"><strong data-start=\"46\" data-end=\"560\">\u201eKao dermatologinju, LED tehnologija me iznimno odu\u0161evljava jer na neinvazivan na\u010din podupire procese u ko\u017ei koji su dugo vremena bili povezani ponajprije s invazivnim zahvatima. Ova tehnologija, zahvaljuju\u0107i razli\u010ditim valnim duljinama svjetlosti, poti\u010de prirodne regenerativne mehanizme ko\u017ee, \u0161to se o\u010dituje \u010dvr\u0161\u0107im, gla\u0111im i ujedna\u010denijim izgledom te smanjenjem nepravilnosti. Uz suvremenu LED masku danas te u\u010dinke mo\u017eemo sigurno i u\u010dinkovito uklju\u010diti u ku\u0107nu njegu ko\u017ee, bez boli i bez vremena oporavka.\u201d<\/strong><\/p>\n<p style=\"text-align: center;\"><em data-start=\"565\" data-end=\"616\" data-is-last-node=\"\">Suzana Hudej, dr. med., spec. dermatovenerologije<\/em><\/p>\n","protected":false},"excerpt":{"rendered":"<p>Napredna LED maska s 480 LED dioda za pomla\u0111ivanje ko\u017ee i smanjenje akni \u2013 za lice, vrat i dekolte.<\/p>\n","protected":false},"featured_media":97282,"comment_status":"open","ping_status":"closed","template":"","meta":[],"product_brand":[],"product_cat":[117],"product_tag":[],"class_list":{"0":"post-97280","1":"product","2":"type-product","3":"status-publish","4":"has-post-thumbnail","6":"product_cat-led-light-therapy","8":"first","9":"instock","10":"sale","11":"taxable","12":"shipping-taxable","13":"purchasable","14":"product-type-simple"},"bundled_by":[],"bundle_stock_status":"instock","bundle_stock_quantity":null,"bundle_virtual":false,"bundle_layout":"","bundle_add_to_cart_form_location":"","bundle_editable_in_cart":false,"bundle_sold_individually_context":"","bundle_item_grouping":"","bundle_min_size":"","bundle_max_size":"","bundled_items":[],"acf":[],"yoast_head":"<!-- This site is optimized with the Yoast SEO plugin v26.5 - https:\/\/yoast.com\/wordpress\/plugins\/seo\/ -->\n<title>Premium LED maska za lice, vrat i dekolte \u2013 Active Luxe<\/title>\n<meta name=\"description\" content=\"Premium LED maska za lice, vrat i dekolte s crvenim, plavim, \u017eutim i IR svjetlom. Anti-aging terapija kod ku\u0107e za mladena\u010dku, blistavu i zdravu ko\u017eu.\" \/>\n<meta name=\"robots\" content=\"index, follow, max-snippet:-1, max-image-preview:large, max-video-preview:-1\" \/>\n<link rel=\"canonical\" href=\"https:\/\/activeluxe-cosmetics.com\/hr\/proizvod\/led-light-therapy-maska-za-lice-vrat-i-dekolte\/\" \/>\n<meta property=\"og:locale\" content=\"hr_HR\" \/>\n<meta property=\"og:type\" content=\"article\" \/>\n<meta property=\"og:title\" content=\"Premium LED maska za lice, vrat i dekolte \u2013 Active Luxe\" \/>\n<meta property=\"og:description\" content=\"Premium LED maska za lice, vrat i dekolte s crvenim, plavim, \u017eutim i IR svjetlom. Anti-aging terapija kod ku\u0107e za mladena\u010dku, blistavu i zdravu ko\u017eu.\" \/>\n<meta property=\"og:url\" content=\"https:\/\/activeluxe-cosmetics.com\/hr\/proizvod\/led-light-therapy-maska-za-lice-vrat-i-dekolte\/\" \/>\n<meta property=\"og:site_name\" content=\"Active Luxe Cosmetics\" \/>\n<meta property=\"article:modified_time\" content=\"2026-03-31T09:16:11+00:00\" \/>\n<meta property=\"og:image\" content=\"https:\/\/activeluxe-cosmetics.com\/hr\/wp-content\/uploads\/2025\/09\/Led_Light_Therapy_Face_mask_PRO.jpg\" \/>\n\t<meta property=\"og:image:width\" content=\"1104\" \/>\n\t<meta property=\"og:image:height\" content=\"1326\" \/>\n\t<meta property=\"og:image:type\" content=\"image\/jpeg\" \/>\n<meta name=\"twitter:card\" content=\"summary_large_image\" \/>\n<meta name=\"twitter:label1\" content=\"Procijenjeno vrijeme \u010ditanja\" \/>\n\t<meta name=\"twitter:data1\" content=\"4 minute\" \/>\n<script type=\"application\/ld+json\" class=\"yoast-schema-graph\">{\"@context\":\"https:\/\/schema.org\",\"@graph\":[{\"@type\":\"WebPage\",\"@id\":\"https:\/\/activeluxe-cosmetics.com\/hr\/proizvod\/led-light-therapy-maska-za-lice-vrat-i-dekolte\/\",\"url\":\"https:\/\/activeluxe-cosmetics.com\/hr\/proizvod\/led-light-therapy-maska-za-lice-vrat-i-dekolte\/\",\"name\":\"Premium LED maska za lice, vrat i dekolte \u2013 Active Luxe\",\"isPartOf\":{\"@id\":\"https:\/\/activeluxe-cosmetics.com\/hr\/#website\"},\"primaryImageOfPage\":{\"@id\":\"https:\/\/activeluxe-cosmetics.com\/hr\/proizvod\/led-light-therapy-maska-za-lice-vrat-i-dekolte\/#primaryimage\"},\"image\":{\"@id\":\"https:\/\/activeluxe-cosmetics.com\/hr\/proizvod\/led-light-therapy-maska-za-lice-vrat-i-dekolte\/#primaryimage\"},\"thumbnailUrl\":\"https:\/\/activeluxe-cosmetics.com\/hr\/wp-content\/uploads\/2025\/09\/Led_Light_Therapy_Face_mask_PRO.jpg\",\"datePublished\":\"2025-09-25T06:01:57+00:00\",\"dateModified\":\"2026-03-31T09:16:11+00:00\",\"description\":\"Premium LED maska za lice, vrat i dekolte s crvenim, plavim, \u017eutim i IR svjetlom. Anti-aging terapija kod ku\u0107e za mladena\u010dku, blistavu i zdravu ko\u017eu.\",\"breadcrumb\":{\"@id\":\"https:\/\/activeluxe-cosmetics.com\/hr\/proizvod\/led-light-therapy-maska-za-lice-vrat-i-dekolte\/#breadcrumb\"},\"inLanguage\":\"hr\",\"potentialAction\":[{\"@type\":\"ReadAction\",\"target\":[\"https:\/\/activeluxe-cosmetics.com\/hr\/proizvod\/led-light-therapy-maska-za-lice-vrat-i-dekolte\/\"]}]},{\"@type\":\"ImageObject\",\"inLanguage\":\"hr\",\"@id\":\"https:\/\/activeluxe-cosmetics.com\/hr\/proizvod\/led-light-therapy-maska-za-lice-vrat-i-dekolte\/#primaryimage\",\"url\":\"https:\/\/activeluxe-cosmetics.com\/hr\/wp-content\/uploads\/2025\/09\/Led_Light_Therapy_Face_mask_PRO.jpg\",\"contentUrl\":\"https:\/\/activeluxe-cosmetics.com\/hr\/wp-content\/uploads\/2025\/09\/Led_Light_Therapy_Face_mask_PRO.jpg\",\"width\":1104,\"height\":1326,\"caption\":\"Active Luxe led maska za lice\"},{\"@type\":\"BreadcrumbList\",\"@id\":\"https:\/\/activeluxe-cosmetics.com\/hr\/proizvod\/led-light-therapy-maska-za-lice-vrat-i-dekolte\/#breadcrumb\",\"itemListElement\":[{\"@type\":\"ListItem\",\"position\":1,\"name\":\"Naslovnica\",\"item\":\"https:\/\/activeluxe-cosmetics.com\/hr\/\"},{\"@type\":\"ListItem\",\"position\":2,\"name\":\"Trgovina\",\"item\":\"https:\/\/activeluxe-cosmetics.com\/hr\/trgovina\/\"},{\"@type\":\"ListItem\",\"position\":3,\"name\":\"LED Light Therapy maska za lice, vrat i dekolte\"}]},{\"@type\":\"WebSite\",\"@id\":\"https:\/\/activeluxe-cosmetics.com\/hr\/#website\",\"url\":\"https:\/\/activeluxe-cosmetics.com\/hr\/\",\"name\":\"Active Luxe Cosmetics\",\"description\":\"\",\"potentialAction\":[{\"@type\":\"SearchAction\",\"target\":{\"@type\":\"EntryPoint\",\"urlTemplate\":\"https:\/\/activeluxe-cosmetics.com\/hr\/?s={search_term_string}\"},\"query-input\":{\"@type\":\"PropertyValueSpecification\",\"valueRequired\":true,\"valueName\":\"search_term_string\"}}],\"inLanguage\":\"hr\"}]}<\/script>\n<!-- \/ Yoast SEO plugin. -->","yoast_head_json":{"title":"Premium LED maska za lice, vrat i dekolte \u2013 Active Luxe","description":"Premium LED maska za lice, vrat i dekolte s crvenim, plavim, \u017eutim i IR svjetlom. Anti-aging terapija kod ku\u0107e za mladena\u010dku, blistavu i zdravu ko\u017eu.","robots":{"index":"index","follow":"follow","max-snippet":"max-snippet:-1","max-image-preview":"max-image-preview:large","max-video-preview":"max-video-preview:-1"},"canonical":"https:\/\/activeluxe-cosmetics.com\/hr\/proizvod\/led-light-therapy-maska-za-lice-vrat-i-dekolte\/","og_locale":"hr_HR","og_type":"article","og_title":"Premium LED maska za lice, vrat i dekolte \u2013 Active Luxe","og_description":"Premium LED maska za lice, vrat i dekolte s crvenim, plavim, \u017eutim i IR svjetlom. Anti-aging terapija kod ku\u0107e za mladena\u010dku, blistavu i zdravu ko\u017eu.","og_url":"https:\/\/activeluxe-cosmetics.com\/hr\/proizvod\/led-light-therapy-maska-za-lice-vrat-i-dekolte\/","og_site_name":"Active Luxe Cosmetics","article_modified_time":"2026-03-31T09:16:11+00:00","og_image":[{"width":1104,"height":1326,"url":"https:\/\/activeluxe-cosmetics.com\/hr\/wp-content\/uploads\/2025\/09\/Led_Light_Therapy_Face_mask_PRO.jpg","type":"image\/jpeg"}],"twitter_card":"summary_large_image","twitter_misc":{"Procijenjeno vrijeme \u010ditanja":"4 minute"},"schema":{"@context":"https:\/\/schema.org","@graph":[{"@type":"WebPage","@id":"https:\/\/activeluxe-cosmetics.com\/hr\/proizvod\/led-light-therapy-maska-za-lice-vrat-i-dekolte\/","url":"https:\/\/activeluxe-cosmetics.com\/hr\/proizvod\/led-light-therapy-maska-za-lice-vrat-i-dekolte\/","name":"Premium LED maska za lice, vrat i dekolte \u2013 Active Luxe","isPartOf":{"@id":"https:\/\/activeluxe-cosmetics.com\/hr\/#website"},"primaryImageOfPage":{"@id":"https:\/\/activeluxe-cosmetics.com\/hr\/proizvod\/led-light-therapy-maska-za-lice-vrat-i-dekolte\/#primaryimage"},"image":{"@id":"https:\/\/activeluxe-cosmetics.com\/hr\/proizvod\/led-light-therapy-maska-za-lice-vrat-i-dekolte\/#primaryimage"},"thumbnailUrl":"https:\/\/activeluxe-cosmetics.com\/hr\/wp-content\/uploads\/2025\/09\/Led_Light_Therapy_Face_mask_PRO.jpg","datePublished":"2025-09-25T06:01:57+00:00","dateModified":"2026-03-31T09:16:11+00:00","description":"Premium LED maska za lice, vrat i dekolte s crvenim, plavim, \u017eutim i IR svjetlom. Anti-aging terapija kod ku\u0107e za mladena\u010dku, blistavu i zdravu ko\u017eu.","breadcrumb":{"@id":"https:\/\/activeluxe-cosmetics.com\/hr\/proizvod\/led-light-therapy-maska-za-lice-vrat-i-dekolte\/#breadcrumb"},"inLanguage":"hr","potentialAction":[{"@type":"ReadAction","target":["https:\/\/activeluxe-cosmetics.com\/hr\/proizvod\/led-light-therapy-maska-za-lice-vrat-i-dekolte\/"]}]},{"@type":"ImageObject","inLanguage":"hr","@id":"https:\/\/activeluxe-cosmetics.com\/hr\/proizvod\/led-light-therapy-maska-za-lice-vrat-i-dekolte\/#primaryimage","url":"https:\/\/activeluxe-cosmetics.com\/hr\/wp-content\/uploads\/2025\/09\/Led_Light_Therapy_Face_mask_PRO.jpg","contentUrl":"https:\/\/activeluxe-cosmetics.com\/hr\/wp-content\/uploads\/2025\/09\/Led_Light_Therapy_Face_mask_PRO.jpg","width":1104,"height":1326,"caption":"Active Luxe led maska za lice"},{"@type":"BreadcrumbList","@id":"https:\/\/activeluxe-cosmetics.com\/hr\/proizvod\/led-light-therapy-maska-za-lice-vrat-i-dekolte\/#breadcrumb","itemListElement":[{"@type":"ListItem","position":1,"name":"Naslovnica","item":"https:\/\/activeluxe-cosmetics.com\/hr\/"},{"@type":"ListItem","position":2,"name":"Trgovina","item":"https:\/\/activeluxe-cosmetics.com\/hr\/trgovina\/"},{"@type":"ListItem","position":3,"name":"LED Light Therapy maska za lice, vrat i dekolte"}]},{"@type":"WebSite","@id":"https:\/\/activeluxe-cosmetics.com\/hr\/#website","url":"https:\/\/activeluxe-cosmetics.com\/hr\/","name":"Active Luxe Cosmetics","description":"","potentialAction":[{"@type":"SearchAction","target":{"@type":"EntryPoint","urlTemplate":"https:\/\/activeluxe-cosmetics.com\/hr\/?s={search_term_string}"},"query-input":{"@type":"PropertyValueSpecification","valueRequired":true,"valueName":"search_term_string"}}],"inLanguage":"hr"}]}},"_links":{"self":[{"href":"https:\/\/activeluxe-cosmetics.com\/hr\/wp-json\/wp\/v2\/product\/97280","targetHints":{"allow":["GET"]}}],"collection":[{"href":"https:\/\/activeluxe-cosmetics.com\/hr\/wp-json\/wp\/v2\/product"}],"about":[{"href":"https:\/\/activeluxe-cosmetics.com\/hr\/wp-json\/wp\/v2\/types\/product"}],"replies":[{"embeddable":true,"href":"https:\/\/activeluxe-cosmetics.com\/hr\/wp-json\/wp\/v2\/comments?post=97280"}],"wp:featuredmedia":[{"embeddable":true,"href":"https:\/\/activeluxe-cosmetics.com\/hr\/wp-json\/wp\/v2\/media\/97282"}],"wp:attachment":[{"href":"https:\/\/activeluxe-cosmetics.com\/hr\/wp-json\/wp\/v2\/media?parent=97280"}],"wp:term":[{"taxonomy":"product_brand","embeddable":true,"href":"https:\/\/activeluxe-cosmetics.com\/hr\/wp-json\/wp\/v2\/product_brand?post=97280"},{"taxonomy":"product_cat","embeddable":true,"href":"https:\/\/activeluxe-cosmetics.com\/hr\/wp-json\/wp\/v2\/product_cat?post=97280"},{"taxonomy":"product_tag","embeddable":true,"href":"https:\/\/activeluxe-cosmetics.com\/hr\/wp-json\/wp\/v2\/product_tag?post=97280"}],"curies":[{"name":"wp","href":"https:\/\/api.w.org\/{rel}","templated":true}]}}