{"id":94874,"date":"2025-06-12T14:05:07","date_gmt":"2025-06-12T14:05:07","guid":{"rendered":"https:\/\/activeluxe-cosmetics.com\/hr\/?post_type=product&#038;p=94874"},"modified":"2026-04-14T14:00:49","modified_gmt":"2026-04-14T14:00:49","slug":"suho-ulje-za-tamnjenje-i-jogurt-za-tijelo","status":"publish","type":"product","link":"https:\/\/activeluxe-cosmetics.com\/hr\/proizvod\/suho-ulje-za-tamnjenje-i-jogurt-za-tijelo\/","title":{"rendered":"Sun Glow Affair: Suho ulje za tamnjenje i jogurt za tijelo"},"content":{"rendered":"<h2><img loading=\"lazy\" decoding=\"async\" class=\" wp-image-95803 alignright\" src=\"https:\/\/activeluxe-cosmetics.com\/hr\/wp-content\/uploads\/2025\/06\/tanning_shimmer_oil_activeluxe-460x575.png\" alt=\"\" width=\"440\" height=\"550\" srcset=\"https:\/\/activeluxe-cosmetics.com\/hr\/wp-content\/uploads\/2025\/06\/tanning_shimmer_oil_activeluxe-460x575.png 460w, https:\/\/activeluxe-cosmetics.com\/hr\/wp-content\/uploads\/2025\/06\/tanning_shimmer_oil_activeluxe-819x1024.png 819w, https:\/\/activeluxe-cosmetics.com\/hr\/wp-content\/uploads\/2025\/06\/tanning_shimmer_oil_activeluxe-768x960.png 768w, https:\/\/activeluxe-cosmetics.com\/hr\/wp-content\/uploads\/2025\/06\/tanning_shimmer_oil_activeluxe-600x750.png 600w, https:\/\/activeluxe-cosmetics.com\/hr\/wp-content\/uploads\/2025\/06\/tanning_shimmer_oil_activeluxe.png 1080w\" sizes=\"auto, (max-width: 440px) 100vw, 440px\" \/>Ljetni duo kojeg tvoja ko\u017ea <strong>ne smije propustiti<\/strong>!<\/h2>\n<p>Zamisli si da uz samo <strong>nekoliko minuta sun\u010danja<\/strong> (bez nezdravog dugotrajnog izlaganja suncu) postigne\u0161 <strong>predivnu bron\u010danu ko\u017eu<\/strong>, a svoju ljetnu preplanulost mo\u017ee\u0161 odr\u017eavati jo\u0161 dugo tijekom hladnih jesenskih dana.<\/p>\n<p>Sve to omogu\u0107uju na\u0161i <strong>Active Luxe premium proizvodi za sun\u010danje s o\u010daravaju\u0107im mirisom ukusnog ljetnog koktela<\/strong>!<\/p>\n<p>Na\u0161 <strong>ljetni ying &amp; yang<\/strong> paket sadr\u017ei:<\/p>\n<ul>\n<li><strong>Tanning Shimmer Oil (120 ml)<\/strong> \u2013 suho ulje za brzo tamnjenje s shimmer efektom ili<\/li>\n<li><strong>Anti-age Tanning Oil (120 ml)<\/strong> \u2013 suho ulje za brzo tamnjenje s anti-age u\u010dinkom te<\/li>\n<li><strong>Premium After Sun Body Yogurt (110 g)<\/strong> \u2013 hladni jogurt za tijelo nakon sun\u010danja.<\/li>\n<\/ul>\n<p data-start=\"771\" data-end=\"888\" data-is-last-node=\"\" data-is-only-node=\"\">Ako \u017eeli\u0161 intenzivno i dugotrajno tamnjenje, te njegovan, zdrav i mekanu ko\u017eu, na\u0161 ljetni par je pravi izbor za tebe!<\/p>\n<p>&nbsp;<\/p>\n<h2 style=\"text-align: center; clear: both;\"><\/h2>\n<p>&nbsp;<\/p>\n<h2><span data-sheets-root=\"1\" data-sheets-value=\"{&quot;1&quot;:2,&quot;2&quot;:&quot;Bogata ulja za prekrasan bron\u010dani ten&quot;}\" data-sheets-userformat=\"{&quot;2&quot;:21377,&quot;3&quot;:{&quot;1&quot;:0},&quot;10&quot;:0,&quot;11&quot;:4,&quot;12&quot;:0,&quot;15&quot;:&quot;Arial&quot;,&quot;17&quot;:1}\"><img loading=\"lazy\" decoding=\"async\" class=\"wp-image-95336 alignleft\" src=\"https:\/\/activeluxe-cosmetics.com\/hr\/wp-content\/uploads\/2025\/07\/antiage_tanning_oil_kaja-460x575.png\" alt=\"Active Luxe anti-age tanning oil\" width=\"420\" height=\"526\" srcset=\"https:\/\/activeluxe-cosmetics.com\/hr\/wp-content\/uploads\/2025\/07\/antiage_tanning_oil_kaja-460x575.png 460w, https:\/\/activeluxe-cosmetics.com\/hr\/wp-content\/uploads\/2025\/07\/antiage_tanning_oil_kaja-819x1024.png 819w, https:\/\/activeluxe-cosmetics.com\/hr\/wp-content\/uploads\/2025\/07\/antiage_tanning_oil_kaja-768x960.png 768w, https:\/\/activeluxe-cosmetics.com\/hr\/wp-content\/uploads\/2025\/07\/antiage_tanning_oil_kaja-600x750.png 600w, https:\/\/activeluxe-cosmetics.com\/hr\/wp-content\/uploads\/2025\/07\/antiage_tanning_oil_kaja.png 1080w\" sizes=\"auto, (max-width: 420px) 100vw, 420px\" \/><\/span><\/h2>\n<h2><strong>\u010cokoladna bron\u010dana ko\u017ea<\/strong>, koja \u0107e ovog ljeta biti tvoj najljep\u0161i ukras<\/h2>\n<p>S bogatim sastojcima, suho ulje za sun\u010danje ekstra brzo poti\u010de tamni pigment u tvojoj ko\u017ei:<\/p>\n<ul>\n<li><strong>Ulja od mrkve<\/strong>: bogato beta-karotenom, jednim od najboljih prirodnih aktivatora tamne ko\u017ee.<\/li>\n<li><strong>Orahovo ulje<\/strong>: ubrzava sintezu melanina, pigmenta u ko\u017ei.<\/li>\n<li><strong>Kokosovo ulje<\/strong>: pru\u017ea bogatu hidrataciju koja \u0161titi ko\u017eu od isu\u0161ivanja na suncu.<\/li>\n<li><strong>Jojobino ulje<\/strong>: odr\u017eava vla\u017enost ko\u017ee i \u010dini je mek\u0161om.<\/li>\n<\/ul>\n<p>Suho ulje s gliterom ostavlja na ko\u017ei zapanjuju\u0107i i dugotrajan <strong>glow efekt<\/strong>, dok ekstrakti kakaa i naran\u010de ostavljaju neodoljiv miris na ko\u017ei kojem se jednostavno ne mo\u017ee\u0161 oduprijeti! Ve\u0107 pri prvom nanosu suho ulje vidljivo mijenja tvoju ko\u017eu \u2013 <strong>bit \u0107e \u010dak 3 puta tamnija<\/strong>! Anti-age suho ulje za sun\u010danje oboga\u0107eno je dodatnim <strong>anti-age peptidima<\/strong> i<strong> antioksidansima<\/strong> koji djeluju protiv prerogog starenja ko\u017ee, zagla\u0111uju njezinu teksturu i pobolj\u0161avaju njezinu elasti\u010dnost. Uz \u010de\u0161\u0107u primjenu na moru, bazenu ili kad god bude\u0161 izlo\u017eena suncu, tvoj t<strong>amni pigment \u0107e se aktivirati do maksimuma<\/strong>.<\/p>\n<h2 style=\"text-align: center; clear: both;\"><\/h2>\n<h2><img loading=\"lazy\" decoding=\"async\" class=\" wp-image-95802 alignright\" src=\"https:\/\/activeluxe-cosmetics.com\/hr\/wp-content\/uploads\/2025\/06\/hladilno_mazilo_po_soncenju-460x575.png\" alt=\"\" width=\"440\" height=\"550\" srcset=\"https:\/\/activeluxe-cosmetics.com\/hr\/wp-content\/uploads\/2025\/06\/hladilno_mazilo_po_soncenju-460x575.png 460w, https:\/\/activeluxe-cosmetics.com\/hr\/wp-content\/uploads\/2025\/06\/hladilno_mazilo_po_soncenju-819x1024.png 819w, https:\/\/activeluxe-cosmetics.com\/hr\/wp-content\/uploads\/2025\/06\/hladilno_mazilo_po_soncenju-768x960.png 768w, https:\/\/activeluxe-cosmetics.com\/hr\/wp-content\/uploads\/2025\/06\/hladilno_mazilo_po_soncenju-600x750.png 600w, https:\/\/activeluxe-cosmetics.com\/hr\/wp-content\/uploads\/2025\/06\/hladilno_mazilo_po_soncenju.png 1080w\" sizes=\"auto, (max-width: 440px) 100vw, 440px\" \/>Premium jogurt za <strong>osvje\u017eavaju\u0107u hidrataciju i osje\u0107aj meko\u0107e na ko\u017ei!<\/strong><\/h2>\n<p id=\"tw-target-text\" class=\"tw-data-text tw-text-large tw-ta\" dir=\"ltr\" data-placeholder=\"Translation\" aria-label=\"Translated text\" data-ved=\"2ahUKEwiE9K2VzoKFAxW51gIHHdzNByIQ3ewLegQIBRAU\"><span class=\"Y2IQFc\" lang=\"hr\">Da, jogurt mo\u017ee mirisati na <strong>vaniliju, kokos i slatku naran\u010du<\/strong>.<\/span><\/p>\n<p class=\"tw-data-text tw-text-large tw-ta\" dir=\"ltr\" data-placeholder=\"Translation\" aria-label=\"Translated text\" data-ved=\"2ahUKEwiE9K2VzoKFAxW51gIHHdzNByIQ3ewLegQIBRAU\"><span class=\"Y2IQFc\" lang=\"hr\">Ali samo <strong>Premium After Sun Body Yogurt<\/strong>. <\/span><\/p>\n<p class=\"tw-data-text tw-text-large tw-ta\" dir=\"ltr\" data-placeholder=\"Translation\" aria-label=\"Translated text\" data-ved=\"2ahUKEwiE9K2VzoKFAxW51gIHHdzNByIQ3ewLegQIBRAU\"><span class=\"Y2IQFc\" lang=\"hr\">Kada smo radili formulu za ovaj proizvod, u prvom planu bilo nam je prona\u0107i na\u010din kako da ko\u017ea bude meka, rashla\u0111ena i hidratizirana, a u isto vrijeme da zadr\u017eava postignuti pigment te miri\u0161i ba\u0161 poput ljetnih ve\u010deri: nje\u017eno i prpo\u0161no. <\/span><\/p>\n<p class=\"tw-data-text tw-text-large tw-ta\" dir=\"ltr\" data-placeholder=\"Translation\" aria-label=\"Translated text\" data-ved=\"2ahUKEwiE9K2VzoKFAxW51gIHHdzNByIQ3ewLegQIBRAU\"><span class=\"Y2IQFc\" lang=\"hr\">Tu formulu smo prona\u0161li i stavili ju u bo\u010dicu Premium Jogurta. <\/span><\/p>\n<p dir=\"ltr\" data-placeholder=\"Translation\" aria-label=\"Translated text\" data-ved=\"2ahUKEwiE9K2VzoKFAxW51gIHHdzNByIQ3ewLegQIBRAU\">Premium\u00a0<strong>After Sun Body Yogurt<\/strong> zato \u0107e u\u010diniti sljede\u0107e:<\/p>\n<ul>\n<li><span data-sheets-root=\"1\" data-sheets-value=\"{&quot;1&quot;:2,&quot;2&quot;:&quot;umiruje ko\u017eu nakon sun\u010danja&quot;}\" data-sheets-userformat=\"{&quot;2&quot;:897,&quot;3&quot;:{&quot;1&quot;:0},&quot;10&quot;:0,&quot;11&quot;:4,&quot;12&quot;:0}\"><b>umiriti <\/b>ko\u017eu nakon sun\u010danja<\/span><\/li>\n<li><span data-sheets-root=\"1\" data-sheets-value=\"{&quot;1&quot;:2,&quot;2&quot;:&quot;pru\u017ea rashla\u0111uju\u0107i u\u010dinak&quot;}\" data-sheets-userformat=\"{&quot;2&quot;:2945,&quot;3&quot;:{&quot;1&quot;:0},&quot;10&quot;:0,&quot;11&quot;:4,&quot;12&quot;:0,&quot;14&quot;:{&quot;1&quot;:2,&quot;2&quot;:16739585}}\">pru\u017eiti joj <strong>rashla\u0111uju\u0107i<\/strong>\u00a0u\u010dinak<\/span><\/li>\n<li><span data-sheets-root=\"1\" data-sheets-value=\"{&quot;1&quot;:2,&quot;2&quot;:&quot;aloe vera dubinski hrani ko\u017eu&quot;}\" data-sheets-userformat=\"{&quot;2&quot;:897,&quot;3&quot;:{&quot;1&quot;:0},&quot;10&quot;:0,&quot;11&quot;:4,&quot;12&quot;:0}\" data-sheets-textstyleruns=\"{&quot;1&quot;:0}\uee10{&quot;1&quot;:10,&quot;2&quot;:{&quot;2&quot;:{&quot;1&quot;:2,&quot;2&quot;:16739585}}}\uee10{&quot;1&quot;:24}\">sa bogatom aloe verom dubinski <b>nahraniti <\/b>ko\u017eu<\/span><\/li>\n<li><span data-sheets-root=\"1\" data-sheets-value=\"{&quot;1&quot;:2,&quot;2&quot;:&quot;omek\u0161ava ko\u017eu&quot;}\" data-sheets-userformat=\"{&quot;2&quot;:897,&quot;3&quot;:{&quot;1&quot;:0},&quot;10&quot;:0,&quot;11&quot;:4,&quot;12&quot;:0}\"><b>omek\u0161ati <\/b>ko\u017eu<\/span><\/li>\n<li>produ\u017eiti <strong>postojanost<\/strong> postignute <strong>tamne<\/strong> <strong>puti<\/strong>.<\/li>\n<\/ul>\n<h2><\/h2>\n<p>&nbsp;<\/p>\n<p>&nbsp;<\/p>\n<p>&nbsp;<\/p>\n<p>&nbsp;<\/p>\n<p>&nbsp;<\/p>\n<p>&nbsp;<\/p>\n","protected":false},"excerpt":{"rendered":"<p>Suho ulje za brzo tamnjenje na suncu i umiruju\u0107i jogurt za ko\u017eu nakon sun\u010danja. Mo\u017ee\u0161 birati izme\u0111u ulja s \u0161ljokicama i ulja s anti-age u\u010dinkom.<\/p>\n","protected":false},"featured_media":94885,"comment_status":"open","ping_status":"closed","template":"","meta":[],"product_brand":[],"product_cat":[82],"product_tag":[],"class_list":{"0":"post-94874","1":"product","2":"type-product","3":"status-publish","4":"has-post-thumbnail","6":"product_cat-sunce","8":"first","9":"instock","10":"sale","11":"featured","12":"taxable","13":"shipping-taxable","14":"purchasable","15":"product-type-variable"},"bundled_by":[],"bundle_stock_status":"instock","bundle_stock_quantity":null,"bundle_virtual":false,"bundle_layout":"","bundle_add_to_cart_form_location":"","bundle_editable_in_cart":false,"bundle_sold_individually_context":"","bundle_item_grouping":"","bundle_min_size":"","bundle_max_size":"","bundled_items":[],"acf":[],"yoast_head":"<!-- This site is optimized with the Yoast SEO plugin v26.5 - https:\/\/yoast.com\/wordpress\/plugins\/seo\/ -->\n<title>Suho ulje za sun\u010danje i jogurt za hla\u0111enje - Active Luxe Cosmetics<\/title>\n<meta name=\"description\" content=\"Suho ulje za ekstra brzo tamnjenje sadr\u017ei maslinovo ulje i ulje mrkve koji bude uspavani pigment, a karite maslac u isto vrijeme dubinski njeguje ko\u017eu!\" \/>\n<meta name=\"robots\" content=\"noindex, follow\" \/>\n<meta property=\"og:locale\" content=\"hr_HR\" \/>\n<meta property=\"og:type\" content=\"article\" \/>\n<meta property=\"og:title\" content=\"Suho ulje za sun\u010danje i jogurt za hla\u0111enje - Active Luxe Cosmetics\" \/>\n<meta property=\"og:description\" content=\"Suho ulje za ekstra brzo tamnjenje sadr\u017ei maslinovo ulje i ulje mrkve koji bude uspavani pigment, a karite maslac u isto vrijeme dubinski njeguje ko\u017eu!\" \/>\n<meta property=\"og:url\" content=\"https:\/\/activeluxe-cosmetics.com\/hr\/proizvod\/suho-ulje-za-tamnjenje-i-jogurt-za-tijelo\/\" \/>\n<meta property=\"og:site_name\" content=\"Active Luxe Cosmetics\" \/>\n<meta property=\"article:modified_time\" content=\"2026-04-14T14:00:49+00:00\" \/>\n<meta property=\"og:image\" content=\"https:\/\/activeluxe-cosmetics.com\/hr\/wp-content\/uploads\/2025\/06\/shimmer-tanning-yogurt.jpg\" \/>\n\t<meta property=\"og:image:width\" content=\"1104\" \/>\n\t<meta property=\"og:image:height\" content=\"1326\" \/>\n\t<meta property=\"og:image:type\" content=\"image\/jpeg\" \/>\n<meta name=\"twitter:card\" content=\"summary_large_image\" \/>\n<meta name=\"twitter:label1\" content=\"Procijenjeno vrijeme \u010ditanja\" \/>\n\t<meta name=\"twitter:data1\" content=\"3 minute\" \/>\n<script type=\"application\/ld+json\" class=\"yoast-schema-graph\">{\"@context\":\"https:\/\/schema.org\",\"@graph\":[{\"@type\":\"WebPage\",\"@id\":\"https:\/\/activeluxe-cosmetics.com\/hr\/proizvod\/suho-ulje-za-tamnjenje-i-jogurt-za-tijelo\/\",\"url\":\"https:\/\/activeluxe-cosmetics.com\/hr\/proizvod\/suho-ulje-za-tamnjenje-i-jogurt-za-tijelo\/\",\"name\":\"Suho ulje za sun\u010danje i jogurt za hla\u0111enje - Active Luxe Cosmetics\",\"isPartOf\":{\"@id\":\"https:\/\/activeluxe-cosmetics.com\/hr\/#website\"},\"primaryImageOfPage\":{\"@id\":\"https:\/\/activeluxe-cosmetics.com\/hr\/proizvod\/suho-ulje-za-tamnjenje-i-jogurt-za-tijelo\/#primaryimage\"},\"image\":{\"@id\":\"https:\/\/activeluxe-cosmetics.com\/hr\/proizvod\/suho-ulje-za-tamnjenje-i-jogurt-za-tijelo\/#primaryimage\"},\"thumbnailUrl\":\"https:\/\/activeluxe-cosmetics.com\/hr\/wp-content\/uploads\/2025\/06\/shimmer-tanning-yogurt.jpg\",\"datePublished\":\"2025-06-12T14:05:07+00:00\",\"dateModified\":\"2026-04-14T14:00:49+00:00\",\"description\":\"Suho ulje za ekstra brzo tamnjenje sadr\u017ei maslinovo ulje i ulje mrkve koji bude uspavani pigment, a karite maslac u isto vrijeme dubinski njeguje ko\u017eu!\",\"breadcrumb\":{\"@id\":\"https:\/\/activeluxe-cosmetics.com\/hr\/proizvod\/suho-ulje-za-tamnjenje-i-jogurt-za-tijelo\/#breadcrumb\"},\"inLanguage\":\"hr\",\"potentialAction\":[{\"@type\":\"ReadAction\",\"target\":[\"https:\/\/activeluxe-cosmetics.com\/hr\/proizvod\/suho-ulje-za-tamnjenje-i-jogurt-za-tijelo\/\"]}]},{\"@type\":\"ImageObject\",\"inLanguage\":\"hr\",\"@id\":\"https:\/\/activeluxe-cosmetics.com\/hr\/proizvod\/suho-ulje-za-tamnjenje-i-jogurt-za-tijelo\/#primaryimage\",\"url\":\"https:\/\/activeluxe-cosmetics.com\/hr\/wp-content\/uploads\/2025\/06\/shimmer-tanning-yogurt.jpg\",\"contentUrl\":\"https:\/\/activeluxe-cosmetics.com\/hr\/wp-content\/uploads\/2025\/06\/shimmer-tanning-yogurt.jpg\",\"width\":1104,\"height\":1326,\"caption\":\"Active Luxe shimmer tanning oil i premium body jogurt\"},{\"@type\":\"BreadcrumbList\",\"@id\":\"https:\/\/activeluxe-cosmetics.com\/hr\/proizvod\/suho-ulje-za-tamnjenje-i-jogurt-za-tijelo\/#breadcrumb\",\"itemListElement\":[{\"@type\":\"ListItem\",\"position\":1,\"name\":\"Naslovnica\",\"item\":\"https:\/\/activeluxe-cosmetics.com\/hr\/\"},{\"@type\":\"ListItem\",\"position\":2,\"name\":\"Trgovina\",\"item\":\"https:\/\/activeluxe-cosmetics.com\/hr\/trgovina\/\"},{\"@type\":\"ListItem\",\"position\":3,\"name\":\"Sun Glow Affair: Suho ulje za tamnjenje i jogurt za tijelo\"}]},{\"@type\":\"WebSite\",\"@id\":\"https:\/\/activeluxe-cosmetics.com\/hr\/#website\",\"url\":\"https:\/\/activeluxe-cosmetics.com\/hr\/\",\"name\":\"Active Luxe Cosmetics\",\"description\":\"\",\"potentialAction\":[{\"@type\":\"SearchAction\",\"target\":{\"@type\":\"EntryPoint\",\"urlTemplate\":\"https:\/\/activeluxe-cosmetics.com\/hr\/?s={search_term_string}\"},\"query-input\":{\"@type\":\"PropertyValueSpecification\",\"valueRequired\":true,\"valueName\":\"search_term_string\"}}],\"inLanguage\":\"hr\"}]}<\/script>\n<!-- \/ Yoast SEO plugin. -->","yoast_head_json":{"title":"Suho ulje za sun\u010danje i jogurt za hla\u0111enje - Active Luxe Cosmetics","description":"Suho ulje za ekstra brzo tamnjenje sadr\u017ei maslinovo ulje i ulje mrkve koji bude uspavani pigment, a karite maslac u isto vrijeme dubinski njeguje ko\u017eu!","robots":{"index":"noindex","follow":"follow"},"og_locale":"hr_HR","og_type":"article","og_title":"Suho ulje za sun\u010danje i jogurt za hla\u0111enje - Active Luxe Cosmetics","og_description":"Suho ulje za ekstra brzo tamnjenje sadr\u017ei maslinovo ulje i ulje mrkve koji bude uspavani pigment, a karite maslac u isto vrijeme dubinski njeguje ko\u017eu!","og_url":"https:\/\/activeluxe-cosmetics.com\/hr\/proizvod\/suho-ulje-za-tamnjenje-i-jogurt-za-tijelo\/","og_site_name":"Active Luxe Cosmetics","article_modified_time":"2026-04-14T14:00:49+00:00","og_image":[{"width":1104,"height":1326,"url":"https:\/\/activeluxe-cosmetics.com\/hr\/wp-content\/uploads\/2025\/06\/shimmer-tanning-yogurt.jpg","type":"image\/jpeg"}],"twitter_card":"summary_large_image","twitter_misc":{"Procijenjeno vrijeme \u010ditanja":"3 minute"},"schema":{"@context":"https:\/\/schema.org","@graph":[{"@type":"WebPage","@id":"https:\/\/activeluxe-cosmetics.com\/hr\/proizvod\/suho-ulje-za-tamnjenje-i-jogurt-za-tijelo\/","url":"https:\/\/activeluxe-cosmetics.com\/hr\/proizvod\/suho-ulje-za-tamnjenje-i-jogurt-za-tijelo\/","name":"Suho ulje za sun\u010danje i jogurt za hla\u0111enje - Active Luxe Cosmetics","isPartOf":{"@id":"https:\/\/activeluxe-cosmetics.com\/hr\/#website"},"primaryImageOfPage":{"@id":"https:\/\/activeluxe-cosmetics.com\/hr\/proizvod\/suho-ulje-za-tamnjenje-i-jogurt-za-tijelo\/#primaryimage"},"image":{"@id":"https:\/\/activeluxe-cosmetics.com\/hr\/proizvod\/suho-ulje-za-tamnjenje-i-jogurt-za-tijelo\/#primaryimage"},"thumbnailUrl":"https:\/\/activeluxe-cosmetics.com\/hr\/wp-content\/uploads\/2025\/06\/shimmer-tanning-yogurt.jpg","datePublished":"2025-06-12T14:05:07+00:00","dateModified":"2026-04-14T14:00:49+00:00","description":"Suho ulje za ekstra brzo tamnjenje sadr\u017ei maslinovo ulje i ulje mrkve koji bude uspavani pigment, a karite maslac u isto vrijeme dubinski njeguje ko\u017eu!","breadcrumb":{"@id":"https:\/\/activeluxe-cosmetics.com\/hr\/proizvod\/suho-ulje-za-tamnjenje-i-jogurt-za-tijelo\/#breadcrumb"},"inLanguage":"hr","potentialAction":[{"@type":"ReadAction","target":["https:\/\/activeluxe-cosmetics.com\/hr\/proizvod\/suho-ulje-za-tamnjenje-i-jogurt-za-tijelo\/"]}]},{"@type":"ImageObject","inLanguage":"hr","@id":"https:\/\/activeluxe-cosmetics.com\/hr\/proizvod\/suho-ulje-za-tamnjenje-i-jogurt-za-tijelo\/#primaryimage","url":"https:\/\/activeluxe-cosmetics.com\/hr\/wp-content\/uploads\/2025\/06\/shimmer-tanning-yogurt.jpg","contentUrl":"https:\/\/activeluxe-cosmetics.com\/hr\/wp-content\/uploads\/2025\/06\/shimmer-tanning-yogurt.jpg","width":1104,"height":1326,"caption":"Active Luxe shimmer tanning oil i premium body jogurt"},{"@type":"BreadcrumbList","@id":"https:\/\/activeluxe-cosmetics.com\/hr\/proizvod\/suho-ulje-za-tamnjenje-i-jogurt-za-tijelo\/#breadcrumb","itemListElement":[{"@type":"ListItem","position":1,"name":"Naslovnica","item":"https:\/\/activeluxe-cosmetics.com\/hr\/"},{"@type":"ListItem","position":2,"name":"Trgovina","item":"https:\/\/activeluxe-cosmetics.com\/hr\/trgovina\/"},{"@type":"ListItem","position":3,"name":"Sun Glow Affair: Suho ulje za tamnjenje i jogurt za tijelo"}]},{"@type":"WebSite","@id":"https:\/\/activeluxe-cosmetics.com\/hr\/#website","url":"https:\/\/activeluxe-cosmetics.com\/hr\/","name":"Active Luxe Cosmetics","description":"","potentialAction":[{"@type":"SearchAction","target":{"@type":"EntryPoint","urlTemplate":"https:\/\/activeluxe-cosmetics.com\/hr\/?s={search_term_string}"},"query-input":{"@type":"PropertyValueSpecification","valueRequired":true,"valueName":"search_term_string"}}],"inLanguage":"hr"}]}},"_links":{"self":[{"href":"https:\/\/activeluxe-cosmetics.com\/hr\/wp-json\/wp\/v2\/product\/94874","targetHints":{"allow":["GET"]}}],"collection":[{"href":"https:\/\/activeluxe-cosmetics.com\/hr\/wp-json\/wp\/v2\/product"}],"about":[{"href":"https:\/\/activeluxe-cosmetics.com\/hr\/wp-json\/wp\/v2\/types\/product"}],"replies":[{"embeddable":true,"href":"https:\/\/activeluxe-cosmetics.com\/hr\/wp-json\/wp\/v2\/comments?post=94874"}],"wp:featuredmedia":[{"embeddable":true,"href":"https:\/\/activeluxe-cosmetics.com\/hr\/wp-json\/wp\/v2\/media\/94885"}],"wp:attachment":[{"href":"https:\/\/activeluxe-cosmetics.com\/hr\/wp-json\/wp\/v2\/media?parent=94874"}],"wp:term":[{"taxonomy":"product_brand","embeddable":true,"href":"https:\/\/activeluxe-cosmetics.com\/hr\/wp-json\/wp\/v2\/product_brand?post=94874"},{"taxonomy":"product_cat","embeddable":true,"href":"https:\/\/activeluxe-cosmetics.com\/hr\/wp-json\/wp\/v2\/product_cat?post=94874"},{"taxonomy":"product_tag","embeddable":true,"href":"https:\/\/activeluxe-cosmetics.com\/hr\/wp-json\/wp\/v2\/product_tag?post=94874"}],"curies":[{"name":"wp","href":"https:\/\/api.w.org\/{rel}","templated":true}]}}