{"id":93199,"date":"2025-04-15T20:02:59","date_gmt":"2025-04-15T20:02:59","guid":{"rendered":"https:\/\/activeluxe-cosmetics.com\/hr\/?post_type=product&#038;p=93199"},"modified":"2026-04-15T08:41:08","modified_gmt":"2026-04-15T08:41:08","slug":"rucnik-za-kosu-od-100-mikrovlakana","status":"publish","type":"product","link":"https:\/\/activeluxe-cosmetics.com\/hr\/proizvod\/rucnik-za-kosu-od-100-mikrovlakana\/","title":{"rendered":"Ru\u010dnik za kosu od 100 % mikrovlakana"},"content":{"rendered":"<p><img loading=\"lazy\" decoding=\"async\" class=\"wp-image-93197 size-medium alignright\" src=\"https:\/\/activeluxe-cosmetics.com\/hr\/wp-content\/uploads\/2025\/04\/RD2_8505-Rok-Dezelak_v2-460x553.jpg\" alt=\"\" width=\"460\" height=\"553\" srcset=\"https:\/\/activeluxe-cosmetics.com\/hr\/wp-content\/uploads\/2025\/04\/RD2_8505-Rok-Dezelak_v2-460x553.jpg 460w, https:\/\/activeluxe-cosmetics.com\/hr\/wp-content\/uploads\/2025\/04\/RD2_8505-Rok-Dezelak_v2-853x1024.jpg 853w, https:\/\/activeluxe-cosmetics.com\/hr\/wp-content\/uploads\/2025\/04\/RD2_8505-Rok-Dezelak_v2-768x922.jpg 768w, https:\/\/activeluxe-cosmetics.com\/hr\/wp-content\/uploads\/2025\/04\/RD2_8505-Rok-Dezelak_v2-600x721.jpg 600w, https:\/\/activeluxe-cosmetics.com\/hr\/wp-content\/uploads\/2025\/04\/RD2_8505-Rok-Dezelak_v2.jpg 1104w\" sizes=\"auto, (max-width: 460px) 100vw, 460px\" \/><\/p>\n<h2><span style=\"font-weight: 400;\"><strong>Br\u017ee su\u0161enje <\/strong>koje <\/span><span style=\"font-weight: 400;\">ne o\u0161te\u0107uje t<\/span><span style=\"font-weight: 400;\">voju kosu<\/span><\/h2>\n<p class=\"\" data-start=\"0\" data-end=\"87\">Jesi li i ti umorna od dugog su\u0161enja i razbaru\u0161ene kose nakon upotrebe obi\u010dnog ru\u010dnika?<\/p>\n<p class=\"\" data-start=\"89\" data-end=\"355\">Predstavljamo ti ru\u010dnik za kosu od <strong>100 % mikrovlakana<\/strong> \u2013 mekan, lagan i izuzetno upijaju\u0107i. Dizajniran je tako da nje\u017eno obuhvati tvoju kosu, brzo upije vi\u0161ak vlage i osigura da ti <strong>kosa bude suha br\u017ee nego ikada prije<\/strong> \u2013 bez grubog trljanja i nepotrebnog kidanja kose.<\/p>\n<p class=\"\" data-start=\"357\" data-end=\"529\"><strong>Mikrovlakna (kombinacija poliestera i poliamida)<\/strong> omogu\u0107uju da se kosa su\u0161i prirodno i nje\u017eno, a istovremeno sprje\u010davaju lomljenje, cijepanje vrhova i stati\u010dki elektricitet.<\/p>\n<p class=\"\" data-start=\"531\" data-end=\"634\">Savr\u0161eno rje\u0161enje za sve koji brinemo o zdravlju svoje kose, a ipak \u017eelimo <strong>brzu rutinu nakon tu\u0161iranja<\/strong>.<\/p>\n<h2 style=\"text-align: center; clear: both;\"><\/h2>\n<p>&nbsp;<\/p>\n<p>&nbsp;<\/p>\n<p><img loading=\"lazy\" decoding=\"async\" class=\"wp-image-93200 alignleft\" src=\"https:\/\/activeluxe-cosmetics.com\/hr\/wp-content\/uploads\/2025\/04\/RD2_8267-Rok-Dezelak_v2-460x553.jpg\" alt=\"\" width=\"433\" height=\"521\" srcset=\"https:\/\/activeluxe-cosmetics.com\/hr\/wp-content\/uploads\/2025\/04\/RD2_8267-Rok-Dezelak_v2-460x553.jpg 460w, https:\/\/activeluxe-cosmetics.com\/hr\/wp-content\/uploads\/2025\/04\/RD2_8267-Rok-Dezelak_v2-853x1024.jpg 853w, https:\/\/activeluxe-cosmetics.com\/hr\/wp-content\/uploads\/2025\/04\/RD2_8267-Rok-Dezelak_v2-768x922.jpg 768w, https:\/\/activeluxe-cosmetics.com\/hr\/wp-content\/uploads\/2025\/04\/RD2_8267-Rok-Dezelak_v2-600x721.jpg 600w, https:\/\/activeluxe-cosmetics.com\/hr\/wp-content\/uploads\/2025\/04\/RD2_8267-Rok-Dezelak_v2.jpg 1104w\" sizes=\"auto, (max-width: 433px) 100vw, 433px\" \/><\/p>\n<h2>Tvoj novi <strong>najdra\u017ei beauty saveznik<\/strong><\/h2>\n<p class=\"\" data-start=\"0\" data-end=\"143\">Ru\u010dnik mo\u017ee\u0161 koristiti odmah nakon pranja kose \u2013 sagne\u0161 glavu prema naprijed, zamota\u0161 kosu u ru\u010dnik, zavije\u0161 i pri\u010dvrsti\u0161 s elastikom i gumbom.<\/p>\n<p class=\"\" data-start=\"145\" data-end=\"229\"><strong>Bez zapetljavanja, bez klizanja, samo savr\u0161eno prilago\u0111avanje i maksimalna udobnost.<\/strong><\/p>\n<p class=\"\" data-start=\"231\" data-end=\"385\">Mo\u017ee\u0161 ga koristiti i tijekom beauty rituala \u2013 kada nanosi\u0161 masku, ulja ili druge proizvode za njegu, jednostavno ih zamota\u0161 u ru\u010dnik i nastavi\u0161 s opu\u0161tanjem.<\/p>\n<p class=\"\" data-start=\"387\" data-end=\"477\">Kosa ostaje na mjestu, a toplina poma\u017ee da aktivni sastojci bolje prodru u strukturu kose.<\/p>\n<p class=\"\" data-start=\"479\" data-end=\"638\"><strong>Pogodna je za sve duljine i vrste kose<\/strong> \u2013 od kratke, kovr\u010dave do duge i guste. Tako\u0111er je<strong> pogodna za djecu,<\/strong> jer ima 2 gumba kojima se mo\u017ee prilagoditi veli\u010dina.<\/p>\n<p>&nbsp;<\/p>\n<p>&nbsp;<\/p>\n<p>&nbsp;<\/p>\n<p>&nbsp;<\/p>\n<p>&nbsp;<\/p>\n<p>&nbsp;<\/p>\n<p>&nbsp;<\/p>\n<p>&nbsp;<\/p>\n<p><img loading=\"lazy\" decoding=\"async\" class=\"wp-image-93201 size-medium alignright\" src=\"https:\/\/activeluxe-cosmetics.com\/hr\/wp-content\/uploads\/2025\/04\/RD2_8350-Rok-Dezelak_v2-460x553.jpg\" alt=\"\" width=\"460\" height=\"553\" srcset=\"https:\/\/activeluxe-cosmetics.com\/hr\/wp-content\/uploads\/2025\/04\/RD2_8350-Rok-Dezelak_v2-460x553.jpg 460w, https:\/\/activeluxe-cosmetics.com\/hr\/wp-content\/uploads\/2025\/04\/RD2_8350-Rok-Dezelak_v2-853x1024.jpg 853w, https:\/\/activeluxe-cosmetics.com\/hr\/wp-content\/uploads\/2025\/04\/RD2_8350-Rok-Dezelak_v2-768x922.jpg 768w, https:\/\/activeluxe-cosmetics.com\/hr\/wp-content\/uploads\/2025\/04\/RD2_8350-Rok-Dezelak_v2-600x721.jpg 600w, https:\/\/activeluxe-cosmetics.com\/hr\/wp-content\/uploads\/2025\/04\/RD2_8350-Rok-Dezelak_v2.jpg 1104w\" sizes=\"auto, (max-width: 460px) 100vw, 460px\" \/><\/p>\n<h2><\/h2>\n<h2><\/h2>\n<h2><b>Nje\u017ean prema kosi, strog prema vlazi &#8211; <\/b>dostupan u 3 boje<\/h2>\n<p class=\"\" data-start=\"0\" data-end=\"64\">Ru\u010dnik je dizajniran s pa\u017enjom prema tvojoj kosi i udobnosti.<\/p>\n<p class=\"\" data-start=\"66\" data-end=\"175\">Osim toga, <strong>jednostavan je za odr\u017eavanje<\/strong> \u2013 pere\u0161 ga na 30 \u00b0C, bez izbjeljiva\u010da, peglanja i su\u0161enja.<\/p>\n<p class=\"\" data-start=\"177\" data-end=\"297\">Kako bismo ti pru\u017eili jo\u0161 vi\u0161e, dostupan je u tri predivne boje koje \u0107e upotpuniti tvoju kupaonicu i svakodnevnu rutinu.<\/p>\n<p class=\"\" data-start=\"299\" data-end=\"386\">Neka tvoj sljede\u0107i beauty trenutak bude jo\u0161 ugodniji \u2013<strong> s ru\u010dnikom koji voli tvoju kosu.<\/strong><\/p>\n<p class=\"\" data-start=\"388\" data-end=\"426\">Ru\u010dnik dolazi u simpati\u010dnom pakiranju.<\/p>\n<h3 style=\"clear: both; max-width: 820px;\"><\/h3>\n<p>&nbsp;<\/p>\n<h2><\/h2>\n<p>&nbsp;<\/p>\n<p>&nbsp;<\/p>\n<p>&nbsp;<\/p>\n","protected":false},"excerpt":{"rendered":"<p>Ru\u010dnik za kosu koji upija vi\u0161ak vlage, ubrzava su\u0161enje kose bez trljanja i ne o\u0161te\u0107uje kosu.<\/p>\n","protected":false},"featured_media":93202,"comment_status":"open","ping_status":"closed","template":"","meta":[],"product_brand":[],"product_cat":[53,81],"product_tag":[],"class_list":{"0":"post-93199","1":"product","2":"type-product","3":"status-publish","4":"has-post-thumbnail","6":"product_cat-kosa","7":"product_cat-lice-i-tijelo","9":"first","10":"instock","11":"taxable","12":"shipping-taxable","13":"purchasable","14":"product-type-variable"},"bundled_by":[],"bundle_stock_status":"instock","bundle_stock_quantity":null,"bundle_virtual":false,"bundle_layout":"","bundle_add_to_cart_form_location":"","bundle_editable_in_cart":false,"bundle_sold_individually_context":"","bundle_item_grouping":"","bundle_min_size":"","bundle_max_size":"","bundled_items":[],"acf":[],"yoast_head":"<!-- This site is optimized with the Yoast SEO plugin v26.5 - https:\/\/yoast.com\/wordpress\/plugins\/seo\/ -->\n<title>Ru\u010dnik za kosu od 100 % mikrovlakana - Active Luxe<\/title>\n<meta name=\"description\" content=\"Tvoj novi saveznik za nje\u017eno i u\u010dinkovito su\u0161enje kose. Mekani i super upijaju\u0107i ru\u010dnik koji potpuno upije vi\u0161ak vlage i skra\u0107uje vrijeme su\u0161enja.\" \/>\n<meta name=\"robots\" content=\"index, follow, max-snippet:-1, max-image-preview:large, max-video-preview:-1\" \/>\n<link rel=\"canonical\" href=\"https:\/\/activeluxe-cosmetics.com\/hr\/proizvod\/rucnik-za-kosu-od-100-mikrovlakana\/\" \/>\n<meta property=\"og:locale\" content=\"hr_HR\" \/>\n<meta property=\"og:type\" content=\"article\" \/>\n<meta property=\"og:title\" content=\"Ru\u010dnik za kosu od 100 % mikrovlakana - Active Luxe\" \/>\n<meta property=\"og:description\" content=\"Tvoj novi saveznik za nje\u017eno i u\u010dinkovito su\u0161enje kose. Mekani i super upijaju\u0107i ru\u010dnik koji potpuno upije vi\u0161ak vlage i skra\u0107uje vrijeme su\u0161enja.\" \/>\n<meta property=\"og:url\" content=\"https:\/\/activeluxe-cosmetics.com\/hr\/proizvod\/rucnik-za-kosu-od-100-mikrovlakana\/\" \/>\n<meta property=\"og:site_name\" content=\"Active Luxe Cosmetics\" \/>\n<meta property=\"article:modified_time\" content=\"2026-04-15T08:41:08+00:00\" \/>\n<meta property=\"og:image\" content=\"https:\/\/activeluxe-cosmetics.com\/hr\/wp-content\/uploads\/2025\/04\/01_RD2_SET-1.jpg\" \/>\n\t<meta property=\"og:image:width\" content=\"1104\" \/>\n\t<meta property=\"og:image:height\" content=\"1326\" \/>\n\t<meta property=\"og:image:type\" content=\"image\/jpeg\" \/>\n<meta name=\"twitter:card\" content=\"summary_large_image\" \/>\n<meta name=\"twitter:label1\" content=\"Procijenjeno vrijeme \u010ditanja\" \/>\n\t<meta name=\"twitter:data1\" content=\"3 minute\" \/>\n<script type=\"application\/ld+json\" class=\"yoast-schema-graph\">{\"@context\":\"https:\/\/schema.org\",\"@graph\":[{\"@type\":\"WebPage\",\"@id\":\"https:\/\/activeluxe-cosmetics.com\/hr\/proizvod\/rucnik-za-kosu-od-100-mikrovlakana\/\",\"url\":\"https:\/\/activeluxe-cosmetics.com\/hr\/proizvod\/rucnik-za-kosu-od-100-mikrovlakana\/\",\"name\":\"Ru\u010dnik za kosu od 100 % mikrovlakana - Active Luxe\",\"isPartOf\":{\"@id\":\"https:\/\/activeluxe-cosmetics.com\/hr\/#website\"},\"primaryImageOfPage\":{\"@id\":\"https:\/\/activeluxe-cosmetics.com\/hr\/proizvod\/rucnik-za-kosu-od-100-mikrovlakana\/#primaryimage\"},\"image\":{\"@id\":\"https:\/\/activeluxe-cosmetics.com\/hr\/proizvod\/rucnik-za-kosu-od-100-mikrovlakana\/#primaryimage\"},\"thumbnailUrl\":\"https:\/\/activeluxe-cosmetics.com\/hr\/wp-content\/uploads\/2025\/04\/01_RD2_SET-1.jpg\",\"datePublished\":\"2025-04-15T20:02:59+00:00\",\"dateModified\":\"2026-04-15T08:41:08+00:00\",\"description\":\"Tvoj novi saveznik za nje\u017eno i u\u010dinkovito su\u0161enje kose. Mekani i super upijaju\u0107i ru\u010dnik koji potpuno upije vi\u0161ak vlage i skra\u0107uje vrijeme su\u0161enja.\",\"breadcrumb\":{\"@id\":\"https:\/\/activeluxe-cosmetics.com\/hr\/proizvod\/rucnik-za-kosu-od-100-mikrovlakana\/#breadcrumb\"},\"inLanguage\":\"hr\",\"potentialAction\":[{\"@type\":\"ReadAction\",\"target\":[\"https:\/\/activeluxe-cosmetics.com\/hr\/proizvod\/rucnik-za-kosu-od-100-mikrovlakana\/\"]}]},{\"@type\":\"ImageObject\",\"inLanguage\":\"hr\",\"@id\":\"https:\/\/activeluxe-cosmetics.com\/hr\/proizvod\/rucnik-za-kosu-od-100-mikrovlakana\/#primaryimage\",\"url\":\"https:\/\/activeluxe-cosmetics.com\/hr\/wp-content\/uploads\/2025\/04\/01_RD2_SET-1.jpg\",\"contentUrl\":\"https:\/\/activeluxe-cosmetics.com\/hr\/wp-content\/uploads\/2025\/04\/01_RD2_SET-1.jpg\",\"width\":1104,\"height\":1326},{\"@type\":\"BreadcrumbList\",\"@id\":\"https:\/\/activeluxe-cosmetics.com\/hr\/proizvod\/rucnik-za-kosu-od-100-mikrovlakana\/#breadcrumb\",\"itemListElement\":[{\"@type\":\"ListItem\",\"position\":1,\"name\":\"Naslovnica\",\"item\":\"https:\/\/activeluxe-cosmetics.com\/hr\/\"},{\"@type\":\"ListItem\",\"position\":2,\"name\":\"Trgovina\",\"item\":\"https:\/\/activeluxe-cosmetics.com\/hr\/trgovina\/\"},{\"@type\":\"ListItem\",\"position\":3,\"name\":\"Ru\u010dnik za kosu od 100 % mikrovlakana\"}]},{\"@type\":\"WebSite\",\"@id\":\"https:\/\/activeluxe-cosmetics.com\/hr\/#website\",\"url\":\"https:\/\/activeluxe-cosmetics.com\/hr\/\",\"name\":\"Active Luxe Cosmetics\",\"description\":\"\",\"potentialAction\":[{\"@type\":\"SearchAction\",\"target\":{\"@type\":\"EntryPoint\",\"urlTemplate\":\"https:\/\/activeluxe-cosmetics.com\/hr\/?s={search_term_string}\"},\"query-input\":{\"@type\":\"PropertyValueSpecification\",\"valueRequired\":true,\"valueName\":\"search_term_string\"}}],\"inLanguage\":\"hr\"}]}<\/script>\n<!-- \/ Yoast SEO plugin. -->","yoast_head_json":{"title":"Ru\u010dnik za kosu od 100 % mikrovlakana - Active Luxe","description":"Tvoj novi saveznik za nje\u017eno i u\u010dinkovito su\u0161enje kose. Mekani i super upijaju\u0107i ru\u010dnik koji potpuno upije vi\u0161ak vlage i skra\u0107uje vrijeme su\u0161enja.","robots":{"index":"index","follow":"follow","max-snippet":"max-snippet:-1","max-image-preview":"max-image-preview:large","max-video-preview":"max-video-preview:-1"},"canonical":"https:\/\/activeluxe-cosmetics.com\/hr\/proizvod\/rucnik-za-kosu-od-100-mikrovlakana\/","og_locale":"hr_HR","og_type":"article","og_title":"Ru\u010dnik za kosu od 100 % mikrovlakana - Active Luxe","og_description":"Tvoj novi saveznik za nje\u017eno i u\u010dinkovito su\u0161enje kose. Mekani i super upijaju\u0107i ru\u010dnik koji potpuno upije vi\u0161ak vlage i skra\u0107uje vrijeme su\u0161enja.","og_url":"https:\/\/activeluxe-cosmetics.com\/hr\/proizvod\/rucnik-za-kosu-od-100-mikrovlakana\/","og_site_name":"Active Luxe Cosmetics","article_modified_time":"2026-04-15T08:41:08+00:00","og_image":[{"width":1104,"height":1326,"url":"https:\/\/activeluxe-cosmetics.com\/hr\/wp-content\/uploads\/2025\/04\/01_RD2_SET-1.jpg","type":"image\/jpeg"}],"twitter_card":"summary_large_image","twitter_misc":{"Procijenjeno vrijeme \u010ditanja":"3 minute"},"schema":{"@context":"https:\/\/schema.org","@graph":[{"@type":"WebPage","@id":"https:\/\/activeluxe-cosmetics.com\/hr\/proizvod\/rucnik-za-kosu-od-100-mikrovlakana\/","url":"https:\/\/activeluxe-cosmetics.com\/hr\/proizvod\/rucnik-za-kosu-od-100-mikrovlakana\/","name":"Ru\u010dnik za kosu od 100 % mikrovlakana - Active Luxe","isPartOf":{"@id":"https:\/\/activeluxe-cosmetics.com\/hr\/#website"},"primaryImageOfPage":{"@id":"https:\/\/activeluxe-cosmetics.com\/hr\/proizvod\/rucnik-za-kosu-od-100-mikrovlakana\/#primaryimage"},"image":{"@id":"https:\/\/activeluxe-cosmetics.com\/hr\/proizvod\/rucnik-za-kosu-od-100-mikrovlakana\/#primaryimage"},"thumbnailUrl":"https:\/\/activeluxe-cosmetics.com\/hr\/wp-content\/uploads\/2025\/04\/01_RD2_SET-1.jpg","datePublished":"2025-04-15T20:02:59+00:00","dateModified":"2026-04-15T08:41:08+00:00","description":"Tvoj novi saveznik za nje\u017eno i u\u010dinkovito su\u0161enje kose. Mekani i super upijaju\u0107i ru\u010dnik koji potpuno upije vi\u0161ak vlage i skra\u0107uje vrijeme su\u0161enja.","breadcrumb":{"@id":"https:\/\/activeluxe-cosmetics.com\/hr\/proizvod\/rucnik-za-kosu-od-100-mikrovlakana\/#breadcrumb"},"inLanguage":"hr","potentialAction":[{"@type":"ReadAction","target":["https:\/\/activeluxe-cosmetics.com\/hr\/proizvod\/rucnik-za-kosu-od-100-mikrovlakana\/"]}]},{"@type":"ImageObject","inLanguage":"hr","@id":"https:\/\/activeluxe-cosmetics.com\/hr\/proizvod\/rucnik-za-kosu-od-100-mikrovlakana\/#primaryimage","url":"https:\/\/activeluxe-cosmetics.com\/hr\/wp-content\/uploads\/2025\/04\/01_RD2_SET-1.jpg","contentUrl":"https:\/\/activeluxe-cosmetics.com\/hr\/wp-content\/uploads\/2025\/04\/01_RD2_SET-1.jpg","width":1104,"height":1326},{"@type":"BreadcrumbList","@id":"https:\/\/activeluxe-cosmetics.com\/hr\/proizvod\/rucnik-za-kosu-od-100-mikrovlakana\/#breadcrumb","itemListElement":[{"@type":"ListItem","position":1,"name":"Naslovnica","item":"https:\/\/activeluxe-cosmetics.com\/hr\/"},{"@type":"ListItem","position":2,"name":"Trgovina","item":"https:\/\/activeluxe-cosmetics.com\/hr\/trgovina\/"},{"@type":"ListItem","position":3,"name":"Ru\u010dnik za kosu od 100 % mikrovlakana"}]},{"@type":"WebSite","@id":"https:\/\/activeluxe-cosmetics.com\/hr\/#website","url":"https:\/\/activeluxe-cosmetics.com\/hr\/","name":"Active Luxe Cosmetics","description":"","potentialAction":[{"@type":"SearchAction","target":{"@type":"EntryPoint","urlTemplate":"https:\/\/activeluxe-cosmetics.com\/hr\/?s={search_term_string}"},"query-input":{"@type":"PropertyValueSpecification","valueRequired":true,"valueName":"search_term_string"}}],"inLanguage":"hr"}]}},"_links":{"self":[{"href":"https:\/\/activeluxe-cosmetics.com\/hr\/wp-json\/wp\/v2\/product\/93199","targetHints":{"allow":["GET"]}}],"collection":[{"href":"https:\/\/activeluxe-cosmetics.com\/hr\/wp-json\/wp\/v2\/product"}],"about":[{"href":"https:\/\/activeluxe-cosmetics.com\/hr\/wp-json\/wp\/v2\/types\/product"}],"replies":[{"embeddable":true,"href":"https:\/\/activeluxe-cosmetics.com\/hr\/wp-json\/wp\/v2\/comments?post=93199"}],"wp:featuredmedia":[{"embeddable":true,"href":"https:\/\/activeluxe-cosmetics.com\/hr\/wp-json\/wp\/v2\/media\/93202"}],"wp:attachment":[{"href":"https:\/\/activeluxe-cosmetics.com\/hr\/wp-json\/wp\/v2\/media?parent=93199"}],"wp:term":[{"taxonomy":"product_brand","embeddable":true,"href":"https:\/\/activeluxe-cosmetics.com\/hr\/wp-json\/wp\/v2\/product_brand?post=93199"},{"taxonomy":"product_cat","embeddable":true,"href":"https:\/\/activeluxe-cosmetics.com\/hr\/wp-json\/wp\/v2\/product_cat?post=93199"},{"taxonomy":"product_tag","embeddable":true,"href":"https:\/\/activeluxe-cosmetics.com\/hr\/wp-json\/wp\/v2\/product_tag?post=93199"}],"curies":[{"name":"wp","href":"https:\/\/api.w.org\/{rel}","templated":true}]}}