{"id":90635,"date":"2024-12-30T12:20:52","date_gmt":"2024-12-30T12:20:52","guid":{"rendered":"https:\/\/activeluxe-cosmetics.com\/hr\/?post_type=product&#038;p=90635"},"modified":"2026-04-01T11:34:12","modified_gmt":"2026-04-01T11:34:12","slug":"serum-za-rast-trepavica-6-mjesecni-tretman-besplatna-maskara-po-izboru","status":"publish","type":"product","link":"https:\/\/activeluxe-cosmetics.com\/hr\/proizvod\/serum-za-rast-trepavica-6-mjesecni-tretman-besplatna-maskara-po-izboru\/","title":{"rendered":"BESPLATNA maskara + serum za trepavice, 6-mjese\u010dni tretman"},"content":{"rendered":"<p>&nbsp;<\/p>\n<h2><img loading=\"lazy\" decoding=\"async\" class=\"size-medium wp-image-87279 alignright\" src=\"https:\/\/activeluxe-cosmetics.com\/hr\/wp-content\/uploads\/2024\/09\/Izdelek-brez-naslova-34-819x1024-1-460x575.png\" alt=\"\" width=\"460\" height=\"575\" srcset=\"https:\/\/activeluxe-cosmetics.com\/hr\/wp-content\/uploads\/2024\/09\/Izdelek-brez-naslova-34-819x1024-1-460x575.png 460w, https:\/\/activeluxe-cosmetics.com\/hr\/wp-content\/uploads\/2024\/09\/Izdelek-brez-naslova-34-819x1024-1-768x960.png 768w, https:\/\/activeluxe-cosmetics.com\/hr\/wp-content\/uploads\/2024\/09\/Izdelek-brez-naslova-34-819x1024-1-600x750.png 600w, https:\/\/activeluxe-cosmetics.com\/hr\/wp-content\/uploads\/2024\/09\/Izdelek-brez-naslova-34-819x1024-1.png 819w\" sizes=\"auto, (max-width: 460px) 100vw, 460px\" \/>Serum za trepavice tako <strong>duge da dose\u017eu pogled<\/strong><\/h2>\n<p>U ovom setu dobiva\u0161<b>:<\/b><\/p>\n<ul>\n<li><strong>20% sni\u017eeni serum za rast trepavica za 6-mjese\u010dnu upotrebu<\/strong> (sadr\u017ei 3 ml teku\u0107ine)<\/li>\n<li><strong>BESPLATNU maskaru<\/strong> po izboru u vrijednosti od 20,95 eura.<\/li>\n<\/ul>\n<p>Vi\u0161e od <strong>400.000 zadovoljnih korisnica <\/strong>potvr\u0111uje opipljive rezultate <strong>ve\u0107 nakon 2 tjedna <\/strong>kori\u0161tenja seruma. Trepavice postaju du\u017ee, gu\u0161\u0107e, tamnije i uvijenije. Tvoj pogled \u0107e biti prodoran i zavodljiv<\/p>\n<ul>\n<li><strong>Do 50 % du\u017ee i gu\u0161\u0107e<\/strong> trepavice u 14 dana<\/li>\n<li><strong>Do 100 % du\u017ee i gu\u0161\u0107e<\/strong> trepavice po zaklju\u010denom tretmanu<\/li>\n<li><span data-sheets-root=\"1\" data-sheets-value=\"{&quot;1&quot;:2,&quot;2&quot;:&quot;Do 100 % temnej\u0161e trepalnice&quot;}\" data-sheets-userformat=\"{&quot;2&quot;:14979,&quot;3&quot;:{&quot;1&quot;:0},&quot;4&quot;:{&quot;1&quot;:2,&quot;2&quot;:16777215},&quot;10&quot;:0,&quot;12&quot;:0,&quot;14&quot;:{&quot;1&quot;:2,&quot;2&quot;:0},&quot;15&quot;:&quot;Arial, sans-serif&quot;,&quot;16&quot;:10}\" data-sheets-textstyleruns=\"{&quot;1&quot;:0,&quot;2&quot;:{&quot;2&quot;:{&quot;1&quot;:2,&quot;2&quot;:10027263}}}\uee10{&quot;1&quot;:1}\"><strong>Do 100 % tamnije <\/strong>trepavice<\/span><\/li>\n<li><span data-sheets-root=\"1\" data-sheets-value=\"{&quot;1&quot;:2,&quot;2&quot;:&quot;Do 73 % bolj privihane trepalnice&quot;}\" data-sheets-userformat=\"{&quot;2&quot;:897,&quot;3&quot;:{&quot;1&quot;:0},&quot;10&quot;:0,&quot;11&quot;:4,&quot;12&quot;:0}\" data-sheets-textstyleruns=\"{&quot;1&quot;:0,&quot;2&quot;:{&quot;2&quot;:{&quot;1&quot;:2,&quot;2&quot;:10027263}}}\uee10{&quot;1&quot;:1}\"><strong>Do 73 % uvijenije <\/strong>trepavice<\/span><\/li>\n<\/ul>\n<h3 style=\"clear: both;\"><\/h3>\n<p><img loading=\"lazy\" decoding=\"async\" class=\"size-medium wp-image-90637 alignleft\" src=\"https:\/\/activeluxe-cosmetics.com\/hr\/wp-content\/uploads\/2024\/12\/Izdelek-brez-naslova-1-1-1-460x575.png\" alt=\"\" width=\"460\" height=\"575\" srcset=\"https:\/\/activeluxe-cosmetics.com\/hr\/wp-content\/uploads\/2024\/12\/Izdelek-brez-naslova-1-1-1-460x575.png 460w, https:\/\/activeluxe-cosmetics.com\/hr\/wp-content\/uploads\/2024\/12\/Izdelek-brez-naslova-1-1-1-819x1024.png 819w, https:\/\/activeluxe-cosmetics.com\/hr\/wp-content\/uploads\/2024\/12\/Izdelek-brez-naslova-1-1-1-768x960.png 768w, https:\/\/activeluxe-cosmetics.com\/hr\/wp-content\/uploads\/2024\/12\/Izdelek-brez-naslova-1-1-1-600x750.png 600w, https:\/\/activeluxe-cosmetics.com\/hr\/wp-content\/uploads\/2024\/12\/Izdelek-brez-naslova-1-1-1.png 1080w\" sizes=\"auto, (max-width: 460px) 100vw, 460px\" \/><\/p>\n<h2>Odaberi maskaru koja <strong>najbolje odgovara tvojim trepavicama<\/strong><\/h2>\n<p>U ovom paketu mo\u017ee\u0161 odabrati jednu od na\u0161e<strong> tri najpopularnije maskare.<\/strong><\/p>\n<ul>\n<li>Najnovija <strong>Define Lash maskara<\/strong> sa svojom \u010detkicom sto\u017eastog oblika omogu\u0107uje jednostavno nano\u0161enje i savr\u0161enu definiciju \u010dak i najkra\u0107ih trepavica u kutovima o\u010diju. Trepavice \u0107e izgledati poput snova \u2013<strong> duge, voluminozne i savr\u0161eno definirane.<\/strong><\/li>\n<li><strong>Infinity Lash maskara<\/strong> ima \u010detkicu u obliku pje\u0161\u010danog sata, koja uvija trepavice i otvara pogled. Sredi\u0161nji dio \u010detkice obuhva\u0107a trepavice u sredini oka, stvaraju\u0107i ujedna\u010den i prirodan izgled trepavica. Trepavicama daje <strong>dramati\u010dan volumen.<\/strong><\/li>\n<li><strong>Glamour Lash maskara<\/strong> za bezvremenski volumen i iznimnu duljinu. Prednost Glamour Lash maskare su mekane sinteti\u010dke \u010detkice razli\u010ditih duljina koje dose\u017eu i isti\u010du sve trepavice, \u010dak i one male u kutovima kapaka. Rezultat nano\u0161enja je <strong>glamurozan volumen i zapanjuju\u0107a duljina trepavica.<\/strong><\/li>\n<\/ul>\n<h4 style=\"clear: both; max-width: 820px; text-align: center;\"><strong>\u201cPotvrdili smo nedvojben i jasan u\u010dinak kozmeti\u010dkog proizvoda Active Luxe Lash na rast trepavica. <span class=\"Y2IQFc\" lang=\"hr\">Sudionici u studijskoj skupini imali su pove\u0107anje duljine trepavica za 2,6 mm (39%). Razlika u porastu duljine trepavica je statisti\u010dki zna\u010dajna od 2. tjedna kori\u0161tenja seruma. Kod jedne od sudionica postigli smo najve\u0107i rast &#8211; u 2 tjedna duljina njenih trepavica porasla je za \u010dak 50%, a nakon 13 tjedana za \u010dak 100%<\/span>&#8220;<\/strong><\/h4>\n<div style=\"display: flex; align-items: center; gap: 20px; flex-wrap: wrap;\">\n<p style=\"text-align: center;\"><strong><img loading=\"lazy\" decoding=\"async\" class=\"size-full wp-image-72610\" src=\"https:\/\/cdn.activeluxe-cosmetics.com\/sl\/wp-content\/uploads\/2024\/01\/28150043\/Mask-group-1.png\" alt=\"\" width=\"83\" height=\"83\" \/><\/strong><\/p>\n<p style=\"max-width: 360px; text-align: center;\"><strong>Tako je u svojoj neovisnoj studiji zabilje\u017eio slovenski oftalmolog dr. Beltram, koji je dokazao u\u010dinkovitost seruma.<\/strong><\/p>\n<\/div>\n","protected":false},"excerpt":{"rendered":"<p class=\"p1\">Serum za rast trepavica za 6 mjeseci kori\u0161tenja (20% jeftinije) + GRATIS maskara po izboru.<\/p>\n","protected":false},"featured_media":91022,"comment_status":"open","ping_status":"closed","template":"","meta":[],"product_brand":[],"product_cat":[48,76],"product_tag":[],"class_list":{"0":"post-90635","1":"product","2":"type-product","3":"status-publish","4":"has-post-thumbnail","6":"product_cat-trepavice","7":"product_cat-serumi","9":"first","10":"instock","11":"sale","12":"taxable","13":"shipping-taxable","14":"purchasable","15":"product-type-variable"},"bundled_by":[],"bundle_stock_status":"instock","bundle_stock_quantity":null,"bundle_virtual":false,"bundle_layout":"","bundle_add_to_cart_form_location":"","bundle_editable_in_cart":false,"bundle_sold_individually_context":"","bundle_item_grouping":"","bundle_min_size":"","bundle_max_size":"","bundled_items":[],"acf":[],"yoast_head":"<!-- This site is optimized with the Yoast SEO plugin v26.5 - https:\/\/yoast.com\/wordpress\/plugins\/seo\/ -->\n<title>Active Luxe serum za rast trepavica + maskara po izboru<\/title>\n<meta name=\"description\" content=\"U\u0161tedi 20% pri kupnji seruma za rast trepavica i odaberi maskaru po \u017eelji. Serum za rast trepavica odu\u0161evio je ve\u0107 vi\u0161e od 200.000 zadovoljnih korisnica.\" \/>\n<meta name=\"robots\" content=\"index, follow, max-snippet:-1, max-image-preview:large, max-video-preview:-1\" \/>\n<link rel=\"canonical\" href=\"https:\/\/activeluxe-cosmetics.com\/hr\/proizvod\/serum-za-rast-trepavica-6-mjesecni-tretman-besplatna-maskara-po-izboru\/\" \/>\n<meta property=\"og:locale\" content=\"hr_HR\" \/>\n<meta property=\"og:type\" content=\"article\" \/>\n<meta property=\"og:title\" content=\"Active Luxe serum za rast trepavica + maskara po izboru\" \/>\n<meta property=\"og:description\" content=\"U\u0161tedi 20% pri kupnji seruma za rast trepavica i odaberi maskaru po \u017eelji. Serum za rast trepavica odu\u0161evio je ve\u0107 vi\u0161e od 200.000 zadovoljnih korisnica.\" \/>\n<meta property=\"og:url\" content=\"https:\/\/activeluxe-cosmetics.com\/hr\/proizvod\/serum-za-rast-trepavica-6-mjesecni-tretman-besplatna-maskara-po-izboru\/\" \/>\n<meta property=\"og:site_name\" content=\"Active Luxe Cosmetics\" \/>\n<meta property=\"article:modified_time\" content=\"2026-04-01T11:34:12+00:00\" \/>\n<meta property=\"og:image\" content=\"https:\/\/activeluxe-cosmetics.com\/hr\/wp-content\/uploads\/2024\/12\/51_BundleLashSerumMascara_v2.jpg\" \/>\n\t<meta property=\"og:image:width\" content=\"1104\" \/>\n\t<meta property=\"og:image:height\" content=\"1326\" \/>\n\t<meta property=\"og:image:type\" content=\"image\/jpeg\" \/>\n<meta name=\"twitter:card\" content=\"summary_large_image\" \/>\n<meta name=\"twitter:label1\" content=\"Procijenjeno vrijeme \u010ditanja\" \/>\n\t<meta name=\"twitter:data1\" content=\"3 minute\" \/>\n<script type=\"application\/ld+json\" class=\"yoast-schema-graph\">{\"@context\":\"https:\/\/schema.org\",\"@graph\":[{\"@type\":\"WebPage\",\"@id\":\"https:\/\/activeluxe-cosmetics.com\/hr\/proizvod\/serum-za-rast-trepavica-6-mjesecni-tretman-besplatna-maskara-po-izboru\/\",\"url\":\"https:\/\/activeluxe-cosmetics.com\/hr\/proizvod\/serum-za-rast-trepavica-6-mjesecni-tretman-besplatna-maskara-po-izboru\/\",\"name\":\"Active Luxe serum za rast trepavica + maskara po izboru\",\"isPartOf\":{\"@id\":\"https:\/\/activeluxe-cosmetics.com\/hr\/#website\"},\"primaryImageOfPage\":{\"@id\":\"https:\/\/activeluxe-cosmetics.com\/hr\/proizvod\/serum-za-rast-trepavica-6-mjesecni-tretman-besplatna-maskara-po-izboru\/#primaryimage\"},\"image\":{\"@id\":\"https:\/\/activeluxe-cosmetics.com\/hr\/proizvod\/serum-za-rast-trepavica-6-mjesecni-tretman-besplatna-maskara-po-izboru\/#primaryimage\"},\"thumbnailUrl\":\"https:\/\/activeluxe-cosmetics.com\/hr\/wp-content\/uploads\/2024\/12\/51_BundleLashSerumMascara_v2.jpg\",\"datePublished\":\"2024-12-30T12:20:52+00:00\",\"dateModified\":\"2026-04-01T11:34:12+00:00\",\"description\":\"U\u0161tedi 20% pri kupnji seruma za rast trepavica i odaberi maskaru po \u017eelji. Serum za rast trepavica odu\u0161evio je ve\u0107 vi\u0161e od 200.000 zadovoljnih korisnica.\",\"breadcrumb\":{\"@id\":\"https:\/\/activeluxe-cosmetics.com\/hr\/proizvod\/serum-za-rast-trepavica-6-mjesecni-tretman-besplatna-maskara-po-izboru\/#breadcrumb\"},\"inLanguage\":\"hr\",\"potentialAction\":[{\"@type\":\"ReadAction\",\"target\":[\"https:\/\/activeluxe-cosmetics.com\/hr\/proizvod\/serum-za-rast-trepavica-6-mjesecni-tretman-besplatna-maskara-po-izboru\/\"]}]},{\"@type\":\"ImageObject\",\"inLanguage\":\"hr\",\"@id\":\"https:\/\/activeluxe-cosmetics.com\/hr\/proizvod\/serum-za-rast-trepavica-6-mjesecni-tretman-besplatna-maskara-po-izboru\/#primaryimage\",\"url\":\"https:\/\/activeluxe-cosmetics.com\/hr\/wp-content\/uploads\/2024\/12\/51_BundleLashSerumMascara_v2.jpg\",\"contentUrl\":\"https:\/\/activeluxe-cosmetics.com\/hr\/wp-content\/uploads\/2024\/12\/51_BundleLashSerumMascara_v2.jpg\",\"width\":1104,\"height\":1326},{\"@type\":\"BreadcrumbList\",\"@id\":\"https:\/\/activeluxe-cosmetics.com\/hr\/proizvod\/serum-za-rast-trepavica-6-mjesecni-tretman-besplatna-maskara-po-izboru\/#breadcrumb\",\"itemListElement\":[{\"@type\":\"ListItem\",\"position\":1,\"name\":\"Naslovnica\",\"item\":\"https:\/\/activeluxe-cosmetics.com\/hr\/\"},{\"@type\":\"ListItem\",\"position\":2,\"name\":\"Trgovina\",\"item\":\"https:\/\/activeluxe-cosmetics.com\/hr\/trgovina\/\"},{\"@type\":\"ListItem\",\"position\":3,\"name\":\"BESPLATNA maskara + serum za trepavice, 6-mjese\u010dni tretman\"}]},{\"@type\":\"WebSite\",\"@id\":\"https:\/\/activeluxe-cosmetics.com\/hr\/#website\",\"url\":\"https:\/\/activeluxe-cosmetics.com\/hr\/\",\"name\":\"Active Luxe Cosmetics\",\"description\":\"\",\"potentialAction\":[{\"@type\":\"SearchAction\",\"target\":{\"@type\":\"EntryPoint\",\"urlTemplate\":\"https:\/\/activeluxe-cosmetics.com\/hr\/?s={search_term_string}\"},\"query-input\":{\"@type\":\"PropertyValueSpecification\",\"valueRequired\":true,\"valueName\":\"search_term_string\"}}],\"inLanguage\":\"hr\"}]}<\/script>\n<!-- \/ Yoast SEO plugin. -->","yoast_head_json":{"title":"Active Luxe serum za rast trepavica + maskara po izboru","description":"U\u0161tedi 20% pri kupnji seruma za rast trepavica i odaberi maskaru po \u017eelji. Serum za rast trepavica odu\u0161evio je ve\u0107 vi\u0161e od 200.000 zadovoljnih korisnica.","robots":{"index":"index","follow":"follow","max-snippet":"max-snippet:-1","max-image-preview":"max-image-preview:large","max-video-preview":"max-video-preview:-1"},"canonical":"https:\/\/activeluxe-cosmetics.com\/hr\/proizvod\/serum-za-rast-trepavica-6-mjesecni-tretman-besplatna-maskara-po-izboru\/","og_locale":"hr_HR","og_type":"article","og_title":"Active Luxe serum za rast trepavica + maskara po izboru","og_description":"U\u0161tedi 20% pri kupnji seruma za rast trepavica i odaberi maskaru po \u017eelji. Serum za rast trepavica odu\u0161evio je ve\u0107 vi\u0161e od 200.000 zadovoljnih korisnica.","og_url":"https:\/\/activeluxe-cosmetics.com\/hr\/proizvod\/serum-za-rast-trepavica-6-mjesecni-tretman-besplatna-maskara-po-izboru\/","og_site_name":"Active Luxe Cosmetics","article_modified_time":"2026-04-01T11:34:12+00:00","og_image":[{"width":1104,"height":1326,"url":"https:\/\/activeluxe-cosmetics.com\/hr\/wp-content\/uploads\/2024\/12\/51_BundleLashSerumMascara_v2.jpg","type":"image\/jpeg"}],"twitter_card":"summary_large_image","twitter_misc":{"Procijenjeno vrijeme \u010ditanja":"3 minute"},"schema":{"@context":"https:\/\/schema.org","@graph":[{"@type":"WebPage","@id":"https:\/\/activeluxe-cosmetics.com\/hr\/proizvod\/serum-za-rast-trepavica-6-mjesecni-tretman-besplatna-maskara-po-izboru\/","url":"https:\/\/activeluxe-cosmetics.com\/hr\/proizvod\/serum-za-rast-trepavica-6-mjesecni-tretman-besplatna-maskara-po-izboru\/","name":"Active Luxe serum za rast trepavica + maskara po izboru","isPartOf":{"@id":"https:\/\/activeluxe-cosmetics.com\/hr\/#website"},"primaryImageOfPage":{"@id":"https:\/\/activeluxe-cosmetics.com\/hr\/proizvod\/serum-za-rast-trepavica-6-mjesecni-tretman-besplatna-maskara-po-izboru\/#primaryimage"},"image":{"@id":"https:\/\/activeluxe-cosmetics.com\/hr\/proizvod\/serum-za-rast-trepavica-6-mjesecni-tretman-besplatna-maskara-po-izboru\/#primaryimage"},"thumbnailUrl":"https:\/\/activeluxe-cosmetics.com\/hr\/wp-content\/uploads\/2024\/12\/51_BundleLashSerumMascara_v2.jpg","datePublished":"2024-12-30T12:20:52+00:00","dateModified":"2026-04-01T11:34:12+00:00","description":"U\u0161tedi 20% pri kupnji seruma za rast trepavica i odaberi maskaru po \u017eelji. Serum za rast trepavica odu\u0161evio je ve\u0107 vi\u0161e od 200.000 zadovoljnih korisnica.","breadcrumb":{"@id":"https:\/\/activeluxe-cosmetics.com\/hr\/proizvod\/serum-za-rast-trepavica-6-mjesecni-tretman-besplatna-maskara-po-izboru\/#breadcrumb"},"inLanguage":"hr","potentialAction":[{"@type":"ReadAction","target":["https:\/\/activeluxe-cosmetics.com\/hr\/proizvod\/serum-za-rast-trepavica-6-mjesecni-tretman-besplatna-maskara-po-izboru\/"]}]},{"@type":"ImageObject","inLanguage":"hr","@id":"https:\/\/activeluxe-cosmetics.com\/hr\/proizvod\/serum-za-rast-trepavica-6-mjesecni-tretman-besplatna-maskara-po-izboru\/#primaryimage","url":"https:\/\/activeluxe-cosmetics.com\/hr\/wp-content\/uploads\/2024\/12\/51_BundleLashSerumMascara_v2.jpg","contentUrl":"https:\/\/activeluxe-cosmetics.com\/hr\/wp-content\/uploads\/2024\/12\/51_BundleLashSerumMascara_v2.jpg","width":1104,"height":1326},{"@type":"BreadcrumbList","@id":"https:\/\/activeluxe-cosmetics.com\/hr\/proizvod\/serum-za-rast-trepavica-6-mjesecni-tretman-besplatna-maskara-po-izboru\/#breadcrumb","itemListElement":[{"@type":"ListItem","position":1,"name":"Naslovnica","item":"https:\/\/activeluxe-cosmetics.com\/hr\/"},{"@type":"ListItem","position":2,"name":"Trgovina","item":"https:\/\/activeluxe-cosmetics.com\/hr\/trgovina\/"},{"@type":"ListItem","position":3,"name":"BESPLATNA maskara + serum za trepavice, 6-mjese\u010dni tretman"}]},{"@type":"WebSite","@id":"https:\/\/activeluxe-cosmetics.com\/hr\/#website","url":"https:\/\/activeluxe-cosmetics.com\/hr\/","name":"Active Luxe Cosmetics","description":"","potentialAction":[{"@type":"SearchAction","target":{"@type":"EntryPoint","urlTemplate":"https:\/\/activeluxe-cosmetics.com\/hr\/?s={search_term_string}"},"query-input":{"@type":"PropertyValueSpecification","valueRequired":true,"valueName":"search_term_string"}}],"inLanguage":"hr"}]}},"_links":{"self":[{"href":"https:\/\/activeluxe-cosmetics.com\/hr\/wp-json\/wp\/v2\/product\/90635","targetHints":{"allow":["GET"]}}],"collection":[{"href":"https:\/\/activeluxe-cosmetics.com\/hr\/wp-json\/wp\/v2\/product"}],"about":[{"href":"https:\/\/activeluxe-cosmetics.com\/hr\/wp-json\/wp\/v2\/types\/product"}],"replies":[{"embeddable":true,"href":"https:\/\/activeluxe-cosmetics.com\/hr\/wp-json\/wp\/v2\/comments?post=90635"}],"wp:featuredmedia":[{"embeddable":true,"href":"https:\/\/activeluxe-cosmetics.com\/hr\/wp-json\/wp\/v2\/media\/91022"}],"wp:attachment":[{"href":"https:\/\/activeluxe-cosmetics.com\/hr\/wp-json\/wp\/v2\/media?parent=90635"}],"wp:term":[{"taxonomy":"product_brand","embeddable":true,"href":"https:\/\/activeluxe-cosmetics.com\/hr\/wp-json\/wp\/v2\/product_brand?post=90635"},{"taxonomy":"product_cat","embeddable":true,"href":"https:\/\/activeluxe-cosmetics.com\/hr\/wp-json\/wp\/v2\/product_cat?post=90635"},{"taxonomy":"product_tag","embeddable":true,"href":"https:\/\/activeluxe-cosmetics.com\/hr\/wp-json\/wp\/v2\/product_tag?post=90635"}],"curies":[{"name":"wp","href":"https:\/\/api.w.org\/{rel}","templated":true}]}}